{"id":82545,"date":"2024-01-17T09:08:31","date_gmt":"2024-01-17T08:08:31","guid":{"rendered":"https:\/\/pistonaddict.com\/product\/mg-coupe\/"},"modified":"2024-05-29T10:46:20","modified_gmt":"2024-05-29T08:46:20","slug":"mg-a-coupe","status":"publish","type":"product","link":"https:\/\/pistonaddict.com\/hr\/product\/mg-a-coupe\/","title":{"rendered":"MG Coupe"},"content":{"rendered":"<p><strong>Povijest automobila<\/strong><\/p>\n<p>Iako je MG sada u vlasni\u0161tvu Kineza i prodaje niz dosadnih SUV-ova, ova \u0107e marka zauvijek biti sinonim za kupee i roadstere koji su bili Mazda Miata svog vremena. Mali, okretni, brzi i zabavni, MG-ovi iz tog doba jo\u0161 uvijek dobro odjekuju me\u0111u entuzijastima diljem svijeta. S motorima s visokim brojem okretaja, pogonom na stra\u017enje kota\u010de, preciznim upravljanjem i \u017eivahnim performansama, MG je stvarno pokrenuo cijelu scenu pristupa\u010dnih sportskih automobila \u010dak i prije Drugog svjetskog rata. Me\u0111utim, kada je MG A stigao 1955., bio je to vrhunski model, ne samo zbog svog izgleda ve\u0107 i zbog svoje tehnologije. Uspio se prili\u010dno dobro prodati u Americi, daju\u0107i tvrtki poticaj za mnoge naredne modele. Kombinacija prekrasnog izgleda s uspjehom u motosportu bila je pobjedni\u010dka formula za MG A, \u0161to ga \u010dini tako posebnim i po\u017eeljnim. Ovaj konkretni primjerak proizveden je 1959. godine, a rije\u010d je o modelu druge serije s sna\u017enijim motorom od 1600 ccm i 80 KS. Bila je to zna\u010dajna brojka za tada\u0161nje standarde, a s malim 4-stupanjskim ru\u010dnim mjenja\u010dem vi\u0161e je nego sposoban pru\u017eiti isto uzbu\u0111enje danas kao i prije svih tih godina. Poznato je da MG A 1600 ima prednje disk ko\u010dnice, vrlo naprednu tehnologiju za 1959. Ovaj konkretni primjerak jedan je od samo 31.000 proizvedenih izme\u0111u 1959. i 1962. kada je proizvodnja MG A zavr\u0161ila.<\/p>\n<p><strong>Unutra\u0161njost<\/strong><\/p>\n<p>Zavr\u0161ena u crvenoj ko\u017ei, unutra\u0161njost ovog 1959 MG A Coupe 1600 je u idealnom stanju. Uz sve u ispravnom stanju i taman dovoljno patine da bude tako \u0161armantan, njegova sjedala su odli\u010dno mjesto za u\u017eivanje u ovom automobilu. Iako ne mo\u017eemo govoriti o modernim zna\u010dajkama u vozilu starom 65 godina, tu su \u0161armantni analogni broj\u010danici i grija\u010d, koji bi se nekada smatrali vrhunskom opremom. Sigurnosni pojasevi su radi sigurnosti i upotrebljivosti nadogra\u0111eni na modernije pojaseve u tri to\u010dke.<\/p>\n<p><strong>Uvjet<\/strong><\/p>\n<p>Sa samo 51.824 kilometra od novog (vjeruje se da je originalni), ovaj MG A bio je predmet pa\u017eljivog i laganog restauriranja nekada u pro\u0161losti (vodena pumpa, stra\u017enje ko\u010dnice i karburator promijenjeni su 2022.). Sre\u0107om, svaki detalj je pa\u017eljivo restauriran, a automobil je u vrlo ispravnom stanju bez hr\u0111e, potpuno je ispravan i nema mehani\u010dkih problema. Prodavatelj je nedavno nabavio vozilo i obavio redovno odr\u017eavanje krajem 2023., a ko\u010dnice su remontirane prije samo nekoliko dana u sije\u010dnju 2024.<\/p>\n<p><strong>Vanjski izgled i kota\u010di<\/strong><\/p>\n<p>Klasi\u010dna crna boja je u pristojnom stanju, bez tragova i ve\u0107ih ogrebotina. Sav krom (koji je vrlo va\u017ean u klasi\u010dnim automobilima kao \u0161to je ovaj) je u savr\u0161enom obliku, uklju\u010duju\u0107i re\u0161etku, odbojnike i obloge. Kombinacija crne vanj\u0161tine\/crvene unutra\u0161njosti je upe\u010datljiva i nagla\u0161ava linije automobila. Originalni kota\u010di od 15 in\u010da omotani su potpuno novom gumom, \u0161to ovaj automobil \u010dini potpuno spremnim za sljede\u0107eg vlasnika i vikend vo\u017enje ovog ljeta.<\/p>\n<p><strong>Dokumentacija<\/strong><\/p>\n<p>Trgovac prodaje ovo vozilo s odgovaraju\u0107om dokumentacijom (svi ra\u010duni, ovjerena kopija britanske zaklade motorne industrije i korisni\u010dki priru\u010dnik) koja se nalazi u \u0160panjolskoj. Budu\u0107i da ovaj automobil potje\u010de iz 1959., nema izvje\u0161\u0107a CarFaxa, ali nema dokaza o nesre\u0107ama, popravcima nesre\u0107e, vlasni\u0161tvu ili pravnim problemima. Postoje evidencije redovnog odr\u017eavanja i primitaka.<br \/>\n<strong>\u0160panjolski MOT (ITV) usvojen i vrijedi do kolovoza 2028.<\/strong><\/p>\n<p><strong>Pogledajte videozapis hladnog pokretanja ovog prekrasnog MG A Coupea:<\/strong><\/p>\n<p><iframe title=\"Cold Start Video of MGA coupe\" width=\"1200\" height=\"675\" src=\"https:\/\/www.youtube.com\/embed\/IaLRg9Rs9iY?feature=oembed\" frameborder=\"0\" allow=\"accelerometer; autoplay; clipboard-write; encrypted-media; gyroscope; picture-in-picture; web-share\" allowfullscreen><\/iframe><\/p>\n","protected":false},"excerpt":{"rendered":"<p>Ako \u017eelimo istra\u017eiti genezu modernih sportskih automobila, trebali bismo po\u010deti s legendarnim MG A. S aerodinami\u010dnom karoserijom, brzim motorima, izvrsnim performansama (za to razdoblje) i pristupa\u010dnom cijenom, ovaj je sportski automobil napravio revoluciju u segmentu. Ostao je jedan od najva\u017enijih britanskih kupea svih vremena.<\/p>\n","protected":false},"featured_media":81137,"comment_status":"open","ping_status":"closed","template":"","meta":{"inline_featured_image":false},"product_cat":[722],"product_tag":[2853,2852,1000],"acf":[],"yoast_head":"<!-- This site is optimized with the Yoast SEO plugin v22.5 - https:\/\/yoast.com\/wordpress\/plugins\/seo\/ -->\n<title>MG Coupe - Piston Addict<\/title>\n<meta name=\"robots\" content=\"index, follow, max-snippet:-1, max-image-preview:large, max-video-preview:-1\" \/>\n<link rel=\"canonical\" href=\"https:\/\/pistonaddict.com\/hr\/product\/mg-a-coupe\/\" \/>\n<meta property=\"og:locale\" content=\"hr_HR\" \/>\n<meta property=\"og:type\" content=\"article\" \/>\n<meta property=\"og:title\" content=\"MG Coupe - Piston Addict\" \/>\n<meta property=\"og:description\" content=\"Ako \u017eelimo istra\u017eiti genezu modernih sportskih automobila, trebali bismo po\u010deti s legendarnim MG A. S aerodinami\u010dnom karoserijom, brzim motorima, izvrsnim performansama (za to razdoblje) i pristupa\u010dnom cijenom, ovaj je sportski automobil napravio revoluciju u segmentu. Ostao je jedan od najva\u017enijih britanskih kupea svih vremena.\" \/>\n<meta property=\"og:url\" content=\"https:\/\/pistonaddict.com\/hr\/product\/mg-a-coupe\/\" \/>\n<meta property=\"og:site_name\" content=\"Piston Addict\" \/>\n<meta property=\"article:modified_time\" content=\"2024-05-29T08:46:20+00:00\" \/>\n<meta property=\"og:image\" content=\"https:\/\/pistonaddict.com\/wp-content\/uploads\/2024\/01\/IMG-20231031-WA0006.jpg\" \/>\n\t<meta property=\"og:image:width\" content=\"1600\" \/>\n\t<meta property=\"og:image:height\" content=\"1200\" \/>\n\t<meta property=\"og:image:type\" content=\"image\/jpeg\" \/>\n<meta name=\"twitter:card\" content=\"summary_large_image\" \/>\n<meta name=\"twitter:label1\" content=\"Procijenjeno vrijeme \u010ditanja\" \/>\n\t<meta name=\"twitter:data1\" content=\"3 minute\" \/>\n<script type=\"application\/ld+json\" class=\"yoast-schema-graph\">{\"@context\":\"https:\/\/schema.org\",\"@graph\":[{\"@type\":\"WebPage\",\"@id\":\"https:\/\/pistonaddict.com\/hr\/product\/mg-a-coupe\/\",\"url\":\"https:\/\/pistonaddict.com\/hr\/product\/mg-a-coupe\/\",\"name\":\"MG Coupe - Piston Addict\",\"isPartOf\":{\"@id\":\"https:\/\/pistonaddict.com\/hr\/#website\"},\"primaryImageOfPage\":{\"@id\":\"https:\/\/pistonaddict.com\/hr\/product\/mg-a-coupe\/#primaryimage\"},\"image\":{\"@id\":\"https:\/\/pistonaddict.com\/hr\/product\/mg-a-coupe\/#primaryimage\"},\"thumbnailUrl\":\"https:\/\/pistonaddict.com\/wp-content\/uploads\/2024\/01\/IMG-20231031-WA0006.jpg\",\"datePublished\":\"2024-01-17T08:08:31+00:00\",\"dateModified\":\"2024-05-29T08:46:20+00:00\",\"breadcrumb\":{\"@id\":\"https:\/\/pistonaddict.com\/hr\/product\/mg-a-coupe\/#breadcrumb\"},\"inLanguage\":\"hr\",\"potentialAction\":[{\"@type\":\"ReadAction\",\"target\":[\"https:\/\/pistonaddict.com\/hr\/product\/mg-a-coupe\/\"]}]},{\"@type\":\"ImageObject\",\"inLanguage\":\"hr\",\"@id\":\"https:\/\/pistonaddict.com\/hr\/product\/mg-a-coupe\/#primaryimage\",\"url\":\"https:\/\/pistonaddict.com\/wp-content\/uploads\/2024\/01\/IMG-20231031-WA0006.jpg\",\"contentUrl\":\"https:\/\/pistonaddict.com\/wp-content\/uploads\/2024\/01\/IMG-20231031-WA0006.jpg\",\"width\":1600,\"height\":1200},{\"@type\":\"BreadcrumbList\",\"@id\":\"https:\/\/pistonaddict.com\/hr\/product\/mg-a-coupe\/#breadcrumb\",\"itemListElement\":[{\"@type\":\"ListItem\",\"position\":1,\"name\":\"Po\u010detna stranica\",\"item\":\"https:\/\/pistonaddict.com\/hr\/pocetna-stranica-2\/\"},{\"@type\":\"ListItem\",\"position\":2,\"name\":\"Auctions\",\"item\":\"https:\/\/pistonaddict.com\/auctions-listing\/\"},{\"@type\":\"ListItem\",\"position\":3,\"name\":\"MG Coupe\"}]},{\"@type\":\"WebSite\",\"@id\":\"https:\/\/pistonaddict.com\/hr\/#website\",\"url\":\"https:\/\/pistonaddict.com\/hr\/\",\"name\":\"Piston Addict\",\"description\":\"Only interesting vehicles\",\"publisher\":{\"@id\":\"https:\/\/pistonaddict.com\/hr\/#organization\"},\"potentialAction\":[{\"@type\":\"SearchAction\",\"target\":{\"@type\":\"EntryPoint\",\"urlTemplate\":\"https:\/\/pistonaddict.com\/hr\/?s={search_term_string}\"},\"query-input\":\"required name=search_term_string\"}],\"inLanguage\":\"hr\"},{\"@type\":\"Organization\",\"@id\":\"https:\/\/pistonaddict.com\/hr\/#organization\",\"name\":\"Piston Addict\",\"url\":\"https:\/\/pistonaddict.com\/hr\/\",\"logo\":{\"@type\":\"ImageObject\",\"inLanguage\":\"hr\",\"@id\":\"https:\/\/pistonaddict.com\/hr\/#\/schema\/logo\/image\/\",\"url\":\"https:\/\/pistonaddict.com\/wp-content\/uploads\/2022\/07\/logo-6.png\",\"contentUrl\":\"https:\/\/pistonaddict.com\/wp-content\/uploads\/2022\/07\/logo-6.png\",\"width\":970,\"height\":200,\"caption\":\"Piston Addict\"},\"image\":{\"@id\":\"https:\/\/pistonaddict.com\/hr\/#\/schema\/logo\/image\/\"}}]}<\/script>\n<!-- \/ Yoast SEO plugin. -->","yoast_head_json":{"title":"MG Coupe - Piston Addict","robots":{"index":"index","follow":"follow","max-snippet":"max-snippet:-1","max-image-preview":"max-image-preview:large","max-video-preview":"max-video-preview:-1"},"canonical":"https:\/\/pistonaddict.com\/hr\/product\/mg-a-coupe\/","og_locale":"hr_HR","og_type":"article","og_title":"MG Coupe - Piston Addict","og_description":"Ako \u017eelimo istra\u017eiti genezu modernih sportskih automobila, trebali bismo po\u010deti s legendarnim MG A. S aerodinami\u010dnom karoserijom, brzim motorima, izvrsnim performansama (za to razdoblje) i pristupa\u010dnom cijenom, ovaj je sportski automobil napravio revoluciju u segmentu. Ostao je jedan od najva\u017enijih britanskih kupea svih vremena.","og_url":"https:\/\/pistonaddict.com\/hr\/product\/mg-a-coupe\/","og_site_name":"Piston Addict","article_modified_time":"2024-05-29T08:46:20+00:00","og_image":[{"width":1600,"height":1200,"url":"https:\/\/pistonaddict.com\/wp-content\/uploads\/2024\/01\/IMG-20231031-WA0006.jpg","type":"image\/jpeg"}],"twitter_card":"summary_large_image","twitter_misc":{"Procijenjeno vrijeme \u010ditanja":"3 minute"},"schema":{"@context":"https:\/\/schema.org","@graph":[{"@type":"WebPage","@id":"https:\/\/pistonaddict.com\/hr\/product\/mg-a-coupe\/","url":"https:\/\/pistonaddict.com\/hr\/product\/mg-a-coupe\/","name":"MG Coupe - Piston Addict","isPartOf":{"@id":"https:\/\/pistonaddict.com\/hr\/#website"},"primaryImageOfPage":{"@id":"https:\/\/pistonaddict.com\/hr\/product\/mg-a-coupe\/#primaryimage"},"image":{"@id":"https:\/\/pistonaddict.com\/hr\/product\/mg-a-coupe\/#primaryimage"},"thumbnailUrl":"https:\/\/pistonaddict.com\/wp-content\/uploads\/2024\/01\/IMG-20231031-WA0006.jpg","datePublished":"2024-01-17T08:08:31+00:00","dateModified":"2024-05-29T08:46:20+00:00","breadcrumb":{"@id":"https:\/\/pistonaddict.com\/hr\/product\/mg-a-coupe\/#breadcrumb"},"inLanguage":"hr","potentialAction":[{"@type":"ReadAction","target":["https:\/\/pistonaddict.com\/hr\/product\/mg-a-coupe\/"]}]},{"@type":"ImageObject","inLanguage":"hr","@id":"https:\/\/pistonaddict.com\/hr\/product\/mg-a-coupe\/#primaryimage","url":"https:\/\/pistonaddict.com\/wp-content\/uploads\/2024\/01\/IMG-20231031-WA0006.jpg","contentUrl":"https:\/\/pistonaddict.com\/wp-content\/uploads\/2024\/01\/IMG-20231031-WA0006.jpg","width":1600,"height":1200},{"@type":"BreadcrumbList","@id":"https:\/\/pistonaddict.com\/hr\/product\/mg-a-coupe\/#breadcrumb","itemListElement":[{"@type":"ListItem","position":1,"name":"Po\u010detna stranica","item":"https:\/\/pistonaddict.com\/hr\/pocetna-stranica-2\/"},{"@type":"ListItem","position":2,"name":"Auctions","item":"https:\/\/pistonaddict.com\/auctions-listing\/"},{"@type":"ListItem","position":3,"name":"MG Coupe"}]},{"@type":"WebSite","@id":"https:\/\/pistonaddict.com\/hr\/#website","url":"https:\/\/pistonaddict.com\/hr\/","name":"Piston Addict","description":"Only interesting vehicles","publisher":{"@id":"https:\/\/pistonaddict.com\/hr\/#organization"},"potentialAction":[{"@type":"SearchAction","target":{"@type":"EntryPoint","urlTemplate":"https:\/\/pistonaddict.com\/hr\/?s={search_term_string}"},"query-input":"required name=search_term_string"}],"inLanguage":"hr"},{"@type":"Organization","@id":"https:\/\/pistonaddict.com\/hr\/#organization","name":"Piston Addict","url":"https:\/\/pistonaddict.com\/hr\/","logo":{"@type":"ImageObject","inLanguage":"hr","@id":"https:\/\/pistonaddict.com\/hr\/#\/schema\/logo\/image\/","url":"https:\/\/pistonaddict.com\/wp-content\/uploads\/2022\/07\/logo-6.png","contentUrl":"https:\/\/pistonaddict.com\/wp-content\/uploads\/2022\/07\/logo-6.png","width":970,"height":200,"caption":"Piston Addict"},"image":{"@id":"https:\/\/pistonaddict.com\/hr\/#\/schema\/logo\/image\/"}}]}},"_links":{"self":[{"href":"https:\/\/pistonaddict.com\/hr\/wp-json\/wp\/v2\/product\/82545"}],"collection":[{"href":"https:\/\/pistonaddict.com\/hr\/wp-json\/wp\/v2\/product"}],"about":[{"href":"https:\/\/pistonaddict.com\/hr\/wp-json\/wp\/v2\/types\/product"}],"replies":[{"embeddable":true,"href":"https:\/\/pistonaddict.com\/hr\/wp-json\/wp\/v2\/comments?post=82545"}],"wp:featuredmedia":[{"embeddable":true,"href":"https:\/\/pistonaddict.com\/hr\/wp-json\/wp\/v2\/media\/81137"}],"wp:attachment":[{"href":"https:\/\/pistonaddict.com\/hr\/wp-json\/wp\/v2\/media?parent=82545"}],"wp:term":[{"taxonomy":"product_cat","embeddable":true,"href":"https:\/\/pistonaddict.com\/hr\/wp-json\/wp\/v2\/product_cat?post=82545"},{"taxonomy":"product_tag","embeddable":true,"href":"https:\/\/pistonaddict.com\/hr\/wp-json\/wp\/v2\/product_tag?post=82545"}],"curies":[{"name":"wp","href":"https:\/\/api.w.org\/{rel}","templated":true}]}}