{"id":79059,"date":"2023-12-13T14:41:14","date_gmt":"2023-12-13T13:41:14","guid":{"rendered":"https:\/\/pistonaddict.com\/product\/alpine-a110\/"},"modified":"2024-03-20T09:42:53","modified_gmt":"2024-03-20T08:42:53","slug":"alpski-a110","status":"publish","type":"product","link":"https:\/\/pistonaddict.com\/hr\/product\/alpski-a110\/","title":{"rendered":"Alpine A110"},"content":{"rendered":"<p><strong>Povijest automobila<\/strong><\/p>\n<p>Za generacije ljubitelja sportskih automobila koji su odrasli u 60-ima i 70-ima, ime Alpine je sinonim za rally prvenstvo, sna\u017ene performanse i neusporedivu prisutnost na ulici. Iako je Alpine koristio standardne Renaultove komponente, automobili su izgledali gotovo kao superautomobili i bili su favoriti entuzijasta zbog svog izgleda i vozne dinamike. Ali u ranim 90-ima, marka je nestala, gotovo zaboravljena od svih osim najokorjelijih obo\u017eavatelja. Sre\u0107om, Renault je shvatio koliko je zapravo zna\u010dajan potencijal ovog legendarnog imena i ulo\u017eio je velika sredstva u potpuno novi model s kompletnom aluminijskom karoserijom, sredi\u0161nje postavljenim motorom i brzim mjenja\u010dem s dvostrukom spojkom. Kombinacijom ikoni\u010dnog i retro-futuristi\u010dkog izgleda s Clio RS motorom i prilago\u0111enim postavkama karoserije i ovjesa stvoren je trenuta\u010dni klasik i vjerojatno najbolji sportski automobil desetlje\u0107a. Turbo motor od 1,8 litara koji snagu \u0161alje na stra\u017enje kota\u010de mo\u017ee pokrenuti ovaj prekrasni dvosjed za prili\u010dno uvjerljivih 4,5 sekundi od 0 do 100 km\/h (60 mph). Me\u0111utim, brojke ne govore dovoljno o ovom automobilu. S ne\u0161to vi\u0161e od jedne tone prazne mase, Alpine A110 leti preko zavoja i upravlja kao iz snova. Neusporediva dinamika vo\u017enje je upravo razlog za\u0161to je miljenik mnogih \u010dasopisa.<\/p>\n<p><strong>Unutra\u0161njost<\/strong><\/p>\n<p>Budu\u0107i da je ovaj model relativno nov i ima malu kilometra\u017eu, ko\u017ena unutra\u0161njost je u stanju kao nova, bez tragova istro\u0161enosti. Iskusni kupci primijetit \u0107e da su prisutna opcijska &#8220;GT&#8221; sjedala, \u0161to je dobrodo\u0161ao dodatak, kao i neki dijelovi karbonskih ukrasa za taj motosportski izgled. Ipak, bitan je Focal premium audio sustav, koji je rijetka opcija.<\/p>\n<p><strong>Uvjet<\/strong><\/p>\n<p>Konkretni primjerak isporu\u010den je nov 2021. godine i od tada je pre\u0161ao ne\u0161to vi\u0161e od 30.000 km. Rije\u010d je o njegovanom automobilu koji je slu\u017eio za u\u017eivanje u vo\u017enji, ba\u0161 kao \u0161to su ga izmislili njegovi konstruktori. Nikada ga nisu pratila niti o\u0161tetila dva bri\u017ena vlasnika od novog. Zapravo, izvorni vlasnik bio je komercijalni direktor Alpine Spain. Posljednji servis obavljen je u studenom 2023., s tim da su ko\u010dnice nedavno remontirane u prosincu 2023. Prethodna izmjena ulja obavljena je u rujnu. <strong>Njegov Alpine A110 jo\u0161 uvijek je pod tvorni\u010dkim jamstvom do studenog 2024., tako da je svo odr\u017eavanje obavio slu\u017ebeni servis u \u0160panjolskoj<\/strong> .<\/p>\n<p><strong> <\/strong><strong>Eksterijer i kota\u010di<\/strong><\/p>\n<p>Obojen u bijelo s vrlo zanimljivim grafi\u010dkim paketom, ovaj Alpine A110 ima jedinstven izgled s posebnim 18-in\u010dnim kota\u010dima samo za Alpine. Karoserija je bez premca, bez ikakvih o\u0161te\u0107enja, ogrebotina i ogrebotina, a gume su u pristojnom stanju, 50% kori\u0161tene prema navodima prodava\u010da. Gume su Michelin Pilot Sport, a proizvedene su krajem 2021. godine.<\/p>\n<p><strong>Dokumentacija<\/strong><\/p>\n<p>Trgovac prodaje ovo vozilo s odgovaraju\u0107om dokumentacijom u \u0160panjolskoj. <a href=\"https:\/\/pistonaddict.com\/wp-content\/uploads\/2023\/12\/AlpineA110.pdf\">Izvje\u0161\u0107e CarFaxa<\/a> je \u010disto; nema dokaza o nesre\u0107ama, popravcima nesre\u0107e, vlasni\u0161tvu ili pravnim problemima. Postoje evidencije redovnog odr\u017eavanja, ra\u010duni o prodaji i ra\u010duni. Ovaj Alpine A110 jo\u0161 uvijek je pokriven tvorni\u010dkim jamstvom koje je prenosivo na sljede\u0107eg vlasnika.<\/p>\n<p><strong>Pogledajte videozapis hladnog pokretanja ovog prekrasnog Alpine A110:<\/strong><\/p>\n<p><iframe title=\"Cold Start Video of this great Alpine A110 for auction sale\" width=\"1200\" height=\"675\" src=\"https:\/\/www.youtube.com\/embed\/FlqeDNY4UtI?feature=oembed\" frameborder=\"0\" allow=\"accelerometer; autoplay; clipboard-write; encrypted-media; gyroscope; picture-in-picture; web-share\" allowfullscreen><\/iframe><\/p>\n","protected":false},"excerpt":{"rendered":"<p>Najpopularniji sportski automobil u posljednjih nekoliko godina nije Ferrari, Lamborghini ili McLaren. To je Alpine A110 s prilago\u0111enom, vrlo laganom karoserijom, \u017eivahnim \u010detverocilindri\u010dnim turbopunja\u010dem i \u017eivahnim performansama. Ovaj dvosjed podsjetio je ljubitelje sportskih automobila \u0161to je zapravo vo\u017enja i trijumfalno vratio legendarnu marku na tr\u017ei\u0161te. Danas s ponosom predstavljamo jedan od najboljih primjeraka ovog vrlo utjecajnog sportskog automobila.<\/p>\n","protected":false},"featured_media":78348,"comment_status":"open","ping_status":"closed","template":"","meta":{"inline_featured_image":false},"product_cat":[722],"product_tag":[2823,2818,917],"acf":[],"yoast_head":"<!-- This site is optimized with the Yoast SEO plugin v22.5 - https:\/\/yoast.com\/wordpress\/plugins\/seo\/ -->\n<title>Alpine A110 aukcija - Piston Addict<\/title>\n<meta name=\"robots\" content=\"index, follow, max-snippet:-1, max-image-preview:large, max-video-preview:-1\" \/>\n<link rel=\"canonical\" href=\"https:\/\/pistonaddict.com\/hr\/product\/alpski-a110\/\" \/>\n<meta property=\"og:locale\" content=\"hr_HR\" \/>\n<meta property=\"og:type\" content=\"article\" \/>\n<meta property=\"og:title\" content=\"Alpine A110 aukcija - Piston Addict\" \/>\n<meta property=\"og:description\" content=\"Najpopularniji sportski automobil u posljednjih nekoliko godina nije Ferrari, Lamborghini ili McLaren. To je Alpine A110 s prilago\u0111enom, vrlo laganom karoserijom, \u017eivahnim \u010detverocilindri\u010dnim turbopunja\u010dem i \u017eivahnim performansama. Ovaj dvosjed podsjetio je ljubitelje sportskih automobila \u0161to je zapravo vo\u017enja i trijumfalno vratio legendarnu marku na tr\u017ei\u0161te. Danas s ponosom predstavljamo jedan od najboljih primjeraka ovog vrlo utjecajnog sportskog automobila.\" \/>\n<meta property=\"og:url\" content=\"https:\/\/pistonaddict.com\/hr\/product\/alpski-a110\/\" \/>\n<meta property=\"og:site_name\" content=\"Piston Addict\" \/>\n<meta property=\"article:modified_time\" content=\"2024-03-20T08:42:53+00:00\" \/>\n<meta property=\"og:image\" content=\"https:\/\/pistonaddict.com\/wp-content\/uploads\/2023\/12\/4517LTW_01.jpg\" \/>\n\t<meta property=\"og:image:width\" content=\"1440\" \/>\n\t<meta property=\"og:image:height\" content=\"1080\" \/>\n\t<meta property=\"og:image:type\" content=\"image\/jpeg\" \/>\n<meta name=\"twitter:card\" content=\"summary_large_image\" \/>\n<meta name=\"twitter:label1\" content=\"Procijenjeno vrijeme \u010ditanja\" \/>\n\t<meta name=\"twitter:data1\" content=\"3 minute\" \/>\n<script type=\"application\/ld+json\" class=\"yoast-schema-graph\">{\"@context\":\"https:\/\/schema.org\",\"@graph\":[{\"@type\":\"WebPage\",\"@id\":\"https:\/\/pistonaddict.com\/hr\/product\/alpski-a110\/\",\"url\":\"https:\/\/pistonaddict.com\/hr\/product\/alpski-a110\/\",\"name\":\"Alpine A110 aukcija - Piston Addict\",\"isPartOf\":{\"@id\":\"https:\/\/pistonaddict.com\/hr\/#website\"},\"primaryImageOfPage\":{\"@id\":\"https:\/\/pistonaddict.com\/hr\/product\/alpski-a110\/#primaryimage\"},\"image\":{\"@id\":\"https:\/\/pistonaddict.com\/hr\/product\/alpski-a110\/#primaryimage\"},\"thumbnailUrl\":\"https:\/\/pistonaddict.com\/wp-content\/uploads\/2023\/12\/4517LTW_01.jpg\",\"datePublished\":\"2023-12-13T13:41:14+00:00\",\"dateModified\":\"2024-03-20T08:42:53+00:00\",\"breadcrumb\":{\"@id\":\"https:\/\/pistonaddict.com\/hr\/product\/alpski-a110\/#breadcrumb\"},\"inLanguage\":\"hr\",\"potentialAction\":[{\"@type\":\"ReadAction\",\"target\":[\"https:\/\/pistonaddict.com\/hr\/product\/alpski-a110\/\"]}]},{\"@type\":\"ImageObject\",\"inLanguage\":\"hr\",\"@id\":\"https:\/\/pistonaddict.com\/hr\/product\/alpski-a110\/#primaryimage\",\"url\":\"https:\/\/pistonaddict.com\/wp-content\/uploads\/2023\/12\/4517LTW_01.jpg\",\"contentUrl\":\"https:\/\/pistonaddict.com\/wp-content\/uploads\/2023\/12\/4517LTW_01.jpg\",\"width\":1440,\"height\":1080},{\"@type\":\"BreadcrumbList\",\"@id\":\"https:\/\/pistonaddict.com\/hr\/product\/alpski-a110\/#breadcrumb\",\"itemListElement\":[{\"@type\":\"ListItem\",\"position\":1,\"name\":\"Po\u010detna stranica\",\"item\":\"https:\/\/pistonaddict.com\/hr\/pocetna-stranica-2\/\"},{\"@type\":\"ListItem\",\"position\":2,\"name\":\"Auctions\",\"item\":\"https:\/\/pistonaddict.com\/auctions-listing\/\"},{\"@type\":\"ListItem\",\"position\":3,\"name\":\"Alpine A110\"}]},{\"@type\":\"WebSite\",\"@id\":\"https:\/\/pistonaddict.com\/hr\/#website\",\"url\":\"https:\/\/pistonaddict.com\/hr\/\",\"name\":\"Piston Addict\",\"description\":\"Only interesting vehicles\",\"publisher\":{\"@id\":\"https:\/\/pistonaddict.com\/hr\/#organization\"},\"potentialAction\":[{\"@type\":\"SearchAction\",\"target\":{\"@type\":\"EntryPoint\",\"urlTemplate\":\"https:\/\/pistonaddict.com\/hr\/?s={search_term_string}\"},\"query-input\":\"required name=search_term_string\"}],\"inLanguage\":\"hr\"},{\"@type\":\"Organization\",\"@id\":\"https:\/\/pistonaddict.com\/hr\/#organization\",\"name\":\"Piston Addict\",\"url\":\"https:\/\/pistonaddict.com\/hr\/\",\"logo\":{\"@type\":\"ImageObject\",\"inLanguage\":\"hr\",\"@id\":\"https:\/\/pistonaddict.com\/hr\/#\/schema\/logo\/image\/\",\"url\":\"https:\/\/pistonaddict.com\/wp-content\/uploads\/2022\/07\/logo-6.png\",\"contentUrl\":\"https:\/\/pistonaddict.com\/wp-content\/uploads\/2022\/07\/logo-6.png\",\"width\":970,\"height\":200,\"caption\":\"Piston Addict\"},\"image\":{\"@id\":\"https:\/\/pistonaddict.com\/hr\/#\/schema\/logo\/image\/\"}}]}<\/script>\n<!-- \/ Yoast SEO plugin. -->","yoast_head_json":{"title":"Alpine A110 aukcija - Piston Addict","robots":{"index":"index","follow":"follow","max-snippet":"max-snippet:-1","max-image-preview":"max-image-preview:large","max-video-preview":"max-video-preview:-1"},"canonical":"https:\/\/pistonaddict.com\/hr\/product\/alpski-a110\/","og_locale":"hr_HR","og_type":"article","og_title":"Alpine A110 aukcija - Piston Addict","og_description":"Najpopularniji sportski automobil u posljednjih nekoliko godina nije Ferrari, Lamborghini ili McLaren. To je Alpine A110 s prilago\u0111enom, vrlo laganom karoserijom, \u017eivahnim \u010detverocilindri\u010dnim turbopunja\u010dem i \u017eivahnim performansama. Ovaj dvosjed podsjetio je ljubitelje sportskih automobila \u0161to je zapravo vo\u017enja i trijumfalno vratio legendarnu marku na tr\u017ei\u0161te. Danas s ponosom predstavljamo jedan od najboljih primjeraka ovog vrlo utjecajnog sportskog automobila.","og_url":"https:\/\/pistonaddict.com\/hr\/product\/alpski-a110\/","og_site_name":"Piston Addict","article_modified_time":"2024-03-20T08:42:53+00:00","og_image":[{"width":1440,"height":1080,"url":"https:\/\/pistonaddict.com\/wp-content\/uploads\/2023\/12\/4517LTW_01.jpg","type":"image\/jpeg"}],"twitter_card":"summary_large_image","twitter_misc":{"Procijenjeno vrijeme \u010ditanja":"3 minute"},"schema":{"@context":"https:\/\/schema.org","@graph":[{"@type":"WebPage","@id":"https:\/\/pistonaddict.com\/hr\/product\/alpski-a110\/","url":"https:\/\/pistonaddict.com\/hr\/product\/alpski-a110\/","name":"Alpine A110 aukcija - Piston Addict","isPartOf":{"@id":"https:\/\/pistonaddict.com\/hr\/#website"},"primaryImageOfPage":{"@id":"https:\/\/pistonaddict.com\/hr\/product\/alpski-a110\/#primaryimage"},"image":{"@id":"https:\/\/pistonaddict.com\/hr\/product\/alpski-a110\/#primaryimage"},"thumbnailUrl":"https:\/\/pistonaddict.com\/wp-content\/uploads\/2023\/12\/4517LTW_01.jpg","datePublished":"2023-12-13T13:41:14+00:00","dateModified":"2024-03-20T08:42:53+00:00","breadcrumb":{"@id":"https:\/\/pistonaddict.com\/hr\/product\/alpski-a110\/#breadcrumb"},"inLanguage":"hr","potentialAction":[{"@type":"ReadAction","target":["https:\/\/pistonaddict.com\/hr\/product\/alpski-a110\/"]}]},{"@type":"ImageObject","inLanguage":"hr","@id":"https:\/\/pistonaddict.com\/hr\/product\/alpski-a110\/#primaryimage","url":"https:\/\/pistonaddict.com\/wp-content\/uploads\/2023\/12\/4517LTW_01.jpg","contentUrl":"https:\/\/pistonaddict.com\/wp-content\/uploads\/2023\/12\/4517LTW_01.jpg","width":1440,"height":1080},{"@type":"BreadcrumbList","@id":"https:\/\/pistonaddict.com\/hr\/product\/alpski-a110\/#breadcrumb","itemListElement":[{"@type":"ListItem","position":1,"name":"Po\u010detna stranica","item":"https:\/\/pistonaddict.com\/hr\/pocetna-stranica-2\/"},{"@type":"ListItem","position":2,"name":"Auctions","item":"https:\/\/pistonaddict.com\/auctions-listing\/"},{"@type":"ListItem","position":3,"name":"Alpine A110"}]},{"@type":"WebSite","@id":"https:\/\/pistonaddict.com\/hr\/#website","url":"https:\/\/pistonaddict.com\/hr\/","name":"Piston Addict","description":"Only interesting vehicles","publisher":{"@id":"https:\/\/pistonaddict.com\/hr\/#organization"},"potentialAction":[{"@type":"SearchAction","target":{"@type":"EntryPoint","urlTemplate":"https:\/\/pistonaddict.com\/hr\/?s={search_term_string}"},"query-input":"required name=search_term_string"}],"inLanguage":"hr"},{"@type":"Organization","@id":"https:\/\/pistonaddict.com\/hr\/#organization","name":"Piston Addict","url":"https:\/\/pistonaddict.com\/hr\/","logo":{"@type":"ImageObject","inLanguage":"hr","@id":"https:\/\/pistonaddict.com\/hr\/#\/schema\/logo\/image\/","url":"https:\/\/pistonaddict.com\/wp-content\/uploads\/2022\/07\/logo-6.png","contentUrl":"https:\/\/pistonaddict.com\/wp-content\/uploads\/2022\/07\/logo-6.png","width":970,"height":200,"caption":"Piston Addict"},"image":{"@id":"https:\/\/pistonaddict.com\/hr\/#\/schema\/logo\/image\/"}}]}},"_links":{"self":[{"href":"https:\/\/pistonaddict.com\/hr\/wp-json\/wp\/v2\/product\/79059"}],"collection":[{"href":"https:\/\/pistonaddict.com\/hr\/wp-json\/wp\/v2\/product"}],"about":[{"href":"https:\/\/pistonaddict.com\/hr\/wp-json\/wp\/v2\/types\/product"}],"replies":[{"embeddable":true,"href":"https:\/\/pistonaddict.com\/hr\/wp-json\/wp\/v2\/comments?post=79059"}],"wp:featuredmedia":[{"embeddable":true,"href":"https:\/\/pistonaddict.com\/hr\/wp-json\/wp\/v2\/media\/78348"}],"wp:attachment":[{"href":"https:\/\/pistonaddict.com\/hr\/wp-json\/wp\/v2\/media?parent=79059"}],"wp:term":[{"taxonomy":"product_cat","embeddable":true,"href":"https:\/\/pistonaddict.com\/hr\/wp-json\/wp\/v2\/product_cat?post=79059"},{"taxonomy":"product_tag","embeddable":true,"href":"https:\/\/pistonaddict.com\/hr\/wp-json\/wp\/v2\/product_tag?post=79059"}],"curies":[{"name":"wp","href":"https:\/\/api.w.org\/{rel}","templated":true}]}}