{"id":78314,"date":"2023-12-13T10:17:52","date_gmt":"2023-12-13T09:17:52","guid":{"rendered":"https:\/\/pistonaddict.com\/product\/fisker-karma-signature-edition\/"},"modified":"2024-03-20T09:42:40","modified_gmt":"2024-03-20T08:42:40","slug":"fisker-karma-signature-edicija","status":"publish","type":"product","link":"https:\/\/pistonaddict.com\/hr\/product\/fisker-karma-signature-edicija\/","title":{"rendered":"Fisker Karma Signature Edition"},"content":{"rendered":"<p><strong>Povijest automobila<\/strong><\/p>\n<p>Prije nego \u0161to je Karma eksplodirala na tr\u017ei\u0161tu 2011. godine, hibridi su bili prili\u010dno dosadna i neuzbudljiva vozila. Ali tada je Fisker predstavio Karmu s privla\u010dnim dizajnom, niskom siluetom, mi\u0161i\u0107avim stavom i jedinstvenim oblicima. To je bilo i ostalo je ne\u0161to izuzetno. Ispod zavodljive karoserije krilo se mno\u0161tvo inovativne tehnologije. Glavni motor je turbo 2,0-litreni iz GM-a sa 260 KS i dva elektromotora na stra\u017enjoj osovini. Baterija od 20,1 kWh napaja elektromotore sa po 120 kW (403 KS).<\/p>\n<p>Zanimljivo je da su baterije smje\u0161tene u sredi\u0161tu automobila, \u0161to Karmi daje nisko te\u017ei\u0161te i izvrsno dr\u017eanje ceste. Princip rada je tako\u0111er jedinstven. Vozilo s automatskim mjenja\u010dem imalo je domet od oko 80 km samo na elektri\u010dnu energiju. Me\u0111utim, kada se baterije isprazne, voza\u010d \u0107e aktivirati benzinski motor koji pokre\u0107e generator koji napaja elektromotore. Dakle, Karma je benzinsko-elektri\u010dni hibrid s velikim naglaskom na elektri\u010dni dio. Ovaj je model isporu\u010den \u010dlanu obitelji Fisker i jednom od prvobitnih investitora, \u010dine\u0107i ga izvanrednim dijelom povijesti tvrtke.<\/p>\n<p><strong>Unutra\u0161njost<\/strong><\/p>\n<p>Unutra\u0161njost ovog posebnog primjerka sadr\u017ei kombinaciju crne i \u017eutosme\u0111e ko\u017ee, \u0161to ga \u010dini \u0161armantnim mjestom za boravak. Na sjedi\u0161tima nema nikakvih ogrebotina, sve je u funkciji. Opremljen je opcijskim infotainment sustavom sa zaslonom na armaturnoj plo\u010di.<\/p>\n<p><strong>Uvjet<\/strong><\/p>\n<p>Sa 80.000 km, cijelom servisnom povije\u0161\u0107u, samo jednim vlasnikom, ova Karma je u idealnom stanju. Nema nezgoda i o\u0161te\u0107enja, a interijer je u novom stanju. Zanimljivo je da je Karma opremljena krovom sa solarnim plo\u010dama, pretvaraju\u0107i solarnu energiju u elektri\u010dnu energiju i isklju\u010duju\u0107i bateriju kada je to potrebno. U ovom primjeru, solarni krov je prisutan iu savr\u0161enom radnom stanju. <strong>Ovaj konkretan primjer je #61 od 100 napravljenih s paketom Signature Edition<\/strong> , \u0161to je bitno jer se njegova povijest mo\u017ee pratiti unutar Fisker zajednice. Budu\u0107i da ovaj primjer ima povijesni zna\u010daj, servisirao ga je jedan od najboljih Fiskerovih stru\u010dnjaka u svijetu, s dostupnom evidencijom o redovitom odr\u017eavanju. Zadnji servis i promjena ulja obavljena je u listopadu 2023. godine, s tim da su ko\u010dnice remontirane tek prije par dana u prosincu 2023. godine.<\/p>\n<p><strong>Vanjski izgled i kota\u010di<\/strong><\/p>\n<p>Jedinstvena srebrna boja savr\u0161eno pristaje uz dvobojni interijer bez ogrebotina i udubljenja. Automobil se isporu\u010duje sa zimskim gumama od 21 cola u savr\u0161enom stanju. Kota\u010di od 22 cola s ljetnim gumama se dodatno napla\u0107uju. Gume su iz 2023.<\/p>\n<p><strong>Dokumentacija<\/strong><\/p>\n<p>Privatni prodavatelj prodaje ovo vozilo s odgovaraju\u0107om dokumentacijom koji se nalazi u Njema\u010dkoj. <a href=\"https:\/\/pistonaddict.com\/wp-content\/uploads\/2023\/12\/FiskerKarma.pdf\">CarVertical<\/a> izvje\u0161\u0107e je \u010disto; nema dokaza o nesre\u0107ama, popravcima nesre\u0107e, vlasni\u0161tvu ili pravnim problemima. Postoje evidencije redovnog odr\u017eavanja, ra\u010duni o prodaji i ra\u010duni. Za ovaj model ne postoji tvorni\u010dko jamstvo.<\/p>\n<p><strong><br \/>\nPogledajte videozapis hladnog pokretanja ovog prekrasnog Fisker Karma srebrnog potpisa:<\/strong><\/p>\n<p><iframe title=\"Cold Start Video of the Fisker Karma Signature for auction sale\" width=\"1200\" height=\"675\" src=\"https:\/\/www.youtube.com\/embed\/sOmYYpDT2U8?feature=oembed\" frameborder=\"0\" allow=\"accelerometer; autoplay; clipboard-write; encrypted-media; gyroscope; picture-in-picture; web-share\" allowfullscreen><\/iframe><\/p>\n","protected":false},"excerpt":{"rendered":"<p>Fisker Karma nije samo revolucionarni hibrid ve\u0107 i jedan od najzgodnijih automobila iz 21. stolje\u0107a. S ne\u0161to vi\u0161e od 3000 napravljenih, rijedak je, ali ovaj je jo\u0161 rje\u0111i. Srebrna Karma iz 2012. koju danas nudimo je model 1 od 100 Signature Edition i \u010dak ju je osobno potpisao Henrik Fisker, vlasnik tvrtke. Ako ste u potrazi za kolekcionarskim snom, to je to.<\/p>\n","protected":false},"featured_media":77656,"comment_status":"open","ping_status":"closed","template":"","meta":{"inline_featured_image":false},"product_cat":[722],"product_tag":[2760,2761,917,1762,1759],"acf":[],"yoast_head":"<!-- This site is optimized with the Yoast SEO plugin v22.5 - https:\/\/yoast.com\/wordpress\/plugins\/seo\/ -->\n<title>Fisker Karma Signature Edition aukcija - Piston Addict<\/title>\n<meta name=\"robots\" content=\"index, follow, max-snippet:-1, max-image-preview:large, max-video-preview:-1\" \/>\n<link rel=\"canonical\" href=\"https:\/\/pistonaddict.com\/hr\/product\/fisker-karma-signature-edicija\/\" \/>\n<meta property=\"og:locale\" content=\"hr_HR\" \/>\n<meta property=\"og:type\" content=\"article\" \/>\n<meta property=\"og:title\" content=\"Fisker Karma Signature Edition aukcija - Piston Addict\" \/>\n<meta property=\"og:description\" content=\"Fisker Karma nije samo revolucionarni hibrid ve\u0107 i jedan od najzgodnijih automobila iz 21. stolje\u0107a. S ne\u0161to vi\u0161e od 3000 napravljenih, rijedak je, ali ovaj je jo\u0161 rje\u0111i. Srebrna Karma iz 2012. koju danas nudimo je model 1 od 100 Signature Edition i \u010dak ju je osobno potpisao Henrik Fisker, vlasnik tvrtke. Ako ste u potrazi za kolekcionarskim snom, to je to.\" \/>\n<meta property=\"og:url\" content=\"https:\/\/pistonaddict.com\/hr\/product\/fisker-karma-signature-edicija\/\" \/>\n<meta property=\"og:site_name\" content=\"Piston Addict\" \/>\n<meta property=\"article:modified_time\" content=\"2024-03-20T08:42:40+00:00\" \/>\n<meta property=\"og:image\" content=\"https:\/\/pistonaddict.com\/wp-content\/uploads\/2023\/12\/20210129_085341.jpg\" \/>\n\t<meta property=\"og:image:width\" content=\"1762\" \/>\n\t<meta property=\"og:image:height\" content=\"752\" \/>\n\t<meta property=\"og:image:type\" content=\"image\/jpeg\" \/>\n<meta name=\"twitter:card\" content=\"summary_large_image\" \/>\n<meta name=\"twitter:label1\" content=\"Procijenjeno vrijeme \u010ditanja\" \/>\n\t<meta name=\"twitter:data1\" content=\"2 minute\" \/>\n<script type=\"application\/ld+json\" class=\"yoast-schema-graph\">{\"@context\":\"https:\/\/schema.org\",\"@graph\":[{\"@type\":\"WebPage\",\"@id\":\"https:\/\/pistonaddict.com\/hr\/product\/fisker-karma-signature-edicija\/\",\"url\":\"https:\/\/pistonaddict.com\/hr\/product\/fisker-karma-signature-edicija\/\",\"name\":\"Fisker Karma Signature Edition aukcija - Piston Addict\",\"isPartOf\":{\"@id\":\"https:\/\/pistonaddict.com\/hr\/#website\"},\"primaryImageOfPage\":{\"@id\":\"https:\/\/pistonaddict.com\/hr\/product\/fisker-karma-signature-edicija\/#primaryimage\"},\"image\":{\"@id\":\"https:\/\/pistonaddict.com\/hr\/product\/fisker-karma-signature-edicija\/#primaryimage\"},\"thumbnailUrl\":\"https:\/\/pistonaddict.com\/wp-content\/uploads\/2023\/12\/20210129_085341.jpg\",\"datePublished\":\"2023-12-13T09:17:52+00:00\",\"dateModified\":\"2024-03-20T08:42:40+00:00\",\"breadcrumb\":{\"@id\":\"https:\/\/pistonaddict.com\/hr\/product\/fisker-karma-signature-edicija\/#breadcrumb\"},\"inLanguage\":\"hr\",\"potentialAction\":[{\"@type\":\"ReadAction\",\"target\":[\"https:\/\/pistonaddict.com\/hr\/product\/fisker-karma-signature-edicija\/\"]}]},{\"@type\":\"ImageObject\",\"inLanguage\":\"hr\",\"@id\":\"https:\/\/pistonaddict.com\/hr\/product\/fisker-karma-signature-edicija\/#primaryimage\",\"url\":\"https:\/\/pistonaddict.com\/wp-content\/uploads\/2023\/12\/20210129_085341.jpg\",\"contentUrl\":\"https:\/\/pistonaddict.com\/wp-content\/uploads\/2023\/12\/20210129_085341.jpg\",\"width\":1762,\"height\":752},{\"@type\":\"BreadcrumbList\",\"@id\":\"https:\/\/pistonaddict.com\/hr\/product\/fisker-karma-signature-edicija\/#breadcrumb\",\"itemListElement\":[{\"@type\":\"ListItem\",\"position\":1,\"name\":\"Po\u010detna stranica\",\"item\":\"https:\/\/pistonaddict.com\/hr\/pocetna-stranica-2\/\"},{\"@type\":\"ListItem\",\"position\":2,\"name\":\"Auctions\",\"item\":\"https:\/\/pistonaddict.com\/auctions-listing\/\"},{\"@type\":\"ListItem\",\"position\":3,\"name\":\"Fisker Karma Signature Edition\"}]},{\"@type\":\"WebSite\",\"@id\":\"https:\/\/pistonaddict.com\/hr\/#website\",\"url\":\"https:\/\/pistonaddict.com\/hr\/\",\"name\":\"Piston Addict\",\"description\":\"Only interesting vehicles\",\"publisher\":{\"@id\":\"https:\/\/pistonaddict.com\/hr\/#organization\"},\"potentialAction\":[{\"@type\":\"SearchAction\",\"target\":{\"@type\":\"EntryPoint\",\"urlTemplate\":\"https:\/\/pistonaddict.com\/hr\/?s={search_term_string}\"},\"query-input\":\"required name=search_term_string\"}],\"inLanguage\":\"hr\"},{\"@type\":\"Organization\",\"@id\":\"https:\/\/pistonaddict.com\/hr\/#organization\",\"name\":\"Piston Addict\",\"url\":\"https:\/\/pistonaddict.com\/hr\/\",\"logo\":{\"@type\":\"ImageObject\",\"inLanguage\":\"hr\",\"@id\":\"https:\/\/pistonaddict.com\/hr\/#\/schema\/logo\/image\/\",\"url\":\"https:\/\/pistonaddict.com\/wp-content\/uploads\/2022\/07\/logo-6.png\",\"contentUrl\":\"https:\/\/pistonaddict.com\/wp-content\/uploads\/2022\/07\/logo-6.png\",\"width\":970,\"height\":200,\"caption\":\"Piston Addict\"},\"image\":{\"@id\":\"https:\/\/pistonaddict.com\/hr\/#\/schema\/logo\/image\/\"}}]}<\/script>\n<!-- \/ Yoast SEO plugin. -->","yoast_head_json":{"title":"Fisker Karma Signature Edition aukcija - Piston Addict","robots":{"index":"index","follow":"follow","max-snippet":"max-snippet:-1","max-image-preview":"max-image-preview:large","max-video-preview":"max-video-preview:-1"},"canonical":"https:\/\/pistonaddict.com\/hr\/product\/fisker-karma-signature-edicija\/","og_locale":"hr_HR","og_type":"article","og_title":"Fisker Karma Signature Edition aukcija - Piston Addict","og_description":"Fisker Karma nije samo revolucionarni hibrid ve\u0107 i jedan od najzgodnijih automobila iz 21. stolje\u0107a. S ne\u0161to vi\u0161e od 3000 napravljenih, rijedak je, ali ovaj je jo\u0161 rje\u0111i. Srebrna Karma iz 2012. koju danas nudimo je model 1 od 100 Signature Edition i \u010dak ju je osobno potpisao Henrik Fisker, vlasnik tvrtke. Ako ste u potrazi za kolekcionarskim snom, to je to.","og_url":"https:\/\/pistonaddict.com\/hr\/product\/fisker-karma-signature-edicija\/","og_site_name":"Piston Addict","article_modified_time":"2024-03-20T08:42:40+00:00","og_image":[{"width":1762,"height":752,"url":"https:\/\/pistonaddict.com\/wp-content\/uploads\/2023\/12\/20210129_085341.jpg","type":"image\/jpeg"}],"twitter_card":"summary_large_image","twitter_misc":{"Procijenjeno vrijeme \u010ditanja":"2 minute"},"schema":{"@context":"https:\/\/schema.org","@graph":[{"@type":"WebPage","@id":"https:\/\/pistonaddict.com\/hr\/product\/fisker-karma-signature-edicija\/","url":"https:\/\/pistonaddict.com\/hr\/product\/fisker-karma-signature-edicija\/","name":"Fisker Karma Signature Edition aukcija - Piston Addict","isPartOf":{"@id":"https:\/\/pistonaddict.com\/hr\/#website"},"primaryImageOfPage":{"@id":"https:\/\/pistonaddict.com\/hr\/product\/fisker-karma-signature-edicija\/#primaryimage"},"image":{"@id":"https:\/\/pistonaddict.com\/hr\/product\/fisker-karma-signature-edicija\/#primaryimage"},"thumbnailUrl":"https:\/\/pistonaddict.com\/wp-content\/uploads\/2023\/12\/20210129_085341.jpg","datePublished":"2023-12-13T09:17:52+00:00","dateModified":"2024-03-20T08:42:40+00:00","breadcrumb":{"@id":"https:\/\/pistonaddict.com\/hr\/product\/fisker-karma-signature-edicija\/#breadcrumb"},"inLanguage":"hr","potentialAction":[{"@type":"ReadAction","target":["https:\/\/pistonaddict.com\/hr\/product\/fisker-karma-signature-edicija\/"]}]},{"@type":"ImageObject","inLanguage":"hr","@id":"https:\/\/pistonaddict.com\/hr\/product\/fisker-karma-signature-edicija\/#primaryimage","url":"https:\/\/pistonaddict.com\/wp-content\/uploads\/2023\/12\/20210129_085341.jpg","contentUrl":"https:\/\/pistonaddict.com\/wp-content\/uploads\/2023\/12\/20210129_085341.jpg","width":1762,"height":752},{"@type":"BreadcrumbList","@id":"https:\/\/pistonaddict.com\/hr\/product\/fisker-karma-signature-edicija\/#breadcrumb","itemListElement":[{"@type":"ListItem","position":1,"name":"Po\u010detna stranica","item":"https:\/\/pistonaddict.com\/hr\/pocetna-stranica-2\/"},{"@type":"ListItem","position":2,"name":"Auctions","item":"https:\/\/pistonaddict.com\/auctions-listing\/"},{"@type":"ListItem","position":3,"name":"Fisker Karma Signature Edition"}]},{"@type":"WebSite","@id":"https:\/\/pistonaddict.com\/hr\/#website","url":"https:\/\/pistonaddict.com\/hr\/","name":"Piston Addict","description":"Only interesting vehicles","publisher":{"@id":"https:\/\/pistonaddict.com\/hr\/#organization"},"potentialAction":[{"@type":"SearchAction","target":{"@type":"EntryPoint","urlTemplate":"https:\/\/pistonaddict.com\/hr\/?s={search_term_string}"},"query-input":"required name=search_term_string"}],"inLanguage":"hr"},{"@type":"Organization","@id":"https:\/\/pistonaddict.com\/hr\/#organization","name":"Piston Addict","url":"https:\/\/pistonaddict.com\/hr\/","logo":{"@type":"ImageObject","inLanguage":"hr","@id":"https:\/\/pistonaddict.com\/hr\/#\/schema\/logo\/image\/","url":"https:\/\/pistonaddict.com\/wp-content\/uploads\/2022\/07\/logo-6.png","contentUrl":"https:\/\/pistonaddict.com\/wp-content\/uploads\/2022\/07\/logo-6.png","width":970,"height":200,"caption":"Piston Addict"},"image":{"@id":"https:\/\/pistonaddict.com\/hr\/#\/schema\/logo\/image\/"}}]}},"_links":{"self":[{"href":"https:\/\/pistonaddict.com\/hr\/wp-json\/wp\/v2\/product\/78314"}],"collection":[{"href":"https:\/\/pistonaddict.com\/hr\/wp-json\/wp\/v2\/product"}],"about":[{"href":"https:\/\/pistonaddict.com\/hr\/wp-json\/wp\/v2\/types\/product"}],"replies":[{"embeddable":true,"href":"https:\/\/pistonaddict.com\/hr\/wp-json\/wp\/v2\/comments?post=78314"}],"wp:featuredmedia":[{"embeddable":true,"href":"https:\/\/pistonaddict.com\/hr\/wp-json\/wp\/v2\/media\/77656"}],"wp:attachment":[{"href":"https:\/\/pistonaddict.com\/hr\/wp-json\/wp\/v2\/media?parent=78314"}],"wp:term":[{"taxonomy":"product_cat","embeddable":true,"href":"https:\/\/pistonaddict.com\/hr\/wp-json\/wp\/v2\/product_cat?post=78314"},{"taxonomy":"product_tag","embeddable":true,"href":"https:\/\/pistonaddict.com\/hr\/wp-json\/wp\/v2\/product_tag?post=78314"}],"curies":[{"name":"wp","href":"https:\/\/api.w.org\/{rel}","templated":true}]}}