{"id":77353,"date":"2023-12-11T15:55:41","date_gmt":"2023-12-11T14:55:41","guid":{"rendered":"https:\/\/pistonaddict.com\/product\/abarth-124-spider\/"},"modified":"2024-03-20T09:41:27","modified_gmt":"2024-03-20T08:41:27","slug":"abarth-124-pauk","status":"publish","type":"product","link":"https:\/\/pistonaddict.com\/hr\/product\/abarth-124-pauk\/","title":{"rendered":"Abarth 124 Spider"},"content":{"rendered":"<h2>Vanjski<\/h2>\n<p>Izvana je ve\u0107 na prvi pogled vidljivo da se radi o vi\u0161e od obi\u010dnog, gotovog 124 Spidera. Ovaj crno lakirani roadster ima agresivnije branike, ksenonska svjetla i dvostrani ispuh straga, s dva kromirana vrha sa svake strane. Svi ovi detalji daju automobilu zastra\u0161uju\u0107u prisutnost na cesti koja ga nepogre\u0161ivo odvaja od njegovog blagog ro\u0111aka. A ako to nije dovoljno, zna\u010dka sa strane koja slavi 70. godi\u0161njicu Abartha zasigurno \u0107e naglasiti ekskluzivnost ovog konkretnog modela.<\/p>\n<p>Ovaj Abarth 124 Spider ima 17-in\u010dne naplatke opremljene Bridgestone gumama, kojima je mo\u017eda pro\u0161lo vrijeme. Kota\u010di tako\u0111er daju jasan pogled na masivne crvene Brembo ko\u010dione \u010deljusti koje obe\u0107avaju izvrsnu mo\u0107 zaustavljanja.<\/p>\n<h2>Unutra\u0161njost<\/h2>\n<p>Kao i kod vanjskog izgleda, unutra\u0161njost ima nekoliko privla\u010dnih detalja koji jasno pokazuju podrijetlo automobila. Za po\u010detak, par udobnih sjedala presvu\u010denih antilop ko\u017eom, s masivnim crvenim natpisom Abart u\u0161ivenim u naslon. Crveno obojeni detalji tako\u0111er nagla\u0161avaju upravlja\u010d i plo\u010du s instrumentima iza njega, kojom dominira broja\u010d okretaja koji ide do 8000 o\/min. Naposljetku, minimalisti\u010dka nadzorna plo\u010da sadr\u017ei samo ono bitno, poput kontrola klima ure\u0111aja i sredi\u0161njeg zaslona, \u200b\u200b\u0161to \u010dini o\u010diglednim da je ovaj automobil prvenstveno stvoren za vo\u017enju.<\/p>\n<h2>Mehanika<\/h2>\n<p>Na prvi pogled 1,4-litreni motor ispod haube mo\u017eda i ne djeluje tako uvjerljivo kako bi se o\u010dekivalo. Me\u0111utim, zahvaljuju\u0107i turbopunja\u010du i prevarenom upravljanju gorivom, koji pove\u0107ava snagu na 170 konjskih snaga, ovaj ugla\u0111eni 4-cilindri\u010dni agregat ima poprili\u010dnu snagu. Mjenja\u010d &#8211; konvencionalni \u0161esterostupanjski ru\u010dni &#8211; jo\u0161 je jedan detalj koji otkriva pravu prirodu Spidera. Ova konfiguracija pogonskog sklopa, u kombinaciji s vrhunskim ovjesom i sposobnim ko\u010dnicama, \u010dini ga pravim automobilom za voza\u010da dizajniranim za vo\u017enju po bilo kojoj zavojitoj cesti.<\/p>\n<h2>Povijest vozila<\/h2>\n<p>Za kraj, rije\u010d dvije o trenutnom stanju ovog Abartha Spidera. Zadnji redoviti servis koji je uklju\u010divao i izmjenu ulja je napravljen u sije\u010dnju 2023. Nedavno, u prosincu, obavljen je remont ko\u010dnica. Na temelju dostavljenih fotografija i odgovaraju\u0107eg videa, automobil se \u010dini u dobrom stanju, bez vidljivih o\u0161te\u0107enja ili tragova istro\u0161enosti.<\/p>\n<p>Nadalje, prodava\u010d ka\u017ee da automobil, koji je trenutno u Italiji, nije kori\u0161ten na stazi niti je sudjelovao u bilo kakvim nesre\u0107ama, s odgovaraju\u0107im <a href=\"https:\/\/pistonaddict.com\/wp-content\/uploads\/2023\/12\/abarthspider.pdf\">CARFAX<\/a> izvje\u0161\u0107em o povijesti vozila koje to potvr\u0111uje.<\/p>\n<p><strong><br \/>\nPogledajte videozapis hladnog pokretanja ovog prekrasnog Abartha 124 Spider:<\/strong><\/p>\n<p><iframe title=\"Cold Start Video of the Abarth 124 Spider for auction sale\" width=\"1200\" height=\"675\" src=\"https:\/\/www.youtube.com\/embed\/wZs51_ew1WU?feature=oembed\" frameborder=\"0\" allow=\"accelerometer; autoplay; clipboard-write; encrypted-media; gyroscope; picture-in-picture; web-share\" allowfullscreen><\/iframe><\/p>\n","protected":false},"excerpt":{"rendered":"<p>Ako \u017eelite automobil koji izgleda sjajno, zabavan je za vo\u017enju i s kojim je lako \u017eivjeti, razmislite o kupovini roadstera. Postoji nekoliko relativno novih modela na izbor, a jedan od njih je 124 Spider, koji svoju mehani\u010dku podlogu dijeli s vjerojatno najpoznatijim roadsterom dana\u0161njice &#8211; Mazdom MX5. Kao takav, predstavlja jedinstveni spoj talijanskog stila i japanske precizne tehnologije.<\/p>\n<p>A kada Fiatov interni tuner za\u010dini sve ovo, dobit \u0107ete vatreni <strong>Abarth 124 Spider<\/strong> , od kojih je jedan na aukciji upravo ovdje na na\u0161oj stranici. Ovaj besprijekoran model iz 2019. pre\u0161ao je ne\u0161to vi\u0161e od 23.000 kilometara i trenutno tra\u017ei novog vlasnika. A osim elegantnog izgleda i ugodne izvedbe, krije jo\u0161 jednog asa u rukavu.<\/p>\n","protected":false},"featured_media":77134,"comment_status":"open","ping_status":"closed","template":"","meta":{"inline_featured_image":false},"product_cat":[722],"product_tag":[2698,2704,2695,1000],"acf":[],"yoast_head":"<!-- This site is optimized with the Yoast SEO plugin v22.5 - https:\/\/yoast.com\/wordpress\/plugins\/seo\/ -->\n<title>Abarth 124 Spider aukcija - Piston Addict<\/title>\n<meta name=\"robots\" content=\"index, follow, max-snippet:-1, max-image-preview:large, max-video-preview:-1\" \/>\n<link rel=\"canonical\" href=\"https:\/\/pistonaddict.com\/hr\/product\/abarth-124-pauk\/\" \/>\n<meta property=\"og:locale\" content=\"hr_HR\" \/>\n<meta property=\"og:type\" content=\"article\" \/>\n<meta property=\"og:title\" content=\"Abarth 124 Spider aukcija - Piston Addict\" \/>\n<meta property=\"og:description\" content=\"Ako \u017eelite automobil koji izgleda sjajno, zabavan je za vo\u017enju i s kojim je lako \u017eivjeti, razmislite o kupovini roadstera. Postoji nekoliko relativno novih modela na izbor, a jedan od njih je 124 Spider, koji svoju mehani\u010dku podlogu dijeli s vjerojatno najpoznatijim roadsterom dana\u0161njice - Mazdom MX5. Kao takav, predstavlja jedinstveni spoj talijanskog stila i japanske precizne tehnologije. A kada Fiatov interni tuner za\u010dini sve ovo, dobit \u0107ete vatreni Abarth 124 Spider , od kojih je jedan na aukciji upravo ovdje na na\u0161oj stranici. Ovaj besprijekoran model iz 2019. pre\u0161ao je ne\u0161to vi\u0161e od 23.000 kilometara i trenutno tra\u017ei novog vlasnika. A osim elegantnog izgleda i ugodne izvedbe, krije jo\u0161 jednog asa u rukavu.\" \/>\n<meta property=\"og:url\" content=\"https:\/\/pistonaddict.com\/hr\/product\/abarth-124-pauk\/\" \/>\n<meta property=\"og:site_name\" content=\"Piston Addict\" \/>\n<meta property=\"article:modified_time\" content=\"2024-03-20T08:41:27+00:00\" \/>\n<meta property=\"og:image\" content=\"https:\/\/pistonaddict.com\/wp-content\/uploads\/2023\/12\/image00020-scaled.jpeg\" \/>\n\t<meta property=\"og:image:width\" content=\"2560\" \/>\n\t<meta property=\"og:image:height\" content=\"1920\" \/>\n\t<meta property=\"og:image:type\" content=\"image\/jpeg\" \/>\n<meta name=\"twitter:card\" content=\"summary_large_image\" \/>\n<meta name=\"twitter:label1\" content=\"Procijenjeno vrijeme \u010ditanja\" \/>\n\t<meta name=\"twitter:data1\" content=\"2 minute\" \/>\n<script type=\"application\/ld+json\" class=\"yoast-schema-graph\">{\"@context\":\"https:\/\/schema.org\",\"@graph\":[{\"@type\":\"WebPage\",\"@id\":\"https:\/\/pistonaddict.com\/hr\/product\/abarth-124-pauk\/\",\"url\":\"https:\/\/pistonaddict.com\/hr\/product\/abarth-124-pauk\/\",\"name\":\"Abarth 124 Spider aukcija - Piston Addict\",\"isPartOf\":{\"@id\":\"https:\/\/pistonaddict.com\/hr\/#website\"},\"primaryImageOfPage\":{\"@id\":\"https:\/\/pistonaddict.com\/hr\/product\/abarth-124-pauk\/#primaryimage\"},\"image\":{\"@id\":\"https:\/\/pistonaddict.com\/hr\/product\/abarth-124-pauk\/#primaryimage\"},\"thumbnailUrl\":\"https:\/\/pistonaddict.com\/wp-content\/uploads\/2023\/12\/image00020-scaled.jpeg\",\"datePublished\":\"2023-12-11T14:55:41+00:00\",\"dateModified\":\"2024-03-20T08:41:27+00:00\",\"breadcrumb\":{\"@id\":\"https:\/\/pistonaddict.com\/hr\/product\/abarth-124-pauk\/#breadcrumb\"},\"inLanguage\":\"hr\",\"potentialAction\":[{\"@type\":\"ReadAction\",\"target\":[\"https:\/\/pistonaddict.com\/hr\/product\/abarth-124-pauk\/\"]}]},{\"@type\":\"ImageObject\",\"inLanguage\":\"hr\",\"@id\":\"https:\/\/pistonaddict.com\/hr\/product\/abarth-124-pauk\/#primaryimage\",\"url\":\"https:\/\/pistonaddict.com\/wp-content\/uploads\/2023\/12\/image00020-scaled.jpeg\",\"contentUrl\":\"https:\/\/pistonaddict.com\/wp-content\/uploads\/2023\/12\/image00020-scaled.jpeg\",\"width\":2560,\"height\":1920},{\"@type\":\"BreadcrumbList\",\"@id\":\"https:\/\/pistonaddict.com\/hr\/product\/abarth-124-pauk\/#breadcrumb\",\"itemListElement\":[{\"@type\":\"ListItem\",\"position\":1,\"name\":\"Po\u010detna stranica\",\"item\":\"https:\/\/pistonaddict.com\/hr\/pocetna-stranica-2\/\"},{\"@type\":\"ListItem\",\"position\":2,\"name\":\"Auctions\",\"item\":\"https:\/\/pistonaddict.com\/auctions-listing\/\"},{\"@type\":\"ListItem\",\"position\":3,\"name\":\"Abarth 124 Spider\"}]},{\"@type\":\"WebSite\",\"@id\":\"https:\/\/pistonaddict.com\/hr\/#website\",\"url\":\"https:\/\/pistonaddict.com\/hr\/\",\"name\":\"Piston Addict\",\"description\":\"Only interesting vehicles\",\"publisher\":{\"@id\":\"https:\/\/pistonaddict.com\/hr\/#organization\"},\"potentialAction\":[{\"@type\":\"SearchAction\",\"target\":{\"@type\":\"EntryPoint\",\"urlTemplate\":\"https:\/\/pistonaddict.com\/hr\/?s={search_term_string}\"},\"query-input\":\"required name=search_term_string\"}],\"inLanguage\":\"hr\"},{\"@type\":\"Organization\",\"@id\":\"https:\/\/pistonaddict.com\/hr\/#organization\",\"name\":\"Piston Addict\",\"url\":\"https:\/\/pistonaddict.com\/hr\/\",\"logo\":{\"@type\":\"ImageObject\",\"inLanguage\":\"hr\",\"@id\":\"https:\/\/pistonaddict.com\/hr\/#\/schema\/logo\/image\/\",\"url\":\"https:\/\/pistonaddict.com\/wp-content\/uploads\/2022\/07\/logo-6.png\",\"contentUrl\":\"https:\/\/pistonaddict.com\/wp-content\/uploads\/2022\/07\/logo-6.png\",\"width\":970,\"height\":200,\"caption\":\"Piston Addict\"},\"image\":{\"@id\":\"https:\/\/pistonaddict.com\/hr\/#\/schema\/logo\/image\/\"}}]}<\/script>\n<!-- \/ Yoast SEO plugin. -->","yoast_head_json":{"title":"Abarth 124 Spider aukcija - Piston Addict","robots":{"index":"index","follow":"follow","max-snippet":"max-snippet:-1","max-image-preview":"max-image-preview:large","max-video-preview":"max-video-preview:-1"},"canonical":"https:\/\/pistonaddict.com\/hr\/product\/abarth-124-pauk\/","og_locale":"hr_HR","og_type":"article","og_title":"Abarth 124 Spider aukcija - Piston Addict","og_description":"Ako \u017eelite automobil koji izgleda sjajno, zabavan je za vo\u017enju i s kojim je lako \u017eivjeti, razmislite o kupovini roadstera. Postoji nekoliko relativno novih modela na izbor, a jedan od njih je 124 Spider, koji svoju mehani\u010dku podlogu dijeli s vjerojatno najpoznatijim roadsterom dana\u0161njice - Mazdom MX5. Kao takav, predstavlja jedinstveni spoj talijanskog stila i japanske precizne tehnologije. A kada Fiatov interni tuner za\u010dini sve ovo, dobit \u0107ete vatreni Abarth 124 Spider , od kojih je jedan na aukciji upravo ovdje na na\u0161oj stranici. Ovaj besprijekoran model iz 2019. pre\u0161ao je ne\u0161to vi\u0161e od 23.000 kilometara i trenutno tra\u017ei novog vlasnika. A osim elegantnog izgleda i ugodne izvedbe, krije jo\u0161 jednog asa u rukavu.","og_url":"https:\/\/pistonaddict.com\/hr\/product\/abarth-124-pauk\/","og_site_name":"Piston Addict","article_modified_time":"2024-03-20T08:41:27+00:00","og_image":[{"width":2560,"height":1920,"url":"https:\/\/pistonaddict.com\/wp-content\/uploads\/2023\/12\/image00020-scaled.jpeg","type":"image\/jpeg"}],"twitter_card":"summary_large_image","twitter_misc":{"Procijenjeno vrijeme \u010ditanja":"2 minute"},"schema":{"@context":"https:\/\/schema.org","@graph":[{"@type":"WebPage","@id":"https:\/\/pistonaddict.com\/hr\/product\/abarth-124-pauk\/","url":"https:\/\/pistonaddict.com\/hr\/product\/abarth-124-pauk\/","name":"Abarth 124 Spider aukcija - Piston Addict","isPartOf":{"@id":"https:\/\/pistonaddict.com\/hr\/#website"},"primaryImageOfPage":{"@id":"https:\/\/pistonaddict.com\/hr\/product\/abarth-124-pauk\/#primaryimage"},"image":{"@id":"https:\/\/pistonaddict.com\/hr\/product\/abarth-124-pauk\/#primaryimage"},"thumbnailUrl":"https:\/\/pistonaddict.com\/wp-content\/uploads\/2023\/12\/image00020-scaled.jpeg","datePublished":"2023-12-11T14:55:41+00:00","dateModified":"2024-03-20T08:41:27+00:00","breadcrumb":{"@id":"https:\/\/pistonaddict.com\/hr\/product\/abarth-124-pauk\/#breadcrumb"},"inLanguage":"hr","potentialAction":[{"@type":"ReadAction","target":["https:\/\/pistonaddict.com\/hr\/product\/abarth-124-pauk\/"]}]},{"@type":"ImageObject","inLanguage":"hr","@id":"https:\/\/pistonaddict.com\/hr\/product\/abarth-124-pauk\/#primaryimage","url":"https:\/\/pistonaddict.com\/wp-content\/uploads\/2023\/12\/image00020-scaled.jpeg","contentUrl":"https:\/\/pistonaddict.com\/wp-content\/uploads\/2023\/12\/image00020-scaled.jpeg","width":2560,"height":1920},{"@type":"BreadcrumbList","@id":"https:\/\/pistonaddict.com\/hr\/product\/abarth-124-pauk\/#breadcrumb","itemListElement":[{"@type":"ListItem","position":1,"name":"Po\u010detna stranica","item":"https:\/\/pistonaddict.com\/hr\/pocetna-stranica-2\/"},{"@type":"ListItem","position":2,"name":"Auctions","item":"https:\/\/pistonaddict.com\/auctions-listing\/"},{"@type":"ListItem","position":3,"name":"Abarth 124 Spider"}]},{"@type":"WebSite","@id":"https:\/\/pistonaddict.com\/hr\/#website","url":"https:\/\/pistonaddict.com\/hr\/","name":"Piston Addict","description":"Only interesting vehicles","publisher":{"@id":"https:\/\/pistonaddict.com\/hr\/#organization"},"potentialAction":[{"@type":"SearchAction","target":{"@type":"EntryPoint","urlTemplate":"https:\/\/pistonaddict.com\/hr\/?s={search_term_string}"},"query-input":"required name=search_term_string"}],"inLanguage":"hr"},{"@type":"Organization","@id":"https:\/\/pistonaddict.com\/hr\/#organization","name":"Piston Addict","url":"https:\/\/pistonaddict.com\/hr\/","logo":{"@type":"ImageObject","inLanguage":"hr","@id":"https:\/\/pistonaddict.com\/hr\/#\/schema\/logo\/image\/","url":"https:\/\/pistonaddict.com\/wp-content\/uploads\/2022\/07\/logo-6.png","contentUrl":"https:\/\/pistonaddict.com\/wp-content\/uploads\/2022\/07\/logo-6.png","width":970,"height":200,"caption":"Piston Addict"},"image":{"@id":"https:\/\/pistonaddict.com\/hr\/#\/schema\/logo\/image\/"}}]}},"_links":{"self":[{"href":"https:\/\/pistonaddict.com\/hr\/wp-json\/wp\/v2\/product\/77353"}],"collection":[{"href":"https:\/\/pistonaddict.com\/hr\/wp-json\/wp\/v2\/product"}],"about":[{"href":"https:\/\/pistonaddict.com\/hr\/wp-json\/wp\/v2\/types\/product"}],"replies":[{"embeddable":true,"href":"https:\/\/pistonaddict.com\/hr\/wp-json\/wp\/v2\/comments?post=77353"}],"wp:featuredmedia":[{"embeddable":true,"href":"https:\/\/pistonaddict.com\/hr\/wp-json\/wp\/v2\/media\/77134"}],"wp:attachment":[{"href":"https:\/\/pistonaddict.com\/hr\/wp-json\/wp\/v2\/media?parent=77353"}],"wp:term":[{"taxonomy":"product_cat","embeddable":true,"href":"https:\/\/pistonaddict.com\/hr\/wp-json\/wp\/v2\/product_cat?post=77353"},{"taxonomy":"product_tag","embeddable":true,"href":"https:\/\/pistonaddict.com\/hr\/wp-json\/wp\/v2\/product_tag?post=77353"}],"curies":[{"name":"wp","href":"https:\/\/api.w.org\/{rel}","templated":true}]}}