{"id":76291,"date":"2023-12-01T10:53:23","date_gmt":"2023-12-01T09:53:23","guid":{"rendered":"https:\/\/pistonaddict.com\/product\/ferrari-488-gtb\/"},"modified":"2023-12-20T11:45:30","modified_gmt":"2023-12-20T10:45:30","slug":"ferrari-488-gtb","status":"publish","type":"product","link":"https:\/\/pistonaddict.com\/hr\/product\/ferrari-488-gtb\/","title":{"rendered":"Ferrari 488 GTB"},"content":{"rendered":"<p><strong>Povijest automobila<\/strong><\/p>\n<p>Zamijeniv\u0161i 458 Italia 2015. godine, Ferrari je predstavio 488 GTB, koji je bio prvi Ferrari V8 s turbopunja\u010dem i sredi\u0161njim motorom nakon legendarnog F40. Iako je 488 GTB bio slabijeg obujma, jer je imao samo 3,9-litreni V8, imao je 100 KS vi\u0161e od 458 Italia, na nevjerojatnih 670 KS. Ali ono \u0161to je bilo jo\u0161 uzbudljivije je brojka okretnog momenta, koja je impresivna na 760 Nm i jam\u010di munjevito ubrzanje, trenutni odziv na gas i nevjerojatnu dinamiku vo\u017enje. Do 100 km\/h sti\u017ee za samo 3 sekunde, a maksimalnih 330 km\/h zvu\u010di nevjerojatno. S malom kilometra\u017eom, uzbudljivim opcijama i karbonskim ko\u010dnicama, 488 GTB koji nudimo pravi je model voza\u010dkih specifikacija spreman da vas zadivi \u010distom snagom, profinjeno\u0161\u0107u i dinamikom vo\u017enje borbenog zrakoplova.<\/p>\n<p><strong>Unutra\u0161njost<\/strong><\/p>\n<p>Budu\u0107i da je ovaj Ferrari bri\u017eljivo \u010duvan, interijer od crne ko\u017ee i alcantare je u vrlo dobrom stanju, bez tragova kori\u0161tenja. Izvorni vlasnik ovog automobila odabrao je izvedbene opcije poput karbonskih stra\u017enjih sjedala s kombinacijom ko\u017ee i alcantare, digitalnog zaslona na upravlja\u010du i karbonskih umetaka u unutra\u0161njosti. Sve ovo izgleda savr\u0161eno dobro, bez ogrebotina, i doprinosi dojmu performansi ovog automobila. Nema nikakvih izmjena i sve u potpunosti funkcionira prema o\u010dekivanjima.<\/p>\n<p><strong>Uvjet<\/strong><\/p>\n<p>U po\u010detku je ovaj Ferrari 488 GTB isporu\u010den u travnju 2016. svom prvom vlasniku u Francuskoj, a prodavatelj ga je kupio 2022. godine. Ovaj superauto je u besprijekornom stanju, sa samo 20.500 kilometara na broja\u010du. Automobil se nikada nije utrkivao, pratio niti je sudjelovao u bilo kakvim nesre\u0107ama. Uvijek pa\u017eljivo odr\u017eavan, s remontom ko\u010dnica krajem studenog 2023. i zadnjim kompletnim servisom u svibnju iste godine. Budu\u0107im vlasnicima bit \u0107e drago znati da je ovaj primjerak pokriven produljenim Ferrarijevim jamstvom (Ferrari Power), koje je prenosivo. Odr\u017eavanje je uvijek obavljao ovla\u0161teni trgovac i to je dokumentirano. Me\u0111utim, jedna od prednosti ovog automobila je njegov duga\u010dak popis dodatne opreme. <strong>Ovaj 488 GTB ima ATF sustav, kerami\u010dke ko\u010dnice s obojenim ko\u010dionim \u010deljustima, plo\u010de vrata i sjedala od uglji\u010dnih vlakana, prednji i stra\u017enji PDC, podiza\u010d ovjesa i karbonske umetke<\/strong> . Sve to ga \u010dini jedinstvenim automobilom s idealnim voza\u010dkim karakteristikama.<\/p>\n<p><strong>Vanjski izgled i kota\u010di<\/strong><\/p>\n<p>Zavr\u0161en u upe\u010datljivoj nijansi Grigio Silverstone, ovaj 488 GTB ima odgovaraju\u0107u crnu unutra\u0161njost, \u0161to ga \u010dini pravim mjestom. Iako nije crvena, jo\u0161 je ljep\u0161a i diskretnija u tamno sivoj boji. Naravno, limarija je bez ikakvih ogrebotina i udubljenja. S tvorni\u010dkim kota\u010dima od 20 in\u010da umotanim u potpuno nove i ispravne Pirellijeve gume, ovaj fantasti\u010dni 488 GTB spreman je pretvoriti svojih 670 KS u jedinstveno iskustvo vo\u017enje.<\/p>\n<p><strong> <\/strong><strong>Dokumentacija<\/strong><\/p>\n<p>Profesional prodaje ovo vozilo sa odgovaraju\u0107om dokumentacijom, nalazi se u Francuskoj. <a href=\"https:\/\/pistonaddict.com\/wp-content\/uploads\/2023\/12\/Ferrari488GTB.pdf\" target=\"_blank\" rel=\"noopener\">CarVertical izvje\u0161\u0107e<\/a> je \u010disto; ne postoje dokazi o nesre\u0107ama, popravcima nesre\u0107e, vlasni\u0161tvu ili pravnim problemima. Postoje evidencije redovnog odr\u017eavanja, ra\u010duni o prodaji i ra\u010duni. <strong>Produljeno tvorni\u010dko jamstvo na ovaj model na 12 mjeseci<\/strong> i Certifikat o sukladnosti (vrijedan 2000 eura) dodatni su dokaz da se radi o vrhunskom kolekcionarskom vozilu.<\/p>\n<p><strong><br \/>\nPogledajte videozapis hladnog pokretanja ovog prekrasnog Ferrarija 488 GTB:<\/strong><\/p>\n<p><iframe title=\"Cold Start Video of the Ferrari 488 GTB for auction sale\" width=\"1200\" height=\"675\" src=\"https:\/\/www.youtube.com\/embed\/_SyEnhUZHXQ?feature=oembed\" frameborder=\"0\" allow=\"accelerometer; autoplay; clipboard-write; encrypted-media; gyroscope; picture-in-picture; web-share\" allowfullscreen><\/iframe><\/p>\n","protected":false},"excerpt":{"rendered":"<p>Ako je Ferrari 458 Italia bio atmosfersko savr\u0161enstvo, nasljednik, 488 Italia, bio je remek-djelo s turbopunja\u010dem. 458 Italia je postavio iznimno visoke standarde za klasu sportskih automobila sa srednjim motorom, ali Ferrari je uspio prema\u0161iti o\u010dekivanja s 488 GTB. Nevjerojatno sna\u017ean, agresivan i brz, 488 GTB je sportski automobil za istinske poznavatelje, jednako kao kod ku\u0107e na Autobahnu i na stazi. Primjerak koji imamo u prodaji jedan je od najboljih dostupnih.<\/p>\n","protected":false},"featured_media":75667,"comment_status":"open","ping_status":"closed","template":"","meta":{"inline_featured_image":false},"product_cat":[722],"product_tag":[2667,2191,917,2663],"acf":[],"yoast_head":"<!-- This site is optimized with the Yoast SEO plugin v22.5 - https:\/\/yoast.com\/wordpress\/plugins\/seo\/ -->\n<title>Ferrari 488 GTB aukcija - Piston Addict<\/title>\n<meta name=\"robots\" content=\"index, follow, max-snippet:-1, max-image-preview:large, max-video-preview:-1\" \/>\n<link rel=\"canonical\" href=\"https:\/\/pistonaddict.com\/hr\/product\/ferrari-488-gtb\/\" \/>\n<meta property=\"og:locale\" content=\"hr_HR\" \/>\n<meta property=\"og:type\" content=\"article\" \/>\n<meta property=\"og:title\" content=\"Ferrari 488 GTB aukcija - Piston Addict\" \/>\n<meta property=\"og:description\" content=\"Ako je Ferrari 458 Italia bio atmosfersko savr\u0161enstvo, nasljednik, 488 Italia, bio je remek-djelo s turbopunja\u010dem. 458 Italia je postavio iznimno visoke standarde za klasu sportskih automobila sa srednjim motorom, ali Ferrari je uspio prema\u0161iti o\u010dekivanja s 488 GTB. Nevjerojatno sna\u017ean, agresivan i brz, 488 GTB je sportski automobil za istinske poznavatelje, jednako kao kod ku\u0107e na Autobahnu i na stazi. Primjerak koji imamo u prodaji jedan je od najboljih dostupnih.\" \/>\n<meta property=\"og:url\" content=\"https:\/\/pistonaddict.com\/hr\/product\/ferrari-488-gtb\/\" \/>\n<meta property=\"og:site_name\" content=\"Piston Addict\" \/>\n<meta property=\"article:modified_time\" content=\"2023-12-20T10:45:30+00:00\" \/>\n<meta property=\"og:image\" content=\"https:\/\/pistonaddict.com\/wp-content\/uploads\/2023\/12\/IMG_0075-1024x765.png\" \/>\n\t<meta property=\"og:image:width\" content=\"1024\" \/>\n\t<meta property=\"og:image:height\" content=\"765\" \/>\n\t<meta property=\"og:image:type\" content=\"image\/png\" \/>\n<meta name=\"twitter:card\" content=\"summary_large_image\" \/>\n<meta name=\"twitter:label1\" content=\"Procijenjeno vrijeme \u010ditanja\" \/>\n\t<meta name=\"twitter:data1\" content=\"3 minute\" \/>\n<script type=\"application\/ld+json\" class=\"yoast-schema-graph\">{\"@context\":\"https:\/\/schema.org\",\"@graph\":[{\"@type\":\"WebPage\",\"@id\":\"https:\/\/pistonaddict.com\/hr\/product\/ferrari-488-gtb\/\",\"url\":\"https:\/\/pistonaddict.com\/hr\/product\/ferrari-488-gtb\/\",\"name\":\"Ferrari 488 GTB aukcija - Piston Addict\",\"isPartOf\":{\"@id\":\"https:\/\/pistonaddict.com\/hr\/#website\"},\"primaryImageOfPage\":{\"@id\":\"https:\/\/pistonaddict.com\/hr\/product\/ferrari-488-gtb\/#primaryimage\"},\"image\":{\"@id\":\"https:\/\/pistonaddict.com\/hr\/product\/ferrari-488-gtb\/#primaryimage\"},\"thumbnailUrl\":\"https:\/\/pistonaddict.com\/wp-content\/uploads\/2023\/12\/IMG_0075.png\",\"datePublished\":\"2023-12-01T09:53:23+00:00\",\"dateModified\":\"2023-12-20T10:45:30+00:00\",\"breadcrumb\":{\"@id\":\"https:\/\/pistonaddict.com\/hr\/product\/ferrari-488-gtb\/#breadcrumb\"},\"inLanguage\":\"hr\",\"potentialAction\":[{\"@type\":\"ReadAction\",\"target\":[\"https:\/\/pistonaddict.com\/hr\/product\/ferrari-488-gtb\/\"]}]},{\"@type\":\"ImageObject\",\"inLanguage\":\"hr\",\"@id\":\"https:\/\/pistonaddict.com\/hr\/product\/ferrari-488-gtb\/#primaryimage\",\"url\":\"https:\/\/pistonaddict.com\/wp-content\/uploads\/2023\/12\/IMG_0075.png\",\"contentUrl\":\"https:\/\/pistonaddict.com\/wp-content\/uploads\/2023\/12\/IMG_0075.png\",\"width\":2160,\"height\":1614},{\"@type\":\"BreadcrumbList\",\"@id\":\"https:\/\/pistonaddict.com\/hr\/product\/ferrari-488-gtb\/#breadcrumb\",\"itemListElement\":[{\"@type\":\"ListItem\",\"position\":1,\"name\":\"Po\u010detna stranica\",\"item\":\"https:\/\/pistonaddict.com\/hr\/pocetna-stranica-2\/\"},{\"@type\":\"ListItem\",\"position\":2,\"name\":\"Auctions\",\"item\":\"https:\/\/pistonaddict.com\/auctions-listing\/\"},{\"@type\":\"ListItem\",\"position\":3,\"name\":\"Ferrari 488 GTB\"}]},{\"@type\":\"WebSite\",\"@id\":\"https:\/\/pistonaddict.com\/hr\/#website\",\"url\":\"https:\/\/pistonaddict.com\/hr\/\",\"name\":\"Piston Addict\",\"description\":\"Only interesting vehicles\",\"publisher\":{\"@id\":\"https:\/\/pistonaddict.com\/hr\/#organization\"},\"potentialAction\":[{\"@type\":\"SearchAction\",\"target\":{\"@type\":\"EntryPoint\",\"urlTemplate\":\"https:\/\/pistonaddict.com\/hr\/?s={search_term_string}\"},\"query-input\":\"required name=search_term_string\"}],\"inLanguage\":\"hr\"},{\"@type\":\"Organization\",\"@id\":\"https:\/\/pistonaddict.com\/hr\/#organization\",\"name\":\"Piston Addict\",\"url\":\"https:\/\/pistonaddict.com\/hr\/\",\"logo\":{\"@type\":\"ImageObject\",\"inLanguage\":\"hr\",\"@id\":\"https:\/\/pistonaddict.com\/hr\/#\/schema\/logo\/image\/\",\"url\":\"https:\/\/pistonaddict.com\/wp-content\/uploads\/2022\/07\/logo-6.png\",\"contentUrl\":\"https:\/\/pistonaddict.com\/wp-content\/uploads\/2022\/07\/logo-6.png\",\"width\":970,\"height\":200,\"caption\":\"Piston Addict\"},\"image\":{\"@id\":\"https:\/\/pistonaddict.com\/hr\/#\/schema\/logo\/image\/\"}}]}<\/script>\n<!-- \/ Yoast SEO plugin. -->","yoast_head_json":{"title":"Ferrari 488 GTB aukcija - Piston Addict","robots":{"index":"index","follow":"follow","max-snippet":"max-snippet:-1","max-image-preview":"max-image-preview:large","max-video-preview":"max-video-preview:-1"},"canonical":"https:\/\/pistonaddict.com\/hr\/product\/ferrari-488-gtb\/","og_locale":"hr_HR","og_type":"article","og_title":"Ferrari 488 GTB aukcija - Piston Addict","og_description":"Ako je Ferrari 458 Italia bio atmosfersko savr\u0161enstvo, nasljednik, 488 Italia, bio je remek-djelo s turbopunja\u010dem. 458 Italia je postavio iznimno visoke standarde za klasu sportskih automobila sa srednjim motorom, ali Ferrari je uspio prema\u0161iti o\u010dekivanja s 488 GTB. Nevjerojatno sna\u017ean, agresivan i brz, 488 GTB je sportski automobil za istinske poznavatelje, jednako kao kod ku\u0107e na Autobahnu i na stazi. Primjerak koji imamo u prodaji jedan je od najboljih dostupnih.","og_url":"https:\/\/pistonaddict.com\/hr\/product\/ferrari-488-gtb\/","og_site_name":"Piston Addict","article_modified_time":"2023-12-20T10:45:30+00:00","og_image":[{"width":1024,"height":765,"url":"https:\/\/pistonaddict.com\/wp-content\/uploads\/2023\/12\/IMG_0075-1024x765.png","type":"image\/png"}],"twitter_card":"summary_large_image","twitter_misc":{"Procijenjeno vrijeme \u010ditanja":"3 minute"},"schema":{"@context":"https:\/\/schema.org","@graph":[{"@type":"WebPage","@id":"https:\/\/pistonaddict.com\/hr\/product\/ferrari-488-gtb\/","url":"https:\/\/pistonaddict.com\/hr\/product\/ferrari-488-gtb\/","name":"Ferrari 488 GTB aukcija - Piston Addict","isPartOf":{"@id":"https:\/\/pistonaddict.com\/hr\/#website"},"primaryImageOfPage":{"@id":"https:\/\/pistonaddict.com\/hr\/product\/ferrari-488-gtb\/#primaryimage"},"image":{"@id":"https:\/\/pistonaddict.com\/hr\/product\/ferrari-488-gtb\/#primaryimage"},"thumbnailUrl":"https:\/\/pistonaddict.com\/wp-content\/uploads\/2023\/12\/IMG_0075.png","datePublished":"2023-12-01T09:53:23+00:00","dateModified":"2023-12-20T10:45:30+00:00","breadcrumb":{"@id":"https:\/\/pistonaddict.com\/hr\/product\/ferrari-488-gtb\/#breadcrumb"},"inLanguage":"hr","potentialAction":[{"@type":"ReadAction","target":["https:\/\/pistonaddict.com\/hr\/product\/ferrari-488-gtb\/"]}]},{"@type":"ImageObject","inLanguage":"hr","@id":"https:\/\/pistonaddict.com\/hr\/product\/ferrari-488-gtb\/#primaryimage","url":"https:\/\/pistonaddict.com\/wp-content\/uploads\/2023\/12\/IMG_0075.png","contentUrl":"https:\/\/pistonaddict.com\/wp-content\/uploads\/2023\/12\/IMG_0075.png","width":2160,"height":1614},{"@type":"BreadcrumbList","@id":"https:\/\/pistonaddict.com\/hr\/product\/ferrari-488-gtb\/#breadcrumb","itemListElement":[{"@type":"ListItem","position":1,"name":"Po\u010detna stranica","item":"https:\/\/pistonaddict.com\/hr\/pocetna-stranica-2\/"},{"@type":"ListItem","position":2,"name":"Auctions","item":"https:\/\/pistonaddict.com\/auctions-listing\/"},{"@type":"ListItem","position":3,"name":"Ferrari 488 GTB"}]},{"@type":"WebSite","@id":"https:\/\/pistonaddict.com\/hr\/#website","url":"https:\/\/pistonaddict.com\/hr\/","name":"Piston Addict","description":"Only interesting vehicles","publisher":{"@id":"https:\/\/pistonaddict.com\/hr\/#organization"},"potentialAction":[{"@type":"SearchAction","target":{"@type":"EntryPoint","urlTemplate":"https:\/\/pistonaddict.com\/hr\/?s={search_term_string}"},"query-input":"required name=search_term_string"}],"inLanguage":"hr"},{"@type":"Organization","@id":"https:\/\/pistonaddict.com\/hr\/#organization","name":"Piston Addict","url":"https:\/\/pistonaddict.com\/hr\/","logo":{"@type":"ImageObject","inLanguage":"hr","@id":"https:\/\/pistonaddict.com\/hr\/#\/schema\/logo\/image\/","url":"https:\/\/pistonaddict.com\/wp-content\/uploads\/2022\/07\/logo-6.png","contentUrl":"https:\/\/pistonaddict.com\/wp-content\/uploads\/2022\/07\/logo-6.png","width":970,"height":200,"caption":"Piston Addict"},"image":{"@id":"https:\/\/pistonaddict.com\/hr\/#\/schema\/logo\/image\/"}}]}},"_links":{"self":[{"href":"https:\/\/pistonaddict.com\/hr\/wp-json\/wp\/v2\/product\/76291"}],"collection":[{"href":"https:\/\/pistonaddict.com\/hr\/wp-json\/wp\/v2\/product"}],"about":[{"href":"https:\/\/pistonaddict.com\/hr\/wp-json\/wp\/v2\/types\/product"}],"replies":[{"embeddable":true,"href":"https:\/\/pistonaddict.com\/hr\/wp-json\/wp\/v2\/comments?post=76291"}],"wp:featuredmedia":[{"embeddable":true,"href":"https:\/\/pistonaddict.com\/hr\/wp-json\/wp\/v2\/media\/75667"}],"wp:attachment":[{"href":"https:\/\/pistonaddict.com\/hr\/wp-json\/wp\/v2\/media?parent=76291"}],"wp:term":[{"taxonomy":"product_cat","embeddable":true,"href":"https:\/\/pistonaddict.com\/hr\/wp-json\/wp\/v2\/product_cat?post=76291"},{"taxonomy":"product_tag","embeddable":true,"href":"https:\/\/pistonaddict.com\/hr\/wp-json\/wp\/v2\/product_tag?post=76291"}],"curies":[{"name":"wp","href":"https:\/\/api.w.org\/{rel}","templated":true}]}}