{"id":75642,"date":"2023-12-01T10:02:11","date_gmt":"2023-12-01T09:02:11","guid":{"rendered":"https:\/\/pistonaddict.com\/product\/ferrari-458-italia\/"},"modified":"2023-12-20T09:59:11","modified_gmt":"2023-12-20T08:59:11","slug":"ferrari-458-italia","status":"publish","type":"product","link":"https:\/\/pistonaddict.com\/hr\/product\/ferrari-458-italia\/","title":{"rendered":"Ferrari 458 Italia"},"content":{"rendered":"<p><strong>Povijest automobila<\/strong><\/p>\n<p>458 Italia predstavljena je 2009. godine i ozna\u010dila je novu eru za ovu legendarnu marku, uvode\u0107i novi dizajnerski jezik, 4,5-litreni V8 motor, elektroni\u010dki diferencijal i 7-stupanjski automatski mjenja\u010d s dvostrukom spojkom kao jedinu opciju motora. S 570 KS poslanih na stra\u017enje kota\u010de i crvenom linijom od 9000 o\/min, 458 Italia isporu\u010dila je voznu dinamiku gotovo Formule 1 s istim zvukom i uzbu\u0111enjem. Od samog po\u010detka, testeri \u010dasopisa proglasili su 458 jednim od najboljih cestovnih Ferrarija u ponudi &#8211; \u0161to je velika pohvala, ali ne bez razloga. To je nevjerojatno brz talijanski pastuh s ubrzanjem od 0 do 100 km\/h ispod 4 sekunde i maksimalnom brzinom od preko 320 km\/h. Ovaj konkretni Ferrari 458 proizveden je 2011. godine, a trenutni prodava\u010d ga je kupio 2022. godine. S vrlo zanimljivim skupom opcija, klasi\u010dnom crveno-crnom shemom boje, malom kilometra\u017eom i nedavnim servisom, spreman je da novi vlasnik u njemu potpuno u\u017eiva. Izvorni vlasnik ovog automobila usredoto\u010dio se na pogodnosti kao \u0161to su Adaptive Front Lightning System, grijana sjedala, PDC za lak\u0161e manevriranje i parkiranje, elektri\u010dno podesivi stup upravlja\u010da i jo\u0161 mnogo toga. Sve to \u010dini ovaj 458 Italia vrlo dobro odabranim primjerkom koji je jednostavan za kori\u0161tenje.<\/p>\n<p><strong>Unutra\u0161njost<\/strong><\/p>\n<p>Budu\u0107i da je ovaj Ferrari pomno \u010duvan, crna ko\u017ena unutra\u0161njost je u vrlo dobrom stanju s minimalnim tragovima kori\u0161tenja. Sjedala s crvenim \u0161avovima u idealnom su stanju, a izvorni vlasnik odlu\u010dio se za elegantan izgled koji nikada ne\u0107e iza\u0107i iz mode. Nema nikakvih izmjena, a interijer izgleda potpuno novo.<\/p>\n<p><strong>Uvjet<\/strong><\/p>\n<p>Sa samo 25.500 kilometara, ovaj Ferrari 458 Italia besprijekoran je i bri\u017eno o njemu brinu svi njegovi korisnici. Svi postupci odr\u017eavanja obavljeni su na vrijeme, s posljednjom izmjenom ulja i servisom u svibnju 2023., a remontom ko\u010dnica prije samo nekoliko dana, krajem studenog 2023. Me\u0111utim, ono \u0161to je jo\u0161 va\u017enije u ovom konkretnom primjeru je da su sva tvorni\u010dka povla\u010denja za model 458 Italia izvr\u0161ili slu\u017ebeni zastupnici s dokumentima koji to dokazuju. Automobil je izvorno isporu\u010den u Nizozemskoj, a ovla\u0161teni Ferrari trgovac obavio je uslugu opoziva. 2019. zamijenjen je zra\u010dni jastuk suvoza\u010da, a 2022. promijenjen je \u010dep spremnika ko\u010dione teku\u0107ine. Sve te intervencije povla\u010denja odobrene su od strane tvornice i dokumentirane. To pokazuje da su svi vlasnici predani entuzijasti. <strong>Ovaj automobil ima produljeno jamstvo za Ferrari New Power za sljede\u0107ih 12 mjeseci<\/strong> .<\/p>\n<p><strong> <\/strong><strong>Vanjski izgled i kota\u010di<\/strong><\/p>\n<p>Rosso Corsa naj\u010de\u0161\u0107a je Ferrarijeva boja, ali ova legendarna nijansa savr\u0161eno pristaje uz zavodljive linije 458 Italia. Originalna boja je bez tragova, nema tragova i ogrebotina, a auto je savr\u0161eno prezentabilan. S 20-in\u010dnim tvorni\u010dkim originalnim kota\u010dima i potpuno novim Michelin gumama, ovaj je automobil spreman isporu\u010diti svoje pune performanse. Jedna od zna\u010dajnih opcija koje ovaj automobil ima su kerami\u010dke ko\u010dnice za nevjerojatnu mo\u0107 zaustavljanja.<\/p>\n<p><strong>Dokumentacija<\/strong><\/p>\n<p>Ovo vozilo prodaje stru\u010dna osoba sa odgovaraju\u0107om dokumentacijom, a nalazi se u Francuskoj. <a href=\"https:\/\/pistonaddict.com\/wp-content\/uploads\/2023\/12\/CarVertical458.pdf\" target=\"_blank\" rel=\"noopener\">CarVertical<\/a> izvje\u0161\u0107e je \u010disto; nema dokaza o nesre\u0107ama, popravcima nesre\u0107e, vlasni\u0161tvu ili pravnim problemima. Postoje zapisi o redovitom odr\u017eavanju zajedno s originalnim tvorni\u010dkim bro\u0161urama, ra\u010dunima o prodaji i ra\u010dunima. Produljeno tvorni\u010dko jamstvo (Ferrari Power) na ovaj model na 12 mjeseci i Certifikat o sukladnosti (vrijedan 2000 eura) dodatni su dokaz da se radi o vrhunskom kolekcionarskom vozilu.<\/p>\n<p><strong>Pogledajte video hladnog pokretanja ovog prekrasnog Ferrarija 458 Italia:<\/strong><\/p>\n<p><iframe title=\"Cold Start Video of the Ferrari 458 Italia for auction sale\" width=\"1200\" height=\"675\" src=\"https:\/\/www.youtube.com\/embed\/BEdW3ySb03E?feature=oembed\" frameborder=\"0\" allow=\"accelerometer; autoplay; clipboard-write; encrypted-media; gyroscope; picture-in-picture; web-share\" allowfullscreen><\/iframe><\/p>\n","protected":false},"excerpt":{"rendered":"<p>Uvijek na vrhuncu automobilske tehnologije i performansi, Ferrari je usvojio turbo punjenje kao standard u svim svojim modelima, zajedno s hibridnim pogonskim sklopom. Me\u0111utim, nakratko je Ferrari proizveo krajnje moderan sportski automobil, pokretan vri\u0161te\u0107im atmosferskim motorom koji je savr\u0161eno kombinirao suvremenu tehnologiju, visoke okretaje i neizmjerno sna\u017ean motor za onaj \u0161armantni osje\u0107aj stare \u0161kole. Da, govorimo o 458 Italia, i ponosni smo \u0161to vam mo\u017eemo ponuditi jedan od najboljih primjeraka na tr\u017ei\u0161tu.<\/p>\n","protected":false},"featured_media":75534,"comment_status":"open","ping_status":"closed","template":"","meta":{"inline_featured_image":false},"product_cat":[722],"product_tag":[2586,2584,917,2583],"acf":[],"yoast_head":"<!-- This site is optimized with the Yoast SEO plugin v22.5 - https:\/\/yoast.com\/wordpress\/plugins\/seo\/ -->\n<title>Ferrari 458 Italia aukcija - Piston Addict<\/title>\n<meta name=\"robots\" content=\"index, follow, max-snippet:-1, max-image-preview:large, max-video-preview:-1\" \/>\n<link rel=\"canonical\" href=\"https:\/\/pistonaddict.com\/hr\/product\/ferrari-458-italia\/\" \/>\n<meta property=\"og:locale\" content=\"hr_HR\" \/>\n<meta property=\"og:type\" content=\"article\" \/>\n<meta property=\"og:title\" content=\"Ferrari 458 Italia aukcija - Piston Addict\" \/>\n<meta property=\"og:description\" content=\"Uvijek na vrhuncu automobilske tehnologije i performansi, Ferrari je usvojio turbo punjenje kao standard u svim svojim modelima, zajedno s hibridnim pogonskim sklopom. Me\u0111utim, nakratko je Ferrari proizveo krajnje moderan sportski automobil, pokretan vri\u0161te\u0107im atmosferskim motorom koji je savr\u0161eno kombinirao suvremenu tehnologiju, visoke okretaje i neizmjerno sna\u017ean motor za onaj \u0161armantni osje\u0107aj stare \u0161kole. Da, govorimo o 458 Italia, i ponosni smo \u0161to vam mo\u017eemo ponuditi jedan od najboljih primjeraka na tr\u017ei\u0161tu.\" \/>\n<meta property=\"og:url\" content=\"https:\/\/pistonaddict.com\/hr\/product\/ferrari-458-italia\/\" \/>\n<meta property=\"og:site_name\" content=\"Piston Addict\" \/>\n<meta property=\"article:modified_time\" content=\"2023-12-20T08:59:11+00:00\" \/>\n<meta property=\"og:image\" content=\"https:\/\/pistonaddict.com\/wp-content\/uploads\/2023\/12\/IMG_0124.jpeg\" \/>\n\t<meta property=\"og:image:width\" content=\"1885\" \/>\n\t<meta property=\"og:image:height\" content=\"1207\" \/>\n\t<meta property=\"og:image:type\" content=\"image\/jpeg\" \/>\n<meta name=\"twitter:card\" content=\"summary_large_image\" \/>\n<meta name=\"twitter:label1\" content=\"Procijenjeno vrijeme \u010ditanja\" \/>\n\t<meta name=\"twitter:data1\" content=\"3 minute\" \/>\n<script type=\"application\/ld+json\" class=\"yoast-schema-graph\">{\"@context\":\"https:\/\/schema.org\",\"@graph\":[{\"@type\":\"WebPage\",\"@id\":\"https:\/\/pistonaddict.com\/hr\/product\/ferrari-458-italia\/\",\"url\":\"https:\/\/pistonaddict.com\/hr\/product\/ferrari-458-italia\/\",\"name\":\"Ferrari 458 Italia aukcija - Piston Addict\",\"isPartOf\":{\"@id\":\"https:\/\/pistonaddict.com\/hr\/#website\"},\"primaryImageOfPage\":{\"@id\":\"https:\/\/pistonaddict.com\/hr\/product\/ferrari-458-italia\/#primaryimage\"},\"image\":{\"@id\":\"https:\/\/pistonaddict.com\/hr\/product\/ferrari-458-italia\/#primaryimage\"},\"thumbnailUrl\":\"https:\/\/pistonaddict.com\/wp-content\/uploads\/2023\/12\/IMG_0124.jpeg\",\"datePublished\":\"2023-12-01T09:02:11+00:00\",\"dateModified\":\"2023-12-20T08:59:11+00:00\",\"breadcrumb\":{\"@id\":\"https:\/\/pistonaddict.com\/hr\/product\/ferrari-458-italia\/#breadcrumb\"},\"inLanguage\":\"hr\",\"potentialAction\":[{\"@type\":\"ReadAction\",\"target\":[\"https:\/\/pistonaddict.com\/hr\/product\/ferrari-458-italia\/\"]}]},{\"@type\":\"ImageObject\",\"inLanguage\":\"hr\",\"@id\":\"https:\/\/pistonaddict.com\/hr\/product\/ferrari-458-italia\/#primaryimage\",\"url\":\"https:\/\/pistonaddict.com\/wp-content\/uploads\/2023\/12\/IMG_0124.jpeg\",\"contentUrl\":\"https:\/\/pistonaddict.com\/wp-content\/uploads\/2023\/12\/IMG_0124.jpeg\",\"width\":1885,\"height\":1207},{\"@type\":\"BreadcrumbList\",\"@id\":\"https:\/\/pistonaddict.com\/hr\/product\/ferrari-458-italia\/#breadcrumb\",\"itemListElement\":[{\"@type\":\"ListItem\",\"position\":1,\"name\":\"Po\u010detna stranica\",\"item\":\"https:\/\/pistonaddict.com\/hr\/pocetna-stranica-2\/\"},{\"@type\":\"ListItem\",\"position\":2,\"name\":\"Auctions\",\"item\":\"https:\/\/pistonaddict.com\/auctions-listing\/\"},{\"@type\":\"ListItem\",\"position\":3,\"name\":\"Ferrari 458 Italia\"}]},{\"@type\":\"WebSite\",\"@id\":\"https:\/\/pistonaddict.com\/hr\/#website\",\"url\":\"https:\/\/pistonaddict.com\/hr\/\",\"name\":\"Piston Addict\",\"description\":\"Only interesting vehicles\",\"publisher\":{\"@id\":\"https:\/\/pistonaddict.com\/hr\/#organization\"},\"potentialAction\":[{\"@type\":\"SearchAction\",\"target\":{\"@type\":\"EntryPoint\",\"urlTemplate\":\"https:\/\/pistonaddict.com\/hr\/?s={search_term_string}\"},\"query-input\":\"required name=search_term_string\"}],\"inLanguage\":\"hr\"},{\"@type\":\"Organization\",\"@id\":\"https:\/\/pistonaddict.com\/hr\/#organization\",\"name\":\"Piston Addict\",\"url\":\"https:\/\/pistonaddict.com\/hr\/\",\"logo\":{\"@type\":\"ImageObject\",\"inLanguage\":\"hr\",\"@id\":\"https:\/\/pistonaddict.com\/hr\/#\/schema\/logo\/image\/\",\"url\":\"https:\/\/pistonaddict.com\/wp-content\/uploads\/2022\/07\/logo-6.png\",\"contentUrl\":\"https:\/\/pistonaddict.com\/wp-content\/uploads\/2022\/07\/logo-6.png\",\"width\":970,\"height\":200,\"caption\":\"Piston Addict\"},\"image\":{\"@id\":\"https:\/\/pistonaddict.com\/hr\/#\/schema\/logo\/image\/\"}}]}<\/script>\n<!-- \/ Yoast SEO plugin. -->","yoast_head_json":{"title":"Ferrari 458 Italia aukcija - Piston Addict","robots":{"index":"index","follow":"follow","max-snippet":"max-snippet:-1","max-image-preview":"max-image-preview:large","max-video-preview":"max-video-preview:-1"},"canonical":"https:\/\/pistonaddict.com\/hr\/product\/ferrari-458-italia\/","og_locale":"hr_HR","og_type":"article","og_title":"Ferrari 458 Italia aukcija - Piston Addict","og_description":"Uvijek na vrhuncu automobilske tehnologije i performansi, Ferrari je usvojio turbo punjenje kao standard u svim svojim modelima, zajedno s hibridnim pogonskim sklopom. Me\u0111utim, nakratko je Ferrari proizveo krajnje moderan sportski automobil, pokretan vri\u0161te\u0107im atmosferskim motorom koji je savr\u0161eno kombinirao suvremenu tehnologiju, visoke okretaje i neizmjerno sna\u017ean motor za onaj \u0161armantni osje\u0107aj stare \u0161kole. Da, govorimo o 458 Italia, i ponosni smo \u0161to vam mo\u017eemo ponuditi jedan od najboljih primjeraka na tr\u017ei\u0161tu.","og_url":"https:\/\/pistonaddict.com\/hr\/product\/ferrari-458-italia\/","og_site_name":"Piston Addict","article_modified_time":"2023-12-20T08:59:11+00:00","og_image":[{"width":1885,"height":1207,"url":"https:\/\/pistonaddict.com\/wp-content\/uploads\/2023\/12\/IMG_0124.jpeg","type":"image\/jpeg"}],"twitter_card":"summary_large_image","twitter_misc":{"Procijenjeno vrijeme \u010ditanja":"3 minute"},"schema":{"@context":"https:\/\/schema.org","@graph":[{"@type":"WebPage","@id":"https:\/\/pistonaddict.com\/hr\/product\/ferrari-458-italia\/","url":"https:\/\/pistonaddict.com\/hr\/product\/ferrari-458-italia\/","name":"Ferrari 458 Italia aukcija - Piston Addict","isPartOf":{"@id":"https:\/\/pistonaddict.com\/hr\/#website"},"primaryImageOfPage":{"@id":"https:\/\/pistonaddict.com\/hr\/product\/ferrari-458-italia\/#primaryimage"},"image":{"@id":"https:\/\/pistonaddict.com\/hr\/product\/ferrari-458-italia\/#primaryimage"},"thumbnailUrl":"https:\/\/pistonaddict.com\/wp-content\/uploads\/2023\/12\/IMG_0124.jpeg","datePublished":"2023-12-01T09:02:11+00:00","dateModified":"2023-12-20T08:59:11+00:00","breadcrumb":{"@id":"https:\/\/pistonaddict.com\/hr\/product\/ferrari-458-italia\/#breadcrumb"},"inLanguage":"hr","potentialAction":[{"@type":"ReadAction","target":["https:\/\/pistonaddict.com\/hr\/product\/ferrari-458-italia\/"]}]},{"@type":"ImageObject","inLanguage":"hr","@id":"https:\/\/pistonaddict.com\/hr\/product\/ferrari-458-italia\/#primaryimage","url":"https:\/\/pistonaddict.com\/wp-content\/uploads\/2023\/12\/IMG_0124.jpeg","contentUrl":"https:\/\/pistonaddict.com\/wp-content\/uploads\/2023\/12\/IMG_0124.jpeg","width":1885,"height":1207},{"@type":"BreadcrumbList","@id":"https:\/\/pistonaddict.com\/hr\/product\/ferrari-458-italia\/#breadcrumb","itemListElement":[{"@type":"ListItem","position":1,"name":"Po\u010detna stranica","item":"https:\/\/pistonaddict.com\/hr\/pocetna-stranica-2\/"},{"@type":"ListItem","position":2,"name":"Auctions","item":"https:\/\/pistonaddict.com\/auctions-listing\/"},{"@type":"ListItem","position":3,"name":"Ferrari 458 Italia"}]},{"@type":"WebSite","@id":"https:\/\/pistonaddict.com\/hr\/#website","url":"https:\/\/pistonaddict.com\/hr\/","name":"Piston Addict","description":"Only interesting vehicles","publisher":{"@id":"https:\/\/pistonaddict.com\/hr\/#organization"},"potentialAction":[{"@type":"SearchAction","target":{"@type":"EntryPoint","urlTemplate":"https:\/\/pistonaddict.com\/hr\/?s={search_term_string}"},"query-input":"required name=search_term_string"}],"inLanguage":"hr"},{"@type":"Organization","@id":"https:\/\/pistonaddict.com\/hr\/#organization","name":"Piston Addict","url":"https:\/\/pistonaddict.com\/hr\/","logo":{"@type":"ImageObject","inLanguage":"hr","@id":"https:\/\/pistonaddict.com\/hr\/#\/schema\/logo\/image\/","url":"https:\/\/pistonaddict.com\/wp-content\/uploads\/2022\/07\/logo-6.png","contentUrl":"https:\/\/pistonaddict.com\/wp-content\/uploads\/2022\/07\/logo-6.png","width":970,"height":200,"caption":"Piston Addict"},"image":{"@id":"https:\/\/pistonaddict.com\/hr\/#\/schema\/logo\/image\/"}}]}},"_links":{"self":[{"href":"https:\/\/pistonaddict.com\/hr\/wp-json\/wp\/v2\/product\/75642"}],"collection":[{"href":"https:\/\/pistonaddict.com\/hr\/wp-json\/wp\/v2\/product"}],"about":[{"href":"https:\/\/pistonaddict.com\/hr\/wp-json\/wp\/v2\/types\/product"}],"replies":[{"embeddable":true,"href":"https:\/\/pistonaddict.com\/hr\/wp-json\/wp\/v2\/comments?post=75642"}],"wp:featuredmedia":[{"embeddable":true,"href":"https:\/\/pistonaddict.com\/hr\/wp-json\/wp\/v2\/media\/75534"}],"wp:attachment":[{"href":"https:\/\/pistonaddict.com\/hr\/wp-json\/wp\/v2\/media?parent=75642"}],"wp:term":[{"taxonomy":"product_cat","embeddable":true,"href":"https:\/\/pistonaddict.com\/hr\/wp-json\/wp\/v2\/product_cat?post=75642"},{"taxonomy":"product_tag","embeddable":true,"href":"https:\/\/pistonaddict.com\/hr\/wp-json\/wp\/v2\/product_tag?post=75642"}],"curies":[{"name":"wp","href":"https:\/\/api.w.org\/{rel}","templated":true}]}}