{"id":72243,"date":"2023-11-17T17:40:02","date_gmt":"2023-11-17T16:40:02","guid":{"rendered":"https:\/\/pistonaddict.com\/product\/land-rover-defender-p90e-electric\/"},"modified":"2024-03-19T16:59:19","modified_gmt":"2024-03-19T15:59:19","slug":"land-rover-defender-p90e-elektricni","status":"publish","type":"product","link":"https:\/\/pistonaddict.com\/hr\/product\/land-rover-defender-p90e-elektricni\/","title":{"rendered":"Land Rover Defender P90E Electric"},"content":{"rendered":"<p><strong>Povijest automobila<\/strong><\/p>\n<p>U svijetu terenskih vozila, Land Rover Defender neprikosnovena je ikona. Pravi automobilski heroj i model koji jo\u0161 uvijek simbolizira robusnost, pouzdanost i stav da mo\u017eete i\u0107i bilo gdje. Kao takav, jo\u0161 uvijek je automobil iz snova milijuna ljubitelja terenske vo\u017enje diljem svijeta. Me\u0111utim, klasi\u010dni modeli, koliko god cool i \u0161armantni bili, u dana\u0161njem su prometnom i ekolo\u0161ki zabrinutom svijetu zastarjeli. \u0160vicarska tvrtka Revive prona\u0161la je rje\u0161enje za to i ovaj primjerak prebacila na moderni elektri\u010dni pogon, \u0161to je u potpunosti transformiralo dojam ovog klasi\u010dnog vozila i pobolj\u0161alo njegove mogu\u0107nosti. Ovaj konkretan primjerak proizveden je 1999. godine u po\u017eeljnom obliku s troja vrata i isporu\u010den je nov u \u0160vicarsku. Prodavatelj ga je kupio 2021., a Revive ga je 2022. temeljito preina\u010dio, \u0161to je rezultiralo prvom konverzijom Defender EV-a u \u0160vicarskoj. Izvorni dizelski motor zamijenjen je Netgain Hyper 9 elektromotorom od 66 kW (100 KS) u pratnji baterijskog paketa od 44 kWh. Zanimljivo, elektromotor je spojen na originalni ru\u010dni mjenja\u010d i 4&#215;4 pogon. Ovaj Defender ima jedinstvenu kombinaciju elektri\u010dne snage i ru\u010dnog mjenja\u010da, pobolj\u0161ane performanse, ve\u0107i okretni moment i domet od oko 120 do 130 km (do 80 milja).<\/p>\n<p><strong>Unutra\u0161njost<\/strong><\/p>\n<p>Osim sredi\u0161njeg zaslona, \u200b\u200bunutra\u0161njost ovog jedinstvenog Land Rover Defendera je iz tog razdoblja iu izvrsnom je stanju. Sjedala su presvu\u010dena tkaninom, a stra\u017enja strana ima cool sjedala. Kontrolna plo\u010da izgleda isto kao original. Ima nekoliko dodatnih prekida\u010da, nadogra\u0111en audio sustav te pokaziva\u010d goriva koji je pretvoren u prikaz koli\u010dine struje u baterijama, \u0161to je izvrstan custom detalj. Iako Defender sada ima bateriju, nije izgubio nimalo na prakti\u010dnosti i prostranosti.<\/p>\n<p><strong> <\/strong><strong>Uvjet<\/strong><\/p>\n<p>Ovaj legendarni terenski automobil pre\u0161ao je 187.654 km od novog do trenutka kada ga je Revive preina\u010dio. Ovaj primjerak odabran je zbog svog stanja, nedostatka o\u0161te\u0107enja ili hr\u0111e, \u0161to su uobi\u010dajeni problemi klasi\u010dnog Defendera. Od pretvorbe Defender je pre\u0161ao samo gotovo 10 000 kilometara i spreman je prije\u0107i mnogo vi\u0161e jer mu je motor potpuno nov. Trenutno brojilo kilometara iznosi ne\u0161to vi\u0161e od 197.500 km. Opse\u017ena dokumentacija dolazi s automobilom, zajedno s dokumentacijom i jamstvom tvrtke Revive. Vozilo je temeljito servisirano neposredno prije procesa prenamjene 2022., s remontom ko\u010dnica prije samo nekoliko dana u studenom 2023. Bitno je re\u0107i da je ovaj Defender pro\u0161ao \u0161vicarski tehni\u010dki pregled, da je registriran i ima tri godine jamstva Revivea, \u0161to govori da je cjelokupno stanje fantasti\u010dno i da je vozilo apsolutno prikladno za bilo kakvu upotrebu na i off-road.<\/p>\n<p><strong> <\/strong><strong>Vanjski izgled i kota\u010di<\/strong><\/p>\n<p>Izvana, ovaj Defender EV izgleda kao bilo koji drugi Land Rover iz iste berbe, a jedino \u0161to ga izdvaja su naljepnice i otvor za punjenje umjesto \u010depa spremnika goriva. S originalnim kota\u010dima od 16 in\u010da umotanim u off-road Nokian gume (iz 2021.), sposoban je savladati svaki teren. Nema tragova, ogrebotina ili hr\u0111e, a siva boja je originalna.<\/p>\n<p><strong> <\/strong><strong>Dokumentacija<\/strong><\/p>\n<p>Vlasnik prodaje ovo vozilo sa odgovaraju\u0107om dokumentacijom, a nalazi se u \u0160vicarskoj. Izvje\u0161\u0107e <a href=\"https:\/\/pistonaddict.com\/wp-content\/uploads\/2023\/11\/CarVertical.pdf\">Car Vertical<\/a> je \u010disto; nema dokaza o nesre\u0107ama, popravcima nesre\u0107e, vlasni\u0161tvu ili pravnim problemima. Postoje zapisi o redovnom odr\u017eavanju, originalne tvorni\u010dke bro\u0161ure, ra\u010duni o prodaji i ra\u010duni.  <strong>Automobil dolazi s odgovaraju\u0107om dokumentacijom tvrtke Revive, pisanim 3-godi\u0161njim jamstvom na elektri\u010dni motor i bateriju te tehni\u010dkim pregledom od strane \u0161vicarskih vlasti. Opse\u017ean korisni\u010dki priru\u010dnik i dokumentacija o osiguranju tako\u0111er se isporu\u010duju s automobilom<\/strong>. Sve to zna\u010di da je ovaj Defender EV u potpunosti legalan za ceste, spreman za izvoz i mo\u017ee se koristiti bilo gdje.<\/p>\n<p><strong>Pogledajte video hladnog pokretanja ovog vrlo zanimljivog potpuno elektri\u010dnog Land Rover Defendera:<\/strong><\/p>\n<p><iframe title=\"Cold Start Video of the Land Rover Defender full Electric for auction sale\" width=\"1200\" height=\"900\" src=\"https:\/\/www.youtube.com\/embed\/8ZfpIXIwhOI?feature=oembed\" frameborder=\"0\" allow=\"accelerometer; autoplay; clipboard-write; encrypted-media; gyroscope; picture-in-picture; web-share\" allowfullscreen><\/iframe><\/p>\n<p><strong> <\/strong><\/p>\n","protected":false},"excerpt":{"rendered":"<p>Jedan od najuzbudljivijih aspekata EV revolucije je da mo\u017eemo ponovno izmisliti klasi\u010dne automobile i dati im novi \u017eivot. Naknadno opremanje klasi\u010dnog vozila ultramodernim elektri\u010dnim pogonom je korak dalje od restauracije i jedinstven na\u010din da se taj prepoznatljivi oblik uskladi s tehnologijom 21. stolje\u0107a. Danas s ponosom predstavljamo takav automobil &#8211; Land Rover Defender EV, prvi klasi\u010dni Defender koji je \u0161vicarska tvrtka Revive preina\u010dila u elektri\u010dno vozilo.<\/p>\n","protected":false},"featured_media":71380,"comment_status":"open","ping_status":"closed","template":"","meta":{"inline_featured_image":false},"product_cat":[722],"product_tag":[2565,2500,2497,2502],"acf":[],"yoast_head":"<!-- This site is optimized with the Yoast SEO plugin v22.5 - https:\/\/yoast.com\/wordpress\/plugins\/seo\/ -->\n<title>Land Rover Defender P90E Electric aukcija - Piston Addict<\/title>\n<meta name=\"robots\" content=\"index, follow, max-snippet:-1, max-image-preview:large, max-video-preview:-1\" \/>\n<link rel=\"canonical\" href=\"https:\/\/pistonaddict.com\/hr\/product\/land-rover-defender-p90e-elektricni\/\" \/>\n<meta property=\"og:locale\" content=\"hr_HR\" \/>\n<meta property=\"og:type\" content=\"article\" \/>\n<meta property=\"og:title\" content=\"Land Rover Defender P90E Electric aukcija - Piston Addict\" \/>\n<meta property=\"og:description\" content=\"Jedan od najuzbudljivijih aspekata EV revolucije je da mo\u017eemo ponovno izmisliti klasi\u010dne automobile i dati im novi \u017eivot. Naknadno opremanje klasi\u010dnog vozila ultramodernim elektri\u010dnim pogonom je korak dalje od restauracije i jedinstven na\u010din da se taj prepoznatljivi oblik uskladi s tehnologijom 21. stolje\u0107a. Danas s ponosom predstavljamo takav automobil - Land Rover Defender EV, prvi klasi\u010dni Defender koji je \u0161vicarska tvrtka Revive preina\u010dila u elektri\u010dno vozilo.\" \/>\n<meta property=\"og:url\" content=\"https:\/\/pistonaddict.com\/hr\/product\/land-rover-defender-p90e-elektricni\/\" \/>\n<meta property=\"og:site_name\" content=\"Piston Addict\" \/>\n<meta property=\"article:modified_time\" content=\"2024-03-19T15:59:19+00:00\" \/>\n<meta property=\"og:image\" content=\"https:\/\/pistonaddict.com\/wp-content\/uploads\/2023\/11\/def-05.jpg\" \/>\n\t<meta property=\"og:image:width\" content=\"2560\" \/>\n\t<meta property=\"og:image:height\" content=\"1440\" \/>\n\t<meta property=\"og:image:type\" content=\"image\/jpeg\" \/>\n<meta name=\"twitter:card\" content=\"summary_large_image\" \/>\n<meta name=\"twitter:label1\" content=\"Procijenjeno vrijeme \u010ditanja\" \/>\n\t<meta name=\"twitter:data1\" content=\"3 minute\" \/>\n<script type=\"application\/ld+json\" class=\"yoast-schema-graph\">{\"@context\":\"https:\/\/schema.org\",\"@graph\":[{\"@type\":\"WebPage\",\"@id\":\"https:\/\/pistonaddict.com\/hr\/product\/land-rover-defender-p90e-elektricni\/\",\"url\":\"https:\/\/pistonaddict.com\/hr\/product\/land-rover-defender-p90e-elektricni\/\",\"name\":\"Land Rover Defender P90E Electric aukcija - Piston Addict\",\"isPartOf\":{\"@id\":\"https:\/\/pistonaddict.com\/hr\/#website\"},\"primaryImageOfPage\":{\"@id\":\"https:\/\/pistonaddict.com\/hr\/product\/land-rover-defender-p90e-elektricni\/#primaryimage\"},\"image\":{\"@id\":\"https:\/\/pistonaddict.com\/hr\/product\/land-rover-defender-p90e-elektricni\/#primaryimage\"},\"thumbnailUrl\":\"https:\/\/pistonaddict.com\/wp-content\/uploads\/2023\/11\/def-05.jpg\",\"datePublished\":\"2023-11-17T16:40:02+00:00\",\"dateModified\":\"2024-03-19T15:59:19+00:00\",\"breadcrumb\":{\"@id\":\"https:\/\/pistonaddict.com\/hr\/product\/land-rover-defender-p90e-elektricni\/#breadcrumb\"},\"inLanguage\":\"hr\",\"potentialAction\":[{\"@type\":\"ReadAction\",\"target\":[\"https:\/\/pistonaddict.com\/hr\/product\/land-rover-defender-p90e-elektricni\/\"]}]},{\"@type\":\"ImageObject\",\"inLanguage\":\"hr\",\"@id\":\"https:\/\/pistonaddict.com\/hr\/product\/land-rover-defender-p90e-elektricni\/#primaryimage\",\"url\":\"https:\/\/pistonaddict.com\/wp-content\/uploads\/2023\/11\/def-05.jpg\",\"contentUrl\":\"https:\/\/pistonaddict.com\/wp-content\/uploads\/2023\/11\/def-05.jpg\",\"width\":2560,\"height\":1440},{\"@type\":\"BreadcrumbList\",\"@id\":\"https:\/\/pistonaddict.com\/hr\/product\/land-rover-defender-p90e-elektricni\/#breadcrumb\",\"itemListElement\":[{\"@type\":\"ListItem\",\"position\":1,\"name\":\"Po\u010detna stranica\",\"item\":\"https:\/\/pistonaddict.com\/hr\/pocetna-stranica-2\/\"},{\"@type\":\"ListItem\",\"position\":2,\"name\":\"Auctions\",\"item\":\"https:\/\/pistonaddict.com\/auctions-listing\/\"},{\"@type\":\"ListItem\",\"position\":3,\"name\":\"Land Rover Defender P90E Electric\"}]},{\"@type\":\"WebSite\",\"@id\":\"https:\/\/pistonaddict.com\/hr\/#website\",\"url\":\"https:\/\/pistonaddict.com\/hr\/\",\"name\":\"Piston Addict\",\"description\":\"Only interesting vehicles\",\"publisher\":{\"@id\":\"https:\/\/pistonaddict.com\/hr\/#organization\"},\"potentialAction\":[{\"@type\":\"SearchAction\",\"target\":{\"@type\":\"EntryPoint\",\"urlTemplate\":\"https:\/\/pistonaddict.com\/hr\/?s={search_term_string}\"},\"query-input\":\"required name=search_term_string\"}],\"inLanguage\":\"hr\"},{\"@type\":\"Organization\",\"@id\":\"https:\/\/pistonaddict.com\/hr\/#organization\",\"name\":\"Piston Addict\",\"url\":\"https:\/\/pistonaddict.com\/hr\/\",\"logo\":{\"@type\":\"ImageObject\",\"inLanguage\":\"hr\",\"@id\":\"https:\/\/pistonaddict.com\/hr\/#\/schema\/logo\/image\/\",\"url\":\"https:\/\/pistonaddict.com\/wp-content\/uploads\/2022\/07\/logo-6.png\",\"contentUrl\":\"https:\/\/pistonaddict.com\/wp-content\/uploads\/2022\/07\/logo-6.png\",\"width\":970,\"height\":200,\"caption\":\"Piston Addict\"},\"image\":{\"@id\":\"https:\/\/pistonaddict.com\/hr\/#\/schema\/logo\/image\/\"}}]}<\/script>\n<!-- \/ Yoast SEO plugin. -->","yoast_head_json":{"title":"Land Rover Defender P90E Electric aukcija - Piston Addict","robots":{"index":"index","follow":"follow","max-snippet":"max-snippet:-1","max-image-preview":"max-image-preview:large","max-video-preview":"max-video-preview:-1"},"canonical":"https:\/\/pistonaddict.com\/hr\/product\/land-rover-defender-p90e-elektricni\/","og_locale":"hr_HR","og_type":"article","og_title":"Land Rover Defender P90E Electric aukcija - Piston Addict","og_description":"Jedan od najuzbudljivijih aspekata EV revolucije je da mo\u017eemo ponovno izmisliti klasi\u010dne automobile i dati im novi \u017eivot. Naknadno opremanje klasi\u010dnog vozila ultramodernim elektri\u010dnim pogonom je korak dalje od restauracije i jedinstven na\u010din da se taj prepoznatljivi oblik uskladi s tehnologijom 21. stolje\u0107a. Danas s ponosom predstavljamo takav automobil - Land Rover Defender EV, prvi klasi\u010dni Defender koji je \u0161vicarska tvrtka Revive preina\u010dila u elektri\u010dno vozilo.","og_url":"https:\/\/pistonaddict.com\/hr\/product\/land-rover-defender-p90e-elektricni\/","og_site_name":"Piston Addict","article_modified_time":"2024-03-19T15:59:19+00:00","og_image":[{"width":2560,"height":1440,"url":"https:\/\/pistonaddict.com\/wp-content\/uploads\/2023\/11\/def-05.jpg","type":"image\/jpeg"}],"twitter_card":"summary_large_image","twitter_misc":{"Procijenjeno vrijeme \u010ditanja":"3 minute"},"schema":{"@context":"https:\/\/schema.org","@graph":[{"@type":"WebPage","@id":"https:\/\/pistonaddict.com\/hr\/product\/land-rover-defender-p90e-elektricni\/","url":"https:\/\/pistonaddict.com\/hr\/product\/land-rover-defender-p90e-elektricni\/","name":"Land Rover Defender P90E Electric aukcija - Piston Addict","isPartOf":{"@id":"https:\/\/pistonaddict.com\/hr\/#website"},"primaryImageOfPage":{"@id":"https:\/\/pistonaddict.com\/hr\/product\/land-rover-defender-p90e-elektricni\/#primaryimage"},"image":{"@id":"https:\/\/pistonaddict.com\/hr\/product\/land-rover-defender-p90e-elektricni\/#primaryimage"},"thumbnailUrl":"https:\/\/pistonaddict.com\/wp-content\/uploads\/2023\/11\/def-05.jpg","datePublished":"2023-11-17T16:40:02+00:00","dateModified":"2024-03-19T15:59:19+00:00","breadcrumb":{"@id":"https:\/\/pistonaddict.com\/hr\/product\/land-rover-defender-p90e-elektricni\/#breadcrumb"},"inLanguage":"hr","potentialAction":[{"@type":"ReadAction","target":["https:\/\/pistonaddict.com\/hr\/product\/land-rover-defender-p90e-elektricni\/"]}]},{"@type":"ImageObject","inLanguage":"hr","@id":"https:\/\/pistonaddict.com\/hr\/product\/land-rover-defender-p90e-elektricni\/#primaryimage","url":"https:\/\/pistonaddict.com\/wp-content\/uploads\/2023\/11\/def-05.jpg","contentUrl":"https:\/\/pistonaddict.com\/wp-content\/uploads\/2023\/11\/def-05.jpg","width":2560,"height":1440},{"@type":"BreadcrumbList","@id":"https:\/\/pistonaddict.com\/hr\/product\/land-rover-defender-p90e-elektricni\/#breadcrumb","itemListElement":[{"@type":"ListItem","position":1,"name":"Po\u010detna stranica","item":"https:\/\/pistonaddict.com\/hr\/pocetna-stranica-2\/"},{"@type":"ListItem","position":2,"name":"Auctions","item":"https:\/\/pistonaddict.com\/auctions-listing\/"},{"@type":"ListItem","position":3,"name":"Land Rover Defender P90E Electric"}]},{"@type":"WebSite","@id":"https:\/\/pistonaddict.com\/hr\/#website","url":"https:\/\/pistonaddict.com\/hr\/","name":"Piston Addict","description":"Only interesting vehicles","publisher":{"@id":"https:\/\/pistonaddict.com\/hr\/#organization"},"potentialAction":[{"@type":"SearchAction","target":{"@type":"EntryPoint","urlTemplate":"https:\/\/pistonaddict.com\/hr\/?s={search_term_string}"},"query-input":"required name=search_term_string"}],"inLanguage":"hr"},{"@type":"Organization","@id":"https:\/\/pistonaddict.com\/hr\/#organization","name":"Piston Addict","url":"https:\/\/pistonaddict.com\/hr\/","logo":{"@type":"ImageObject","inLanguage":"hr","@id":"https:\/\/pistonaddict.com\/hr\/#\/schema\/logo\/image\/","url":"https:\/\/pistonaddict.com\/wp-content\/uploads\/2022\/07\/logo-6.png","contentUrl":"https:\/\/pistonaddict.com\/wp-content\/uploads\/2022\/07\/logo-6.png","width":970,"height":200,"caption":"Piston Addict"},"image":{"@id":"https:\/\/pistonaddict.com\/hr\/#\/schema\/logo\/image\/"}}]}},"_links":{"self":[{"href":"https:\/\/pistonaddict.com\/hr\/wp-json\/wp\/v2\/product\/72243"}],"collection":[{"href":"https:\/\/pistonaddict.com\/hr\/wp-json\/wp\/v2\/product"}],"about":[{"href":"https:\/\/pistonaddict.com\/hr\/wp-json\/wp\/v2\/types\/product"}],"replies":[{"embeddable":true,"href":"https:\/\/pistonaddict.com\/hr\/wp-json\/wp\/v2\/comments?post=72243"}],"wp:featuredmedia":[{"embeddable":true,"href":"https:\/\/pistonaddict.com\/hr\/wp-json\/wp\/v2\/media\/71380"}],"wp:attachment":[{"href":"https:\/\/pistonaddict.com\/hr\/wp-json\/wp\/v2\/media?parent=72243"}],"wp:term":[{"taxonomy":"product_cat","embeddable":true,"href":"https:\/\/pistonaddict.com\/hr\/wp-json\/wp\/v2\/product_cat?post=72243"},{"taxonomy":"product_tag","embeddable":true,"href":"https:\/\/pistonaddict.com\/hr\/wp-json\/wp\/v2\/product_tag?post=72243"}],"curies":[{"name":"wp","href":"https:\/\/api.w.org\/{rel}","templated":true}]}}