{"id":69405,"date":"2023-11-09T17:05:55","date_gmt":"2023-11-09T16:05:55","guid":{"rendered":"https:\/\/pistonaddict.com\/product\/mini-rover-1-3-mpi-silverstone\/"},"modified":"2023-12-20T09:53:52","modified_gmt":"2023-12-20T08:53:52","slug":"mini-rover-1-3-mpi-silverstone","status":"publish","type":"product","link":"https:\/\/pistonaddict.com\/hr\/product\/mini-rover-1-3-mpi-silverstone\/","title":{"rendered":"Mini Rover 1.3 Silverstone"},"content":{"rendered":"<h2>Vanjski<\/h2>\n<p>Izvana, poznati oblik ovog crnog hatchbacka s 2 vrata za\u010dinjen je detaljima kao \u0161to su kromirana re\u0161etka, trka\u0107e pruge na haubi i krov obojen u bijelo. Nadalje, sprijeda se nalazi par svjetala za maglu koja pobolj\u0161avaju vidljivost i izgled. To je popra\u0107eno bijelim pokaziva\u010dima smjera posvuda, puno bolja opcija od staromodnih \u017eutih. A straga je sredi\u0161nji ispu\u0161ni otvor s kromiranim vrhom.<\/p>\n<p>Na kraju, ono \u0161to se mora spomenuti &#8211; pro\u0161ireni lukovi kota\u010da, koji dodatno nagla\u0161avaju agresivan izgled automobila. Ali ova izmjena nije samo za show, jer je bila neophodna kako bi bilo dovoljno mjesta za \u0161iroke, sportske kota\u010de. A dok smo kod guma, treba spomenuti da 13-in\u010dni naplatci na ovom automobilu nisu serijski. Ali prodava\u010d ka\u017ee da \u0107e i ove biti osigurane.<\/p>\n<h2>Unutra\u0161njost<\/h2>\n<p>Jednom kada u\u0111ete u automobil, na\u0107i \u0107ete se iza tipi\u010dno Mini-ko\u0161enog trokrakog ko\u017enog upravlja\u010da. Iza njega je plo\u010da s instrumentima s brzinomjerom koji zavr\u0161ava na 180 km\/h i broja\u010dem okretaja koji ide do 8000 o\/min. O\u010dekivano, armaturna plo\u010da &#8211; koja je izra\u0111ena od pravog drva &#8211; oskudno je opremljena i nudi samo najnu\u017enije. To uklju\u010duje prekida\u010de za svjetlo, kontrole za ventilaciju i stereo glavnu jedinicu, koja je u ovom slu\u010daju naknadno prodani Sony ure\u0111aj.<\/p>\n<p>Ostatak interijera sna\u017eno nagovje\u0161tava sportski orijentirani karakter automobila, pri \u010demu su prednja sjedala najuvjerljivija. Odjeveni u kombinaciju crne ko\u017ee i sive tkanine, pru\u017eit \u0107e vam dovoljnu potporu pri svladavanju uskih zavoja, gdje je Mini najbolji. Stra\u017enja sjedala i bo\u010dna plo\u010da presvu\u010deni su u istom stilu, s crvenim podnim tepihom koji zaokru\u017euje privla\u010dan izgled. Na kraju, prodava\u010d \u0107e zamijeniti krovnu oblogu prije isporuke automobila, jer je originalna o\u0161te\u0107ena odmah iznad suncobrana (vidi na slici).<\/p>\n<h2>Mehanika<\/h2>\n<p>Ovaj Mini Cooper ima 1.3 4-cilindri\u010dni motor, koji pokre\u0107e prednje kota\u010de putem 4-stupanjskog ru\u010dnog mjenja\u010da. Dok osnovna konfiguracija motora potje\u010de iz 60-ih, ovaj model opremljen je Roverovim elektroni\u010dkim ubrizgavanjem goriva, \u0161to automobil \u010dini pouzdanijim i ugodnijim za vo\u017enju.<\/p>\n<p>\u0160to se ti\u010de snage, Mini Cooper raspola\u017ee sa samo 63 konjske snage, \u0161to se mo\u017eda i ne \u010dini puno. No, mora se nositi samo sa 685 kilograma, koliko ovaj automobil te\u017ei. Sve u svemu, dok Mini vjerojatno nije blistavo brz na ravnini, nevjerojatno je zabavan u zavojima. I to je jedna od stvari koja ga je uop\u0107e u\u010dinila tako posebnim i poznatim.<\/p>\n<h2>Povijest vozila<\/h2>\n<p>Na kraju nekoliko rije\u010di o trenutnom stanju Minija koje prodava\u010d opisuje kao vrlo dobro. Auto je zadnji put servisiran u lipnju 2023. godine, kada je obavljen redovan servis i stavljene nove ko\u010dnice. Osim toga, cijeli ispuh, uklju\u010duju\u0107i katalizator, je nov. A sude\u0107i prema fotografijama, automobil izgleda savr\u0161eno, i izvana i iznutra. Nadalje, profesionalni prodava\u010d, koji je 5. vlasnik, ka\u017ee da automobil nikada nije imao nesre\u0107u, \u0161to se mo\u017ee dodatno potvrditi odgovaraju\u0107im <a href=\"https:\/\/pistonaddict.com\/wp-content\/uploads\/2023\/11\/CARFAX-Vehicle-History-Report-ROVER-MINI.pdf\">CARFAX<\/a> izvje\u0161\u0107em o povijesti vozila. Zadnji tehni\u010dki pregled pro\u0161ao i odobren 06.10.2023.<\/p>\n<p><strong><br \/>\nPogledajte videozapis hladnog pokretanja ovog simpati\u010dnog Mini Rover Silverstonea:<\/strong><\/p>\n<p><iframe title=\"Cold Start Video of the Austin Mini Silverstone for auction sale\" width=\"1200\" height=\"675\" src=\"https:\/\/www.youtube.com\/embed\/NW_53HH3Wg4?feature=oembed\" frameborder=\"0\" allow=\"accelerometer; autoplay; clipboard-write; encrypted-media; gyroscope; picture-in-picture; web-share\" allowfullscreen><\/iframe><\/p>\n","protected":false},"excerpt":{"rendered":"<p>Ako tra\u017eite mali, prakti\u010dan i agilan klasi\u010dni automobil, originalni Mini mora biti na vrhu va\u0161eg popisa. Tijekom dugog proizvodnog razdoblja ova je automobilska ikona bila dostupna u nekoliko varijanti, a sportski Cooper bio je vjerojatno najpo\u017eeljniji. Ovo je automobil koji kombinira originalni karakter Minija s nizom izvrsnih vizualnih detalja i uzbudljivim iskustvom vo\u017enje. A kod nas u prodaji imamo Mini Cooper iz 1993. koji je u izvrsnom stanju i do sada je pre\u0161ao 74.000 kilometara. \u0160tovi\u0161e, to \u0161to je jedan od samo 400 napravljenih Silverstone primjeraka daje mu ekskluzivnost. Pogledajmo pobli\u017ee \u0161to nudi.<\/p>\n","protected":false},"featured_media":67403,"comment_status":"open","ping_status":"closed","template":"","meta":{"inline_featured_image":false},"product_cat":[722],"product_tag":[2428,2429,1000],"acf":[],"yoast_head":"<!-- This site is optimized with the Yoast SEO plugin v22.5 - https:\/\/yoast.com\/wordpress\/plugins\/seo\/ -->\n<title>Mini Rover 1.3 Silverstone aukcija - Piston Addict<\/title>\n<meta name=\"robots\" content=\"index, follow, max-snippet:-1, max-image-preview:large, max-video-preview:-1\" \/>\n<link rel=\"canonical\" href=\"https:\/\/pistonaddict.com\/hr\/product\/mini-rover-1-3-mpi-silverstone\/\" \/>\n<meta property=\"og:locale\" content=\"hr_HR\" \/>\n<meta property=\"og:type\" content=\"article\" \/>\n<meta property=\"og:title\" content=\"Mini Rover 1.3 Silverstone aukcija - Piston Addict\" \/>\n<meta property=\"og:description\" content=\"Ako tra\u017eite mali, prakti\u010dan i agilan klasi\u010dni automobil, originalni Mini mora biti na vrhu va\u0161eg popisa. Tijekom dugog proizvodnog razdoblja ova je automobilska ikona bila dostupna u nekoliko varijanti, a sportski Cooper bio je vjerojatno najpo\u017eeljniji. Ovo je automobil koji kombinira originalni karakter Minija s nizom izvrsnih vizualnih detalja i uzbudljivim iskustvom vo\u017enje. A kod nas u prodaji imamo Mini Cooper iz 1993. koji je u izvrsnom stanju i do sada je pre\u0161ao 74.000 kilometara. \u0160tovi\u0161e, to \u0161to je jedan od samo 400 napravljenih Silverstone primjeraka daje mu ekskluzivnost. Pogledajmo pobli\u017ee \u0161to nudi.\" \/>\n<meta property=\"og:url\" content=\"https:\/\/pistonaddict.com\/hr\/product\/mini-rover-1-3-mpi-silverstone\/\" \/>\n<meta property=\"og:site_name\" content=\"Piston Addict\" \/>\n<meta property=\"article:modified_time\" content=\"2023-12-20T08:53:52+00:00\" \/>\n<meta property=\"og:image\" content=\"https:\/\/pistonaddict.com\/wp-content\/uploads\/2023\/11\/IMG_5534-scaled.jpeg\" \/>\n\t<meta property=\"og:image:width\" content=\"2560\" \/>\n\t<meta property=\"og:image:height\" content=\"1920\" \/>\n\t<meta property=\"og:image:type\" content=\"image\/jpeg\" \/>\n<meta name=\"twitter:card\" content=\"summary_large_image\" \/>\n<meta name=\"twitter:label1\" content=\"Procijenjeno vrijeme \u010ditanja\" \/>\n\t<meta name=\"twitter:data1\" content=\"3 minute\" \/>\n<script type=\"application\/ld+json\" class=\"yoast-schema-graph\">{\"@context\":\"https:\/\/schema.org\",\"@graph\":[{\"@type\":\"WebPage\",\"@id\":\"https:\/\/pistonaddict.com\/hr\/product\/mini-rover-1-3-mpi-silverstone\/\",\"url\":\"https:\/\/pistonaddict.com\/hr\/product\/mini-rover-1-3-mpi-silverstone\/\",\"name\":\"Mini Rover 1.3 Silverstone aukcija - Piston Addict\",\"isPartOf\":{\"@id\":\"https:\/\/pistonaddict.com\/hr\/#website\"},\"primaryImageOfPage\":{\"@id\":\"https:\/\/pistonaddict.com\/hr\/product\/mini-rover-1-3-mpi-silverstone\/#primaryimage\"},\"image\":{\"@id\":\"https:\/\/pistonaddict.com\/hr\/product\/mini-rover-1-3-mpi-silverstone\/#primaryimage\"},\"thumbnailUrl\":\"https:\/\/pistonaddict.com\/wp-content\/uploads\/2023\/11\/IMG_5534-scaled.jpeg\",\"datePublished\":\"2023-11-09T16:05:55+00:00\",\"dateModified\":\"2023-12-20T08:53:52+00:00\",\"breadcrumb\":{\"@id\":\"https:\/\/pistonaddict.com\/hr\/product\/mini-rover-1-3-mpi-silverstone\/#breadcrumb\"},\"inLanguage\":\"hr\",\"potentialAction\":[{\"@type\":\"ReadAction\",\"target\":[\"https:\/\/pistonaddict.com\/hr\/product\/mini-rover-1-3-mpi-silverstone\/\"]}]},{\"@type\":\"ImageObject\",\"inLanguage\":\"hr\",\"@id\":\"https:\/\/pistonaddict.com\/hr\/product\/mini-rover-1-3-mpi-silverstone\/#primaryimage\",\"url\":\"https:\/\/pistonaddict.com\/wp-content\/uploads\/2023\/11\/IMG_5534-scaled.jpeg\",\"contentUrl\":\"https:\/\/pistonaddict.com\/wp-content\/uploads\/2023\/11\/IMG_5534-scaled.jpeg\",\"width\":2560,\"height\":1920},{\"@type\":\"BreadcrumbList\",\"@id\":\"https:\/\/pistonaddict.com\/hr\/product\/mini-rover-1-3-mpi-silverstone\/#breadcrumb\",\"itemListElement\":[{\"@type\":\"ListItem\",\"position\":1,\"name\":\"Po\u010detna stranica\",\"item\":\"https:\/\/pistonaddict.com\/hr\/pocetna-stranica-2\/\"},{\"@type\":\"ListItem\",\"position\":2,\"name\":\"Auctions\",\"item\":\"https:\/\/pistonaddict.com\/auctions-listing\/\"},{\"@type\":\"ListItem\",\"position\":3,\"name\":\"Mini Rover 1.3 Silverstone\"}]},{\"@type\":\"WebSite\",\"@id\":\"https:\/\/pistonaddict.com\/hr\/#website\",\"url\":\"https:\/\/pistonaddict.com\/hr\/\",\"name\":\"Piston Addict\",\"description\":\"Only interesting vehicles\",\"publisher\":{\"@id\":\"https:\/\/pistonaddict.com\/hr\/#organization\"},\"potentialAction\":[{\"@type\":\"SearchAction\",\"target\":{\"@type\":\"EntryPoint\",\"urlTemplate\":\"https:\/\/pistonaddict.com\/hr\/?s={search_term_string}\"},\"query-input\":\"required name=search_term_string\"}],\"inLanguage\":\"hr\"},{\"@type\":\"Organization\",\"@id\":\"https:\/\/pistonaddict.com\/hr\/#organization\",\"name\":\"Piston Addict\",\"url\":\"https:\/\/pistonaddict.com\/hr\/\",\"logo\":{\"@type\":\"ImageObject\",\"inLanguage\":\"hr\",\"@id\":\"https:\/\/pistonaddict.com\/hr\/#\/schema\/logo\/image\/\",\"url\":\"https:\/\/pistonaddict.com\/wp-content\/uploads\/2022\/07\/logo-6.png\",\"contentUrl\":\"https:\/\/pistonaddict.com\/wp-content\/uploads\/2022\/07\/logo-6.png\",\"width\":970,\"height\":200,\"caption\":\"Piston Addict\"},\"image\":{\"@id\":\"https:\/\/pistonaddict.com\/hr\/#\/schema\/logo\/image\/\"}}]}<\/script>\n<!-- \/ Yoast SEO plugin. -->","yoast_head_json":{"title":"Mini Rover 1.3 Silverstone aukcija - Piston Addict","robots":{"index":"index","follow":"follow","max-snippet":"max-snippet:-1","max-image-preview":"max-image-preview:large","max-video-preview":"max-video-preview:-1"},"canonical":"https:\/\/pistonaddict.com\/hr\/product\/mini-rover-1-3-mpi-silverstone\/","og_locale":"hr_HR","og_type":"article","og_title":"Mini Rover 1.3 Silverstone aukcija - Piston Addict","og_description":"Ako tra\u017eite mali, prakti\u010dan i agilan klasi\u010dni automobil, originalni Mini mora biti na vrhu va\u0161eg popisa. Tijekom dugog proizvodnog razdoblja ova je automobilska ikona bila dostupna u nekoliko varijanti, a sportski Cooper bio je vjerojatno najpo\u017eeljniji. Ovo je automobil koji kombinira originalni karakter Minija s nizom izvrsnih vizualnih detalja i uzbudljivim iskustvom vo\u017enje. A kod nas u prodaji imamo Mini Cooper iz 1993. koji je u izvrsnom stanju i do sada je pre\u0161ao 74.000 kilometara. \u0160tovi\u0161e, to \u0161to je jedan od samo 400 napravljenih Silverstone primjeraka daje mu ekskluzivnost. Pogledajmo pobli\u017ee \u0161to nudi.","og_url":"https:\/\/pistonaddict.com\/hr\/product\/mini-rover-1-3-mpi-silverstone\/","og_site_name":"Piston Addict","article_modified_time":"2023-12-20T08:53:52+00:00","og_image":[{"width":2560,"height":1920,"url":"https:\/\/pistonaddict.com\/wp-content\/uploads\/2023\/11\/IMG_5534-scaled.jpeg","type":"image\/jpeg"}],"twitter_card":"summary_large_image","twitter_misc":{"Procijenjeno vrijeme \u010ditanja":"3 minute"},"schema":{"@context":"https:\/\/schema.org","@graph":[{"@type":"WebPage","@id":"https:\/\/pistonaddict.com\/hr\/product\/mini-rover-1-3-mpi-silverstone\/","url":"https:\/\/pistonaddict.com\/hr\/product\/mini-rover-1-3-mpi-silverstone\/","name":"Mini Rover 1.3 Silverstone aukcija - Piston Addict","isPartOf":{"@id":"https:\/\/pistonaddict.com\/hr\/#website"},"primaryImageOfPage":{"@id":"https:\/\/pistonaddict.com\/hr\/product\/mini-rover-1-3-mpi-silverstone\/#primaryimage"},"image":{"@id":"https:\/\/pistonaddict.com\/hr\/product\/mini-rover-1-3-mpi-silverstone\/#primaryimage"},"thumbnailUrl":"https:\/\/pistonaddict.com\/wp-content\/uploads\/2023\/11\/IMG_5534-scaled.jpeg","datePublished":"2023-11-09T16:05:55+00:00","dateModified":"2023-12-20T08:53:52+00:00","breadcrumb":{"@id":"https:\/\/pistonaddict.com\/hr\/product\/mini-rover-1-3-mpi-silverstone\/#breadcrumb"},"inLanguage":"hr","potentialAction":[{"@type":"ReadAction","target":["https:\/\/pistonaddict.com\/hr\/product\/mini-rover-1-3-mpi-silverstone\/"]}]},{"@type":"ImageObject","inLanguage":"hr","@id":"https:\/\/pistonaddict.com\/hr\/product\/mini-rover-1-3-mpi-silverstone\/#primaryimage","url":"https:\/\/pistonaddict.com\/wp-content\/uploads\/2023\/11\/IMG_5534-scaled.jpeg","contentUrl":"https:\/\/pistonaddict.com\/wp-content\/uploads\/2023\/11\/IMG_5534-scaled.jpeg","width":2560,"height":1920},{"@type":"BreadcrumbList","@id":"https:\/\/pistonaddict.com\/hr\/product\/mini-rover-1-3-mpi-silverstone\/#breadcrumb","itemListElement":[{"@type":"ListItem","position":1,"name":"Po\u010detna stranica","item":"https:\/\/pistonaddict.com\/hr\/pocetna-stranica-2\/"},{"@type":"ListItem","position":2,"name":"Auctions","item":"https:\/\/pistonaddict.com\/auctions-listing\/"},{"@type":"ListItem","position":3,"name":"Mini Rover 1.3 Silverstone"}]},{"@type":"WebSite","@id":"https:\/\/pistonaddict.com\/hr\/#website","url":"https:\/\/pistonaddict.com\/hr\/","name":"Piston Addict","description":"Only interesting vehicles","publisher":{"@id":"https:\/\/pistonaddict.com\/hr\/#organization"},"potentialAction":[{"@type":"SearchAction","target":{"@type":"EntryPoint","urlTemplate":"https:\/\/pistonaddict.com\/hr\/?s={search_term_string}"},"query-input":"required name=search_term_string"}],"inLanguage":"hr"},{"@type":"Organization","@id":"https:\/\/pistonaddict.com\/hr\/#organization","name":"Piston Addict","url":"https:\/\/pistonaddict.com\/hr\/","logo":{"@type":"ImageObject","inLanguage":"hr","@id":"https:\/\/pistonaddict.com\/hr\/#\/schema\/logo\/image\/","url":"https:\/\/pistonaddict.com\/wp-content\/uploads\/2022\/07\/logo-6.png","contentUrl":"https:\/\/pistonaddict.com\/wp-content\/uploads\/2022\/07\/logo-6.png","width":970,"height":200,"caption":"Piston Addict"},"image":{"@id":"https:\/\/pistonaddict.com\/hr\/#\/schema\/logo\/image\/"}}]}},"_links":{"self":[{"href":"https:\/\/pistonaddict.com\/hr\/wp-json\/wp\/v2\/product\/69405"}],"collection":[{"href":"https:\/\/pistonaddict.com\/hr\/wp-json\/wp\/v2\/product"}],"about":[{"href":"https:\/\/pistonaddict.com\/hr\/wp-json\/wp\/v2\/types\/product"}],"replies":[{"embeddable":true,"href":"https:\/\/pistonaddict.com\/hr\/wp-json\/wp\/v2\/comments?post=69405"}],"wp:featuredmedia":[{"embeddable":true,"href":"https:\/\/pistonaddict.com\/hr\/wp-json\/wp\/v2\/media\/67403"}],"wp:attachment":[{"href":"https:\/\/pistonaddict.com\/hr\/wp-json\/wp\/v2\/media?parent=69405"}],"wp:term":[{"taxonomy":"product_cat","embeddable":true,"href":"https:\/\/pistonaddict.com\/hr\/wp-json\/wp\/v2\/product_cat?post=69405"},{"taxonomy":"product_tag","embeddable":true,"href":"https:\/\/pistonaddict.com\/hr\/wp-json\/wp\/v2\/product_tag?post=69405"}],"curies":[{"name":"wp","href":"https:\/\/api.w.org\/{rel}","templated":true}]}}