{"id":62905,"date":"2023-10-25T19:30:40","date_gmt":"2023-10-25T17:30:40","guid":{"rendered":"https:\/\/pistonaddict.com\/product\/porsche-911-996-targa\/"},"modified":"2024-03-20T09:39:18","modified_gmt":"2024-03-20T08:39:18","slug":"porsche-911-996-targa","status":"publish","type":"product","link":"https:\/\/pistonaddict.com\/hr\/product\/porsche-911-996-targa\/","title":{"rendered":"Porsche 911 (996) Targa"},"content":{"rendered":"<p><strong>Povijest automobila<\/strong><\/p>\n<p>Ovaj primjer je 911 Targa, koja je proizvedena 2004. godine. Ono \u0161to ga \u010dini jedinstvenim je to \u0161to je Targa bila daleko najrje\u0111a od svih stilova tijela 996; isporu\u010deno je samo 5.125 automobila s posebnim otvorenim staklenim krovovima i razli\u010ditim C-stupovima. Dovr\u0161ena u zavodljivoj nijansi tamno plave boje sa svijetlim interijerom, ova 911 Targa isporu\u010dena je nova u \u0160panjolskoj, a sada\u0161nji vlasnik kupio ju je 2023. godine. Pokre\u0107e ga 3,6-litreni, prirodno aspirirani motor ravnih \u0161est, koji se hladi vodom (jedna od kontroverzi 996 generacija). Me\u0111utim, ima 6-stupanjski ru\u010dni mjenja\u010d, \u0161to ga \u010dini jo\u0161 rje\u0111im i obaveznim za bilo koji kolektor odre\u0111enih modela 911. S 320 KS i laganim tijelom, ova 911 Targa spremna je sko\u010diti na 100 km\/h (62 mph) za samo 5,2 sekunde i nadma\u0161iti 285 km\/h (177 mph). Zanimljivo je da je ru\u010dno opremljena verzija ovog modela znatno br\u017ea od automatske, \u0161to ovaj automobil \u010dini jo\u0161 po\u017eeljnijim. \u010cinjenica da ima sve pogodnosti kabrioleta, izvrsnu vidljivost i osje\u0107aj na otvorenom s prakti\u010dno\u0161\u0107u i udobno\u0161\u0107u coupea pretvara ovu plavu 911 Targu u vrlo svestran upravlja\u010dki stroj sa svim va\u017enim flat-six soundtrackom i ru\u010dnim mjenja\u010dem.<\/p>\n<p><strong>Unutra\u0161njost<\/strong><\/p>\n<p>Budu\u0107i da je ovo primjer male kilometra\u017ee, interijer je u besprijekornom obliku, potpuno originalan i s po\u017eeljnim opcijama. Dovr\u0161en u Savannah sivoj boji, ima infotainment sustav, vrhunski zvuk sa 6 CD punja\u010da (to\u010dka ispravna), ko\u017eu i elektroni\u010dki upravljana sjedala. Kvaliteta interijera Porschea poznata je u cijeloj industriji, a ova Targa iz 2004. godine 911 se ne razlikuje. Ko\u017ea je u savr\u0161enom stanju; Nema ogrebotina na crtici, karticama vrata ili sredi\u0161njoj konzoli. Tu su i korisna stra\u017enja sjedala, koja su idealna za djecu.<\/p>\n<p><strong>Uvjet<\/strong><\/p>\n<p>Sa samo 39.037 kilometara od novog, ova 911 Targa je u besprijekornom stanju i pa\u017eljivo se brine o svim svojim korisnicima. Vozilo je o\u010dito bilo jedva kori\u0161teno i dobro odr\u017eavano, kao \u0161to pokazuju zapisi. Trenutni vlasnik je zastupni\u0161tvo u \u0160panjolskoj, a najnovija usluga obavljena je u travnju 2023. godine, a ko\u010dnice su remontirane prije samo nekoliko dana u listopadu 2023. godine. Donja strana Porschea izra\u0111ena je od aluminija, tako da ne mo\u017ee hr\u0111ati. Me\u0111utim, kao \u0161to mo\u017eete vidjeti na posljednjim slikama s donje strane, ima suhe prljav\u0161tine koju \u0107e prodava\u010d o\u010distiti za kupca kada dra\u017eba zavr\u0161i. Automobil je spreman za vo\u017enju bilo gdje i vjerojatno je jedan od najboljih primjera ru\u010dno opremljene 911 996 Targa koju \u0107ete ikada imati priliku prona\u0107i.<\/p>\n<p><strong>Vanjski izgled i kota\u010di<\/strong><\/p>\n<p>S neozna\u010denim tijelom zavr\u0161enim u pono\u0107no plavoj boji i sivom interijeru, ovaj 911 Targa je stroj prekrasnog izgleda bez ikakvih ogrebotina, o\u0161te\u0107enja ili dingova. Vozni park se sastoji od tvorni\u010dki isporu\u010denih kota\u010da od 18 in\u010da omotanih u Bridgestone Potenza gumu performansi. Gume su iz 2020. godine i pre\u0161le su vrlo nekoliko kilometara. Nema preinaka, a ovaj 996 Targa je u isporu\u010denom stanju.<\/p>\n<p><strong>Dokumentacija<\/strong><\/p>\n<p>Ovo vozilo prodaje trgovac s odgovaraju\u0107om dokumentacijom, a nalazi se u \u0160panjolskoj. Izvje\u0161\u0107e CarFaxa je \u010disto; Ne postoje dokazi o nesre\u0107ama, popravcima nesre\u0107a, vlasni\u0161tvu ili pravnim problemima. Postoje zapisi o redovitom odr\u017eavanju zajedno s originalnim tvorni\u010dkim bro\u0161urama i ra\u010dunima.<\/p>\n<p><strong>Pogledajte video s hladnim pokretanjem ovog prekrasnog Porschea 911 Targa :<\/strong><\/p>\n<p><iframe title=\"Cold Start Video of the Porsche 911 996 Targa for auction sale\" width=\"1200\" height=\"675\" src=\"https:\/\/www.youtube.com\/embed\/pOCqegVAqt8?feature=oembed\" frameborder=\"0\" allow=\"accelerometer; autoplay; clipboard-write; encrypted-media; gyroscope; picture-in-picture; web-share\" allowfullscreen><\/iframe><\/p>\n","protected":false},"excerpt":{"rendered":"<p>996-generacija \u010dasnog Porschea 911 bila je vrlo kontroverzna kada je objavljena krajem 90-ih. Me\u0111utim, od tada je prepoznat kao sastavni dio legende 911, neizmjerno va\u017ean model za tvrtku i prvi 911 modernog doba. Svojim karakteristi\u010dnim dizajnom, \u0161irokim rasponom modela i specifikacija, kolekcionari su po\u010deli otkrivati prave dragulje 996 911. Danas s ponosom predstavljamo takav model, rijetku verziju u idealnoj specifikaciji koja \u0107e privu\u0107i pozornost svakog entuzijasta 911.<\/p>\n","protected":false},"featured_media":59796,"comment_status":"open","ping_status":"closed","template":"","meta":{"inline_featured_image":false},"product_cat":[722],"product_tag":[2348,2315,2314,1000],"acf":[],"yoast_head":"<!-- This site is optimized with the Yoast SEO plugin v22.5 - https:\/\/yoast.com\/wordpress\/plugins\/seo\/ -->\n<title>Porsche 911 (996) Targa aukcija - Piston Addict<\/title>\n<meta name=\"robots\" content=\"index, follow, max-snippet:-1, max-image-preview:large, max-video-preview:-1\" \/>\n<link rel=\"canonical\" href=\"https:\/\/pistonaddict.com\/hr\/product\/porsche-911-996-targa\/\" \/>\n<meta property=\"og:locale\" content=\"hr_HR\" \/>\n<meta property=\"og:type\" content=\"article\" \/>\n<meta property=\"og:title\" content=\"Porsche 911 (996) Targa aukcija - Piston Addict\" \/>\n<meta property=\"og:description\" content=\"996-generacija \u010dasnog Porschea 911 bila je vrlo kontroverzna kada je objavljena krajem 90-ih. Me\u0111utim, od tada je prepoznat kao sastavni dio legende 911, neizmjerno va\u017ean model za tvrtku i prvi 911 modernog doba. Svojim karakteristi\u010dnim dizajnom, \u0161irokim rasponom modela i specifikacija, kolekcionari su po\u010deli otkrivati prave dragulje 996 911. Danas s ponosom predstavljamo takav model, rijetku verziju u idealnoj specifikaciji koja \u0107e privu\u0107i pozornost svakog entuzijasta 911.\" \/>\n<meta property=\"og:url\" content=\"https:\/\/pistonaddict.com\/hr\/product\/porsche-911-996-targa\/\" \/>\n<meta property=\"og:site_name\" content=\"Piston Addict\" \/>\n<meta property=\"article:modified_time\" content=\"2024-03-20T08:39:18+00:00\" \/>\n<meta property=\"og:image\" content=\"https:\/\/pistonaddict.com\/wp-content\/uploads\/2023\/10\/image00032-1-scaled.jpeg\" \/>\n\t<meta property=\"og:image:width\" content=\"2560\" \/>\n\t<meta property=\"og:image:height\" content=\"1920\" \/>\n\t<meta property=\"og:image:type\" content=\"image\/jpeg\" \/>\n<meta name=\"twitter:card\" content=\"summary_large_image\" \/>\n<meta name=\"twitter:label1\" content=\"Procijenjeno vrijeme \u010ditanja\" \/>\n\t<meta name=\"twitter:data1\" content=\"3 minute\" \/>\n<script type=\"application\/ld+json\" class=\"yoast-schema-graph\">{\"@context\":\"https:\/\/schema.org\",\"@graph\":[{\"@type\":\"WebPage\",\"@id\":\"https:\/\/pistonaddict.com\/hr\/product\/porsche-911-996-targa\/\",\"url\":\"https:\/\/pistonaddict.com\/hr\/product\/porsche-911-996-targa\/\",\"name\":\"Porsche 911 (996) Targa aukcija - Piston Addict\",\"isPartOf\":{\"@id\":\"https:\/\/pistonaddict.com\/hr\/#website\"},\"primaryImageOfPage\":{\"@id\":\"https:\/\/pistonaddict.com\/hr\/product\/porsche-911-996-targa\/#primaryimage\"},\"image\":{\"@id\":\"https:\/\/pistonaddict.com\/hr\/product\/porsche-911-996-targa\/#primaryimage\"},\"thumbnailUrl\":\"https:\/\/pistonaddict.com\/wp-content\/uploads\/2023\/10\/image00032-1-scaled.jpeg\",\"datePublished\":\"2023-10-25T17:30:40+00:00\",\"dateModified\":\"2024-03-20T08:39:18+00:00\",\"breadcrumb\":{\"@id\":\"https:\/\/pistonaddict.com\/hr\/product\/porsche-911-996-targa\/#breadcrumb\"},\"inLanguage\":\"hr\",\"potentialAction\":[{\"@type\":\"ReadAction\",\"target\":[\"https:\/\/pistonaddict.com\/hr\/product\/porsche-911-996-targa\/\"]}]},{\"@type\":\"ImageObject\",\"inLanguage\":\"hr\",\"@id\":\"https:\/\/pistonaddict.com\/hr\/product\/porsche-911-996-targa\/#primaryimage\",\"url\":\"https:\/\/pistonaddict.com\/wp-content\/uploads\/2023\/10\/image00032-1-scaled.jpeg\",\"contentUrl\":\"https:\/\/pistonaddict.com\/wp-content\/uploads\/2023\/10\/image00032-1-scaled.jpeg\",\"width\":2560,\"height\":1920},{\"@type\":\"BreadcrumbList\",\"@id\":\"https:\/\/pistonaddict.com\/hr\/product\/porsche-911-996-targa\/#breadcrumb\",\"itemListElement\":[{\"@type\":\"ListItem\",\"position\":1,\"name\":\"Po\u010detna stranica\",\"item\":\"https:\/\/pistonaddict.com\/hr\/pocetna-stranica-2\/\"},{\"@type\":\"ListItem\",\"position\":2,\"name\":\"Auctions\",\"item\":\"https:\/\/pistonaddict.com\/auctions-listing\/\"},{\"@type\":\"ListItem\",\"position\":3,\"name\":\"Porsche 911 (996) Targa\"}]},{\"@type\":\"WebSite\",\"@id\":\"https:\/\/pistonaddict.com\/hr\/#website\",\"url\":\"https:\/\/pistonaddict.com\/hr\/\",\"name\":\"Piston Addict\",\"description\":\"Only interesting vehicles\",\"publisher\":{\"@id\":\"https:\/\/pistonaddict.com\/hr\/#organization\"},\"potentialAction\":[{\"@type\":\"SearchAction\",\"target\":{\"@type\":\"EntryPoint\",\"urlTemplate\":\"https:\/\/pistonaddict.com\/hr\/?s={search_term_string}\"},\"query-input\":\"required name=search_term_string\"}],\"inLanguage\":\"hr\"},{\"@type\":\"Organization\",\"@id\":\"https:\/\/pistonaddict.com\/hr\/#organization\",\"name\":\"Piston Addict\",\"url\":\"https:\/\/pistonaddict.com\/hr\/\",\"logo\":{\"@type\":\"ImageObject\",\"inLanguage\":\"hr\",\"@id\":\"https:\/\/pistonaddict.com\/hr\/#\/schema\/logo\/image\/\",\"url\":\"https:\/\/pistonaddict.com\/wp-content\/uploads\/2022\/07\/logo-6.png\",\"contentUrl\":\"https:\/\/pistonaddict.com\/wp-content\/uploads\/2022\/07\/logo-6.png\",\"width\":970,\"height\":200,\"caption\":\"Piston Addict\"},\"image\":{\"@id\":\"https:\/\/pistonaddict.com\/hr\/#\/schema\/logo\/image\/\"}}]}<\/script>\n<!-- \/ Yoast SEO plugin. -->","yoast_head_json":{"title":"Porsche 911 (996) Targa aukcija - Piston Addict","robots":{"index":"index","follow":"follow","max-snippet":"max-snippet:-1","max-image-preview":"max-image-preview:large","max-video-preview":"max-video-preview:-1"},"canonical":"https:\/\/pistonaddict.com\/hr\/product\/porsche-911-996-targa\/","og_locale":"hr_HR","og_type":"article","og_title":"Porsche 911 (996) Targa aukcija - Piston Addict","og_description":"996-generacija \u010dasnog Porschea 911 bila je vrlo kontroverzna kada je objavljena krajem 90-ih. Me\u0111utim, od tada je prepoznat kao sastavni dio legende 911, neizmjerno va\u017ean model za tvrtku i prvi 911 modernog doba. Svojim karakteristi\u010dnim dizajnom, \u0161irokim rasponom modela i specifikacija, kolekcionari su po\u010deli otkrivati prave dragulje 996 911. Danas s ponosom predstavljamo takav model, rijetku verziju u idealnoj specifikaciji koja \u0107e privu\u0107i pozornost svakog entuzijasta 911.","og_url":"https:\/\/pistonaddict.com\/hr\/product\/porsche-911-996-targa\/","og_site_name":"Piston Addict","article_modified_time":"2024-03-20T08:39:18+00:00","og_image":[{"width":2560,"height":1920,"url":"https:\/\/pistonaddict.com\/wp-content\/uploads\/2023\/10\/image00032-1-scaled.jpeg","type":"image\/jpeg"}],"twitter_card":"summary_large_image","twitter_misc":{"Procijenjeno vrijeme \u010ditanja":"3 minute"},"schema":{"@context":"https:\/\/schema.org","@graph":[{"@type":"WebPage","@id":"https:\/\/pistonaddict.com\/hr\/product\/porsche-911-996-targa\/","url":"https:\/\/pistonaddict.com\/hr\/product\/porsche-911-996-targa\/","name":"Porsche 911 (996) Targa aukcija - Piston Addict","isPartOf":{"@id":"https:\/\/pistonaddict.com\/hr\/#website"},"primaryImageOfPage":{"@id":"https:\/\/pistonaddict.com\/hr\/product\/porsche-911-996-targa\/#primaryimage"},"image":{"@id":"https:\/\/pistonaddict.com\/hr\/product\/porsche-911-996-targa\/#primaryimage"},"thumbnailUrl":"https:\/\/pistonaddict.com\/wp-content\/uploads\/2023\/10\/image00032-1-scaled.jpeg","datePublished":"2023-10-25T17:30:40+00:00","dateModified":"2024-03-20T08:39:18+00:00","breadcrumb":{"@id":"https:\/\/pistonaddict.com\/hr\/product\/porsche-911-996-targa\/#breadcrumb"},"inLanguage":"hr","potentialAction":[{"@type":"ReadAction","target":["https:\/\/pistonaddict.com\/hr\/product\/porsche-911-996-targa\/"]}]},{"@type":"ImageObject","inLanguage":"hr","@id":"https:\/\/pistonaddict.com\/hr\/product\/porsche-911-996-targa\/#primaryimage","url":"https:\/\/pistonaddict.com\/wp-content\/uploads\/2023\/10\/image00032-1-scaled.jpeg","contentUrl":"https:\/\/pistonaddict.com\/wp-content\/uploads\/2023\/10\/image00032-1-scaled.jpeg","width":2560,"height":1920},{"@type":"BreadcrumbList","@id":"https:\/\/pistonaddict.com\/hr\/product\/porsche-911-996-targa\/#breadcrumb","itemListElement":[{"@type":"ListItem","position":1,"name":"Po\u010detna stranica","item":"https:\/\/pistonaddict.com\/hr\/pocetna-stranica-2\/"},{"@type":"ListItem","position":2,"name":"Auctions","item":"https:\/\/pistonaddict.com\/auctions-listing\/"},{"@type":"ListItem","position":3,"name":"Porsche 911 (996) Targa"}]},{"@type":"WebSite","@id":"https:\/\/pistonaddict.com\/hr\/#website","url":"https:\/\/pistonaddict.com\/hr\/","name":"Piston Addict","description":"Only interesting vehicles","publisher":{"@id":"https:\/\/pistonaddict.com\/hr\/#organization"},"potentialAction":[{"@type":"SearchAction","target":{"@type":"EntryPoint","urlTemplate":"https:\/\/pistonaddict.com\/hr\/?s={search_term_string}"},"query-input":"required name=search_term_string"}],"inLanguage":"hr"},{"@type":"Organization","@id":"https:\/\/pistonaddict.com\/hr\/#organization","name":"Piston Addict","url":"https:\/\/pistonaddict.com\/hr\/","logo":{"@type":"ImageObject","inLanguage":"hr","@id":"https:\/\/pistonaddict.com\/hr\/#\/schema\/logo\/image\/","url":"https:\/\/pistonaddict.com\/wp-content\/uploads\/2022\/07\/logo-6.png","contentUrl":"https:\/\/pistonaddict.com\/wp-content\/uploads\/2022\/07\/logo-6.png","width":970,"height":200,"caption":"Piston Addict"},"image":{"@id":"https:\/\/pistonaddict.com\/hr\/#\/schema\/logo\/image\/"}}]}},"_links":{"self":[{"href":"https:\/\/pistonaddict.com\/hr\/wp-json\/wp\/v2\/product\/62905"}],"collection":[{"href":"https:\/\/pistonaddict.com\/hr\/wp-json\/wp\/v2\/product"}],"about":[{"href":"https:\/\/pistonaddict.com\/hr\/wp-json\/wp\/v2\/types\/product"}],"replies":[{"embeddable":true,"href":"https:\/\/pistonaddict.com\/hr\/wp-json\/wp\/v2\/comments?post=62905"}],"wp:featuredmedia":[{"embeddable":true,"href":"https:\/\/pistonaddict.com\/hr\/wp-json\/wp\/v2\/media\/59796"}],"wp:attachment":[{"href":"https:\/\/pistonaddict.com\/hr\/wp-json\/wp\/v2\/media?parent=62905"}],"wp:term":[{"taxonomy":"product_cat","embeddable":true,"href":"https:\/\/pistonaddict.com\/hr\/wp-json\/wp\/v2\/product_cat?post=62905"},{"taxonomy":"product_tag","embeddable":true,"href":"https:\/\/pistonaddict.com\/hr\/wp-json\/wp\/v2\/product_tag?post=62905"}],"curies":[{"name":"wp","href":"https:\/\/api.w.org\/{rel}","templated":true}]}}