{"id":55246,"date":"2023-10-13T09:36:04","date_gmt":"2023-10-13T07:36:04","guid":{"rendered":"https:\/\/pistonaddict.com\/product\/porsche-cayman-s-3-4-325-cv\/"},"modified":"2024-03-19T17:03:41","modified_gmt":"2024-03-19T16:03:41","slug":"porsche-cayman-s-3-4-325-cv","status":"publish","type":"product","link":"https:\/\/pistonaddict.com\/hr\/product\/porsche-cayman-s-3-4-325-cv\/","title":{"rendered":"Porsche Cayman S 3.4 325 CV"},"content":{"rendered":"<p><strong>Povijest automobila<\/strong><\/p>\n<p>Ovaj bijeli Kajman S iz 2016. prvotno je prodan u Njema\u010dkoj, ali se preselio u Italiju, gdje ga je uvezao trenutni vlasnik, salon sportskih automobila. 2016. je posljednja godina za Kajman 981 generacije, \u0161to je zna\u010dajno iz nekoliko razloga. Uglavnom zato \u0161to Kajman S ima obnovljeni 3,4-litreni motor ravnih \u0161est iz Porsche 911 Carrera, bave\u0107i se jednom od najzna\u010dajnijih kontroverzi u modernoj Porsche zajednici. Godinama su kru\u017eile glasine da se Porsche previ\u0161e boji staviti motor 911 na Kajman, boje\u0107i se da bi mogao ponuditi jo\u0161 bolje iskustvo vo\u017enje. Ovo je prvi Kajman koji zapravo ima motor 911. S 325 KS na slavini, munjevitim 7-stupanjskim PDK mjenja\u010dem i posebno pode\u0161enim ovjesom iz tvornice, Kajman S iz 2016. mo\u017ee dose\u0107i 100 km \/ h (60 mph) za samo 4,8 sekundi na putu do svoje najve\u0107e brzine od 283 km \/ h (176 mph). Me\u0111utim, ne radi se o brojevima, iako su fantasti\u010dni. Kajman S ima motor srednje klase, lagano tijelo, precizno upravljanje i izvrsne ko\u010dnice, zbog \u010dega toliko vlasnika 911 \u010dini tako nervoznim. Kombinacija motora s visokim okretajem i prirodnim aspiracijom, okretne \u0161asije i savr\u0161ene dinamike vo\u017enje i dalje odjekuje me\u0111u publikom sportskih automobila kao jedan od najidealnijih voza\u010dkih automobila ikada napravljenih.<\/p>\n<p><strong>Unutra\u0161njost<\/strong><\/p>\n<p>Budu\u0107i da je ovaj Porsche Cayman S iz 2016. primjer male kilometra\u017ee, unutra\u0161njost je neozna\u010dena i u izvrsnom stanju, kao \u0161to se i o\u010dekivalo. Izvorni vlasnik pa\u017eljivo ga pregledava s nekoliko po\u017eeljnih opcija koje \u0107e sljede\u0107i vlasnik cijeniti. Elektroni\u010dki podesiva sportska sjedala, infotainment sustav s integriranim digitalnim zaslonom i vi\u0161enamjenski upravlja\u010d podi\u0107i \u0107e iskustvo vo\u017enje na vi\u0161u razinu. Vidljiva je kvaliteta interijera Porschea s potpisom, kao i izvanredno prianjanje i zavr\u0161na obrada.<\/p>\n<p><strong>Uvjet<\/strong><\/p>\n<p>Ovaj besprijekoran Porsche Cayman S pre\u0161ao je ne\u0161to vi\u0161e od 33.000 kilometara u posljednjih sedam godina. Tako mala kilometra\u017ea, nekoliko pa\u017eljivih vlasnika i pravilni zapisi o odr\u017eavanju jam\u010de da je automobil u savr\u0161enom stanju tijekom cijelog razdoblja. Prodavatelj je vrlo renomirani trgovac sportskim automobilima u Italiji i toliko su sigurni u cjelokupno stanje ovog Kajmana S da <strong>automobil dolazi s 12-mjese\u010dnim jamstvom<\/strong>, \u0161to je vrlo va\u017eno i odvaja ovo vozilo od sli\u010dnog koje biste mogli na\u0107i na prodaju. Postoje zapisi o odr\u017eavanju i zna\u010dajne usluge obavljene u 2021. godini.<\/p>\n<p><strong>Eksterijer i kota\u010di<\/strong><\/p>\n<p>Elegantna bijela vanj\u0161tina nema ogrebotina ili dingova, a ovaj automobil ima zanimljive grafi\u010dke detalje na rockerskim plo\u010dama, koji je tvorni\u010dki originalan i slu\u017ei za pokazivanje da ovaj Kajman nije model bazne specifikacije. Izgled sportskog automobila upotpunjen je 20-in\u010dnim kota\u010dima, koji se isti koriste u razdoblju 911, umotanim u gotovo nove gume Michelin Pilot Sport 4S, poznate kao izbor voza\u010da entuzijasta. Nema modifikacija, a ovaj Kajman je u idealnom izvornom stanju.<\/p>\n<p><strong>Dokumentacija<\/strong><\/p>\n<p>Ovo vozilo prodaje trgovac s odgovaraju\u0107om dokumentacijom, a nalazi se u Italiji. Izvje\u0161\u0107e <a href=\"https:\/\/pistonaddict.com\/wp-content\/uploads\/2023\/10\/CARFAX-Vehicle-History-Report-PORSCHE-WP0ZZZ98ZGK181513.pdf\" target=\"_blank\" rel=\"noopener\">CarFaxa<\/a> je \u010disto; Ne postoje dokazi o nesre\u0107ama, popravcima nesre\u0107a, vlasni\u0161tvu ili pravnim problemima. Prodava\u010d nas je me\u0111utim obavijestio da se 2017. godine dogodila jedna nesre\u0107a s motociklom, o\u0161te\u0107eni element, prednja hauba, je naravno popravljena. Postoje zapisi o redovitom odr\u017eavanju zajedno s originalnim tvorni\u010dkim bro\u0161urama i ra\u010dunima. U prodaju je uklju\u010deno 12-mjese\u010dno jamstvo trgovca.  <strong>\u0160tovi\u0161e, ako \u017eivite u Europi, prodava\u010d se mo\u017ee pobrinuti za prijevoz umjesto vas i dovesti vozilo do va\u0161e ku\u0107e.<\/strong><\/p>\n<p><strong> <\/strong><\/p>\n<p>Pogledajte otkrivaju\u0107i video ovog prekrasnog Porsche Caymana S :<\/p>\n<p><iframe title=\"Video of the Porsche Cayman S for auction sale\" width=\"1200\" height=\"675\" src=\"https:\/\/www.youtube.com\/embed\/-29PE_JnFJM?feature=oembed\" frameborder=\"0\" allow=\"accelerometer; autoplay; clipboard-write; encrypted-media; gyroscope; picture-in-picture; web-share\" allowfullscreen><\/iframe><\/p>\n","protected":false},"excerpt":{"rendered":"<p>Kao tvrtka koja je oduvijek te\u017eila loviti savr\u0161enstvo sportskih automobila, Porsche je na kritike odgovorio na najbolji mogu\u0107i na\u010din \u2013 predstavljaju\u0107i posve\u0107eni model voza\u010da koji je univerzalno voljen i hvaljen. Kada je prva generacija Kajmana debitirala, to je bilo sve \u0161to su entuzijasti \u017eeljeli, s 90% Porschea 911 osje\u0107aj za 60% cijene. Kajman je bio lak\u0161i, precizniji i zanimljiviji automobil, dok je njegova S verzija bila savr\u0161eno uravnote\u017een sportski automobil. Evo jednog posebno zanimljivog primjera u idealnom stanju. <strong>Da biste pristupili ovoj dra\u017ebi, morate <a href=\"https:\/\/pistonaddict.com\/hr\/moj-racun\/\">izraditi svoj ra\u010dun<\/a> .<\/strong><\/p>\n","protected":false},"featured_media":55115,"comment_status":"open","ping_status":"closed","template":"","meta":{"inline_featured_image":false},"product_cat":[722],"product_tag":[2191,2185,917,2180],"acf":[],"yoast_head":"<!-- This site is optimized with the Yoast SEO plugin v22.5 - https:\/\/yoast.com\/wordpress\/plugins\/seo\/ -->\n<title>Porsche Cayman S 3.4 325 CV aukcija - Piston Addict<\/title>\n<meta name=\"robots\" content=\"index, follow, max-snippet:-1, max-image-preview:large, max-video-preview:-1\" \/>\n<link rel=\"canonical\" href=\"https:\/\/pistonaddict.com\/hr\/product\/porsche-cayman-s-3-4-325-cv\/\" \/>\n<meta property=\"og:locale\" content=\"hr_HR\" \/>\n<meta property=\"og:type\" content=\"article\" \/>\n<meta property=\"og:title\" content=\"Porsche Cayman S 3.4 325 CV aukcija - Piston Addict\" \/>\n<meta property=\"og:description\" content=\"Kao tvrtka koja je oduvijek te\u017eila loviti savr\u0161enstvo sportskih automobila, Porsche je na kritike odgovorio na najbolji mogu\u0107i na\u010din \u2013 predstavljaju\u0107i posve\u0107eni model voza\u010da koji je univerzalno voljen i hvaljen. Kada je prva generacija Kajmana debitirala, to je bilo sve \u0161to su entuzijasti \u017eeljeli, s 90% Porschea 911 osje\u0107aj za 60% cijene. Kajman je bio lak\u0161i, precizniji i zanimljiviji automobil, dok je njegova S verzija bila savr\u0161eno uravnote\u017een sportski automobil. Evo jednog posebno zanimljivog primjera u idealnom stanju. Da biste pristupili ovoj dra\u017ebi, morate izraditi svoj ra\u010dun .\" \/>\n<meta property=\"og:url\" content=\"https:\/\/pistonaddict.com\/hr\/product\/porsche-cayman-s-3-4-325-cv\/\" \/>\n<meta property=\"og:site_name\" content=\"Piston Addict\" \/>\n<meta property=\"article:modified_time\" content=\"2024-03-19T16:03:41+00:00\" \/>\n<meta property=\"og:image\" content=\"https:\/\/pistonaddict.com\/wp-content\/uploads\/2023\/10\/CAYMAN-1.png\" \/>\n\t<meta property=\"og:image:width\" content=\"1887\" \/>\n\t<meta property=\"og:image:height\" content=\"781\" \/>\n\t<meta property=\"og:image:type\" content=\"image\/png\" \/>\n<meta name=\"twitter:card\" content=\"summary_large_image\" \/>\n<meta name=\"twitter:label1\" content=\"Procijenjeno vrijeme \u010ditanja\" \/>\n\t<meta name=\"twitter:data1\" content=\"3 minute\" \/>\n<script type=\"application\/ld+json\" class=\"yoast-schema-graph\">{\"@context\":\"https:\/\/schema.org\",\"@graph\":[{\"@type\":\"WebPage\",\"@id\":\"https:\/\/pistonaddict.com\/hr\/product\/porsche-cayman-s-3-4-325-cv\/\",\"url\":\"https:\/\/pistonaddict.com\/hr\/product\/porsche-cayman-s-3-4-325-cv\/\",\"name\":\"Porsche Cayman S 3.4 325 CV aukcija - Piston Addict\",\"isPartOf\":{\"@id\":\"https:\/\/pistonaddict.com\/hr\/#website\"},\"primaryImageOfPage\":{\"@id\":\"https:\/\/pistonaddict.com\/hr\/product\/porsche-cayman-s-3-4-325-cv\/#primaryimage\"},\"image\":{\"@id\":\"https:\/\/pistonaddict.com\/hr\/product\/porsche-cayman-s-3-4-325-cv\/#primaryimage\"},\"thumbnailUrl\":\"https:\/\/pistonaddict.com\/wp-content\/uploads\/2023\/10\/CAYMAN-1.png\",\"datePublished\":\"2023-10-13T07:36:04+00:00\",\"dateModified\":\"2024-03-19T16:03:41+00:00\",\"breadcrumb\":{\"@id\":\"https:\/\/pistonaddict.com\/hr\/product\/porsche-cayman-s-3-4-325-cv\/#breadcrumb\"},\"inLanguage\":\"hr\",\"potentialAction\":[{\"@type\":\"ReadAction\",\"target\":[\"https:\/\/pistonaddict.com\/hr\/product\/porsche-cayman-s-3-4-325-cv\/\"]}]},{\"@type\":\"ImageObject\",\"inLanguage\":\"hr\",\"@id\":\"https:\/\/pistonaddict.com\/hr\/product\/porsche-cayman-s-3-4-325-cv\/#primaryimage\",\"url\":\"https:\/\/pistonaddict.com\/wp-content\/uploads\/2023\/10\/CAYMAN-1.png\",\"contentUrl\":\"https:\/\/pistonaddict.com\/wp-content\/uploads\/2023\/10\/CAYMAN-1.png\",\"width\":1887,\"height\":781},{\"@type\":\"BreadcrumbList\",\"@id\":\"https:\/\/pistonaddict.com\/hr\/product\/porsche-cayman-s-3-4-325-cv\/#breadcrumb\",\"itemListElement\":[{\"@type\":\"ListItem\",\"position\":1,\"name\":\"Po\u010detna stranica\",\"item\":\"https:\/\/pistonaddict.com\/hr\/pocetna-stranica-2\/\"},{\"@type\":\"ListItem\",\"position\":2,\"name\":\"Auctions\",\"item\":\"https:\/\/pistonaddict.com\/auctions-listing\/\"},{\"@type\":\"ListItem\",\"position\":3,\"name\":\"Porsche Cayman S 3.4 325 CV\"}]},{\"@type\":\"WebSite\",\"@id\":\"https:\/\/pistonaddict.com\/hr\/#website\",\"url\":\"https:\/\/pistonaddict.com\/hr\/\",\"name\":\"Piston Addict\",\"description\":\"Only interesting vehicles\",\"publisher\":{\"@id\":\"https:\/\/pistonaddict.com\/hr\/#organization\"},\"potentialAction\":[{\"@type\":\"SearchAction\",\"target\":{\"@type\":\"EntryPoint\",\"urlTemplate\":\"https:\/\/pistonaddict.com\/hr\/?s={search_term_string}\"},\"query-input\":\"required name=search_term_string\"}],\"inLanguage\":\"hr\"},{\"@type\":\"Organization\",\"@id\":\"https:\/\/pistonaddict.com\/hr\/#organization\",\"name\":\"Piston Addict\",\"url\":\"https:\/\/pistonaddict.com\/hr\/\",\"logo\":{\"@type\":\"ImageObject\",\"inLanguage\":\"hr\",\"@id\":\"https:\/\/pistonaddict.com\/hr\/#\/schema\/logo\/image\/\",\"url\":\"https:\/\/pistonaddict.com\/wp-content\/uploads\/2022\/07\/logo-6.png\",\"contentUrl\":\"https:\/\/pistonaddict.com\/wp-content\/uploads\/2022\/07\/logo-6.png\",\"width\":970,\"height\":200,\"caption\":\"Piston Addict\"},\"image\":{\"@id\":\"https:\/\/pistonaddict.com\/hr\/#\/schema\/logo\/image\/\"}}]}<\/script>\n<!-- \/ Yoast SEO plugin. -->","yoast_head_json":{"title":"Porsche Cayman S 3.4 325 CV aukcija - Piston Addict","robots":{"index":"index","follow":"follow","max-snippet":"max-snippet:-1","max-image-preview":"max-image-preview:large","max-video-preview":"max-video-preview:-1"},"canonical":"https:\/\/pistonaddict.com\/hr\/product\/porsche-cayman-s-3-4-325-cv\/","og_locale":"hr_HR","og_type":"article","og_title":"Porsche Cayman S 3.4 325 CV aukcija - Piston Addict","og_description":"Kao tvrtka koja je oduvijek te\u017eila loviti savr\u0161enstvo sportskih automobila, Porsche je na kritike odgovorio na najbolji mogu\u0107i na\u010din \u2013 predstavljaju\u0107i posve\u0107eni model voza\u010da koji je univerzalno voljen i hvaljen. Kada je prva generacija Kajmana debitirala, to je bilo sve \u0161to su entuzijasti \u017eeljeli, s 90% Porschea 911 osje\u0107aj za 60% cijene. Kajman je bio lak\u0161i, precizniji i zanimljiviji automobil, dok je njegova S verzija bila savr\u0161eno uravnote\u017een sportski automobil. Evo jednog posebno zanimljivog primjera u idealnom stanju. Da biste pristupili ovoj dra\u017ebi, morate izraditi svoj ra\u010dun .","og_url":"https:\/\/pistonaddict.com\/hr\/product\/porsche-cayman-s-3-4-325-cv\/","og_site_name":"Piston Addict","article_modified_time":"2024-03-19T16:03:41+00:00","og_image":[{"width":1887,"height":781,"url":"https:\/\/pistonaddict.com\/wp-content\/uploads\/2023\/10\/CAYMAN-1.png","type":"image\/png"}],"twitter_card":"summary_large_image","twitter_misc":{"Procijenjeno vrijeme \u010ditanja":"3 minute"},"schema":{"@context":"https:\/\/schema.org","@graph":[{"@type":"WebPage","@id":"https:\/\/pistonaddict.com\/hr\/product\/porsche-cayman-s-3-4-325-cv\/","url":"https:\/\/pistonaddict.com\/hr\/product\/porsche-cayman-s-3-4-325-cv\/","name":"Porsche Cayman S 3.4 325 CV aukcija - Piston Addict","isPartOf":{"@id":"https:\/\/pistonaddict.com\/hr\/#website"},"primaryImageOfPage":{"@id":"https:\/\/pistonaddict.com\/hr\/product\/porsche-cayman-s-3-4-325-cv\/#primaryimage"},"image":{"@id":"https:\/\/pistonaddict.com\/hr\/product\/porsche-cayman-s-3-4-325-cv\/#primaryimage"},"thumbnailUrl":"https:\/\/pistonaddict.com\/wp-content\/uploads\/2023\/10\/CAYMAN-1.png","datePublished":"2023-10-13T07:36:04+00:00","dateModified":"2024-03-19T16:03:41+00:00","breadcrumb":{"@id":"https:\/\/pistonaddict.com\/hr\/product\/porsche-cayman-s-3-4-325-cv\/#breadcrumb"},"inLanguage":"hr","potentialAction":[{"@type":"ReadAction","target":["https:\/\/pistonaddict.com\/hr\/product\/porsche-cayman-s-3-4-325-cv\/"]}]},{"@type":"ImageObject","inLanguage":"hr","@id":"https:\/\/pistonaddict.com\/hr\/product\/porsche-cayman-s-3-4-325-cv\/#primaryimage","url":"https:\/\/pistonaddict.com\/wp-content\/uploads\/2023\/10\/CAYMAN-1.png","contentUrl":"https:\/\/pistonaddict.com\/wp-content\/uploads\/2023\/10\/CAYMAN-1.png","width":1887,"height":781},{"@type":"BreadcrumbList","@id":"https:\/\/pistonaddict.com\/hr\/product\/porsche-cayman-s-3-4-325-cv\/#breadcrumb","itemListElement":[{"@type":"ListItem","position":1,"name":"Po\u010detna stranica","item":"https:\/\/pistonaddict.com\/hr\/pocetna-stranica-2\/"},{"@type":"ListItem","position":2,"name":"Auctions","item":"https:\/\/pistonaddict.com\/auctions-listing\/"},{"@type":"ListItem","position":3,"name":"Porsche Cayman S 3.4 325 CV"}]},{"@type":"WebSite","@id":"https:\/\/pistonaddict.com\/hr\/#website","url":"https:\/\/pistonaddict.com\/hr\/","name":"Piston Addict","description":"Only interesting vehicles","publisher":{"@id":"https:\/\/pistonaddict.com\/hr\/#organization"},"potentialAction":[{"@type":"SearchAction","target":{"@type":"EntryPoint","urlTemplate":"https:\/\/pistonaddict.com\/hr\/?s={search_term_string}"},"query-input":"required name=search_term_string"}],"inLanguage":"hr"},{"@type":"Organization","@id":"https:\/\/pistonaddict.com\/hr\/#organization","name":"Piston Addict","url":"https:\/\/pistonaddict.com\/hr\/","logo":{"@type":"ImageObject","inLanguage":"hr","@id":"https:\/\/pistonaddict.com\/hr\/#\/schema\/logo\/image\/","url":"https:\/\/pistonaddict.com\/wp-content\/uploads\/2022\/07\/logo-6.png","contentUrl":"https:\/\/pistonaddict.com\/wp-content\/uploads\/2022\/07\/logo-6.png","width":970,"height":200,"caption":"Piston Addict"},"image":{"@id":"https:\/\/pistonaddict.com\/hr\/#\/schema\/logo\/image\/"}}]}},"_links":{"self":[{"href":"https:\/\/pistonaddict.com\/hr\/wp-json\/wp\/v2\/product\/55246"}],"collection":[{"href":"https:\/\/pistonaddict.com\/hr\/wp-json\/wp\/v2\/product"}],"about":[{"href":"https:\/\/pistonaddict.com\/hr\/wp-json\/wp\/v2\/types\/product"}],"replies":[{"embeddable":true,"href":"https:\/\/pistonaddict.com\/hr\/wp-json\/wp\/v2\/comments?post=55246"}],"wp:featuredmedia":[{"embeddable":true,"href":"https:\/\/pistonaddict.com\/hr\/wp-json\/wp\/v2\/media\/55115"}],"wp:attachment":[{"href":"https:\/\/pistonaddict.com\/hr\/wp-json\/wp\/v2\/media?parent=55246"}],"wp:term":[{"taxonomy":"product_cat","embeddable":true,"href":"https:\/\/pistonaddict.com\/hr\/wp-json\/wp\/v2\/product_cat?post=55246"},{"taxonomy":"product_tag","embeddable":true,"href":"https:\/\/pistonaddict.com\/hr\/wp-json\/wp\/v2\/product_tag?post=55246"}],"curies":[{"name":"wp","href":"https:\/\/api.w.org\/{rel}","templated":true}]}}