{"id":53480,"date":"2023-10-06T11:28:15","date_gmt":"2023-10-06T09:28:15","guid":{"rendered":"https:\/\/pistonaddict.com\/product\/porsche-911-carrera-2-cabrio-997\/"},"modified":"2023-12-20T09:48:56","modified_gmt":"2023-12-20T08:48:56","slug":"porsche-911-carrera-2-cabrio-997","status":"publish","type":"product","link":"https:\/\/pistonaddict.com\/hr\/product\/porsche-911-carrera-2-cabrio-997\/","title":{"rendered":"Porsche 911 Carrera 2 Cabrio (997)"},"content":{"rendered":"<p><strong>Povijest automobila<\/strong><\/p>\n<p>Ovaj &#8220;Guards Red&#8221; Porsche 911 Carrera 2 Cabrio proizveden je u prosincu 2006. godine i prodan je novi u \u0160panjolskoj, gdje je proveo cijeli \u017eivot. Sada\u0161nji vlasnik kupio ga je 2021. godine. Ovaj kabriolet pravi je primjer modela Carrera 2 iz generacije 997, koji je poznat po laganoj konstrukciji, motorima s visokim okretajima i beskompromisnom osje\u0107aju vo\u017enje. Porscheovi puristi \u010desto su kritizirali naknadne modele 911 jer su preveliki i te\u0161ki, ali svi su se slo\u017eili da je 997 posljednji iz klasi\u010dne linije automobila. Nudi okretnu \u0161asiju, motore s prirodnim aspiracijom, karakteristi\u010dan zvuk i jedinstveno rukovanje, posebno u obliku RWD-a, poput ovog. Ovaj primjer <strong>pokre\u0107e 3,6-litreni<\/strong> <strong>motor ravnih \u0161est koji pru\u017ea zdravih 325 KS<\/strong> i vi\u0161e nego respektabilne performanse. Sprint od 0 do 100 km\/h mogu\u0107 je za samo 4,8 sekundi s najve\u0107om brzinom ve\u0107om od 280 km\/h (177 mph). Me\u0111utim, bitna stvar je 6-stupanjski priru\u010dnik, koji odmah pretvara ovaj crveni kabriolet iz samo jo\u0161 jednog 911 u rijetki kolekcionarski predmet. Priru\u010dnik je vrlo po\u017eeljna opcija koja ne samo da poma\u017ee automobilu da postigne svoj puni potencijal performansi, ve\u0107 svaku vo\u017enju \u010dini nezaboravnim iskustvom.<\/p>\n<p><strong>Unutra\u0161njost<\/strong><\/p>\n<p>Interijer &#8220;Natural Brown&#8221; upe\u010datljivo je kombiniran s crvenom vanj\u0161tinom i jo\u0161 vi\u0161e uspostavlja ovaj primjer iz ostalih modela 911. Unutra\u0161njost je u besprijekornom stanju, bez ogrebotina na ko\u017enim sjedalima. Tako\u0111er je dobro opremljen s opcionalnim sportskim sjedalima, Bose audio sustavom i odgovaraju\u0107im upravlja\u010dem. Jedina neoriginalna stavka je Kenwoodova glavna jedinica s dodirnim zaslonom, ali ukusna nadogradnja savr\u0161eno odgovara dizajnu nadzorne plo\u010de. Iako je ovaj kabriolet vozio kao vikend krstarica u sun\u010danoj \u0160panjolskoj, na prekrasnom interijeru preplanule ko\u017ee nema znakova o\u0161te\u0107enja od sunca.<\/p>\n<p><strong>Uvjet<\/strong><\/p>\n<p>Sa samo 43.000 kilometara od novog, cjelokupno stanje automobila je besprijekorno, bez nesre\u0107a ili o\u0161te\u0107enja vozila. Posljednji servis motora obavljen je 2022. godine, dok su ko\u010dnice remontovane u listopadu 2023. godine. Automobil je temeljito o\u010di\u0161\u0107en i provedena je analiza ulja koja pokazuje da su motor i pogonski vlak u idealnom stanju. 911-e su oduvijek imale reputaciju kvalitete, a kada se pravilno odr\u017eavaju i pa\u017eljivo \u010duvaju, kao \u0161to je ova, mogu trajati cijeli \u017eivot.<\/p>\n<p><strong>Eksterijer i kota\u010di  <\/strong><\/p>\n<p>Crvena karoserija je u savr\u0161enom stanju bez ogrebotina ili dingova, a kabriolet vrh nema o\u0161te\u0107enja. Kombinacija boja je izvrsna i \u010dini ovaj primjer istaknutim iz gomile. Ovaj 911 Carrera 2 ima 19-in\u010dne kota\u010de s Porscheovim potpisom &#8220;Kand\u017ea jastoga&#8221; omotane potpuno novim gumama Michelin Pilot Sport.<\/p>\n<p><strong>Dokumentacija:<\/strong><\/p>\n<p>Ovo vozilo prodaje trgovac s odgovaraju\u0107om dokumentacijom koja se nalazi u \u0160panjolskoj. Izvje\u0161\u0107e CarFaxa je \u010disto; Ne postoje dokazi o nesre\u0107ama, popravcima nesre\u0107a, vlasni\u0161tvu ili pravnim problemima. Postoje zapisi o redovitom odr\u017eavanju zajedno s originalnim tvorni\u010dkim bro\u0161urama i ra\u010dunima. \u0160panjolska tehni\u010dka inspekcija (ITV) uklju\u010dena je u dokumentaciju, a automobil je pro\u0161ao s lete\u0107im bojama. Provjerite <a href=\"https:\/\/pistonaddict.com\/wp-content\/uploads\/2023\/10\/CARFAX-Vehicle-History-Report-PORSCHE-911.pdf\">CarFax dokument<\/a> ovog prekrasnog kabrioleta Porsche 911 Carrera.<\/p>\n<p><strong>Otisak\/zadr\u017eavanje kreditne kartice (automatski objavljeno) mora biti u mogu\u0107nosti pristupa dra\u017ebi ovog premium vozila.<\/strong><\/p>\n<p>Pogledajte Cold Start video ovog prekrasnog Porsche 911 Carrera kabrioleta:<\/p>\n<p><iframe title=\"Cold Start Video of the Porsche 911 Carrera Cabrio 325 CV\" width=\"1200\" height=\"675\" src=\"https:\/\/www.youtube.com\/embed\/FNuC3o32Erw?feature=oembed\" frameborder=\"0\" allow=\"accelerometer; autoplay; clipboard-write; encrypted-media; gyroscope; picture-in-picture; web-share\" allowfullscreen><\/iframe><\/p>\n","protected":false},"excerpt":{"rendered":"<p>Porsche 911 ima posebno mjesto u svijetu sportskih automobila. Vi\u0161e se ne do\u017eivljava samo kao vozilo jer nadilazi granice automobilske industrije i postaje kulturni simbol i globalno priznati oblik. Kroz svoje generacije, 911 je evoluirao od malog sportskog kupea do dana\u0161njeg luksuznog GT automobila. Me\u0111utim, pretpostavimo da \u017eudite za tim bitnim osje\u0107ajem 911, prirodno aspiriranim boksa\u010dkim re\u017eanjem i \u010distim osje\u0107ajem vo\u017enje. U tom slu\u010daju, generacija 997 posljednja nudi sve one po\u017eeljne klasi\u010dne vrline u modernom pakiranju. To je savr\u0161enstvo na \u010detiri kota\u010da u konvertibilnom obliku i s ru\u010dnim mjenja\u010dem.<\/p>\n","protected":false},"featured_media":53262,"comment_status":"open","ping_status":"closed","template":"","meta":{"inline_featured_image":false},"product_cat":[722],"product_tag":[2076,794,2074,2075,793,1000],"acf":[],"yoast_head":"<!-- This site is optimized with the Yoast SEO plugin v22.5 - https:\/\/yoast.com\/wordpress\/plugins\/seo\/ -->\n<title>Porsche 911 Carrera 2 Cabrio (997) aukcija - Piston Addict<\/title>\n<meta name=\"robots\" content=\"index, follow, max-snippet:-1, max-image-preview:large, max-video-preview:-1\" \/>\n<link rel=\"canonical\" href=\"https:\/\/pistonaddict.com\/hr\/product\/porsche-911-carrera-2-cabrio-997\/\" \/>\n<meta property=\"og:locale\" content=\"hr_HR\" \/>\n<meta property=\"og:type\" content=\"article\" \/>\n<meta property=\"og:title\" content=\"Porsche 911 Carrera 2 Cabrio (997) aukcija - Piston Addict\" \/>\n<meta property=\"og:description\" content=\"Porsche 911 ima posebno mjesto u svijetu sportskih automobila. Vi\u0161e se ne do\u017eivljava samo kao vozilo jer nadilazi granice automobilske industrije i postaje kulturni simbol i globalno priznati oblik. Kroz svoje generacije, 911 je evoluirao od malog sportskog kupea do dana\u0161njeg luksuznog GT automobila. Me\u0111utim, pretpostavimo da \u017eudite za tim bitnim osje\u0107ajem 911, prirodno aspiriranim boksa\u010dkim re\u017eanjem i \u010distim osje\u0107ajem vo\u017enje. U tom slu\u010daju, generacija 997 posljednja nudi sve one po\u017eeljne klasi\u010dne vrline u modernom pakiranju. To je savr\u0161enstvo na \u010detiri kota\u010da u konvertibilnom obliku i s ru\u010dnim mjenja\u010dem.\" \/>\n<meta property=\"og:url\" content=\"https:\/\/pistonaddict.com\/hr\/product\/porsche-911-carrera-2-cabrio-997\/\" \/>\n<meta property=\"og:site_name\" content=\"Piston Addict\" \/>\n<meta property=\"article:modified_time\" content=\"2023-12-20T08:48:56+00:00\" \/>\n<meta property=\"og:image\" content=\"https:\/\/pistonaddict.com\/wp-content\/uploads\/2023\/10\/20220624_201726_resized-copia.jpg\" \/>\n\t<meta property=\"og:image:width\" content=\"1008\" \/>\n\t<meta property=\"og:image:height\" content=\"567\" \/>\n\t<meta property=\"og:image:type\" content=\"image\/jpeg\" \/>\n<meta name=\"twitter:card\" content=\"summary_large_image\" \/>\n<meta name=\"twitter:label1\" content=\"Procijenjeno vrijeme \u010ditanja\" \/>\n\t<meta name=\"twitter:data1\" content=\"3 minute\" \/>\n<script type=\"application\/ld+json\" class=\"yoast-schema-graph\">{\"@context\":\"https:\/\/schema.org\",\"@graph\":[{\"@type\":\"WebPage\",\"@id\":\"https:\/\/pistonaddict.com\/hr\/product\/porsche-911-carrera-2-cabrio-997\/\",\"url\":\"https:\/\/pistonaddict.com\/hr\/product\/porsche-911-carrera-2-cabrio-997\/\",\"name\":\"Porsche 911 Carrera 2 Cabrio (997) aukcija - Piston Addict\",\"isPartOf\":{\"@id\":\"https:\/\/pistonaddict.com\/hr\/#website\"},\"primaryImageOfPage\":{\"@id\":\"https:\/\/pistonaddict.com\/hr\/product\/porsche-911-carrera-2-cabrio-997\/#primaryimage\"},\"image\":{\"@id\":\"https:\/\/pistonaddict.com\/hr\/product\/porsche-911-carrera-2-cabrio-997\/#primaryimage\"},\"thumbnailUrl\":\"https:\/\/pistonaddict.com\/wp-content\/uploads\/2023\/10\/20220624_201726_resized-copia.jpg\",\"datePublished\":\"2023-10-06T09:28:15+00:00\",\"dateModified\":\"2023-12-20T08:48:56+00:00\",\"breadcrumb\":{\"@id\":\"https:\/\/pistonaddict.com\/hr\/product\/porsche-911-carrera-2-cabrio-997\/#breadcrumb\"},\"inLanguage\":\"hr\",\"potentialAction\":[{\"@type\":\"ReadAction\",\"target\":[\"https:\/\/pistonaddict.com\/hr\/product\/porsche-911-carrera-2-cabrio-997\/\"]}]},{\"@type\":\"ImageObject\",\"inLanguage\":\"hr\",\"@id\":\"https:\/\/pistonaddict.com\/hr\/product\/porsche-911-carrera-2-cabrio-997\/#primaryimage\",\"url\":\"https:\/\/pistonaddict.com\/wp-content\/uploads\/2023\/10\/20220624_201726_resized-copia.jpg\",\"contentUrl\":\"https:\/\/pistonaddict.com\/wp-content\/uploads\/2023\/10\/20220624_201726_resized-copia.jpg\",\"width\":1008,\"height\":567},{\"@type\":\"BreadcrumbList\",\"@id\":\"https:\/\/pistonaddict.com\/hr\/product\/porsche-911-carrera-2-cabrio-997\/#breadcrumb\",\"itemListElement\":[{\"@type\":\"ListItem\",\"position\":1,\"name\":\"Po\u010detna stranica\",\"item\":\"https:\/\/pistonaddict.com\/hr\/pocetna-stranica-2\/\"},{\"@type\":\"ListItem\",\"position\":2,\"name\":\"Auctions\",\"item\":\"https:\/\/pistonaddict.com\/auctions-listing\/\"},{\"@type\":\"ListItem\",\"position\":3,\"name\":\"Porsche 911 Carrera 2 Cabrio (997)\"}]},{\"@type\":\"WebSite\",\"@id\":\"https:\/\/pistonaddict.com\/hr\/#website\",\"url\":\"https:\/\/pistonaddict.com\/hr\/\",\"name\":\"Piston Addict\",\"description\":\"Only interesting vehicles\",\"publisher\":{\"@id\":\"https:\/\/pistonaddict.com\/hr\/#organization\"},\"potentialAction\":[{\"@type\":\"SearchAction\",\"target\":{\"@type\":\"EntryPoint\",\"urlTemplate\":\"https:\/\/pistonaddict.com\/hr\/?s={search_term_string}\"},\"query-input\":\"required name=search_term_string\"}],\"inLanguage\":\"hr\"},{\"@type\":\"Organization\",\"@id\":\"https:\/\/pistonaddict.com\/hr\/#organization\",\"name\":\"Piston Addict\",\"url\":\"https:\/\/pistonaddict.com\/hr\/\",\"logo\":{\"@type\":\"ImageObject\",\"inLanguage\":\"hr\",\"@id\":\"https:\/\/pistonaddict.com\/hr\/#\/schema\/logo\/image\/\",\"url\":\"https:\/\/pistonaddict.com\/wp-content\/uploads\/2022\/07\/logo-6.png\",\"contentUrl\":\"https:\/\/pistonaddict.com\/wp-content\/uploads\/2022\/07\/logo-6.png\",\"width\":970,\"height\":200,\"caption\":\"Piston Addict\"},\"image\":{\"@id\":\"https:\/\/pistonaddict.com\/hr\/#\/schema\/logo\/image\/\"}}]}<\/script>\n<!-- \/ Yoast SEO plugin. -->","yoast_head_json":{"title":"Porsche 911 Carrera 2 Cabrio (997) aukcija - Piston Addict","robots":{"index":"index","follow":"follow","max-snippet":"max-snippet:-1","max-image-preview":"max-image-preview:large","max-video-preview":"max-video-preview:-1"},"canonical":"https:\/\/pistonaddict.com\/hr\/product\/porsche-911-carrera-2-cabrio-997\/","og_locale":"hr_HR","og_type":"article","og_title":"Porsche 911 Carrera 2 Cabrio (997) aukcija - Piston Addict","og_description":"Porsche 911 ima posebno mjesto u svijetu sportskih automobila. Vi\u0161e se ne do\u017eivljava samo kao vozilo jer nadilazi granice automobilske industrije i postaje kulturni simbol i globalno priznati oblik. Kroz svoje generacije, 911 je evoluirao od malog sportskog kupea do dana\u0161njeg luksuznog GT automobila. Me\u0111utim, pretpostavimo da \u017eudite za tim bitnim osje\u0107ajem 911, prirodno aspiriranim boksa\u010dkim re\u017eanjem i \u010distim osje\u0107ajem vo\u017enje. U tom slu\u010daju, generacija 997 posljednja nudi sve one po\u017eeljne klasi\u010dne vrline u modernom pakiranju. To je savr\u0161enstvo na \u010detiri kota\u010da u konvertibilnom obliku i s ru\u010dnim mjenja\u010dem.","og_url":"https:\/\/pistonaddict.com\/hr\/product\/porsche-911-carrera-2-cabrio-997\/","og_site_name":"Piston Addict","article_modified_time":"2023-12-20T08:48:56+00:00","og_image":[{"width":1008,"height":567,"url":"https:\/\/pistonaddict.com\/wp-content\/uploads\/2023\/10\/20220624_201726_resized-copia.jpg","type":"image\/jpeg"}],"twitter_card":"summary_large_image","twitter_misc":{"Procijenjeno vrijeme \u010ditanja":"3 minute"},"schema":{"@context":"https:\/\/schema.org","@graph":[{"@type":"WebPage","@id":"https:\/\/pistonaddict.com\/hr\/product\/porsche-911-carrera-2-cabrio-997\/","url":"https:\/\/pistonaddict.com\/hr\/product\/porsche-911-carrera-2-cabrio-997\/","name":"Porsche 911 Carrera 2 Cabrio (997) aukcija - Piston Addict","isPartOf":{"@id":"https:\/\/pistonaddict.com\/hr\/#website"},"primaryImageOfPage":{"@id":"https:\/\/pistonaddict.com\/hr\/product\/porsche-911-carrera-2-cabrio-997\/#primaryimage"},"image":{"@id":"https:\/\/pistonaddict.com\/hr\/product\/porsche-911-carrera-2-cabrio-997\/#primaryimage"},"thumbnailUrl":"https:\/\/pistonaddict.com\/wp-content\/uploads\/2023\/10\/20220624_201726_resized-copia.jpg","datePublished":"2023-10-06T09:28:15+00:00","dateModified":"2023-12-20T08:48:56+00:00","breadcrumb":{"@id":"https:\/\/pistonaddict.com\/hr\/product\/porsche-911-carrera-2-cabrio-997\/#breadcrumb"},"inLanguage":"hr","potentialAction":[{"@type":"ReadAction","target":["https:\/\/pistonaddict.com\/hr\/product\/porsche-911-carrera-2-cabrio-997\/"]}]},{"@type":"ImageObject","inLanguage":"hr","@id":"https:\/\/pistonaddict.com\/hr\/product\/porsche-911-carrera-2-cabrio-997\/#primaryimage","url":"https:\/\/pistonaddict.com\/wp-content\/uploads\/2023\/10\/20220624_201726_resized-copia.jpg","contentUrl":"https:\/\/pistonaddict.com\/wp-content\/uploads\/2023\/10\/20220624_201726_resized-copia.jpg","width":1008,"height":567},{"@type":"BreadcrumbList","@id":"https:\/\/pistonaddict.com\/hr\/product\/porsche-911-carrera-2-cabrio-997\/#breadcrumb","itemListElement":[{"@type":"ListItem","position":1,"name":"Po\u010detna stranica","item":"https:\/\/pistonaddict.com\/hr\/pocetna-stranica-2\/"},{"@type":"ListItem","position":2,"name":"Auctions","item":"https:\/\/pistonaddict.com\/auctions-listing\/"},{"@type":"ListItem","position":3,"name":"Porsche 911 Carrera 2 Cabrio (997)"}]},{"@type":"WebSite","@id":"https:\/\/pistonaddict.com\/hr\/#website","url":"https:\/\/pistonaddict.com\/hr\/","name":"Piston Addict","description":"Only interesting vehicles","publisher":{"@id":"https:\/\/pistonaddict.com\/hr\/#organization"},"potentialAction":[{"@type":"SearchAction","target":{"@type":"EntryPoint","urlTemplate":"https:\/\/pistonaddict.com\/hr\/?s={search_term_string}"},"query-input":"required name=search_term_string"}],"inLanguage":"hr"},{"@type":"Organization","@id":"https:\/\/pistonaddict.com\/hr\/#organization","name":"Piston Addict","url":"https:\/\/pistonaddict.com\/hr\/","logo":{"@type":"ImageObject","inLanguage":"hr","@id":"https:\/\/pistonaddict.com\/hr\/#\/schema\/logo\/image\/","url":"https:\/\/pistonaddict.com\/wp-content\/uploads\/2022\/07\/logo-6.png","contentUrl":"https:\/\/pistonaddict.com\/wp-content\/uploads\/2022\/07\/logo-6.png","width":970,"height":200,"caption":"Piston Addict"},"image":{"@id":"https:\/\/pistonaddict.com\/hr\/#\/schema\/logo\/image\/"}}]}},"_links":{"self":[{"href":"https:\/\/pistonaddict.com\/hr\/wp-json\/wp\/v2\/product\/53480"}],"collection":[{"href":"https:\/\/pistonaddict.com\/hr\/wp-json\/wp\/v2\/product"}],"about":[{"href":"https:\/\/pistonaddict.com\/hr\/wp-json\/wp\/v2\/types\/product"}],"replies":[{"embeddable":true,"href":"https:\/\/pistonaddict.com\/hr\/wp-json\/wp\/v2\/comments?post=53480"}],"wp:featuredmedia":[{"embeddable":true,"href":"https:\/\/pistonaddict.com\/hr\/wp-json\/wp\/v2\/media\/53262"}],"wp:attachment":[{"href":"https:\/\/pistonaddict.com\/hr\/wp-json\/wp\/v2\/media?parent=53480"}],"wp:term":[{"taxonomy":"product_cat","embeddable":true,"href":"https:\/\/pistonaddict.com\/hr\/wp-json\/wp\/v2\/product_cat?post=53480"},{"taxonomy":"product_tag","embeddable":true,"href":"https:\/\/pistonaddict.com\/hr\/wp-json\/wp\/v2\/product_tag?post=53480"}],"curies":[{"name":"wp","href":"https:\/\/api.w.org\/{rel}","templated":true}]}}