{"id":47822,"date":"2024-01-16T09:00:29","date_gmt":"2024-01-16T08:00:29","guid":{"rendered":"https:\/\/pistonaddict.com\/product\/morgan-roadster-v6-3-0\/"},"modified":"2024-03-20T09:43:52","modified_gmt":"2024-03-20T08:43:52","slug":"morgan-roadster-v6-3-0","status":"publish","type":"product","link":"https:\/\/pistonaddict.com\/hr\/product\/morgan-roadster-v6-3-0\/","title":{"rendered":"Morgan Roadster V6 3.0"},"content":{"rendered":"<p><strong>Povijest automobila<\/strong><\/p>\n<p>Sada\u0161nji vlasnik ovog elegantnog roadstera kupio je automobil 2010. godine kada je imao samo tri godine. Isporu\u010den je nov i cijeli je \u017eivot proveo u \u0160panjolskoj, a koristio se za opu\u0161taju\u0107e vo\u017enje du\u017e obale. Ova generacija Morganovog \u010dasnog roadstera predstavljena je 2004. godine, a iako se izvana gotovo ne razlikuje, ispod tog dugog poklopca motora uo\u010dava vrlo dobrodo\u0161lo pobolj\u0161anje &#8211; Fordov 3,0-litreni V6 Duratec. S 24 ventila, modernom konstrukcijom i neusporedivom pouzdano\u0161\u0107u, Fordov V6 bolji je od starog Rovera V8 koji je Morgan koristio u gotovo svakom pogledu. Ovaj motor isporu\u010duje respektabilnih 223 KS, a budu\u0107i da je V6 kra\u0107i od V8, nalazi se vi\u0161e prema sredi\u0161tu automobila, \u0161to ga \u010dini boljim rukovanjem. Kao \u0161to vjerojatno znate, jedna od tajni Morganove jedinstvene dinamike vo\u017enje je njegova \u0161asija, djelomi\u010dno izra\u0111ena od drveta. Dakle, kada imate roadster koji te\u017ei ne\u0161to manje od tone, imate \u017eivopisno iskustvo vo\u017enje i primijetite svaki detalj kako vozi, ubrzava i rukuje. I, usput, mo\u017ee dose\u0107i 100 km \/ h za 5,5 sekundi, \u0161to ga \u010dini vrlo uzbudljivim za vo\u017enju.<\/p>\n<p><strong>Uvjet<\/strong><\/p>\n<p>Ovaj Morgan Roadster pre\u0161ao je ne\u0161to vi\u0161e od 41.000 kilometara i ima dva vlasnika iz novog. Cjelokupno stanje je vrlo dobro, bez o\u0161te\u0107enja, sudara ili vanjskih popravaka. Redovito se odr\u017eavao bez izmjena motora, karoserije ili ovjesa. Vlasnik je nedavno remontirao ko\u010dnice i napravio analizu ulja koja je bila negativna, \u0161to zna\u010di da je motor u savr\u0161enom stanju. To se o\u010dekuje budu\u0107i da je Fordov 3,0-litreni V6 poznat po svojoj trajnosti i dugovje\u010dnosti.<\/p>\n<p><strong>Unutra\u0161njost<\/strong><\/p>\n<p>Jedna od najboljih zna\u010dajki Morgan Roadstera bio je njegov klasi\u010dan, ali elegantan interijer, a u ovom slu\u010daju pobolj\u0161an je legendarnim moto-lita drvenim upravlja\u010dem. Drvena nadzorna plo\u010da ima punu instrumentaciju, audio sustav i sat. U isto vrijeme, sjedala su presvu\u010dena prekrasnom be\u017e ko\u017eom, koja je u idealnom stanju i savr\u0161eno odgovara vanjskoj boji. Crni kabriolet tako\u0111er je u izvrsnoj formi i rijetko se koristi jer je vozilo pohranjeno u gara\u017ei i vo\u017eeno po lijepom vremenu. Originalni Morganov unutarnji poklopac tako\u0111er je uklju\u010den.<\/p>\n<p><strong>Vanjski izgled i kota\u010di<\/strong><\/p>\n<p>Slu\u017ebeno nazvan Connaught Green, ali poznatiji kao BRG (British Racing Green), ovaj Morgan je zavr\u0161en u najpo\u017eeljnijoj boji od svih. Klasi\u010dna tamna nijansa koja savr\u0161eno odgovara be\u017e interijeru vrhunska je specifikacija za svakog klasi\u010dnog britanskog roadstera. Tijelo je u savr\u0161enom stanju bez ogrebotina ili promjene boje i s uzbudljivim detaljima poput svjetala za maglu, zna\u010dki i ko\u017enih remena koji dr\u017ee poklopac motora na mjestu (naljepnica na poklopcu motora lako se mo\u017ee ukloniti). Izgled je upotpunjen setom 18-in\u010dnih \u017ei\u010danih kota\u010da omotanih u Yokohama gume, zajedno s rezervnim kota\u010dem pune veli\u010dine montiranim straga. Kota\u010di mogu izgledati kao da su iz 40-ih, ali to su potpuno novi i s ljubavlju rekreirani predmeti dizajnirani za smje\u0161taj moderne gume.<\/p>\n<p><strong>Dokumentacija<\/strong><\/p>\n<p>Rije\u010d je o vozilu u privatnom vlasni\u0161tvu s odgovaraju\u0107om dokumentacijom smje\u0161tenom u Palma de Mallorci u \u0160panjolskoj. Izvje\u0161taji su \u010disti; Ne postoje dokazi o nesre\u0107ama, popravcima nesre\u0107a, vlasni\u0161tvu ili pravnim problemima. Postoje zapisi o redovitom odr\u017eavanju koji se\u017eu do 2020. godine.<br \/>\n<a href=\"https:\/\/pistonaddict.com\/wp-content\/uploads\/2023\/08\/CARFAX-Vehicle-History-Report-MORGAN-ROADSTER-Convertible-2007.pdf\">Ovdje<\/a> mo\u017eete provjeriti CarFax ovog Morgan Roadster V6 kabrioleta. <strong>\u0160panjolski MOT (ITV) pro\u0161ao je i vrijedi do 4. kolovoza 2024<\/strong> .<\/p>\n<p><strong>Oprema i dodaci<\/strong><\/p>\n<p>&#8211; Motolita klasi\u010dni drveni upravlja\u010d<br \/>\n&#8211; Drvena nadzorna plo\u010da<br \/>\n&#8211; \u010celi\u010dni rukovac mjenja\u010da<br \/>\n&#8211; Bo\u010dni d\u017eepovi u ko\u017enim vratima<br \/>\n&#8211; Morgan \u0161tit pre\u010dke obloge<br \/>\n&#8211; Unutarnje obloge s Morgan \u0161titom<br \/>\n-Sat<br \/>\n&#8211; Radio CD\/MP3 Blaupunkt<br \/>\n&#8211; 2 dodatna prednja svjetla<br \/>\n&#8211; Unutarnji ko\u017eni remen oblo\u017een ov\u010djom ko\u017eom na vrhu poklopca motora<br \/>\n&#8211; Suncobrani u crnoj ko\u017ei<br \/>\n&#8211; Rastavlja\u010d baterije protiv kra\u0111e<br \/>\n&#8211; Prednja \u0161ipka za zna\u010dke\/\u0161titove<br \/>\n&#8211; Crni ko\u017eni poklopac nape s Morgan \u0161titom<br \/>\n&#8211; 2 crna ko\u017ena pokriva\u010da za metakrilatne prozore s Morgan \u0161titom<br \/>\n&#8211; Poklopac unutarnje za\u0161tite automobila (plava tkanina) s Morgan \u0161titom<\/p>\n<p><strong>Pogledajte Cold Start video ovog prekrasnog Morgan Roadster V6 kabrioleta:<\/strong><\/p>\n<p><iframe title=\"Cold Start : Morgan Roadster V6 3.0 on PistonAddict.com\" width=\"1200\" height=\"675\" src=\"https:\/\/www.youtube.com\/embed\/yLSfe-ePOFg?start=29&#038;feature=oembed\" frameborder=\"0\" allow=\"accelerometer; autoplay; clipboard-write; encrypted-media; gyroscope; picture-in-picture; web-share\" allowfullscreen><\/iframe><\/p>\n","protected":false},"excerpt":{"rendered":"<p>Me\u0111u mnogim klasicima iz Velike Britanije, Morgan Roadster je nesumnjivo i su\u0161tinski oli\u010denje britanskog \u0161arma u automobilskom obliku. S bezvremenskim dizajnom koji datira iz ranih dana roadstera i modelne loze koja je neprekinuta od 1950. godine, moderni Morgan Plus Six neodoljiva je kombinacija jedinstvene konstrukcije, prilago\u0111ene i ru\u010dno izra\u0111ene proizvodnje te sna\u017enog V6 koji ovaj bona fide klasik pretvara u sposoban sportski automobil otvorenog tipa.<\/p>\n","protected":false},"featured_media":46724,"comment_status":"open","ping_status":"closed","template":"","meta":{"inline_featured_image":false},"product_cat":[722],"product_tag":[1985,1984,1982,1983,1000],"acf":[],"yoast_head":"<!-- This site is optimized with the Yoast SEO plugin v22.5 - https:\/\/yoast.com\/wordpress\/plugins\/seo\/ -->\n<title>Morgan Roadster V6 3.0 aukcija - Piston Addict<\/title>\n<meta name=\"description\" content=\"Awesome Morgan Roadster V6 3.0 iz 2007. u izvrsnim uvjetima na aukcijskoj prodaji na PistonAddict.com\" \/>\n<meta name=\"robots\" content=\"index, follow, max-snippet:-1, max-image-preview:large, max-video-preview:-1\" \/>\n<link rel=\"canonical\" href=\"https:\/\/pistonaddict.com\/hr\/product\/morgan-roadster-v6-3-0\/\" \/>\n<meta property=\"og:locale\" content=\"hr_HR\" \/>\n<meta property=\"og:type\" content=\"article\" \/>\n<meta property=\"og:title\" content=\"Morgan Roadster V6 3.0 aukcija - Piston Addict\" \/>\n<meta property=\"og:description\" content=\"Awesome Morgan Roadster V6 3.0 iz 2007. u izvrsnim uvjetima na aukcijskoj prodaji na PistonAddict.com\" \/>\n<meta property=\"og:url\" content=\"https:\/\/pistonaddict.com\/hr\/product\/morgan-roadster-v6-3-0\/\" \/>\n<meta property=\"og:site_name\" content=\"Piston Addict\" \/>\n<meta property=\"article:modified_time\" content=\"2024-03-20T08:43:52+00:00\" \/>\n<meta property=\"og:image\" content=\"https:\/\/pistonaddict.com\/wp-content\/uploads\/2023\/08\/DSC0169-scaled.jpg\" \/>\n\t<meta property=\"og:image:width\" content=\"2560\" \/>\n\t<meta property=\"og:image:height\" content=\"1707\" \/>\n\t<meta property=\"og:image:type\" content=\"image\/jpeg\" \/>\n<meta name=\"twitter:card\" content=\"summary_large_image\" \/>\n<meta name=\"twitter:label1\" content=\"Procijenjeno vrijeme \u010ditanja\" \/>\n\t<meta name=\"twitter:data1\" content=\"4 minute\" \/>\n<script type=\"application\/ld+json\" class=\"yoast-schema-graph\">{\"@context\":\"https:\/\/schema.org\",\"@graph\":[{\"@type\":\"WebPage\",\"@id\":\"https:\/\/pistonaddict.com\/hr\/product\/morgan-roadster-v6-3-0\/\",\"url\":\"https:\/\/pistonaddict.com\/hr\/product\/morgan-roadster-v6-3-0\/\",\"name\":\"Morgan Roadster V6 3.0 aukcija - Piston Addict\",\"isPartOf\":{\"@id\":\"https:\/\/pistonaddict.com\/hr\/#website\"},\"primaryImageOfPage\":{\"@id\":\"https:\/\/pistonaddict.com\/hr\/product\/morgan-roadster-v6-3-0\/#primaryimage\"},\"image\":{\"@id\":\"https:\/\/pistonaddict.com\/hr\/product\/morgan-roadster-v6-3-0\/#primaryimage\"},\"thumbnailUrl\":\"https:\/\/pistonaddict.com\/wp-content\/uploads\/2023\/08\/DSC0169-scaled.jpg\",\"datePublished\":\"2024-01-16T08:00:29+00:00\",\"dateModified\":\"2024-03-20T08:43:52+00:00\",\"description\":\"Awesome Morgan Roadster V6 3.0 iz 2007. u izvrsnim uvjetima na aukcijskoj prodaji na PistonAddict.com\",\"breadcrumb\":{\"@id\":\"https:\/\/pistonaddict.com\/hr\/product\/morgan-roadster-v6-3-0\/#breadcrumb\"},\"inLanguage\":\"hr\",\"potentialAction\":[{\"@type\":\"ReadAction\",\"target\":[\"https:\/\/pistonaddict.com\/hr\/product\/morgan-roadster-v6-3-0\/\"]}]},{\"@type\":\"ImageObject\",\"inLanguage\":\"hr\",\"@id\":\"https:\/\/pistonaddict.com\/hr\/product\/morgan-roadster-v6-3-0\/#primaryimage\",\"url\":\"https:\/\/pistonaddict.com\/wp-content\/uploads\/2023\/08\/DSC0169-scaled.jpg\",\"contentUrl\":\"https:\/\/pistonaddict.com\/wp-content\/uploads\/2023\/08\/DSC0169-scaled.jpg\",\"width\":2560,\"height\":1707},{\"@type\":\"BreadcrumbList\",\"@id\":\"https:\/\/pistonaddict.com\/hr\/product\/morgan-roadster-v6-3-0\/#breadcrumb\",\"itemListElement\":[{\"@type\":\"ListItem\",\"position\":1,\"name\":\"Po\u010detna stranica\",\"item\":\"https:\/\/pistonaddict.com\/hr\/pocetna-stranica-2\/\"},{\"@type\":\"ListItem\",\"position\":2,\"name\":\"Auctions\",\"item\":\"https:\/\/pistonaddict.com\/auctions-listing\/\"},{\"@type\":\"ListItem\",\"position\":3,\"name\":\"Morgan Roadster V6 3.0\"}]},{\"@type\":\"WebSite\",\"@id\":\"https:\/\/pistonaddict.com\/hr\/#website\",\"url\":\"https:\/\/pistonaddict.com\/hr\/\",\"name\":\"Piston Addict\",\"description\":\"Only interesting vehicles\",\"publisher\":{\"@id\":\"https:\/\/pistonaddict.com\/hr\/#organization\"},\"potentialAction\":[{\"@type\":\"SearchAction\",\"target\":{\"@type\":\"EntryPoint\",\"urlTemplate\":\"https:\/\/pistonaddict.com\/hr\/?s={search_term_string}\"},\"query-input\":\"required name=search_term_string\"}],\"inLanguage\":\"hr\"},{\"@type\":\"Organization\",\"@id\":\"https:\/\/pistonaddict.com\/hr\/#organization\",\"name\":\"Piston Addict\",\"url\":\"https:\/\/pistonaddict.com\/hr\/\",\"logo\":{\"@type\":\"ImageObject\",\"inLanguage\":\"hr\",\"@id\":\"https:\/\/pistonaddict.com\/hr\/#\/schema\/logo\/image\/\",\"url\":\"https:\/\/pistonaddict.com\/wp-content\/uploads\/2022\/07\/logo-6.png\",\"contentUrl\":\"https:\/\/pistonaddict.com\/wp-content\/uploads\/2022\/07\/logo-6.png\",\"width\":970,\"height\":200,\"caption\":\"Piston Addict\"},\"image\":{\"@id\":\"https:\/\/pistonaddict.com\/hr\/#\/schema\/logo\/image\/\"}}]}<\/script>\n<!-- \/ Yoast SEO plugin. -->","yoast_head_json":{"title":"Morgan Roadster V6 3.0 aukcija - Piston Addict","description":"Awesome Morgan Roadster V6 3.0 iz 2007. u izvrsnim uvjetima na aukcijskoj prodaji na PistonAddict.com","robots":{"index":"index","follow":"follow","max-snippet":"max-snippet:-1","max-image-preview":"max-image-preview:large","max-video-preview":"max-video-preview:-1"},"canonical":"https:\/\/pistonaddict.com\/hr\/product\/morgan-roadster-v6-3-0\/","og_locale":"hr_HR","og_type":"article","og_title":"Morgan Roadster V6 3.0 aukcija - Piston Addict","og_description":"Awesome Morgan Roadster V6 3.0 iz 2007. u izvrsnim uvjetima na aukcijskoj prodaji na PistonAddict.com","og_url":"https:\/\/pistonaddict.com\/hr\/product\/morgan-roadster-v6-3-0\/","og_site_name":"Piston Addict","article_modified_time":"2024-03-20T08:43:52+00:00","og_image":[{"width":2560,"height":1707,"url":"https:\/\/pistonaddict.com\/wp-content\/uploads\/2023\/08\/DSC0169-scaled.jpg","type":"image\/jpeg"}],"twitter_card":"summary_large_image","twitter_misc":{"Procijenjeno vrijeme \u010ditanja":"4 minute"},"schema":{"@context":"https:\/\/schema.org","@graph":[{"@type":"WebPage","@id":"https:\/\/pistonaddict.com\/hr\/product\/morgan-roadster-v6-3-0\/","url":"https:\/\/pistonaddict.com\/hr\/product\/morgan-roadster-v6-3-0\/","name":"Morgan Roadster V6 3.0 aukcija - Piston Addict","isPartOf":{"@id":"https:\/\/pistonaddict.com\/hr\/#website"},"primaryImageOfPage":{"@id":"https:\/\/pistonaddict.com\/hr\/product\/morgan-roadster-v6-3-0\/#primaryimage"},"image":{"@id":"https:\/\/pistonaddict.com\/hr\/product\/morgan-roadster-v6-3-0\/#primaryimage"},"thumbnailUrl":"https:\/\/pistonaddict.com\/wp-content\/uploads\/2023\/08\/DSC0169-scaled.jpg","datePublished":"2024-01-16T08:00:29+00:00","dateModified":"2024-03-20T08:43:52+00:00","description":"Awesome Morgan Roadster V6 3.0 iz 2007. u izvrsnim uvjetima na aukcijskoj prodaji na PistonAddict.com","breadcrumb":{"@id":"https:\/\/pistonaddict.com\/hr\/product\/morgan-roadster-v6-3-0\/#breadcrumb"},"inLanguage":"hr","potentialAction":[{"@type":"ReadAction","target":["https:\/\/pistonaddict.com\/hr\/product\/morgan-roadster-v6-3-0\/"]}]},{"@type":"ImageObject","inLanguage":"hr","@id":"https:\/\/pistonaddict.com\/hr\/product\/morgan-roadster-v6-3-0\/#primaryimage","url":"https:\/\/pistonaddict.com\/wp-content\/uploads\/2023\/08\/DSC0169-scaled.jpg","contentUrl":"https:\/\/pistonaddict.com\/wp-content\/uploads\/2023\/08\/DSC0169-scaled.jpg","width":2560,"height":1707},{"@type":"BreadcrumbList","@id":"https:\/\/pistonaddict.com\/hr\/product\/morgan-roadster-v6-3-0\/#breadcrumb","itemListElement":[{"@type":"ListItem","position":1,"name":"Po\u010detna stranica","item":"https:\/\/pistonaddict.com\/hr\/pocetna-stranica-2\/"},{"@type":"ListItem","position":2,"name":"Auctions","item":"https:\/\/pistonaddict.com\/auctions-listing\/"},{"@type":"ListItem","position":3,"name":"Morgan Roadster V6 3.0"}]},{"@type":"WebSite","@id":"https:\/\/pistonaddict.com\/hr\/#website","url":"https:\/\/pistonaddict.com\/hr\/","name":"Piston Addict","description":"Only interesting vehicles","publisher":{"@id":"https:\/\/pistonaddict.com\/hr\/#organization"},"potentialAction":[{"@type":"SearchAction","target":{"@type":"EntryPoint","urlTemplate":"https:\/\/pistonaddict.com\/hr\/?s={search_term_string}"},"query-input":"required name=search_term_string"}],"inLanguage":"hr"},{"@type":"Organization","@id":"https:\/\/pistonaddict.com\/hr\/#organization","name":"Piston Addict","url":"https:\/\/pistonaddict.com\/hr\/","logo":{"@type":"ImageObject","inLanguage":"hr","@id":"https:\/\/pistonaddict.com\/hr\/#\/schema\/logo\/image\/","url":"https:\/\/pistonaddict.com\/wp-content\/uploads\/2022\/07\/logo-6.png","contentUrl":"https:\/\/pistonaddict.com\/wp-content\/uploads\/2022\/07\/logo-6.png","width":970,"height":200,"caption":"Piston Addict"},"image":{"@id":"https:\/\/pistonaddict.com\/hr\/#\/schema\/logo\/image\/"}}]}},"_links":{"self":[{"href":"https:\/\/pistonaddict.com\/hr\/wp-json\/wp\/v2\/product\/47822"}],"collection":[{"href":"https:\/\/pistonaddict.com\/hr\/wp-json\/wp\/v2\/product"}],"about":[{"href":"https:\/\/pistonaddict.com\/hr\/wp-json\/wp\/v2\/types\/product"}],"replies":[{"embeddable":true,"href":"https:\/\/pistonaddict.com\/hr\/wp-json\/wp\/v2\/comments?post=47822"}],"wp:featuredmedia":[{"embeddable":true,"href":"https:\/\/pistonaddict.com\/hr\/wp-json\/wp\/v2\/media\/46724"}],"wp:attachment":[{"href":"https:\/\/pistonaddict.com\/hr\/wp-json\/wp\/v2\/media?parent=47822"}],"wp:term":[{"taxonomy":"product_cat","embeddable":true,"href":"https:\/\/pistonaddict.com\/hr\/wp-json\/wp\/v2\/product_cat?post=47822"},{"taxonomy":"product_tag","embeddable":true,"href":"https:\/\/pistonaddict.com\/hr\/wp-json\/wp\/v2\/product_tag?post=47822"}],"curies":[{"name":"wp","href":"https:\/\/api.w.org\/{rel}","templated":true}]}}