{"id":45991,"date":"2023-06-16T15:02:15","date_gmt":"2023-06-16T13:02:15","guid":{"rendered":"https:\/\/pistonaddict.com\/product\/audi-r8-v10-crveni-dinamit\/"},"modified":"2023-12-20T09:45:03","modified_gmt":"2023-12-20T08:45:03","slug":"audi-r8-v10-crveni-dinamit","status":"publish","type":"product","link":"https:\/\/pistonaddict.com\/hr\/product\/audi-r8-v10-crveni-dinamit\/","title":{"rendered":"Audi R8 V10 crveni dinamit"},"content":{"rendered":"<h2>Vanjski<\/h2>\n<p>Sa jarko crvenom zavr\u0161nom obradom i crnim detaljima, jarko crveno obojen, ovaj Audi R8 ne\u0107e ostati neprimije\u0107en gdje god se pojavi. Osim toga, stvari kao \u0161to su kromirana re\u0161etka i poklopci retrovizora od karbonskih vlakana samo pobolj\u0161avaju njegov izgled. Ali, iskreno govore\u0107i, R8 je zadivljuju\u0107i automobil u bilo kojoj boji i bez obzira na prisutnost takvih detalja.<\/p>\n<p>Zaklju\u010dak je da su s R8 njema\u010dki dizajneri postigli gotovo savr\u0161enu mje\u0161avinu agresivnosti i suptilnosti. Te\u0161ko je povjerovati da je ovo vi\u0161e-manje Lamborgini Aventador ispod, koji je daleko blje\u0161taviji i kitnjastiji. Dakle, ako tra\u017eite sposoban sportski automobil, ali ne \u017eelite izgledati kao razmetljivac, R8 je jedna od najboljih oklada. Neki od preostalih detalja vrijednih pa\u017enje koje nudi ovaj 2-sjed uklju\u010duju masivni stra\u017enji spojler i tvorni\u010dki ugra\u0111ene kota\u010de od 20 in\u010da s potpuno novim gumama Good Year Eagle.<\/p>\n<h2>Unutra\u0161njost<\/h2>\n<p>Unutra\u0161njo\u0161\u0107u ovog posebnog R8 dominira kombinacija crne ko\u017ee, crvenih \u0161avova i ukrasa od karbonskih vlakana. Sjedala, koja izgledaju kao da su upravo iza\u0161la iz tvornice, pru\u017eaju potporu i udobna su, a istovremeno su udobna. Zatim, tu je i ko\u017eom presvu\u010deni upravlja\u010d s 3 kraka s kontrolnim tipkama za sve bitne funkcije. To, osim obi\u010dnih, poput onih za stereo ili putna ra\u010dunala, uklju\u010duje tipku za odabir moda vo\u017enje, kontrolu pokretanja i pode\u0161avanje auspuha.<\/p>\n<p>Iza upravlja\u010da nalazi se digitalna instrument plo\u010da koja osim osnovnih informacija mo\u017ee pokazati puno vi\u0161e. Tu spadaju navigacija, kamera za vo\u017enju unatrag i stereo koji, ina\u010de, proizvodi svjetski poznati Bang&amp;Olufsen.<\/p>\n<h2>Mehanika<\/h2>\n<p>Ispod suptilne i elegantne ko\u017ee, ova druga generacija R8 ima \u010dvr\u0161\u0107u i lak\u0161u \u0161asiju izra\u0111enu od aluminija i karbonskih vlakana. Ali najzna\u010dajniji dio ovog automobila je, o\u010dekivano, njegov motor, sna\u017eni 5,2-litreni V10. Budu\u0107i da je ono \u0161to Audi naziva Plus modelom, proizvodi 610 konjskih snaga i 560 Nm okretnog momenta, koji se isporu\u010duje na sve kota\u010de putem Quattro sustava i 7-stupanjskog automatika. Uz sve to, ovaj R8 \u0107e od 0 do 100 stizati za otprilike 3 sekunde i posti\u0107i najve\u0107u brzinu od 329 km\/h. A kako bi se osigurala zaustavna snaga koja odgovara svoj toj brzini, posvuda su postavljene masivne ko\u010dnice.<\/p>\n<h2>Povijest vozila<\/h2>\n<p>Prema navodima prodava\u010da, ovaj Audi R8 zadnji put je bio na servisu u listopadu 2022. godine, dok su ko\u010dnice remontirane tek prije nekoliko dana. \u0160tovi\u0161e, na nadzornoj plo\u010di nema poznatih gre\u0161aka ili upozorenja. Naposljetku, sude\u0107i prema dostavljenim fotografijama, nema nikakvih nesavr\u0161enosti karoserije za prijavu.<\/p>\n<p>&nbsp;<\/p>\n<p><strong>Za pristup dra\u017ebi ovog vrhunskog vozila potreban je otisak\/zadr\u017eavanje kreditne kartice.<\/strong><\/p>\n","protected":false},"excerpt":{"rendered":"<p>Automobil koji se ovdje prodaje nedvojbeno je jedan od modela s najboljim performansama u svojoj klasi &#8211; kultni Audi R8. Bio je to, i jo\u0161 uvijek jest, prvi poku\u0161aj proizvo\u0111a\u010da iz Ingolstadta na tr\u017ei\u0161tu superautomobila, koji se pokazao velikim uspjehom. Prema prodavatelju, ovo je vozilo u potpunosti servisirano i nije imalo nijednu nesre\u0107u, s odgovaraju\u0107im CarVertical izvje\u0161\u0107em koje to potvr\u0111uje. \u0160tovi\u0161e, do sada je pre\u0161ao manje od 50.000 km, \u0161to za ovakav automobil nije puno. Na kraju, ovaj <strong>Audi R8 V10 plus Quattro<\/strong> iz 2015. trenutno se nalazi u Belgiji, gdje je registriran otkad je bio nov. Mo\u017eete dati ponudu za taj automobil tako <a href=\"https:\/\/pistonaddict.com\/contact-us\/\">da nas kontaktirate<\/a>.<\/p>\n","protected":false},"featured_media":43342,"comment_status":"open","ping_status":"closed","template":"","meta":{"inline_featured_image":false},"product_cat":[722],"product_tag":[1926,1929,917],"acf":[],"yoast_head":"<!-- This site is optimized with the Yoast SEO plugin v22.5 - https:\/\/yoast.com\/wordpress\/plugins\/seo\/ -->\n<title>Audi R8 V10 crveni dinamit aukcija - Piston Addict<\/title>\n<meta name=\"description\" content=\"Automobil koji se ovdje prodaje na aukciji vjerojatno je jedan od modela s najboljim performansama u svojoj klasi - kultni Audi R8 V10.\" \/>\n<meta name=\"robots\" content=\"index, follow, max-snippet:-1, max-image-preview:large, max-video-preview:-1\" \/>\n<link rel=\"canonical\" href=\"https:\/\/pistonaddict.com\/hr\/product\/audi-r8-v10-crveni-dinamit\/\" \/>\n<meta property=\"og:locale\" content=\"hr_HR\" \/>\n<meta property=\"og:type\" content=\"article\" \/>\n<meta property=\"og:title\" content=\"Audi R8 V10 crveni dinamit aukcija - Piston Addict\" \/>\n<meta property=\"og:description\" content=\"Automobil koji se ovdje prodaje na aukciji vjerojatno je jedan od modela s najboljim performansama u svojoj klasi - kultni Audi R8 V10.\" \/>\n<meta property=\"og:url\" content=\"https:\/\/pistonaddict.com\/hr\/product\/audi-r8-v10-crveni-dinamit\/\" \/>\n<meta property=\"og:site_name\" content=\"Piston Addict\" \/>\n<meta property=\"article:modified_time\" content=\"2023-12-20T08:45:03+00:00\" \/>\n<meta property=\"og:image\" content=\"https:\/\/pistonaddict.com\/wp-content\/uploads\/2023\/06\/DSC_0412.jpg\" \/>\n\t<meta property=\"og:image:width\" content=\"2048\" \/>\n\t<meta property=\"og:image:height\" content=\"1365\" \/>\n\t<meta property=\"og:image:type\" content=\"image\/jpeg\" \/>\n<meta name=\"twitter:card\" content=\"summary_large_image\" \/>\n<meta name=\"twitter:label1\" content=\"Procijenjeno vrijeme \u010ditanja\" \/>\n\t<meta name=\"twitter:data1\" content=\"2 minute\" \/>\n<script type=\"application\/ld+json\" class=\"yoast-schema-graph\">{\"@context\":\"https:\/\/schema.org\",\"@graph\":[{\"@type\":\"WebPage\",\"@id\":\"https:\/\/pistonaddict.com\/hr\/product\/audi-r8-v10-crveni-dinamit\/\",\"url\":\"https:\/\/pistonaddict.com\/hr\/product\/audi-r8-v10-crveni-dinamit\/\",\"name\":\"Audi R8 V10 crveni dinamit aukcija - Piston Addict\",\"isPartOf\":{\"@id\":\"https:\/\/pistonaddict.com\/hr\/#website\"},\"primaryImageOfPage\":{\"@id\":\"https:\/\/pistonaddict.com\/hr\/product\/audi-r8-v10-crveni-dinamit\/#primaryimage\"},\"image\":{\"@id\":\"https:\/\/pistonaddict.com\/hr\/product\/audi-r8-v10-crveni-dinamit\/#primaryimage\"},\"thumbnailUrl\":\"https:\/\/pistonaddict.com\/wp-content\/uploads\/2023\/06\/DSC_0412.jpg\",\"datePublished\":\"2023-06-16T13:02:15+00:00\",\"dateModified\":\"2023-12-20T08:45:03+00:00\",\"description\":\"Automobil koji se ovdje prodaje na aukciji vjerojatno je jedan od modela s najboljim performansama u svojoj klasi - kultni Audi R8 V10.\",\"breadcrumb\":{\"@id\":\"https:\/\/pistonaddict.com\/hr\/product\/audi-r8-v10-crveni-dinamit\/#breadcrumb\"},\"inLanguage\":\"hr\",\"potentialAction\":[{\"@type\":\"ReadAction\",\"target\":[\"https:\/\/pistonaddict.com\/hr\/product\/audi-r8-v10-crveni-dinamit\/\"]}]},{\"@type\":\"ImageObject\",\"inLanguage\":\"hr\",\"@id\":\"https:\/\/pistonaddict.com\/hr\/product\/audi-r8-v10-crveni-dinamit\/#primaryimage\",\"url\":\"https:\/\/pistonaddict.com\/wp-content\/uploads\/2023\/06\/DSC_0412.jpg\",\"contentUrl\":\"https:\/\/pistonaddict.com\/wp-content\/uploads\/2023\/06\/DSC_0412.jpg\",\"width\":2048,\"height\":1365},{\"@type\":\"BreadcrumbList\",\"@id\":\"https:\/\/pistonaddict.com\/hr\/product\/audi-r8-v10-crveni-dinamit\/#breadcrumb\",\"itemListElement\":[{\"@type\":\"ListItem\",\"position\":1,\"name\":\"Po\u010detna stranica\",\"item\":\"https:\/\/pistonaddict.com\/hr\/pocetna-stranica-2\/\"},{\"@type\":\"ListItem\",\"position\":2,\"name\":\"Auctions\",\"item\":\"https:\/\/pistonaddict.com\/auctions-listing\/\"},{\"@type\":\"ListItem\",\"position\":3,\"name\":\"Audi R8 V10 crveni dinamit\"}]},{\"@type\":\"WebSite\",\"@id\":\"https:\/\/pistonaddict.com\/hr\/#website\",\"url\":\"https:\/\/pistonaddict.com\/hr\/\",\"name\":\"Piston Addict\",\"description\":\"Only interesting vehicles\",\"publisher\":{\"@id\":\"https:\/\/pistonaddict.com\/hr\/#organization\"},\"potentialAction\":[{\"@type\":\"SearchAction\",\"target\":{\"@type\":\"EntryPoint\",\"urlTemplate\":\"https:\/\/pistonaddict.com\/hr\/?s={search_term_string}\"},\"query-input\":\"required name=search_term_string\"}],\"inLanguage\":\"hr\"},{\"@type\":\"Organization\",\"@id\":\"https:\/\/pistonaddict.com\/hr\/#organization\",\"name\":\"Piston Addict\",\"url\":\"https:\/\/pistonaddict.com\/hr\/\",\"logo\":{\"@type\":\"ImageObject\",\"inLanguage\":\"hr\",\"@id\":\"https:\/\/pistonaddict.com\/hr\/#\/schema\/logo\/image\/\",\"url\":\"https:\/\/pistonaddict.com\/wp-content\/uploads\/2022\/07\/logo-6.png\",\"contentUrl\":\"https:\/\/pistonaddict.com\/wp-content\/uploads\/2022\/07\/logo-6.png\",\"width\":970,\"height\":200,\"caption\":\"Piston Addict\"},\"image\":{\"@id\":\"https:\/\/pistonaddict.com\/hr\/#\/schema\/logo\/image\/\"}}]}<\/script>\n<!-- \/ Yoast SEO plugin. -->","yoast_head_json":{"title":"Audi R8 V10 crveni dinamit aukcija - Piston Addict","description":"Automobil koji se ovdje prodaje na aukciji vjerojatno je jedan od modela s najboljim performansama u svojoj klasi - kultni Audi R8 V10.","robots":{"index":"index","follow":"follow","max-snippet":"max-snippet:-1","max-image-preview":"max-image-preview:large","max-video-preview":"max-video-preview:-1"},"canonical":"https:\/\/pistonaddict.com\/hr\/product\/audi-r8-v10-crveni-dinamit\/","og_locale":"hr_HR","og_type":"article","og_title":"Audi R8 V10 crveni dinamit aukcija - Piston Addict","og_description":"Automobil koji se ovdje prodaje na aukciji vjerojatno je jedan od modela s najboljim performansama u svojoj klasi - kultni Audi R8 V10.","og_url":"https:\/\/pistonaddict.com\/hr\/product\/audi-r8-v10-crveni-dinamit\/","og_site_name":"Piston Addict","article_modified_time":"2023-12-20T08:45:03+00:00","og_image":[{"width":2048,"height":1365,"url":"https:\/\/pistonaddict.com\/wp-content\/uploads\/2023\/06\/DSC_0412.jpg","type":"image\/jpeg"}],"twitter_card":"summary_large_image","twitter_misc":{"Procijenjeno vrijeme \u010ditanja":"2 minute"},"schema":{"@context":"https:\/\/schema.org","@graph":[{"@type":"WebPage","@id":"https:\/\/pistonaddict.com\/hr\/product\/audi-r8-v10-crveni-dinamit\/","url":"https:\/\/pistonaddict.com\/hr\/product\/audi-r8-v10-crveni-dinamit\/","name":"Audi R8 V10 crveni dinamit aukcija - Piston Addict","isPartOf":{"@id":"https:\/\/pistonaddict.com\/hr\/#website"},"primaryImageOfPage":{"@id":"https:\/\/pistonaddict.com\/hr\/product\/audi-r8-v10-crveni-dinamit\/#primaryimage"},"image":{"@id":"https:\/\/pistonaddict.com\/hr\/product\/audi-r8-v10-crveni-dinamit\/#primaryimage"},"thumbnailUrl":"https:\/\/pistonaddict.com\/wp-content\/uploads\/2023\/06\/DSC_0412.jpg","datePublished":"2023-06-16T13:02:15+00:00","dateModified":"2023-12-20T08:45:03+00:00","description":"Automobil koji se ovdje prodaje na aukciji vjerojatno je jedan od modela s najboljim performansama u svojoj klasi - kultni Audi R8 V10.","breadcrumb":{"@id":"https:\/\/pistonaddict.com\/hr\/product\/audi-r8-v10-crveni-dinamit\/#breadcrumb"},"inLanguage":"hr","potentialAction":[{"@type":"ReadAction","target":["https:\/\/pistonaddict.com\/hr\/product\/audi-r8-v10-crveni-dinamit\/"]}]},{"@type":"ImageObject","inLanguage":"hr","@id":"https:\/\/pistonaddict.com\/hr\/product\/audi-r8-v10-crveni-dinamit\/#primaryimage","url":"https:\/\/pistonaddict.com\/wp-content\/uploads\/2023\/06\/DSC_0412.jpg","contentUrl":"https:\/\/pistonaddict.com\/wp-content\/uploads\/2023\/06\/DSC_0412.jpg","width":2048,"height":1365},{"@type":"BreadcrumbList","@id":"https:\/\/pistonaddict.com\/hr\/product\/audi-r8-v10-crveni-dinamit\/#breadcrumb","itemListElement":[{"@type":"ListItem","position":1,"name":"Po\u010detna stranica","item":"https:\/\/pistonaddict.com\/hr\/pocetna-stranica-2\/"},{"@type":"ListItem","position":2,"name":"Auctions","item":"https:\/\/pistonaddict.com\/auctions-listing\/"},{"@type":"ListItem","position":3,"name":"Audi R8 V10 crveni dinamit"}]},{"@type":"WebSite","@id":"https:\/\/pistonaddict.com\/hr\/#website","url":"https:\/\/pistonaddict.com\/hr\/","name":"Piston Addict","description":"Only interesting vehicles","publisher":{"@id":"https:\/\/pistonaddict.com\/hr\/#organization"},"potentialAction":[{"@type":"SearchAction","target":{"@type":"EntryPoint","urlTemplate":"https:\/\/pistonaddict.com\/hr\/?s={search_term_string}"},"query-input":"required name=search_term_string"}],"inLanguage":"hr"},{"@type":"Organization","@id":"https:\/\/pistonaddict.com\/hr\/#organization","name":"Piston Addict","url":"https:\/\/pistonaddict.com\/hr\/","logo":{"@type":"ImageObject","inLanguage":"hr","@id":"https:\/\/pistonaddict.com\/hr\/#\/schema\/logo\/image\/","url":"https:\/\/pistonaddict.com\/wp-content\/uploads\/2022\/07\/logo-6.png","contentUrl":"https:\/\/pistonaddict.com\/wp-content\/uploads\/2022\/07\/logo-6.png","width":970,"height":200,"caption":"Piston Addict"},"image":{"@id":"https:\/\/pistonaddict.com\/hr\/#\/schema\/logo\/image\/"}}]}},"_links":{"self":[{"href":"https:\/\/pistonaddict.com\/hr\/wp-json\/wp\/v2\/product\/45991"}],"collection":[{"href":"https:\/\/pistonaddict.com\/hr\/wp-json\/wp\/v2\/product"}],"about":[{"href":"https:\/\/pistonaddict.com\/hr\/wp-json\/wp\/v2\/types\/product"}],"replies":[{"embeddable":true,"href":"https:\/\/pistonaddict.com\/hr\/wp-json\/wp\/v2\/comments?post=45991"}],"wp:featuredmedia":[{"embeddable":true,"href":"https:\/\/pistonaddict.com\/hr\/wp-json\/wp\/v2\/media\/43342"}],"wp:attachment":[{"href":"https:\/\/pistonaddict.com\/hr\/wp-json\/wp\/v2\/media?parent=45991"}],"wp:term":[{"taxonomy":"product_cat","embeddable":true,"href":"https:\/\/pistonaddict.com\/hr\/wp-json\/wp\/v2\/product_cat?post=45991"},{"taxonomy":"product_tag","embeddable":true,"href":"https:\/\/pistonaddict.com\/hr\/wp-json\/wp\/v2\/product_tag?post=45991"}],"curies":[{"name":"wp","href":"https:\/\/api.w.org\/{rel}","templated":true}]}}