{"id":41961,"date":"2023-06-12T14:22:37","date_gmt":"2023-06-12T12:22:37","guid":{"rendered":"https:\/\/pistonaddict.com\/product\/audi-r8-4-2-fsi-v8\/"},"modified":"2024-03-20T09:14:28","modified_gmt":"2024-03-20T08:14:28","slug":"audi-r8-4-2-fsi-v8","status":"publish","type":"product","link":"https:\/\/pistonaddict.com\/hr\/product\/audi-r8-4-2-fsi-v8\/","title":{"rendered":"Audi R8 4.2 FSI V8"},"content":{"rendered":"<p><strong>Povijest modela<\/strong><\/p>\n<p>R8 je izazvao pravu senzaciju kada je pu\u0161ten u prodaju 2007., i ne samo da je bio prvi Audijev superautomobil, ve\u0107 je bio nevjerojatno uspje\u0161an sa svojim bezvremenskim dizajnom i fantasti\u010dnim pogonskim sklopom koji se sastojao od visokookretnog V8 (kasnije V10) i poznatog Quattro sustav pogona na sve kota\u010de. Pojava R8 u\u010dinila je konkurenciju vrlo nervoznom jer su kupci kona\u010dno imali priliku kupiti vrlo sposoban stroj s AWD trakcijom i Audi kvalitetom. Zato je prva generacija R8 do\u017eivjela ogroman uspjeh, s gotovo 30.000 napravljenih primjeraka. Ovaj konkretan primjer je model iz 2014., \u0161to zna\u010di da se radi o kasnijoj i po\u017eeljnijoj verziji koja se okoristila blagim restiliziranjem, boljim zna\u010dajkama i profinjenom mehanikom. Snagu osigurava 4,2-litreni FSI V8 motor, koji isporu\u010duje 430 KS i \u0161alje ih na sva \u010detiri kota\u010da preko 7-stupanjskog S Tronic automatskog mjenja\u010da s dvostrukom spojkom. Ovaj kombi ima 4,2 sekunde vremena od 0 do 100 km\/h i najve\u0107u brzinu od ne\u0161to vi\u0161e od 300 km\/h, \u0161to R8 svrstava u kategoriju superautomobila.<\/p>\n<p><strong>Uvjet<\/strong><\/p>\n<p>Sa samo 43.649 km na broja\u010du kilometara, ovaj R8 je u idealnom stanju. Prvi put je isporu\u010den krajem 2014. izvornom vlasniku u Nizozemskoj, a sada\u0161nji vlasnici su ga nabavili 2021. godine. Ovaj Audi R8 nikada nije kori\u0161ten na stazi i redovito je odr\u017eavan uz servisnu evidenciju koju je dostavio prodava\u010d. Tako\u0111er, ovaj primjer je u potpunosti stock, bez ikakvih izmjena ili nepotrebnih dodataka. Sva tvorni\u010dka oprema i karakteristike su prisutne i funkcionalne. Zadnji servis uz izmjenu ulja obavljen je krajem listopada 2022., a remont ko\u010dnica u lipnju 2023. Izvr\u0161en je tzv.&#8221;long life&#8221; servis, te su zamijenjene svje\u0107ice. <strong>Ovaj R8 pokriven je 6-mjese\u010dnim Bovag jamstvom<\/strong> , \u0161to samo pokazuje da je u besprijekornom stanju.<\/p>\n<p><strong>Vanjski izgled i kota\u010di<\/strong><\/p>\n<p>Obojen u elegantnu Panther Black boju, ovaj R8 koristi dodatni karbonski paket s vanjskim i unutarnjim umetcima od karbonskih vlakana. Karoserija automobila nema nikakvih o\u0161te\u0107enja, ogrebotina i promjena boje, a lak je u savr\u0161enom stanju. Jedina stvar koja je dotaknuta na vanj\u0161tini ovog R8 je popravljeni otvor spremnika (vrata za gorivo) koji je izvr\u0161io ovla\u0161teni trgovac (ra\u010dun 5. svibnja 2021.). Izgled je pobolj\u0161an dodatnim 20-in\u010dnim kota\u010dima umotanim u svje\u017ee Pirelli P Zero gume.<\/p>\n<p><strong>Unutra\u0161njost<\/strong><\/p>\n<p>Prekrivena odgovaraju\u0107om kombinacijom crne ko\u017ee i alcantare, unutra\u0161njost ne pokazuje znakove istro\u0161enosti i ima umetke od karbonskih vlakana kao dio tvorni\u010dkog paketa opreme. Sjedala imaju opciju grijanja, a svi sustavi (audio, infotainment, HVAC) su u savr\u0161enom stanju. Od opreme vrijedi spomenuti da ovaj R8 ima tempomat, brisa\u010de sa senzorom za ki\u0161u, Bang i Olufsen audio sustav, retrovizore sa automatskim zatamnjivanjem, navigaciju, LED rasvjetu i jo\u0161 puno toga.<\/p>\n<p><strong>Dokumentacija<\/strong><\/p>\n<p>Ovo rabljeno vozilo s odgovaraju\u0107om dokumentacijom nalazi se u Nizozemskoj. Izvje\u0161\u0107e CarFaxa je \u010disto, nema pravnih problema. Postoje zapisi o redovitom odr\u017eavanju i nekoliko manjih popravaka. Vrlo je va\u017eno spomenuti da ovaj Audi R8 ima povrat BPM-a. Povrat BPM-a nizozemski je povrat poreza na luksuz za izvoz. <strong>To zna\u010di da ako se kupac nalazi u bilo kojoj drugoj zemlji Europske unije (osim Nizozemske) i registrira ovaj automobil u svojoj zemlji unutar 13 tjedana od kupnje, kupac \u0107e dobiti 5.967 eura natrag, \u0161to je vrlo povoljno.<\/strong><br \/>\nPogledajte <a href=\"https:\/\/pistonaddict.com\/wp-content\/uploads\/2023\/06\/CARFAX-Vehicle-History-Report-AUDI-R8.pdf\">CarFax ovog Audija R8<\/a> .<\/p>\n<p><strong>Otisak\/zadr\u017eavanje kreditne kartice (automatski objavljeno) mora biti u mogu\u0107nosti pristupa dra\u017ebi ovog premium vozila.<\/strong><\/p>\n<p>Pogledajte video hladnog pokretanja tog prekrasnog Audija R8 ovdje :<\/p>\n<p><iframe title=\"Cold Start video of the Audi R8 4.2 FSI V8 on auction sale\" width=\"1200\" height=\"675\" src=\"https:\/\/www.youtube.com\/embed\/GyBid0aFEiA?feature=oembed\" frameborder=\"0\" allow=\"accelerometer; autoplay; clipboard-write; encrypted-media; gyroscope; picture-in-picture; web-share\" allowfullscreen><\/iframe><\/p>\n","protected":false},"excerpt":{"rendered":"<p>\u010cesto \u0107ete \u010duti izraz &#8220;svakodnevni superautomobil&#8221;; me\u0111utim, vrlo malo automobila zapravo \u0107e pru\u017eiti uvjerljive performanse, upotrebljivost i pouzdanost u svakodnevnoj uporabi. Audi R8 iz 2014. je takav dragulj. Sa svojim sna\u017enim 4,2-litrenim V8, dobro odabranom unutra\u0161njosti i savr\u0161enom dinamikom vo\u017enje, to je automobil u kojem mo\u017eete svakodnevno u\u017eivati, a opet imati sve pogodnosti vo\u017enje \u010distokrvnog superautomobila. Mo\u017eete dati ponudu za taj automobil tako <a href=\"https:\/\/pistonaddict.com\/contact-us\/\">da nas kontaktirate<\/a>.<\/p>\n","protected":false},"featured_media":41831,"comment_status":"open","ping_status":"closed","template":"","meta":{"inline_featured_image":false},"product_cat":[722],"product_tag":[1867,1866,917],"acf":[],"yoast_head":"<!-- This site is optimized with the Yoast SEO plugin v22.5 - https:\/\/yoast.com\/wordpress\/plugins\/seo\/ -->\n<title>Audi R8 4.2 FSI V8 aukcija - Piston Addict<\/title>\n<meta name=\"description\" content=\"Ovaj Audi R8 je model iz 2014. godine, \u0161to zna\u010di da je kasnija i po\u017eeljnija verzija koja je imala blagi redizajniran stil, bolje karakteristike i dora\u0111enu mehaniku. Snagu osigurava 4,2-litreni FSI V8 motor, koji isporu\u010duje 430 KS i \u0161alje ih na sva \u010detiri kota\u010da preko 7-stupanjskog S Tronic automatskog mjenja\u010da s dvostrukom spojkom.\" \/>\n<meta name=\"robots\" content=\"index, follow, max-snippet:-1, max-image-preview:large, max-video-preview:-1\" \/>\n<link rel=\"canonical\" href=\"https:\/\/pistonaddict.com\/hr\/product\/audi-r8-4-2-fsi-v8\/\" \/>\n<meta property=\"og:locale\" content=\"hr_HR\" \/>\n<meta property=\"og:type\" content=\"article\" \/>\n<meta property=\"og:title\" content=\"Audi R8 4.2 FSI V8 aukcija - Piston Addict\" \/>\n<meta property=\"og:description\" content=\"Ovaj Audi R8 je model iz 2014. godine, \u0161to zna\u010di da je kasnija i po\u017eeljnija verzija koja je imala blagi redizajniran stil, bolje karakteristike i dora\u0111enu mehaniku. Snagu osigurava 4,2-litreni FSI V8 motor, koji isporu\u010duje 430 KS i \u0161alje ih na sva \u010detiri kota\u010da preko 7-stupanjskog S Tronic automatskog mjenja\u010da s dvostrukom spojkom.\" \/>\n<meta property=\"og:url\" content=\"https:\/\/pistonaddict.com\/hr\/product\/audi-r8-4-2-fsi-v8\/\" \/>\n<meta property=\"og:site_name\" content=\"Piston Addict\" \/>\n<meta property=\"article:modified_time\" content=\"2024-03-20T08:14:28+00:00\" \/>\n<meta property=\"og:image\" content=\"https:\/\/pistonaddict.com\/wp-content\/uploads\/2023\/06\/foto-5.jpg\" \/>\n\t<meta property=\"og:image:width\" content=\"1024\" \/>\n\t<meta property=\"og:image:height\" content=\"683\" \/>\n\t<meta property=\"og:image:type\" content=\"image\/jpeg\" \/>\n<meta name=\"twitter:card\" content=\"summary_large_image\" \/>\n<meta name=\"twitter:label1\" content=\"Procijenjeno vrijeme \u010ditanja\" \/>\n\t<meta name=\"twitter:data1\" content=\"3 minute\" \/>\n<script type=\"application\/ld+json\" class=\"yoast-schema-graph\">{\"@context\":\"https:\/\/schema.org\",\"@graph\":[{\"@type\":\"WebPage\",\"@id\":\"https:\/\/pistonaddict.com\/hr\/product\/audi-r8-4-2-fsi-v8\/\",\"url\":\"https:\/\/pistonaddict.com\/hr\/product\/audi-r8-4-2-fsi-v8\/\",\"name\":\"Audi R8 4.2 FSI V8 aukcija - Piston Addict\",\"isPartOf\":{\"@id\":\"https:\/\/pistonaddict.com\/hr\/#website\"},\"primaryImageOfPage\":{\"@id\":\"https:\/\/pistonaddict.com\/hr\/product\/audi-r8-4-2-fsi-v8\/#primaryimage\"},\"image\":{\"@id\":\"https:\/\/pistonaddict.com\/hr\/product\/audi-r8-4-2-fsi-v8\/#primaryimage\"},\"thumbnailUrl\":\"https:\/\/pistonaddict.com\/wp-content\/uploads\/2023\/06\/foto-5.jpg\",\"datePublished\":\"2023-06-12T12:22:37+00:00\",\"dateModified\":\"2024-03-20T08:14:28+00:00\",\"description\":\"Ovaj Audi R8 je model iz 2014. godine, \u0161to zna\u010di da je kasnija i po\u017eeljnija verzija koja je imala blagi redizajniran stil, bolje karakteristike i dora\u0111enu mehaniku. Snagu osigurava 4,2-litreni FSI V8 motor, koji isporu\u010duje 430 KS i \u0161alje ih na sva \u010detiri kota\u010da preko 7-stupanjskog S Tronic automatskog mjenja\u010da s dvostrukom spojkom.\",\"breadcrumb\":{\"@id\":\"https:\/\/pistonaddict.com\/hr\/product\/audi-r8-4-2-fsi-v8\/#breadcrumb\"},\"inLanguage\":\"hr\",\"potentialAction\":[{\"@type\":\"ReadAction\",\"target\":[\"https:\/\/pistonaddict.com\/hr\/product\/audi-r8-4-2-fsi-v8\/\"]}]},{\"@type\":\"ImageObject\",\"inLanguage\":\"hr\",\"@id\":\"https:\/\/pistonaddict.com\/hr\/product\/audi-r8-4-2-fsi-v8\/#primaryimage\",\"url\":\"https:\/\/pistonaddict.com\/wp-content\/uploads\/2023\/06\/foto-5.jpg\",\"contentUrl\":\"https:\/\/pistonaddict.com\/wp-content\/uploads\/2023\/06\/foto-5.jpg\",\"width\":1024,\"height\":683},{\"@type\":\"BreadcrumbList\",\"@id\":\"https:\/\/pistonaddict.com\/hr\/product\/audi-r8-4-2-fsi-v8\/#breadcrumb\",\"itemListElement\":[{\"@type\":\"ListItem\",\"position\":1,\"name\":\"Po\u010detna stranica\",\"item\":\"https:\/\/pistonaddict.com\/hr\/pocetna-stranica-2\/\"},{\"@type\":\"ListItem\",\"position\":2,\"name\":\"Auctions\",\"item\":\"https:\/\/pistonaddict.com\/auctions-listing\/\"},{\"@type\":\"ListItem\",\"position\":3,\"name\":\"Audi R8 4.2 FSI V8\"}]},{\"@type\":\"WebSite\",\"@id\":\"https:\/\/pistonaddict.com\/hr\/#website\",\"url\":\"https:\/\/pistonaddict.com\/hr\/\",\"name\":\"Piston Addict\",\"description\":\"Only interesting vehicles\",\"publisher\":{\"@id\":\"https:\/\/pistonaddict.com\/hr\/#organization\"},\"potentialAction\":[{\"@type\":\"SearchAction\",\"target\":{\"@type\":\"EntryPoint\",\"urlTemplate\":\"https:\/\/pistonaddict.com\/hr\/?s={search_term_string}\"},\"query-input\":\"required name=search_term_string\"}],\"inLanguage\":\"hr\"},{\"@type\":\"Organization\",\"@id\":\"https:\/\/pistonaddict.com\/hr\/#organization\",\"name\":\"Piston Addict\",\"url\":\"https:\/\/pistonaddict.com\/hr\/\",\"logo\":{\"@type\":\"ImageObject\",\"inLanguage\":\"hr\",\"@id\":\"https:\/\/pistonaddict.com\/hr\/#\/schema\/logo\/image\/\",\"url\":\"https:\/\/pistonaddict.com\/wp-content\/uploads\/2022\/07\/logo-6.png\",\"contentUrl\":\"https:\/\/pistonaddict.com\/wp-content\/uploads\/2022\/07\/logo-6.png\",\"width\":970,\"height\":200,\"caption\":\"Piston Addict\"},\"image\":{\"@id\":\"https:\/\/pistonaddict.com\/hr\/#\/schema\/logo\/image\/\"}}]}<\/script>\n<!-- \/ Yoast SEO plugin. -->","yoast_head_json":{"title":"Audi R8 4.2 FSI V8 aukcija - Piston Addict","description":"Ovaj Audi R8 je model iz 2014. godine, \u0161to zna\u010di da je kasnija i po\u017eeljnija verzija koja je imala blagi redizajniran stil, bolje karakteristike i dora\u0111enu mehaniku. Snagu osigurava 4,2-litreni FSI V8 motor, koji isporu\u010duje 430 KS i \u0161alje ih na sva \u010detiri kota\u010da preko 7-stupanjskog S Tronic automatskog mjenja\u010da s dvostrukom spojkom.","robots":{"index":"index","follow":"follow","max-snippet":"max-snippet:-1","max-image-preview":"max-image-preview:large","max-video-preview":"max-video-preview:-1"},"canonical":"https:\/\/pistonaddict.com\/hr\/product\/audi-r8-4-2-fsi-v8\/","og_locale":"hr_HR","og_type":"article","og_title":"Audi R8 4.2 FSI V8 aukcija - Piston Addict","og_description":"Ovaj Audi R8 je model iz 2014. godine, \u0161to zna\u010di da je kasnija i po\u017eeljnija verzija koja je imala blagi redizajniran stil, bolje karakteristike i dora\u0111enu mehaniku. Snagu osigurava 4,2-litreni FSI V8 motor, koji isporu\u010duje 430 KS i \u0161alje ih na sva \u010detiri kota\u010da preko 7-stupanjskog S Tronic automatskog mjenja\u010da s dvostrukom spojkom.","og_url":"https:\/\/pistonaddict.com\/hr\/product\/audi-r8-4-2-fsi-v8\/","og_site_name":"Piston Addict","article_modified_time":"2024-03-20T08:14:28+00:00","og_image":[{"width":1024,"height":683,"url":"https:\/\/pistonaddict.com\/wp-content\/uploads\/2023\/06\/foto-5.jpg","type":"image\/jpeg"}],"twitter_card":"summary_large_image","twitter_misc":{"Procijenjeno vrijeme \u010ditanja":"3 minute"},"schema":{"@context":"https:\/\/schema.org","@graph":[{"@type":"WebPage","@id":"https:\/\/pistonaddict.com\/hr\/product\/audi-r8-4-2-fsi-v8\/","url":"https:\/\/pistonaddict.com\/hr\/product\/audi-r8-4-2-fsi-v8\/","name":"Audi R8 4.2 FSI V8 aukcija - Piston Addict","isPartOf":{"@id":"https:\/\/pistonaddict.com\/hr\/#website"},"primaryImageOfPage":{"@id":"https:\/\/pistonaddict.com\/hr\/product\/audi-r8-4-2-fsi-v8\/#primaryimage"},"image":{"@id":"https:\/\/pistonaddict.com\/hr\/product\/audi-r8-4-2-fsi-v8\/#primaryimage"},"thumbnailUrl":"https:\/\/pistonaddict.com\/wp-content\/uploads\/2023\/06\/foto-5.jpg","datePublished":"2023-06-12T12:22:37+00:00","dateModified":"2024-03-20T08:14:28+00:00","description":"Ovaj Audi R8 je model iz 2014. godine, \u0161to zna\u010di da je kasnija i po\u017eeljnija verzija koja je imala blagi redizajniran stil, bolje karakteristike i dora\u0111enu mehaniku. Snagu osigurava 4,2-litreni FSI V8 motor, koji isporu\u010duje 430 KS i \u0161alje ih na sva \u010detiri kota\u010da preko 7-stupanjskog S Tronic automatskog mjenja\u010da s dvostrukom spojkom.","breadcrumb":{"@id":"https:\/\/pistonaddict.com\/hr\/product\/audi-r8-4-2-fsi-v8\/#breadcrumb"},"inLanguage":"hr","potentialAction":[{"@type":"ReadAction","target":["https:\/\/pistonaddict.com\/hr\/product\/audi-r8-4-2-fsi-v8\/"]}]},{"@type":"ImageObject","inLanguage":"hr","@id":"https:\/\/pistonaddict.com\/hr\/product\/audi-r8-4-2-fsi-v8\/#primaryimage","url":"https:\/\/pistonaddict.com\/wp-content\/uploads\/2023\/06\/foto-5.jpg","contentUrl":"https:\/\/pistonaddict.com\/wp-content\/uploads\/2023\/06\/foto-5.jpg","width":1024,"height":683},{"@type":"BreadcrumbList","@id":"https:\/\/pistonaddict.com\/hr\/product\/audi-r8-4-2-fsi-v8\/#breadcrumb","itemListElement":[{"@type":"ListItem","position":1,"name":"Po\u010detna stranica","item":"https:\/\/pistonaddict.com\/hr\/pocetna-stranica-2\/"},{"@type":"ListItem","position":2,"name":"Auctions","item":"https:\/\/pistonaddict.com\/auctions-listing\/"},{"@type":"ListItem","position":3,"name":"Audi R8 4.2 FSI V8"}]},{"@type":"WebSite","@id":"https:\/\/pistonaddict.com\/hr\/#website","url":"https:\/\/pistonaddict.com\/hr\/","name":"Piston Addict","description":"Only interesting vehicles","publisher":{"@id":"https:\/\/pistonaddict.com\/hr\/#organization"},"potentialAction":[{"@type":"SearchAction","target":{"@type":"EntryPoint","urlTemplate":"https:\/\/pistonaddict.com\/hr\/?s={search_term_string}"},"query-input":"required name=search_term_string"}],"inLanguage":"hr"},{"@type":"Organization","@id":"https:\/\/pistonaddict.com\/hr\/#organization","name":"Piston Addict","url":"https:\/\/pistonaddict.com\/hr\/","logo":{"@type":"ImageObject","inLanguage":"hr","@id":"https:\/\/pistonaddict.com\/hr\/#\/schema\/logo\/image\/","url":"https:\/\/pistonaddict.com\/wp-content\/uploads\/2022\/07\/logo-6.png","contentUrl":"https:\/\/pistonaddict.com\/wp-content\/uploads\/2022\/07\/logo-6.png","width":970,"height":200,"caption":"Piston Addict"},"image":{"@id":"https:\/\/pistonaddict.com\/hr\/#\/schema\/logo\/image\/"}}]}},"_links":{"self":[{"href":"https:\/\/pistonaddict.com\/hr\/wp-json\/wp\/v2\/product\/41961"}],"collection":[{"href":"https:\/\/pistonaddict.com\/hr\/wp-json\/wp\/v2\/product"}],"about":[{"href":"https:\/\/pistonaddict.com\/hr\/wp-json\/wp\/v2\/types\/product"}],"replies":[{"embeddable":true,"href":"https:\/\/pistonaddict.com\/hr\/wp-json\/wp\/v2\/comments?post=41961"}],"wp:featuredmedia":[{"embeddable":true,"href":"https:\/\/pistonaddict.com\/hr\/wp-json\/wp\/v2\/media\/41831"}],"wp:attachment":[{"href":"https:\/\/pistonaddict.com\/hr\/wp-json\/wp\/v2\/media?parent=41961"}],"wp:term":[{"taxonomy":"product_cat","embeddable":true,"href":"https:\/\/pistonaddict.com\/hr\/wp-json\/wp\/v2\/product_cat?post=41961"},{"taxonomy":"product_tag","embeddable":true,"href":"https:\/\/pistonaddict.com\/hr\/wp-json\/wp\/v2\/product_tag?post=41961"}],"curies":[{"name":"wp","href":"https:\/\/api.w.org\/{rel}","templated":true}]}}