{"id":39970,"date":"2023-04-19T17:58:30","date_gmt":"2023-04-19T15:58:30","guid":{"rendered":"https:\/\/pistonaddict.com\/product\/nissan-gtr\/"},"modified":"2024-03-19T17:53:57","modified_gmt":"2024-03-19T16:53:57","slug":"nissan-gtr","status":"publish","type":"product","link":"https:\/\/pistonaddict.com\/hr\/product\/nissan-gtr\/","title":{"rendered":"Nissan GT-R Nismo"},"content":{"rendered":"<h2>Vanjski<\/h2>\n<p>Izvana, ovaj crni coupe s 2 vrata uravnote\u017euje naizgled suptilan izgled s agresivnim detaljima, nagovje\u0161tavaju\u0107i njegov pravi karakter. Prednji dio ima veliku re\u0161etku i prednja svjetla trokutastog oblika, \u0161to mu daje nevjerojatnu prisutnost na cesti. Siluetu GT-R-a definira duga\u010dak poklopac motora, kosi krov i masivni stra\u017enji spojler. Na kraju, stra\u017enjim dijelom dominiraju Nissanova prepoznatljiva okrugla stra\u017enja svjetla. Budu\u0107i da ga je izradio Nismo, ovaj se GT-R razlikuje od standardnih modela u nekoliko detalja. Osim oznake postavljene na re\u0161etku, to uklju\u010duje pove\u0107ani prednji razdjelnik zraka i poklopac prtlja\u017enika od karbonskih vlakana. Automobil se nalazi na Michelinovim prianjaju\u0107im gumama Super Sport Cup 2 postavljenim na bron\u010dane kota\u010de od 20 in\u010da koje proizvodi Volk Racking.<\/p>\n<h2>Unutra\u0161njost<\/h2>\n<p>Unutra\u0161njost GT-R-a, s rasporedom sjedala 2+2, otkriva njegovu prakti\u010dnost. Jasno, stra\u017enja sjedala nude samo ograni\u010denu koli\u010dinu prostora i prikladna su samo za kratke udaljenosti. No, i takve ih je lijepo imati. S druge strane, prednja sjedala su druga pri\u010da. Odjevene u crnu ko\u017eu s crvenim detaljima, nude gotovo neograni\u010denu podr\u0161ku, dr\u017ee\u0107i voza\u010da \u010dvrsto na mjestu \u010dak i kroz najo\u0161trije zavoje. A oni su uskla\u0111eni s trokrakim upravlja\u010dem presvu\u010denim bru\u0161enom ko\u017eom s crvenim \u0161avovima. Iza njega je plo\u010da s instrumentima kojom dominira broja\u010d okretaja koji ide do 8000 o\/min. Ostali broj\u010danici uklju\u010duju brzinomjer i mjera\u010de s temperaturom motora i razinom goriva. Tu je i sredi\u0161nji zaslon koji prikazuje parametre poput utrke, poput ubrzanja ili bo\u010dnih sila.<\/p>\n<h2>Mehanika<\/h2>\n<p>Koliko god zadivljuju\u0107eg izgleda, Nissan GT-R zapravo je najfascinantniji zbog mehani\u010dke podloge ispod ko\u017ee. Prvi je motor, 3,8-litarski V6 s dvostrukim turbopunja\u010dem koji su ru\u010dno izradili najbolji Nissanovi tehni\u010dari s najve\u0107om zamislivom precizno\u0161\u0107u. \u0160tovi\u0161e, svaki od njih pode\u0161en je na svoj maksimum, \u0161to rezultira razli\u010ditim izlaznim snagama izme\u0111u svakog automobila. A sa 750 konjskih snaga, snaga je ne\u0161to \u0161to ovaj GT-R ima u izobilju. Zatim, tu je \u0161esterostupanjski automatski mjenja\u010d s dvostrukom spojkom, koji je, radi bolje raspodjele te\u017eine, postavljen straga. Tako\u0111er je ru\u010dno izra\u0111en i uparen s motorom kako bi se mijenjao stupanj prijenosa \u0161to je br\u017ee mogu\u0107e. Na kraju, sva ta golema snaga u\u010dinkovito se prenosi na tlo kroz razra\u0111en sustav pogona na sve kota\u010de. Uz sve to, ovaj Nissan GT-R od 0 do 60 ubrzava za samo 2,5 sekunde i ima najve\u0107u brzinu od 205 MPH.<\/p>\n<h2>Povijest vozila<\/h2>\n<p>Dok je svaki Nissan GT-R, sa svojom ru\u010dno izra\u0111enom mehanikom i prilago\u0111enom melodijom, jedinstven na svoj na\u010din, ovaj model je jo\u0161 posebniji. Ovo je zapravo bio prvi model s volanom na lijevoj strani koji je izradio Nismo, Nissanov interni trka\u0107i odjel, napravljen osobno za predsjednika Renaultove mom\u010dadi Formule 1 u to vrijeme. Prema prodavatelju, ovaj je automobil kao nov, pre\u0161ao je 2703 milje i trenutno se nalazi u Ujedinjenom Kraljevstvu.<\/p>\n","protected":false},"excerpt":{"rendered":"<p>Legendarni Nissan GT-R jedan je od najlegendarnijih i najpo\u017eeljnijih automobila iz Zemlje izlaze\u0107eg sunca. Sa svojim mo\u0107nim V6 motorom s turbopunja\u010dem i razra\u0111enim pogonom na sva \u010detiri kota\u010da, ovo cestovno \u010dudovi\u0161te impresionira voza\u010de svojom \u010distom brzinom i upravljanjem koje kao da prkosi zakonima fizike. Ali ovaj model iz 2016. godine, koji prodaje profesionalni prodava\u010d, nije obi\u010dan GT-R. Umjesto toga, automobil koji gledate je GT-R Nismo orijentiran na stazu i ru\u0161i rekorde. Do sada je pre\u0161ao samo 2700 km i ne \u010deka novog vlasnika.<\/p>\n","protected":false},"featured_media":39369,"comment_status":"open","ping_status":"closed","template":"","meta":{"inline_featured_image":false},"product_cat":[722],"product_tag":[1718,917,1716,1711],"acf":[],"yoast_head":"<!-- This site is optimized with the Yoast SEO plugin v22.5 - https:\/\/yoast.com\/wordpress\/plugins\/seo\/ -->\n<title>Nissan GT-R Nismo aukcija - Piston Addict<\/title>\n<meta name=\"description\" content=\"Provjerite ovaj Nissan GT-R Nismo za aukcijsku prodaju na PistonAddict.com\" \/>\n<meta name=\"robots\" content=\"index, follow, max-snippet:-1, max-image-preview:large, max-video-preview:-1\" \/>\n<link rel=\"canonical\" href=\"https:\/\/pistonaddict.com\/hr\/product\/nissan-gtr\/\" \/>\n<meta property=\"og:locale\" content=\"hr_HR\" \/>\n<meta property=\"og:type\" content=\"article\" \/>\n<meta property=\"og:title\" content=\"Nissan GT-R Nismo aukcija - Piston Addict\" \/>\n<meta property=\"og:description\" content=\"Provjerite ovaj Nissan GT-R Nismo za aukcijsku prodaju na PistonAddict.com\" \/>\n<meta property=\"og:url\" content=\"https:\/\/pistonaddict.com\/hr\/product\/nissan-gtr\/\" \/>\n<meta property=\"og:site_name\" content=\"Piston Addict\" \/>\n<meta property=\"article:modified_time\" content=\"2024-03-19T16:53:57+00:00\" \/>\n<meta property=\"og:image\" content=\"https:\/\/pistonaddict.com\/wp-content\/uploads\/2023\/04\/LuxurycarLondonApril11PistonAddict_0497-scaled.jpg\" \/>\n\t<meta property=\"og:image:width\" content=\"2560\" \/>\n\t<meta property=\"og:image:height\" content=\"1972\" \/>\n\t<meta property=\"og:image:type\" content=\"image\/jpeg\" \/>\n<meta name=\"twitter:card\" content=\"summary_large_image\" \/>\n<meta name=\"twitter:label1\" content=\"Procijenjeno vrijeme \u010ditanja\" \/>\n\t<meta name=\"twitter:data1\" content=\"3 minute\" \/>\n<script type=\"application\/ld+json\" class=\"yoast-schema-graph\">{\"@context\":\"https:\/\/schema.org\",\"@graph\":[{\"@type\":\"WebPage\",\"@id\":\"https:\/\/pistonaddict.com\/hr\/product\/nissan-gtr\/\",\"url\":\"https:\/\/pistonaddict.com\/hr\/product\/nissan-gtr\/\",\"name\":\"Nissan GT-R Nismo aukcija - Piston Addict\",\"isPartOf\":{\"@id\":\"https:\/\/pistonaddict.com\/hr\/#website\"},\"primaryImageOfPage\":{\"@id\":\"https:\/\/pistonaddict.com\/hr\/product\/nissan-gtr\/#primaryimage\"},\"image\":{\"@id\":\"https:\/\/pistonaddict.com\/hr\/product\/nissan-gtr\/#primaryimage\"},\"thumbnailUrl\":\"https:\/\/pistonaddict.com\/wp-content\/uploads\/2023\/04\/LuxurycarLondonApril11PistonAddict_0497-scaled.jpg\",\"datePublished\":\"2023-04-19T15:58:30+00:00\",\"dateModified\":\"2024-03-19T16:53:57+00:00\",\"description\":\"Provjerite ovaj Nissan GT-R Nismo za aukcijsku prodaju na PistonAddict.com\",\"breadcrumb\":{\"@id\":\"https:\/\/pistonaddict.com\/hr\/product\/nissan-gtr\/#breadcrumb\"},\"inLanguage\":\"hr\",\"potentialAction\":[{\"@type\":\"ReadAction\",\"target\":[\"https:\/\/pistonaddict.com\/hr\/product\/nissan-gtr\/\"]}]},{\"@type\":\"ImageObject\",\"inLanguage\":\"hr\",\"@id\":\"https:\/\/pistonaddict.com\/hr\/product\/nissan-gtr\/#primaryimage\",\"url\":\"https:\/\/pistonaddict.com\/wp-content\/uploads\/2023\/04\/LuxurycarLondonApril11PistonAddict_0497-scaled.jpg\",\"contentUrl\":\"https:\/\/pistonaddict.com\/wp-content\/uploads\/2023\/04\/LuxurycarLondonApril11PistonAddict_0497-scaled.jpg\",\"width\":2560,\"height\":1972},{\"@type\":\"BreadcrumbList\",\"@id\":\"https:\/\/pistonaddict.com\/hr\/product\/nissan-gtr\/#breadcrumb\",\"itemListElement\":[{\"@type\":\"ListItem\",\"position\":1,\"name\":\"Po\u010detna stranica\",\"item\":\"https:\/\/pistonaddict.com\/hr\/pocetna-stranica-2\/\"},{\"@type\":\"ListItem\",\"position\":2,\"name\":\"Auctions\",\"item\":\"https:\/\/pistonaddict.com\/auctions-listing\/\"},{\"@type\":\"ListItem\",\"position\":3,\"name\":\"Nissan GT-R Nismo\"}]},{\"@type\":\"WebSite\",\"@id\":\"https:\/\/pistonaddict.com\/hr\/#website\",\"url\":\"https:\/\/pistonaddict.com\/hr\/\",\"name\":\"Piston Addict\",\"description\":\"Only interesting vehicles\",\"publisher\":{\"@id\":\"https:\/\/pistonaddict.com\/hr\/#organization\"},\"potentialAction\":[{\"@type\":\"SearchAction\",\"target\":{\"@type\":\"EntryPoint\",\"urlTemplate\":\"https:\/\/pistonaddict.com\/hr\/?s={search_term_string}\"},\"query-input\":\"required name=search_term_string\"}],\"inLanguage\":\"hr\"},{\"@type\":\"Organization\",\"@id\":\"https:\/\/pistonaddict.com\/hr\/#organization\",\"name\":\"Piston Addict\",\"url\":\"https:\/\/pistonaddict.com\/hr\/\",\"logo\":{\"@type\":\"ImageObject\",\"inLanguage\":\"hr\",\"@id\":\"https:\/\/pistonaddict.com\/hr\/#\/schema\/logo\/image\/\",\"url\":\"https:\/\/pistonaddict.com\/wp-content\/uploads\/2022\/07\/logo-6.png\",\"contentUrl\":\"https:\/\/pistonaddict.com\/wp-content\/uploads\/2022\/07\/logo-6.png\",\"width\":970,\"height\":200,\"caption\":\"Piston Addict\"},\"image\":{\"@id\":\"https:\/\/pistonaddict.com\/hr\/#\/schema\/logo\/image\/\"}}]}<\/script>\n<!-- \/ Yoast SEO plugin. -->","yoast_head_json":{"title":"Nissan GT-R Nismo aukcija - Piston Addict","description":"Provjerite ovaj Nissan GT-R Nismo za aukcijsku prodaju na PistonAddict.com","robots":{"index":"index","follow":"follow","max-snippet":"max-snippet:-1","max-image-preview":"max-image-preview:large","max-video-preview":"max-video-preview:-1"},"canonical":"https:\/\/pistonaddict.com\/hr\/product\/nissan-gtr\/","og_locale":"hr_HR","og_type":"article","og_title":"Nissan GT-R Nismo aukcija - Piston Addict","og_description":"Provjerite ovaj Nissan GT-R Nismo za aukcijsku prodaju na PistonAddict.com","og_url":"https:\/\/pistonaddict.com\/hr\/product\/nissan-gtr\/","og_site_name":"Piston Addict","article_modified_time":"2024-03-19T16:53:57+00:00","og_image":[{"width":2560,"height":1972,"url":"https:\/\/pistonaddict.com\/wp-content\/uploads\/2023\/04\/LuxurycarLondonApril11PistonAddict_0497-scaled.jpg","type":"image\/jpeg"}],"twitter_card":"summary_large_image","twitter_misc":{"Procijenjeno vrijeme \u010ditanja":"3 minute"},"schema":{"@context":"https:\/\/schema.org","@graph":[{"@type":"WebPage","@id":"https:\/\/pistonaddict.com\/hr\/product\/nissan-gtr\/","url":"https:\/\/pistonaddict.com\/hr\/product\/nissan-gtr\/","name":"Nissan GT-R Nismo aukcija - Piston Addict","isPartOf":{"@id":"https:\/\/pistonaddict.com\/hr\/#website"},"primaryImageOfPage":{"@id":"https:\/\/pistonaddict.com\/hr\/product\/nissan-gtr\/#primaryimage"},"image":{"@id":"https:\/\/pistonaddict.com\/hr\/product\/nissan-gtr\/#primaryimage"},"thumbnailUrl":"https:\/\/pistonaddict.com\/wp-content\/uploads\/2023\/04\/LuxurycarLondonApril11PistonAddict_0497-scaled.jpg","datePublished":"2023-04-19T15:58:30+00:00","dateModified":"2024-03-19T16:53:57+00:00","description":"Provjerite ovaj Nissan GT-R Nismo za aukcijsku prodaju na PistonAddict.com","breadcrumb":{"@id":"https:\/\/pistonaddict.com\/hr\/product\/nissan-gtr\/#breadcrumb"},"inLanguage":"hr","potentialAction":[{"@type":"ReadAction","target":["https:\/\/pistonaddict.com\/hr\/product\/nissan-gtr\/"]}]},{"@type":"ImageObject","inLanguage":"hr","@id":"https:\/\/pistonaddict.com\/hr\/product\/nissan-gtr\/#primaryimage","url":"https:\/\/pistonaddict.com\/wp-content\/uploads\/2023\/04\/LuxurycarLondonApril11PistonAddict_0497-scaled.jpg","contentUrl":"https:\/\/pistonaddict.com\/wp-content\/uploads\/2023\/04\/LuxurycarLondonApril11PistonAddict_0497-scaled.jpg","width":2560,"height":1972},{"@type":"BreadcrumbList","@id":"https:\/\/pistonaddict.com\/hr\/product\/nissan-gtr\/#breadcrumb","itemListElement":[{"@type":"ListItem","position":1,"name":"Po\u010detna stranica","item":"https:\/\/pistonaddict.com\/hr\/pocetna-stranica-2\/"},{"@type":"ListItem","position":2,"name":"Auctions","item":"https:\/\/pistonaddict.com\/auctions-listing\/"},{"@type":"ListItem","position":3,"name":"Nissan GT-R Nismo"}]},{"@type":"WebSite","@id":"https:\/\/pistonaddict.com\/hr\/#website","url":"https:\/\/pistonaddict.com\/hr\/","name":"Piston Addict","description":"Only interesting vehicles","publisher":{"@id":"https:\/\/pistonaddict.com\/hr\/#organization"},"potentialAction":[{"@type":"SearchAction","target":{"@type":"EntryPoint","urlTemplate":"https:\/\/pistonaddict.com\/hr\/?s={search_term_string}"},"query-input":"required name=search_term_string"}],"inLanguage":"hr"},{"@type":"Organization","@id":"https:\/\/pistonaddict.com\/hr\/#organization","name":"Piston Addict","url":"https:\/\/pistonaddict.com\/hr\/","logo":{"@type":"ImageObject","inLanguage":"hr","@id":"https:\/\/pistonaddict.com\/hr\/#\/schema\/logo\/image\/","url":"https:\/\/pistonaddict.com\/wp-content\/uploads\/2022\/07\/logo-6.png","contentUrl":"https:\/\/pistonaddict.com\/wp-content\/uploads\/2022\/07\/logo-6.png","width":970,"height":200,"caption":"Piston Addict"},"image":{"@id":"https:\/\/pistonaddict.com\/hr\/#\/schema\/logo\/image\/"}}]}},"_links":{"self":[{"href":"https:\/\/pistonaddict.com\/hr\/wp-json\/wp\/v2\/product\/39970"}],"collection":[{"href":"https:\/\/pistonaddict.com\/hr\/wp-json\/wp\/v2\/product"}],"about":[{"href":"https:\/\/pistonaddict.com\/hr\/wp-json\/wp\/v2\/types\/product"}],"replies":[{"embeddable":true,"href":"https:\/\/pistonaddict.com\/hr\/wp-json\/wp\/v2\/comments?post=39970"}],"wp:featuredmedia":[{"embeddable":true,"href":"https:\/\/pistonaddict.com\/hr\/wp-json\/wp\/v2\/media\/39369"}],"wp:attachment":[{"href":"https:\/\/pistonaddict.com\/hr\/wp-json\/wp\/v2\/media?parent=39970"}],"wp:term":[{"taxonomy":"product_cat","embeddable":true,"href":"https:\/\/pistonaddict.com\/hr\/wp-json\/wp\/v2\/product_cat?post=39970"},{"taxonomy":"product_tag","embeddable":true,"href":"https:\/\/pistonaddict.com\/hr\/wp-json\/wp\/v2\/product_tag?post=39970"}],"curies":[{"name":"wp","href":"https:\/\/api.w.org\/{rel}","templated":true}]}}