{"id":39222,"date":"2023-04-19T17:31:19","date_gmt":"2023-04-19T15:31:19","guid":{"rendered":"https:\/\/pistonaddict.com\/product\/mclaren-720s\/"},"modified":"2024-03-19T17:51:09","modified_gmt":"2024-03-19T16:51:09","slug":"mclaren-720s","status":"publish","type":"product","link":"https:\/\/pistonaddict.com\/hr\/product\/mclaren-720s\/","title":{"rendered":"McLaren 720S"},"content":{"rendered":"<h2>Vanjski<\/h2>\n<p>Obojen jarko naran\u010dastom bojom, McLaren 720S koji vam je pri ruci sigurno \u0107e privu\u0107i poglede gdje god se pojavi. Ali opet, bio bi isti u bilo kojoj drugoj boji, zahvaljuju\u0107i svom zadivljuju\u0107em dizajnu nadahnutom morskim psima. S agresivnom prednjom maskom, aerodinami\u010dnom siluetom i prakti\u010dnim, ali zabavnim leptir vratima, impresivan je iz bilo kojeg kuta. To uklju\u010duje masivne otvore za zrak sa strane, prostor motora prekriven mre\u017eom koji svijetli kada je paljenje uklju\u010deno i stra\u017enji spojler koji iska\u010de tijekom naglog ko\u010denja. A ko\u010denje se vr\u0161i masivnim kerami\u010dkim diskovima koji se nalaze iza crnih 19-in\u010dnih kota\u010da automobila s gumama Pirelli P Zero.<\/p>\n<p>Ipak, ovaj dvosjed ne izgleda onako kako izgleda samo za izlo\u017ebu, budu\u0107i da je ve\u0107ina njegovih oblika karoserije isklesana kako bi se pobolj\u0161ala aerodinamika i stvorila potisna sila. I kao takav, McLaren 720S pokazuje da se oblik i funkcija mogu spojiti u savr\u0161en sklad.<\/p>\n<h2>Unutra\u0161njost<\/h2>\n<p>Unutra\u0161njost McLarena, presvu\u010dena alcantarom i karbonskim vlaknima, dodatno otkriva koliko je ovaj automobil orijentiran na stazu. Prvo je par sportskih sjedala oblikovanih da dr\u017ee voza\u010da i suvoza\u010da \u010dvrsto privezane kroz o\u0161tre kutove. Zatim, tu je i trokraki upravlja\u010d presvu\u010den ko\u017eom, koji uokviruje digitalnu plo\u010du s instrumentima. U standardnom na\u010dinu rada prikazuje razli\u010dite parametre motora i vozila, poput brzine i temperature motora. Ali kada je uklju\u010den na\u010din Track, cijela se grupa naginje prema dolje, otkrivaju\u0107i mali zaslon na vrhu, koji prikazuje samo broja\u010d okretaja, brzinu i odabrani stupanj prijenosa. Na kraju, sredi\u0161nja konzola je oskudna, ali funkcionalno opremljena bitnim gumbima i gumbima, popra\u0107ena voza\u010devim sredi\u0161njim zaslonom osjetljivim na dodir.<\/p>\n<h2>Mehanika<\/h2>\n<p>Ispod elegantne i aerodinami\u010dki oblikovane ko\u017ee, 720S ima monokok \u0161asiju od karbonskih vlakana, koju McLaren naziva MonoCage. Ova struktura inspirirana F1 nije samo lagana, ve\u0107 je i izuzetno kruta, \u0161to smanjuje savijanje karoserije u te\u0161kim zavojima.<\/p>\n<p>Srce svakog super-sportskog automobila je motor, koji je u McLarenu ugra\u0111en odmah iza njegovih sjedala. U tvorni\u010dkoj izvedbi, V8 s dvostrukim turbopunja\u010dem koji se tamo skriva razvija 720 konjskih snaga, \u0161to je brojka po kojoj automobil duguje svoje ime, i nevjerojatnih 770 Nm okretnog momenta. Snaga se \u0161alje na stra\u017enje kota\u010de putem brzog 7-stupanjskog mjenja\u010da s dvostrukom spojkom.<\/p>\n<p>A sve to u automobilu te\u0161kom samo 1400 kilograma vi\u0161e je nego dovoljno za vrhunsko upravljanje i performanse. U smislu brojki, to bi zna\u010dilo ubrzanje od 0-60 za 2,9 sekundi i najve\u0107u brzinu od 212 milja na sat. Ali ovo, me\u0111utim, nije obi\u010dan, tvorni\u010dki pode\u0161en McLaren 720S. Umjesto toga, vlasnik ga je opremio Litchfield Custom Tuneom koji pove\u0107ava snagu motora na 800 konjskih snaga.<\/p>\n<h2>Povijest vozila<\/h2>\n<p>Prodavatelj navodi da su svi radovi na odr\u017eavanju obavljeni redovito, a zadnji servis napravljen u listopadu 2022. Trenutno nema poznatih gre\u0161aka ili upozorenja prisutnih na kontrolnoj plo\u010di. Nadalje, sude\u0107i prema dostavljenim fotografijama, nema nikakvih nesavr\u0161enosti karoserije koje bi se mogle prijaviti.<\/p>\n","protected":false},"excerpt":{"rendered":"<p>Ovdje je u prodaji McLaren 720S, nedvojbeno jedan od automobila s najboljim performansama u svojoj klasi. S V8 motorom s turbopunja\u010dem i najsuvremenijim ovjesom, ovaj je kupe nevjerojatno brz na ravnim i kroz zavoje. Prema profesionalnom prodava\u010du koji ga prodaje, ovaj McLaren 720S iz 2017. besprijekoran je, potpuno servisiran i nije sudjelovao u nijednoj nesre\u0107i. I do sada je pre\u0161ao ne\u0161to vi\u0161e od 4000 milja, a trenutno se nalazi u Ujedinjenom Kraljevstvu.<\/p>\n","protected":false},"featured_media":39149,"comment_status":"open","ping_status":"closed","template":"","meta":{"inline_featured_image":false},"product_cat":[722],"product_tag":[1641,1640,917,1638],"acf":[],"yoast_head":"<!-- This site is optimized with the Yoast SEO plugin v22.5 - https:\/\/yoast.com\/wordpress\/plugins\/seo\/ -->\n<title>McLaren 720S aukcija - Piston Addict<\/title>\n<meta name=\"description\" content=\"Provjerite ovaj McLaren 720S za aukcijsku prodaju na PistonAddict.com\" \/>\n<meta name=\"robots\" content=\"index, follow, max-snippet:-1, max-image-preview:large, max-video-preview:-1\" \/>\n<link rel=\"canonical\" href=\"https:\/\/pistonaddict.com\/hr\/product\/mclaren-720s\/\" \/>\n<meta property=\"og:locale\" content=\"hr_HR\" \/>\n<meta property=\"og:type\" content=\"article\" \/>\n<meta property=\"og:title\" content=\"McLaren 720S aukcija - Piston Addict\" \/>\n<meta property=\"og:description\" content=\"Provjerite ovaj McLaren 720S za aukcijsku prodaju na PistonAddict.com\" \/>\n<meta property=\"og:url\" content=\"https:\/\/pistonaddict.com\/hr\/product\/mclaren-720s\/\" \/>\n<meta property=\"og:site_name\" content=\"Piston Addict\" \/>\n<meta property=\"article:modified_time\" content=\"2024-03-19T16:51:09+00:00\" \/>\n<meta property=\"og:image\" content=\"https:\/\/pistonaddict.com\/wp-content\/uploads\/2023\/04\/LuxurycarLondonApril11PistonAddict_0851-scaled.jpg\" \/>\n\t<meta property=\"og:image:width\" content=\"2560\" \/>\n\t<meta property=\"og:image:height\" content=\"1534\" \/>\n\t<meta property=\"og:image:type\" content=\"image\/jpeg\" \/>\n<meta name=\"twitter:card\" content=\"summary_large_image\" \/>\n<meta name=\"twitter:label1\" content=\"Procijenjeno vrijeme \u010ditanja\" \/>\n\t<meta name=\"twitter:data1\" content=\"3 minute\" \/>\n<script type=\"application\/ld+json\" class=\"yoast-schema-graph\">{\"@context\":\"https:\/\/schema.org\",\"@graph\":[{\"@type\":\"WebPage\",\"@id\":\"https:\/\/pistonaddict.com\/hr\/product\/mclaren-720s\/\",\"url\":\"https:\/\/pistonaddict.com\/hr\/product\/mclaren-720s\/\",\"name\":\"McLaren 720S aukcija - Piston Addict\",\"isPartOf\":{\"@id\":\"https:\/\/pistonaddict.com\/hr\/#website\"},\"primaryImageOfPage\":{\"@id\":\"https:\/\/pistonaddict.com\/hr\/product\/mclaren-720s\/#primaryimage\"},\"image\":{\"@id\":\"https:\/\/pistonaddict.com\/hr\/product\/mclaren-720s\/#primaryimage\"},\"thumbnailUrl\":\"https:\/\/pistonaddict.com\/wp-content\/uploads\/2023\/04\/LuxurycarLondonApril11PistonAddict_0851-scaled.jpg\",\"datePublished\":\"2023-04-19T15:31:19+00:00\",\"dateModified\":\"2024-03-19T16:51:09+00:00\",\"description\":\"Provjerite ovaj McLaren 720S za aukcijsku prodaju na PistonAddict.com\",\"breadcrumb\":{\"@id\":\"https:\/\/pistonaddict.com\/hr\/product\/mclaren-720s\/#breadcrumb\"},\"inLanguage\":\"hr\",\"potentialAction\":[{\"@type\":\"ReadAction\",\"target\":[\"https:\/\/pistonaddict.com\/hr\/product\/mclaren-720s\/\"]}]},{\"@type\":\"ImageObject\",\"inLanguage\":\"hr\",\"@id\":\"https:\/\/pistonaddict.com\/hr\/product\/mclaren-720s\/#primaryimage\",\"url\":\"https:\/\/pistonaddict.com\/wp-content\/uploads\/2023\/04\/LuxurycarLondonApril11PistonAddict_0851-scaled.jpg\",\"contentUrl\":\"https:\/\/pistonaddict.com\/wp-content\/uploads\/2023\/04\/LuxurycarLondonApril11PistonAddict_0851-scaled.jpg\",\"width\":2560,\"height\":1534},{\"@type\":\"BreadcrumbList\",\"@id\":\"https:\/\/pistonaddict.com\/hr\/product\/mclaren-720s\/#breadcrumb\",\"itemListElement\":[{\"@type\":\"ListItem\",\"position\":1,\"name\":\"Po\u010detna stranica\",\"item\":\"https:\/\/pistonaddict.com\/hr\/pocetna-stranica-2\/\"},{\"@type\":\"ListItem\",\"position\":2,\"name\":\"Auctions\",\"item\":\"https:\/\/pistonaddict.com\/auctions-listing\/\"},{\"@type\":\"ListItem\",\"position\":3,\"name\":\"McLaren 720S\"}]},{\"@type\":\"WebSite\",\"@id\":\"https:\/\/pistonaddict.com\/hr\/#website\",\"url\":\"https:\/\/pistonaddict.com\/hr\/\",\"name\":\"Piston Addict\",\"description\":\"Only interesting vehicles\",\"publisher\":{\"@id\":\"https:\/\/pistonaddict.com\/hr\/#organization\"},\"potentialAction\":[{\"@type\":\"SearchAction\",\"target\":{\"@type\":\"EntryPoint\",\"urlTemplate\":\"https:\/\/pistonaddict.com\/hr\/?s={search_term_string}\"},\"query-input\":\"required name=search_term_string\"}],\"inLanguage\":\"hr\"},{\"@type\":\"Organization\",\"@id\":\"https:\/\/pistonaddict.com\/hr\/#organization\",\"name\":\"Piston Addict\",\"url\":\"https:\/\/pistonaddict.com\/hr\/\",\"logo\":{\"@type\":\"ImageObject\",\"inLanguage\":\"hr\",\"@id\":\"https:\/\/pistonaddict.com\/hr\/#\/schema\/logo\/image\/\",\"url\":\"https:\/\/pistonaddict.com\/wp-content\/uploads\/2022\/07\/logo-6.png\",\"contentUrl\":\"https:\/\/pistonaddict.com\/wp-content\/uploads\/2022\/07\/logo-6.png\",\"width\":970,\"height\":200,\"caption\":\"Piston Addict\"},\"image\":{\"@id\":\"https:\/\/pistonaddict.com\/hr\/#\/schema\/logo\/image\/\"}}]}<\/script>\n<!-- \/ Yoast SEO plugin. -->","yoast_head_json":{"title":"McLaren 720S aukcija - Piston Addict","description":"Provjerite ovaj McLaren 720S za aukcijsku prodaju na PistonAddict.com","robots":{"index":"index","follow":"follow","max-snippet":"max-snippet:-1","max-image-preview":"max-image-preview:large","max-video-preview":"max-video-preview:-1"},"canonical":"https:\/\/pistonaddict.com\/hr\/product\/mclaren-720s\/","og_locale":"hr_HR","og_type":"article","og_title":"McLaren 720S aukcija - Piston Addict","og_description":"Provjerite ovaj McLaren 720S za aukcijsku prodaju na PistonAddict.com","og_url":"https:\/\/pistonaddict.com\/hr\/product\/mclaren-720s\/","og_site_name":"Piston Addict","article_modified_time":"2024-03-19T16:51:09+00:00","og_image":[{"width":2560,"height":1534,"url":"https:\/\/pistonaddict.com\/wp-content\/uploads\/2023\/04\/LuxurycarLondonApril11PistonAddict_0851-scaled.jpg","type":"image\/jpeg"}],"twitter_card":"summary_large_image","twitter_misc":{"Procijenjeno vrijeme \u010ditanja":"3 minute"},"schema":{"@context":"https:\/\/schema.org","@graph":[{"@type":"WebPage","@id":"https:\/\/pistonaddict.com\/hr\/product\/mclaren-720s\/","url":"https:\/\/pistonaddict.com\/hr\/product\/mclaren-720s\/","name":"McLaren 720S aukcija - Piston Addict","isPartOf":{"@id":"https:\/\/pistonaddict.com\/hr\/#website"},"primaryImageOfPage":{"@id":"https:\/\/pistonaddict.com\/hr\/product\/mclaren-720s\/#primaryimage"},"image":{"@id":"https:\/\/pistonaddict.com\/hr\/product\/mclaren-720s\/#primaryimage"},"thumbnailUrl":"https:\/\/pistonaddict.com\/wp-content\/uploads\/2023\/04\/LuxurycarLondonApril11PistonAddict_0851-scaled.jpg","datePublished":"2023-04-19T15:31:19+00:00","dateModified":"2024-03-19T16:51:09+00:00","description":"Provjerite ovaj McLaren 720S za aukcijsku prodaju na PistonAddict.com","breadcrumb":{"@id":"https:\/\/pistonaddict.com\/hr\/product\/mclaren-720s\/#breadcrumb"},"inLanguage":"hr","potentialAction":[{"@type":"ReadAction","target":["https:\/\/pistonaddict.com\/hr\/product\/mclaren-720s\/"]}]},{"@type":"ImageObject","inLanguage":"hr","@id":"https:\/\/pistonaddict.com\/hr\/product\/mclaren-720s\/#primaryimage","url":"https:\/\/pistonaddict.com\/wp-content\/uploads\/2023\/04\/LuxurycarLondonApril11PistonAddict_0851-scaled.jpg","contentUrl":"https:\/\/pistonaddict.com\/wp-content\/uploads\/2023\/04\/LuxurycarLondonApril11PistonAddict_0851-scaled.jpg","width":2560,"height":1534},{"@type":"BreadcrumbList","@id":"https:\/\/pistonaddict.com\/hr\/product\/mclaren-720s\/#breadcrumb","itemListElement":[{"@type":"ListItem","position":1,"name":"Po\u010detna stranica","item":"https:\/\/pistonaddict.com\/hr\/pocetna-stranica-2\/"},{"@type":"ListItem","position":2,"name":"Auctions","item":"https:\/\/pistonaddict.com\/auctions-listing\/"},{"@type":"ListItem","position":3,"name":"McLaren 720S"}]},{"@type":"WebSite","@id":"https:\/\/pistonaddict.com\/hr\/#website","url":"https:\/\/pistonaddict.com\/hr\/","name":"Piston Addict","description":"Only interesting vehicles","publisher":{"@id":"https:\/\/pistonaddict.com\/hr\/#organization"},"potentialAction":[{"@type":"SearchAction","target":{"@type":"EntryPoint","urlTemplate":"https:\/\/pistonaddict.com\/hr\/?s={search_term_string}"},"query-input":"required name=search_term_string"}],"inLanguage":"hr"},{"@type":"Organization","@id":"https:\/\/pistonaddict.com\/hr\/#organization","name":"Piston Addict","url":"https:\/\/pistonaddict.com\/hr\/","logo":{"@type":"ImageObject","inLanguage":"hr","@id":"https:\/\/pistonaddict.com\/hr\/#\/schema\/logo\/image\/","url":"https:\/\/pistonaddict.com\/wp-content\/uploads\/2022\/07\/logo-6.png","contentUrl":"https:\/\/pistonaddict.com\/wp-content\/uploads\/2022\/07\/logo-6.png","width":970,"height":200,"caption":"Piston Addict"},"image":{"@id":"https:\/\/pistonaddict.com\/hr\/#\/schema\/logo\/image\/"}}]}},"_links":{"self":[{"href":"https:\/\/pistonaddict.com\/hr\/wp-json\/wp\/v2\/product\/39222"}],"collection":[{"href":"https:\/\/pistonaddict.com\/hr\/wp-json\/wp\/v2\/product"}],"about":[{"href":"https:\/\/pistonaddict.com\/hr\/wp-json\/wp\/v2\/types\/product"}],"replies":[{"embeddable":true,"href":"https:\/\/pistonaddict.com\/hr\/wp-json\/wp\/v2\/comments?post=39222"}],"wp:featuredmedia":[{"embeddable":true,"href":"https:\/\/pistonaddict.com\/hr\/wp-json\/wp\/v2\/media\/39149"}],"wp:attachment":[{"href":"https:\/\/pistonaddict.com\/hr\/wp-json\/wp\/v2\/media?parent=39222"}],"wp:term":[{"taxonomy":"product_cat","embeddable":true,"href":"https:\/\/pistonaddict.com\/hr\/wp-json\/wp\/v2\/product_cat?post=39222"},{"taxonomy":"product_tag","embeddable":true,"href":"https:\/\/pistonaddict.com\/hr\/wp-json\/wp\/v2\/product_tag?post=39222"}],"curies":[{"name":"wp","href":"https:\/\/api.w.org\/{rel}","templated":true}]}}