{"id":37943,"date":"2023-04-19T16:55:04","date_gmt":"2023-04-19T14:55:04","guid":{"rendered":"https:\/\/pistonaddict.com\/product\/ferrari-412\/"},"modified":"2024-03-19T17:51:00","modified_gmt":"2024-03-19T16:51:00","slug":"ferrari-412","status":"publish","type":"product","link":"https:\/\/pistonaddict.com\/hr\/product\/ferrari-412\/","title":{"rendered":"Ferrari 412"},"content":{"rendered":"<p><strong>Povijest automobila<\/strong><\/p>\n<p>Ferrari 412 predstavljen je 1985. godine kao vrhunski GT proizvod tvrtke, s prostorom za \u010detiri putnika i prostranim prtlja\u017enikom. Pokretan klasi\u010dnim Colombo V12 motorom, zapremine 4,9 litara, predstavlja jednu od posljednjih iteracija klasi\u010dne Ferrari GT ere. Sa 340 konjskih snaga, pogonom stra\u017enjih kota\u010da kroz Borg-Warner automatski mjenja\u010d, ovaj Ferrari 412 mo\u017ee posti\u0107i 100 km\/h za samo 6,5 sekundi i ubrzati sve do 260 km\/h najve\u0107e brzine. Ovaj primjerak je jedan od posljednjih proizvedenih, isporu\u010den prvom vlasniku u studenom 1988. Proizvodnja je zavr\u0161ila 1989. nakon \u0161to je isporu\u010deno 576 automobila, a samo 306 s automatskim mjenja\u010dem. Zadnji servis obavljen u travnju 2021. godine i od tada je auto vrlo malo kori\u0161ten.<\/p>\n<p><strong>Stanje automobila<\/strong><\/p>\n<p>Ono \u0161to ovaj elegantni GT \u010dini tako privla\u010dnim je njegovo stanje. S manje od 37.000 kilometara od novog, savr\u0161eno je o\u010duvan primjer elegancije Ferrarija iz 80-ih. Ovaj automobil nikada nije restauriran, au izvanrednom je izvornom stanju, sve do originalnih kota\u010da, kompleta alata (cijenjen detalj me\u0111u kolekcionarima Ferrarija) i tvorni\u010dki ispravnih guma, \u0161to je danas prili\u010dno neobi\u010dno. Ovaj Ferrari 412 je dobro odr\u017eavan i gara\u017eiran, \u0161to je jedan od razloga za\u0161to izgleda kao nov. U podvozju nema curenja ulja, motorni prostor je uredan, sve originalne markice i oznake su prisutne.<\/p>\n<p><strong>Unutra\u0161njost<\/strong><\/p>\n<p>O\u010dekivano, unutra\u0161njost ovog Ferrarija 412 iz 1988. presvu\u010dena je ko\u017eom, a posebno je privla\u010dna kombinacija boja crne vanj\u0161tine s \u017eutim sjedalima. Nema vidljivih o\u0161te\u0107enja, a sjedala, vrata i instrument tabla su u besprijekornom stanju. Naravno, kao luksuzni GT, \u0161to ovaj Ferrari 412 svakako jest, unutra\u0161njost je puna udobnosti stvorenja, elektri\u010dnih dodataka i radne klime. Jedina stvar koja nije originalna je glavna jedinica audio sustava koja je zamijenjena za moderniju.<\/p>\n<p><strong>Vanjski izgled i kota\u010di<\/strong><\/p>\n<p>Svi vanjski dijelovi ukrasa, letvice i plasti\u010dne komponente izgledaju u savr\u0161enom obliku i nema hr\u0111e, kao \u0161to biste o\u010dekivali od vozila koje je bilo dobro njegovano. Nema nikakvih ogrebotina i tragova, boja je u idealnom stanju. Zanimljivo, auto je zadr\u017eao originalne kota\u010de i TRX gumu, koje je imao kao nov. Neki od vlasnika Ferrarija 412 zamijenili su kota\u010de modernijima jer je TRX gume te\u0161ko prona\u0107i, no vlasnik ovog primjerka ostao je vjeran originalnoj specifikaciji, \u0161to je lijep detalj i pokazuje koliko se dobro pazilo na automobil.<\/p>\n<p><strong>Dokumentacija<\/strong><\/p>\n<p>Ovo je vozilo u privatnom vlasni\u0161tvu s odgovaraju\u0107om dokumentacijom koje se nalazi u Londonu, UK. CarVertical izvje\u0161\u0107e je \u010disto; ne postoje dokazi o nesre\u0107ama, popravci nesre\u0107e ili pravni problemi. O redovitom odr\u017eavanju postoji evidencija.<\/p>\n","protected":false},"excerpt":{"rendered":"<p>Ferrarijevi V12 GT-ovi uvijek su bili uzvi\u0161eni pogonski strojevi sposobni presko\u010diti kontinente velikom brzinom i pru\u017eiti impresivnu udobnost, a ovaj 412 iz 1988. nije ni\u0161ta druga\u010diji. Po\u017eeljni kasniji model sadr\u017ei sve sastojke izvrsnog investicijskog Ferrarija sa sna\u017enim V12 motorom, savr\u0161enom kombinacijom boja i besprijekornim stanjem sa samo 37.000 kilometara od novog.<\/p>\n","protected":false},"featured_media":37870,"comment_status":"open","ping_status":"closed","template":"","meta":{"inline_featured_image":false},"product_cat":[722],"product_tag":[1561,1565,917,1564],"acf":[],"yoast_head":"<!-- This site is optimized with the Yoast SEO plugin v22.5 - https:\/\/yoast.com\/wordpress\/plugins\/seo\/ -->\n<title>Ferrari 412 aukcija - Piston Addict<\/title>\n<meta name=\"description\" content=\"Provjerite ovaj Ferrari 412 za aukcijsku prodaju na PistonAddict.com s automatskim mjenja\u010dem i samo 36 971 km.\" \/>\n<meta name=\"robots\" content=\"index, follow, max-snippet:-1, max-image-preview:large, max-video-preview:-1\" \/>\n<link rel=\"canonical\" href=\"https:\/\/pistonaddict.com\/hr\/product\/ferrari-412\/\" \/>\n<meta property=\"og:locale\" content=\"hr_HR\" \/>\n<meta property=\"og:type\" content=\"article\" \/>\n<meta property=\"og:title\" content=\"Ferrari 412 aukcija - Piston Addict\" \/>\n<meta property=\"og:description\" content=\"Provjerite ovaj Ferrari 412 za aukcijsku prodaju na PistonAddict.com s automatskim mjenja\u010dem i samo 36 971 km.\" \/>\n<meta property=\"og:url\" content=\"https:\/\/pistonaddict.com\/hr\/product\/ferrari-412\/\" \/>\n<meta property=\"og:site_name\" content=\"Piston Addict\" \/>\n<meta property=\"article:modified_time\" content=\"2024-03-19T16:51:00+00:00\" \/>\n<meta property=\"og:image\" content=\"https:\/\/pistonaddict.com\/wp-content\/uploads\/2023\/04\/LuxurycarLondonApril11PistonAddict_0358-scaled.jpg\" \/>\n\t<meta property=\"og:image:width\" content=\"2560\" \/>\n\t<meta property=\"og:image:height\" content=\"1737\" \/>\n\t<meta property=\"og:image:type\" content=\"image\/jpeg\" \/>\n<meta name=\"twitter:card\" content=\"summary_large_image\" \/>\n<meta name=\"twitter:label1\" content=\"Procijenjeno vrijeme \u010ditanja\" \/>\n\t<meta name=\"twitter:data1\" content=\"2 minute\" \/>\n<script type=\"application\/ld+json\" class=\"yoast-schema-graph\">{\"@context\":\"https:\/\/schema.org\",\"@graph\":[{\"@type\":\"WebPage\",\"@id\":\"https:\/\/pistonaddict.com\/hr\/product\/ferrari-412\/\",\"url\":\"https:\/\/pistonaddict.com\/hr\/product\/ferrari-412\/\",\"name\":\"Ferrari 412 aukcija - Piston Addict\",\"isPartOf\":{\"@id\":\"https:\/\/pistonaddict.com\/hr\/#website\"},\"primaryImageOfPage\":{\"@id\":\"https:\/\/pistonaddict.com\/hr\/product\/ferrari-412\/#primaryimage\"},\"image\":{\"@id\":\"https:\/\/pistonaddict.com\/hr\/product\/ferrari-412\/#primaryimage\"},\"thumbnailUrl\":\"https:\/\/pistonaddict.com\/wp-content\/uploads\/2023\/04\/LuxurycarLondonApril11PistonAddict_0358-scaled.jpg\",\"datePublished\":\"2023-04-19T14:55:04+00:00\",\"dateModified\":\"2024-03-19T16:51:00+00:00\",\"description\":\"Provjerite ovaj Ferrari 412 za aukcijsku prodaju na PistonAddict.com s automatskim mjenja\u010dem i samo 36 971 km.\",\"breadcrumb\":{\"@id\":\"https:\/\/pistonaddict.com\/hr\/product\/ferrari-412\/#breadcrumb\"},\"inLanguage\":\"hr\",\"potentialAction\":[{\"@type\":\"ReadAction\",\"target\":[\"https:\/\/pistonaddict.com\/hr\/product\/ferrari-412\/\"]}]},{\"@type\":\"ImageObject\",\"inLanguage\":\"hr\",\"@id\":\"https:\/\/pistonaddict.com\/hr\/product\/ferrari-412\/#primaryimage\",\"url\":\"https:\/\/pistonaddict.com\/wp-content\/uploads\/2023\/04\/LuxurycarLondonApril11PistonAddict_0358-scaled.jpg\",\"contentUrl\":\"https:\/\/pistonaddict.com\/wp-content\/uploads\/2023\/04\/LuxurycarLondonApril11PistonAddict_0358-scaled.jpg\",\"width\":2560,\"height\":1737},{\"@type\":\"BreadcrumbList\",\"@id\":\"https:\/\/pistonaddict.com\/hr\/product\/ferrari-412\/#breadcrumb\",\"itemListElement\":[{\"@type\":\"ListItem\",\"position\":1,\"name\":\"Po\u010detna stranica\",\"item\":\"https:\/\/pistonaddict.com\/hr\/pocetna-stranica-2\/\"},{\"@type\":\"ListItem\",\"position\":2,\"name\":\"Auctions\",\"item\":\"https:\/\/pistonaddict.com\/auctions-listing\/\"},{\"@type\":\"ListItem\",\"position\":3,\"name\":\"Ferrari 412\"}]},{\"@type\":\"WebSite\",\"@id\":\"https:\/\/pistonaddict.com\/hr\/#website\",\"url\":\"https:\/\/pistonaddict.com\/hr\/\",\"name\":\"Piston Addict\",\"description\":\"Only interesting vehicles\",\"publisher\":{\"@id\":\"https:\/\/pistonaddict.com\/hr\/#organization\"},\"potentialAction\":[{\"@type\":\"SearchAction\",\"target\":{\"@type\":\"EntryPoint\",\"urlTemplate\":\"https:\/\/pistonaddict.com\/hr\/?s={search_term_string}\"},\"query-input\":\"required name=search_term_string\"}],\"inLanguage\":\"hr\"},{\"@type\":\"Organization\",\"@id\":\"https:\/\/pistonaddict.com\/hr\/#organization\",\"name\":\"Piston Addict\",\"url\":\"https:\/\/pistonaddict.com\/hr\/\",\"logo\":{\"@type\":\"ImageObject\",\"inLanguage\":\"hr\",\"@id\":\"https:\/\/pistonaddict.com\/hr\/#\/schema\/logo\/image\/\",\"url\":\"https:\/\/pistonaddict.com\/wp-content\/uploads\/2022\/07\/logo-6.png\",\"contentUrl\":\"https:\/\/pistonaddict.com\/wp-content\/uploads\/2022\/07\/logo-6.png\",\"width\":970,\"height\":200,\"caption\":\"Piston Addict\"},\"image\":{\"@id\":\"https:\/\/pistonaddict.com\/hr\/#\/schema\/logo\/image\/\"}}]}<\/script>\n<!-- \/ Yoast SEO plugin. -->","yoast_head_json":{"title":"Ferrari 412 aukcija - Piston Addict","description":"Provjerite ovaj Ferrari 412 za aukcijsku prodaju na PistonAddict.com s automatskim mjenja\u010dem i samo 36 971 km.","robots":{"index":"index","follow":"follow","max-snippet":"max-snippet:-1","max-image-preview":"max-image-preview:large","max-video-preview":"max-video-preview:-1"},"canonical":"https:\/\/pistonaddict.com\/hr\/product\/ferrari-412\/","og_locale":"hr_HR","og_type":"article","og_title":"Ferrari 412 aukcija - Piston Addict","og_description":"Provjerite ovaj Ferrari 412 za aukcijsku prodaju na PistonAddict.com s automatskim mjenja\u010dem i samo 36 971 km.","og_url":"https:\/\/pistonaddict.com\/hr\/product\/ferrari-412\/","og_site_name":"Piston Addict","article_modified_time":"2024-03-19T16:51:00+00:00","og_image":[{"width":2560,"height":1737,"url":"https:\/\/pistonaddict.com\/wp-content\/uploads\/2023\/04\/LuxurycarLondonApril11PistonAddict_0358-scaled.jpg","type":"image\/jpeg"}],"twitter_card":"summary_large_image","twitter_misc":{"Procijenjeno vrijeme \u010ditanja":"2 minute"},"schema":{"@context":"https:\/\/schema.org","@graph":[{"@type":"WebPage","@id":"https:\/\/pistonaddict.com\/hr\/product\/ferrari-412\/","url":"https:\/\/pistonaddict.com\/hr\/product\/ferrari-412\/","name":"Ferrari 412 aukcija - Piston Addict","isPartOf":{"@id":"https:\/\/pistonaddict.com\/hr\/#website"},"primaryImageOfPage":{"@id":"https:\/\/pistonaddict.com\/hr\/product\/ferrari-412\/#primaryimage"},"image":{"@id":"https:\/\/pistonaddict.com\/hr\/product\/ferrari-412\/#primaryimage"},"thumbnailUrl":"https:\/\/pistonaddict.com\/wp-content\/uploads\/2023\/04\/LuxurycarLondonApril11PistonAddict_0358-scaled.jpg","datePublished":"2023-04-19T14:55:04+00:00","dateModified":"2024-03-19T16:51:00+00:00","description":"Provjerite ovaj Ferrari 412 za aukcijsku prodaju na PistonAddict.com s automatskim mjenja\u010dem i samo 36 971 km.","breadcrumb":{"@id":"https:\/\/pistonaddict.com\/hr\/product\/ferrari-412\/#breadcrumb"},"inLanguage":"hr","potentialAction":[{"@type":"ReadAction","target":["https:\/\/pistonaddict.com\/hr\/product\/ferrari-412\/"]}]},{"@type":"ImageObject","inLanguage":"hr","@id":"https:\/\/pistonaddict.com\/hr\/product\/ferrari-412\/#primaryimage","url":"https:\/\/pistonaddict.com\/wp-content\/uploads\/2023\/04\/LuxurycarLondonApril11PistonAddict_0358-scaled.jpg","contentUrl":"https:\/\/pistonaddict.com\/wp-content\/uploads\/2023\/04\/LuxurycarLondonApril11PistonAddict_0358-scaled.jpg","width":2560,"height":1737},{"@type":"BreadcrumbList","@id":"https:\/\/pistonaddict.com\/hr\/product\/ferrari-412\/#breadcrumb","itemListElement":[{"@type":"ListItem","position":1,"name":"Po\u010detna stranica","item":"https:\/\/pistonaddict.com\/hr\/pocetna-stranica-2\/"},{"@type":"ListItem","position":2,"name":"Auctions","item":"https:\/\/pistonaddict.com\/auctions-listing\/"},{"@type":"ListItem","position":3,"name":"Ferrari 412"}]},{"@type":"WebSite","@id":"https:\/\/pistonaddict.com\/hr\/#website","url":"https:\/\/pistonaddict.com\/hr\/","name":"Piston Addict","description":"Only interesting vehicles","publisher":{"@id":"https:\/\/pistonaddict.com\/hr\/#organization"},"potentialAction":[{"@type":"SearchAction","target":{"@type":"EntryPoint","urlTemplate":"https:\/\/pistonaddict.com\/hr\/?s={search_term_string}"},"query-input":"required name=search_term_string"}],"inLanguage":"hr"},{"@type":"Organization","@id":"https:\/\/pistonaddict.com\/hr\/#organization","name":"Piston Addict","url":"https:\/\/pistonaddict.com\/hr\/","logo":{"@type":"ImageObject","inLanguage":"hr","@id":"https:\/\/pistonaddict.com\/hr\/#\/schema\/logo\/image\/","url":"https:\/\/pistonaddict.com\/wp-content\/uploads\/2022\/07\/logo-6.png","contentUrl":"https:\/\/pistonaddict.com\/wp-content\/uploads\/2022\/07\/logo-6.png","width":970,"height":200,"caption":"Piston Addict"},"image":{"@id":"https:\/\/pistonaddict.com\/hr\/#\/schema\/logo\/image\/"}}]}},"_links":{"self":[{"href":"https:\/\/pistonaddict.com\/hr\/wp-json\/wp\/v2\/product\/37943"}],"collection":[{"href":"https:\/\/pistonaddict.com\/hr\/wp-json\/wp\/v2\/product"}],"about":[{"href":"https:\/\/pistonaddict.com\/hr\/wp-json\/wp\/v2\/types\/product"}],"replies":[{"embeddable":true,"href":"https:\/\/pistonaddict.com\/hr\/wp-json\/wp\/v2\/comments?post=37943"}],"wp:featuredmedia":[{"embeddable":true,"href":"https:\/\/pistonaddict.com\/hr\/wp-json\/wp\/v2\/media\/37870"}],"wp:attachment":[{"href":"https:\/\/pistonaddict.com\/hr\/wp-json\/wp\/v2\/media?parent=37943"}],"wp:term":[{"taxonomy":"product_cat","embeddable":true,"href":"https:\/\/pistonaddict.com\/hr\/wp-json\/wp\/v2\/product_cat?post=37943"},{"taxonomy":"product_tag","embeddable":true,"href":"https:\/\/pistonaddict.com\/hr\/wp-json\/wp\/v2\/product_tag?post=37943"}],"curies":[{"name":"wp","href":"https:\/\/api.w.org\/{rel}","templated":true}]}}