{"id":35641,"date":"2023-04-19T15:45:16","date_gmt":"2023-04-19T13:45:16","guid":{"rendered":"https:\/\/pistonaddict.com\/product\/bmw-m4\/"},"modified":"2024-03-19T17:50:55","modified_gmt":"2024-03-19T16:50:55","slug":"bmw-m4","status":"publish","type":"product","link":"https:\/\/pistonaddict.com\/hr\/product\/bmw-m4\/","title":{"rendered":"BMW M4"},"content":{"rendered":"<p><strong>Povijest automobila<\/strong><\/p>\n<p>Serija F82 M4 bila je veliki korak za BMW kada je debitirala 2014. Bio je to prvi M proizvod sa \u0161est-cilindri\u010dnim motorom s turbopunja\u010dem, elektri\u010dnim servoupravlja\u010dkim sustavom i opse\u017enom upotrebom karbonskih vlakana u konstrukciji automobila. Rezultat je bio fantasti\u010dan pogonski stroj sa 425 KS u standardnom obliku, slo\u017eenim ovjesom i uzvi\u0161enim performansama. F82 je tako\u0111er bio prvi model koji je koristio plo\u010dicu s imenom M4, \u0161to je bila oznaka za coupe verziju M3. Ovaj primjerak proizveden je 2017. i po\u017eeljniji je i pobolj\u0161ani kasniji model. No, ono \u0161to je najzanimljivije kod ovog automobila su njegove specifikacije, stanje i kilometra\u017ea. S ne\u0161to vi\u0161e od 2000 milja (3500 km) na satu to je prakti\u010dki potpuno novi automobil, \u0161to ga \u010dini vozilom za ulaganje. No, ovaj M4 je tako\u0111er opcionalan i ukusno modificiran kako bi pru\u017eio vi\u0161e snage, bolje upravljanje i impresivnu ukupnu dinamiku vo\u017enje. Naru\u010dio ga je novi BMW-ov VIP kupac, koji je to\u010dno znao kako odrediti savr\u0161eni M4.<\/p>\n<p><strong> <\/strong><strong>Uvjet<\/strong><\/p>\n<p>Minimalna kilometra\u017ea osigurava da je ovaj M4 u savr\u0161enom stanju bez mehani\u010dkih kvarova, o\u0161te\u0107enja u slu\u010daju nezgode i nedavnog servisa obavljenog u velja\u010di 2022. Me\u0111utim, osim impresivnog popisa tvorni\u010dke opreme, ovo posebno vozilo ima izmjenu ovjesa i nalazi se ni\u017ee od standardnog, osiguravaju\u0107i jo\u0161 bolje upravljanje i osje\u0107aj vo\u017enje. No, to je tek po\u010detak, a prvobitni vlasnik ovog automobila ugradio je Akrapovi\u010d titanski ispu\u0161ni sustav s karbonskim vrhovima koji poja\u010davaju zvuk tog poznatog rednog \u0161esta motora. Pobolj\u0161anje eksterijera dovr\u0161eno je prednjim karbonskim spliterom, stra\u017enjim spojlerom i naknadnim kota\u010dima. Zanimljivo, iako je 425 KS prili\u010dno puno, izvorni je vlasnik pobolj\u0161ao performanse, a motor sada isporu\u010duje 510 KS \u0161to ovaj M4 \u010dini doista kompetentnim automobilom. Izbor mjenja\u010da je BMW-ov 7-stupanjski DCT automatski, koji je inteligentan izbor koji kombinira udobnost i performanse. Ovo vozilo je opremljeno opcijskim kerami\u010dkim ko\u010dionim diskovima.<\/p>\n<p><strong>Unutra\u0161njost<\/strong><\/p>\n<p>Unutra\u0161njost oblo\u017eena crnom ko\u017eom sa sjedalima specifi\u010dnim za M i karbonskim detaljima ne pokazuje znakove kori\u0161tenja. Sa savr\u0161enim polo\u017eajem sjedenja, vrhunskim audio sustavom i BMW-ovim poznatim iDrive infotainmentom, provoditi vrijeme u ovom M4 bit \u0107e u\u017eitak dok prelazite kilometre nevjerojatnom brzinom. U unutra\u0161njosti nema nikakvih izmjena, a popis dodatne opreme i udobnosti je opse\u017ean.<\/p>\n<p><strong>Vanjski izgled i kota\u010di<\/strong><\/p>\n<p>Zavr\u0161en u upe\u010datljivoj nijansi Austin Yellow Metallic, ovaj M4 ima besprijekornu vanj\u0161tinu, sa svim dijelovima ukrasa koji su prisutni i bez oznaka. Karbonski nastavci dio su kataloga M Performance Accessories i savr\u0161eno pristaju. Zna\u010dajan detalj su HRE aftermarket kota\u010di koji odgovaraju vanj\u0161tini te su lak\u0161i i ja\u010di od tvorni\u010dkih artikala.<\/p>\n<p><strong>Dokumentacija<\/strong><\/p>\n<p>Ovo je vozilo u privatnom vlasni\u0161tvu s odgovaraju\u0107om dokumentacijom koje se nalazi u Londonu, UK. CarVertical izvje\u0161\u0107e je \u010disto; ne postoje dokazi o nesre\u0107ama, popravci nesre\u0107e ili pravni problemi. O redovitom odr\u017eavanju postoji evidencija.<\/p>\n","protected":false},"excerpt":{"rendered":"<p>Postoji dobar razlog za\u0161to je BMW M4 toliko cijenjen me\u0111u obo\u017eavateljima vrhunskih automobila. Nijedan drugi automobil u svojoj klasi ne mo\u017ee ponuditi impresivnu dinamiku sportskog automobila i svakodnevnu upotrebljivost kao F82-serija M4. Ovaj automobil je savr\u0161en primjer, malo modificiran kako bi vo\u017enja bila jo\u0161 bolja, s minimalnom kilometra\u017eom, dobro njegovan i spreman za sljede\u0107eg vlasnika.<\/p>\n","protected":false},"featured_media":35423,"comment_status":"open","ping_status":"closed","template":"","meta":{"inline_featured_image":false},"product_cat":[722],"product_tag":[1388,917,1384,1386],"acf":[],"yoast_head":"<!-- This site is optimized with the Yoast SEO plugin v22.5 - https:\/\/yoast.com\/wordpress\/plugins\/seo\/ -->\n<title>BMW M4 aukcija - Piston Addict<\/title>\n<meta name=\"description\" content=\"Pogledajte ovaj BMW M4 za aukcijsku prodaju na PistonAddict.com s automatskim mjenja\u010dem i samo 2053 milje.\" \/>\n<meta name=\"robots\" content=\"index, follow, max-snippet:-1, max-image-preview:large, max-video-preview:-1\" \/>\n<link rel=\"canonical\" href=\"https:\/\/pistonaddict.com\/hr\/product\/bmw-m4\/\" \/>\n<meta property=\"og:locale\" content=\"hr_HR\" \/>\n<meta property=\"og:type\" content=\"article\" \/>\n<meta property=\"og:title\" content=\"BMW M4 aukcija - Piston Addict\" \/>\n<meta property=\"og:description\" content=\"Pogledajte ovaj BMW M4 za aukcijsku prodaju na PistonAddict.com s automatskim mjenja\u010dem i samo 2053 milje.\" \/>\n<meta property=\"og:url\" content=\"https:\/\/pistonaddict.com\/hr\/product\/bmw-m4\/\" \/>\n<meta property=\"og:site_name\" content=\"Piston Addict\" \/>\n<meta property=\"article:modified_time\" content=\"2024-03-19T16:50:55+00:00\" \/>\n<meta property=\"og:image\" content=\"https:\/\/pistonaddict.com\/wp-content\/uploads\/2023\/04\/LuxurycarLondonApril11PistonAddict_0647-scaled.jpg\" \/>\n\t<meta property=\"og:image:width\" content=\"2560\" \/>\n\t<meta property=\"og:image:height\" content=\"1708\" \/>\n\t<meta property=\"og:image:type\" content=\"image\/jpeg\" \/>\n<meta name=\"twitter:card\" content=\"summary_large_image\" \/>\n<meta name=\"twitter:label1\" content=\"Procijenjeno vrijeme \u010ditanja\" \/>\n\t<meta name=\"twitter:data1\" content=\"3 minute\" \/>\n<script type=\"application\/ld+json\" class=\"yoast-schema-graph\">{\"@context\":\"https:\/\/schema.org\",\"@graph\":[{\"@type\":\"WebPage\",\"@id\":\"https:\/\/pistonaddict.com\/hr\/product\/bmw-m4\/\",\"url\":\"https:\/\/pistonaddict.com\/hr\/product\/bmw-m4\/\",\"name\":\"BMW M4 aukcija - Piston Addict\",\"isPartOf\":{\"@id\":\"https:\/\/pistonaddict.com\/hr\/#website\"},\"primaryImageOfPage\":{\"@id\":\"https:\/\/pistonaddict.com\/hr\/product\/bmw-m4\/#primaryimage\"},\"image\":{\"@id\":\"https:\/\/pistonaddict.com\/hr\/product\/bmw-m4\/#primaryimage\"},\"thumbnailUrl\":\"https:\/\/pistonaddict.com\/wp-content\/uploads\/2023\/04\/LuxurycarLondonApril11PistonAddict_0647-scaled.jpg\",\"datePublished\":\"2023-04-19T13:45:16+00:00\",\"dateModified\":\"2024-03-19T16:50:55+00:00\",\"description\":\"Pogledajte ovaj BMW M4 za aukcijsku prodaju na PistonAddict.com s automatskim mjenja\u010dem i samo 2053 milje.\",\"breadcrumb\":{\"@id\":\"https:\/\/pistonaddict.com\/hr\/product\/bmw-m4\/#breadcrumb\"},\"inLanguage\":\"hr\",\"potentialAction\":[{\"@type\":\"ReadAction\",\"target\":[\"https:\/\/pistonaddict.com\/hr\/product\/bmw-m4\/\"]}]},{\"@type\":\"ImageObject\",\"inLanguage\":\"hr\",\"@id\":\"https:\/\/pistonaddict.com\/hr\/product\/bmw-m4\/#primaryimage\",\"url\":\"https:\/\/pistonaddict.com\/wp-content\/uploads\/2023\/04\/LuxurycarLondonApril11PistonAddict_0647-scaled.jpg\",\"contentUrl\":\"https:\/\/pistonaddict.com\/wp-content\/uploads\/2023\/04\/LuxurycarLondonApril11PistonAddict_0647-scaled.jpg\",\"width\":2560,\"height\":1708},{\"@type\":\"BreadcrumbList\",\"@id\":\"https:\/\/pistonaddict.com\/hr\/product\/bmw-m4\/#breadcrumb\",\"itemListElement\":[{\"@type\":\"ListItem\",\"position\":1,\"name\":\"Po\u010detna stranica\",\"item\":\"https:\/\/pistonaddict.com\/hr\/pocetna-stranica-2\/\"},{\"@type\":\"ListItem\",\"position\":2,\"name\":\"Auctions\",\"item\":\"https:\/\/pistonaddict.com\/auctions-listing\/\"},{\"@type\":\"ListItem\",\"position\":3,\"name\":\"BMW M4\"}]},{\"@type\":\"WebSite\",\"@id\":\"https:\/\/pistonaddict.com\/hr\/#website\",\"url\":\"https:\/\/pistonaddict.com\/hr\/\",\"name\":\"Piston Addict\",\"description\":\"Only interesting vehicles\",\"publisher\":{\"@id\":\"https:\/\/pistonaddict.com\/hr\/#organization\"},\"potentialAction\":[{\"@type\":\"SearchAction\",\"target\":{\"@type\":\"EntryPoint\",\"urlTemplate\":\"https:\/\/pistonaddict.com\/hr\/?s={search_term_string}\"},\"query-input\":\"required name=search_term_string\"}],\"inLanguage\":\"hr\"},{\"@type\":\"Organization\",\"@id\":\"https:\/\/pistonaddict.com\/hr\/#organization\",\"name\":\"Piston Addict\",\"url\":\"https:\/\/pistonaddict.com\/hr\/\",\"logo\":{\"@type\":\"ImageObject\",\"inLanguage\":\"hr\",\"@id\":\"https:\/\/pistonaddict.com\/hr\/#\/schema\/logo\/image\/\",\"url\":\"https:\/\/pistonaddict.com\/wp-content\/uploads\/2022\/07\/logo-6.png\",\"contentUrl\":\"https:\/\/pistonaddict.com\/wp-content\/uploads\/2022\/07\/logo-6.png\",\"width\":970,\"height\":200,\"caption\":\"Piston Addict\"},\"image\":{\"@id\":\"https:\/\/pistonaddict.com\/hr\/#\/schema\/logo\/image\/\"}}]}<\/script>\n<!-- \/ Yoast SEO plugin. -->","yoast_head_json":{"title":"BMW M4 aukcija - Piston Addict","description":"Pogledajte ovaj BMW M4 za aukcijsku prodaju na PistonAddict.com s automatskim mjenja\u010dem i samo 2053 milje.","robots":{"index":"index","follow":"follow","max-snippet":"max-snippet:-1","max-image-preview":"max-image-preview:large","max-video-preview":"max-video-preview:-1"},"canonical":"https:\/\/pistonaddict.com\/hr\/product\/bmw-m4\/","og_locale":"hr_HR","og_type":"article","og_title":"BMW M4 aukcija - Piston Addict","og_description":"Pogledajte ovaj BMW M4 za aukcijsku prodaju na PistonAddict.com s automatskim mjenja\u010dem i samo 2053 milje.","og_url":"https:\/\/pistonaddict.com\/hr\/product\/bmw-m4\/","og_site_name":"Piston Addict","article_modified_time":"2024-03-19T16:50:55+00:00","og_image":[{"width":2560,"height":1708,"url":"https:\/\/pistonaddict.com\/wp-content\/uploads\/2023\/04\/LuxurycarLondonApril11PistonAddict_0647-scaled.jpg","type":"image\/jpeg"}],"twitter_card":"summary_large_image","twitter_misc":{"Procijenjeno vrijeme \u010ditanja":"3 minute"},"schema":{"@context":"https:\/\/schema.org","@graph":[{"@type":"WebPage","@id":"https:\/\/pistonaddict.com\/hr\/product\/bmw-m4\/","url":"https:\/\/pistonaddict.com\/hr\/product\/bmw-m4\/","name":"BMW M4 aukcija - Piston Addict","isPartOf":{"@id":"https:\/\/pistonaddict.com\/hr\/#website"},"primaryImageOfPage":{"@id":"https:\/\/pistonaddict.com\/hr\/product\/bmw-m4\/#primaryimage"},"image":{"@id":"https:\/\/pistonaddict.com\/hr\/product\/bmw-m4\/#primaryimage"},"thumbnailUrl":"https:\/\/pistonaddict.com\/wp-content\/uploads\/2023\/04\/LuxurycarLondonApril11PistonAddict_0647-scaled.jpg","datePublished":"2023-04-19T13:45:16+00:00","dateModified":"2024-03-19T16:50:55+00:00","description":"Pogledajte ovaj BMW M4 za aukcijsku prodaju na PistonAddict.com s automatskim mjenja\u010dem i samo 2053 milje.","breadcrumb":{"@id":"https:\/\/pistonaddict.com\/hr\/product\/bmw-m4\/#breadcrumb"},"inLanguage":"hr","potentialAction":[{"@type":"ReadAction","target":["https:\/\/pistonaddict.com\/hr\/product\/bmw-m4\/"]}]},{"@type":"ImageObject","inLanguage":"hr","@id":"https:\/\/pistonaddict.com\/hr\/product\/bmw-m4\/#primaryimage","url":"https:\/\/pistonaddict.com\/wp-content\/uploads\/2023\/04\/LuxurycarLondonApril11PistonAddict_0647-scaled.jpg","contentUrl":"https:\/\/pistonaddict.com\/wp-content\/uploads\/2023\/04\/LuxurycarLondonApril11PistonAddict_0647-scaled.jpg","width":2560,"height":1708},{"@type":"BreadcrumbList","@id":"https:\/\/pistonaddict.com\/hr\/product\/bmw-m4\/#breadcrumb","itemListElement":[{"@type":"ListItem","position":1,"name":"Po\u010detna stranica","item":"https:\/\/pistonaddict.com\/hr\/pocetna-stranica-2\/"},{"@type":"ListItem","position":2,"name":"Auctions","item":"https:\/\/pistonaddict.com\/auctions-listing\/"},{"@type":"ListItem","position":3,"name":"BMW M4"}]},{"@type":"WebSite","@id":"https:\/\/pistonaddict.com\/hr\/#website","url":"https:\/\/pistonaddict.com\/hr\/","name":"Piston Addict","description":"Only interesting vehicles","publisher":{"@id":"https:\/\/pistonaddict.com\/hr\/#organization"},"potentialAction":[{"@type":"SearchAction","target":{"@type":"EntryPoint","urlTemplate":"https:\/\/pistonaddict.com\/hr\/?s={search_term_string}"},"query-input":"required name=search_term_string"}],"inLanguage":"hr"},{"@type":"Organization","@id":"https:\/\/pistonaddict.com\/hr\/#organization","name":"Piston Addict","url":"https:\/\/pistonaddict.com\/hr\/","logo":{"@type":"ImageObject","inLanguage":"hr","@id":"https:\/\/pistonaddict.com\/hr\/#\/schema\/logo\/image\/","url":"https:\/\/pistonaddict.com\/wp-content\/uploads\/2022\/07\/logo-6.png","contentUrl":"https:\/\/pistonaddict.com\/wp-content\/uploads\/2022\/07\/logo-6.png","width":970,"height":200,"caption":"Piston Addict"},"image":{"@id":"https:\/\/pistonaddict.com\/hr\/#\/schema\/logo\/image\/"}}]}},"_links":{"self":[{"href":"https:\/\/pistonaddict.com\/hr\/wp-json\/wp\/v2\/product\/35641"}],"collection":[{"href":"https:\/\/pistonaddict.com\/hr\/wp-json\/wp\/v2\/product"}],"about":[{"href":"https:\/\/pistonaddict.com\/hr\/wp-json\/wp\/v2\/types\/product"}],"replies":[{"embeddable":true,"href":"https:\/\/pistonaddict.com\/hr\/wp-json\/wp\/v2\/comments?post=35641"}],"wp:featuredmedia":[{"embeddable":true,"href":"https:\/\/pistonaddict.com\/hr\/wp-json\/wp\/v2\/media\/35423"}],"wp:attachment":[{"href":"https:\/\/pistonaddict.com\/hr\/wp-json\/wp\/v2\/media?parent=35641"}],"wp:term":[{"taxonomy":"product_cat","embeddable":true,"href":"https:\/\/pistonaddict.com\/hr\/wp-json\/wp\/v2\/product_cat?post=35641"},{"taxonomy":"product_tag","embeddable":true,"href":"https:\/\/pistonaddict.com\/hr\/wp-json\/wp\/v2\/product_tag?post=35641"}],"curies":[{"name":"wp","href":"https:\/\/api.w.org\/{rel}","templated":true}]}}