{"id":34591,"date":"2023-04-19T15:06:28","date_gmt":"2023-04-19T13:06:28","guid":{"rendered":"https:\/\/pistonaddict.com\/product\/bentley-flying-spur\/"},"modified":"2024-03-19T17:49:00","modified_gmt":"2024-03-19T16:49:00","slug":"bentley-flying-spur","status":"publish","type":"product","link":"https:\/\/pistonaddict.com\/hr\/product\/bentley-flying-spur\/","title":{"rendered":"Bentley Flying Spur"},"content":{"rendered":"<p><strong>Povijest automobila<\/strong><\/p>\n<p>Ovaj Flying Spur jedan je od prvih takvih automobila isporu\u010denih krajem 2020. poznatim VIP kupcima Bentleya. Auto je jednog vlasnika, a pre\u0161ao je samo 8359 km. Zavr\u0161eno u po\u017eeljnoj zelenoj boji s odgovaraju\u0107om tamno-sme\u0111om ko\u017eom, ovaj Flying Spur koristio je zatamnjeni paket vanjskih ukrasa i model je First Edition. U Bentleyjevom svijetu modeli First Edition uvijek su najpo\u017eeljniji zbog specifi\u010dnih i jedinstvenih izbora boja, finih detalja i opreme koja je \u010desto dodatna oprema na automobilima standardne specifikacije.<\/p>\n<p><strong>Stanje automobila<\/strong><\/p>\n<p>Kao jedan od Bentley Flying Spurs s najvi\u0161im specifikacijama, izvorni i sada\u0161nji vlasnik ne samo da je kupio paket First Edition, ve\u0107 je dodao i brojne zna\u010dajke i opremu ionako impresivnom popisu specifikacija. Opcijski 6,0-litarski W12 motor isporu\u010duje 626 KS i mo\u017ee pokrenuti ovu super-luksuznu limuzinu do impresivnih 3,5 sekundi ubrzanja od 0 do 100 km\/h. Ono \u0161to je jo\u0161 fascinantnije je maksimalna brzina, a ako se na\u0111ete na zabranjenoj dionici Autobahna, mo\u017eete posti\u0107i 333 km\/h! Sigurni smo da \u0107e i pri toj brzini ovaj Flying Spur biti stabilan i udoban.<\/p>\n<p><strong>Vanjski izgled i kota\u010di<\/strong><\/p>\n<p>Zbog pa\u017eljivog odr\u017eavanja, klimatizirane gara\u017ee i male kilometra\u017ee, ovaj Flying Spur se prodaje u savr\u0161enom stanju boje, bez o\u0161te\u0107enja na vanj\u0161tini (ili unutra\u0161njosti), i s originalnim kota\u010dima. Jedan od malih, ali zanimljivih detalja je crni krov koji se savr\u0161eno uklapa u crne vanjske obloge i dodatno nagla\u0161ava sportsku prirodu ove elegantne limuzine.<\/p>\n<p><strong>Unutra\u0161njost<\/strong><\/p>\n<p>Jedan od najfascinantnijih dijelova ovog automobila je unutra\u0161njost. Dizajniran kao savr\u0161en spoj moderne tehnologije i klasi\u010dnog luksuznog pristupa, ovaj Flying Spur prekriven je po\u017eeljnom \u017eutosme\u0111om ko\u017eom s kontrastnim zelenim ko\u017enim i drvenim umetcima. Ispunjen svim vrstama udobnosti stvorenja, za\u0161titna folija se mo\u017ee na\u0107i na nekim kromiranim dijelovima ukrasa, \u0161to pokazuje da je ovaj automobil jedva kori\u0161ten.<\/p>\n<p><strong>Dokumentacija<\/strong><\/p>\n<p>Ovo je vozilo u privatnom vlasni\u0161tvu s odgovaraju\u0107om dokumentacijom koje se nalazi u Londonu, UK. CarVertical izvje\u0161\u0107e je \u010disto; ne postoje dokazi o nesre\u0107ama, popravci nesre\u0107e ili pravni problemi. O redovitom odr\u017eavanju postoji evidencija.<\/p>\n","protected":false},"excerpt":{"rendered":"<p>Kao i mnogi njegovi konkurenti, Bentley se u bliskoj budu\u0107nosti okre\u0107e EV modelima. To zna\u010di da bi ovo mogla biti posljednja prilika za nabavu veli\u010danstvenog luksuznog automobila s ICE pogonom kao \u0161to je ovaj Flying Spur, u vrlo po\u017eeljnim specifikacijama i kao nov. Pokretan prepoznatljivim motorom W12, ovo je jedinstveni primjerak savr\u0161en za izbirljive poznavatelje Bentleya.<\/p>\n","protected":false},"featured_media":34078,"comment_status":"open","ping_status":"closed","template":"","meta":{"inline_featured_image":false},"product_cat":[722],"product_tag":[1335,917,1331,1334],"acf":[],"yoast_head":"<!-- This site is optimized with the Yoast SEO plugin v22.5 - https:\/\/yoast.com\/wordpress\/plugins\/seo\/ -->\n<title>Bentley Flying Spur aukcija - Piston Addict<\/title>\n<meta name=\"description\" content=\"Pogledajte ovaj Bentley Flying Spur za aukcijsku prodaju na PistonAddict.com s automatskim mjenja\u010dem i samo 8359 km.\" \/>\n<meta name=\"robots\" content=\"index, follow, max-snippet:-1, max-image-preview:large, max-video-preview:-1\" \/>\n<link rel=\"canonical\" href=\"https:\/\/pistonaddict.com\/hr\/product\/bentley-flying-spur\/\" \/>\n<meta property=\"og:locale\" content=\"hr_HR\" \/>\n<meta property=\"og:type\" content=\"article\" \/>\n<meta property=\"og:title\" content=\"Bentley Flying Spur aukcija - Piston Addict\" \/>\n<meta property=\"og:description\" content=\"Pogledajte ovaj Bentley Flying Spur za aukcijsku prodaju na PistonAddict.com s automatskim mjenja\u010dem i samo 8359 km.\" \/>\n<meta property=\"og:url\" content=\"https:\/\/pistonaddict.com\/hr\/product\/bentley-flying-spur\/\" \/>\n<meta property=\"og:site_name\" content=\"Piston Addict\" \/>\n<meta property=\"article:modified_time\" content=\"2024-03-19T16:49:00+00:00\" \/>\n<meta property=\"og:image\" content=\"https:\/\/pistonaddict.com\/wp-content\/uploads\/2023\/04\/LuxurycarLondonApril11PistonAddict_0433-scaled.jpg\" \/>\n\t<meta property=\"og:image:width\" content=\"2560\" \/>\n\t<meta property=\"og:image:height\" content=\"1505\" \/>\n\t<meta property=\"og:image:type\" content=\"image\/jpeg\" \/>\n<meta name=\"twitter:card\" content=\"summary_large_image\" \/>\n<meta name=\"twitter:label1\" content=\"Procijenjeno vrijeme \u010ditanja\" \/>\n\t<meta name=\"twitter:data1\" content=\"2 minute\" \/>\n<script type=\"application\/ld+json\" class=\"yoast-schema-graph\">{\"@context\":\"https:\/\/schema.org\",\"@graph\":[{\"@type\":\"WebPage\",\"@id\":\"https:\/\/pistonaddict.com\/hr\/product\/bentley-flying-spur\/\",\"url\":\"https:\/\/pistonaddict.com\/hr\/product\/bentley-flying-spur\/\",\"name\":\"Bentley Flying Spur aukcija - Piston Addict\",\"isPartOf\":{\"@id\":\"https:\/\/pistonaddict.com\/hr\/#website\"},\"primaryImageOfPage\":{\"@id\":\"https:\/\/pistonaddict.com\/hr\/product\/bentley-flying-spur\/#primaryimage\"},\"image\":{\"@id\":\"https:\/\/pistonaddict.com\/hr\/product\/bentley-flying-spur\/#primaryimage\"},\"thumbnailUrl\":\"https:\/\/pistonaddict.com\/wp-content\/uploads\/2023\/04\/LuxurycarLondonApril11PistonAddict_0433-scaled.jpg\",\"datePublished\":\"2023-04-19T13:06:28+00:00\",\"dateModified\":\"2024-03-19T16:49:00+00:00\",\"description\":\"Pogledajte ovaj Bentley Flying Spur za aukcijsku prodaju na PistonAddict.com s automatskim mjenja\u010dem i samo 8359 km.\",\"breadcrumb\":{\"@id\":\"https:\/\/pistonaddict.com\/hr\/product\/bentley-flying-spur\/#breadcrumb\"},\"inLanguage\":\"hr\",\"potentialAction\":[{\"@type\":\"ReadAction\",\"target\":[\"https:\/\/pistonaddict.com\/hr\/product\/bentley-flying-spur\/\"]}]},{\"@type\":\"ImageObject\",\"inLanguage\":\"hr\",\"@id\":\"https:\/\/pistonaddict.com\/hr\/product\/bentley-flying-spur\/#primaryimage\",\"url\":\"https:\/\/pistonaddict.com\/wp-content\/uploads\/2023\/04\/LuxurycarLondonApril11PistonAddict_0433-scaled.jpg\",\"contentUrl\":\"https:\/\/pistonaddict.com\/wp-content\/uploads\/2023\/04\/LuxurycarLondonApril11PistonAddict_0433-scaled.jpg\",\"width\":2560,\"height\":1505},{\"@type\":\"BreadcrumbList\",\"@id\":\"https:\/\/pistonaddict.com\/hr\/product\/bentley-flying-spur\/#breadcrumb\",\"itemListElement\":[{\"@type\":\"ListItem\",\"position\":1,\"name\":\"Po\u010detna stranica\",\"item\":\"https:\/\/pistonaddict.com\/hr\/pocetna-stranica-2\/\"},{\"@type\":\"ListItem\",\"position\":2,\"name\":\"Auctions\",\"item\":\"https:\/\/pistonaddict.com\/auctions-listing\/\"},{\"@type\":\"ListItem\",\"position\":3,\"name\":\"Bentley Flying Spur\"}]},{\"@type\":\"WebSite\",\"@id\":\"https:\/\/pistonaddict.com\/hr\/#website\",\"url\":\"https:\/\/pistonaddict.com\/hr\/\",\"name\":\"Piston Addict\",\"description\":\"Only interesting vehicles\",\"publisher\":{\"@id\":\"https:\/\/pistonaddict.com\/hr\/#organization\"},\"potentialAction\":[{\"@type\":\"SearchAction\",\"target\":{\"@type\":\"EntryPoint\",\"urlTemplate\":\"https:\/\/pistonaddict.com\/hr\/?s={search_term_string}\"},\"query-input\":\"required name=search_term_string\"}],\"inLanguage\":\"hr\"},{\"@type\":\"Organization\",\"@id\":\"https:\/\/pistonaddict.com\/hr\/#organization\",\"name\":\"Piston Addict\",\"url\":\"https:\/\/pistonaddict.com\/hr\/\",\"logo\":{\"@type\":\"ImageObject\",\"inLanguage\":\"hr\",\"@id\":\"https:\/\/pistonaddict.com\/hr\/#\/schema\/logo\/image\/\",\"url\":\"https:\/\/pistonaddict.com\/wp-content\/uploads\/2022\/07\/logo-6.png\",\"contentUrl\":\"https:\/\/pistonaddict.com\/wp-content\/uploads\/2022\/07\/logo-6.png\",\"width\":970,\"height\":200,\"caption\":\"Piston Addict\"},\"image\":{\"@id\":\"https:\/\/pistonaddict.com\/hr\/#\/schema\/logo\/image\/\"}}]}<\/script>\n<!-- \/ Yoast SEO plugin. -->","yoast_head_json":{"title":"Bentley Flying Spur aukcija - Piston Addict","description":"Pogledajte ovaj Bentley Flying Spur za aukcijsku prodaju na PistonAddict.com s automatskim mjenja\u010dem i samo 8359 km.","robots":{"index":"index","follow":"follow","max-snippet":"max-snippet:-1","max-image-preview":"max-image-preview:large","max-video-preview":"max-video-preview:-1"},"canonical":"https:\/\/pistonaddict.com\/hr\/product\/bentley-flying-spur\/","og_locale":"hr_HR","og_type":"article","og_title":"Bentley Flying Spur aukcija - Piston Addict","og_description":"Pogledajte ovaj Bentley Flying Spur za aukcijsku prodaju na PistonAddict.com s automatskim mjenja\u010dem i samo 8359 km.","og_url":"https:\/\/pistonaddict.com\/hr\/product\/bentley-flying-spur\/","og_site_name":"Piston Addict","article_modified_time":"2024-03-19T16:49:00+00:00","og_image":[{"width":2560,"height":1505,"url":"https:\/\/pistonaddict.com\/wp-content\/uploads\/2023\/04\/LuxurycarLondonApril11PistonAddict_0433-scaled.jpg","type":"image\/jpeg"}],"twitter_card":"summary_large_image","twitter_misc":{"Procijenjeno vrijeme \u010ditanja":"2 minute"},"schema":{"@context":"https:\/\/schema.org","@graph":[{"@type":"WebPage","@id":"https:\/\/pistonaddict.com\/hr\/product\/bentley-flying-spur\/","url":"https:\/\/pistonaddict.com\/hr\/product\/bentley-flying-spur\/","name":"Bentley Flying Spur aukcija - Piston Addict","isPartOf":{"@id":"https:\/\/pistonaddict.com\/hr\/#website"},"primaryImageOfPage":{"@id":"https:\/\/pistonaddict.com\/hr\/product\/bentley-flying-spur\/#primaryimage"},"image":{"@id":"https:\/\/pistonaddict.com\/hr\/product\/bentley-flying-spur\/#primaryimage"},"thumbnailUrl":"https:\/\/pistonaddict.com\/wp-content\/uploads\/2023\/04\/LuxurycarLondonApril11PistonAddict_0433-scaled.jpg","datePublished":"2023-04-19T13:06:28+00:00","dateModified":"2024-03-19T16:49:00+00:00","description":"Pogledajte ovaj Bentley Flying Spur za aukcijsku prodaju na PistonAddict.com s automatskim mjenja\u010dem i samo 8359 km.","breadcrumb":{"@id":"https:\/\/pistonaddict.com\/hr\/product\/bentley-flying-spur\/#breadcrumb"},"inLanguage":"hr","potentialAction":[{"@type":"ReadAction","target":["https:\/\/pistonaddict.com\/hr\/product\/bentley-flying-spur\/"]}]},{"@type":"ImageObject","inLanguage":"hr","@id":"https:\/\/pistonaddict.com\/hr\/product\/bentley-flying-spur\/#primaryimage","url":"https:\/\/pistonaddict.com\/wp-content\/uploads\/2023\/04\/LuxurycarLondonApril11PistonAddict_0433-scaled.jpg","contentUrl":"https:\/\/pistonaddict.com\/wp-content\/uploads\/2023\/04\/LuxurycarLondonApril11PistonAddict_0433-scaled.jpg","width":2560,"height":1505},{"@type":"BreadcrumbList","@id":"https:\/\/pistonaddict.com\/hr\/product\/bentley-flying-spur\/#breadcrumb","itemListElement":[{"@type":"ListItem","position":1,"name":"Po\u010detna stranica","item":"https:\/\/pistonaddict.com\/hr\/pocetna-stranica-2\/"},{"@type":"ListItem","position":2,"name":"Auctions","item":"https:\/\/pistonaddict.com\/auctions-listing\/"},{"@type":"ListItem","position":3,"name":"Bentley Flying Spur"}]},{"@type":"WebSite","@id":"https:\/\/pistonaddict.com\/hr\/#website","url":"https:\/\/pistonaddict.com\/hr\/","name":"Piston Addict","description":"Only interesting vehicles","publisher":{"@id":"https:\/\/pistonaddict.com\/hr\/#organization"},"potentialAction":[{"@type":"SearchAction","target":{"@type":"EntryPoint","urlTemplate":"https:\/\/pistonaddict.com\/hr\/?s={search_term_string}"},"query-input":"required name=search_term_string"}],"inLanguage":"hr"},{"@type":"Organization","@id":"https:\/\/pistonaddict.com\/hr\/#organization","name":"Piston Addict","url":"https:\/\/pistonaddict.com\/hr\/","logo":{"@type":"ImageObject","inLanguage":"hr","@id":"https:\/\/pistonaddict.com\/hr\/#\/schema\/logo\/image\/","url":"https:\/\/pistonaddict.com\/wp-content\/uploads\/2022\/07\/logo-6.png","contentUrl":"https:\/\/pistonaddict.com\/wp-content\/uploads\/2022\/07\/logo-6.png","width":970,"height":200,"caption":"Piston Addict"},"image":{"@id":"https:\/\/pistonaddict.com\/hr\/#\/schema\/logo\/image\/"}}]}},"_links":{"self":[{"href":"https:\/\/pistonaddict.com\/hr\/wp-json\/wp\/v2\/product\/34591"}],"collection":[{"href":"https:\/\/pistonaddict.com\/hr\/wp-json\/wp\/v2\/product"}],"about":[{"href":"https:\/\/pistonaddict.com\/hr\/wp-json\/wp\/v2\/types\/product"}],"replies":[{"embeddable":true,"href":"https:\/\/pistonaddict.com\/hr\/wp-json\/wp\/v2\/comments?post=34591"}],"wp:featuredmedia":[{"embeddable":true,"href":"https:\/\/pistonaddict.com\/hr\/wp-json\/wp\/v2\/media\/34078"}],"wp:attachment":[{"href":"https:\/\/pistonaddict.com\/hr\/wp-json\/wp\/v2\/media?parent=34591"}],"wp:term":[{"taxonomy":"product_cat","embeddable":true,"href":"https:\/\/pistonaddict.com\/hr\/wp-json\/wp\/v2\/product_cat?post=34591"},{"taxonomy":"product_tag","embeddable":true,"href":"https:\/\/pistonaddict.com\/hr\/wp-json\/wp\/v2\/product_tag?post=34591"}],"curies":[{"name":"wp","href":"https:\/\/api.w.org\/{rel}","templated":true}]}}