{"id":34036,"date":"2023-04-19T10:37:02","date_gmt":"2023-04-19T08:37:02","guid":{"rendered":"https:\/\/pistonaddict.com\/product\/porsche-gt3-touring\/"},"modified":"2024-03-19T17:27:19","modified_gmt":"2024-03-19T16:27:19","slug":"porsche-gt3-touring","status":"publish","type":"product","link":"https:\/\/pistonaddict.com\/hr\/product\/porsche-gt3-touring\/","title":{"rendered":"Porsche GT3 Touring"},"content":{"rendered":"<h2>Vanjski<\/h2>\n<p>Izvana, ovaj sivi Touring model dijeli ve\u0107inu dizajnerskih detalja s modelom 911 RS3 na kojem se temelji. To uklju\u010duje ksenonska prednja svjetla s LED svjetlima, velike usisnike zraka sprijeda i pro\u0161irene plo\u010de karoserije i odbojnike. Ali ono u \u010demu se ova dva automobila razlikuju je masivno krilo na stra\u017enjoj strani, ili njegovo o\u010dito odsustvo, kod Touringa. Umjesto toga, ovaj model ima uvla\u010divi stra\u017enji spojler, koji se razvija pri 75 MPH kako bi pru\u017eio dodatnu potisnu silu. Me\u0111utim, spojler je uvu\u010den i u ravnini sa siluetom automobila pri malim brzinama, daju\u0107i mu elegantan i aerodinami\u010dan izgled. Ovaj Porsche ima tvorni\u010dke felge od 19 in\u010da i gume Dunlop Sport Maxx Race 2, koje mu savr\u0161eno pristaju.<\/p>\n<h2>Unutra\u0161njost<\/h2>\n<p>Iznutra, ovaj Porsche ima par laganih \u0161koljkastih sjedala obu\u010denih u crnu ko\u017eu s umetcima od tamnosive tkanine. \u017duti sigurnosni pojasevi lijep su detalj koji unutra\u0161njosti daje \u017eivopisniji izgled. Za razliku od <em>obi\u010dne<\/em> 911-ice, straga nema sjedala. Kada u\u0111e unutra, voza\u010d \u0107e prona\u0107i ko\u017eni upravlja\u010d s tri kraka i Porscheovu prepoznatljivu instrument plo\u010du iza njega. To uklju\u010duje sredi\u0161nji broja\u010d okretaja koji ide do 10.000 okretaja u minuti, brzinomjer i jo\u0161 nekoliko mjera\u010da. Konzolom u sredini dominira veliki zaslon osjetljiv na dodir s integriranim stereom, zaslonom rezervne kamere i navigacijom. Na kraju, kao i ve\u0107ina drugih GT3 modela, ovaj Porsche ima \u0161topericu na vrhu plo\u010de s instrumentima, koja je korisna pri mjerenju vremena.<\/p>\n<h2>Mehanika<\/h2>\n<p>Unato\u010d tome \u0161to se \u010dini kao le\u017eeran model, ovaj Touring jo\u0161 uvijek je dio presti\u017ene serije GT3. To zna\u010di da ima isti 4,0-litreni, atmosferski ravno-\u0161est motor koji razvija 500 konjskih snaga i 469 Nm okretnog momenta. Ali za razliku od ve\u0107ine modela GT3, koji koriste automatske mjenja\u010de s dvostrukom spojkom, ovaj automobil ima tradicionalniji ru\u010dni mjenja\u010d sa \u0161est stupnjeva prijenosa. Snaga se \u0161alje na stra\u017enje kota\u010de kroz diferencijal s ograni\u010denim proklizavanjem, \u0161to pobolj\u0161ava trakciju, posebno u skliskim uvjetima. Uz sve to, ovaj Porsche od 0 do 60 ubrzava za samo 3,4 sekunde i ima najve\u0107u brzinu od 196 MPH. A kada se treba zaustaviti, goleme ko\u010dnice osigurat \u0107e da se to u\u010dini na najkra\u0107oj mogu\u0107oj udaljenosti.<\/p>\n<h2>Povijest vozila<\/h2>\n<p>Ovaj konkretni 911 GT3 Touring Porsche je izradio po mjeri za jednog od svojih VIP klijenata, koji ga je naru\u010dio kao dio \u0161ire kolekcije. Unato\u010d tome \u0161to je u Ujedinjenom Kraljevstvu, ovo je model s volanom na lijevoj strani i luksembur\u0161kim registarskim oznakama. Zadnji servis imao je prije samo nekoliko mjeseci, u velja\u010di, i sada je potpuno spreman za izlazak na cestu.<\/p>\n","protected":false},"excerpt":{"rendered":"<p>Ovaj Porsche 911 GT3 Touring bit \u0107e savr\u0161en za nekoga tko tra\u017ei elegantan i ugla\u0111en automobil koji mo\u017ee pru\u017eiti vrhunske performanse. Iako izvana mo\u017ee izgledati suptilno &#8211; ili \u010dak neupadljivo &#8211; ovaj coupe s 2 vrata je pravi \u010distokrvni trka\u010d. I kao takav, jednako je dobar dok krstarite autocestom ili minirate na stazi. Napravljen 2018. kao jedan od posljednjih automobila u seriji 991.2, ovaj Porsche je pre\u0161ao samo 1400 milja. Nadalje, prodava\u010d ka\u017ee da je nedavno servisiran i opisuje ga <em>kao novog<\/em> .<\/p>\n","protected":false},"featured_media":33479,"comment_status":"open","ping_status":"closed","template":"","meta":{"inline_featured_image":false},"product_cat":[722],"product_tag":[1281,917,1160,793],"acf":[],"yoast_head":"<!-- This site is optimized with the Yoast SEO plugin v22.5 - https:\/\/yoast.com\/wordpress\/plugins\/seo\/ -->\n<title>Porsche GT3 Touring aukcija - Piston Addict<\/title>\n<meta name=\"description\" content=\"Pogledajte ovaj Porsche GT3 Touring za aukcijsku prodaju na PistonAddict.com s automatskim mjenja\u010dem i samo 1414 milja.\" \/>\n<meta name=\"robots\" content=\"index, follow, max-snippet:-1, max-image-preview:large, max-video-preview:-1\" \/>\n<link rel=\"canonical\" href=\"https:\/\/pistonaddict.com\/hr\/product\/porsche-gt3-touring\/\" \/>\n<meta property=\"og:locale\" content=\"hr_HR\" \/>\n<meta property=\"og:type\" content=\"article\" \/>\n<meta property=\"og:title\" content=\"Porsche GT3 Touring aukcija - Piston Addict\" \/>\n<meta property=\"og:description\" content=\"Pogledajte ovaj Porsche GT3 Touring za aukcijsku prodaju na PistonAddict.com s automatskim mjenja\u010dem i samo 1414 milja.\" \/>\n<meta property=\"og:url\" content=\"https:\/\/pistonaddict.com\/hr\/product\/porsche-gt3-touring\/\" \/>\n<meta property=\"og:site_name\" content=\"Piston Addict\" \/>\n<meta property=\"article:modified_time\" content=\"2024-03-19T16:27:19+00:00\" \/>\n<meta property=\"og:image\" content=\"https:\/\/pistonaddict.com\/wp-content\/uploads\/2023\/04\/LuxurycarLondonApril11PistonAddict_0868-2-scaled.jpg\" \/>\n\t<meta property=\"og:image:width\" content=\"2560\" \/>\n\t<meta property=\"og:image:height\" content=\"1673\" \/>\n\t<meta property=\"og:image:type\" content=\"image\/jpeg\" \/>\n<meta name=\"twitter:card\" content=\"summary_large_image\" \/>\n<meta name=\"twitter:label1\" content=\"Procijenjeno vrijeme \u010ditanja\" \/>\n\t<meta name=\"twitter:data1\" content=\"2 minute\" \/>\n<script type=\"application\/ld+json\" class=\"yoast-schema-graph\">{\"@context\":\"https:\/\/schema.org\",\"@graph\":[{\"@type\":\"WebPage\",\"@id\":\"https:\/\/pistonaddict.com\/hr\/product\/porsche-gt3-touring\/\",\"url\":\"https:\/\/pistonaddict.com\/hr\/product\/porsche-gt3-touring\/\",\"name\":\"Porsche GT3 Touring aukcija - Piston Addict\",\"isPartOf\":{\"@id\":\"https:\/\/pistonaddict.com\/hr\/#website\"},\"primaryImageOfPage\":{\"@id\":\"https:\/\/pistonaddict.com\/hr\/product\/porsche-gt3-touring\/#primaryimage\"},\"image\":{\"@id\":\"https:\/\/pistonaddict.com\/hr\/product\/porsche-gt3-touring\/#primaryimage\"},\"thumbnailUrl\":\"https:\/\/pistonaddict.com\/wp-content\/uploads\/2023\/04\/LuxurycarLondonApril11PistonAddict_0868-2-scaled.jpg\",\"datePublished\":\"2023-04-19T08:37:02+00:00\",\"dateModified\":\"2024-03-19T16:27:19+00:00\",\"description\":\"Pogledajte ovaj Porsche GT3 Touring za aukcijsku prodaju na PistonAddict.com s automatskim mjenja\u010dem i samo 1414 milja.\",\"breadcrumb\":{\"@id\":\"https:\/\/pistonaddict.com\/hr\/product\/porsche-gt3-touring\/#breadcrumb\"},\"inLanguage\":\"hr\",\"potentialAction\":[{\"@type\":\"ReadAction\",\"target\":[\"https:\/\/pistonaddict.com\/hr\/product\/porsche-gt3-touring\/\"]}]},{\"@type\":\"ImageObject\",\"inLanguage\":\"hr\",\"@id\":\"https:\/\/pistonaddict.com\/hr\/product\/porsche-gt3-touring\/#primaryimage\",\"url\":\"https:\/\/pistonaddict.com\/wp-content\/uploads\/2023\/04\/LuxurycarLondonApril11PistonAddict_0868-2-scaled.jpg\",\"contentUrl\":\"https:\/\/pistonaddict.com\/wp-content\/uploads\/2023\/04\/LuxurycarLondonApril11PistonAddict_0868-2-scaled.jpg\",\"width\":2560,\"height\":1673},{\"@type\":\"BreadcrumbList\",\"@id\":\"https:\/\/pistonaddict.com\/hr\/product\/porsche-gt3-touring\/#breadcrumb\",\"itemListElement\":[{\"@type\":\"ListItem\",\"position\":1,\"name\":\"Po\u010detna stranica\",\"item\":\"https:\/\/pistonaddict.com\/hr\/pocetna-stranica-2\/\"},{\"@type\":\"ListItem\",\"position\":2,\"name\":\"Auctions\",\"item\":\"https:\/\/pistonaddict.com\/auctions-listing\/\"},{\"@type\":\"ListItem\",\"position\":3,\"name\":\"Porsche GT3 Touring\"}]},{\"@type\":\"WebSite\",\"@id\":\"https:\/\/pistonaddict.com\/hr\/#website\",\"url\":\"https:\/\/pistonaddict.com\/hr\/\",\"name\":\"Piston Addict\",\"description\":\"Only interesting vehicles\",\"publisher\":{\"@id\":\"https:\/\/pistonaddict.com\/hr\/#organization\"},\"potentialAction\":[{\"@type\":\"SearchAction\",\"target\":{\"@type\":\"EntryPoint\",\"urlTemplate\":\"https:\/\/pistonaddict.com\/hr\/?s={search_term_string}\"},\"query-input\":\"required name=search_term_string\"}],\"inLanguage\":\"hr\"},{\"@type\":\"Organization\",\"@id\":\"https:\/\/pistonaddict.com\/hr\/#organization\",\"name\":\"Piston Addict\",\"url\":\"https:\/\/pistonaddict.com\/hr\/\",\"logo\":{\"@type\":\"ImageObject\",\"inLanguage\":\"hr\",\"@id\":\"https:\/\/pistonaddict.com\/hr\/#\/schema\/logo\/image\/\",\"url\":\"https:\/\/pistonaddict.com\/wp-content\/uploads\/2022\/07\/logo-6.png\",\"contentUrl\":\"https:\/\/pistonaddict.com\/wp-content\/uploads\/2022\/07\/logo-6.png\",\"width\":970,\"height\":200,\"caption\":\"Piston Addict\"},\"image\":{\"@id\":\"https:\/\/pistonaddict.com\/hr\/#\/schema\/logo\/image\/\"}}]}<\/script>\n<!-- \/ Yoast SEO plugin. -->","yoast_head_json":{"title":"Porsche GT3 Touring aukcija - Piston Addict","description":"Pogledajte ovaj Porsche GT3 Touring za aukcijsku prodaju na PistonAddict.com s automatskim mjenja\u010dem i samo 1414 milja.","robots":{"index":"index","follow":"follow","max-snippet":"max-snippet:-1","max-image-preview":"max-image-preview:large","max-video-preview":"max-video-preview:-1"},"canonical":"https:\/\/pistonaddict.com\/hr\/product\/porsche-gt3-touring\/","og_locale":"hr_HR","og_type":"article","og_title":"Porsche GT3 Touring aukcija - Piston Addict","og_description":"Pogledajte ovaj Porsche GT3 Touring za aukcijsku prodaju na PistonAddict.com s automatskim mjenja\u010dem i samo 1414 milja.","og_url":"https:\/\/pistonaddict.com\/hr\/product\/porsche-gt3-touring\/","og_site_name":"Piston Addict","article_modified_time":"2024-03-19T16:27:19+00:00","og_image":[{"width":2560,"height":1673,"url":"https:\/\/pistonaddict.com\/wp-content\/uploads\/2023\/04\/LuxurycarLondonApril11PistonAddict_0868-2-scaled.jpg","type":"image\/jpeg"}],"twitter_card":"summary_large_image","twitter_misc":{"Procijenjeno vrijeme \u010ditanja":"2 minute"},"schema":{"@context":"https:\/\/schema.org","@graph":[{"@type":"WebPage","@id":"https:\/\/pistonaddict.com\/hr\/product\/porsche-gt3-touring\/","url":"https:\/\/pistonaddict.com\/hr\/product\/porsche-gt3-touring\/","name":"Porsche GT3 Touring aukcija - Piston Addict","isPartOf":{"@id":"https:\/\/pistonaddict.com\/hr\/#website"},"primaryImageOfPage":{"@id":"https:\/\/pistonaddict.com\/hr\/product\/porsche-gt3-touring\/#primaryimage"},"image":{"@id":"https:\/\/pistonaddict.com\/hr\/product\/porsche-gt3-touring\/#primaryimage"},"thumbnailUrl":"https:\/\/pistonaddict.com\/wp-content\/uploads\/2023\/04\/LuxurycarLondonApril11PistonAddict_0868-2-scaled.jpg","datePublished":"2023-04-19T08:37:02+00:00","dateModified":"2024-03-19T16:27:19+00:00","description":"Pogledajte ovaj Porsche GT3 Touring za aukcijsku prodaju na PistonAddict.com s automatskim mjenja\u010dem i samo 1414 milja.","breadcrumb":{"@id":"https:\/\/pistonaddict.com\/hr\/product\/porsche-gt3-touring\/#breadcrumb"},"inLanguage":"hr","potentialAction":[{"@type":"ReadAction","target":["https:\/\/pistonaddict.com\/hr\/product\/porsche-gt3-touring\/"]}]},{"@type":"ImageObject","inLanguage":"hr","@id":"https:\/\/pistonaddict.com\/hr\/product\/porsche-gt3-touring\/#primaryimage","url":"https:\/\/pistonaddict.com\/wp-content\/uploads\/2023\/04\/LuxurycarLondonApril11PistonAddict_0868-2-scaled.jpg","contentUrl":"https:\/\/pistonaddict.com\/wp-content\/uploads\/2023\/04\/LuxurycarLondonApril11PistonAddict_0868-2-scaled.jpg","width":2560,"height":1673},{"@type":"BreadcrumbList","@id":"https:\/\/pistonaddict.com\/hr\/product\/porsche-gt3-touring\/#breadcrumb","itemListElement":[{"@type":"ListItem","position":1,"name":"Po\u010detna stranica","item":"https:\/\/pistonaddict.com\/hr\/pocetna-stranica-2\/"},{"@type":"ListItem","position":2,"name":"Auctions","item":"https:\/\/pistonaddict.com\/auctions-listing\/"},{"@type":"ListItem","position":3,"name":"Porsche GT3 Touring"}]},{"@type":"WebSite","@id":"https:\/\/pistonaddict.com\/hr\/#website","url":"https:\/\/pistonaddict.com\/hr\/","name":"Piston Addict","description":"Only interesting vehicles","publisher":{"@id":"https:\/\/pistonaddict.com\/hr\/#organization"},"potentialAction":[{"@type":"SearchAction","target":{"@type":"EntryPoint","urlTemplate":"https:\/\/pistonaddict.com\/hr\/?s={search_term_string}"},"query-input":"required name=search_term_string"}],"inLanguage":"hr"},{"@type":"Organization","@id":"https:\/\/pistonaddict.com\/hr\/#organization","name":"Piston Addict","url":"https:\/\/pistonaddict.com\/hr\/","logo":{"@type":"ImageObject","inLanguage":"hr","@id":"https:\/\/pistonaddict.com\/hr\/#\/schema\/logo\/image\/","url":"https:\/\/pistonaddict.com\/wp-content\/uploads\/2022\/07\/logo-6.png","contentUrl":"https:\/\/pistonaddict.com\/wp-content\/uploads\/2022\/07\/logo-6.png","width":970,"height":200,"caption":"Piston Addict"},"image":{"@id":"https:\/\/pistonaddict.com\/hr\/#\/schema\/logo\/image\/"}}]}},"_links":{"self":[{"href":"https:\/\/pistonaddict.com\/hr\/wp-json\/wp\/v2\/product\/34036"}],"collection":[{"href":"https:\/\/pistonaddict.com\/hr\/wp-json\/wp\/v2\/product"}],"about":[{"href":"https:\/\/pistonaddict.com\/hr\/wp-json\/wp\/v2\/types\/product"}],"replies":[{"embeddable":true,"href":"https:\/\/pistonaddict.com\/hr\/wp-json\/wp\/v2\/comments?post=34036"}],"wp:featuredmedia":[{"embeddable":true,"href":"https:\/\/pistonaddict.com\/hr\/wp-json\/wp\/v2\/media\/33479"}],"wp:attachment":[{"href":"https:\/\/pistonaddict.com\/hr\/wp-json\/wp\/v2\/media?parent=34036"}],"wp:term":[{"taxonomy":"product_cat","embeddable":true,"href":"https:\/\/pistonaddict.com\/hr\/wp-json\/wp\/v2\/product_cat?post=34036"},{"taxonomy":"product_tag","embeddable":true,"href":"https:\/\/pistonaddict.com\/hr\/wp-json\/wp\/v2\/product_tag?post=34036"}],"curies":[{"name":"wp","href":"https:\/\/api.w.org\/{rel}","templated":true}]}}