{"id":33357,"date":"2023-04-19T09:41:30","date_gmt":"2023-04-19T07:41:30","guid":{"rendered":"https:\/\/pistonaddict.com\/product\/jensen-interceptor\/"},"modified":"2024-03-19T17:48:36","modified_gmt":"2024-03-19T16:48:36","slug":"jensen-presretac","status":"publish","type":"product","link":"https:\/\/pistonaddict.com\/hr\/product\/jensen-presretac\/","title":{"rendered":"Jensen Interceptor R Mk3"},"content":{"rendered":"<p><strong>Povijest automobila<\/strong><\/p>\n<p>Ovaj Jensen Interceptor isporu\u010den je izvornom vlasniku u o\u017eujku 1972. Pokretao ga je masivni 440 CID Chrysler V8 motor koji je pumpao samo 280 KS zbog tada\u0161njih poo\u0161travanja standarda emisije. Modeli Mk3 (predstavljeni 1971.) bili su poznati po rasko\u0161nim interijerima, dugom popisu standardne opreme i glatkoj dinamici vo\u017enje. Me\u0111utim, kako je ve\u0107ina Interceptora nastavila \u017eivjeti svoj \u017eivot kao dio klasi\u010dnih kolekcija automobila, ovaj je primjerak dobio opse\u017enu preobrazbu, novi \u017eivot i golemu nadogradnju snage. Transformiraju\u0107i ga iz krstarice iz 70-ih u sna\u017ean stroj iz 21. stolje\u0107a, spreman iznenaditi vlasnike Porschea na autocesti. Britanska tvrtka JIR izvela je potpunu transformaciju zadr\u017eavaju\u0107i izvorne linije, ali opse\u017eno unaprije\u0111uju\u0107i mehaniku.<\/p>\n<p><strong>Stanje automobila<\/strong><\/p>\n<p>S manje od 10.000 milja od potpunog rekonstruiranja, ovaj Jensen Interceptor R u cijelosti je u besprijekornom stanju. Budu\u0107i da je ovo vrhunski primjer uspje\u0161nog restomoda, specifikacije su posebno zanimljive. Tro\u0161kovi izgradnje ovog automobila prema\u0161ili su 200.000 funti, tako da je popis modifikacija, prilago\u0111enih komponenti i jedinstvenih dijelova opse\u017ean. Upravo se ovaj Interceptor R smatra najrazvijenijim Jensenom na svijetu. Ispod haube je 6,2-litreni V8 iz Corvette ZR1, koji isporu\u010duje preko 600 KS i \u0161alje snagu na stra\u017enje kota\u010de putem 6-stupanjskog automatskog mjenja\u010da. Takva snaga zahtijevala je set AP ko\u010dnica, revidirani ovjes i jo\u0161 mnogo toga. Rezultat je fantasti\u010dan stroj koji mo\u017ee prije\u0107i 100 km za ne\u0161to vi\u0161e od 4 sekunde i udobno krstariti velikim brzinama.<\/p>\n<p><strong>Unutra\u0161njost<\/strong><\/p>\n<p>U unutra\u0161njosti, skromnost je bila klju\u010dna s klasi\u010dnim rasporedom plo\u010de i opremom, ali s nadogra\u0111enim sjedalima, tehnologijom i presvlakama od najfinije ko\u017ee. Bordo boja savr\u0161eno pristaje uz dvobojnu vanj\u0161tinu. Vlasnici klasi\u010dnih Jensena rekli bi vam da su ti automobili imali lukavu elektroniku i \u010desto slo\u017eene sustave kada su bili novi. Sre\u0107om, ovaj je primjer imao koristi od potpunog preure\u0111enja, modernih komponenti, zna\u010dajki, radne klime i vrhunskog audio sustava.<\/p>\n<p><strong>Vanjski izgled i kota\u010di<\/strong><\/p>\n<p>Zavr\u0161en u elegantnoj, dvobojnoj kombinaciji, ovaj Interceptor R iz 1972. izgleda prili\u010dno staro, ali \u010dim pogledate detalje, vidjet \u0107ete da je sve samo ne. Kota\u010di su izra\u0111eni po narud\u017ebi i vrlo su sli\u010dni izvornom dizajnu, ali su \u0161iri i ve\u0107i. Dodan je bo\u010dni otvor za hla\u0111enje sna\u017enog motora, a diskretno su dodane razli\u010dite re\u0161etke i oznake. Oni koji znaju pone\u0161to o klasi\u010dnim Interceptorima znaju da su ti automobili bili podlo\u017eni hr\u0111i, ali ovaj je primjerak, nakon svih ulo\u017eenih radova, prakti\u010dki novo vozilo bez ikakvih problema.<\/p>\n<p><strong> Dokumentacija<\/strong><\/p>\n<p>Ovo je vozilo u privatnom vlasni\u0161tvu s odgovaraju\u0107om dokumentacijom koje se nalazi u Londonu, UK. CarVertical izvje\u0161\u0107e je \u010disto; ne postoje dokazi o nesre\u0107ama, popravci nesre\u0107e ili pravni problemi. O redovitom odr\u017eavanju postoji evidencija. Budu\u0107i vlasnici bi \u017eeljeli znati da je ovaj konkretan primjerak automobila slavnih, koji je testirao slavni Jeremy Clarkson i prikazan u Top Gearu 2011.\/2012.<\/p>\n","protected":false},"excerpt":{"rendered":"<p>Iako ovaj prekrasni Interceptor izvana izgleda prili\u010dno dobro, ima jednu uzbudljivu tajnu. Superpunjeni V8 motor sa 600 KS i nevjerojatnim performansama umotan u jedan od najljep\u0161ih dizajna 70-ih. Ovo je pravi britanski restomod GT s ameri\u010dkim srcem, spreman pobje\u0107i svemu \u0161to mu se na\u0111e na putu.<\/p>\n","protected":false},"featured_media":32661,"comment_status":"open","ping_status":"closed","template":"","meta":{"inline_featured_image":false},"product_cat":[722],"product_tag":[1267,917,1129,1130],"acf":[],"yoast_head":"<!-- This site is optimized with the Yoast SEO plugin v22.5 - https:\/\/yoast.com\/wordpress\/plugins\/seo\/ -->\n<title>Jensen Interceptor R Mk3 aukcija - Piston Addict<\/title>\n<meta name=\"description\" content=\"Pogledajte ovaj Jensen Interceptor R MK3 za aukcijsku prodaju na PistonAddict.com\" \/>\n<meta name=\"robots\" content=\"index, follow, max-snippet:-1, max-image-preview:large, max-video-preview:-1\" \/>\n<link rel=\"canonical\" href=\"https:\/\/pistonaddict.com\/hr\/product\/jensen-presretac\/\" \/>\n<meta property=\"og:locale\" content=\"hr_HR\" \/>\n<meta property=\"og:type\" content=\"article\" \/>\n<meta property=\"og:title\" content=\"Jensen Interceptor R Mk3 aukcija - Piston Addict\" \/>\n<meta property=\"og:description\" content=\"Pogledajte ovaj Jensen Interceptor R MK3 za aukcijsku prodaju na PistonAddict.com\" \/>\n<meta property=\"og:url\" content=\"https:\/\/pistonaddict.com\/hr\/product\/jensen-presretac\/\" \/>\n<meta property=\"og:site_name\" content=\"Piston Addict\" \/>\n<meta property=\"article:modified_time\" content=\"2024-03-19T16:48:36+00:00\" \/>\n<meta property=\"og:image\" content=\"https:\/\/pistonaddict.com\/wp-content\/uploads\/2023\/04\/LuxurycarLondonApril11PistonAddict_0906-scaled.jpg\" \/>\n\t<meta property=\"og:image:width\" content=\"2560\" \/>\n\t<meta property=\"og:image:height\" content=\"1505\" \/>\n\t<meta property=\"og:image:type\" content=\"image\/jpeg\" \/>\n<meta name=\"twitter:card\" content=\"summary_large_image\" \/>\n<meta name=\"twitter:label1\" content=\"Procijenjeno vrijeme \u010ditanja\" \/>\n\t<meta name=\"twitter:data1\" content=\"3 minute\" \/>\n<script type=\"application\/ld+json\" class=\"yoast-schema-graph\">{\"@context\":\"https:\/\/schema.org\",\"@graph\":[{\"@type\":\"WebPage\",\"@id\":\"https:\/\/pistonaddict.com\/hr\/product\/jensen-presretac\/\",\"url\":\"https:\/\/pistonaddict.com\/hr\/product\/jensen-presretac\/\",\"name\":\"Jensen Interceptor R Mk3 aukcija - Piston Addict\",\"isPartOf\":{\"@id\":\"https:\/\/pistonaddict.com\/hr\/#website\"},\"primaryImageOfPage\":{\"@id\":\"https:\/\/pistonaddict.com\/hr\/product\/jensen-presretac\/#primaryimage\"},\"image\":{\"@id\":\"https:\/\/pistonaddict.com\/hr\/product\/jensen-presretac\/#primaryimage\"},\"thumbnailUrl\":\"https:\/\/pistonaddict.com\/wp-content\/uploads\/2023\/04\/LuxurycarLondonApril11PistonAddict_0906-scaled.jpg\",\"datePublished\":\"2023-04-19T07:41:30+00:00\",\"dateModified\":\"2024-03-19T16:48:36+00:00\",\"description\":\"Pogledajte ovaj Jensen Interceptor R MK3 za aukcijsku prodaju na PistonAddict.com\",\"breadcrumb\":{\"@id\":\"https:\/\/pistonaddict.com\/hr\/product\/jensen-presretac\/#breadcrumb\"},\"inLanguage\":\"hr\",\"potentialAction\":[{\"@type\":\"ReadAction\",\"target\":[\"https:\/\/pistonaddict.com\/hr\/product\/jensen-presretac\/\"]}]},{\"@type\":\"ImageObject\",\"inLanguage\":\"hr\",\"@id\":\"https:\/\/pistonaddict.com\/hr\/product\/jensen-presretac\/#primaryimage\",\"url\":\"https:\/\/pistonaddict.com\/wp-content\/uploads\/2023\/04\/LuxurycarLondonApril11PistonAddict_0906-scaled.jpg\",\"contentUrl\":\"https:\/\/pistonaddict.com\/wp-content\/uploads\/2023\/04\/LuxurycarLondonApril11PistonAddict_0906-scaled.jpg\",\"width\":2560,\"height\":1505},{\"@type\":\"BreadcrumbList\",\"@id\":\"https:\/\/pistonaddict.com\/hr\/product\/jensen-presretac\/#breadcrumb\",\"itemListElement\":[{\"@type\":\"ListItem\",\"position\":1,\"name\":\"Po\u010detna stranica\",\"item\":\"https:\/\/pistonaddict.com\/hr\/pocetna-stranica-2\/\"},{\"@type\":\"ListItem\",\"position\":2,\"name\":\"Auctions\",\"item\":\"https:\/\/pistonaddict.com\/auctions-listing\/\"},{\"@type\":\"ListItem\",\"position\":3,\"name\":\"Jensen Interceptor R Mk3\"}]},{\"@type\":\"WebSite\",\"@id\":\"https:\/\/pistonaddict.com\/hr\/#website\",\"url\":\"https:\/\/pistonaddict.com\/hr\/\",\"name\":\"Piston Addict\",\"description\":\"Only interesting vehicles\",\"publisher\":{\"@id\":\"https:\/\/pistonaddict.com\/hr\/#organization\"},\"potentialAction\":[{\"@type\":\"SearchAction\",\"target\":{\"@type\":\"EntryPoint\",\"urlTemplate\":\"https:\/\/pistonaddict.com\/hr\/?s={search_term_string}\"},\"query-input\":\"required name=search_term_string\"}],\"inLanguage\":\"hr\"},{\"@type\":\"Organization\",\"@id\":\"https:\/\/pistonaddict.com\/hr\/#organization\",\"name\":\"Piston Addict\",\"url\":\"https:\/\/pistonaddict.com\/hr\/\",\"logo\":{\"@type\":\"ImageObject\",\"inLanguage\":\"hr\",\"@id\":\"https:\/\/pistonaddict.com\/hr\/#\/schema\/logo\/image\/\",\"url\":\"https:\/\/pistonaddict.com\/wp-content\/uploads\/2022\/07\/logo-6.png\",\"contentUrl\":\"https:\/\/pistonaddict.com\/wp-content\/uploads\/2022\/07\/logo-6.png\",\"width\":970,\"height\":200,\"caption\":\"Piston Addict\"},\"image\":{\"@id\":\"https:\/\/pistonaddict.com\/hr\/#\/schema\/logo\/image\/\"}}]}<\/script>\n<!-- \/ Yoast SEO plugin. -->","yoast_head_json":{"title":"Jensen Interceptor R Mk3 aukcija - Piston Addict","description":"Pogledajte ovaj Jensen Interceptor R MK3 za aukcijsku prodaju na PistonAddict.com","robots":{"index":"index","follow":"follow","max-snippet":"max-snippet:-1","max-image-preview":"max-image-preview:large","max-video-preview":"max-video-preview:-1"},"canonical":"https:\/\/pistonaddict.com\/hr\/product\/jensen-presretac\/","og_locale":"hr_HR","og_type":"article","og_title":"Jensen Interceptor R Mk3 aukcija - Piston Addict","og_description":"Pogledajte ovaj Jensen Interceptor R MK3 za aukcijsku prodaju na PistonAddict.com","og_url":"https:\/\/pistonaddict.com\/hr\/product\/jensen-presretac\/","og_site_name":"Piston Addict","article_modified_time":"2024-03-19T16:48:36+00:00","og_image":[{"width":2560,"height":1505,"url":"https:\/\/pistonaddict.com\/wp-content\/uploads\/2023\/04\/LuxurycarLondonApril11PistonAddict_0906-scaled.jpg","type":"image\/jpeg"}],"twitter_card":"summary_large_image","twitter_misc":{"Procijenjeno vrijeme \u010ditanja":"3 minute"},"schema":{"@context":"https:\/\/schema.org","@graph":[{"@type":"WebPage","@id":"https:\/\/pistonaddict.com\/hr\/product\/jensen-presretac\/","url":"https:\/\/pistonaddict.com\/hr\/product\/jensen-presretac\/","name":"Jensen Interceptor R Mk3 aukcija - Piston Addict","isPartOf":{"@id":"https:\/\/pistonaddict.com\/hr\/#website"},"primaryImageOfPage":{"@id":"https:\/\/pistonaddict.com\/hr\/product\/jensen-presretac\/#primaryimage"},"image":{"@id":"https:\/\/pistonaddict.com\/hr\/product\/jensen-presretac\/#primaryimage"},"thumbnailUrl":"https:\/\/pistonaddict.com\/wp-content\/uploads\/2023\/04\/LuxurycarLondonApril11PistonAddict_0906-scaled.jpg","datePublished":"2023-04-19T07:41:30+00:00","dateModified":"2024-03-19T16:48:36+00:00","description":"Pogledajte ovaj Jensen Interceptor R MK3 za aukcijsku prodaju na PistonAddict.com","breadcrumb":{"@id":"https:\/\/pistonaddict.com\/hr\/product\/jensen-presretac\/#breadcrumb"},"inLanguage":"hr","potentialAction":[{"@type":"ReadAction","target":["https:\/\/pistonaddict.com\/hr\/product\/jensen-presretac\/"]}]},{"@type":"ImageObject","inLanguage":"hr","@id":"https:\/\/pistonaddict.com\/hr\/product\/jensen-presretac\/#primaryimage","url":"https:\/\/pistonaddict.com\/wp-content\/uploads\/2023\/04\/LuxurycarLondonApril11PistonAddict_0906-scaled.jpg","contentUrl":"https:\/\/pistonaddict.com\/wp-content\/uploads\/2023\/04\/LuxurycarLondonApril11PistonAddict_0906-scaled.jpg","width":2560,"height":1505},{"@type":"BreadcrumbList","@id":"https:\/\/pistonaddict.com\/hr\/product\/jensen-presretac\/#breadcrumb","itemListElement":[{"@type":"ListItem","position":1,"name":"Po\u010detna stranica","item":"https:\/\/pistonaddict.com\/hr\/pocetna-stranica-2\/"},{"@type":"ListItem","position":2,"name":"Auctions","item":"https:\/\/pistonaddict.com\/auctions-listing\/"},{"@type":"ListItem","position":3,"name":"Jensen Interceptor R Mk3"}]},{"@type":"WebSite","@id":"https:\/\/pistonaddict.com\/hr\/#website","url":"https:\/\/pistonaddict.com\/hr\/","name":"Piston Addict","description":"Only interesting vehicles","publisher":{"@id":"https:\/\/pistonaddict.com\/hr\/#organization"},"potentialAction":[{"@type":"SearchAction","target":{"@type":"EntryPoint","urlTemplate":"https:\/\/pistonaddict.com\/hr\/?s={search_term_string}"},"query-input":"required name=search_term_string"}],"inLanguage":"hr"},{"@type":"Organization","@id":"https:\/\/pistonaddict.com\/hr\/#organization","name":"Piston Addict","url":"https:\/\/pistonaddict.com\/hr\/","logo":{"@type":"ImageObject","inLanguage":"hr","@id":"https:\/\/pistonaddict.com\/hr\/#\/schema\/logo\/image\/","url":"https:\/\/pistonaddict.com\/wp-content\/uploads\/2022\/07\/logo-6.png","contentUrl":"https:\/\/pistonaddict.com\/wp-content\/uploads\/2022\/07\/logo-6.png","width":970,"height":200,"caption":"Piston Addict"},"image":{"@id":"https:\/\/pistonaddict.com\/hr\/#\/schema\/logo\/image\/"}}]}},"_links":{"self":[{"href":"https:\/\/pistonaddict.com\/hr\/wp-json\/wp\/v2\/product\/33357"}],"collection":[{"href":"https:\/\/pistonaddict.com\/hr\/wp-json\/wp\/v2\/product"}],"about":[{"href":"https:\/\/pistonaddict.com\/hr\/wp-json\/wp\/v2\/types\/product"}],"replies":[{"embeddable":true,"href":"https:\/\/pistonaddict.com\/hr\/wp-json\/wp\/v2\/comments?post=33357"}],"wp:featuredmedia":[{"embeddable":true,"href":"https:\/\/pistonaddict.com\/hr\/wp-json\/wp\/v2\/media\/32661"}],"wp:attachment":[{"href":"https:\/\/pistonaddict.com\/hr\/wp-json\/wp\/v2\/media?parent=33357"}],"wp:term":[{"taxonomy":"product_cat","embeddable":true,"href":"https:\/\/pistonaddict.com\/hr\/wp-json\/wp\/v2\/product_cat?post=33357"},{"taxonomy":"product_tag","embeddable":true,"href":"https:\/\/pistonaddict.com\/hr\/wp-json\/wp\/v2\/product_tag?post=33357"}],"curies":[{"name":"wp","href":"https:\/\/api.w.org\/{rel}","templated":true}]}}