{"id":32593,"date":"2023-04-18T18:05:14","date_gmt":"2023-04-18T16:05:14","guid":{"rendered":"https:\/\/pistonaddict.com\/product\/maserati-ghibli-ss-49-litara\/"},"modified":"2024-03-19T17:37:17","modified_gmt":"2024-03-19T16:37:17","slug":"maserati-ghibli-ss-49-lit","status":"publish","type":"product","link":"https:\/\/pistonaddict.com\/hr\/product\/maserati-ghibli-ss-49-lit\/","title":{"rendered":"Maserati Ghibli SS 4,9 litara"},"content":{"rendered":"<h2>Vanjski<\/h2>\n<p>Automobil koji se prodaje na ovoj dra\u017ebi plave je boje i ima atraktivna prednja svjetla koja se otvaraju. Ali ono \u0161to \u010dini ovaj Sypder tako privla\u010dnim i privla\u010dnim je njegova elegantna silueta. Dizajnirao ga je jedno od najve\u0107ih imena u industriji, Giorgetto Giugiaro, ovaj roadster s 2 vrata ima nizak nos poput morskog psa, mi\u0161i\u0107ave lukove kota\u010da i kosi stra\u017enji kraj. To ga \u010dini idealnim za opu\u0161teno krstarenje bulevarom ili vo\u017enju slikovitim obalnim cestama. A u nepovoljnim vremenskim uvjetima dobro \u0107e do\u0107i sklopivi mekani krov skriven ispod plafona ozna\u010denog bojom. Automobil ima 15-in\u010dne \u017ei\u010dane kota\u010de tvrtke Ruote Borrani i Michelin Radial X gume s ispravnim periodom. Ostali detalji vrijedni pa\u017enje uklju\u010duju kromirane branike i funkcionalne ventilacijske otvore na haubi i blatobranima.<\/p>\n<h2>Unutra\u0161njost<\/h2>\n<p>Unutar ovog konkretnog Maseratija nalaze se dva udobna, ali ipak podupiru\u0107a sjedala presvu\u010dena mekom svijetlosme\u0111om ko\u017eom. Istim oku ugodnim materijalom presvu\u010den je ve\u0107i dio interijera, osim gornje strane armaturne plo\u010de presvu\u010dene crnim antilopom. Sude\u0107i prema fotografijama koje je dostavio prodava\u010d, unutra\u0161njost je u besprijekornom stanju. A kad u\u0111e, voza\u010d \u0107e preuzeti kontrolu nad prekrasnim drvenim upravlja\u010dem s tri kraka od nehr\u0111aju\u0107eg \u010delika u sredini. Iza njega je plo\u010da s instrumentima s crvenom crtom broja\u010da okretaja na 5555 o\/min i brzinomera \u010dija je krajnja brojka 300 KPH. Osim njih, ovaj Ghibli ima pet centralno postavljenih mjera\u010da koji pokazuju vitalne parametre, poput tlaka ulja, temperature i razine goriva. U ovom trenutku odometar iznosi otprilike 13.000 km.<\/p>\n<h2>Mehanika<\/h2>\n<p>Automobil u prodaji je model SS, \u0161to zna\u010di da je opremljen ve\u0107im i sna\u017enijim 4,9-litrenim V8 motorom. Napajan s \u010detiri Weber rasplinja\u010da s dvostrukim \u010dokom, razvija 335 konjskih snaga i ne\u0161to vi\u0161e od 480 Nm okretnog momenta, koji se \u0161alje na stra\u017enje kota\u010de putem ru\u010dnog mjenja\u010da s pet stupnjeva prijenosa. To je dovoljno da pogura ovaj Ghibli SS roadster do maksimalne brzine od 280 MPH, \u0161to ga \u010dini najbr\u017eim Maseratijem svog vremena. Osim mehanike, automobil ima cjevastu \u010deli\u010dnu \u0161asiju, koja osigurava lako\u0107u i strukturnu krutost.<\/p>\n<h2>Povijest vozila<\/h2>\n<p>Navedenu preradu Spydera obavila je specijalizirana radionica u Mondeni, \u0161to jam\u010di kvalitetu rada. Ovo je popularna modifikacija me\u0111u vlasnicima Ghiblija jer je Maserati napravio manje od 50 tvorni\u010dkih Spydera. \u0160tovi\u0161e, automobil je pro\u0161ao kroz dubinsku restauraciju koju je obavio Furlonger Cars, ugledni restaurator iz Ashforda upu\u0107en u talijanske superautomobile.<\/p>\n<p>Prema rije\u010dima vlasnika, svi radovi na odr\u017eavanju su obavljeni redovito, a zadnji servis napravljen u lipnju 2021. Trenutno nema poznatih gre\u0161aka ili problema s bilo kojom njegovom komponentom. Nadalje, nema vidljivih ogrebotina, udubljenja ili drugih nedostataka na karoseriji.<\/p>\n","protected":false},"excerpt":{"rendered":"<p>Ovaj otvoreni roadster Maserati Ghibli SS iz 1971. godine, koji je pre\u0161ao ne\u0161to vi\u0161e od 13.000 kilometara, prodaje privatno vlasnik. Pokre\u0107e ga V8 motor povezan s ru\u010dnim mjenja\u010dem s pet stupnjeva prijenosa. Iako je vizualno identi\u010dan kultnom modelu Spyder, ovaj je automobil zapo\u010deo kao coupe, da bi kasnije bio pretvoren u sada\u0161nji oblik. Osim \u0161to je u gotovo besprijekornom stanju, ovaj je automobil tako\u0111er potpuno servisiran i &#8211; prema rije\u010dima vlasnika &#8211; nije sudjelovao u nijednoj nesre\u0107i i trenutno se nalazi u Ujedinjenom Kraljevstvu.<\/p>\n","protected":false},"featured_media":32143,"comment_status":"open","ping_status":"closed","template":"","meta":{"inline_featured_image":false},"product_cat":[722],"product_tag":[1237,1074,1070,1000],"acf":[],"yoast_head":"<!-- This site is optimized with the Yoast SEO plugin v22.5 - https:\/\/yoast.com\/wordpress\/plugins\/seo\/ -->\n<title>Maserati Ghibli SS 4,9 litara aukcija - Piston Addict<\/title>\n<meta name=\"description\" content=\"Provjerite ovaj Maserati Ghibli SS 4,9 litara za aukcijsku prodaju na PistonAddict.com s ru\u010dnim mjenja\u010dem i samo 13 220 km.\" \/>\n<meta name=\"robots\" content=\"index, follow, max-snippet:-1, max-image-preview:large, max-video-preview:-1\" \/>\n<link rel=\"canonical\" href=\"https:\/\/pistonaddict.com\/hr\/product\/maserati-ghibli-ss-49-lit\/\" \/>\n<meta property=\"og:locale\" content=\"hr_HR\" \/>\n<meta property=\"og:type\" content=\"article\" \/>\n<meta property=\"og:title\" content=\"Maserati Ghibli SS 4,9 litara aukcija - Piston Addict\" \/>\n<meta property=\"og:description\" content=\"Provjerite ovaj Maserati Ghibli SS 4,9 litara za aukcijsku prodaju na PistonAddict.com s ru\u010dnim mjenja\u010dem i samo 13 220 km.\" \/>\n<meta property=\"og:url\" content=\"https:\/\/pistonaddict.com\/hr\/product\/maserati-ghibli-ss-49-lit\/\" \/>\n<meta property=\"og:site_name\" content=\"Piston Addict\" \/>\n<meta property=\"article:modified_time\" content=\"2024-03-19T16:37:17+00:00\" \/>\n<meta property=\"og:image\" content=\"https:\/\/pistonaddict.com\/wp-content\/uploads\/2023\/04\/Maserati13-scaled.jpg\" \/>\n\t<meta property=\"og:image:width\" content=\"2560\" \/>\n\t<meta property=\"og:image:height\" content=\"1609\" \/>\n\t<meta property=\"og:image:type\" content=\"image\/jpeg\" \/>\n<meta name=\"twitter:card\" content=\"summary_large_image\" \/>\n<meta name=\"twitter:label1\" content=\"Procijenjeno vrijeme \u010ditanja\" \/>\n\t<meta name=\"twitter:data1\" content=\"2 minute\" \/>\n<script type=\"application\/ld+json\" class=\"yoast-schema-graph\">{\"@context\":\"https:\/\/schema.org\",\"@graph\":[{\"@type\":\"WebPage\",\"@id\":\"https:\/\/pistonaddict.com\/hr\/product\/maserati-ghibli-ss-49-lit\/\",\"url\":\"https:\/\/pistonaddict.com\/hr\/product\/maserati-ghibli-ss-49-lit\/\",\"name\":\"Maserati Ghibli SS 4,9 litara aukcija - Piston Addict\",\"isPartOf\":{\"@id\":\"https:\/\/pistonaddict.com\/hr\/#website\"},\"primaryImageOfPage\":{\"@id\":\"https:\/\/pistonaddict.com\/hr\/product\/maserati-ghibli-ss-49-lit\/#primaryimage\"},\"image\":{\"@id\":\"https:\/\/pistonaddict.com\/hr\/product\/maserati-ghibli-ss-49-lit\/#primaryimage\"},\"thumbnailUrl\":\"https:\/\/pistonaddict.com\/wp-content\/uploads\/2023\/04\/Maserati13-scaled.jpg\",\"datePublished\":\"2023-04-18T16:05:14+00:00\",\"dateModified\":\"2024-03-19T16:37:17+00:00\",\"description\":\"Provjerite ovaj Maserati Ghibli SS 4,9 litara za aukcijsku prodaju na PistonAddict.com s ru\u010dnim mjenja\u010dem i samo 13 220 km.\",\"breadcrumb\":{\"@id\":\"https:\/\/pistonaddict.com\/hr\/product\/maserati-ghibli-ss-49-lit\/#breadcrumb\"},\"inLanguage\":\"hr\",\"potentialAction\":[{\"@type\":\"ReadAction\",\"target\":[\"https:\/\/pistonaddict.com\/hr\/product\/maserati-ghibli-ss-49-lit\/\"]}]},{\"@type\":\"ImageObject\",\"inLanguage\":\"hr\",\"@id\":\"https:\/\/pistonaddict.com\/hr\/product\/maserati-ghibli-ss-49-lit\/#primaryimage\",\"url\":\"https:\/\/pistonaddict.com\/wp-content\/uploads\/2023\/04\/Maserati13-scaled.jpg\",\"contentUrl\":\"https:\/\/pistonaddict.com\/wp-content\/uploads\/2023\/04\/Maserati13-scaled.jpg\",\"width\":2560,\"height\":1609},{\"@type\":\"BreadcrumbList\",\"@id\":\"https:\/\/pistonaddict.com\/hr\/product\/maserati-ghibli-ss-49-lit\/#breadcrumb\",\"itemListElement\":[{\"@type\":\"ListItem\",\"position\":1,\"name\":\"Po\u010detna stranica\",\"item\":\"https:\/\/pistonaddict.com\/hr\/pocetna-stranica-2\/\"},{\"@type\":\"ListItem\",\"position\":2,\"name\":\"Auctions\",\"item\":\"https:\/\/pistonaddict.com\/auctions-listing\/\"},{\"@type\":\"ListItem\",\"position\":3,\"name\":\"Maserati Ghibli SS 4,9 litara\"}]},{\"@type\":\"WebSite\",\"@id\":\"https:\/\/pistonaddict.com\/hr\/#website\",\"url\":\"https:\/\/pistonaddict.com\/hr\/\",\"name\":\"Piston Addict\",\"description\":\"Only interesting vehicles\",\"publisher\":{\"@id\":\"https:\/\/pistonaddict.com\/hr\/#organization\"},\"potentialAction\":[{\"@type\":\"SearchAction\",\"target\":{\"@type\":\"EntryPoint\",\"urlTemplate\":\"https:\/\/pistonaddict.com\/hr\/?s={search_term_string}\"},\"query-input\":\"required name=search_term_string\"}],\"inLanguage\":\"hr\"},{\"@type\":\"Organization\",\"@id\":\"https:\/\/pistonaddict.com\/hr\/#organization\",\"name\":\"Piston Addict\",\"url\":\"https:\/\/pistonaddict.com\/hr\/\",\"logo\":{\"@type\":\"ImageObject\",\"inLanguage\":\"hr\",\"@id\":\"https:\/\/pistonaddict.com\/hr\/#\/schema\/logo\/image\/\",\"url\":\"https:\/\/pistonaddict.com\/wp-content\/uploads\/2022\/07\/logo-6.png\",\"contentUrl\":\"https:\/\/pistonaddict.com\/wp-content\/uploads\/2022\/07\/logo-6.png\",\"width\":970,\"height\":200,\"caption\":\"Piston Addict\"},\"image\":{\"@id\":\"https:\/\/pistonaddict.com\/hr\/#\/schema\/logo\/image\/\"}}]}<\/script>\n<!-- \/ Yoast SEO plugin. -->","yoast_head_json":{"title":"Maserati Ghibli SS 4,9 litara aukcija - Piston Addict","description":"Provjerite ovaj Maserati Ghibli SS 4,9 litara za aukcijsku prodaju na PistonAddict.com s ru\u010dnim mjenja\u010dem i samo 13 220 km.","robots":{"index":"index","follow":"follow","max-snippet":"max-snippet:-1","max-image-preview":"max-image-preview:large","max-video-preview":"max-video-preview:-1"},"canonical":"https:\/\/pistonaddict.com\/hr\/product\/maserati-ghibli-ss-49-lit\/","og_locale":"hr_HR","og_type":"article","og_title":"Maserati Ghibli SS 4,9 litara aukcija - Piston Addict","og_description":"Provjerite ovaj Maserati Ghibli SS 4,9 litara za aukcijsku prodaju na PistonAddict.com s ru\u010dnim mjenja\u010dem i samo 13 220 km.","og_url":"https:\/\/pistonaddict.com\/hr\/product\/maserati-ghibli-ss-49-lit\/","og_site_name":"Piston Addict","article_modified_time":"2024-03-19T16:37:17+00:00","og_image":[{"width":2560,"height":1609,"url":"https:\/\/pistonaddict.com\/wp-content\/uploads\/2023\/04\/Maserati13-scaled.jpg","type":"image\/jpeg"}],"twitter_card":"summary_large_image","twitter_misc":{"Procijenjeno vrijeme \u010ditanja":"2 minute"},"schema":{"@context":"https:\/\/schema.org","@graph":[{"@type":"WebPage","@id":"https:\/\/pistonaddict.com\/hr\/product\/maserati-ghibli-ss-49-lit\/","url":"https:\/\/pistonaddict.com\/hr\/product\/maserati-ghibli-ss-49-lit\/","name":"Maserati Ghibli SS 4,9 litara aukcija - Piston Addict","isPartOf":{"@id":"https:\/\/pistonaddict.com\/hr\/#website"},"primaryImageOfPage":{"@id":"https:\/\/pistonaddict.com\/hr\/product\/maserati-ghibli-ss-49-lit\/#primaryimage"},"image":{"@id":"https:\/\/pistonaddict.com\/hr\/product\/maserati-ghibli-ss-49-lit\/#primaryimage"},"thumbnailUrl":"https:\/\/pistonaddict.com\/wp-content\/uploads\/2023\/04\/Maserati13-scaled.jpg","datePublished":"2023-04-18T16:05:14+00:00","dateModified":"2024-03-19T16:37:17+00:00","description":"Provjerite ovaj Maserati Ghibli SS 4,9 litara za aukcijsku prodaju na PistonAddict.com s ru\u010dnim mjenja\u010dem i samo 13 220 km.","breadcrumb":{"@id":"https:\/\/pistonaddict.com\/hr\/product\/maserati-ghibli-ss-49-lit\/#breadcrumb"},"inLanguage":"hr","potentialAction":[{"@type":"ReadAction","target":["https:\/\/pistonaddict.com\/hr\/product\/maserati-ghibli-ss-49-lit\/"]}]},{"@type":"ImageObject","inLanguage":"hr","@id":"https:\/\/pistonaddict.com\/hr\/product\/maserati-ghibli-ss-49-lit\/#primaryimage","url":"https:\/\/pistonaddict.com\/wp-content\/uploads\/2023\/04\/Maserati13-scaled.jpg","contentUrl":"https:\/\/pistonaddict.com\/wp-content\/uploads\/2023\/04\/Maserati13-scaled.jpg","width":2560,"height":1609},{"@type":"BreadcrumbList","@id":"https:\/\/pistonaddict.com\/hr\/product\/maserati-ghibli-ss-49-lit\/#breadcrumb","itemListElement":[{"@type":"ListItem","position":1,"name":"Po\u010detna stranica","item":"https:\/\/pistonaddict.com\/hr\/pocetna-stranica-2\/"},{"@type":"ListItem","position":2,"name":"Auctions","item":"https:\/\/pistonaddict.com\/auctions-listing\/"},{"@type":"ListItem","position":3,"name":"Maserati Ghibli SS 4,9 litara"}]},{"@type":"WebSite","@id":"https:\/\/pistonaddict.com\/hr\/#website","url":"https:\/\/pistonaddict.com\/hr\/","name":"Piston Addict","description":"Only interesting vehicles","publisher":{"@id":"https:\/\/pistonaddict.com\/hr\/#organization"},"potentialAction":[{"@type":"SearchAction","target":{"@type":"EntryPoint","urlTemplate":"https:\/\/pistonaddict.com\/hr\/?s={search_term_string}"},"query-input":"required name=search_term_string"}],"inLanguage":"hr"},{"@type":"Organization","@id":"https:\/\/pistonaddict.com\/hr\/#organization","name":"Piston Addict","url":"https:\/\/pistonaddict.com\/hr\/","logo":{"@type":"ImageObject","inLanguage":"hr","@id":"https:\/\/pistonaddict.com\/hr\/#\/schema\/logo\/image\/","url":"https:\/\/pistonaddict.com\/wp-content\/uploads\/2022\/07\/logo-6.png","contentUrl":"https:\/\/pistonaddict.com\/wp-content\/uploads\/2022\/07\/logo-6.png","width":970,"height":200,"caption":"Piston Addict"},"image":{"@id":"https:\/\/pistonaddict.com\/hr\/#\/schema\/logo\/image\/"}}]}},"_links":{"self":[{"href":"https:\/\/pistonaddict.com\/hr\/wp-json\/wp\/v2\/product\/32593"}],"collection":[{"href":"https:\/\/pistonaddict.com\/hr\/wp-json\/wp\/v2\/product"}],"about":[{"href":"https:\/\/pistonaddict.com\/hr\/wp-json\/wp\/v2\/types\/product"}],"replies":[{"embeddable":true,"href":"https:\/\/pistonaddict.com\/hr\/wp-json\/wp\/v2\/comments?post=32593"}],"wp:featuredmedia":[{"embeddable":true,"href":"https:\/\/pistonaddict.com\/hr\/wp-json\/wp\/v2\/media\/32143"}],"wp:attachment":[{"href":"https:\/\/pistonaddict.com\/hr\/wp-json\/wp\/v2\/media?parent=32593"}],"wp:term":[{"taxonomy":"product_cat","embeddable":true,"href":"https:\/\/pistonaddict.com\/hr\/wp-json\/wp\/v2\/product_cat?post=32593"},{"taxonomy":"product_tag","embeddable":true,"href":"https:\/\/pistonaddict.com\/hr\/wp-json\/wp\/v2\/product_tag?post=32593"}],"curies":[{"name":"wp","href":"https:\/\/api.w.org\/{rel}","templated":true}]}}