{"id":29708,"date":"2023-03-02T21:25:19","date_gmt":"2023-03-02T20:25:19","guid":{"rendered":"https:\/\/pistonaddict.com\/product\/prodajem-porsche-911-carrera-3-2-iz-1985-godine\/"},"modified":"2024-03-22T16:10:39","modified_gmt":"2024-03-22T15:10:39","slug":"1985-porsche-911-carrera-3-2-na-prodaju","status":"publish","type":"product","link":"https:\/\/pistonaddict.com\/hr\/product\/1985-porsche-911-carrera-3-2-na-prodaju\/","title":{"rendered":"Porsche 911 Carrera 3.2 iz 1985. na prodaju na aukciji"},"content":{"rendered":"<p><strong>Povijest automobila<\/strong><\/p>\n<p>Prodava\u010d je nabavio ovaj prekrasan primjerak magije iz sredine 80-ih 1997. u Luksemburgu i uvezao ga u \u0160vicarsku. Ova Carrera opremljena je standardnim 3,2-litrenim motorom s ravnom \u0161estom, koji isporu\u010duje 231 KS na stra\u017enje kota\u010de putem 5-stupanjskog ru\u010dnog mjenja\u010da. Motor ima ubrizgavanje goriva i mo\u017ee pokrenuti ovaj legendarni sportski automobil do 5,9 sekundi od 0 do 100 km\/h i najvi\u0161ih, jo\u0161 uvijek respektabilnih 245 km\/h (150 mph). Ne postoje podaci o bilo kakvim izmjenama motora, ali je automobil redovito odr\u017eavan, a posljednji dokumentirani servis obavljen je krajem o\u017eujka 2022. Do sada je ovaj crni Porsche pre\u0161ao 168.000 km.<\/p>\n<p><strong>Uvjet<\/strong><\/p>\n<p>Vozilo je dobilo potpunu profesionalnu farbanje karoserije i obnovu motora, kori\u0161tenjem originalnih dijelova i komponenti. Pro\u0161ao je \u0161vicarski tehni\u010dki pregled, cesta mu je legalna i registrirana. Perspektivni kupci \u017eele znati da je analiza ulja obavljena i da su rezultati uredni. U videima mo\u017eete vidjeti da tlak ulja i svi mjera\u010di rade ispravno. U podvozju nema curenja ulja, motorni prostor je uredan, sve originalne markice i oznake su prisutne.<\/p>\n<p><strong>Unutra\u0161njost<\/strong><\/p>\n<p>Unutra\u0161njost ovog Porschea 911 Carrera 3.2 iz 1985. je originalna, sa sjedalima i vratima presvu\u010denim ko\u017eom. U usporedbi sa sli\u010dnim automobilima, ovaj trostruko crni primjerak (karoserija, unutra\u0161njost i tepisi \u2013 sve crno) ima neke po\u017eeljne opcije koje kolekcionari tra\u017ee. Prva od njih su ko\u017ena sjedala s elektri\u010dnim opcijama. Drugo, ovaj je primjerak opremljen klima ure\u0111ajem koji je dobrodo\u0161ao dodatak, posebno tijekom vru\u0107ih ljetnih dana. Tre\u0107e, ova Carrera iz 1985. tako\u0111er ima krovni otvor, elektri\u010dne retrovizore i pera\u010de prednjih svjetala, \u0161to sve doprinosi pobolj\u0161anom iskustvu. Stra\u017enje staklo je grijano, a tu je i dodatna stereo glavna jedinica za va\u0161e omiljene pjesme iz 80-ih. Me\u0111utim, ru\u010dica mjenja\u010da nije originalna stavka.<\/p>\n<p><strong>Eksterijer i kota\u010di<\/strong><\/p>\n<p>Svi vanjski dijelovi ukrasa, letvice i plasti\u010dne komponente izgledaju u savr\u0161enom obliku i nema vidljive hr\u0111e oko otvora krovnog otvora, \u0161to je uobi\u010dajen sport u ovim automobilima. Zna\u010di da je vozilo dobro o\u010duvano i kori\u0161teno samo sporadi\u010dno. Zanimljivo je da je vlasnik odlu\u010dio pobolj\u0161ati vozni park ovog Porschea 911 Carrera iz 1985. godine. Umjesto tvorni\u010dki ispravnih 15-in\u010dnih kota\u010da, ovaj automobil ima 16-in\u010dne Fuchs originalne kota\u010de umotane u gume Pirelli P Zero. Naravno, stra\u017enji su \u0161iri od prednjih. Ovo je uobi\u010dajena izmjena koja poma\u017ee u izgledu kao i u dinamici vo\u017enje. Gume su montirane sredinom 2021. Automobil dolazi s originalnim kompletom alata i rezervnim kota\u010dem, \u0161to pokazuje razinu originalnosti povoljnu za kolekcionare.<\/p>\n<p><strong>Dokumentacija<\/strong><\/p>\n<p>Ovo je vozilo u privatnom vlasni\u0161tvu s odgovaraju\u0107om dokumentacijom koje se nalazi u \u017denevi, \u0160vicarska. CarVertical izvje\u0161\u0107e je \u010disto; ne postoje dokazi o nesre\u0107ama, popravcima nesre\u0107e ili vlasni\u0161tvu, ili pravni problemi. Postoje zapisi o redovitom odr\u017eavanju jo\u0161 od 2015. godine.<\/p>\n","protected":false},"excerpt":{"rendered":"<p>Zavr\u0161ena u elegantnoj nijansi Porsche crne s odgovaraju\u0107om unutra\u0161njosti, ova Carrera 3.2 iz 1985. savr\u0161en je primjer klasi\u010dnog modela 911 voza\u010dke kvalitete, spreman da u njemu u\u017eiva novi vlasnik. Uz neozna\u010denu vanj\u0161tinu, nekoliko po\u017eeljnih opcija i dobro opremljenu unutra\u0161njost, ova Carrera je dobro odr\u017eavan i pouzdan klasik s puno performansi, spreman da se s povjerenjem ponese na ljetno putovanje diljem Europe.<\/p>\n","protected":false},"featured_media":29657,"comment_status":"open","ping_status":"closed","template":"","meta":{"inline_featured_image":false},"product_cat":[722],"product_tag":[1001,794,886,793,1000],"acf":[],"yoast_head":"<!-- This site is optimized with the Yoast SEO plugin v22.5 - https:\/\/yoast.com\/wordpress\/plugins\/seo\/ -->\n<title>Porsche 911 Carrera 3.2 iz 1985. na prodaju na aukciji - Piston Addict<\/title>\n<meta name=\"description\" content=\"Pogledajte ovu prekrasnu aukcijsku prodaju Porschea 911 Carrera 3.2 iz 1985. na PistonAddict.com\" \/>\n<meta name=\"robots\" content=\"index, follow, max-snippet:-1, max-image-preview:large, max-video-preview:-1\" \/>\n<link rel=\"canonical\" href=\"https:\/\/pistonaddict.com\/hr\/product\/1985-porsche-911-carrera-3-2-na-prodaju\/\" \/>\n<meta property=\"og:locale\" content=\"hr_HR\" \/>\n<meta property=\"og:type\" content=\"article\" \/>\n<meta property=\"og:title\" content=\"Porsche 911 Carrera 3.2 iz 1985. na prodaju na aukciji - Piston Addict\" \/>\n<meta property=\"og:description\" content=\"Pogledajte ovu prekrasnu aukcijsku prodaju Porschea 911 Carrera 3.2 iz 1985. na PistonAddict.com\" \/>\n<meta property=\"og:url\" content=\"https:\/\/pistonaddict.com\/hr\/product\/1985-porsche-911-carrera-3-2-na-prodaju\/\" \/>\n<meta property=\"og:site_name\" content=\"Piston Addict\" \/>\n<meta property=\"article:modified_time\" content=\"2024-03-22T15:10:39+00:00\" \/>\n<meta property=\"og:image\" content=\"https:\/\/pistonaddict.com\/wp-content\/uploads\/2023\/03\/IMG_2519-scaled.jpeg\" \/>\n\t<meta property=\"og:image:width\" content=\"2560\" \/>\n\t<meta property=\"og:image:height\" content=\"1920\" \/>\n\t<meta property=\"og:image:type\" content=\"image\/jpeg\" \/>\n<meta name=\"twitter:card\" content=\"summary_large_image\" \/>\n<meta name=\"twitter:label1\" content=\"Procijenjeno vrijeme \u010ditanja\" \/>\n\t<meta name=\"twitter:data1\" content=\"2 minute\" \/>\n<script type=\"application\/ld+json\" class=\"yoast-schema-graph\">{\"@context\":\"https:\/\/schema.org\",\"@graph\":[{\"@type\":\"WebPage\",\"@id\":\"https:\/\/pistonaddict.com\/hr\/product\/1985-porsche-911-carrera-3-2-na-prodaju\/\",\"url\":\"https:\/\/pistonaddict.com\/hr\/product\/1985-porsche-911-carrera-3-2-na-prodaju\/\",\"name\":\"Porsche 911 Carrera 3.2 iz 1985. na prodaju na aukciji - Piston Addict\",\"isPartOf\":{\"@id\":\"https:\/\/pistonaddict.com\/hr\/#website\"},\"primaryImageOfPage\":{\"@id\":\"https:\/\/pistonaddict.com\/hr\/product\/1985-porsche-911-carrera-3-2-na-prodaju\/#primaryimage\"},\"image\":{\"@id\":\"https:\/\/pistonaddict.com\/hr\/product\/1985-porsche-911-carrera-3-2-na-prodaju\/#primaryimage\"},\"thumbnailUrl\":\"https:\/\/pistonaddict.com\/wp-content\/uploads\/2023\/03\/IMG_2519-scaled.jpeg\",\"datePublished\":\"2023-03-02T20:25:19+00:00\",\"dateModified\":\"2024-03-22T15:10:39+00:00\",\"description\":\"Pogledajte ovu prekrasnu aukcijsku prodaju Porschea 911 Carrera 3.2 iz 1985. na PistonAddict.com\",\"breadcrumb\":{\"@id\":\"https:\/\/pistonaddict.com\/hr\/product\/1985-porsche-911-carrera-3-2-na-prodaju\/#breadcrumb\"},\"inLanguage\":\"hr\",\"potentialAction\":[{\"@type\":\"ReadAction\",\"target\":[\"https:\/\/pistonaddict.com\/hr\/product\/1985-porsche-911-carrera-3-2-na-prodaju\/\"]}]},{\"@type\":\"ImageObject\",\"inLanguage\":\"hr\",\"@id\":\"https:\/\/pistonaddict.com\/hr\/product\/1985-porsche-911-carrera-3-2-na-prodaju\/#primaryimage\",\"url\":\"https:\/\/pistonaddict.com\/wp-content\/uploads\/2023\/03\/IMG_2519-scaled.jpeg\",\"contentUrl\":\"https:\/\/pistonaddict.com\/wp-content\/uploads\/2023\/03\/IMG_2519-scaled.jpeg\",\"width\":2560,\"height\":1920},{\"@type\":\"BreadcrumbList\",\"@id\":\"https:\/\/pistonaddict.com\/hr\/product\/1985-porsche-911-carrera-3-2-na-prodaju\/#breadcrumb\",\"itemListElement\":[{\"@type\":\"ListItem\",\"position\":1,\"name\":\"Po\u010detna stranica\",\"item\":\"https:\/\/pistonaddict.com\/hr\/pocetna-stranica-2\/\"},{\"@type\":\"ListItem\",\"position\":2,\"name\":\"Auctions\",\"item\":\"https:\/\/pistonaddict.com\/auctions-listing\/\"},{\"@type\":\"ListItem\",\"position\":3,\"name\":\"Porsche 911 Carrera 3.2 iz 1985. na prodaju na aukciji\"}]},{\"@type\":\"WebSite\",\"@id\":\"https:\/\/pistonaddict.com\/hr\/#website\",\"url\":\"https:\/\/pistonaddict.com\/hr\/\",\"name\":\"Piston Addict\",\"description\":\"Only interesting vehicles\",\"publisher\":{\"@id\":\"https:\/\/pistonaddict.com\/hr\/#organization\"},\"potentialAction\":[{\"@type\":\"SearchAction\",\"target\":{\"@type\":\"EntryPoint\",\"urlTemplate\":\"https:\/\/pistonaddict.com\/hr\/?s={search_term_string}\"},\"query-input\":\"required name=search_term_string\"}],\"inLanguage\":\"hr\"},{\"@type\":\"Organization\",\"@id\":\"https:\/\/pistonaddict.com\/hr\/#organization\",\"name\":\"Piston Addict\",\"url\":\"https:\/\/pistonaddict.com\/hr\/\",\"logo\":{\"@type\":\"ImageObject\",\"inLanguage\":\"hr\",\"@id\":\"https:\/\/pistonaddict.com\/hr\/#\/schema\/logo\/image\/\",\"url\":\"https:\/\/pistonaddict.com\/wp-content\/uploads\/2022\/07\/logo-6.png\",\"contentUrl\":\"https:\/\/pistonaddict.com\/wp-content\/uploads\/2022\/07\/logo-6.png\",\"width\":970,\"height\":200,\"caption\":\"Piston Addict\"},\"image\":{\"@id\":\"https:\/\/pistonaddict.com\/hr\/#\/schema\/logo\/image\/\"}}]}<\/script>\n<!-- \/ Yoast SEO plugin. -->","yoast_head_json":{"title":"Porsche 911 Carrera 3.2 iz 1985. na prodaju na aukciji - Piston Addict","description":"Pogledajte ovu prekrasnu aukcijsku prodaju Porschea 911 Carrera 3.2 iz 1985. na PistonAddict.com","robots":{"index":"index","follow":"follow","max-snippet":"max-snippet:-1","max-image-preview":"max-image-preview:large","max-video-preview":"max-video-preview:-1"},"canonical":"https:\/\/pistonaddict.com\/hr\/product\/1985-porsche-911-carrera-3-2-na-prodaju\/","og_locale":"hr_HR","og_type":"article","og_title":"Porsche 911 Carrera 3.2 iz 1985. na prodaju na aukciji - Piston Addict","og_description":"Pogledajte ovu prekrasnu aukcijsku prodaju Porschea 911 Carrera 3.2 iz 1985. na PistonAddict.com","og_url":"https:\/\/pistonaddict.com\/hr\/product\/1985-porsche-911-carrera-3-2-na-prodaju\/","og_site_name":"Piston Addict","article_modified_time":"2024-03-22T15:10:39+00:00","og_image":[{"width":2560,"height":1920,"url":"https:\/\/pistonaddict.com\/wp-content\/uploads\/2023\/03\/IMG_2519-scaled.jpeg","type":"image\/jpeg"}],"twitter_card":"summary_large_image","twitter_misc":{"Procijenjeno vrijeme \u010ditanja":"2 minute"},"schema":{"@context":"https:\/\/schema.org","@graph":[{"@type":"WebPage","@id":"https:\/\/pistonaddict.com\/hr\/product\/1985-porsche-911-carrera-3-2-na-prodaju\/","url":"https:\/\/pistonaddict.com\/hr\/product\/1985-porsche-911-carrera-3-2-na-prodaju\/","name":"Porsche 911 Carrera 3.2 iz 1985. na prodaju na aukciji - Piston Addict","isPartOf":{"@id":"https:\/\/pistonaddict.com\/hr\/#website"},"primaryImageOfPage":{"@id":"https:\/\/pistonaddict.com\/hr\/product\/1985-porsche-911-carrera-3-2-na-prodaju\/#primaryimage"},"image":{"@id":"https:\/\/pistonaddict.com\/hr\/product\/1985-porsche-911-carrera-3-2-na-prodaju\/#primaryimage"},"thumbnailUrl":"https:\/\/pistonaddict.com\/wp-content\/uploads\/2023\/03\/IMG_2519-scaled.jpeg","datePublished":"2023-03-02T20:25:19+00:00","dateModified":"2024-03-22T15:10:39+00:00","description":"Pogledajte ovu prekrasnu aukcijsku prodaju Porschea 911 Carrera 3.2 iz 1985. na PistonAddict.com","breadcrumb":{"@id":"https:\/\/pistonaddict.com\/hr\/product\/1985-porsche-911-carrera-3-2-na-prodaju\/#breadcrumb"},"inLanguage":"hr","potentialAction":[{"@type":"ReadAction","target":["https:\/\/pistonaddict.com\/hr\/product\/1985-porsche-911-carrera-3-2-na-prodaju\/"]}]},{"@type":"ImageObject","inLanguage":"hr","@id":"https:\/\/pistonaddict.com\/hr\/product\/1985-porsche-911-carrera-3-2-na-prodaju\/#primaryimage","url":"https:\/\/pistonaddict.com\/wp-content\/uploads\/2023\/03\/IMG_2519-scaled.jpeg","contentUrl":"https:\/\/pistonaddict.com\/wp-content\/uploads\/2023\/03\/IMG_2519-scaled.jpeg","width":2560,"height":1920},{"@type":"BreadcrumbList","@id":"https:\/\/pistonaddict.com\/hr\/product\/1985-porsche-911-carrera-3-2-na-prodaju\/#breadcrumb","itemListElement":[{"@type":"ListItem","position":1,"name":"Po\u010detna stranica","item":"https:\/\/pistonaddict.com\/hr\/pocetna-stranica-2\/"},{"@type":"ListItem","position":2,"name":"Auctions","item":"https:\/\/pistonaddict.com\/auctions-listing\/"},{"@type":"ListItem","position":3,"name":"Porsche 911 Carrera 3.2 iz 1985. na prodaju na aukciji"}]},{"@type":"WebSite","@id":"https:\/\/pistonaddict.com\/hr\/#website","url":"https:\/\/pistonaddict.com\/hr\/","name":"Piston Addict","description":"Only interesting vehicles","publisher":{"@id":"https:\/\/pistonaddict.com\/hr\/#organization"},"potentialAction":[{"@type":"SearchAction","target":{"@type":"EntryPoint","urlTemplate":"https:\/\/pistonaddict.com\/hr\/?s={search_term_string}"},"query-input":"required name=search_term_string"}],"inLanguage":"hr"},{"@type":"Organization","@id":"https:\/\/pistonaddict.com\/hr\/#organization","name":"Piston Addict","url":"https:\/\/pistonaddict.com\/hr\/","logo":{"@type":"ImageObject","inLanguage":"hr","@id":"https:\/\/pistonaddict.com\/hr\/#\/schema\/logo\/image\/","url":"https:\/\/pistonaddict.com\/wp-content\/uploads\/2022\/07\/logo-6.png","contentUrl":"https:\/\/pistonaddict.com\/wp-content\/uploads\/2022\/07\/logo-6.png","width":970,"height":200,"caption":"Piston Addict"},"image":{"@id":"https:\/\/pistonaddict.com\/hr\/#\/schema\/logo\/image\/"}}]}},"_links":{"self":[{"href":"https:\/\/pistonaddict.com\/hr\/wp-json\/wp\/v2\/product\/29708"}],"collection":[{"href":"https:\/\/pistonaddict.com\/hr\/wp-json\/wp\/v2\/product"}],"about":[{"href":"https:\/\/pistonaddict.com\/hr\/wp-json\/wp\/v2\/types\/product"}],"replies":[{"embeddable":true,"href":"https:\/\/pistonaddict.com\/hr\/wp-json\/wp\/v2\/comments?post=29708"}],"wp:featuredmedia":[{"embeddable":true,"href":"https:\/\/pistonaddict.com\/hr\/wp-json\/wp\/v2\/media\/29657"}],"wp:attachment":[{"href":"https:\/\/pistonaddict.com\/hr\/wp-json\/wp\/v2\/media?parent=29708"}],"wp:term":[{"taxonomy":"product_cat","embeddable":true,"href":"https:\/\/pistonaddict.com\/hr\/wp-json\/wp\/v2\/product_cat?post=29708"},{"taxonomy":"product_tag","embeddable":true,"href":"https:\/\/pistonaddict.com\/hr\/wp-json\/wp\/v2\/product_tag?post=29708"}],"curies":[{"name":"wp","href":"https:\/\/api.w.org\/{rel}","templated":true}]}}