{"id":108782,"date":"2024-06-11T17:05:07","date_gmt":"2024-06-11T15:05:07","guid":{"rendered":"https:\/\/pistonaddict.com\/product\/lamborghini-urraco-p250\/"},"modified":"2024-06-12T09:53:34","modified_gmt":"2024-06-12T07:53:34","slug":"lamborghini-urraco-p250","status":"publish","type":"product","link":"https:\/\/pistonaddict.com\/hr\/product\/lamborghini-urraco-p250\/","title":{"rendered":"Lamborghini Urraco P250"},"content":{"rendered":"<h2>Vanjski<\/h2>\n<p>Izvana ovaj talijanski \u010detverosjed ima klinastu siluetu, karakteristi\u010dnu za ve\u0107inu superautomobila tog vremena. Prednjim dijelom dominiraju legendarna sko\u010dna prednja svjetla, koja su apsolutna potreba za smje\u0161taj ravne, nisko spu\u0161tene haube. Kre\u0107u\u0107i se uzdu\u017e bo\u010dnih strana, gdje su najuo\u010dljiviji mi\u0161i\u0107avi lukovi kota\u010da koji primaju originalne 14-in\u010dne aluminijske kota\u010de opremljene Michelin XWX gumama iz razdoblja. Nadalje, o\u0161tro oko uo\u010dit \u0107e dvostruki ANSA od nehr\u0111aju\u0107eg \u010delika, koji je napravio poznati tuner Abart, straga. Ovaj automobil je obojen u elegantnu srebrnu boju, koja daje elegantan sloj njegovom agresivnom stavu.<\/p>\n<h2>Unutra\u0161njost<\/h2>\n<p>Otvaranjem vrata otkriva se Lambova rasko\u0161na Nero unutra\u0161njost, s prednjim sjedalima u obliku kante, \u010dije je stanje prodava\u010d opisao kao &#8216;novo&#8217;, \u0161to je najistaknutije. Isti opis mo\u017ee se koristiti i za stra\u017enju klupu koja je dovoljno prostrana da primi dvije osobe. Nakon \u0161to sjedne, voza\u010d \u0107e se zate\u0107i kako gleda u ko\u017eni upravlja\u010d s \u010detiri kraka iza kojeg se nalazi slo\u017eena plo\u010da s instrumentima. Osim brzinomjera koji ide do 280 KPH i broja\u010da okretaja od 9000 okretaja u minuti, broj\u010danici uklju\u010duju temperaturu motora, tlak ulja i mjera\u010de napona punjenja. Armaturna plo\u010da presvu\u010dena je tamno sivom alcantara ko\u017eom, \u0161to joj daje mek osje\u0107aj i ravni izgled koji ne odbija sun\u010deve zrake.<\/p>\n<h2>Mehanika<\/h2>\n<p>Budu\u0107i da je rije\u010d o modelu P250, ovaj Urraco ima 2,5-litreni V8 motor koji proizvodi 250 konjskih snaga i jednako impresivnih 220 Nm okretnog momenta. Ta se snaga prenosi kroz 5-stupanjski ru\u010dni mjenja\u010d, \u200b\u200bosiguravaju\u0107i 0-100 puta za ne\u0161to manje od 7 sekundi i najve\u0107u brzinu od 240 kilometara na sat. Ove brojke performansi, impresivne \u010dak i prema dana\u0161njim standardima, u\u010dinile su Uracco jednim od najbr\u017eih \u010detverosjeda u to vrijeme. Upravljanje je precizno zahvaljuju\u0107i neovisnom ovjesu, dok sposobne i izdr\u017eljive disk ko\u010dnice na sva \u010detiri kota\u010da osiguravaju sigurno zaustavljanje.<\/p>\n<h2>Povijest vozila<\/h2>\n<p>Lamborghini Urraco P250 koji imamo ovdje proizveden je 1975. i trenutno ima 78.000 kilometara na satu. Tijekom godina, automobil nikada nije kori\u0161ten na stazi niti je sudjelovao u nesre\u0107i. Godine 2016. do\u017eivio je opse\u017ean remont, tijekom kojeg su motor i ovjes potpuno obnovljeni, dok je podvozje dobilo novi sloj za\u0161tite od hr\u0111e. Istodobno, unutra\u0161njost je potpuno presvu\u010dena, a automobil je prelakiran. Vizualni nedostaci svode se na manja o\u0161te\u0107enja na voza\u010devim vratima, koja \u0107e biti popravljena prije isporuke budu\u0107em vlasniku. Vozilo se trenutno nalazi u \u0160panjolskoj, gdje je registrirano od prvog dana.<\/p>\n<p><strong>Pogledajte videozapis hladnog pokretanja ovog nevjerojatnog<\/strong> <strong>Lamborghini Urraco P250<\/strong> :<\/p>\n<p><iframe title=\"Cold Start Video of the amazing Lamborghini Urraco P250\" width=\"1200\" height=\"675\" src=\"https:\/\/www.youtube.com\/embed\/wt_LCr8LgcQ?feature=oembed\" frameborder=\"0\" allow=\"accelerometer; autoplay; clipboard-write; encrypted-media; gyroscope; picture-in-picture; web-share\" referrerpolicy=\"strict-origin-when-cross-origin\" allowfullscreen><\/iframe><\/p>\n<p><strong>I video obilazak:<\/strong><\/p>\n<p><iframe title=\"Video Tour of the Lamborghini Urraco P250\" width=\"1200\" height=\"675\" src=\"https:\/\/www.youtube.com\/embed\/azU8K1XDHOA?feature=oembed\" frameborder=\"0\" allow=\"accelerometer; autoplay; clipboard-write; encrypted-media; gyroscope; picture-in-picture; web-share\" referrerpolicy=\"strict-origin-when-cross-origin\" allowfullscreen><\/iframe><\/p>\n","protected":false},"excerpt":{"rendered":"<p>Nazvan po pasmini borbenih bikova iz Miure, Urraco je sportski automobil koji je proizvodio Lamborghini izme\u0111u 1972. i 1979. godine. Ovaj \u010detverosjed, dizajniran od strane Bertonea, bio je usmjeren na borbu s konkurentima poput Ferrarija 308 GT4 i legendarnog Porschea 911. Ipak, unato\u010d tome \u0161to je bio zadivljuju\u0107i na izgled i jednostavan za vo\u017enju, Urraco nije bio veliki prodajni hit, sa samo 791 automobilom koji je napravljen tijekom 7 godina koliko je proizveden. Ipak, ovako ograni\u010dene koli\u010dine proizvodnje osiguravaju ekskluzivu, pa \u0107e oni koji kupe ovaj srebrni Lambo imati ne\u0161to \u0161to se ne vi\u0111a \u010desto.<\/p>\n","protected":false},"featured_media":108750,"comment_status":"open","ping_status":"closed","template":"","meta":{"inline_featured_image":false},"product_cat":[722],"product_tag":[4203,4206,4200,1000],"acf":[],"yoast_head":"<!-- This site is optimized with the Yoast SEO plugin v22.5 - https:\/\/yoast.com\/wordpress\/plugins\/seo\/ -->\n<title>Lamborghini Urraco P250 - Piston Addict<\/title>\n<meta name=\"robots\" content=\"index, follow, max-snippet:-1, max-image-preview:large, max-video-preview:-1\" \/>\n<link rel=\"canonical\" href=\"https:\/\/pistonaddict.com\/hr\/product\/lamborghini-urraco-p250\/\" \/>\n<meta property=\"og:locale\" content=\"hr_HR\" \/>\n<meta property=\"og:type\" content=\"article\" \/>\n<meta property=\"og:title\" content=\"Lamborghini Urraco P250 - Piston Addict\" \/>\n<meta property=\"og:description\" content=\"Nazvan po pasmini borbenih bikova iz Miure, Urraco je sportski automobil koji je proizvodio Lamborghini izme\u0111u 1972. i 1979. godine. Ovaj \u010detverosjed, dizajniran od strane Bertonea, bio je usmjeren na borbu s konkurentima poput Ferrarija 308 GT4 i legendarnog Porschea 911. Ipak, unato\u010d tome \u0161to je bio zadivljuju\u0107i na izgled i jednostavan za vo\u017enju, Urraco nije bio veliki prodajni hit, sa samo 791 automobilom koji je napravljen tijekom 7 godina koliko je proizveden. Ipak, ovako ograni\u010dene koli\u010dine proizvodnje osiguravaju ekskluzivu, pa \u0107e oni koji kupe ovaj srebrni Lambo imati ne\u0161to \u0161to se ne vi\u0111a \u010desto.\" \/>\n<meta property=\"og:url\" content=\"https:\/\/pistonaddict.com\/hr\/product\/lamborghini-urraco-p250\/\" \/>\n<meta property=\"og:site_name\" content=\"Piston Addict\" \/>\n<meta property=\"article:modified_time\" content=\"2024-06-12T07:53:34+00:00\" \/>\n<meta property=\"og:image\" content=\"https:\/\/pistonaddict.com\/wp-content\/uploads\/2024\/06\/IMG-20231121-WA0182.jpg\" \/>\n\t<meta property=\"og:image:width\" content=\"2048\" \/>\n\t<meta property=\"og:image:height\" content=\"1536\" \/>\n\t<meta property=\"og:image:type\" content=\"image\/jpeg\" \/>\n<meta name=\"twitter:card\" content=\"summary_large_image\" \/>\n<meta name=\"twitter:label1\" content=\"Procijenjeno vrijeme \u010ditanja\" \/>\n\t<meta name=\"twitter:data1\" content=\"2 minute\" \/>\n<script type=\"application\/ld+json\" class=\"yoast-schema-graph\">{\"@context\":\"https:\/\/schema.org\",\"@graph\":[{\"@type\":\"WebPage\",\"@id\":\"https:\/\/pistonaddict.com\/hr\/product\/lamborghini-urraco-p250\/\",\"url\":\"https:\/\/pistonaddict.com\/hr\/product\/lamborghini-urraco-p250\/\",\"name\":\"Lamborghini Urraco P250 - Piston Addict\",\"isPartOf\":{\"@id\":\"https:\/\/pistonaddict.com\/hr\/#website\"},\"primaryImageOfPage\":{\"@id\":\"https:\/\/pistonaddict.com\/hr\/product\/lamborghini-urraco-p250\/#primaryimage\"},\"image\":{\"@id\":\"https:\/\/pistonaddict.com\/hr\/product\/lamborghini-urraco-p250\/#primaryimage\"},\"thumbnailUrl\":\"https:\/\/pistonaddict.com\/wp-content\/uploads\/2024\/06\/IMG-20231121-WA0182.jpg\",\"datePublished\":\"2024-06-11T15:05:07+00:00\",\"dateModified\":\"2024-06-12T07:53:34+00:00\",\"breadcrumb\":{\"@id\":\"https:\/\/pistonaddict.com\/hr\/product\/lamborghini-urraco-p250\/#breadcrumb\"},\"inLanguage\":\"hr\",\"potentialAction\":[{\"@type\":\"ReadAction\",\"target\":[\"https:\/\/pistonaddict.com\/hr\/product\/lamborghini-urraco-p250\/\"]}]},{\"@type\":\"ImageObject\",\"inLanguage\":\"hr\",\"@id\":\"https:\/\/pistonaddict.com\/hr\/product\/lamborghini-urraco-p250\/#primaryimage\",\"url\":\"https:\/\/pistonaddict.com\/wp-content\/uploads\/2024\/06\/IMG-20231121-WA0182.jpg\",\"contentUrl\":\"https:\/\/pistonaddict.com\/wp-content\/uploads\/2024\/06\/IMG-20231121-WA0182.jpg\",\"width\":2048,\"height\":1536},{\"@type\":\"BreadcrumbList\",\"@id\":\"https:\/\/pistonaddict.com\/hr\/product\/lamborghini-urraco-p250\/#breadcrumb\",\"itemListElement\":[{\"@type\":\"ListItem\",\"position\":1,\"name\":\"Po\u010detna stranica\",\"item\":\"https:\/\/pistonaddict.com\/hr\/pocetna-stranica-2\/\"},{\"@type\":\"ListItem\",\"position\":2,\"name\":\"Auctions\",\"item\":\"https:\/\/pistonaddict.com\/auctions-listing\/\"},{\"@type\":\"ListItem\",\"position\":3,\"name\":\"Lamborghini Urraco P250\"}]},{\"@type\":\"WebSite\",\"@id\":\"https:\/\/pistonaddict.com\/hr\/#website\",\"url\":\"https:\/\/pistonaddict.com\/hr\/\",\"name\":\"Piston Addict\",\"description\":\"Only interesting vehicles\",\"publisher\":{\"@id\":\"https:\/\/pistonaddict.com\/hr\/#organization\"},\"potentialAction\":[{\"@type\":\"SearchAction\",\"target\":{\"@type\":\"EntryPoint\",\"urlTemplate\":\"https:\/\/pistonaddict.com\/hr\/?s={search_term_string}\"},\"query-input\":\"required name=search_term_string\"}],\"inLanguage\":\"hr\"},{\"@type\":\"Organization\",\"@id\":\"https:\/\/pistonaddict.com\/hr\/#organization\",\"name\":\"Piston Addict\",\"url\":\"https:\/\/pistonaddict.com\/hr\/\",\"logo\":{\"@type\":\"ImageObject\",\"inLanguage\":\"hr\",\"@id\":\"https:\/\/pistonaddict.com\/hr\/#\/schema\/logo\/image\/\",\"url\":\"https:\/\/pistonaddict.com\/wp-content\/uploads\/2022\/07\/logo-6.png\",\"contentUrl\":\"https:\/\/pistonaddict.com\/wp-content\/uploads\/2022\/07\/logo-6.png\",\"width\":970,\"height\":200,\"caption\":\"Piston Addict\"},\"image\":{\"@id\":\"https:\/\/pistonaddict.com\/hr\/#\/schema\/logo\/image\/\"}}]}<\/script>\n<!-- \/ Yoast SEO plugin. -->","yoast_head_json":{"title":"Lamborghini Urraco P250 - Piston Addict","robots":{"index":"index","follow":"follow","max-snippet":"max-snippet:-1","max-image-preview":"max-image-preview:large","max-video-preview":"max-video-preview:-1"},"canonical":"https:\/\/pistonaddict.com\/hr\/product\/lamborghini-urraco-p250\/","og_locale":"hr_HR","og_type":"article","og_title":"Lamborghini Urraco P250 - Piston Addict","og_description":"Nazvan po pasmini borbenih bikova iz Miure, Urraco je sportski automobil koji je proizvodio Lamborghini izme\u0111u 1972. i 1979. godine. Ovaj \u010detverosjed, dizajniran od strane Bertonea, bio je usmjeren na borbu s konkurentima poput Ferrarija 308 GT4 i legendarnog Porschea 911. Ipak, unato\u010d tome \u0161to je bio zadivljuju\u0107i na izgled i jednostavan za vo\u017enju, Urraco nije bio veliki prodajni hit, sa samo 791 automobilom koji je napravljen tijekom 7 godina koliko je proizveden. Ipak, ovako ograni\u010dene koli\u010dine proizvodnje osiguravaju ekskluzivu, pa \u0107e oni koji kupe ovaj srebrni Lambo imati ne\u0161to \u0161to se ne vi\u0111a \u010desto.","og_url":"https:\/\/pistonaddict.com\/hr\/product\/lamborghini-urraco-p250\/","og_site_name":"Piston Addict","article_modified_time":"2024-06-12T07:53:34+00:00","og_image":[{"width":2048,"height":1536,"url":"https:\/\/pistonaddict.com\/wp-content\/uploads\/2024\/06\/IMG-20231121-WA0182.jpg","type":"image\/jpeg"}],"twitter_card":"summary_large_image","twitter_misc":{"Procijenjeno vrijeme \u010ditanja":"2 minute"},"schema":{"@context":"https:\/\/schema.org","@graph":[{"@type":"WebPage","@id":"https:\/\/pistonaddict.com\/hr\/product\/lamborghini-urraco-p250\/","url":"https:\/\/pistonaddict.com\/hr\/product\/lamborghini-urraco-p250\/","name":"Lamborghini Urraco P250 - Piston Addict","isPartOf":{"@id":"https:\/\/pistonaddict.com\/hr\/#website"},"primaryImageOfPage":{"@id":"https:\/\/pistonaddict.com\/hr\/product\/lamborghini-urraco-p250\/#primaryimage"},"image":{"@id":"https:\/\/pistonaddict.com\/hr\/product\/lamborghini-urraco-p250\/#primaryimage"},"thumbnailUrl":"https:\/\/pistonaddict.com\/wp-content\/uploads\/2024\/06\/IMG-20231121-WA0182.jpg","datePublished":"2024-06-11T15:05:07+00:00","dateModified":"2024-06-12T07:53:34+00:00","breadcrumb":{"@id":"https:\/\/pistonaddict.com\/hr\/product\/lamborghini-urraco-p250\/#breadcrumb"},"inLanguage":"hr","potentialAction":[{"@type":"ReadAction","target":["https:\/\/pistonaddict.com\/hr\/product\/lamborghini-urraco-p250\/"]}]},{"@type":"ImageObject","inLanguage":"hr","@id":"https:\/\/pistonaddict.com\/hr\/product\/lamborghini-urraco-p250\/#primaryimage","url":"https:\/\/pistonaddict.com\/wp-content\/uploads\/2024\/06\/IMG-20231121-WA0182.jpg","contentUrl":"https:\/\/pistonaddict.com\/wp-content\/uploads\/2024\/06\/IMG-20231121-WA0182.jpg","width":2048,"height":1536},{"@type":"BreadcrumbList","@id":"https:\/\/pistonaddict.com\/hr\/product\/lamborghini-urraco-p250\/#breadcrumb","itemListElement":[{"@type":"ListItem","position":1,"name":"Po\u010detna stranica","item":"https:\/\/pistonaddict.com\/hr\/pocetna-stranica-2\/"},{"@type":"ListItem","position":2,"name":"Auctions","item":"https:\/\/pistonaddict.com\/auctions-listing\/"},{"@type":"ListItem","position":3,"name":"Lamborghini Urraco P250"}]},{"@type":"WebSite","@id":"https:\/\/pistonaddict.com\/hr\/#website","url":"https:\/\/pistonaddict.com\/hr\/","name":"Piston Addict","description":"Only interesting vehicles","publisher":{"@id":"https:\/\/pistonaddict.com\/hr\/#organization"},"potentialAction":[{"@type":"SearchAction","target":{"@type":"EntryPoint","urlTemplate":"https:\/\/pistonaddict.com\/hr\/?s={search_term_string}"},"query-input":"required name=search_term_string"}],"inLanguage":"hr"},{"@type":"Organization","@id":"https:\/\/pistonaddict.com\/hr\/#organization","name":"Piston Addict","url":"https:\/\/pistonaddict.com\/hr\/","logo":{"@type":"ImageObject","inLanguage":"hr","@id":"https:\/\/pistonaddict.com\/hr\/#\/schema\/logo\/image\/","url":"https:\/\/pistonaddict.com\/wp-content\/uploads\/2022\/07\/logo-6.png","contentUrl":"https:\/\/pistonaddict.com\/wp-content\/uploads\/2022\/07\/logo-6.png","width":970,"height":200,"caption":"Piston Addict"},"image":{"@id":"https:\/\/pistonaddict.com\/hr\/#\/schema\/logo\/image\/"}}]}},"_links":{"self":[{"href":"https:\/\/pistonaddict.com\/hr\/wp-json\/wp\/v2\/product\/108782"}],"collection":[{"href":"https:\/\/pistonaddict.com\/hr\/wp-json\/wp\/v2\/product"}],"about":[{"href":"https:\/\/pistonaddict.com\/hr\/wp-json\/wp\/v2\/types\/product"}],"replies":[{"embeddable":true,"href":"https:\/\/pistonaddict.com\/hr\/wp-json\/wp\/v2\/comments?post=108782"}],"wp:featuredmedia":[{"embeddable":true,"href":"https:\/\/pistonaddict.com\/hr\/wp-json\/wp\/v2\/media\/108750"}],"wp:attachment":[{"href":"https:\/\/pistonaddict.com\/hr\/wp-json\/wp\/v2\/media?parent=108782"}],"wp:term":[{"taxonomy":"product_cat","embeddable":true,"href":"https:\/\/pistonaddict.com\/hr\/wp-json\/wp\/v2\/product_cat?post=108782"},{"taxonomy":"product_tag","embeddable":true,"href":"https:\/\/pistonaddict.com\/hr\/wp-json\/wp\/v2\/product_tag?post=108782"}],"curies":[{"name":"wp","href":"https:\/\/api.w.org\/{rel}","templated":true}]}}