{"id":104838,"date":"2024-05-21T11:33:26","date_gmt":"2024-05-21T09:33:26","guid":{"rendered":"https:\/\/pistonaddict.com\/product\/fisker-karma-2\/"},"modified":"2024-05-21T14:15:28","modified_gmt":"2024-05-21T12:15:28","slug":"fisker-karma-2","status":"publish","type":"product","link":"https:\/\/pistonaddict.com\/hr\/product\/fisker-karma-2\/","title":{"rendered":"Fisker karma"},"content":{"rendered":"<p><strong>Povijest automobila<\/strong><\/p>\n<p>Fisker Karma, dokaz genija Henrika Fiskera, predstavljen je 2011. Ovo plug-in hibridno elektri\u010dno vozilo (PHEV) ne samo da je pomaknulo granice automobilskog dizajna i tehnologije, ve\u0107 je i osvojilo srca svojom upe\u010datljivom estetikom, luksuznom unutra\u0161njosti i inovativnim in\u017eenjeringom. Dok hibridi u to vrijeme nisu bili novost, Karma je redefinirala percepcije, transformiraju\u0107i ih iz ovozemaljskih u aspiracijske. Besprijekorno spaja performanse i odr\u017eivost, \u010dine\u0107i hibride ekolo\u0161ki prihvatljivima i elegantnima te uzbudljivim za vo\u017enju. Pokretana sna\u017enom kombinacijom 2,0-litrenog benzinskog motora s turbopunja\u010dem i dva elektromotora, Karma se mo\u017ee pohvaliti impresivnim performansama. Njegovo ubrzanje od 0 do 100 km\/h za samo 5,9 sekundi i najve\u0107a brzina ve\u0107a od 200 km\/h pokazali su njegov pedigre sportskog automobila. Ipak, postigao je te podvige uz zadr\u017eavanje hvalevrijedne u\u010dinkovitosti goriva. Osim performansi, Karmin dizajn postao je njezina zna\u010dajka. Njegove graciozne linije i impresivna pojava okretale su poglede kamo god je stigao, zaradiv\u0161i divljenje ljubitelja automobila \u0161irom svijeta. Ovaj specifi\u010dni model, iteracija druge serije iz 2013., ima mjesto rijetkosti i ekskluzivnosti. Me\u0111u 2.349 napravljenih Fisker karma, ova je me\u0111u posljednjom serijom, nose\u0107i serijski broj 2.259. Rijedak dragulj, samo 188 vozila diljem svijeta mo\u017ee se pohvaliti ovom jedinstvenom kombinacijom boja i naplataka.<\/p>\n<p><strong>Uvjet<\/strong><\/p>\n<p>Sa samo 82.080 km, uz sveobuhvatnu servisnu povijest i samo nekoliko predanih vlasnika, ova Karma stoji u besprijekornom stanju. \u0160to se ti\u010de u\u010dinkovitosti goriva, Fiskerova tvrdnja da samo elektri\u010dni domet prelazi 80 km dobro je utemeljena, \u0161to ga \u010dini prikladnim za svakodnevna putovanja na posao. \u0160tovi\u0161e, izvanredne brojke pojavljuju se pri kori\u0161tenju benzina i elektri\u010dne energije, u prosjeku samo 4,5 litara goriva na 100 km. Potencijalni kupci \u0107e cijeniti precizno odr\u017eavanje ovog vozila, \u0161to dokazuje sveobuhvatna servisna evidencija. Zamjena ulja obavljena je krajem 2022., kompletan servis u o\u017eujku 2024., a remont ko\u010dionog sustava u svibnju 2024. kako bi se osiguralo da je ova elegantna crna Karma u vrhunskom stanju. Najva\u017enije je napomenuti da je baterija bila prazna 2017. kada je sada\u0161nji vlasnik kupio automobil\u2014\u0161to zna\u010di da \u0107e budu\u0107i vlasnici imati iskustvo vlasni\u0161tva bez problema.<\/p>\n<p><strong>Unutra\u0161njost<\/strong><\/p>\n<p>Kombinacija crne ko\u017ee i alcantare savr\u0161eno pristaje uz vanjski izgled, ali najva\u017enije je da je unutra\u0161njost u stanju kao nova, bez ikakvih poderotina, o\u0161te\u0107enja i preinaka. Infotainment i audio sustavi su prisutni, a vrata bez okvira doprinose sportskom i coupe dojmu ove limuzine. Zbog svoje specifi\u010dne konstrukcije, Karma se nalazi nisko i putnicima pru\u017ea vi\u0161e unutarnjeg prostora od konkurencije. Svaka zna\u010dajka, poput grijanja sjedala, funkcionalna je i u radnom stanju.<\/p>\n<p><strong>Vanjski izgled i kota\u010di<\/strong><\/p>\n<p>Sjajna crna boja je u vrhunskom stanju, bez ogrebotina, tragova ili o\u0161te\u0107enja. Jedinstveni solarni krov prisutan je i funkcionalan i jo\u0161 uvijek slu\u017ei kao jedna od najistaknutijih zna\u010dajki ovog modela. Ova Karma je opremljena dodatnim 22-in\u010dnim kota\u010dima omotanim Pirelli gumama na prednjim kota\u010dima i Goodyear gumama straga. Prednje gume su montirane u o\u017eujku 2024. i u stanju su kao nove. Jedini popravak izvana je obnavljanje kota\u010da jedinstvenog izgleda tako da izgledaju kao da su upravo isporu\u010deni.<\/p>\n<p><strong>Dokumentacija<\/strong><\/p>\n<p>Ovaj se automobil nalazi u \u0160vicarskoj i prodaje ga privatna stranka. <a href=\"https:\/\/pistonaddict.com\/wp-content\/uploads\/2024\/05\/YH4K14AA4CA002259.pdf\">CarVertical izvje\u0161\u0107e<\/a> je \u010disto; nema dokaza o nesre\u0107ama, popravcima nesre\u0107e, vlasni\u0161tvu ili pravnim problemima. Postoje evidencije redovnog odr\u017eavanja, ra\u010duni o prodaji i ra\u010duni. Za ovaj model ne postoji tvorni\u010dko jamstvo.<\/p>\n<p><strong>Pogledajte video ove prekrasne Fisker Karme:<\/strong><\/p>\n<p><iframe title=\"Video Tour of the Fisker Karma for auction sale\" width=\"1200\" height=\"675\" src=\"https:\/\/www.youtube.com\/embed\/xv_ZkvmcPKw?feature=oembed\" frameborder=\"0\" allow=\"accelerometer; autoplay; clipboard-write; encrypted-media; gyroscope; picture-in-picture; web-share\" referrerpolicy=\"strict-origin-when-cross-origin\" allowfullscreen><\/iframe><\/p>\n","protected":false},"excerpt":{"rendered":"<p>Fisker Karma \u0107e zauvijek ostati zapam\u0107ena kao jedan od najzanimljivijih i jedan od prvih hibrida globalno dostupnih. Sa svojim jedinstvenim dizajnom, sna\u017enim pogonskim sklopom, izvrsnim zna\u010dajkama i vrlo niskim proizvodnim brojkama, Karma je zapravo prvi kolekcionarski automobil moderne EV\/Hybrid ere. Budu\u0107i klasik? Definitivno!<\/p>\n","protected":false},"featured_media":104612,"comment_status":"open","ping_status":"closed","template":"","meta":{"inline_featured_image":false},"product_cat":[722],"product_tag":[4073,4075,917,1759,4076],"acf":[],"yoast_head":"<!-- This site is optimized with the Yoast SEO plugin v22.5 - https:\/\/yoast.com\/wordpress\/plugins\/seo\/ -->\n<title>Fisker karma - Piston Addict<\/title>\n<meta name=\"robots\" content=\"index, follow, max-snippet:-1, max-image-preview:large, max-video-preview:-1\" \/>\n<link rel=\"canonical\" href=\"https:\/\/pistonaddict.com\/hr\/product\/fisker-karma-2\/\" \/>\n<meta property=\"og:locale\" content=\"hr_HR\" \/>\n<meta property=\"og:type\" content=\"article\" \/>\n<meta property=\"og:title\" content=\"Fisker karma - Piston Addict\" \/>\n<meta property=\"og:description\" content=\"Fisker Karma \u0107e zauvijek ostati zapam\u0107ena kao jedan od najzanimljivijih i jedan od prvih hibrida globalno dostupnih. Sa svojim jedinstvenim dizajnom, sna\u017enim pogonskim sklopom, izvrsnim zna\u010dajkama i vrlo niskim proizvodnim brojkama, Karma je zapravo prvi kolekcionarski automobil moderne EV\/Hybrid ere. Budu\u0107i klasik? Definitivno!\" \/>\n<meta property=\"og:url\" content=\"https:\/\/pistonaddict.com\/hr\/product\/fisker-karma-2\/\" \/>\n<meta property=\"og:site_name\" content=\"Piston Addict\" \/>\n<meta property=\"article:modified_time\" content=\"2024-05-21T12:15:28+00:00\" \/>\n<meta property=\"og:image\" content=\"https:\/\/pistonaddict.com\/wp-content\/uploads\/2024\/05\/IMG-20240321-WA0010.jpg\" \/>\n\t<meta property=\"og:image:width\" content=\"2000\" \/>\n\t<meta property=\"og:image:height\" content=\"1500\" \/>\n\t<meta property=\"og:image:type\" content=\"image\/jpeg\" \/>\n<meta name=\"twitter:card\" content=\"summary_large_image\" \/>\n<meta name=\"twitter:label1\" content=\"Procijenjeno vrijeme \u010ditanja\" \/>\n\t<meta name=\"twitter:data1\" content=\"3 minute\" \/>\n<script type=\"application\/ld+json\" class=\"yoast-schema-graph\">{\"@context\":\"https:\/\/schema.org\",\"@graph\":[{\"@type\":\"WebPage\",\"@id\":\"https:\/\/pistonaddict.com\/hr\/product\/fisker-karma-2\/\",\"url\":\"https:\/\/pistonaddict.com\/hr\/product\/fisker-karma-2\/\",\"name\":\"Fisker karma - Piston Addict\",\"isPartOf\":{\"@id\":\"https:\/\/pistonaddict.com\/hr\/#website\"},\"primaryImageOfPage\":{\"@id\":\"https:\/\/pistonaddict.com\/hr\/product\/fisker-karma-2\/#primaryimage\"},\"image\":{\"@id\":\"https:\/\/pistonaddict.com\/hr\/product\/fisker-karma-2\/#primaryimage\"},\"thumbnailUrl\":\"https:\/\/pistonaddict.com\/wp-content\/uploads\/2024\/05\/IMG-20240321-WA0010.jpg\",\"datePublished\":\"2024-05-21T09:33:26+00:00\",\"dateModified\":\"2024-05-21T12:15:28+00:00\",\"breadcrumb\":{\"@id\":\"https:\/\/pistonaddict.com\/hr\/product\/fisker-karma-2\/#breadcrumb\"},\"inLanguage\":\"hr\",\"potentialAction\":[{\"@type\":\"ReadAction\",\"target\":[\"https:\/\/pistonaddict.com\/hr\/product\/fisker-karma-2\/\"]}]},{\"@type\":\"ImageObject\",\"inLanguage\":\"hr\",\"@id\":\"https:\/\/pistonaddict.com\/hr\/product\/fisker-karma-2\/#primaryimage\",\"url\":\"https:\/\/pistonaddict.com\/wp-content\/uploads\/2024\/05\/IMG-20240321-WA0010.jpg\",\"contentUrl\":\"https:\/\/pistonaddict.com\/wp-content\/uploads\/2024\/05\/IMG-20240321-WA0010.jpg\",\"width\":2000,\"height\":1500},{\"@type\":\"BreadcrumbList\",\"@id\":\"https:\/\/pistonaddict.com\/hr\/product\/fisker-karma-2\/#breadcrumb\",\"itemListElement\":[{\"@type\":\"ListItem\",\"position\":1,\"name\":\"Po\u010detna stranica\",\"item\":\"https:\/\/pistonaddict.com\/hr\/pocetna-stranica-2\/\"},{\"@type\":\"ListItem\",\"position\":2,\"name\":\"Auctions\",\"item\":\"https:\/\/pistonaddict.com\/auctions-listing\/\"},{\"@type\":\"ListItem\",\"position\":3,\"name\":\"Fisker karma\"}]},{\"@type\":\"WebSite\",\"@id\":\"https:\/\/pistonaddict.com\/hr\/#website\",\"url\":\"https:\/\/pistonaddict.com\/hr\/\",\"name\":\"Piston Addict\",\"description\":\"Only interesting vehicles\",\"publisher\":{\"@id\":\"https:\/\/pistonaddict.com\/hr\/#organization\"},\"potentialAction\":[{\"@type\":\"SearchAction\",\"target\":{\"@type\":\"EntryPoint\",\"urlTemplate\":\"https:\/\/pistonaddict.com\/hr\/?s={search_term_string}\"},\"query-input\":\"required name=search_term_string\"}],\"inLanguage\":\"hr\"},{\"@type\":\"Organization\",\"@id\":\"https:\/\/pistonaddict.com\/hr\/#organization\",\"name\":\"Piston Addict\",\"url\":\"https:\/\/pistonaddict.com\/hr\/\",\"logo\":{\"@type\":\"ImageObject\",\"inLanguage\":\"hr\",\"@id\":\"https:\/\/pistonaddict.com\/hr\/#\/schema\/logo\/image\/\",\"url\":\"https:\/\/pistonaddict.com\/wp-content\/uploads\/2022\/07\/logo-6.png\",\"contentUrl\":\"https:\/\/pistonaddict.com\/wp-content\/uploads\/2022\/07\/logo-6.png\",\"width\":970,\"height\":200,\"caption\":\"Piston Addict\"},\"image\":{\"@id\":\"https:\/\/pistonaddict.com\/hr\/#\/schema\/logo\/image\/\"}}]}<\/script>\n<!-- \/ Yoast SEO plugin. -->","yoast_head_json":{"title":"Fisker karma - Piston Addict","robots":{"index":"index","follow":"follow","max-snippet":"max-snippet:-1","max-image-preview":"max-image-preview:large","max-video-preview":"max-video-preview:-1"},"canonical":"https:\/\/pistonaddict.com\/hr\/product\/fisker-karma-2\/","og_locale":"hr_HR","og_type":"article","og_title":"Fisker karma - Piston Addict","og_description":"Fisker Karma \u0107e zauvijek ostati zapam\u0107ena kao jedan od najzanimljivijih i jedan od prvih hibrida globalno dostupnih. Sa svojim jedinstvenim dizajnom, sna\u017enim pogonskim sklopom, izvrsnim zna\u010dajkama i vrlo niskim proizvodnim brojkama, Karma je zapravo prvi kolekcionarski automobil moderne EV\/Hybrid ere. Budu\u0107i klasik? Definitivno!","og_url":"https:\/\/pistonaddict.com\/hr\/product\/fisker-karma-2\/","og_site_name":"Piston Addict","article_modified_time":"2024-05-21T12:15:28+00:00","og_image":[{"width":2000,"height":1500,"url":"https:\/\/pistonaddict.com\/wp-content\/uploads\/2024\/05\/IMG-20240321-WA0010.jpg","type":"image\/jpeg"}],"twitter_card":"summary_large_image","twitter_misc":{"Procijenjeno vrijeme \u010ditanja":"3 minute"},"schema":{"@context":"https:\/\/schema.org","@graph":[{"@type":"WebPage","@id":"https:\/\/pistonaddict.com\/hr\/product\/fisker-karma-2\/","url":"https:\/\/pistonaddict.com\/hr\/product\/fisker-karma-2\/","name":"Fisker karma - Piston Addict","isPartOf":{"@id":"https:\/\/pistonaddict.com\/hr\/#website"},"primaryImageOfPage":{"@id":"https:\/\/pistonaddict.com\/hr\/product\/fisker-karma-2\/#primaryimage"},"image":{"@id":"https:\/\/pistonaddict.com\/hr\/product\/fisker-karma-2\/#primaryimage"},"thumbnailUrl":"https:\/\/pistonaddict.com\/wp-content\/uploads\/2024\/05\/IMG-20240321-WA0010.jpg","datePublished":"2024-05-21T09:33:26+00:00","dateModified":"2024-05-21T12:15:28+00:00","breadcrumb":{"@id":"https:\/\/pistonaddict.com\/hr\/product\/fisker-karma-2\/#breadcrumb"},"inLanguage":"hr","potentialAction":[{"@type":"ReadAction","target":["https:\/\/pistonaddict.com\/hr\/product\/fisker-karma-2\/"]}]},{"@type":"ImageObject","inLanguage":"hr","@id":"https:\/\/pistonaddict.com\/hr\/product\/fisker-karma-2\/#primaryimage","url":"https:\/\/pistonaddict.com\/wp-content\/uploads\/2024\/05\/IMG-20240321-WA0010.jpg","contentUrl":"https:\/\/pistonaddict.com\/wp-content\/uploads\/2024\/05\/IMG-20240321-WA0010.jpg","width":2000,"height":1500},{"@type":"BreadcrumbList","@id":"https:\/\/pistonaddict.com\/hr\/product\/fisker-karma-2\/#breadcrumb","itemListElement":[{"@type":"ListItem","position":1,"name":"Po\u010detna stranica","item":"https:\/\/pistonaddict.com\/hr\/pocetna-stranica-2\/"},{"@type":"ListItem","position":2,"name":"Auctions","item":"https:\/\/pistonaddict.com\/auctions-listing\/"},{"@type":"ListItem","position":3,"name":"Fisker karma"}]},{"@type":"WebSite","@id":"https:\/\/pistonaddict.com\/hr\/#website","url":"https:\/\/pistonaddict.com\/hr\/","name":"Piston Addict","description":"Only interesting vehicles","publisher":{"@id":"https:\/\/pistonaddict.com\/hr\/#organization"},"potentialAction":[{"@type":"SearchAction","target":{"@type":"EntryPoint","urlTemplate":"https:\/\/pistonaddict.com\/hr\/?s={search_term_string}"},"query-input":"required name=search_term_string"}],"inLanguage":"hr"},{"@type":"Organization","@id":"https:\/\/pistonaddict.com\/hr\/#organization","name":"Piston Addict","url":"https:\/\/pistonaddict.com\/hr\/","logo":{"@type":"ImageObject","inLanguage":"hr","@id":"https:\/\/pistonaddict.com\/hr\/#\/schema\/logo\/image\/","url":"https:\/\/pistonaddict.com\/wp-content\/uploads\/2022\/07\/logo-6.png","contentUrl":"https:\/\/pistonaddict.com\/wp-content\/uploads\/2022\/07\/logo-6.png","width":970,"height":200,"caption":"Piston Addict"},"image":{"@id":"https:\/\/pistonaddict.com\/hr\/#\/schema\/logo\/image\/"}}]}},"_links":{"self":[{"href":"https:\/\/pistonaddict.com\/hr\/wp-json\/wp\/v2\/product\/104838"}],"collection":[{"href":"https:\/\/pistonaddict.com\/hr\/wp-json\/wp\/v2\/product"}],"about":[{"href":"https:\/\/pistonaddict.com\/hr\/wp-json\/wp\/v2\/types\/product"}],"replies":[{"embeddable":true,"href":"https:\/\/pistonaddict.com\/hr\/wp-json\/wp\/v2\/comments?post=104838"}],"wp:featuredmedia":[{"embeddable":true,"href":"https:\/\/pistonaddict.com\/hr\/wp-json\/wp\/v2\/media\/104612"}],"wp:attachment":[{"href":"https:\/\/pistonaddict.com\/hr\/wp-json\/wp\/v2\/media?parent=104838"}],"wp:term":[{"taxonomy":"product_cat","embeddable":true,"href":"https:\/\/pistonaddict.com\/hr\/wp-json\/wp\/v2\/product_cat?post=104838"},{"taxonomy":"product_tag","embeddable":true,"href":"https:\/\/pistonaddict.com\/hr\/wp-json\/wp\/v2\/product_tag?post=104838"}],"curies":[{"name":"wp","href":"https:\/\/api.w.org\/{rel}","templated":true}]}}