{"id":104238,"date":"2024-05-17T11:16:20","date_gmt":"2024-05-17T09:16:20","guid":{"rendered":"https:\/\/pistonaddict.com\/product\/pontiac-bonneville-brougham-iz-1979\/"},"modified":"2024-05-17T15:57:25","modified_gmt":"2024-05-17T13:57:25","slug":"1979-pontiac-bonneville-brougham","status":"publish","type":"product","link":"https:\/\/pistonaddict.com\/hr\/product\/1979-pontiac-bonneville-brougham\/","title":{"rendered":"Pontiac Bonneville Brougham iz 1979"},"content":{"rendered":"<p><strong>Povijest automobila<\/strong><\/p>\n<p>U GM-ovoj nomenklaturi Pontiac Bonneville imao je posebno mjesto. Iako je bio blisko povezan s obi\u010dnijim Chevrolet Impala i Caprice, jedinstvene zna\u010dajke dizajna, vrhunski luksuz i privla\u010dnost performansi jasno ga izdvajaju od ostatka rase. Otkako je prvi model Bonneville predstavljen 1958. godine, ova plo\u010dica s imenom imala je posebnu privla\u010dnost me\u0111u ljubiteljima automobila u SAD-u. Unato\u010d tome \u0161to je bio manje sna\u017ean od svojih prethodnika, Bonneville iz 1979. smatran je jednom od najboljih limuzina na tr\u017ei\u0161tu i najboljim izborom za probirljive entuzijaste koji \u017eele spoj luksuza i performansi. Ova \u0161esta generacija predstavljena je 1977. i prodavala se do 1981. prije nego \u0161to ju je GM zamijenio manjim i ne tako atraktivnim modelom. Zato je ba\u0161 ovaj Bonneville toliko zanimljiv. Ne samo da je to jedna od posljednjih pravih Pontiac limuzina, ve\u0107 je i primjerak s jedinstvenom pri\u010dom iu besprijekornom je stanju. Budu\u0107i da se radi o Bonneville Broughamu (vrhunskom modelu), on je i prili\u010dno rijedak, a Pontiac je te godine napravio samo oko 17.300 primjeraka. Ispod haube je opcijski 350 V8 (5,7 litara) sa 170 KS uparen s 4-stupanjskim automatskim mjenja\u010dem.<\/p>\n<p>Ovaj konkretni primjerak prvotno je prodan u Meksiku 1979. i odmah nakon toga uvezen u \u0160panjolsku. Zato ima brzinomjer u kilometrima i druge specifi\u010dne detalje. Vlasnik ga je uvezao i koristio sporadi\u010dno, tako da je auto pre\u0161ao samo 31.000 kilometara. Sada\u0161nji vlasnik ga je kupio 2019. godine od obitelji prvobitnog vlasnika i restaurirao vozilo (farbanje i nekoliko detalja), \u010dime je ova tra\u017eena limuzina dovedena u novo stanje.<\/p>\n<p><strong>Unutra\u0161njost<\/strong><\/p>\n<p>Kada sjednete za volan Pontiaca Bonnevillea iz 1979., va\u0161e ideje o tome \u0161to je luksuzni interijer odmah \u0107e se promijeniti. Masivna i udobna sjedala od velura, mnogo prostora u unutra\u0161njosti, kromirani detalji i ti\u0161ina neusporedivi su \u010dak ni kod mnogih automobila koji nikad nisu bili u pitanju. Presvlake i tepisi u boji karamele savr\u0161eno pristaju umetcima od drva i boji eksterijera, te je vrhunski primjer estetike Detroita kasnih 70-ih. To je tako\u0111er dobro opremljeno vozilo s elektri\u010dnim prozorima i retrovizorima, automatskim klima ure\u0111ajem pretvorenim u moderni plin, stereo sustavom i tempomatom. Sve je potpuno funkcionalno i bez ikakvih o\u0161te\u0107enja.<\/p>\n<p><strong>Stanje automobila<\/strong><\/p>\n<p>S to\u010dno 31.619 kilometara na odometru, ovaj Bonneville Brougham je uvijek bio u gara\u017ei i pod jedinstvenim poklopcem kada nije bio u upotrebi. Zbog nedavnog prebojavanja u originalnu boju, sa sigurno\u0161\u0107u mo\u017eemo re\u0107i da je vozilo u stanju kao novo. Kromirani detalji su sjajni; sva oprema je u savr\u0161enom stanju sa originalnim felgama i gumama ispravnim za period. Auto je servisiran, promijenjeno ulje i remont ko\u010dnica u travnju 2024., dok su 2021. obavljeni neki elektro radovi. S obzirom na kilometra\u017eu, stanje i providnost, ovo bi mogao biti najbolji Bonneville Brougham iz 1979. Ovaj auto je pro\u0161ao ITV tehni\u010dki pregled koji vrijedi do 2028 godine.<\/p>\n<p><strong>Eksterijer i kota\u010di<\/strong><\/p>\n<p>Limarija besprijekorna nakon profesionalne i ispravne nove boje u originalnoj boji. Prelakiranje je uspjelo jer je karoserija bila savr\u0161eno o\u010duvana bez korozije, o\u0161te\u0107enja i popravka. S originalnim \u017ei\u010danim kota\u010dima, vlasnik je montirao karakteristi\u010dne i originalne whitewall gume 2021. godine.<\/p>\n<p><strong>Dokumentacija<\/strong><\/p>\n<p>Vozilo se nalazi u \u0160panjolskoj i dolazi s opse\u017enom dokumentacijom, uklju\u010duju\u0107i ra\u010dune od odr\u017eavanja, dokumentaciju od \u0161panjolskog pregleda vozila, odobrenje za status klasi\u010dnog automobila i tako dalje. Ne postoje zapisi o \u0161teti, povratu od kra\u0111e ili zahtjevima za osiguranje. Dokumentacija pokriva vozilo od prvog dana i ispunjena je dokazom izuzetne brige.<\/p>\n<p><strong>Pogledajte videozapis hladnog pokretanja ovog besprijekornog Pontiaca Bonnevillea iz 1979.:<\/strong><\/p>\n<p><iframe title=\"Cold Start Video of the incredible 1979 Pontiac Bonneville\" width=\"1200\" height=\"675\" src=\"https:\/\/www.youtube.com\/embed\/6DKO8uhEkN8?feature=oembed\" frameborder=\"0\" allow=\"accelerometer; autoplay; clipboard-write; encrypted-media; gyroscope; picture-in-picture; web-share\" referrerpolicy=\"strict-origin-when-cross-origin\" allowfullscreen><\/iframe><\/p>\n","protected":false},"excerpt":{"rendered":"<p>U povijesti automobila, Pontiac \u0107e biti zapam\u0107en kao GM-ov uzbudljivi brend, s linijom sna\u017enih mi\u0161i\u0107avih automobila, elegantnih oblika i inovativnog dizajna. Bonneville iz 1979. nalazi se na vrhu ponude modela i ozna\u010dava kraj jedne ere limuzina pune veli\u010dine. S neusporedivim stilom, obiljem prostora i nizom luksuznih zna\u010dajki, ova je limuzina vrhunski primjer klasi\u010dnog ameri\u010dkog automobila.<\/p>\n","protected":false},"featured_media":104281,"comment_status":"open","ping_status":"closed","template":"","meta":{"inline_featured_image":false},"product_cat":[722],"product_tag":[3973,4036,917],"acf":[],"yoast_head":"<!-- This site is optimized with the Yoast SEO plugin v22.5 - https:\/\/yoast.com\/wordpress\/plugins\/seo\/ -->\n<title>Pontiac Bonneville Brougham iz 1979 - Piston Addict<\/title>\n<meta name=\"robots\" content=\"index, follow, max-snippet:-1, max-image-preview:large, max-video-preview:-1\" \/>\n<link rel=\"canonical\" href=\"https:\/\/pistonaddict.com\/hr\/product\/1979-pontiac-bonneville-brougham\/\" \/>\n<meta property=\"og:locale\" content=\"hr_HR\" \/>\n<meta property=\"og:type\" content=\"article\" \/>\n<meta property=\"og:title\" content=\"Pontiac Bonneville Brougham iz 1979 - Piston Addict\" \/>\n<meta property=\"og:description\" content=\"U povijesti automobila, Pontiac \u0107e biti zapam\u0107en kao GM-ov uzbudljivi brend, s linijom sna\u017enih mi\u0161i\u0107avih automobila, elegantnih oblika i inovativnog dizajna. Bonneville iz 1979. nalazi se na vrhu ponude modela i ozna\u010dava kraj jedne ere limuzina pune veli\u010dine. S neusporedivim stilom, obiljem prostora i nizom luksuznih zna\u010dajki, ova je limuzina vrhunski primjer klasi\u010dnog ameri\u010dkog automobila.\" \/>\n<meta property=\"og:url\" content=\"https:\/\/pistonaddict.com\/hr\/product\/1979-pontiac-bonneville-brougham\/\" \/>\n<meta property=\"og:site_name\" content=\"Piston Addict\" \/>\n<meta property=\"article:modified_time\" content=\"2024-05-17T13:57:25+00:00\" \/>\n<meta property=\"og:image\" content=\"https:\/\/pistonaddict.com\/wp-content\/uploads\/2024\/05\/5a7bfe0d-cda7-49a4-89d2-85a67cfe2d90-1.jpg\" \/>\n\t<meta property=\"og:image:width\" content=\"2016\" \/>\n\t<meta property=\"og:image:height\" content=\"1134\" \/>\n\t<meta property=\"og:image:type\" content=\"image\/jpeg\" \/>\n<meta name=\"twitter:card\" content=\"summary_large_image\" \/>\n<meta name=\"twitter:label1\" content=\"Procijenjeno vrijeme \u010ditanja\" \/>\n\t<meta name=\"twitter:data1\" content=\"3 minute\" \/>\n<script type=\"application\/ld+json\" class=\"yoast-schema-graph\">{\"@context\":\"https:\/\/schema.org\",\"@graph\":[{\"@type\":\"WebPage\",\"@id\":\"https:\/\/pistonaddict.com\/hr\/product\/1979-pontiac-bonneville-brougham\/\",\"url\":\"https:\/\/pistonaddict.com\/hr\/product\/1979-pontiac-bonneville-brougham\/\",\"name\":\"Pontiac Bonneville Brougham iz 1979 - Piston Addict\",\"isPartOf\":{\"@id\":\"https:\/\/pistonaddict.com\/hr\/#website\"},\"primaryImageOfPage\":{\"@id\":\"https:\/\/pistonaddict.com\/hr\/product\/1979-pontiac-bonneville-brougham\/#primaryimage\"},\"image\":{\"@id\":\"https:\/\/pistonaddict.com\/hr\/product\/1979-pontiac-bonneville-brougham\/#primaryimage\"},\"thumbnailUrl\":\"https:\/\/pistonaddict.com\/wp-content\/uploads\/2024\/05\/5a7bfe0d-cda7-49a4-89d2-85a67cfe2d90-1.jpg\",\"datePublished\":\"2024-05-17T09:16:20+00:00\",\"dateModified\":\"2024-05-17T13:57:25+00:00\",\"breadcrumb\":{\"@id\":\"https:\/\/pistonaddict.com\/hr\/product\/1979-pontiac-bonneville-brougham\/#breadcrumb\"},\"inLanguage\":\"hr\",\"potentialAction\":[{\"@type\":\"ReadAction\",\"target\":[\"https:\/\/pistonaddict.com\/hr\/product\/1979-pontiac-bonneville-brougham\/\"]}]},{\"@type\":\"ImageObject\",\"inLanguage\":\"hr\",\"@id\":\"https:\/\/pistonaddict.com\/hr\/product\/1979-pontiac-bonneville-brougham\/#primaryimage\",\"url\":\"https:\/\/pistonaddict.com\/wp-content\/uploads\/2024\/05\/5a7bfe0d-cda7-49a4-89d2-85a67cfe2d90-1.jpg\",\"contentUrl\":\"https:\/\/pistonaddict.com\/wp-content\/uploads\/2024\/05\/5a7bfe0d-cda7-49a4-89d2-85a67cfe2d90-1.jpg\",\"width\":2016,\"height\":1134},{\"@type\":\"BreadcrumbList\",\"@id\":\"https:\/\/pistonaddict.com\/hr\/product\/1979-pontiac-bonneville-brougham\/#breadcrumb\",\"itemListElement\":[{\"@type\":\"ListItem\",\"position\":1,\"name\":\"Po\u010detna stranica\",\"item\":\"https:\/\/pistonaddict.com\/hr\/pocetna-stranica-2\/\"},{\"@type\":\"ListItem\",\"position\":2,\"name\":\"Auctions\",\"item\":\"https:\/\/pistonaddict.com\/auctions-listing\/\"},{\"@type\":\"ListItem\",\"position\":3,\"name\":\"Pontiac Bonneville Brougham iz 1979\"}]},{\"@type\":\"WebSite\",\"@id\":\"https:\/\/pistonaddict.com\/hr\/#website\",\"url\":\"https:\/\/pistonaddict.com\/hr\/\",\"name\":\"Piston Addict\",\"description\":\"Only interesting vehicles\",\"publisher\":{\"@id\":\"https:\/\/pistonaddict.com\/hr\/#organization\"},\"potentialAction\":[{\"@type\":\"SearchAction\",\"target\":{\"@type\":\"EntryPoint\",\"urlTemplate\":\"https:\/\/pistonaddict.com\/hr\/?s={search_term_string}\"},\"query-input\":\"required name=search_term_string\"}],\"inLanguage\":\"hr\"},{\"@type\":\"Organization\",\"@id\":\"https:\/\/pistonaddict.com\/hr\/#organization\",\"name\":\"Piston Addict\",\"url\":\"https:\/\/pistonaddict.com\/hr\/\",\"logo\":{\"@type\":\"ImageObject\",\"inLanguage\":\"hr\",\"@id\":\"https:\/\/pistonaddict.com\/hr\/#\/schema\/logo\/image\/\",\"url\":\"https:\/\/pistonaddict.com\/wp-content\/uploads\/2022\/07\/logo-6.png\",\"contentUrl\":\"https:\/\/pistonaddict.com\/wp-content\/uploads\/2022\/07\/logo-6.png\",\"width\":970,\"height\":200,\"caption\":\"Piston Addict\"},\"image\":{\"@id\":\"https:\/\/pistonaddict.com\/hr\/#\/schema\/logo\/image\/\"}}]}<\/script>\n<!-- \/ Yoast SEO plugin. -->","yoast_head_json":{"title":"Pontiac Bonneville Brougham iz 1979 - Piston Addict","robots":{"index":"index","follow":"follow","max-snippet":"max-snippet:-1","max-image-preview":"max-image-preview:large","max-video-preview":"max-video-preview:-1"},"canonical":"https:\/\/pistonaddict.com\/hr\/product\/1979-pontiac-bonneville-brougham\/","og_locale":"hr_HR","og_type":"article","og_title":"Pontiac Bonneville Brougham iz 1979 - Piston Addict","og_description":"U povijesti automobila, Pontiac \u0107e biti zapam\u0107en kao GM-ov uzbudljivi brend, s linijom sna\u017enih mi\u0161i\u0107avih automobila, elegantnih oblika i inovativnog dizajna. Bonneville iz 1979. nalazi se na vrhu ponude modela i ozna\u010dava kraj jedne ere limuzina pune veli\u010dine. S neusporedivim stilom, obiljem prostora i nizom luksuznih zna\u010dajki, ova je limuzina vrhunski primjer klasi\u010dnog ameri\u010dkog automobila.","og_url":"https:\/\/pistonaddict.com\/hr\/product\/1979-pontiac-bonneville-brougham\/","og_site_name":"Piston Addict","article_modified_time":"2024-05-17T13:57:25+00:00","og_image":[{"width":2016,"height":1134,"url":"https:\/\/pistonaddict.com\/wp-content\/uploads\/2024\/05\/5a7bfe0d-cda7-49a4-89d2-85a67cfe2d90-1.jpg","type":"image\/jpeg"}],"twitter_card":"summary_large_image","twitter_misc":{"Procijenjeno vrijeme \u010ditanja":"3 minute"},"schema":{"@context":"https:\/\/schema.org","@graph":[{"@type":"WebPage","@id":"https:\/\/pistonaddict.com\/hr\/product\/1979-pontiac-bonneville-brougham\/","url":"https:\/\/pistonaddict.com\/hr\/product\/1979-pontiac-bonneville-brougham\/","name":"Pontiac Bonneville Brougham iz 1979 - Piston Addict","isPartOf":{"@id":"https:\/\/pistonaddict.com\/hr\/#website"},"primaryImageOfPage":{"@id":"https:\/\/pistonaddict.com\/hr\/product\/1979-pontiac-bonneville-brougham\/#primaryimage"},"image":{"@id":"https:\/\/pistonaddict.com\/hr\/product\/1979-pontiac-bonneville-brougham\/#primaryimage"},"thumbnailUrl":"https:\/\/pistonaddict.com\/wp-content\/uploads\/2024\/05\/5a7bfe0d-cda7-49a4-89d2-85a67cfe2d90-1.jpg","datePublished":"2024-05-17T09:16:20+00:00","dateModified":"2024-05-17T13:57:25+00:00","breadcrumb":{"@id":"https:\/\/pistonaddict.com\/hr\/product\/1979-pontiac-bonneville-brougham\/#breadcrumb"},"inLanguage":"hr","potentialAction":[{"@type":"ReadAction","target":["https:\/\/pistonaddict.com\/hr\/product\/1979-pontiac-bonneville-brougham\/"]}]},{"@type":"ImageObject","inLanguage":"hr","@id":"https:\/\/pistonaddict.com\/hr\/product\/1979-pontiac-bonneville-brougham\/#primaryimage","url":"https:\/\/pistonaddict.com\/wp-content\/uploads\/2024\/05\/5a7bfe0d-cda7-49a4-89d2-85a67cfe2d90-1.jpg","contentUrl":"https:\/\/pistonaddict.com\/wp-content\/uploads\/2024\/05\/5a7bfe0d-cda7-49a4-89d2-85a67cfe2d90-1.jpg","width":2016,"height":1134},{"@type":"BreadcrumbList","@id":"https:\/\/pistonaddict.com\/hr\/product\/1979-pontiac-bonneville-brougham\/#breadcrumb","itemListElement":[{"@type":"ListItem","position":1,"name":"Po\u010detna stranica","item":"https:\/\/pistonaddict.com\/hr\/pocetna-stranica-2\/"},{"@type":"ListItem","position":2,"name":"Auctions","item":"https:\/\/pistonaddict.com\/auctions-listing\/"},{"@type":"ListItem","position":3,"name":"Pontiac Bonneville Brougham iz 1979"}]},{"@type":"WebSite","@id":"https:\/\/pistonaddict.com\/hr\/#website","url":"https:\/\/pistonaddict.com\/hr\/","name":"Piston Addict","description":"Only interesting vehicles","publisher":{"@id":"https:\/\/pistonaddict.com\/hr\/#organization"},"potentialAction":[{"@type":"SearchAction","target":{"@type":"EntryPoint","urlTemplate":"https:\/\/pistonaddict.com\/hr\/?s={search_term_string}"},"query-input":"required name=search_term_string"}],"inLanguage":"hr"},{"@type":"Organization","@id":"https:\/\/pistonaddict.com\/hr\/#organization","name":"Piston Addict","url":"https:\/\/pistonaddict.com\/hr\/","logo":{"@type":"ImageObject","inLanguage":"hr","@id":"https:\/\/pistonaddict.com\/hr\/#\/schema\/logo\/image\/","url":"https:\/\/pistonaddict.com\/wp-content\/uploads\/2022\/07\/logo-6.png","contentUrl":"https:\/\/pistonaddict.com\/wp-content\/uploads\/2022\/07\/logo-6.png","width":970,"height":200,"caption":"Piston Addict"},"image":{"@id":"https:\/\/pistonaddict.com\/hr\/#\/schema\/logo\/image\/"}}]}},"_links":{"self":[{"href":"https:\/\/pistonaddict.com\/hr\/wp-json\/wp\/v2\/product\/104238"}],"collection":[{"href":"https:\/\/pistonaddict.com\/hr\/wp-json\/wp\/v2\/product"}],"about":[{"href":"https:\/\/pistonaddict.com\/hr\/wp-json\/wp\/v2\/types\/product"}],"replies":[{"embeddable":true,"href":"https:\/\/pistonaddict.com\/hr\/wp-json\/wp\/v2\/comments?post=104238"}],"wp:featuredmedia":[{"embeddable":true,"href":"https:\/\/pistonaddict.com\/hr\/wp-json\/wp\/v2\/media\/104281"}],"wp:attachment":[{"href":"https:\/\/pistonaddict.com\/hr\/wp-json\/wp\/v2\/media?parent=104238"}],"wp:term":[{"taxonomy":"product_cat","embeddable":true,"href":"https:\/\/pistonaddict.com\/hr\/wp-json\/wp\/v2\/product_cat?post=104238"},{"taxonomy":"product_tag","embeddable":true,"href":"https:\/\/pistonaddict.com\/hr\/wp-json\/wp\/v2\/product_tag?post=104238"}],"curies":[{"name":"wp","href":"https:\/\/api.w.org\/{rel}","templated":true}]}}