{"id":3077,"date":"2022-04-29T11:19:54","date_gmt":"2022-04-29T09:19:54","guid":{"rendered":"https:\/\/pistonaddict.com\/politika-privatnosti\/"},"modified":"2022-05-04T18:00:03","modified_gmt":"2022-05-04T16:00:03","slug":"politika-privatnosti","status":"publish","type":"page","link":"https:\/\/pistonaddict.com\/hr\/politika-privatnosti\/","title":{"rendered":"Politika privatnosti"},"content":{"rendered":"\t\t<div data-elementor-type=\"wp-page\" data-elementor-id=\"3077\" class=\"elementor elementor-3077 elementor-339\">\n\t\t\t\t\t\t<section class=\"elementor-section elementor-top-section elementor-element elementor-element-82c15da elementor-section-boxed elementor-section-height-default elementor-section-height-default\" data-id=\"82c15da\" data-element_type=\"section\">\n\t\t\t\t\t\t<div class=\"elementor-container elementor-column-gap-default\">\n\t\t\t\t\t<div class=\"elementor-column elementor-col-100 elementor-top-column elementor-element elementor-element-ddaf1f1\" data-id=\"ddaf1f1\" data-element_type=\"column\">\n\t\t\t<div class=\"elementor-widget-wrap elementor-element-populated\">\n\t\t\t\t\t\t<div class=\"elementor-element elementor-element-25741e6 elementor-widget elementor-widget-text-editor\" data-id=\"25741e6\" data-element_type=\"widget\" data-widget_type=\"text-editor.default\">\n\t\t\t\t<div class=\"elementor-widget-container\">\n\t\t\t<style>\/*! elementor - v3.21.0 - 18-04-2024 *\/\n.elementor-widget-text-editor.elementor-drop-cap-view-stacked .elementor-drop-cap{background-color:#69727d;color:#fff}.elementor-widget-text-editor.elementor-drop-cap-view-framed .elementor-drop-cap{color:#69727d;border:3px solid;background-color:transparent}.elementor-widget-text-editor:not(.elementor-drop-cap-view-default) .elementor-drop-cap{margin-top:8px}.elementor-widget-text-editor:not(.elementor-drop-cap-view-default) .elementor-drop-cap-letter{width:1em;height:1em}.elementor-widget-text-editor .elementor-drop-cap{float:left;text-align:center;line-height:1;font-size:50px}.elementor-widget-text-editor .elementor-drop-cap-letter{display:inline-block}<\/style>\t\t\t\t\n          <p> <\/p>\n          <p>Svrha politike privatnosti je upoznati vas s tim kako <strong>Piston Addict<\/strong> koristi, upravlja i \u0161titi osobne podatke koje ste mo\u017eda prenijeli tvrtki u kontekstu kori\u0161tenja njezine web stranice: https:\/\/www.pistonaddict.com. Ova politika privatnosti temelji se na obvezama urednika web stranice, kako je definirano Op\u0107im propisima o za\u0161titi podataka (GDPR), za sva pitanja koja se odnose na pristanak na prikupljanje osobnih podataka, za\u0161titu i sigurnost osobnih podataka, po\u0161tivanje va\u0161a prava u pogledu pristupa, ispravljanja, obrade, prenosivosti i brisanja va\u0161ih podataka.<\/p>\n          <p>Politika privatnosti <strong>Piston<\/strong> Addicta mo\u017ee se mijenjati u skladu s mogu\u0107im promjenama u zakonodavstvu (RGPD), regulatornim i pravnim okvirima koji odre\u0111uju njezin razvoj i primjenu.<\/p>\n          <div class=\"vc_row wpb_row vc_row-fluid row_bg_bottom vc_custom_1496737831361\"> <\/div>\n          <div class=\"wpb_column vc_column_container vc_col-sm-12\">\n            <div class=\"vc_column-inner\">\n              <div class=\"wpb_wrapper\"> <\/div>\n            <\/div>\n          <\/div>\n          <div class=\"cms-custom-heading-wrap heading2 text-left vc_custom_heading heading2_uppercase \">\n            <h2 class=\"cmsc-custom-heading vc_custom_heading\">1\u00b0 PRIKUPLJANJE OSOBNIH PODATAKA<\/h2>\n          <\/div>\n          <div class=\"wpb_text_column wpb_content_element vc_custom_1621498045904 cms_text_block\">\n            <div class=\"wpb_wrapper \"> <\/div>\n          <\/div>\n          <p>Sasvim je mogu\u0107e pregledavati stranicu https:\/\/www.pistonaddict.com bez otkrivanja va\u0161ih osobnih podataka izdava\u010du web stranice, uz ograni\u010denja koja to name\u0107e u smislu pristupa dijelu informacija i ponu\u0111enih usluga.<\/p>\n          <p>Davanje osobnih podataka (prezime i ime, naziv tvrtke, funkcija u tvrtki, e-mail adresa, broj profesionalne telefonske linije itd.) <strong>Piston Addictu<\/strong> je obveza ako \u017eelite dobiti ponudu, kontaktirati ili zatra\u017eiti informacija.<\/p>\n          <p>Stoga prihva\u0107ate na\u010delo njihovog prikupljanja u svrhe opisane u obrascima kao i u stavku \u201eSvrhe obrade podataka\u201c. Izdava\u010d tako\u0111er prikuplja osobne podatke putem postavljanja datoteka povezivanja, u skladu s va\u017ee\u0107im zakonodavstvom o kori\u0161tenju kola\u010di\u0107a.<\/p>\n          <div class=\"vc_row wpb_row vc_row-fluid row_bg_bottom vc_custom_1496737831361\"> <\/div>\n          <div class=\"wpb_column vc_column_container vc_col-sm-12\">\n            <div class=\"vc_column-inner\">\n              <div class=\"wpb_wrapper\"> <\/div>\n            <\/div>\n          <\/div>\n          <div class=\"cms-custom-heading-wrap heading2 text-left vc_custom_heading heading2_uppercase \">\n            <h2 class=\"cmsc-custom-heading vc_custom_heading\">2\u00b0 ZA\u0160TITA OSOBNIH PODATAKA<\/h2>\n          <\/div>\n          <p><strong>Piston Addict<\/strong> provodi niz sigurnosnih mjera kako bi odr\u017eao sigurnost va\u0161ih osobnih podataka:<\/p>\n          <ul>\n            <li>kori\u0161tenje najsuvremenije enkripcije za za\u0161titu va\u0161ih osobnih podataka koji se prenose putem interneta,<\/li>\n            <li>analiti\u010dki kola\u010di\u0107i omogu\u0107uju prebrojavanje korisnika interneta prilikom analize njihovog pona\u0161anja tijekom posjeta web stranici kako bi se generirala statistika prometa,<\/li>\n            <li>kori\u0161tenje ra\u010dunala i poslu\u017eitelja u sigurnom okru\u017eenju za pohranu i obradu va\u0161ih podataka,<\/li>\n            <li>ograni\u010den pristup osobnim podacima za zaposlenike koji trebaju obavljati odre\u0111ene poslove (fakturiranje i sl.).<\/li>\n          <\/ul>\n          <div class=\"vc_row wpb_row vc_row-fluid row_bg_bottom vc_custom_1496737831361\"> <\/div>\n          <div class=\"wpb_column vc_column_container vc_col-sm-12\">\n            <div class=\"vc_column-inner\">\n              <div class=\"wpb_wrapper\"> <\/div>\n            <\/div>\n          <\/div>\n          <div class=\"cms-custom-heading-wrap heading2 text-left vc_custom_heading heading2_uppercase \">\n            <h2 class=\"cmsc-custom-heading vc_custom_heading\">3\u00b0 OBRADA OSOBNIH PODATAKA<\/h2>\n          <\/div>\n          <div class=\"wpb_text_column wpb_content_element vc_custom_1621498045904 cms_text_block\">\n            <div class=\"wpb_wrapper \"> <\/div>\n          <\/div>\n          <p><strong>Piston Addict<\/strong> ima vrlo strogu politiku obrade osobnih podataka koja se sastoji od toga da ih nikada ne dodjeljuje, posu\u0111uje, iznajmljuje ili preprodaje organizacijama tre\u0107ih strana.<\/p>\n          <p>Svu obradu va\u0161ih osobnih podataka prikupljenih na web stranici https:\/\/www.pistonaddict.com izravno provode \u010dlanovi tima za <strong>u\u010dinkovitost<\/strong> ovla\u0161teni za tu svrhu.<\/p>\n          <p>Stoga pristajete na na\u010delo obrade va\u0161ih osobnih podataka u svrhe opisane u obrascima za kontakt, kreiranju\/upravljanju ra\u010duna kao iu donjem odlomku kako bismo bolje razumjeli va\u0161e potrebe u pogledu proizvoda i usluga.<\/p>\n          <div class=\"vc_row wpb_row vc_row-fluid row_bg_bottom vc_custom_1496737831361\"> <\/div>\n          <div class=\"wpb_column vc_column_container vc_col-sm-12\">\n            <div class=\"vc_column-inner\">\n              <div class=\"wpb_wrapper\"> <\/div>\n            <\/div>\n          <\/div>\n          <div class=\"cms-custom-heading-wrap heading2 text-left vc_custom_heading heading2_uppercase \">\n            <h2 class=\"cmsc-custom-heading vc_custom_heading\">4\u00b0 SVRHE OBRADE PODATAKA<\/h2>\n          <\/div>\n          <div class=\"wpb_text_column wpb_content_element vc_custom_1621498045904 cms_text_block\">\n            <div class=\"wpb_wrapper \"> <\/div>\n          <\/div>\n          <p><strong>Piston Addict<\/strong> provodi ru\u010dnu ili automatiziranu obradu Va\u0161ih osobnih podataka prema odre\u0111enim svrhama:<\/p>\n          <ul>\n            <li>Podaci prikupljeni putem obrazaca za unos informacija na web stranici (kontakt, zahtjev za ponudu, zapo\u0161ljavanje) koriste se za slanje ponuda, stvaranje ili razvoj komercijalnog odnosa, zapo\u0161ljavanje pripravnika i\/ili zaposlenika.<\/li>\n            <li>Podaci prikupljeni tijekom reprodukcije videozapisa objavljenih na specijaliziranim platformama potrebni su za pristup tim stranicama tre\u0107ih strana i izvr\u0161avanje njihovih zahtjeva.<\/li>\n            <li>Podaci prikupljeni kori\u0161tenjem gumba za pristup dru\u0161tvenim mre\u017eama nu\u017eni su da bismo mogli izvr\u0161iti zahtjeve ovih stranica tre\u0107ih strana.<\/li>\n          <\/ul>\n          <div class=\"vc_row wpb_row vc_row-fluid row_bg_bottom vc_custom_1496737831361\"> <\/div>\n          <div class=\"wpb_column vc_column_container vc_col-sm-12\">\n            <div class=\"vc_column-inner\">\n              <div class=\"wpb_wrapper\"> <\/div>\n            <\/div>\n          <\/div>\n          <div class=\"cms-custom-heading-wrap heading2 text-left vc_custom_heading heading2_uppercase \">\n            <h2 class=\"cmsc-custom-heading vc_custom_heading\">5\u00b0 PRIKUPLJANJE SUGLASNOSTI ZA PRIKUPLJANJE PODATAKA<\/h2>\n          <\/div>\n          <div class=\"wpb_text_column wpb_content_element vc_custom_1621498045904 cms_text_block\">\n            <div class=\"wpb_wrapper \"> <\/div>\n          <\/div>\n          <p>Za sve vrste prikupljanja osobnih podataka putem svoje web stranice, <strong>Piston Addict<\/strong> koristi ure\u0111aje za dobivanje va\u0161eg izri\u010ditog pristanka:<\/p>\n          <ul>\n            <li>za prihva\u0107anje prikupljanja podataka prilikom ispunjavanja kontakt obrazaca,<\/li>\n            <li>za prihva\u0107anje kola\u010di\u0107a prilikom prikazivanja natpisa upozorenja.<\/li>\n          <\/ul>\n          <p><strong>Piston Addict<\/strong> pohranjuje zbirke suglasnosti za prikupljanje osobnih podataka kako bi ih na jednostavan zahtjev mogao staviti na raspolaganje CNIL-u i svakom drugom kontrolnom tijelu.<\/p>\n          <div class=\"vc_row wpb_row vc_row-fluid row_bg_bottom vc_custom_1496737831361\"> <\/div>\n          <div class=\"wpb_column vc_column_container vc_col-sm-12\">\n            <div class=\"vc_column-inner\">\n              <div class=\"wpb_wrapper\"> <\/div>\n            <\/div>\n          <\/div>\n          <div class=\"cms-custom-heading-wrap heading2 text-left vc_custom_heading heading2_uppercase \">\n            <h2 class=\"cmsc-custom-heading vc_custom_heading\">6\u00b0 TRAJANJE \u010cUVANJA OSOBNIH PODATAKA<\/h2>\n          <\/div>\n          <div class=\"wpb_text_column wpb_content_element vc_custom_1621498045904 cms_text_block\">\n            <div class=\"wpb_wrapper \"> <\/div>\n          <\/div>\n          <p>Razdoblje \u010duvanja va\u0161ih osobnih podataka razlikuje se ovisno o njihovoj prirodi i tehnologiji koja se koristi za njihovo prikupljanje:<\/p>\n          <ul>\n            <li>za sve va\u0161e osobne podatke prikupljene kola\u010di\u0107ima, razdoblje \u010duvanja je maksimalno 13 mjeseci,<\/li>\n            <li>za sve va\u0161e podatke prikupljene putem obrasca, razdoblje \u010duvanja ne mo\u017ee biti dulje od 36 mjeseci.<\/li>\n          <\/ul>\n          <div class=\"vc_row wpb_row vc_row-fluid row_bg_bottom vc_custom_1496737831361\"> <\/div>\n          <div class=\"wpb_column vc_column_container vc_col-sm-12\">\n            <div class=\"vc_column-inner\">\n              <div class=\"wpb_wrapper\"> <\/div>\n            <\/div>\n          <\/div>\n          <div class=\"cms-custom-heading-wrap heading2 text-left vc_custom_heading heading2_uppercase \">\n            <h2 class=\"cmsc-custom-heading vc_custom_heading\">7\u00b0 PRIJENOS OSOBNIH PODATAKA<\/h2>\n          <\/div>\n          <div class=\"wpb_text_column wpb_content_element vc_custom_1621498045904 cms_text_block\">\n            <div class=\"wpb_wrapper \"> <\/div>\n          <\/div>\n          <p><strong>Piston Addict<\/strong> ne prenosi va\u0161e osobne podatke u tre\u0107e zemlje, bilo da se nalaze unutar ili izvan Europske unije.<\/p>\n          <div class=\"vc_row wpb_row vc_row-fluid row_bg_bottom vc_custom_1496737831361\"> <\/div>\n          <div class=\"wpb_column vc_column_container vc_col-sm-12\">\n            <div class=\"vc_column-inner\">\n              <div class=\"wpb_wrapper\"> <\/div>\n            <\/div>\n          <\/div>\n          <div class=\"cms-custom-heading-wrap heading2 text-left vc_custom_heading heading2_uppercase \">\n            <h2 class=\"cmsc-custom-heading vc_custom_heading\">8\u00b0 OVLA\u0160TENI Pru\u017eatelji usluga<\/h2>\n          <\/div>\n          <div class=\"wpb_text_column wpb_content_element vc_custom_1621498045904 cms_text_block\">\n            <div class=\"wpb_wrapper \"> <\/div>\n          <\/div>\n          <p><strong>Piston Addict<\/strong> koristi usluge ovla\u0161tenih pru\u017eatelja usluga kako bi olak\u0161ao obradu osobnih podataka koje koristite na web stranici.<\/p>\n          <div class=\"wpb_column vc_column_container vc_col-sm-12\">\n            <div class=\"vc_column-inner\">\n              <div class=\"wpb_wrapper\"> <\/div>\n            <\/div>\n          <\/div>\n          <div class=\"cms-custom-heading-wrap heading2 text-left vc_custom_heading heading2_uppercase \">\n            <h2 class=\"cmsc-custom-heading vc_custom_heading\">9\u00b0 OSTVARIVANJE PRAVA KORISNIKA INTERNETA<\/h2>\n          <\/div>\n          <div class=\"wpb_text_column wpb_content_element vc_custom_1621498045904 cms_text_block\">\n            <div class=\"wpb_wrapper \"> <\/div>\n          <\/div>\n          <p>U skladu s Op\u0107om uredbom o za\u0161titi podataka koju je Europski parlament usvojio 14. travnja 2016. i izmijenjenim Zakonom o za\u0161titi podataka od 6. sije\u010dnja 1978., imate niz prava u vezi s va\u0161im osobnim podacima.<\/p>\n          <p>Ova prava mo\u017eete ostvariti tako da izravno kontaktirate izdava\u010da web stranice:<\/p>\n          <ul>\n            <li>po\u0161tom: <strong>ovisnik<\/strong> o klipu \u2013 <\/li>\n            <li>putem telefona: <\/li>\n            <li>putem e-po\u0161te: <\/li>\n          <\/ul>\n          <h3>9.1\u00b0 Pravo pristupa podacima<\/h3>\n          <p>U okviru pravnog okvira definiranog GDPR-om, u bilo kojem trenutku mo\u017eete podnijeti pisani zahtjev za priop\u0107avanje svojih osobnih podataka.<\/p>\n          <p>Da biste to u\u010dinili, mo\u017eete koristiti model pisma koji je izradila Komisija Nationale de l&#8217;Informatique et des Libert\u00e9s: https:\/\/www.cnil.fr\/fr\/modele\/courrier\/exerciser-son-droit-dacces.<\/p>\n          <h3>9.2\u00b0 Pravo na ispravak podataka<\/h3>\n          <p>Zakonodavstvo koje se odnosi na osobne podatke omogu\u0107uje vam da zatra\u017eite izmjenu ili ispravak nepotpunih, neto\u010dnih ili zastarjelih podataka koji se odnose na vas ili na preminulu blisku osobu.<\/p>\n          <p>Da biste to u\u010dinili, mo\u017eete koristiti model pisma koji je izradila Komisija Nationale de l&#8217;Informatique et des Libert\u00e9s: https:\/\/www.cnil.fr\/fr\/modele\/courrier\/rectifier-des-donnees-inexactes-obsoletes-ou -istekao.<\/p>\n          <h3>9.3\u00b0 Pravo na prigovor iz legitimnih razloga<\/h3>\n          <p>Unutar zakonodavnog okvira definiranog GDPR-om, mo\u017eete u bilo kojem trenutku prigovoriti na obradu svojih osobnih podataka iz sljede\u0107ih razloga:<\/p>\n          <ul>\n            <li>protivljenje kori\u0161tenju podataka prikupljenih u kontekstu komercijalnih operacija istra\u017eivanja,<\/li>\n            <li>protivljenje utemeljeno na legitimnim osnovama.<\/li>\n          <\/ul>\n          <p>Da biste to u\u010dinili, mo\u017eete upotrijebiti model pisma koji je sastavila Komisija Nationale de l&#8217;Informatique et des Libert\u00e9s: https:\/\/www.cnil.fr\/fr\/modele\/courrier\/sopposing-lutilisation-commerciale-de-ses- coordonnees .<\/p>\n          <h3>9.4\u00b0 Pravo na prenosivost podataka<\/h3>\n          <p>Unutar zakonodavnog okvira definiranog RGPD-om, u svakom trenutku mo\u017eete zatra\u017eiti povrat va\u0161ih osobnih podataka u otvorenom i strojno \u010ditljivom formatu, kako biste ih pohranili na drugi medij ili prenijeli u drugi informacijski sustav radi ponovne upotrebe.<\/p>\n          <p>Da biste to u\u010dinili, mo\u017eete koristiti model pisma koji je predlo\u017eila Komisija Nationale de l&#8217;Informatique et des Libert\u00e9s: https:\/\/www.cnil.fr\/fr\/modele\/courrier\/exerciser-son-droit-dacces.<\/p>\n          <h3>9.5\u00b0 Pravo na brisanje podataka<\/h3>\n          <p>Zakon o osobnim podacima omogu\u0107uje vam da zatra\u017eite brisanje svih va\u0161ih podataka koji su pohranjeni na web stranici <strong>Piston Addict<\/strong> .<\/p>\n          <p>Da biste to u\u010dinili, mo\u017eete koristiti model pisma koji je predlo\u017eila Komisija Nationale de l&#8217;Informatique et des Libert\u00e9s: https:\/\/www.cnil.fr\/fr\/modele\/courrier\/supprimer-des-informations-vous-concernant-dun -web stranica.<\/p>\n          <h3>9.6\u00b0 Obrada va\u0161ih zahtjeva<\/h3>\n          <p><strong>Piston Addict<\/strong> se obvezuje odgovoriti na va\u0161e zahtjeve koji se odnose na osobne podatke u razumnom roku, koji ne mo\u017ee biti du\u017ei od 1 mjeseca od primitka istih.<\/p>\n          <p><strong>Piston Addict<\/strong> zadr\u017eava pravo odbiti zahtjeve koji se odnose na podatke koje karakteriziraju o\u010dito zlonamjerne namjere ili ponavljaju\u0107a i uvredljiva priroda.<\/p>\n          <h3>9.7\u00b0 Osoba odgovorna za osobne podatke<\/h3>\n          <p><strong>gosp. <\/strong><br>e-mail: <br>Telefon: <\/p>\n        \t\t\t\t\t\t<\/div>\n\t\t\t\t<\/div>\n\t\t\t\t\t<\/div>\n\t\t<\/div>\n\t\t\t\t\t<\/div>\n\t\t<\/section>\n\t\t\t\t<\/div>\n\t\t","protected":false},"excerpt":{"rendered":"<p>Svrha politike privatnosti je upoznati vas s tim kako Piston Addict koristi, upravlja i \u0161titi osobne podatke koje ste mo\u017eda prenijeli tvrtki u kontekstu kori\u0161tenja njezine web stranice: https:\/\/www.pistonaddict.com. Ova politika privatnosti temelji se na obvezama urednika web stranice, kako je definirano Op\u0107im propisima o za\u0161titi podataka (GDPR), za sva pitanja koja se odnose na &#8230; <a title=\"Politika privatnosti\" class=\"read-more\" href=\"https:\/\/pistonaddict.com\/hr\/politika-privatnosti\/\">\u010citaj vi\u0161e<span class=\"screen-reader-text\">Politika privatnosti<\/span><\/a><\/p>\n","protected":false},"author":1,"featured_media":0,"parent":0,"menu_order":0,"comment_status":"closed","ping_status":"closed","template":"","meta":{"inline_featured_image":false,"footnotes":""},"acf":[],"yoast_head":"<!-- This site is optimized with the Yoast SEO plugin v22.5 - https:\/\/yoast.com\/wordpress\/plugins\/seo\/ -->\n<title>Politika privatnosti - Piston Addict stranice<\/title>\n<meta name=\"robots\" content=\"index, follow, max-snippet:-1, max-image-preview:large, max-video-preview:-1\" \/>\n<link rel=\"canonical\" href=\"https:\/\/pistonaddict.com\/hr\/politika-privatnosti\/\" \/>\n<meta property=\"og:locale\" content=\"hr_HR\" \/>\n<meta property=\"og:type\" content=\"article\" \/>\n<meta property=\"og:title\" content=\"Politika privatnosti - Piston Addict stranice\" \/>\n<meta property=\"og:description\" content=\"Svrha politike privatnosti je upoznati vas s tim kako Piston Addict koristi, upravlja i \u0161titi osobne podatke koje ste mo\u017eda prenijeli tvrtki u kontekstu kori\u0161tenja njezine web stranice: https:\/\/www.pistonaddict.com. Ova politika privatnosti temelji se na obvezama urednika web stranice, kako je definirano Op\u0107im propisima o za\u0161titi podataka (GDPR), za sva pitanja koja se odnose na ... \u010citaj vi\u0161ePolitika privatnosti\" \/>\n<meta property=\"og:url\" content=\"https:\/\/pistonaddict.com\/hr\/politika-privatnosti\/\" \/>\n<meta property=\"og:site_name\" content=\"Piston Addict\" \/>\n<meta property=\"article:modified_time\" content=\"2022-05-04T16:00:03+00:00\" \/>\n<meta name=\"twitter:card\" content=\"summary_large_image\" \/>\n<meta name=\"twitter:label1\" content=\"Procijenjeno vrijeme \u010ditanja\" \/>\n\t<meta name=\"twitter:data1\" content=\"6 minuta\" \/>\n<script type=\"application\/ld+json\" class=\"yoast-schema-graph\">{\"@context\":\"https:\/\/schema.org\",\"@graph\":[{\"@type\":\"WebPage\",\"@id\":\"https:\/\/pistonaddict.com\/hr\/politika-privatnosti\/\",\"url\":\"https:\/\/pistonaddict.com\/hr\/politika-privatnosti\/\",\"name\":\"Politika privatnosti - Piston Addict stranice\",\"isPartOf\":{\"@id\":\"https:\/\/pistonaddict.com\/hr\/#website\"},\"datePublished\":\"2022-04-29T09:19:54+00:00\",\"dateModified\":\"2022-05-04T16:00:03+00:00\",\"breadcrumb\":{\"@id\":\"https:\/\/pistonaddict.com\/hr\/politika-privatnosti\/#breadcrumb\"},\"inLanguage\":\"hr\",\"potentialAction\":[{\"@type\":\"ReadAction\",\"target\":[\"https:\/\/pistonaddict.com\/hr\/politika-privatnosti\/\"]}]},{\"@type\":\"BreadcrumbList\",\"@id\":\"https:\/\/pistonaddict.com\/hr\/politika-privatnosti\/#breadcrumb\",\"itemListElement\":[{\"@type\":\"ListItem\",\"position\":1,\"name\":\"Po\u010detna stranica\",\"item\":\"https:\/\/pistonaddict.com\/hr\/pocetna-stranica-2\/\"},{\"@type\":\"ListItem\",\"position\":2,\"name\":\"Politika privatnosti\"}]},{\"@type\":\"WebSite\",\"@id\":\"https:\/\/pistonaddict.com\/hr\/#website\",\"url\":\"https:\/\/pistonaddict.com\/hr\/\",\"name\":\"Piston Addict\",\"description\":\"Only interesting vehicles\",\"publisher\":{\"@id\":\"https:\/\/pistonaddict.com\/hr\/#organization\"},\"potentialAction\":[{\"@type\":\"SearchAction\",\"target\":{\"@type\":\"EntryPoint\",\"urlTemplate\":\"https:\/\/pistonaddict.com\/hr\/?s={search_term_string}\"},\"query-input\":\"required name=search_term_string\"}],\"inLanguage\":\"hr\"},{\"@type\":\"Organization\",\"@id\":\"https:\/\/pistonaddict.com\/hr\/#organization\",\"name\":\"Piston Addict\",\"url\":\"https:\/\/pistonaddict.com\/hr\/\",\"logo\":{\"@type\":\"ImageObject\",\"inLanguage\":\"hr\",\"@id\":\"https:\/\/pistonaddict.com\/hr\/#\/schema\/logo\/image\/\",\"url\":\"https:\/\/pistonaddict.com\/wp-content\/uploads\/2022\/07\/logo-6.png\",\"contentUrl\":\"https:\/\/pistonaddict.com\/wp-content\/uploads\/2022\/07\/logo-6.png\",\"width\":970,\"height\":200,\"caption\":\"Piston Addict\"},\"image\":{\"@id\":\"https:\/\/pistonaddict.com\/hr\/#\/schema\/logo\/image\/\"}}]}<\/script>\n<!-- \/ Yoast SEO plugin. -->","yoast_head_json":{"title":"Politika privatnosti - Piston Addict stranice","robots":{"index":"index","follow":"follow","max-snippet":"max-snippet:-1","max-image-preview":"max-image-preview:large","max-video-preview":"max-video-preview:-1"},"canonical":"https:\/\/pistonaddict.com\/hr\/politika-privatnosti\/","og_locale":"hr_HR","og_type":"article","og_title":"Politika privatnosti - Piston Addict stranice","og_description":"Svrha politike privatnosti je upoznati vas s tim kako Piston Addict koristi, upravlja i \u0161titi osobne podatke koje ste mo\u017eda prenijeli tvrtki u kontekstu kori\u0161tenja njezine web stranice: https:\/\/www.pistonaddict.com. Ova politika privatnosti temelji se na obvezama urednika web stranice, kako je definirano Op\u0107im propisima o za\u0161titi podataka (GDPR), za sva pitanja koja se odnose na ... \u010citaj vi\u0161ePolitika privatnosti","og_url":"https:\/\/pistonaddict.com\/hr\/politika-privatnosti\/","og_site_name":"Piston Addict","article_modified_time":"2022-05-04T16:00:03+00:00","twitter_card":"summary_large_image","twitter_misc":{"Procijenjeno vrijeme \u010ditanja":"6 minuta"},"schema":{"@context":"https:\/\/schema.org","@graph":[{"@type":"WebPage","@id":"https:\/\/pistonaddict.com\/hr\/politika-privatnosti\/","url":"https:\/\/pistonaddict.com\/hr\/politika-privatnosti\/","name":"Politika privatnosti - Piston Addict stranice","isPartOf":{"@id":"https:\/\/pistonaddict.com\/hr\/#website"},"datePublished":"2022-04-29T09:19:54+00:00","dateModified":"2022-05-04T16:00:03+00:00","breadcrumb":{"@id":"https:\/\/pistonaddict.com\/hr\/politika-privatnosti\/#breadcrumb"},"inLanguage":"hr","potentialAction":[{"@type":"ReadAction","target":["https:\/\/pistonaddict.com\/hr\/politika-privatnosti\/"]}]},{"@type":"BreadcrumbList","@id":"https:\/\/pistonaddict.com\/hr\/politika-privatnosti\/#breadcrumb","itemListElement":[{"@type":"ListItem","position":1,"name":"Po\u010detna stranica","item":"https:\/\/pistonaddict.com\/hr\/pocetna-stranica-2\/"},{"@type":"ListItem","position":2,"name":"Politika privatnosti"}]},{"@type":"WebSite","@id":"https:\/\/pistonaddict.com\/hr\/#website","url":"https:\/\/pistonaddict.com\/hr\/","name":"Piston Addict","description":"Only interesting vehicles","publisher":{"@id":"https:\/\/pistonaddict.com\/hr\/#organization"},"potentialAction":[{"@type":"SearchAction","target":{"@type":"EntryPoint","urlTemplate":"https:\/\/pistonaddict.com\/hr\/?s={search_term_string}"},"query-input":"required name=search_term_string"}],"inLanguage":"hr"},{"@type":"Organization","@id":"https:\/\/pistonaddict.com\/hr\/#organization","name":"Piston Addict","url":"https:\/\/pistonaddict.com\/hr\/","logo":{"@type":"ImageObject","inLanguage":"hr","@id":"https:\/\/pistonaddict.com\/hr\/#\/schema\/logo\/image\/","url":"https:\/\/pistonaddict.com\/wp-content\/uploads\/2022\/07\/logo-6.png","contentUrl":"https:\/\/pistonaddict.com\/wp-content\/uploads\/2022\/07\/logo-6.png","width":970,"height":200,"caption":"Piston Addict"},"image":{"@id":"https:\/\/pistonaddict.com\/hr\/#\/schema\/logo\/image\/"}}]}},"_links":{"self":[{"href":"https:\/\/pistonaddict.com\/hr\/wp-json\/wp\/v2\/pages\/3077"}],"collection":[{"href":"https:\/\/pistonaddict.com\/hr\/wp-json\/wp\/v2\/pages"}],"about":[{"href":"https:\/\/pistonaddict.com\/hr\/wp-json\/wp\/v2\/types\/page"}],"author":[{"embeddable":true,"href":"https:\/\/pistonaddict.com\/hr\/wp-json\/wp\/v2\/users\/1"}],"replies":[{"embeddable":true,"href":"https:\/\/pistonaddict.com\/hr\/wp-json\/wp\/v2\/comments?post=3077"}],"version-history":[{"count":2,"href":"https:\/\/pistonaddict.com\/hr\/wp-json\/wp\/v2\/pages\/3077\/revisions"}],"predecessor-version":[{"id":4160,"href":"https:\/\/pistonaddict.com\/hr\/wp-json\/wp\/v2\/pages\/3077\/revisions\/4160"}],"wp:attachment":[{"href":"https:\/\/pistonaddict.com\/hr\/wp-json\/wp\/v2\/media?parent=3077"}],"curies":[{"name":"wp","href":"https:\/\/api.w.org\/{rel}","templated":true}]}}