{"id":2958,"date":"2022-04-29T11:19:25","date_gmt":"2022-04-29T09:19:25","guid":{"rendered":"https:\/\/pistonaddict.com\/upravljanje-kolacicima\/"},"modified":"2022-10-28T10:21:18","modified_gmt":"2022-10-28T08:21:18","slug":"upravljanje-kolacicima","status":"publish","type":"page","link":"https:\/\/pistonaddict.com\/hr\/upravljanje-kolacicima\/","title":{"rendered":"Gestion des cookies"},"content":{"rendered":"\t\t<div data-elementor-type=\"wp-page\" data-elementor-id=\"2958\" class=\"elementor elementor-2958 elementor-2954\">\n\t\t\t\t\t\t<section class=\"elementor-section elementor-top-section elementor-element elementor-element-00987b4 elementor-section-boxed elementor-section-height-default elementor-section-height-default\" data-id=\"00987b4\" data-element_type=\"section\">\n\t\t\t\t\t\t<div class=\"elementor-container elementor-column-gap-default\">\n\t\t\t\t\t<div class=\"elementor-column elementor-col-100 elementor-top-column elementor-element elementor-element-9f5f945\" data-id=\"9f5f945\" data-element_type=\"column\">\n\t\t\t<div class=\"elementor-widget-wrap elementor-element-populated\">\n\t\t\t\t\t\t<div class=\"elementor-element elementor-element-8525f40 elementor-widget elementor-widget-text-editor\" data-id=\"8525f40\" data-element_type=\"widget\" data-widget_type=\"text-editor.default\">\n\t\t\t\t<div class=\"elementor-widget-container\">\n\t\t\t<style>\/*! elementor - v3.21.0 - 18-04-2024 *\/\n.elementor-widget-text-editor.elementor-drop-cap-view-stacked .elementor-drop-cap{background-color:#69727d;color:#fff}.elementor-widget-text-editor.elementor-drop-cap-view-framed .elementor-drop-cap{color:#69727d;border:3px solid;background-color:transparent}.elementor-widget-text-editor:not(.elementor-drop-cap-view-default) .elementor-drop-cap{margin-top:8px}.elementor-widget-text-editor:not(.elementor-drop-cap-view-default) .elementor-drop-cap-letter{width:1em;height:1em}.elementor-widget-text-editor .elementor-drop-cap{float:left;text-align:center;line-height:1;font-size:50px}.elementor-widget-text-editor .elementor-drop-cap-letter{display:inline-block}<\/style>\t\t\t\t<div class=\"wpb_text_column wpb_content_element cms_text_block\">\n<div class=\"wpb_wrapper \">\n<p>Lors de votre premier acc\u00e8s au site Internet : https:\/\/www.pistonaddict.com, un bandeau situ\u00e9 en bas de page vous informe que des donn\u00e9es relatives \u00e0 votre navigation vont \u00eatre enregistr\u00e9es sur des fichiers sp\u00e9cifiques appel\u00e9s \u00ab cookies \u00bb ou fichiers de connexion .<\/p>\n<p>Afin de mieux vous informer sur leur r\u00f4le, les contraintes li\u00e9es \u00e0 leur acceptation ou leur refus et les d\u00e9marches \u00e0 suivre pour bloquer leur installation sur votre ordinateur, <strong>Piston Addict<\/strong> vous pr\u00e9sente sa politique de gestion des cookies.<\/p>\n<div class=\"wpb_column vc_column_container vc_col-sm-12\">\n<div class=\"vc_column-inner\">\n<div class=\"wpb_wrapper\"> <\/div>\n<\/div>\n<\/div>\n<div class=\"cms-custom-heading-wrap heading2 text-left vc_custom_heading heading2_uppercase \">\n<h2> <\/h2>\n<h2 class=\"cmsc-custom-heading vc_custom_heading\">1\u00b0 LE R\u00d4LE DES COOKIES OU FICHIERS DE CONNEXION<\/h2>\n<\/div>\n<p>Kola\u010di\u0107i su dopu\u0161teni za prikupljanje informacija koje se odnose na konzultacije s web-stranicom na Internetu (https:\/\/www.pistonaddict.com) u samoj prilagodbi i usmjeravanju na drugu navigaciju. G\u00e9r\u00e9s par le navigateur, les fichiers de connexion permettent de d\u00e9terminer pr\u00e9cis\u00e9ment les services et informations que vous recherchez \u00e0 partir des rubriques et des pages que vous consultez.<\/p>\n<p>Pour une utilization optimal du site Internet et de ses services, diff\u00e9rent types de cookies sont utilis\u00e9s en fonction de leurs finalit\u00e9s :<\/p>\n<ul>\n<li>les cookies de session sont principalement install\u00e9s sur les sites marchands pour sauvegarder durant toute la s\u00e9quence de navigation, certaines donn\u00e9es saisies en amont,<\/li>\n<li>les cookies fonctionnels prennent en compte les pr\u00e9f\u00e9rences de navigation (language, r\u00e9solution d&#8217;\u00e9cran\u2026), ou g\u00e8rent les informations saisies lors de s\u00e9ances de navigation pr\u00e9c\u00e9dentes (identifiants de connexion, services souscrits, donn\u00e9es saisies\u2026),<\/li>\n<li>les cookies analytiques permettent de comptabiliser les internautes tout en analysant leur comportement durant la visite du site Internet afin de g\u00e9n\u00e9rer des statistiques de fr\u00e9quentation,<\/li>\n<li>les cookies tiers sont d\u00e9pos\u00e9s sur le navigateur de l&#8217;internaute par des r\u00e9gies publicitaires ou des partenaires du site Internet, ainsi que par les r\u00e9seaux sociaux et les plateformes vid\u00e9os en lien avec ledit site.<\/li>\n<\/ul>\n<p>Les donn\u00e9es n\u00e9cessaires par les fichiers de connexion ne permettent pas de vous identifier de mani\u00e8re nominative, elles sont uniquement utilis\u00e9es pour le bon fonctionnement du site Internet et ne sont jamais communiqu\u00e9es par <strong>Piston Addict<\/strong> \u00e0 d&#8217;autres structures.<\/p>\n<div class=\"wpb_column vc_column_container vc_col-sm-12\">\n<div class=\"vc_column-inner\">\n<div class=\"wpb_wrapper\"> <\/div>\n<\/div>\n<\/div>\n<div class=\"cms-custom-heading-wrap heading2 text-left vc_custom_heading heading2_uppercase \">\n<h2> <\/h2>\n<h2 class=\"cmsc-custom-heading vc_custom_heading\">2\u00b0 LES COOKIES PRESENTS SUR LE SITE PISTONADDICT.COM<\/h2>\n<\/div>\n<div class=\"wpb_text_column wpb_content_element vc_custom_1621498045904 cms_text_block\">\n<div class=\"wpb_wrapper \"> <\/div>\n<\/div>\n<p>Selon leur nature et le type de donn\u00e9es qu&#8217;ils collectent, les cookies utilis\u00e9s sur le site Internet https:\/\/www.pistonaddict.com emp\u00eachent votre consentement pour leur utilization ou en sont au contraire contraires.<\/p>\n<h3> <\/h3>\n<h3>2.1\u00b0 Funkcije kola\u010di\u0107a<\/h3>\n<p>La Commission Nationale de l&#8217;Informatique et des Libert\u00e9s (CNIL) recommande de dispenser du recueil du consentement les cookies n\u00e9cessaires au bon fonctionnement du site Internet ou ayant pour seule finalit\u00e9 de faciliter la communication par voie \u00e9lectronique.<\/p>\n<p>Cela concerne principalement les cookies d&#8217;identifiant de session, les cookies de session pour lecteur multim\u00e9dia, les cookies d&#8217;authentication, les cookies de session d&#8217;\u00e9quilibrage de charge ou cr\u00e9\u00e9s ainsi que des cookies de personnalisation de votre interface utilisateur.<\/p>\n<h3> <\/h3>\n<h3>2.2\u00b0 Les cookies de suivi<\/h3>\n<p>Selon la l\u00e9gislation en vigueur appliqu\u00e9e par la RGPD, tous les cookies permettant le ciblage ou le profilage seront disponibles avant leur envoi sur votre navigateur : le recueil de votre consentement, la possibilit\u00e9 de vous opposer \u00e0 leur utilisation, l&#8217;information que la poursuite de la navigation vaut accord au d\u00e9p\u00f4t de cookies sur votre terminal.<\/p>\n<p>Cela concerne \u00e0 la fois les cookies de mesure d&#8217;audience (Analytics) et les cookies de partage sur les r\u00e9seaux sociaux (Facebook\u2026), ces cookies sont donc soumis aux politiques de confidentialit\u00e9 des \u00e9diteurs de ces applications logicielles.<\/p>\n<h4> <\/h4>\n<h4><strong>2.2.1\u00b0 Les cookies de mesure d&#8217;audience<\/strong><\/h4>\n<p>Kola\u010di\u0107i Google Analyticsa dopu\u0161taju tablicu srodnih statistika za kori\u0161tenje internetske stranice: https:\/\/www.pistonaddict.com.<\/p>\n<p>Ils ont \u00e9t\u00e9 param\u00e9tr\u00e9s de fa\u00e7on \u00e0 collecter des donn\u00e9es permettant facultatif le recueil de votre consentement :<\/p>\n<ul>\n<li>les cookies d\u00e9pos\u00e9s servent uniquement \u00e0 la production de statistiques anonymes, l&#8217;adresse IP permettant de vous g\u00e9olocaliser n&#8217;est pas plus pr\u00e9cise que l&#8217;\u00e9chelle de la ville, concr\u00e8tement les deux derniers octets de l&#8217;adresse IP sont supprim\u00e9s,<\/li>\n<li>les cookies permettant d&#8217;\u00e9tablir votre tra\u00e7abilit\u00e9 ainsi que vos adresses IP ne sont pas conserv\u00e9s au-del\u00e0 de 13 mois \u00e0 compter de la premi\u00e8re visite.<\/li>\n<\/ul>\n<p>Politika povjerljivosti Google Analytics dostupna je na sljede\u0107oj adresi: https:\/\/policies.google.com\/privacy?hl=fr<\/p>\n<h3> <\/h3>\n<h4><strong>2.2.2\u00b0 Les cookies de partage de donn\u00e9es<\/strong><\/h4>\n<p>Les cookies de partage sur les r\u00e9seaux sociaux (Facebook\u2026) sont \u00e9mis et g\u00e9r\u00e9s par les \u00e9diteurs des applications. Sous r\u00e9serve de votre consentement, ces cookies permettent de partager facilement des contenus publi\u00e9s sur le site Internet : https:\/\/www.pistonaddict.com au moyen des boutons applicatifs d\u00e9di\u00e9s.<\/p>\n<p>Les politiques de confidentialit\u00e9 des r\u00e9seaux sociaux sont disponibles sur les pages suivantes :<\/p>\n<ul>\n<li>Facebook: https:\/\/fr-fr.facebook.com\/privacy\/explanation<\/li>\n<li>Twitter: https:\/\/twitter.com\/fr\/privacy#update<\/li>\n<li>Pinterest: https:\/\/policy.pinterest.com\/fr\/privacy-policy<\/li>\n<li>Instagram: https:\/\/help.instagram.com\/519522125107875<\/li>\n<\/ul>\n<h3> <\/h3>\n<h4><strong>2.2.3\u00b0 Les cookies de plateformes video<\/strong><\/h4>\n<p>Kola\u010di\u0107i le\u017ee u vizualizaciji videozapisa na YouTubeu kao sadr\u017eaju i sadr\u017eaju koji se prikazuje u obliku plo\u010de. Sous r\u00e9serve du consentement de votre, ces cookies sont envoy\u00e9s sur votre navigateur de l&#8217;internaute lors de la lecture de videos publi\u00e9es sur le site Internet : https:\/\/www.pistonaddict.com et h\u00e9berg\u00e9es sur la plateforme.<\/p>\n<p>La politique de confidentialit\u00e9 de YouTube est disponible \u00e0 l&#8217;adresse suivante: https:\/\/policies.google.com\/privacy?hl=fr-CA<\/p>\n<\/div>\n<\/div>\n<div class=\"wpb_column vc_column_container vc_col-sm-12\">\n<div class=\"vc_column-inner\">\n<div class=\"wpb_wrapper\"> <\/div>\n<\/div>\n<\/div>\n<div class=\"cms-custom-heading-wrap heading2 text-left vc_custom_heading heading2_uppercase \">\n<h2> <\/h2>\n<h2 class=\"cmsc-custom-heading vc_custom_heading\">3\u00b0 L&#8217;ACCEPTATION OU LE REFUS DES COOKIE<\/h2>\n<\/div>\n<div class=\"wpb_text_column wpb_content_element vc_custom_1621498045904 cms_text_block\">\n<div class=\"wpb_wrapper \">\n<p>Ako ste premijerno posjetili internetsku stranicu https:\/\/www.pistonaddict.com, bandeau est affich\u00e9 en bas de page pour vous permettre d&#8217;accepter ou de odbija\u010d kola\u010di\u0107a. Ce bandeau comporte \u00e9galement les mentions relatives \u00e0 la finalit\u00e9 des envois de cookies sur votre navigateur Internet.<\/p>\n<p>Vous pouvez \u00e9galement param\u00e9trer votre navigateur Internet afin d&#8217;\u00eatre averti lorsque des cookies seront d\u00e9pos\u00e9s avec la possibilit\u00e9 de les accepter ou de les rejecter. En fonction du navigateur utilis\u00e9 la configuration de la gestion des cookies (acception ou refus) diff\u00e9rente.<\/p>\n<p>Retrouvez ci-dessous les adresses des pages d\u00e9di\u00e9es pour chacun des principaux navigateurs :<\/p>\n<ul>\n<li>Microsoft Internet Explorer: http:\/\/windows.microsoft.com\/fr-FR\/windows-vista\/Block-or-allow-cookies<\/li>\n<li>Google Chrome : https:\/\/support.google.com\/chrome\/answer\/95647?hl=fr<\/li>\n<li>Safari: https:\/\/support.apple.com\/fr-fr\/guide\/safari\/sfri11471\/mac<\/li>\n<li>Firefox: https:\/\/support.mozilla.org\/fr\/kb\/autoriser-bloquer-cookies-preferences-sites<\/li>\n<li>Opera: https:\/\/help.opera.com\/en\/latest\/web-preferences\/#cookies<\/li>\n<\/ul>\n<p>Napomena: Odbijanje kola\u010di\u0107a je potrebno za personalizaciju votre navigacije na internetskoj stranici: https:\/\/www.pistonaddict.com, nije va\u017eno ako konfigurirate navigaciju u cijelom poznavanju uzroka.<\/p>\n<\/div>\n<\/div>\n<div class=\"wpb_column vc_column_container vc_col-sm-12\">\n<div class=\"vc_column-inner\">\n<div class=\"wpb_wrapper\"> <\/div>\n<\/div>\n<\/div>\n<div class=\"cms-custom-heading-wrap heading2 text-left vc_custom_heading heading2_uppercase \">\n<h2> <\/h2>\n<h2 class=\"cmsc-custom-heading vc_custom_heading\">4\u00b0 LA R\u00c9VOCATION DU CONCONSENTEMENT AUX COOKIE<\/h2>\n<\/div>\n<div class=\"wpb_text_column wpb_content_element vc_custom_1621498045904 cms_text_block\">\n<div class=\"wpb_wrapper \">\n<p>Il est possible \u00e0 tout moment de r\u00e9voquer son Consentement <a class=\"wt-cli-manage-consent-link\">aux Cookies<\/a> tiers et aux cookies analytiques.<\/p>\n<div class=\"wpb_column vc_column_container vc_col-sm-12\">\n<div class=\"vc_column-inner\">\n<div class=\"wpb_wrapper\"> <\/div>\n<\/div>\n<\/div>\n<div class=\"cms-custom-heading-wrap heading2 text-left vc_custom_heading heading2_uppercase \">\n<h2> <\/h2>\n<h2 class=\"cmsc-custom-heading vc_custom_heading\">5\u00b0 LA POLITIQUE DE CONFIDENTIALIT\u00c9<\/h2>\n<\/div>\n<div class=\"wpb_text_column wpb_content_element vc_custom_1621498045904 cms_text_block\">\n<div class=\"wpb_wrapper \"> <\/div>\n<\/div>\n<p>Pour en savoir plus sur la politique de confidentialit\u00e9 de <strong>Piston Addict<\/strong> : <a href=\"https:\/\/pistonaddict.com\/hr\/politika-privatnosti\/\">cliquez ici<\/a> .<\/p>\n<\/div>\n<\/div>\n\t\t\t\t\t\t<\/div>\n\t\t\t\t<\/div>\n\t\t\t\t\t<\/div>\n\t\t<\/div>\n\t\t\t\t\t<\/div>\n\t\t<\/section>\n\t\t\t\t<\/div>\n\t\t","protected":false},"excerpt":{"rendered":"<p>Lors de votre premier acc\u00e8s au site Internet : https:\/\/www.pistonaddict.com, un bandeau situ\u00e9 en bas de page vous informe que des donn\u00e9es relatives \u00e0 votre navigation vont \u00eatre enregistr\u00e9es sur des fichiers sp\u00e9cifiques appel\u00e9s \u00ab cookies \u00bb ou fichiers de connexion . Afin de mieux vous informer sur leur r\u00f4le, les contraintes li\u00e9es \u00e0 leur &#8230; <a title=\"Gestion des cookies\" class=\"read-more\" href=\"https:\/\/pistonaddict.com\/hr\/upravljanje-kolacicima\/\">\u010citaj vi\u0161e<span class=\"screen-reader-text\">Gestion des cookies<\/span><\/a><\/p>\n","protected":false},"author":1,"featured_media":0,"parent":0,"menu_order":0,"comment_status":"closed","ping_status":"closed","template":"","meta":{"inline_featured_image":false,"footnotes":""},"acf":[],"yoast_head":"<!-- This site is optimized with the Yoast SEO plugin v22.5 - https:\/\/yoast.com\/wordpress\/plugins\/seo\/ -->\n<title>Gestion des cookies - Piston Addict stranice<\/title>\n<meta name=\"robots\" content=\"index, follow, max-snippet:-1, max-image-preview:large, max-video-preview:-1\" \/>\n<link rel=\"canonical\" href=\"https:\/\/pistonaddict.com\/hr\/upravljanje-kolacicima\/\" \/>\n<meta property=\"og:locale\" content=\"hr_HR\" \/>\n<meta property=\"og:type\" content=\"article\" \/>\n<meta property=\"og:title\" content=\"Gestion des cookies - Piston Addict stranice\" \/>\n<meta property=\"og:description\" content=\"Lors de votre premier acc\u00e8s au site Internet : https:\/\/www.pistonaddict.com, un bandeau situ\u00e9 en bas de page vous informe que des donn\u00e9es relatives \u00e0 votre navigation vont \u00eatre enregistr\u00e9es sur des fichiers sp\u00e9cifiques appel\u00e9s \u00ab cookies \u00bb ou fichiers de connexion . Afin de mieux vous informer sur leur r\u00f4le, les contraintes li\u00e9es \u00e0 leur ... \u010citaj vi\u0161eGestion des cookies\" \/>\n<meta property=\"og:url\" content=\"https:\/\/pistonaddict.com\/hr\/upravljanje-kolacicima\/\" \/>\n<meta property=\"og:site_name\" content=\"Piston Addict\" \/>\n<meta property=\"article:modified_time\" content=\"2022-10-28T08:21:18+00:00\" \/>\n<meta name=\"twitter:card\" content=\"summary_large_image\" \/>\n<meta name=\"twitter:label1\" content=\"Procijenjeno vrijeme \u010ditanja\" \/>\n\t<meta name=\"twitter:data1\" content=\"6 minuta\" \/>\n<script type=\"application\/ld+json\" class=\"yoast-schema-graph\">{\"@context\":\"https:\/\/schema.org\",\"@graph\":[{\"@type\":\"WebPage\",\"@id\":\"https:\/\/pistonaddict.com\/hr\/upravljanje-kolacicima\/\",\"url\":\"https:\/\/pistonaddict.com\/hr\/upravljanje-kolacicima\/\",\"name\":\"Gestion des cookies - Piston Addict stranice\",\"isPartOf\":{\"@id\":\"https:\/\/pistonaddict.com\/hr\/#website\"},\"datePublished\":\"2022-04-29T09:19:25+00:00\",\"dateModified\":\"2022-10-28T08:21:18+00:00\",\"breadcrumb\":{\"@id\":\"https:\/\/pistonaddict.com\/hr\/upravljanje-kolacicima\/#breadcrumb\"},\"inLanguage\":\"hr\",\"potentialAction\":[{\"@type\":\"ReadAction\",\"target\":[\"https:\/\/pistonaddict.com\/hr\/upravljanje-kolacicima\/\"]}]},{\"@type\":\"BreadcrumbList\",\"@id\":\"https:\/\/pistonaddict.com\/hr\/upravljanje-kolacicima\/#breadcrumb\",\"itemListElement\":[{\"@type\":\"ListItem\",\"position\":1,\"name\":\"Po\u010detna stranica\",\"item\":\"https:\/\/pistonaddict.com\/hr\/pocetna-stranica-2\/\"},{\"@type\":\"ListItem\",\"position\":2,\"name\":\"Gestion des cookies\"}]},{\"@type\":\"WebSite\",\"@id\":\"https:\/\/pistonaddict.com\/hr\/#website\",\"url\":\"https:\/\/pistonaddict.com\/hr\/\",\"name\":\"Piston Addict\",\"description\":\"Only interesting vehicles\",\"publisher\":{\"@id\":\"https:\/\/pistonaddict.com\/hr\/#organization\"},\"potentialAction\":[{\"@type\":\"SearchAction\",\"target\":{\"@type\":\"EntryPoint\",\"urlTemplate\":\"https:\/\/pistonaddict.com\/hr\/?s={search_term_string}\"},\"query-input\":\"required name=search_term_string\"}],\"inLanguage\":\"hr\"},{\"@type\":\"Organization\",\"@id\":\"https:\/\/pistonaddict.com\/hr\/#organization\",\"name\":\"Piston Addict\",\"url\":\"https:\/\/pistonaddict.com\/hr\/\",\"logo\":{\"@type\":\"ImageObject\",\"inLanguage\":\"hr\",\"@id\":\"https:\/\/pistonaddict.com\/hr\/#\/schema\/logo\/image\/\",\"url\":\"https:\/\/pistonaddict.com\/wp-content\/uploads\/2022\/07\/logo-6.png\",\"contentUrl\":\"https:\/\/pistonaddict.com\/wp-content\/uploads\/2022\/07\/logo-6.png\",\"width\":970,\"height\":200,\"caption\":\"Piston Addict\"},\"image\":{\"@id\":\"https:\/\/pistonaddict.com\/hr\/#\/schema\/logo\/image\/\"}}]}<\/script>\n<!-- \/ Yoast SEO plugin. -->","yoast_head_json":{"title":"Gestion des cookies - Piston Addict stranice","robots":{"index":"index","follow":"follow","max-snippet":"max-snippet:-1","max-image-preview":"max-image-preview:large","max-video-preview":"max-video-preview:-1"},"canonical":"https:\/\/pistonaddict.com\/hr\/upravljanje-kolacicima\/","og_locale":"hr_HR","og_type":"article","og_title":"Gestion des cookies - Piston Addict stranice","og_description":"Lors de votre premier acc\u00e8s au site Internet : https:\/\/www.pistonaddict.com, un bandeau situ\u00e9 en bas de page vous informe que des donn\u00e9es relatives \u00e0 votre navigation vont \u00eatre enregistr\u00e9es sur des fichiers sp\u00e9cifiques appel\u00e9s \u00ab cookies \u00bb ou fichiers de connexion . Afin de mieux vous informer sur leur r\u00f4le, les contraintes li\u00e9es \u00e0 leur ... \u010citaj vi\u0161eGestion des cookies","og_url":"https:\/\/pistonaddict.com\/hr\/upravljanje-kolacicima\/","og_site_name":"Piston Addict","article_modified_time":"2022-10-28T08:21:18+00:00","twitter_card":"summary_large_image","twitter_misc":{"Procijenjeno vrijeme \u010ditanja":"6 minuta"},"schema":{"@context":"https:\/\/schema.org","@graph":[{"@type":"WebPage","@id":"https:\/\/pistonaddict.com\/hr\/upravljanje-kolacicima\/","url":"https:\/\/pistonaddict.com\/hr\/upravljanje-kolacicima\/","name":"Gestion des cookies - Piston Addict stranice","isPartOf":{"@id":"https:\/\/pistonaddict.com\/hr\/#website"},"datePublished":"2022-04-29T09:19:25+00:00","dateModified":"2022-10-28T08:21:18+00:00","breadcrumb":{"@id":"https:\/\/pistonaddict.com\/hr\/upravljanje-kolacicima\/#breadcrumb"},"inLanguage":"hr","potentialAction":[{"@type":"ReadAction","target":["https:\/\/pistonaddict.com\/hr\/upravljanje-kolacicima\/"]}]},{"@type":"BreadcrumbList","@id":"https:\/\/pistonaddict.com\/hr\/upravljanje-kolacicima\/#breadcrumb","itemListElement":[{"@type":"ListItem","position":1,"name":"Po\u010detna stranica","item":"https:\/\/pistonaddict.com\/hr\/pocetna-stranica-2\/"},{"@type":"ListItem","position":2,"name":"Gestion des cookies"}]},{"@type":"WebSite","@id":"https:\/\/pistonaddict.com\/hr\/#website","url":"https:\/\/pistonaddict.com\/hr\/","name":"Piston Addict","description":"Only interesting vehicles","publisher":{"@id":"https:\/\/pistonaddict.com\/hr\/#organization"},"potentialAction":[{"@type":"SearchAction","target":{"@type":"EntryPoint","urlTemplate":"https:\/\/pistonaddict.com\/hr\/?s={search_term_string}"},"query-input":"required name=search_term_string"}],"inLanguage":"hr"},{"@type":"Organization","@id":"https:\/\/pistonaddict.com\/hr\/#organization","name":"Piston Addict","url":"https:\/\/pistonaddict.com\/hr\/","logo":{"@type":"ImageObject","inLanguage":"hr","@id":"https:\/\/pistonaddict.com\/hr\/#\/schema\/logo\/image\/","url":"https:\/\/pistonaddict.com\/wp-content\/uploads\/2022\/07\/logo-6.png","contentUrl":"https:\/\/pistonaddict.com\/wp-content\/uploads\/2022\/07\/logo-6.png","width":970,"height":200,"caption":"Piston Addict"},"image":{"@id":"https:\/\/pistonaddict.com\/hr\/#\/schema\/logo\/image\/"}}]}},"_links":{"self":[{"href":"https:\/\/pistonaddict.com\/hr\/wp-json\/wp\/v2\/pages\/2958"}],"collection":[{"href":"https:\/\/pistonaddict.com\/hr\/wp-json\/wp\/v2\/pages"}],"about":[{"href":"https:\/\/pistonaddict.com\/hr\/wp-json\/wp\/v2\/types\/page"}],"author":[{"embeddable":true,"href":"https:\/\/pistonaddict.com\/hr\/wp-json\/wp\/v2\/users\/1"}],"replies":[{"embeddable":true,"href":"https:\/\/pistonaddict.com\/hr\/wp-json\/wp\/v2\/comments?post=2958"}],"version-history":[{"count":5,"href":"https:\/\/pistonaddict.com\/hr\/wp-json\/wp\/v2\/pages\/2958\/revisions"}],"predecessor-version":[{"id":15970,"href":"https:\/\/pistonaddict.com\/hr\/wp-json\/wp\/v2\/pages\/2958\/revisions\/15970"}],"wp:attachment":[{"href":"https:\/\/pistonaddict.com\/hr\/wp-json\/wp\/v2\/media?parent=2958"}],"curies":[{"name":"wp","href":"https:\/\/api.w.org\/{rel}","templated":true}]}}