{"id":2890,"date":"2022-04-29T11:18:49","date_gmt":"2022-04-29T09:18:49","guid":{"rendered":"https:\/\/pistonaddict.com\/otpremanje\/"},"modified":"2022-05-04T18:00:05","modified_gmt":"2022-05-04T16:00:05","slug":"otpremanje","status":"publish","type":"page","link":"https:\/\/pistonaddict.com\/hr\/otpremanje\/","title":{"rendered":"Otpremanje"},"content":{"rendered":"\t\t<div data-elementor-type=\"wp-page\" data-elementor-id=\"2890\" class=\"elementor elementor-2890 elementor-333\">\n\t\t\t\t\t\t<section class=\"elementor-section elementor-top-section elementor-element elementor-element-eb8a04d elementor-section-boxed elementor-section-height-default elementor-section-height-default\" data-id=\"eb8a04d\" data-element_type=\"section\">\n\t\t\t\t\t\t<div class=\"elementor-container elementor-column-gap-default\">\n\t\t\t\t\t<div class=\"elementor-column elementor-col-100 elementor-top-column elementor-element elementor-element-43edc4e\" data-id=\"43edc4e\" data-element_type=\"column\">\n\t\t\t<div class=\"elementor-widget-wrap elementor-element-populated\">\n\t\t\t\t\t\t<div class=\"elementor-element elementor-element-d78828a elementor-widget elementor-widget-text-editor\" data-id=\"d78828a\" data-element_type=\"widget\" data-widget_type=\"text-editor.default\">\n\t\t\t\t<div class=\"elementor-widget-container\">\n\t\t\t<style>\/*! elementor - v3.21.0 - 18-04-2024 *\/\n.elementor-widget-text-editor.elementor-drop-cap-view-stacked .elementor-drop-cap{background-color:#69727d;color:#fff}.elementor-widget-text-editor.elementor-drop-cap-view-framed .elementor-drop-cap{color:#69727d;border:3px solid;background-color:transparent}.elementor-widget-text-editor:not(.elementor-drop-cap-view-default) .elementor-drop-cap{margin-top:8px}.elementor-widget-text-editor:not(.elementor-drop-cap-view-default) .elementor-drop-cap-letter{width:1em;height:1em}.elementor-widget-text-editor .elementor-drop-cap{float:left;text-align:center;line-height:1;font-size:50px}.elementor-widget-text-editor .elementor-drop-cap-letter{display:inline-block}<\/style>\t\t\t\t\n          <h1>\n            <strong>DOSTAVA VA\u0160EG VOZILA<\/strong>\n          <\/h1>\n          <h2>\n            <strong>KAKO VA\u0160E VOZILO PREVOZITI?<\/strong>\n          <\/h2>\n          <p>Na raspolaganju vam je nekoliko rje\u0161enja ako \u017eelite prevesti svoje vozilo.<\/p>\n          <p>To mo\u017eete u\u010diniti sami ili koristiti profesionalne usluge prijevoza kao \u0161to su vu\u010da, transport, prijevoz ravnim ili kamionima ili kona\u010dno pomorski prijevoz.<\/p>\n          <h3>\n            <strong>1- Vu\u010da vozila<\/strong>\n          <\/h3>\n          <p>Ova vrsta prijevoza prikladna je za kratke udaljenosti, pri maloj brzini. Za vu\u010du va\u0161eg vozila trebat \u0107ete:<\/p>\n          <ul>\n            <li>Koristite odobrenu \u0161ipku za povla\u010denje za maksimalnu sigurnost;<\/li>\n            <li>U vu\u010denom vozilu biti u pratnji voza\u010da;<\/li>\n            <li>Vozite maksimalno 50 km\/h i koristite samo sekundarne osi;<\/li>\n            <li>Osigurati vu\u010dno vozilo te\u017ee od vu\u010denog vozila;<\/li>\n            <li>Koristite upozorenja, budite oprezni i usvojite fleksibilan stil vo\u017enje.<\/li>\n          <\/ul>\n          <h2> <\/h2>\n          <h3>\n            <strong>2- Prijevoz vozila na platformi<\/strong>\n          <\/h3>\n          <p>Ova opcija je prikladna za transport va\u0161eg vozila na velike udaljenosti u potpunoj sigurnosti. Mo\u017eete odabrati prijevoz va\u0161eg vozila na kamionu s ravnim platformama, po mogu\u0107nosti pokrivenom, kako biste za\u0161titili karoseriju tijekom transporta.<\/p>\n          <h3>\n            <strong>3- Prijevoz vozila kamionom<\/strong>\n          <\/h3>\n          <p>To je isti princip kao i prijevoz kamionom s ravnim platformama, ali se u ovom slu\u010daju va\u0161e vozilo prevozi u prikolici kamiona. Ova alternativa je mogu\u0107a \u010dak i ako imate samo jedno vozilo za prijevoz. Ova opcija je ekonomi\u010dna; najbolji igra\u010di na tr\u017ei\u0161tu nude rokove isporuke od jednog do dva tjedna od preuzimanja narud\u017ebe do isporuke.<\/p>\n          <h3>\n            <strong>4- Prijevoz vozilom<\/strong>\n          <\/h3>\n          <p>Da bi prijevoz bio mogu\u0107, vozilo mora biti pokretno, u ispravnom stanju i dobro odr\u017eavano. Po Va\u0161im potrebama dodjeljuje se pokretna traka koja vozi vozilo od polaska do odredi\u0161ta.<\/p>\n          <p>To je brza alternativa bez prolaska kroz razli\u010dite platforme za utovar ili istovar, ali je skuplja.<\/p>\n          <h3>\n            <strong>5- Pomorski prijevoz<\/strong>\n          <\/h3>\n          <p>Prijevoz automobila ro-ro brodom (ili RO-RO) predstavlja veliku ve\u0107inu pomorskog tereta za vozila. Vozila su tamo parkirana za vrijeme trajanja prijevoza. To je najekonomi\u010dniji i ponekad najbr\u017ei na\u010din dostave automobila.<\/p>\n          <p>Kori\u0161tenje brodara \u010desto je obavezno da biste mogli poslati vozilo u stranu zemlju. Time \u0107e se rije\u0161iti administrativne procedure u luci polaska, ali i u luci dolaska.<\/p>\n          <h2>\n            <strong>KOJE DOKUMENTE TREBA OBEZBIJEDITI KAKO BI VA\u0160E VOZILO POSLALJENO U ME\u0110UNARODNOM STANJU?<\/strong>\n          <\/h2>\n          <ul>\n            <li>Ra\u010dun kupnje vozila;<\/li>\n            <li>Kopija va\u0161eg osobnog dokumenta;<\/li>\n            <li>Dokument o registraciji vozila;<\/li>\n            <li>Potvrda o prijenosu;<\/li>\n            <li>Potvrda o nezalogu;<\/li>\n            <li>Ispunjena i potpisana potvrda o vrijednosti ( <strong><a href=\"https:\/\/pistonaddict.com\/wp-content\/uploads\/2022\/05\/Attestation-de-valeur-vehicule.pdf\" target=\"_blank\" rel=\"noopener\"><u>preuzmite je<\/u><\/a><\/strong> ).<\/li>\n          <\/ul>\n          <p>Ovisno o zemlji odredi\u0161ta, mogu biti potrebni i drugi dokumenti. Nemojte zaboraviti pitati svog prijevoznika jesu li porezi, carine i pristojbe za carinjenje uklju\u010dene u prikazanu ponudu.<\/p>\n          <h2>\n            <strong>KOLIKO KO\u0160TA SLANJE VOZILA ME\u0110UNARODNO?<\/strong>\n          <\/h2>\n          <p>Cijene se naravno razlikuju od jednog prijevoznika do drugog: tvrtka za prijevoz vozila uzima u obzir nekoliko elemenata kako bi izra\u010dunala tro\u0161kove prijevoza:<\/p>\n          <ul>\n            <li>Vrsta vozila;<\/li>\n            <li>Na\u010din prijevoza;<\/li>\n            <li>Udaljenost izme\u0111u dvije zemlje;<\/li>\n            <li>Rok za slanje i godi\u0161nje doba.<\/li>\n          <\/ul>\n          <p>Ostat \u0107ete odgovorni za osiguranje prijevoza, koje \u0107e vam ponuditi prijevozni\u010dka tvrtka, kao i za carinske pristojbe i poreze koje morate platiti.<\/p>\n          <p>Kopneni prijevoz najprakti\u010dniji je na\u010din slanja vozila, posebno izme\u0111u grani\u010dnih zemalja. Pomorski promet ima prednost \u0161to je ekonomi\u010dan, ali sporiji.<\/p>\n          <h2>\n            <strong>SAVJET OVISNICIMA O KLIPU<\/strong>\n          <\/h2>\n          <p>Sada kada znate sve \u0161to trebate znati o prijevozu vozila, evo nekoliko savjeta koje je uvijek dobro slijediti prije nego \u0161to svoje vozilo povjerite prijevozni\u010dkoj tvrtki po svom izboru:<\/p>\n          <ul>\n            <li>Deaktivirajte alarm ako postoji, kako biste sprije\u010dili da se upali tijekom transporta;<\/li>\n            <li>Napunite bateriju do maksimuma, kako se tijekom transporta ne bi potpuno ispraznila;<\/li>\n            <li>Ispraznite spremnik goriva \u0161to je vi\u0161e mogu\u0107e, kao sigurnosnu mjeru;<\/li>\n            <li>Pazite da ne ostavite nikakve predmete u vozilu;<\/li>\n            <li>\u010cuvajte dokaze o stanju vozila prije nego \u0161to ga predate prijevozniku;<\/li>\n            <li>Osigurajte se kako biste imali jamstvo povrata novca u slu\u010daju problema tijekom transporta;<\/li>\n            <li>\u010cuvati originale potvrde o registraciji vozila, potvrde o vlasni\u0161tvu i potvrde o nezalogu;<\/li>\n            <li>Imajte rezervne klju\u010deve vozila sa sobom. I iznad svega, ne zaboravite poslati duplikate klju\u010deva nakon \u0161to kupac primi vozilo.<\/li>\n          <\/ul>\n          <p> <\/p>\n          <h2>\n            <strong>Na\u0161e preporuke kamionom<\/strong>\n          <\/h2>\n          <ul>\n            <li><em><strong>Njema\u010dka \u2013 Austrija \u2013 Belgija \u2013 \u0160panjolska \u2013 Francuska \u2013 Italija \u2013 Nizozemska \u2013 Portugal \u2013 \u0160vicarska &#8211; UK<\/strong> :<\/em> Me\u0111unarodni: <a href=\"https:\/\/www.eurosender.com\/en\/vt\/vehicle-transport\/car\" target=\"_blank\" rel=\"noopener\">Eurosender<\/a> , <a href=\"https:\/\/www.shiply.com\/vehicle-delivery\/car-transport-to-europe.php\" target=\"_blank\" rel=\"noopener\">Shiply<\/a><\/li>\n            <li><strong><em>Francuska:<\/em><\/strong> Nacionalni: <a href=\"https:\/\/disposeo.com\/\" target=\"_blank\" rel=\"noopener\">Disposeo<\/a> , <a href=\"https:\/\/www.hiflow.com\/particulier\" target=\"_blank\" rel=\"noopener\">Hiflow<\/a><\/li>\n          <\/ul>\n          <h2>\n            <strong>Na\u0161e preporuke na moru<\/strong>\n          <\/h2>\n          <ul>\n            <li><a href=\"https:\/\/cfrrinkens.com\/rate-request\/\" target=\"_blank\" rel=\"noopener\">CFR Rinkens<\/a> , <a href=\"https:\/\/www.carseurope.net\/international-car-transportation-quote\/\" target=\"_blank\" rel=\"noopener\">AUTOMOBILA<\/a><\/li>\n          <\/ul>\n        \t\t\t\t\t\t<\/div>\n\t\t\t\t<\/div>\n\t\t\t\t\t<\/div>\n\t\t<\/div>\n\t\t\t\t\t<\/div>\n\t\t<\/section>\n\t\t\t\t<\/div>\n\t\t","protected":false},"excerpt":{"rendered":"<p>DOSTAVA VA\u0160EG VOZILA KAKO VA\u0160E VOZILO PREVOZITI? Na raspolaganju vam je nekoliko rje\u0161enja ako \u017eelite prevesti svoje vozilo. To mo\u017eete u\u010diniti sami ili koristiti profesionalne usluge prijevoza kao \u0161to su vu\u010da, transport, prijevoz ravnim ili kamionima ili kona\u010dno pomorski prijevoz. 1- Vu\u010da vozila Ova vrsta prijevoza prikladna je za kratke udaljenosti, pri maloj brzini. Za &#8230; <a title=\"Otpremanje\" class=\"read-more\" href=\"https:\/\/pistonaddict.com\/hr\/otpremanje\/\">\u010citaj vi\u0161e<span class=\"screen-reader-text\">Otpremanje<\/span><\/a><\/p>\n","protected":false},"author":1,"featured_media":0,"parent":0,"menu_order":0,"comment_status":"closed","ping_status":"closed","template":"","meta":{"inline_featured_image":false,"footnotes":""},"acf":[],"yoast_head":"<!-- This site is optimized with the Yoast SEO plugin v22.5 - https:\/\/yoast.com\/wordpress\/plugins\/seo\/ -->\n<title>Otpremanje - Piston Addict stranice<\/title>\n<meta name=\"robots\" content=\"index, follow, max-snippet:-1, max-image-preview:large, max-video-preview:-1\" \/>\n<link rel=\"canonical\" href=\"https:\/\/pistonaddict.com\/hr\/otpremanje\/\" \/>\n<meta property=\"og:locale\" content=\"hr_HR\" \/>\n<meta property=\"og:type\" content=\"article\" \/>\n<meta property=\"og:title\" content=\"Otpremanje - Piston Addict stranice\" \/>\n<meta property=\"og:description\" content=\"DOSTAVA VA\u0160EG VOZILA KAKO VA\u0160E VOZILO PREVOZITI? Na raspolaganju vam je nekoliko rje\u0161enja ako \u017eelite prevesti svoje vozilo. To mo\u017eete u\u010diniti sami ili koristiti profesionalne usluge prijevoza kao \u0161to su vu\u010da, transport, prijevoz ravnim ili kamionima ili kona\u010dno pomorski prijevoz. 1- Vu\u010da vozila Ova vrsta prijevoza prikladna je za kratke udaljenosti, pri maloj brzini. Za ... \u010citaj vi\u0161eOtpremanje\" \/>\n<meta property=\"og:url\" content=\"https:\/\/pistonaddict.com\/hr\/otpremanje\/\" \/>\n<meta property=\"og:site_name\" content=\"Piston Addict\" \/>\n<meta property=\"article:modified_time\" content=\"2022-05-04T16:00:05+00:00\" \/>\n<meta name=\"twitter:card\" content=\"summary_large_image\" \/>\n<meta name=\"twitter:label1\" content=\"Procijenjeno vrijeme \u010ditanja\" \/>\n\t<meta name=\"twitter:data1\" content=\"3 minute\" \/>\n<script type=\"application\/ld+json\" class=\"yoast-schema-graph\">{\"@context\":\"https:\/\/schema.org\",\"@graph\":[{\"@type\":\"WebPage\",\"@id\":\"https:\/\/pistonaddict.com\/hr\/otpremanje\/\",\"url\":\"https:\/\/pistonaddict.com\/hr\/otpremanje\/\",\"name\":\"Otpremanje - Piston Addict stranice\",\"isPartOf\":{\"@id\":\"https:\/\/pistonaddict.com\/hr\/#website\"},\"datePublished\":\"2022-04-29T09:18:49+00:00\",\"dateModified\":\"2022-05-04T16:00:05+00:00\",\"breadcrumb\":{\"@id\":\"https:\/\/pistonaddict.com\/hr\/otpremanje\/#breadcrumb\"},\"inLanguage\":\"hr\",\"potentialAction\":[{\"@type\":\"ReadAction\",\"target\":[\"https:\/\/pistonaddict.com\/hr\/otpremanje\/\"]}]},{\"@type\":\"BreadcrumbList\",\"@id\":\"https:\/\/pistonaddict.com\/hr\/otpremanje\/#breadcrumb\",\"itemListElement\":[{\"@type\":\"ListItem\",\"position\":1,\"name\":\"Po\u010detna stranica\",\"item\":\"https:\/\/pistonaddict.com\/hr\/pocetna-stranica-2\/\"},{\"@type\":\"ListItem\",\"position\":2,\"name\":\"Otpremanje\"}]},{\"@type\":\"WebSite\",\"@id\":\"https:\/\/pistonaddict.com\/hr\/#website\",\"url\":\"https:\/\/pistonaddict.com\/hr\/\",\"name\":\"Piston Addict\",\"description\":\"Only interesting vehicles\",\"publisher\":{\"@id\":\"https:\/\/pistonaddict.com\/hr\/#organization\"},\"potentialAction\":[{\"@type\":\"SearchAction\",\"target\":{\"@type\":\"EntryPoint\",\"urlTemplate\":\"https:\/\/pistonaddict.com\/hr\/?s={search_term_string}\"},\"query-input\":\"required name=search_term_string\"}],\"inLanguage\":\"hr\"},{\"@type\":\"Organization\",\"@id\":\"https:\/\/pistonaddict.com\/hr\/#organization\",\"name\":\"Piston Addict\",\"url\":\"https:\/\/pistonaddict.com\/hr\/\",\"logo\":{\"@type\":\"ImageObject\",\"inLanguage\":\"hr\",\"@id\":\"https:\/\/pistonaddict.com\/hr\/#\/schema\/logo\/image\/\",\"url\":\"https:\/\/pistonaddict.com\/wp-content\/uploads\/2022\/07\/logo-6.png\",\"contentUrl\":\"https:\/\/pistonaddict.com\/wp-content\/uploads\/2022\/07\/logo-6.png\",\"width\":970,\"height\":200,\"caption\":\"Piston Addict\"},\"image\":{\"@id\":\"https:\/\/pistonaddict.com\/hr\/#\/schema\/logo\/image\/\"}}]}<\/script>\n<!-- \/ Yoast SEO plugin. -->","yoast_head_json":{"title":"Otpremanje - Piston Addict stranice","robots":{"index":"index","follow":"follow","max-snippet":"max-snippet:-1","max-image-preview":"max-image-preview:large","max-video-preview":"max-video-preview:-1"},"canonical":"https:\/\/pistonaddict.com\/hr\/otpremanje\/","og_locale":"hr_HR","og_type":"article","og_title":"Otpremanje - Piston Addict stranice","og_description":"DOSTAVA VA\u0160EG VOZILA KAKO VA\u0160E VOZILO PREVOZITI? Na raspolaganju vam je nekoliko rje\u0161enja ako \u017eelite prevesti svoje vozilo. To mo\u017eete u\u010diniti sami ili koristiti profesionalne usluge prijevoza kao \u0161to su vu\u010da, transport, prijevoz ravnim ili kamionima ili kona\u010dno pomorski prijevoz. 1- Vu\u010da vozila Ova vrsta prijevoza prikladna je za kratke udaljenosti, pri maloj brzini. Za ... \u010citaj vi\u0161eOtpremanje","og_url":"https:\/\/pistonaddict.com\/hr\/otpremanje\/","og_site_name":"Piston Addict","article_modified_time":"2022-05-04T16:00:05+00:00","twitter_card":"summary_large_image","twitter_misc":{"Procijenjeno vrijeme \u010ditanja":"3 minute"},"schema":{"@context":"https:\/\/schema.org","@graph":[{"@type":"WebPage","@id":"https:\/\/pistonaddict.com\/hr\/otpremanje\/","url":"https:\/\/pistonaddict.com\/hr\/otpremanje\/","name":"Otpremanje - Piston Addict stranice","isPartOf":{"@id":"https:\/\/pistonaddict.com\/hr\/#website"},"datePublished":"2022-04-29T09:18:49+00:00","dateModified":"2022-05-04T16:00:05+00:00","breadcrumb":{"@id":"https:\/\/pistonaddict.com\/hr\/otpremanje\/#breadcrumb"},"inLanguage":"hr","potentialAction":[{"@type":"ReadAction","target":["https:\/\/pistonaddict.com\/hr\/otpremanje\/"]}]},{"@type":"BreadcrumbList","@id":"https:\/\/pistonaddict.com\/hr\/otpremanje\/#breadcrumb","itemListElement":[{"@type":"ListItem","position":1,"name":"Po\u010detna stranica","item":"https:\/\/pistonaddict.com\/hr\/pocetna-stranica-2\/"},{"@type":"ListItem","position":2,"name":"Otpremanje"}]},{"@type":"WebSite","@id":"https:\/\/pistonaddict.com\/hr\/#website","url":"https:\/\/pistonaddict.com\/hr\/","name":"Piston Addict","description":"Only interesting vehicles","publisher":{"@id":"https:\/\/pistonaddict.com\/hr\/#organization"},"potentialAction":[{"@type":"SearchAction","target":{"@type":"EntryPoint","urlTemplate":"https:\/\/pistonaddict.com\/hr\/?s={search_term_string}"},"query-input":"required name=search_term_string"}],"inLanguage":"hr"},{"@type":"Organization","@id":"https:\/\/pistonaddict.com\/hr\/#organization","name":"Piston Addict","url":"https:\/\/pistonaddict.com\/hr\/","logo":{"@type":"ImageObject","inLanguage":"hr","@id":"https:\/\/pistonaddict.com\/hr\/#\/schema\/logo\/image\/","url":"https:\/\/pistonaddict.com\/wp-content\/uploads\/2022\/07\/logo-6.png","contentUrl":"https:\/\/pistonaddict.com\/wp-content\/uploads\/2022\/07\/logo-6.png","width":970,"height":200,"caption":"Piston Addict"},"image":{"@id":"https:\/\/pistonaddict.com\/hr\/#\/schema\/logo\/image\/"}}]}},"_links":{"self":[{"href":"https:\/\/pistonaddict.com\/hr\/wp-json\/wp\/v2\/pages\/2890"}],"collection":[{"href":"https:\/\/pistonaddict.com\/hr\/wp-json\/wp\/v2\/pages"}],"about":[{"href":"https:\/\/pistonaddict.com\/hr\/wp-json\/wp\/v2\/types\/page"}],"author":[{"embeddable":true,"href":"https:\/\/pistonaddict.com\/hr\/wp-json\/wp\/v2\/users\/1"}],"replies":[{"embeddable":true,"href":"https:\/\/pistonaddict.com\/hr\/wp-json\/wp\/v2\/comments?post=2890"}],"version-history":[{"count":2,"href":"https:\/\/pistonaddict.com\/hr\/wp-json\/wp\/v2\/pages\/2890\/revisions"}],"predecessor-version":[{"id":4207,"href":"https:\/\/pistonaddict.com\/hr\/wp-json\/wp\/v2\/pages\/2890\/revisions\/4207"}],"wp:attachment":[{"href":"https:\/\/pistonaddict.com\/hr\/wp-json\/wp\/v2\/media?parent=2890"}],"curies":[{"name":"wp","href":"https:\/\/api.w.org\/{rel}","templated":true}]}}