{"id":2847,"date":"2022-04-29T11:18:33","date_gmt":"2022-04-29T09:18:33","guid":{"rendered":"https:\/\/pistonaddict.com\/pravna-obavijest\/"},"modified":"2024-10-26T08:16:55","modified_gmt":"2024-10-26T06:16:55","slug":"pravna-obavijest","status":"publish","type":"page","link":"https:\/\/pistonaddict.com\/hr\/pravna-obavijest\/","title":{"rendered":"Pravna obavijest"},"content":{"rendered":"\t\t<div data-elementor-type=\"wp-page\" data-elementor-id=\"2847\" class=\"elementor elementor-2847 elementor-2848\">\n\t\t\t\t\t\t<section class=\"elementor-section elementor-top-section elementor-element elementor-element-4eb0e23 elementor-section-boxed elementor-section-height-default elementor-section-height-default\" data-id=\"4eb0e23\" data-element_type=\"section\">\n\t\t\t\t\t\t<div class=\"elementor-container elementor-column-gap-default\">\n\t\t\t\t\t<div class=\"elementor-column elementor-col-100 elementor-top-column elementor-element elementor-element-229cbe5\" data-id=\"229cbe5\" data-element_type=\"column\">\n\t\t\t<div class=\"elementor-widget-wrap elementor-element-populated\">\n\t\t\t\t\t\t<div class=\"elementor-element elementor-element-2af4966 elementor-widget elementor-widget-text-editor\" data-id=\"2af4966\" data-element_type=\"widget\" data-widget_type=\"text-editor.default\">\n\t\t\t\t<div class=\"elementor-widget-container\">\n\t\t\t<style>\/*! elementor - v3.21.0 - 18-04-2024 *\/\n.elementor-widget-text-editor.elementor-drop-cap-view-stacked .elementor-drop-cap{background-color:#69727d;color:#fff}.elementor-widget-text-editor.elementor-drop-cap-view-framed .elementor-drop-cap{color:#69727d;border:3px solid;background-color:transparent}.elementor-widget-text-editor:not(.elementor-drop-cap-view-default) .elementor-drop-cap{margin-top:8px}.elementor-widget-text-editor:not(.elementor-drop-cap-view-default) .elementor-drop-cap-letter{width:1em;height:1em}.elementor-widget-text-editor .elementor-drop-cap{float:left;text-align:center;line-height:1;font-size:50px}.elementor-widget-text-editor .elementor-drop-cap-letter{display:inline-block}<\/style>\t\t\t\t<h2><strong>PREZENTACIJA WEB STRANICA<\/strong><\/h2>\n<p>Sukladno \u010dlanku 6. zakona br. 2004-575 od 21. lipnja 2004. o povjerenju u digitalno gospodarstvo i primjeni Op\u0107e <strong>uredbe<\/strong> <strong>o za\u0161titi podataka<\/strong> [Uredba (EU) 2016\/679], navodi se korisnicima stranice: https:\/\/www.pistonaddict. com, identitet razli\u010ditih dionika u kontekstu njegove realizacije i njezinog pra\u0107enja.<\/p>\n<ul>\n<li><strong>Vlasnik:<\/strong> <strong>Piston Addict SA<\/strong><\/li>\n<li>SA s temeljnim kapitalom od 400 000 CHF<\/li>\n<li>IDE broj: CHE-354.351.695<\/li>\n<li>PDV broj: CHE-354.351.695TVA i EU528667635 (IZVAN EU OSS broj)<\/li>\n<li>Ured: Rue Alexandre Gavard 16, 1227 Carouge,&nbsp; \u0160vicarska<\/li>\n<li>Telefon: 00 41 22 342 03 55<\/li>\n<\/ul>\n<ul>\n<li><strong>Kreator\/webmaster: KUBIWEB<\/strong><\/li>\n<li>SAS s temeljnim kapitalom od 21 320 \u20ac<\/li>\n<li>SIRET broj: 53018964600025<\/li>\n<li>Sjedi\u0161te: 46-48 Chemin de la Bruy\u00e8re \u2013 69570 DARDILLY<\/li>\n<\/ul>\n<ul>\n<li><strong>Doma\u0107in: HOSTINGER<\/strong><\/li>\n<li>Sjedi\u0161te: HOSTINGER INTERNATIONAL LTD, 61 Lordou Vironos Street, 6023 Larnaca, Cipar<\/li>\n<li>Kontakt: <a href=\"https:\/\/www.hostinger.fr\/contact\" target=\"_blank\" rel=\"noopener\">https:\/\/www.hostinger.fr\/contact<\/a><\/li>\n<\/ul>\n\n<ul>\n<li>E-mail : <a href=\"https:\/\/pistonaddict.com\/hr\/kontaktirajte-nas\/\">Kontakt obrazac<\/a><\/li>\n<\/ul>\n<p>Aktivnosti Piston Addict odvijaju se diljem svijeta s glavnim fokusom na Europu, osim Ujedinjenog Kraljevstva i Irske.&nbsp;<\/p>\n<p><\/p>\n<h2><strong>OP\u0106I UVJETI KORI\u0160TENJA STRANICE I PONU\u0110ENIH USLUGA<\/strong><\/h2>\n<p>Kori\u0161tenje stranice https:\/\/www.pistonaddict.com podrazumijeva potpuno prihva\u0107anje dolje opisanih op\u0107ih uvjeta kori\u0161tenja. Ovi uvjeti kori\u0161tenja mogu se mijenjati ili dopuniti u bilo kojem trenutku, stoga se pozivaju korisnici stranice https:\/\/www.pistonaddict.com da ih redovito konzultiraju.<\/p>\n<p>Ova stranica je obi\u010dno dostupna korisnicima u bilo koje vrijeme. Me\u0111utim, o prekidu zbog tehni\u010dkog odr\u017eavanja mo\u017ee odlu\u010diti <strong>Piston Addict<\/strong> , koji \u0107e zatim nastojati obavijestiti korisnike prije datuma i vremena intervencije.<\/p>\n<p>Web mjesto https:\/\/www.pistonaddict.com redovito a\u017eurira <strong>Piston Addict<\/strong> . Isto tako, pravne obavijesti mogu se mijenjati u bilo kojem trenutku: one se ipak name\u0107u korisniku koji je pozvan da ih \u0161to \u010de\u0161\u0107e upu\u0107uje kako bi se s njima upoznao.<\/p>\n<h2>&nbsp;<\/h2>\n<h2><strong>OPIS PRU\u017dANIH USLUGA<\/strong><\/h2>\n<p>Svrha stranice https:\/\/www.pistonaddict.com je pru\u017eiti informacije o svim aktivnostima tvrtke. <strong>Piston Addict<\/strong> nastoji pru\u017eiti \u0161to to\u010dnije informacije na stranici https:\/\/www.pistonaddict.com.<\/p>\n<p>Me\u0111utim, ne mo\u017ee se smatrati odgovornim za propuste, neto\u010dnosti i nedostatke u a\u017euriranju, bilo sami ili partneri tre\u0107ih strana koji mu daju te informacije.<\/p>\n<p>Sve informacije navedene na stranici https:\/\/www.pistonaddict.com dane su samo kao indikacija i vjerojatno \u0107e se razvijati. Nadalje, informacije na stranici https:\/\/www.pistonaddict.com nisu iscrpne. Dani su podlo\u017eni izmjenama koje su napravljene otkako su stavljeni na mre\u017eu.<\/p>\n<h2>&nbsp;<\/h2>\n<h2><strong>UGOVORNA OGRANI\u010cENJA TEHNI\u010cKIH PODATAKA<\/strong><\/h2>\n<p>Stranica koristi JavaScript tehnologiju.<\/p>\n<p>Stranica se ne mo\u017ee smatrati odgovornom za materijalnu \u0161tetu nastalu kori\u0161tenjem stranice. Osim toga, korisnik stranice pristaje pristupiti stranici kori\u0161tenjem najnovije opreme koja ne sadr\u017ei viruse i s a\u017euriranim preglednikom najnovije generacije.<\/p>\n<h2>&nbsp;<\/h2>\n<h2><strong>INTELEKTUALNO VLASNI\u0160TVO I KR\u0160ENJA<\/strong><\/h2>\n<p><strong>Piston Addict<\/strong> je vlasnik prava intelektualnog vlasni\u0161tva ili ima pravo kori\u0161tenja svih elemenata dostupnih na stranici, a posebno tekstova, slika, grafika, logotipa, ikona, zvukova, softvera.<\/p>\n<p>Zabranjeno je bilo kakvo umno\u017eavanje, predstavljanje, mijenjanje, objavljivanje, prilagodba svih ili dijela elemenata stranice, bez obzira na na\u010din ili postupak koji se koristio, osim uz prethodno pismeno odobrenje <strong>Piston Addict<\/strong> .<\/p>\n<p>Svako neovla\u0161teno kori\u0161tenje stranice ili bilo kojeg elementa koje ona sadr\u017ei smatrat \u0107e se kr\u0161enjem prava i procesuirati se u skladu s odredbama \u010dlanaka L.335-2 i sljede\u0107ih Zakona o intelektualnom vlasni\u0161tvu.<\/p>\n<h2>&nbsp;<\/h2>\n<h2><strong>OGRANI\u010cENJA ODGOVORNOSTI<\/strong><\/h2>\n<p><strong>Piston Addict<\/strong> se ne mo\u017ee smatrati odgovornim za izravnu ili neizravnu \u0161tetu nastalu na opremi korisnika, prilikom pristupa web stranici https:\/\/www.pistonaddict.com, a koja proizlazi iz uporabe opreme koja ne zadovoljava specifikacije navedene u to\u010dki 4, ili pojava gre\u0161ke ili nekompatibilnost.<\/p>\n<p><strong>Piston Addict<\/strong> se tako\u0111er ne mo\u017ee smatrati odgovornim za posljedi\u010dnu \u0161tetu (kao \u0161to je gubitak tr\u017ei\u0161ta ili gubitak prilike) koja proizlazi iz kori\u0161tenja stranice https:\/\/www.pistonaddict.com. Korisnicima su na raspolaganju interaktivni prostori (mogu\u0107nost postavljanja pitanja u kontakt prostoru).<\/p>\n<p><strong>Piston Addict<\/strong> zadr\u017eava pravo brisanja, bez prethodne najave, bilo kojeg sadr\u017eaja objavljenog na ovom prostoru koji bi bio u suprotnosti sa zakonodavstvom primjenjivim u Francuskoj, posebno odredbama koje se odnose na za\u0161titu podataka.<\/p>\n<p>Gdje je primjenjivo, <strong>Piston Addict<\/strong> tako\u0111er zadr\u017eava pravo ispitati gra\u0111ansku i\/ili kaznenu odgovornost korisnika, posebno u slu\u010daju rasisti\u010dke, uvredljive, klevetni\u010dke ili pornografske poruke, bez obzira na kori\u0161teni medij (tekst, fotografija, itd.).<\/p>\n<h2>&nbsp;<\/h2>\n<h2><strong>UPRAVLJANJE OSOBNIM PODACIMA<\/strong><\/h2>\n<p>U Francuskoj su osobni podaci posebno za\u0161ti\u0107eni zakonom br. 78-87 od 6. sije\u010dnja 1978., zakonom br. 2004-801 od 6. kolovoza 2004., \u010dlankom L. 226-13 Kaznenog zakona i Europskom direktivom od 24. listopada. , 1995. i Uredbom (EU) 2016\/679 Europskog parlamenta i Vije\u0107a od 27. travnja 2016.<\/p>\n<p>Prilikom kori\u0161tenja stranice https:\/\/www.pistonaddict.com mo\u017ee se prikupljati sljede\u0107e: URL poveznica putem kojih je korisnik pristupio stranici https:\/\/www.pistonaddict.com, korisnikov ISP, korisnikov internetski protokol (IP adresa.<\/p>\n<p>U svakom slu\u010daju <strong>Piston Addict<\/strong> prikuplja samo osobne podatke koji se odnose na korisnika za potrebe odre\u0111enih usluga koje nudi stranica https:\/\/www.pistonaddict.com.<\/p>\n<p>Korisnik te podatke daje uz puno poznavanje \u010dinjenica, posebice kada ih sam unosi. Zatim se korisniku stranice https:\/\/www.pistonaddict.com precizira obveza ili nedavanje ovih informacija. U skladu s odredbama \u010dlanaka 38 i sljede\u0107ih zakona 78-17 od 6. sije\u010dnja 1978. koji se odnose na obradu podataka, datoteka i sloboda kao i odredbama poglavlja 3 Op\u0107ih propisa o za\u0161titi podataka, svi korisnici imaju pravo na pristup, ispravak i protivljenje osobnim podacima koji se na njega odnose, podno\u0161enjem pisanog i potpisanog zahtjeva uz koji je prilo\u017een preslik osobne isprave s potpisom nositelja isprave, uz naznaku adrese na koju treba poslati odgovor.<\/p>\n<p>Nikakvi osobni podaci korisnika stranice https:\/\/www.pistonaddict.com ne objavljuju se bez znanja korisnika, razmjenjuju, prenose, dodjeljuju ili prodaju na bilo kojem mediju tre\u0107im stranama.<\/p>\n<p>Samo pretpostavka otkupa <strong>Piston Addicta<\/strong> i njegovih prava omogu\u0107ila bi prijenos takvih informacija potencijalnom kupcu koji bi zauzvrat bio vezan istom obvezom pohranjivanja i izmjene podataka u odnosu na korisnika stranice. https:\/\/www.pistonaddict.com.<\/p>\n<p>Stranica nije prijavljena CNIL-u jer ne prikuplja osobne podatke bez pristanka doti\u010dnih osoba. Baze podataka za\u0161ti\u0107ene su odredbama zakona od 1. srpnja 1998. kojim se preuzima direktiva 96\/9 od 11. o\u017eujka 1996. o pravnoj za\u0161titi baza podataka.<\/p>\n<p><span lang=\"en\">Za ostvarivanje prava na va\u0161e osobne podatke ili u slu\u010daju pitanja u vezi s njima, mo\u017eete se obratiti na\u0161em slu\u017ebeniku za za\u0161titu podataka na sljede\u0107u adresu: dpo@pistonaddict.com.<\/span><\/p>\n<h2>&nbsp;<\/h2>\n<h2><strong>HIPERTEKSTUALNE VEZE I KOLA\u010cI\u0106I<\/strong><\/h2>\n<p>Stranica https:\/\/www.pistonaddict.com sadr\u017ei odre\u0111eni broj hipertekstualnih poveznica na druge stranice, postavljene uz ovla\u0161tenje <strong>Piston Addict<\/strong> . Me\u0111utim, <strong>Piston Addict<\/strong> nema mogu\u0107nost provjere sadr\u017eaja tako posje\u0107enih stranica, te stoga ne preuzima nikakvu odgovornost za tu \u010dinjenicu.<\/p>\n<p>Pregledavanje stranice https:\/\/www.pistonaddict.com vjerojatno \u0107e uzrokovati instalaciju kola\u010di\u0107a(-ova) na korisnikovo ra\u010dunalo. Kola\u010di\u0107 je mala datoteka koja ne dopu\u0161ta identifikaciju korisnika, ali bilje\u017ei informacije koje se odnose na navigaciju ra\u010dunala na stranici.<\/p>\n<p>Tako dobiveni podaci imaju za cilj olak\u0161ati kasniju navigaciju na stranici, a tako\u0111er imaju za cilj omogu\u0107iti razli\u010dite mjere posje\u0107enosti.<\/p>\n<p>Odbijanje instaliranja kola\u010di\u0107a mo\u017ee onemogu\u0107iti pristup odre\u0111enim uslugama. Me\u0111utim, korisnik mo\u017ee konfigurirati svoje ra\u010dunalo na sljede\u0107i na\u010din da odbije instalaciju kola\u010di\u0107a:<\/p>\n<ul>\n<li>Pod Internet Explorerom: kartica alata (piktogram u obliku zup\u010danika gore desno) \/ internet opcije. Kliknite na Privatnost i odaberite Blokiraj sve kola\u010di\u0107e. Potvrdi na Ok.<\/li>\n<li>Pod Firefoxom: na vrhu prozora preglednika kliknite na gumb Firefox, zatim idite na karticu Mogu\u0107nosti. Pritisnite karticu Privatnost. Postavite pravila zadr\u017eavanja na: kori\u0161tenje prilago\u0111enih postavki za povijest. Na kraju poni\u0161tite odabir kako biste onemogu\u0107ili kola\u010di\u0107e.<\/li>\n<li>Pod Safari: Kliknite u gornjem desnom kutu preglednika na ikonu izbornika (simboliziranu zup\u010danikom). Odaberite Postavke. Pritisnite Prika\u017ei napredne postavke. U odjeljku &#8220;Privatnost&#8221; kliknite na Postavke sadr\u017eaja. U odjeljku &#8220;Kola\u010di\u0107i&#8221; mo\u017eete blokirati kola\u010di\u0107e.<\/li>\n<li>U Chromeu: kliknite u gornjem desnom kutu preglednika na ikonu izbornika (simboliziranu s tri vodoravne crte). Odaberite Postavke. Pritisnite Prika\u017ei napredne postavke. U odjeljku &#8220;Privatnost&#8221; kliknite na postavke. U kartici &#8220;Privatnost&#8221; mo\u017eete blokirati kola\u010di\u0107e.<\/li>\n<\/ul>\n<h2>&nbsp;<\/h2>\n<h2><strong>MJERODAVNO PRAVO I DODJELJIVANJE NADLE\u017dNOSTI<\/strong><\/h2>\n<p>Svaki spor u vezi s kori\u0161tenjem stranice https:\/\/www.pistonaddict.com podlije\u017ee zakonu \u0160vicarske. Isklju\u010diva nadle\u017enost dana je nadle\u017enim sudovima u \u017denevi.<\/p>\n<h2>&nbsp;<\/h2>\n<h2><strong>GLAVNI ZAKONI O KOJIMA SE PRAVO<\/strong><\/h2>\n<p>Zakon br. 78-87 od 6. sije\u010dnja 1978., posebno izmijenjen zakonom br. 2004-801 od 6. kolovoza 2004. koji se odnosi na obradu podataka, datoteke i slobode. Zakon br. 2004-575 od 21. lipnja 2004. o povjerenju u digitalnu ekonomiju. Odjeljci 2., 3., 4. i 5. poglavlja 3. Op\u0107e uredbe o za\u0161titi podataka.<\/p>\n<h2>&nbsp;<\/h2>\n<h2><strong>LEKSIKON<\/strong><\/h2>\n<p>Korisnik: Internetski korisnik koji se spaja, koriste\u0107i gore spomenutu stranicu.<\/p>\n<p>Osobni podaci: \u201cinformacije koje omogu\u0107uju, u bilo kojem obliku, izravno ili neizravno, identifikaciju fizi\u010dkih osoba na koje se odnose\u201d (\u010dlanak 4. zakona br. 78-17 od 6. sije\u010dnja 1978.).<\/p>\n<h2>&nbsp;<\/h2>\n<h2>AUTORSKO PRAVO<\/h2>\n<p><a title=\"klju\u010dne ikone\" href=\"https:\/\/www.flaticon.com\/free-icons\/key\">Klju\u010dne ikone koje je izradio Good Ware &#8211; Flaticon<br><\/a><\/p>\n<p><strong>Piston Addict<\/strong> je registrirani za\u0161titni znak, sva prava pridr\u017eana.<\/p>\t\t\t\t\t\t<\/div>\n\t\t\t\t<\/div>\n\t\t\t\t\t<\/div>\n\t\t<\/div>\n\t\t\t\t\t<\/div>\n\t\t<\/section>\n\t\t\t\t<\/div>\n\t\t","protected":false},"excerpt":{"rendered":"<p>PREZENTACIJA WEB STRANICA Sukladno \u010dlanku 6. zakona br. 2004-575 od 21. lipnja 2004. o povjerenju u digitalno gospodarstvo i primjeni Op\u0107e uredbe o za\u0161titi podataka [Uredba (EU) 2016\/679], navodi se korisnicima stranice: https:\/\/www.pistonaddict. com, identitet razli\u010ditih dionika u kontekstu njegove realizacije i njezinog pra\u0107enja. Vlasnik: Piston Addict SA SA s temeljnim kapitalom od 400 000 &#8230; <a title=\"Pravna obavijest\" class=\"read-more\" href=\"https:\/\/pistonaddict.com\/hr\/pravna-obavijest\/\">\u010citaj vi\u0161e<span class=\"screen-reader-text\">Pravna obavijest<\/span><\/a><\/p>\n","protected":false},"author":1,"featured_media":0,"parent":0,"menu_order":0,"comment_status":"closed","ping_status":"closed","template":"","meta":{"inline_featured_image":false,"footnotes":""},"acf":[],"yoast_head":"<!-- This site is optimized with the Yoast SEO plugin v22.5 - https:\/\/yoast.com\/wordpress\/plugins\/seo\/ -->\n<title>Pravna obavijest - Piston Addict stranice<\/title>\n<meta name=\"robots\" content=\"index, follow, max-snippet:-1, max-image-preview:large, max-video-preview:-1\" \/>\n<link rel=\"canonical\" href=\"https:\/\/pistonaddict.com\/hr\/pravna-obavijest\/\" \/>\n<meta property=\"og:locale\" content=\"hr_HR\" \/>\n<meta property=\"og:type\" content=\"article\" \/>\n<meta property=\"og:title\" content=\"Pravna obavijest - Piston Addict stranice\" \/>\n<meta property=\"og:description\" content=\"PREZENTACIJA WEB STRANICA Sukladno \u010dlanku 6. zakona br. 2004-575 od 21. lipnja 2004. o povjerenju u digitalno gospodarstvo i primjeni Op\u0107e uredbe o za\u0161titi podataka [Uredba (EU) 2016\/679], navodi se korisnicima stranice: https:\/\/www.pistonaddict. com, identitet razli\u010ditih dionika u kontekstu njegove realizacije i njezinog pra\u0107enja. Vlasnik: Piston Addict SA SA s temeljnim kapitalom od 400 000 ... \u010citaj vi\u0161ePravna obavijest\" \/>\n<meta property=\"og:url\" content=\"https:\/\/pistonaddict.com\/hr\/pravna-obavijest\/\" \/>\n<meta property=\"og:site_name\" content=\"Piston Addict\" \/>\n<meta property=\"article:modified_time\" content=\"2024-10-26T06:16:55+00:00\" \/>\n<meta name=\"twitter:card\" content=\"summary_large_image\" \/>\n<meta name=\"twitter:label1\" content=\"Procijenjeno vrijeme \u010ditanja\" \/>\n\t<meta name=\"twitter:data1\" content=\"7 minuta\" \/>\n<script type=\"application\/ld+json\" class=\"yoast-schema-graph\">{\"@context\":\"https:\/\/schema.org\",\"@graph\":[{\"@type\":\"WebPage\",\"@id\":\"https:\/\/pistonaddict.com\/hr\/pravna-obavijest\/\",\"url\":\"https:\/\/pistonaddict.com\/hr\/pravna-obavijest\/\",\"name\":\"Pravna obavijest - Piston Addict stranice\",\"isPartOf\":{\"@id\":\"https:\/\/pistonaddict.com\/hr\/#website\"},\"datePublished\":\"2022-04-29T09:18:33+00:00\",\"dateModified\":\"2024-10-26T06:16:55+00:00\",\"breadcrumb\":{\"@id\":\"https:\/\/pistonaddict.com\/hr\/pravna-obavijest\/#breadcrumb\"},\"inLanguage\":\"hr\",\"potentialAction\":[{\"@type\":\"ReadAction\",\"target\":[\"https:\/\/pistonaddict.com\/hr\/pravna-obavijest\/\"]}]},{\"@type\":\"BreadcrumbList\",\"@id\":\"https:\/\/pistonaddict.com\/hr\/pravna-obavijest\/#breadcrumb\",\"itemListElement\":[{\"@type\":\"ListItem\",\"position\":1,\"name\":\"Po\u010detna stranica\",\"item\":\"https:\/\/pistonaddict.com\/hr\/pocetna-stranica-2\/\"},{\"@type\":\"ListItem\",\"position\":2,\"name\":\"Pravna obavijest\"}]},{\"@type\":\"WebSite\",\"@id\":\"https:\/\/pistonaddict.com\/hr\/#website\",\"url\":\"https:\/\/pistonaddict.com\/hr\/\",\"name\":\"Piston Addict\",\"description\":\"Only interesting vehicles\",\"publisher\":{\"@id\":\"https:\/\/pistonaddict.com\/hr\/#organization\"},\"potentialAction\":[{\"@type\":\"SearchAction\",\"target\":{\"@type\":\"EntryPoint\",\"urlTemplate\":\"https:\/\/pistonaddict.com\/hr\/?s={search_term_string}\"},\"query-input\":\"required name=search_term_string\"}],\"inLanguage\":\"hr\"},{\"@type\":\"Organization\",\"@id\":\"https:\/\/pistonaddict.com\/hr\/#organization\",\"name\":\"Piston Addict\",\"url\":\"https:\/\/pistonaddict.com\/hr\/\",\"logo\":{\"@type\":\"ImageObject\",\"inLanguage\":\"hr\",\"@id\":\"https:\/\/pistonaddict.com\/hr\/#\/schema\/logo\/image\/\",\"url\":\"https:\/\/pistonaddict.com\/wp-content\/uploads\/2022\/07\/logo-6.png\",\"contentUrl\":\"https:\/\/pistonaddict.com\/wp-content\/uploads\/2022\/07\/logo-6.png\",\"width\":970,\"height\":200,\"caption\":\"Piston Addict\"},\"image\":{\"@id\":\"https:\/\/pistonaddict.com\/hr\/#\/schema\/logo\/image\/\"}}]}<\/script>\n<!-- \/ Yoast SEO plugin. -->","yoast_head_json":{"title":"Pravna obavijest - Piston Addict stranice","robots":{"index":"index","follow":"follow","max-snippet":"max-snippet:-1","max-image-preview":"max-image-preview:large","max-video-preview":"max-video-preview:-1"},"canonical":"https:\/\/pistonaddict.com\/hr\/pravna-obavijest\/","og_locale":"hr_HR","og_type":"article","og_title":"Pravna obavijest - Piston Addict stranice","og_description":"PREZENTACIJA WEB STRANICA Sukladno \u010dlanku 6. zakona br. 2004-575 od 21. lipnja 2004. o povjerenju u digitalno gospodarstvo i primjeni Op\u0107e uredbe o za\u0161titi podataka [Uredba (EU) 2016\/679], navodi se korisnicima stranice: https:\/\/www.pistonaddict. com, identitet razli\u010ditih dionika u kontekstu njegove realizacije i njezinog pra\u0107enja. Vlasnik: Piston Addict SA SA s temeljnim kapitalom od 400 000 ... \u010citaj vi\u0161ePravna obavijest","og_url":"https:\/\/pistonaddict.com\/hr\/pravna-obavijest\/","og_site_name":"Piston Addict","article_modified_time":"2024-10-26T06:16:55+00:00","twitter_card":"summary_large_image","twitter_misc":{"Procijenjeno vrijeme \u010ditanja":"7 minuta"},"schema":{"@context":"https:\/\/schema.org","@graph":[{"@type":"WebPage","@id":"https:\/\/pistonaddict.com\/hr\/pravna-obavijest\/","url":"https:\/\/pistonaddict.com\/hr\/pravna-obavijest\/","name":"Pravna obavijest - Piston Addict stranice","isPartOf":{"@id":"https:\/\/pistonaddict.com\/hr\/#website"},"datePublished":"2022-04-29T09:18:33+00:00","dateModified":"2024-10-26T06:16:55+00:00","breadcrumb":{"@id":"https:\/\/pistonaddict.com\/hr\/pravna-obavijest\/#breadcrumb"},"inLanguage":"hr","potentialAction":[{"@type":"ReadAction","target":["https:\/\/pistonaddict.com\/hr\/pravna-obavijest\/"]}]},{"@type":"BreadcrumbList","@id":"https:\/\/pistonaddict.com\/hr\/pravna-obavijest\/#breadcrumb","itemListElement":[{"@type":"ListItem","position":1,"name":"Po\u010detna stranica","item":"https:\/\/pistonaddict.com\/hr\/pocetna-stranica-2\/"},{"@type":"ListItem","position":2,"name":"Pravna obavijest"}]},{"@type":"WebSite","@id":"https:\/\/pistonaddict.com\/hr\/#website","url":"https:\/\/pistonaddict.com\/hr\/","name":"Piston Addict","description":"Only interesting vehicles","publisher":{"@id":"https:\/\/pistonaddict.com\/hr\/#organization"},"potentialAction":[{"@type":"SearchAction","target":{"@type":"EntryPoint","urlTemplate":"https:\/\/pistonaddict.com\/hr\/?s={search_term_string}"},"query-input":"required name=search_term_string"}],"inLanguage":"hr"},{"@type":"Organization","@id":"https:\/\/pistonaddict.com\/hr\/#organization","name":"Piston Addict","url":"https:\/\/pistonaddict.com\/hr\/","logo":{"@type":"ImageObject","inLanguage":"hr","@id":"https:\/\/pistonaddict.com\/hr\/#\/schema\/logo\/image\/","url":"https:\/\/pistonaddict.com\/wp-content\/uploads\/2022\/07\/logo-6.png","contentUrl":"https:\/\/pistonaddict.com\/wp-content\/uploads\/2022\/07\/logo-6.png","width":970,"height":200,"caption":"Piston Addict"},"image":{"@id":"https:\/\/pistonaddict.com\/hr\/#\/schema\/logo\/image\/"}}]}},"_links":{"self":[{"href":"https:\/\/pistonaddict.com\/hr\/wp-json\/wp\/v2\/pages\/2847"}],"collection":[{"href":"https:\/\/pistonaddict.com\/hr\/wp-json\/wp\/v2\/pages"}],"about":[{"href":"https:\/\/pistonaddict.com\/hr\/wp-json\/wp\/v2\/types\/page"}],"author":[{"embeddable":true,"href":"https:\/\/pistonaddict.com\/hr\/wp-json\/wp\/v2\/users\/1"}],"replies":[{"embeddable":true,"href":"https:\/\/pistonaddict.com\/hr\/wp-json\/wp\/v2\/comments?post=2847"}],"version-history":[{"count":15,"href":"https:\/\/pistonaddict.com\/hr\/wp-json\/wp\/v2\/pages\/2847\/revisions"}],"predecessor-version":[{"id":111600,"href":"https:\/\/pistonaddict.com\/hr\/wp-json\/wp\/v2\/pages\/2847\/revisions\/111600"}],"wp:attachment":[{"href":"https:\/\/pistonaddict.com\/hr\/wp-json\/wp\/v2\/media?parent=2847"}],"curies":[{"name":"wp","href":"https:\/\/api.w.org\/{rel}","templated":true}]}}