{"id":26231,"date":"2022-04-29T11:20:06","date_gmt":"2022-04-29T09:20:06","guid":{"rendered":"https:\/\/pistonaddict.com\/pravila-komentiranja\/"},"modified":"2023-02-05T11:11:44","modified_gmt":"2023-02-05T10:11:44","slug":"pravila-komentiranja","status":"publish","type":"page","link":"https:\/\/pistonaddict.com\/hr\/pravila-komentiranja\/","title":{"rendered":"Pravila komentiranja"},"content":{"rendered":"\t\t<div data-elementor-type=\"wp-page\" data-elementor-id=\"26231\" class=\"elementor elementor-26231 elementor-3043\">\n\t\t\t\t\t\t<section class=\"elementor-section elementor-top-section elementor-element elementor-element-01b8fa5 elementor-section-boxed elementor-section-height-default elementor-section-height-default\" data-id=\"01b8fa5\" data-element_type=\"section\">\n\t\t\t\t\t\t<div class=\"elementor-container elementor-column-gap-default\">\n\t\t\t\t\t<div class=\"elementor-column elementor-col-100 elementor-top-column elementor-element elementor-element-19e2c1c\" data-id=\"19e2c1c\" data-element_type=\"column\">\n\t\t\t<div class=\"elementor-widget-wrap elementor-element-populated\">\n\t\t\t\t\t\t<div class=\"elementor-element elementor-element-9413b6d elementor-widget elementor-widget-text-editor\" data-id=\"9413b6d\" data-element_type=\"widget\" data-widget_type=\"text-editor.default\">\n\t\t\t\t<div class=\"elementor-widget-container\">\n\t\t\t<style>\/*! elementor - v3.21.0 - 18-04-2024 *\/\n.elementor-widget-text-editor.elementor-drop-cap-view-stacked .elementor-drop-cap{background-color:#69727d;color:#fff}.elementor-widget-text-editor.elementor-drop-cap-view-framed .elementor-drop-cap{color:#69727d;border:3px solid;background-color:transparent}.elementor-widget-text-editor:not(.elementor-drop-cap-view-default) .elementor-drop-cap{margin-top:8px}.elementor-widget-text-editor:not(.elementor-drop-cap-view-default) .elementor-drop-cap-letter{width:1em;height:1em}.elementor-widget-text-editor .elementor-drop-cap{float:left;text-align:center;line-height:1;font-size:50px}.elementor-widget-text-editor .elementor-drop-cap-letter{display:inline-block}<\/style>\t\t\t\t<\/p>\n<h2> <\/h2>\n<h2>Pravilo 1. Budite konstruktivni, a ne negativni<\/h2>\n<p>Lak\u0161e je re\u0107i da vam se ne\u0161to ne svi\u0111a, a ponekad se to mo\u017ee opravdati. S druge strane, vrednije je re\u0107i kako biste to mogli pobolj\u0161ati, prava vrijednost je dodana kada mo\u017eete specificirati \u0161to nije u redu i kako to uljep\u0161ati.<\/p>\n<h2> <\/h2>\n<h2>Pravilo 2. Iskustvo pobje\u0111uje<\/h2>\n<p>Drugim \u010ditateljima je mnogo vi\u0161e stalo do va\u0161eg mi\u0161ljenja ako dolazi iz relevantnog iskustva. Ako znate povijest odre\u0111enog vozila ili dosta toga o odre\u0111enoj marki ili modelu, vjerojatnije je da \u0107ete biti zanimljivi.<\/p>\n<h2> <\/h2>\n<h2>Pravilo 3. Pri\u010dajte o automobilima, a ne o drugima<\/h2>\n<p>Svatko ima pravo na mi\u0161ljenje, \u010dak i ako se s njim ne sla\u017ee. Kritici karaktera, ukusa ili op\u0107enito prirode drugih \u010dlanova nema mjesta.<\/p>\n<h2> <\/h2>\n<h2>Pravilo 4. Tr\u017ei\u0161te odre\u0111uje cijenu<\/h2>\n<p>Piston Addict je slobodno tr\u017ei\u0161te gdje prodava\u010d i kupac odre\u0111uju cijenu, tako da re\u0107i da je ne\u0161to preskupo ili prejeftino ne zna\u010di ni\u0161ta. Stavka vrijedi onoliko koliko je netko spreman platiti.<\/p>\n<h2> <\/h2>\n<h2>Pravilo 5. Ako niste pro\u010ditali sve ostale komentare, niste spremni ostaviti svoje.<\/h2>\n<p>To je digitalni ekvivalent slu\u0161anja prije nego \u0161to progovorite.<\/p>\n<h2> <\/h2>\n<h2>Pravilo 6. U odjeljku za komentare nisu dopu\u0161tene informacije o kupnji, prodaji ili kontaktu<\/h2>\n<p>Ako imate automobil na prodaju, po\u0161aljite nam ga putem obrasca za prijavu. Zahtjevi za kupnju, e-mail adrese i telefonski brojevi objavljeni u komentarima <br \/>\u0107e se izbrisati.<\/p>\n<h2> <\/h2>\n<h2>Pravilo 7. Svi su dobrodo\u0161li<\/h2>\n<p>\u010clanovi na\u0161e zajednice su raznoliki kao i izbor automobila koje navodimo. Politi\u010dki, mizogini ili homofobni komentari nisu dopu\u0161teni.<\/p>\n<h2> <\/h2>\n<h2>Funkcionalnost komentara<\/h2>\n<p><strong>Izmjena komentara:<\/strong> komentare mo\u017ee mijenjati njihov autor nakon objave, bez vremenskog ograni\u010denja. Kliknite na crvenu poveznicu &#8220;Uredi&#8221; predvi\u0111enu za tu svrhu.<\/p>\n<p><strong>Ozna\u010di kao nekonstruktivan:<\/strong> Ako komentar kr\u0161i gore navedena pravila, kliknite vezu za ozna\u010davanje &#8220;Prijavi&#8221; kako bi se mogao pregledati ili ukloniti. Pregledavamo sve prijavljene komentare i donosimo kona\u010dnu odluku ho\u0107e li biti vra\u0107eni ili uklonjeni.<br \/>\u017delimo da razgovor na ovoj stranici bude kvalitetan.<\/p>\n<p><strong>Prvi komentatori: Svi prvi<\/strong> komentatori su moderirani, a komentar ne\u0107e biti objavljen na stranici dok ga ne pregleda osoblje Piston Addict. Nakon prvog postavljanja komentara, oni se vi\u0161e ne\u0107e moderirati.<\/p>\n\t\t\t\t\t\t<\/div>\n\t\t\t\t<\/div>\n\t\t\t\t\t<\/div>\n\t\t<\/div>\n\t\t\t\t\t<\/div>\n\t\t<\/section>\n\t\t\t\t<\/div>\n\t\t","protected":false},"excerpt":{"rendered":"<p>Pravilo 1. Budite konstruktivni, a ne negativni Lak\u0161e je re\u0107i da vam se ne\u0161to ne svi\u0111a, a ponekad se to mo\u017ee opravdati. S druge strane, vrednije je re\u0107i kako biste to mogli pobolj\u0161ati, prava vrijednost je dodana kada mo\u017eete specificirati \u0161to nije u redu i kako to uljep\u0161ati. Pravilo 2. Iskustvo pobje\u0111uje Drugim \u010ditateljima je &#8230; <a title=\"Pravila komentiranja\" class=\"read-more\" href=\"https:\/\/pistonaddict.com\/hr\/pravila-komentiranja\/\">\u010citaj vi\u0161e<span class=\"screen-reader-text\">Pravila komentiranja<\/span><\/a><\/p>\n","protected":false},"author":1,"featured_media":0,"parent":0,"menu_order":0,"comment_status":"closed","ping_status":"closed","template":"","meta":{"inline_featured_image":false,"footnotes":""},"acf":[],"yoast_head":"<!-- This site is optimized with the Yoast SEO plugin v22.5 - https:\/\/yoast.com\/wordpress\/plugins\/seo\/ -->\n<title>Pravila komentiranja - Piston Addict stranice<\/title>\n<meta name=\"robots\" content=\"index, follow, max-snippet:-1, max-image-preview:large, max-video-preview:-1\" \/>\n<link rel=\"canonical\" href=\"https:\/\/pistonaddict.com\/hr\/pravila-komentiranja\/\" \/>\n<meta property=\"og:locale\" content=\"hr_HR\" \/>\n<meta property=\"og:type\" content=\"article\" \/>\n<meta property=\"og:title\" content=\"Pravila komentiranja - Piston Addict stranice\" \/>\n<meta property=\"og:description\" content=\"Pravilo 1. Budite konstruktivni, a ne negativni Lak\u0161e je re\u0107i da vam se ne\u0161to ne svi\u0111a, a ponekad se to mo\u017ee opravdati. S druge strane, vrednije je re\u0107i kako biste to mogli pobolj\u0161ati, prava vrijednost je dodana kada mo\u017eete specificirati \u0161to nije u redu i kako to uljep\u0161ati. Pravilo 2. Iskustvo pobje\u0111uje Drugim \u010ditateljima je ... \u010citaj vi\u0161ePravila komentiranja\" \/>\n<meta property=\"og:url\" content=\"https:\/\/pistonaddict.com\/hr\/pravila-komentiranja\/\" \/>\n<meta property=\"og:site_name\" content=\"Piston Addict\" \/>\n<meta property=\"article:modified_time\" content=\"2023-02-05T10:11:44+00:00\" \/>\n<meta name=\"twitter:card\" content=\"summary_large_image\" \/>\n<meta name=\"twitter:label1\" content=\"Procijenjeno vrijeme \u010ditanja\" \/>\n\t<meta name=\"twitter:data1\" content=\"2 minute\" \/>\n<script type=\"application\/ld+json\" class=\"yoast-schema-graph\">{\"@context\":\"https:\/\/schema.org\",\"@graph\":[{\"@type\":\"WebPage\",\"@id\":\"https:\/\/pistonaddict.com\/hr\/pravila-komentiranja\/\",\"url\":\"https:\/\/pistonaddict.com\/hr\/pravila-komentiranja\/\",\"name\":\"Pravila komentiranja - Piston Addict stranice\",\"isPartOf\":{\"@id\":\"https:\/\/pistonaddict.com\/hr\/#website\"},\"datePublished\":\"2022-04-29T09:20:06+00:00\",\"dateModified\":\"2023-02-05T10:11:44+00:00\",\"breadcrumb\":{\"@id\":\"https:\/\/pistonaddict.com\/hr\/pravila-komentiranja\/#breadcrumb\"},\"inLanguage\":\"hr\",\"potentialAction\":[{\"@type\":\"ReadAction\",\"target\":[\"https:\/\/pistonaddict.com\/hr\/pravila-komentiranja\/\"]}]},{\"@type\":\"BreadcrumbList\",\"@id\":\"https:\/\/pistonaddict.com\/hr\/pravila-komentiranja\/#breadcrumb\",\"itemListElement\":[{\"@type\":\"ListItem\",\"position\":1,\"name\":\"Po\u010detna stranica\",\"item\":\"https:\/\/pistonaddict.com\/hr\/pocetna-stranica-2\/\"},{\"@type\":\"ListItem\",\"position\":2,\"name\":\"Pravila komentiranja\"}]},{\"@type\":\"WebSite\",\"@id\":\"https:\/\/pistonaddict.com\/hr\/#website\",\"url\":\"https:\/\/pistonaddict.com\/hr\/\",\"name\":\"Piston Addict\",\"description\":\"Only interesting vehicles\",\"publisher\":{\"@id\":\"https:\/\/pistonaddict.com\/hr\/#organization\"},\"potentialAction\":[{\"@type\":\"SearchAction\",\"target\":{\"@type\":\"EntryPoint\",\"urlTemplate\":\"https:\/\/pistonaddict.com\/hr\/?s={search_term_string}\"},\"query-input\":\"required name=search_term_string\"}],\"inLanguage\":\"hr\"},{\"@type\":\"Organization\",\"@id\":\"https:\/\/pistonaddict.com\/hr\/#organization\",\"name\":\"Piston Addict\",\"url\":\"https:\/\/pistonaddict.com\/hr\/\",\"logo\":{\"@type\":\"ImageObject\",\"inLanguage\":\"hr\",\"@id\":\"https:\/\/pistonaddict.com\/hr\/#\/schema\/logo\/image\/\",\"url\":\"https:\/\/pistonaddict.com\/wp-content\/uploads\/2022\/07\/logo-6.png\",\"contentUrl\":\"https:\/\/pistonaddict.com\/wp-content\/uploads\/2022\/07\/logo-6.png\",\"width\":970,\"height\":200,\"caption\":\"Piston Addict\"},\"image\":{\"@id\":\"https:\/\/pistonaddict.com\/hr\/#\/schema\/logo\/image\/\"}}]}<\/script>\n<!-- \/ Yoast SEO plugin. -->","yoast_head_json":{"title":"Pravila komentiranja - Piston Addict stranice","robots":{"index":"index","follow":"follow","max-snippet":"max-snippet:-1","max-image-preview":"max-image-preview:large","max-video-preview":"max-video-preview:-1"},"canonical":"https:\/\/pistonaddict.com\/hr\/pravila-komentiranja\/","og_locale":"hr_HR","og_type":"article","og_title":"Pravila komentiranja - Piston Addict stranice","og_description":"Pravilo 1. Budite konstruktivni, a ne negativni Lak\u0161e je re\u0107i da vam se ne\u0161to ne svi\u0111a, a ponekad se to mo\u017ee opravdati. S druge strane, vrednije je re\u0107i kako biste to mogli pobolj\u0161ati, prava vrijednost je dodana kada mo\u017eete specificirati \u0161to nije u redu i kako to uljep\u0161ati. Pravilo 2. Iskustvo pobje\u0111uje Drugim \u010ditateljima je ... \u010citaj vi\u0161ePravila komentiranja","og_url":"https:\/\/pistonaddict.com\/hr\/pravila-komentiranja\/","og_site_name":"Piston Addict","article_modified_time":"2023-02-05T10:11:44+00:00","twitter_card":"summary_large_image","twitter_misc":{"Procijenjeno vrijeme \u010ditanja":"2 minute"},"schema":{"@context":"https:\/\/schema.org","@graph":[{"@type":"WebPage","@id":"https:\/\/pistonaddict.com\/hr\/pravila-komentiranja\/","url":"https:\/\/pistonaddict.com\/hr\/pravila-komentiranja\/","name":"Pravila komentiranja - Piston Addict stranice","isPartOf":{"@id":"https:\/\/pistonaddict.com\/hr\/#website"},"datePublished":"2022-04-29T09:20:06+00:00","dateModified":"2023-02-05T10:11:44+00:00","breadcrumb":{"@id":"https:\/\/pistonaddict.com\/hr\/pravila-komentiranja\/#breadcrumb"},"inLanguage":"hr","potentialAction":[{"@type":"ReadAction","target":["https:\/\/pistonaddict.com\/hr\/pravila-komentiranja\/"]}]},{"@type":"BreadcrumbList","@id":"https:\/\/pistonaddict.com\/hr\/pravila-komentiranja\/#breadcrumb","itemListElement":[{"@type":"ListItem","position":1,"name":"Po\u010detna stranica","item":"https:\/\/pistonaddict.com\/hr\/pocetna-stranica-2\/"},{"@type":"ListItem","position":2,"name":"Pravila komentiranja"}]},{"@type":"WebSite","@id":"https:\/\/pistonaddict.com\/hr\/#website","url":"https:\/\/pistonaddict.com\/hr\/","name":"Piston Addict","description":"Only interesting vehicles","publisher":{"@id":"https:\/\/pistonaddict.com\/hr\/#organization"},"potentialAction":[{"@type":"SearchAction","target":{"@type":"EntryPoint","urlTemplate":"https:\/\/pistonaddict.com\/hr\/?s={search_term_string}"},"query-input":"required name=search_term_string"}],"inLanguage":"hr"},{"@type":"Organization","@id":"https:\/\/pistonaddict.com\/hr\/#organization","name":"Piston Addict","url":"https:\/\/pistonaddict.com\/hr\/","logo":{"@type":"ImageObject","inLanguage":"hr","@id":"https:\/\/pistonaddict.com\/hr\/#\/schema\/logo\/image\/","url":"https:\/\/pistonaddict.com\/wp-content\/uploads\/2022\/07\/logo-6.png","contentUrl":"https:\/\/pistonaddict.com\/wp-content\/uploads\/2022\/07\/logo-6.png","width":970,"height":200,"caption":"Piston Addict"},"image":{"@id":"https:\/\/pistonaddict.com\/hr\/#\/schema\/logo\/image\/"}}]}},"_links":{"self":[{"href":"https:\/\/pistonaddict.com\/hr\/wp-json\/wp\/v2\/pages\/26231"}],"collection":[{"href":"https:\/\/pistonaddict.com\/hr\/wp-json\/wp\/v2\/pages"}],"about":[{"href":"https:\/\/pistonaddict.com\/hr\/wp-json\/wp\/v2\/types\/page"}],"author":[{"embeddable":true,"href":"https:\/\/pistonaddict.com\/hr\/wp-json\/wp\/v2\/users\/1"}],"replies":[{"embeddable":true,"href":"https:\/\/pistonaddict.com\/hr\/wp-json\/wp\/v2\/comments?post=26231"}],"version-history":[{"count":1,"href":"https:\/\/pistonaddict.com\/hr\/wp-json\/wp\/v2\/pages\/26231\/revisions"}],"predecessor-version":[{"id":26234,"href":"https:\/\/pistonaddict.com\/hr\/wp-json\/wp\/v2\/pages\/26231\/revisions\/26234"}],"wp:attachment":[{"href":"https:\/\/pistonaddict.com\/hr\/wp-json\/wp\/v2\/media?parent=26231"}],"curies":[{"name":"wp","href":"https:\/\/api.w.org\/{rel}","templated":true}]}}