{"id":1963,"date":"2022-04-13T10:38:14","date_gmt":"2022-04-13T08:38:14","guid":{"rendered":"https:\/\/pistonaddict.com\/primjer-stranice\/"},"modified":"2022-05-04T18:00:15","modified_gmt":"2022-05-04T16:00:15","slug":"primjer-stranice","status":"publish","type":"page","link":"https:\/\/pistonaddict.com\/hr\/primjer-stranice\/","title":{"rendered":"Primjer stranice"},"content":{"rendered":"\n<p>Ovo je primjer stranice. Razlikuje se od posta na blogu jer \u0107e ostati na jednom mjestu i pojaviti se u navigaciji va\u0161e stranice (u ve\u0107ini tema). Ve\u0107ina ljudi po\u010dinje sa stranicom &#8220;O&#8221; koja ih upoznaje s ljudima koji posje\u0107uju web-mjesto. Moglo bi izgledati otprilike ovako:<\/p>\n\n<blockquote class=\"wp-block-quote\"><p>Dobro jutro ! Ja sam mehani\u010dar koji te\u017ei biti glumac, a ovo je moja stranica. \u017divim u Bordeauxu, imam sjajnog psa po imenu Russell i volim votku (kao i iznena\u0111enje iznenadnom ki\u0161om tijekom dugih \u0161etnji pla\u017eom pri zalasku sunca).<\/p><\/blockquote>\n\n<p>\u2026ili ne\u0161to ovako:<\/p>\n\n<blockquote class=\"wp-block-quote\"><p>Tvrtka 123 Machin Truc nastala je 1971. godine i od tada javnosti nastavlja nuditi kvalitetne gadgete. Smje\u0161ten u Saint-Remy-en-Bouzemont-Saint-Genest-et-Isson, 123 Machin Truc zapo\u0161ljava 2000 ljudi i proizvodi sve vrste sjajnih naprava za Bouzemont zajednicu.<\/p><\/blockquote>\n\n<p>Kao novi korisnik WordPressa, trebali biste oti\u0107i na <a href=\"https:\/\/pistonaddict.com\/wp-admin\/\">svoju nadzornu plo\u010du<\/a> da biste izbrisali ovu stranicu i stvorili nove stranice za svoj sadr\u017eaj. Zabavi se !<\/p>\n","protected":false},"excerpt":{"rendered":"<p>Ovo je primjer stranice. Razlikuje se od posta na blogu jer \u0107e ostati na jednom mjestu i pojaviti se u navigaciji va\u0161e stranice (u ve\u0107ini tema). Ve\u0107ina ljudi po\u010dinje sa stranicom &#8220;O&#8221; koja ih upoznaje s ljudima koji posje\u0107uju web-mjesto. Moglo bi izgledati otprilike ovako: Dobro jutro ! Ja sam mehani\u010dar koji te\u017ei biti glumac, &#8230; <a title=\"Primjer stranice\" class=\"read-more\" href=\"https:\/\/pistonaddict.com\/hr\/primjer-stranice\/\">\u010citaj vi\u0161e<span class=\"screen-reader-text\">Primjer stranice<\/span><\/a><\/p>\n","protected":false},"author":1,"featured_media":0,"parent":0,"menu_order":0,"comment_status":"closed","ping_status":"closed","template":"","meta":{"inline_featured_image":false,"footnotes":""},"acf":[],"yoast_head":"<!-- This site is optimized with the Yoast SEO plugin v22.5 - https:\/\/yoast.com\/wordpress\/plugins\/seo\/ -->\n<title>Primjer stranice - Piston Addict stranice<\/title>\n<meta name=\"robots\" content=\"index, follow, max-snippet:-1, max-image-preview:large, max-video-preview:-1\" \/>\n<link rel=\"canonical\" href=\"https:\/\/pistonaddict.com\/hr\/primjer-stranice\/\" \/>\n<meta property=\"og:locale\" content=\"hr_HR\" \/>\n<meta property=\"og:type\" content=\"article\" \/>\n<meta property=\"og:title\" content=\"Primjer stranice - Piston Addict stranice\" \/>\n<meta property=\"og:description\" content=\"Ovo je primjer stranice. Razlikuje se od posta na blogu jer \u0107e ostati na jednom mjestu i pojaviti se u navigaciji va\u0161e stranice (u ve\u0107ini tema). Ve\u0107ina ljudi po\u010dinje sa stranicom &#8220;O&#8221; koja ih upoznaje s ljudima koji posje\u0107uju web-mjesto. Moglo bi izgledati otprilike ovako: Dobro jutro ! Ja sam mehani\u010dar koji te\u017ei biti glumac, ... \u010citaj vi\u0161ePrimjer stranice\" \/>\n<meta property=\"og:url\" content=\"https:\/\/pistonaddict.com\/hr\/primjer-stranice\/\" \/>\n<meta property=\"og:site_name\" content=\"Piston Addict\" \/>\n<meta property=\"article:modified_time\" content=\"2022-05-04T16:00:15+00:00\" \/>\n<meta name=\"twitter:card\" content=\"summary_large_image\" \/>\n<meta name=\"twitter:label1\" content=\"Procijenjeno vrijeme \u010ditanja\" \/>\n\t<meta name=\"twitter:data1\" content=\"1 minuta\" \/>\n<script type=\"application\/ld+json\" class=\"yoast-schema-graph\">{\"@context\":\"https:\/\/schema.org\",\"@graph\":[{\"@type\":\"WebPage\",\"@id\":\"https:\/\/pistonaddict.com\/hr\/primjer-stranice\/\",\"url\":\"https:\/\/pistonaddict.com\/hr\/primjer-stranice\/\",\"name\":\"Primjer stranice - Piston Addict stranice\",\"isPartOf\":{\"@id\":\"https:\/\/pistonaddict.com\/hr\/#website\"},\"datePublished\":\"2022-04-13T08:38:14+00:00\",\"dateModified\":\"2022-05-04T16:00:15+00:00\",\"breadcrumb\":{\"@id\":\"https:\/\/pistonaddict.com\/hr\/primjer-stranice\/#breadcrumb\"},\"inLanguage\":\"hr\",\"potentialAction\":[{\"@type\":\"ReadAction\",\"target\":[\"https:\/\/pistonaddict.com\/hr\/primjer-stranice\/\"]}]},{\"@type\":\"BreadcrumbList\",\"@id\":\"https:\/\/pistonaddict.com\/hr\/primjer-stranice\/#breadcrumb\",\"itemListElement\":[{\"@type\":\"ListItem\",\"position\":1,\"name\":\"Po\u010detna stranica\",\"item\":\"https:\/\/pistonaddict.com\/hr\/pocetna-stranica-2\/\"},{\"@type\":\"ListItem\",\"position\":2,\"name\":\"Primjer stranice\"}]},{\"@type\":\"WebSite\",\"@id\":\"https:\/\/pistonaddict.com\/hr\/#website\",\"url\":\"https:\/\/pistonaddict.com\/hr\/\",\"name\":\"Piston Addict\",\"description\":\"Only interesting vehicles\",\"publisher\":{\"@id\":\"https:\/\/pistonaddict.com\/hr\/#organization\"},\"potentialAction\":[{\"@type\":\"SearchAction\",\"target\":{\"@type\":\"EntryPoint\",\"urlTemplate\":\"https:\/\/pistonaddict.com\/hr\/?s={search_term_string}\"},\"query-input\":\"required name=search_term_string\"}],\"inLanguage\":\"hr\"},{\"@type\":\"Organization\",\"@id\":\"https:\/\/pistonaddict.com\/hr\/#organization\",\"name\":\"Piston Addict\",\"url\":\"https:\/\/pistonaddict.com\/hr\/\",\"logo\":{\"@type\":\"ImageObject\",\"inLanguage\":\"hr\",\"@id\":\"https:\/\/pistonaddict.com\/hr\/#\/schema\/logo\/image\/\",\"url\":\"https:\/\/pistonaddict.com\/wp-content\/uploads\/2022\/07\/logo-6.png\",\"contentUrl\":\"https:\/\/pistonaddict.com\/wp-content\/uploads\/2022\/07\/logo-6.png\",\"width\":970,\"height\":200,\"caption\":\"Piston Addict\"},\"image\":{\"@id\":\"https:\/\/pistonaddict.com\/hr\/#\/schema\/logo\/image\/\"}}]}<\/script>\n<!-- \/ Yoast SEO plugin. -->","yoast_head_json":{"title":"Primjer stranice - Piston Addict stranice","robots":{"index":"index","follow":"follow","max-snippet":"max-snippet:-1","max-image-preview":"max-image-preview:large","max-video-preview":"max-video-preview:-1"},"canonical":"https:\/\/pistonaddict.com\/hr\/primjer-stranice\/","og_locale":"hr_HR","og_type":"article","og_title":"Primjer stranice - Piston Addict stranice","og_description":"Ovo je primjer stranice. Razlikuje se od posta na blogu jer \u0107e ostati na jednom mjestu i pojaviti se u navigaciji va\u0161e stranice (u ve\u0107ini tema). Ve\u0107ina ljudi po\u010dinje sa stranicom &#8220;O&#8221; koja ih upoznaje s ljudima koji posje\u0107uju web-mjesto. Moglo bi izgledati otprilike ovako: Dobro jutro ! Ja sam mehani\u010dar koji te\u017ei biti glumac, ... \u010citaj vi\u0161ePrimjer stranice","og_url":"https:\/\/pistonaddict.com\/hr\/primjer-stranice\/","og_site_name":"Piston Addict","article_modified_time":"2022-05-04T16:00:15+00:00","twitter_card":"summary_large_image","twitter_misc":{"Procijenjeno vrijeme \u010ditanja":"1 minuta"},"schema":{"@context":"https:\/\/schema.org","@graph":[{"@type":"WebPage","@id":"https:\/\/pistonaddict.com\/hr\/primjer-stranice\/","url":"https:\/\/pistonaddict.com\/hr\/primjer-stranice\/","name":"Primjer stranice - Piston Addict stranice","isPartOf":{"@id":"https:\/\/pistonaddict.com\/hr\/#website"},"datePublished":"2022-04-13T08:38:14+00:00","dateModified":"2022-05-04T16:00:15+00:00","breadcrumb":{"@id":"https:\/\/pistonaddict.com\/hr\/primjer-stranice\/#breadcrumb"},"inLanguage":"hr","potentialAction":[{"@type":"ReadAction","target":["https:\/\/pistonaddict.com\/hr\/primjer-stranice\/"]}]},{"@type":"BreadcrumbList","@id":"https:\/\/pistonaddict.com\/hr\/primjer-stranice\/#breadcrumb","itemListElement":[{"@type":"ListItem","position":1,"name":"Po\u010detna stranica","item":"https:\/\/pistonaddict.com\/hr\/pocetna-stranica-2\/"},{"@type":"ListItem","position":2,"name":"Primjer stranice"}]},{"@type":"WebSite","@id":"https:\/\/pistonaddict.com\/hr\/#website","url":"https:\/\/pistonaddict.com\/hr\/","name":"Piston Addict","description":"Only interesting vehicles","publisher":{"@id":"https:\/\/pistonaddict.com\/hr\/#organization"},"potentialAction":[{"@type":"SearchAction","target":{"@type":"EntryPoint","urlTemplate":"https:\/\/pistonaddict.com\/hr\/?s={search_term_string}"},"query-input":"required name=search_term_string"}],"inLanguage":"hr"},{"@type":"Organization","@id":"https:\/\/pistonaddict.com\/hr\/#organization","name":"Piston Addict","url":"https:\/\/pistonaddict.com\/hr\/","logo":{"@type":"ImageObject","inLanguage":"hr","@id":"https:\/\/pistonaddict.com\/hr\/#\/schema\/logo\/image\/","url":"https:\/\/pistonaddict.com\/wp-content\/uploads\/2022\/07\/logo-6.png","contentUrl":"https:\/\/pistonaddict.com\/wp-content\/uploads\/2022\/07\/logo-6.png","width":970,"height":200,"caption":"Piston Addict"},"image":{"@id":"https:\/\/pistonaddict.com\/hr\/#\/schema\/logo\/image\/"}}]}},"_links":{"self":[{"href":"https:\/\/pistonaddict.com\/hr\/wp-json\/wp\/v2\/pages\/1963"}],"collection":[{"href":"https:\/\/pistonaddict.com\/hr\/wp-json\/wp\/v2\/pages"}],"about":[{"href":"https:\/\/pistonaddict.com\/hr\/wp-json\/wp\/v2\/types\/page"}],"author":[{"embeddable":true,"href":"https:\/\/pistonaddict.com\/hr\/wp-json\/wp\/v2\/users\/1"}],"replies":[{"embeddable":true,"href":"https:\/\/pistonaddict.com\/hr\/wp-json\/wp\/v2\/comments?post=1963"}],"version-history":[{"count":3,"href":"https:\/\/pistonaddict.com\/hr\/wp-json\/wp\/v2\/pages\/1963\/revisions"}],"predecessor-version":[{"id":4373,"href":"https:\/\/pistonaddict.com\/hr\/wp-json\/wp\/v2\/pages\/1963\/revisions\/4373"}],"wp:attachment":[{"href":"https:\/\/pistonaddict.com\/hr\/wp-json\/wp\/v2\/media?parent=1963"}],"curies":[{"name":"wp","href":"https:\/\/api.w.org\/{rel}","templated":true}]}}