{"id":18969,"date":"2022-04-20T13:00:00","date_gmt":"2022-04-20T11:00:00","guid":{"rendered":"https:\/\/pistonaddict.com\/o-nama\/"},"modified":"2023-11-14T17:53:05","modified_gmt":"2023-11-14T16:53:05","slug":"o-nama","status":"publish","type":"page","link":"https:\/\/pistonaddict.com\/hr\/o-nama\/","title":{"rendered":"O nama"},"content":{"rendered":"\t\t<div data-elementor-type=\"wp-page\" data-elementor-id=\"18969\" class=\"elementor elementor-18969 elementor-2278\">\n\t\t\t\t\t\t<section class=\"elementor-section elementor-top-section elementor-element elementor-element-3668bb8 elementor-section-full_width elementor-section-content-middle banniere-page elementor-section-height-default elementor-section-height-default\" data-id=\"3668bb8\" data-element_type=\"section\" data-settings=\"{&quot;background_background&quot;:&quot;classic&quot;}\">\n\t\t\t\t\t\t<div class=\"elementor-container elementor-column-gap-default\">\n\t\t\t\t\t<div class=\"elementor-column elementor-col-100 elementor-top-column elementor-element elementor-element-b2088b2\" data-id=\"b2088b2\" data-element_type=\"column\">\n\t\t\t<div class=\"elementor-widget-wrap elementor-element-populated\">\n\t\t\t\t\t\t<div class=\"elementor-element elementor-element-26e06c0 elementor-widget elementor-widget-heading\" data-id=\"26e06c0\" data-element_type=\"widget\" data-widget_type=\"heading.default\">\n\t\t\t\t<div class=\"elementor-widget-container\">\n\t\t\t<style>\/*! elementor - v3.21.0 - 18-04-2024 *\/\n.elementor-heading-title{padding:0;margin:0;line-height:1}.elementor-widget-heading .elementor-heading-title[class*=elementor-size-]>a{color:inherit;font-size:inherit;line-height:inherit}.elementor-widget-heading .elementor-heading-title.elementor-size-small{font-size:15px}.elementor-widget-heading .elementor-heading-title.elementor-size-medium{font-size:19px}.elementor-widget-heading .elementor-heading-title.elementor-size-large{font-size:29px}.elementor-widget-heading .elementor-heading-title.elementor-size-xl{font-size:39px}.elementor-widget-heading .elementor-heading-title.elementor-size-xxl{font-size:59px}<\/style><h1 class=\"elementor-heading-title elementor-size-default\">O Piston Addict<\/h1>\t\t<\/div>\n\t\t\t\t<\/div>\n\t\t\t\t\t<\/div>\n\t\t<\/div>\n\t\t\t\t\t<\/div>\n\t\t<\/section>\n\t\t\t\t<section class=\"elementor-section elementor-top-section elementor-element elementor-element-62ecd00 elementor-section-full_width descs elementor-section-height-default elementor-section-height-default\" data-id=\"62ecd00\" data-element_type=\"section\">\n\t\t\t\t\t\t<div class=\"elementor-container elementor-column-gap-default\">\n\t\t\t\t\t<div class=\"elementor-column elementor-col-100 elementor-top-column elementor-element elementor-element-cae2e10\" data-id=\"cae2e10\" data-element_type=\"column\">\n\t\t\t<div class=\"elementor-widget-wrap elementor-element-populated\">\n\t\t\t\t\t\t<div class=\"elementor-element elementor-element-174bee4 elementor-widget elementor-widget-text-editor\" data-id=\"174bee4\" data-element_type=\"widget\" data-widget_type=\"text-editor.default\">\n\t\t\t\t<div class=\"elementor-widget-container\">\n\t\t\t<style>\/*! elementor - v3.21.0 - 18-04-2024 *\/\n.elementor-widget-text-editor.elementor-drop-cap-view-stacked .elementor-drop-cap{background-color:#69727d;color:#fff}.elementor-widget-text-editor.elementor-drop-cap-view-framed .elementor-drop-cap{color:#69727d;border:3px solid;background-color:transparent}.elementor-widget-text-editor:not(.elementor-drop-cap-view-default) .elementor-drop-cap{margin-top:8px}.elementor-widget-text-editor:not(.elementor-drop-cap-view-default) .elementor-drop-cap-letter{width:1em;height:1em}.elementor-widget-text-editor .elementor-drop-cap{float:left;text-align:center;line-height:1;font-size:50px}.elementor-widget-text-editor .elementor-drop-cap-letter{display:inline-block}<\/style>\t\t\t\t<h2>Na\u0161a povijest<\/h2>\nPiston Addict je mre\u017ena aukcijska platforma specijalizirana za iznimna vozila.\n\nZaljubljenicima u automobile od malih nogu, bilo nam je va\u017eno u\u010diniti prodaju i kupnju automobila i motocikala dostupnijima, omogu\u0107uju\u0107i vam da prodate ili kupite vozilo, gdje god se nalazili.\n\nPiston Addict je ro\u0111en sa \u017eeljom da napravi revoluciju na tr\u017ei\u0161tu rabljenih vozila na najjednostavniji, najproto\u010dniji, najtransparentniji na\u010din, sve \u0161to trebate je klik ili aukcija za kupnju i prodaju uzbudljivih vozila.\n\n<b>Pokrenuti od strane entuzijasta, profesionalaca u sektoru s vi\u0161e od 20 godina iskustva u podru\u010dju automobila<\/b>, iza kojeg stoji grupa s prometom ve\u0107im od 500 milijuna eura u posljednjih 10 godina, s dioni\u010darima koji su skupljali izuzetna vozila u posljednjih 30 godina koji su imali priliku posjedovati legendarne automobile poput <a href=\"https:\/\/pistonaddict.com\/hr\/prodajem-ferrari-250-gto\/\">Ferrari 250 GTO<\/a> , <a href=\"https:\/\/pistonaddict.com\/hr\/ferrari-250-gt-swb-za-prodaju-na-aukciji\/\">Ferrari 250 GT SWB<\/a>, <a href=\"https:\/\/pistonaddict.com\/hr\/prodajem-lamborghini-miura\/\">Lamborghini Miura SV<\/a>, <a href=\"https:\/\/pistonaddict.com\/hr\/porsche-959-na-aukcijskoj-prodaji\/\">Porsche 959<\/a>, <a href=\"https:\/\/pistonaddict.com\/hr\/prodajem-shelby-ac-cobra\/\">AC Cobra<\/a> ili <a href=\"https:\/\/pistonaddict.com\/hr\/prodaje-se-maserati-5000-gt-na-aukciji\/\">Maserati 5000 GT<\/a>.\n\n\u017delja da podijelimo svoju strast tjera nas da stvorimo Piston Addict.\n<h2><\/h2>\n<h2>Kako radimo<\/h2>\nPiston Addict ponovno izmi\u0161lja na\u010din prodaje ili kupnje klasi\u010dnih, kolekcionarskih vozila i vozila za entuzijaste.\n\nProu\u010davamo svako dostavljeno vozilo s najve\u0107om pozorno\u0161\u0107u: u Piston Addictu prona\u0107i \u0107ete tim entuzijasta koji su stru\u010dnjaci za stara i moderna motorna vozila.\n\nNa\u0161e aukcije nude potpunu transparentnost, sveobuhvatnije popise i pravedne naknade u usporedbi s tradicionalnim platformama. Odabiremo \u0161irok raspon marki, modela i tipova vozila, \u017eelimo vidjeti onoliko koliko se mo\u017eete nadati!\n\t<div id=\"hp-videos\" class=\"internal-page\">\n\t\t\t\t\t<div class=\"row\">\n\t\t\t\t\t\t\t\t\t\t\t\t\t\t\t<div class=\"col-2\">\n\t\t\t\t\t\t\t<div class=\"titre\">Kako prodati automobil ?<\/div>\n\t\t\t\t\t\t\t<div class=\"video\"><iframe width=\"560\" height=\"315\" src=\"https:\/\/www.youtube.com\/embed\/O3Y_LGkk7SA?si=lrPDABSM1_VbMAty&#038;cc_load_policy=1&#038;cc_lang_pref=hr\" title=\"YouTube video player\" frameborder=\"0\" allow=\"accelerometer; autoplay; clipboard-write; encrypted-media; gyroscope; picture-in-picture; web-share\" allowfullscreen><\/iframe><\/div>\n\t\t\t\t\t\t<\/div>\n\t\t\t\t\t\t\t\t\t\t\t\t\t\t\t\t\t\t\t\t<div class=\"col-2\">\n\t\t\t\t\t\t\t<div class=\"titre\">Kako kupiti automobil ?<\/div>\n\t\t\t\t\t\t\t<div class=\"video\"><iframe width=\"560\" height=\"315\" src=\"https:\/\/www.youtube.com\/embed\/rpL_CWBVwKk?si=Inx_LsS68MsBiaVq&#038;cc_load_policy=1&#038;cc_lang_pref=hr\" title=\"YouTube video player\" frameborder=\"0\" allow=\"accelerometer; autoplay; clipboard-write; encrypted-media; gyroscope; picture-in-picture; web-share\" allowfullscreen><\/iframe><\/div>\n\t\t\t\t\t\t<\/div>\n\t\t\t\t\t\t\t\t\t\t\t\t<\/div>\n\t\t\t<\/div>\n\t\t\n<div class=\"grid-container\" id=\"logos-mag\">\n\t    \t<h3>Predstavljeno u sljede\u0107im \u010dasopisima<\/h3>\n    \t<div class=\"c-logos-mag\">\n\t\t\t                                \t<div>\n                    \t<img \n                        \tsrc=\"https:\/\/pistonaddict.com\/wp-content\/uploads\/2023\/11\/1-logo-sport-auto-300x300-couleur.png\" \n                            alt=\"Sport Auto\" \n                        \ttitle=\"Sport Auto\" class=\"responsive-img\" \/>\n                    <\/div>\n                                                            \t<div>\n                    \t<img \n                        \tsrc=\"https:\/\/pistonaddict.com\/wp-content\/uploads\/2023\/11\/2-logo-auto-epca-300x300-couleur.png\" \n                            alt=\"Auto d\u2019Epoca\" \n                        \ttitle=\"Auto d\u2019Epoca\" class=\"responsive-img\" \/>\n                    <\/div>\n                                                            \t<div>\n                    \t<img \n                        \tsrc=\"https:\/\/pistonaddict.com\/wp-content\/uploads\/2023\/11\/3-logo-classic-300x300-couleur.png\" \n                            alt=\"Classic &amp; Sports Car\" \n                        \ttitle=\"Classic &amp; Sports Car\" class=\"responsive-img\" \/>\n                    <\/div>\n                                                            \t<div>\n                    \t<img \n                        \tsrc=\"https:\/\/pistonaddict.com\/wp-content\/uploads\/2023\/11\/4-logo-motor-klassik-300x300-couleur.png\" \n                            alt=\"Motor Klassik\" \n                        \ttitle=\"Motor Klassik\" class=\"responsive-img\" \/>\n                    <\/div>\n                                                            \t<div>\n                    \t<img \n                        \tsrc=\"https:\/\/pistonaddict.com\/wp-content\/uploads\/2023\/11\/5-logo-sport-auto-classiques-300x300-couleur.png\" \n                            alt=\"Sport Auto Classiques\" \n                        \ttitle=\"Sport Auto Classiques\" class=\"responsive-img\" \/>\n                    <\/div>\n                                    <\/div>\n    <\/div>\n\t\n<h2>Ima li pitanja? <a href=\"https:\/\/pistonaddict.com\/hr\/kontaktirajte-nas\/\">Javite nam se<\/a>.<\/h2>\t\t\t\t\t\t<\/div>\n\t\t\t\t<\/div>\n\t\t\t\t\t<\/div>\n\t\t<\/div>\n\t\t\t\t\t<\/div>\n\t\t<\/section>\n\t\t\t\t<section class=\"elementor-section elementor-top-section elementor-element elementor-element-38f2e81 elementor-section-content-middle story elementor-section-boxed elementor-section-height-default elementor-section-height-default\" data-id=\"38f2e81\" data-element_type=\"section\" data-settings=\"{&quot;background_background&quot;:&quot;gradient&quot;}\">\n\t\t\t\t\t\t<div class=\"elementor-container elementor-column-gap-default\">\n\t\t\t\t\t<div class=\"elementor-column elementor-col-100 elementor-top-column elementor-element elementor-element-71b8e7e\" data-id=\"71b8e7e\" data-element_type=\"column\">\n\t\t\t<div class=\"elementor-widget-wrap elementor-element-populated\">\n\t\t\t\t\t\t<div class=\"elementor-element elementor-element-205cd4d elementor-widget elementor-widget-text-editor\" data-id=\"205cd4d\" data-element_type=\"widget\" data-widget_type=\"text-editor.default\">\n\t\t\t\t<div class=\"elementor-widget-container\">\n\t\t\t\t\t\t\t\n          <h3>Svjedo\u010danstvo<\/h3>\n          <p>Volimo kada nam kupci i prodava\u010di govore o dobrim iskustvima koja su imali na na\u0161oj stranici.<\/p>\n          <p>Po\u0161aljite nam svoju pri\u010du o kupnji ili prodaji s nekim zgodnim fotografijama i objavit \u0107emo va\u0161u izjavu.<\/p>\n          <p>\n            <a href=\"mailto:contact@pistonaddict.com\">Po\u0161aljite svoju izjavu<\/a>\n          <\/p>\n        \t\t\t\t\t\t<\/div>\n\t\t\t\t<\/div>\n\t\t\t\t\t<\/div>\n\t\t<\/div>\n\t\t\t\t\t<\/div>\n\t\t<\/section>\n\t\t\t\t<\/div>\n\t\t","protected":false},"excerpt":{"rendered":"<p>O Piston Addict Na\u0161a povijest Piston Addict je mre\u017ena aukcijska platforma specijalizirana za iznimna vozila. Zaljubljenicima u automobile od malih nogu, bilo nam je va\u017eno u\u010diniti prodaju i kupnju automobila i motocikala dostupnijima, omogu\u0107uju\u0107i vam da prodate ili kupite vozilo, gdje god se nalazili. Piston Addict je ro\u0111en sa \u017eeljom da napravi revoluciju na tr\u017ei\u0161tu &#8230; <a title=\"O nama\" class=\"read-more\" href=\"https:\/\/pistonaddict.com\/hr\/o-nama\/\">\u010citaj vi\u0161e<span class=\"screen-reader-text\">O nama<\/span><\/a><\/p>\n","protected":false},"author":1,"featured_media":0,"parent":0,"menu_order":0,"comment_status":"closed","ping_status":"closed","template":"","meta":{"inline_featured_image":false,"footnotes":""},"acf":[],"yoast_head":"<!-- This site is optimized with the Yoast SEO plugin v22.5 - https:\/\/yoast.com\/wordpress\/plugins\/seo\/ -->\n<title>O nama - Piston Addict stranice<\/title>\n<meta name=\"robots\" content=\"index, follow, max-snippet:-1, max-image-preview:large, max-video-preview:-1\" \/>\n<link rel=\"canonical\" href=\"https:\/\/pistonaddict.com\/hr\/o-nama\/\" \/>\n<meta property=\"og:locale\" content=\"hr_HR\" \/>\n<meta property=\"og:type\" content=\"article\" \/>\n<meta property=\"og:title\" content=\"O nama - Piston Addict stranice\" \/>\n<meta property=\"og:description\" content=\"O Piston Addict Na\u0161a povijest Piston Addict je mre\u017ena aukcijska platforma specijalizirana za iznimna vozila. Zaljubljenicima u automobile od malih nogu, bilo nam je va\u017eno u\u010diniti prodaju i kupnju automobila i motocikala dostupnijima, omogu\u0107uju\u0107i vam da prodate ili kupite vozilo, gdje god se nalazili. Piston Addict je ro\u0111en sa \u017eeljom da napravi revoluciju na tr\u017ei\u0161tu ... \u010citaj vi\u0161eO nama\" \/>\n<meta property=\"og:url\" content=\"https:\/\/pistonaddict.com\/hr\/o-nama\/\" \/>\n<meta property=\"og:site_name\" content=\"Piston Addict\" \/>\n<meta property=\"article:modified_time\" content=\"2023-11-14T16:53:05+00:00\" \/>\n<meta name=\"twitter:card\" content=\"summary_large_image\" \/>\n<meta name=\"twitter:label1\" content=\"Procijenjeno vrijeme \u010ditanja\" \/>\n\t<meta name=\"twitter:data1\" content=\"1 minuta\" \/>\n<script type=\"application\/ld+json\" class=\"yoast-schema-graph\">{\"@context\":\"https:\/\/schema.org\",\"@graph\":[{\"@type\":\"WebPage\",\"@id\":\"https:\/\/pistonaddict.com\/hr\/o-nama\/\",\"url\":\"https:\/\/pistonaddict.com\/hr\/o-nama\/\",\"name\":\"O nama - Piston Addict stranice\",\"isPartOf\":{\"@id\":\"https:\/\/pistonaddict.com\/hr\/#website\"},\"datePublished\":\"2022-04-20T11:00:00+00:00\",\"dateModified\":\"2023-11-14T16:53:05+00:00\",\"breadcrumb\":{\"@id\":\"https:\/\/pistonaddict.com\/hr\/o-nama\/#breadcrumb\"},\"inLanguage\":\"hr\",\"potentialAction\":[{\"@type\":\"ReadAction\",\"target\":[\"https:\/\/pistonaddict.com\/hr\/o-nama\/\"]}]},{\"@type\":\"BreadcrumbList\",\"@id\":\"https:\/\/pistonaddict.com\/hr\/o-nama\/#breadcrumb\",\"itemListElement\":[{\"@type\":\"ListItem\",\"position\":1,\"name\":\"Po\u010detna stranica\",\"item\":\"https:\/\/pistonaddict.com\/hr\/pocetna-stranica-2\/\"},{\"@type\":\"ListItem\",\"position\":2,\"name\":\"O nama\"}]},{\"@type\":\"WebSite\",\"@id\":\"https:\/\/pistonaddict.com\/hr\/#website\",\"url\":\"https:\/\/pistonaddict.com\/hr\/\",\"name\":\"Piston Addict\",\"description\":\"Only interesting vehicles\",\"publisher\":{\"@id\":\"https:\/\/pistonaddict.com\/hr\/#organization\"},\"potentialAction\":[{\"@type\":\"SearchAction\",\"target\":{\"@type\":\"EntryPoint\",\"urlTemplate\":\"https:\/\/pistonaddict.com\/hr\/?s={search_term_string}\"},\"query-input\":\"required name=search_term_string\"}],\"inLanguage\":\"hr\"},{\"@type\":\"Organization\",\"@id\":\"https:\/\/pistonaddict.com\/hr\/#organization\",\"name\":\"Piston Addict\",\"url\":\"https:\/\/pistonaddict.com\/hr\/\",\"logo\":{\"@type\":\"ImageObject\",\"inLanguage\":\"hr\",\"@id\":\"https:\/\/pistonaddict.com\/hr\/#\/schema\/logo\/image\/\",\"url\":\"https:\/\/pistonaddict.com\/wp-content\/uploads\/2022\/07\/logo-6.png\",\"contentUrl\":\"https:\/\/pistonaddict.com\/wp-content\/uploads\/2022\/07\/logo-6.png\",\"width\":970,\"height\":200,\"caption\":\"Piston Addict\"},\"image\":{\"@id\":\"https:\/\/pistonaddict.com\/hr\/#\/schema\/logo\/image\/\"}}]}<\/script>\n<!-- \/ Yoast SEO plugin. -->","yoast_head_json":{"title":"O nama - Piston Addict stranice","robots":{"index":"index","follow":"follow","max-snippet":"max-snippet:-1","max-image-preview":"max-image-preview:large","max-video-preview":"max-video-preview:-1"},"canonical":"https:\/\/pistonaddict.com\/hr\/o-nama\/","og_locale":"hr_HR","og_type":"article","og_title":"O nama - Piston Addict stranice","og_description":"O Piston Addict Na\u0161a povijest Piston Addict je mre\u017ena aukcijska platforma specijalizirana za iznimna vozila. Zaljubljenicima u automobile od malih nogu, bilo nam je va\u017eno u\u010diniti prodaju i kupnju automobila i motocikala dostupnijima, omogu\u0107uju\u0107i vam da prodate ili kupite vozilo, gdje god se nalazili. Piston Addict je ro\u0111en sa \u017eeljom da napravi revoluciju na tr\u017ei\u0161tu ... \u010citaj vi\u0161eO nama","og_url":"https:\/\/pistonaddict.com\/hr\/o-nama\/","og_site_name":"Piston Addict","article_modified_time":"2023-11-14T16:53:05+00:00","twitter_card":"summary_large_image","twitter_misc":{"Procijenjeno vrijeme \u010ditanja":"1 minuta"},"schema":{"@context":"https:\/\/schema.org","@graph":[{"@type":"WebPage","@id":"https:\/\/pistonaddict.com\/hr\/o-nama\/","url":"https:\/\/pistonaddict.com\/hr\/o-nama\/","name":"O nama - Piston Addict stranice","isPartOf":{"@id":"https:\/\/pistonaddict.com\/hr\/#website"},"datePublished":"2022-04-20T11:00:00+00:00","dateModified":"2023-11-14T16:53:05+00:00","breadcrumb":{"@id":"https:\/\/pistonaddict.com\/hr\/o-nama\/#breadcrumb"},"inLanguage":"hr","potentialAction":[{"@type":"ReadAction","target":["https:\/\/pistonaddict.com\/hr\/o-nama\/"]}]},{"@type":"BreadcrumbList","@id":"https:\/\/pistonaddict.com\/hr\/o-nama\/#breadcrumb","itemListElement":[{"@type":"ListItem","position":1,"name":"Po\u010detna stranica","item":"https:\/\/pistonaddict.com\/hr\/pocetna-stranica-2\/"},{"@type":"ListItem","position":2,"name":"O nama"}]},{"@type":"WebSite","@id":"https:\/\/pistonaddict.com\/hr\/#website","url":"https:\/\/pistonaddict.com\/hr\/","name":"Piston Addict","description":"Only interesting vehicles","publisher":{"@id":"https:\/\/pistonaddict.com\/hr\/#organization"},"potentialAction":[{"@type":"SearchAction","target":{"@type":"EntryPoint","urlTemplate":"https:\/\/pistonaddict.com\/hr\/?s={search_term_string}"},"query-input":"required name=search_term_string"}],"inLanguage":"hr"},{"@type":"Organization","@id":"https:\/\/pistonaddict.com\/hr\/#organization","name":"Piston Addict","url":"https:\/\/pistonaddict.com\/hr\/","logo":{"@type":"ImageObject","inLanguage":"hr","@id":"https:\/\/pistonaddict.com\/hr\/#\/schema\/logo\/image\/","url":"https:\/\/pistonaddict.com\/wp-content\/uploads\/2022\/07\/logo-6.png","contentUrl":"https:\/\/pistonaddict.com\/wp-content\/uploads\/2022\/07\/logo-6.png","width":970,"height":200,"caption":"Piston Addict"},"image":{"@id":"https:\/\/pistonaddict.com\/hr\/#\/schema\/logo\/image\/"}}]}},"_links":{"self":[{"href":"https:\/\/pistonaddict.com\/hr\/wp-json\/wp\/v2\/pages\/18969"}],"collection":[{"href":"https:\/\/pistonaddict.com\/hr\/wp-json\/wp\/v2\/pages"}],"about":[{"href":"https:\/\/pistonaddict.com\/hr\/wp-json\/wp\/v2\/types\/page"}],"author":[{"embeddable":true,"href":"https:\/\/pistonaddict.com\/hr\/wp-json\/wp\/v2\/users\/1"}],"replies":[{"embeddable":true,"href":"https:\/\/pistonaddict.com\/hr\/wp-json\/wp\/v2\/comments?post=18969"}],"version-history":[{"count":18,"href":"https:\/\/pistonaddict.com\/hr\/wp-json\/wp\/v2\/pages\/18969\/revisions"}],"predecessor-version":[{"id":70324,"href":"https:\/\/pistonaddict.com\/hr\/wp-json\/wp\/v2\/pages\/18969\/revisions\/70324"}],"wp:attachment":[{"href":"https:\/\/pistonaddict.com\/hr\/wp-json\/wp\/v2\/media?parent=18969"}],"curies":[{"name":"wp","href":"https:\/\/api.w.org\/{rel}","templated":true}]}}