{"id":98265,"date":"2024-03-20T15:15:43","date_gmt":"2024-03-20T14:15:43","guid":{"rendered":"https:\/\/pistonaddict.com\/product\/porsche-997-targa\/"},"modified":"2024-03-20T15:24:10","modified_gmt":"2024-03-20T14:24:10","slug":"porsche-997-targa","status":"publish","type":"product","link":"https:\/\/pistonaddict.com\/fr\/product\/porsche-997-targa\/","title":{"rendered":"Porsche 997 Targa 4S"},"content":{"rendered":"<p><strong>Histoire de l&#8217;automobile<\/strong><\/p>\n<p>La sixi\u00e8me g\u00e9n\u00e9ration de l&#8217;embl\u00e9matique Porsche 911 a \u00e9t\u00e9 pr\u00e9sent\u00e9e en 2004 et connue sous le nom de 997. Son pr\u00e9d\u00e9cesseur, la 996, reste l&#8217;un des mod\u00e8les 911 les plus controvers\u00e9s jamais produits, notamment en raison de son design et de l&#8217;introduction des moteurs refroidis par eau. Cependant, la 997 a \u00e9t\u00e9 unanimement salu\u00e9e pour ses lignes \u00e9pur\u00e9es et ses am\u00e9liorations en mati\u00e8re de technologie et de puissance. M\u00eame si la 997 a quelques similitudes m\u00e9caniques et la m\u00eame plate-forme que la 996, elle \u00e9tait bien meilleure et plus comp\u00e9tente, sans oublier qu&#8217;elle \u00e9tait plus moderne et plus belle. Il n&#8217;est pas surprenant que les chiffres de vente aient prouv\u00e9 que la 997 \u00e9tait un succ\u00e8s commercial, avec plus de 212 000 exemplaires fabriqu\u00e9s en 9 ans. Toutefois, cet exemplaire est assez rare, non seulement parce qu&#8217;il s&#8217;agit d&#8217;un mod\u00e8le 997.1 ant\u00e9rieur, mais aussi en raison de sa rare carrosserie Targa. En 2008, seuls 1 426 exemplaires de la Targa 4S ont \u00e9t\u00e9 livr\u00e9s, et tr\u00e8s peu d&#8217;entre eux \u00e9taient \u00e9quip\u00e9s d&#8217;une bo\u00eete de vitesses manuelle \u00e0 6 rapports. Au total, seulement 8 400 Targa 4S ont \u00e9t\u00e9 produites pour la g\u00e9n\u00e9ration 997. Le flat-six atmosph\u00e9rique de 3,8 litres d\u00e9livre 350 ch aux quatre roues, ce qui se traduit par des acc\u00e9l\u00e9rations impressionnantes et une tenue de route irr\u00e9prochable dans toutes les conditions. La combinaison des performances \u00e9lev\u00e9es, de la sensation a\u00e9rienne du toit en verre et de la sensation m\u00e9canique de la transmission manuelle rend cet exemplaire incroyablement int\u00e9ressant pour tout vrai collectionneur.<\/p>\n<p><strong>Int\u00e9rieur<\/strong><\/p>\n<p>L&#8217;int\u00e9rieur de la Porsche Targa 4S 2008 est en parfait \u00e9tat, sans aucun dommage et avec peu de signes d&#8217;usure. Cet exemplaire est dot\u00e9 de nombreux \u00e9quipements optionnels souhaitables, tels que le r\u00e9gulateur de vitesse, le syst\u00e8me audio premium, les si\u00e8ges sport en cuir chauffants et \u00e0 commande \u00e9lectrique, le volant multifonctionnel, le syst\u00e8me de navigation, etc. Tout fonctionne comme il se doit, y compris le toit en verre, et il n&#8217;y a aucune modification. Par rapport aux autres 911 de l&#8217;\u00e9poque, la Targa est tout \u00e0 fait unique puisqu&#8217;elle offre la sensation d&#8217;ouverture d&#8217;un cabriolet, mais avec le confort d&#8217;un coup\u00e9 et la possibilit\u00e9 de l&#8217;utiliser tout au long de l&#8217;ann\u00e9e.<\/p>\n<p><strong>\u00c9tat de la voiture<\/strong><\/p>\n<p>Avec un peu plus de 110 000 kilom\u00e8tres depuis l&#8217;achat et deux propri\u00e9taires soigneux, cette Porsche 911 Targa 4S est dans un \u00e9tat impressionnant et est entretenue avec soin. Les registres indiquent que le dernier entretien majeur a \u00e9t\u00e9 effectu\u00e9 fin 2022, les freins ayant \u00e9t\u00e9 r\u00e9vis\u00e9s il y a quelques jours seulement, en mars 2024. Tous les rapports d&#8217;entretien sont disponibles, ce qui montre \u00e0 quel point la voiture a \u00e9t\u00e9 m\u00e9ticuleusement entretenue. Cette voiture a \u00e9t\u00e9 livr\u00e9e en Belgique.<\/p>\n<p><strong>Ext\u00e9rieur et roues<\/strong><\/p>\n<p>Cet exemplaire particulier a \u00e9t\u00e9 repeint professionnellement dans sa couleur gris fonc\u00e9 d&#8217;origine, qui est parfaite et s&#8217;accorde parfaitement avec les jantes d&#8217;origine et l&#8217;int\u00e9rieur noir. Comme indiqu\u00e9 dans le CarVertical, le seul d\u00e9tail qui m\u00e9rite d&#8217;\u00eatre mentionn\u00e9 est un l\u00e9ger dommage sur le pare-chocs arri\u00e8re, qui a \u00e9t\u00e9 r\u00e9par\u00e9 comme vous pouvez le voir sur les photos. Les pneus Bridgestone, dont les sp\u00e9cifications sont correctes, datent de 2018 et ne sont que l\u00e9g\u00e8rement us\u00e9s.<\/p>\n<p><strong>Documentation<\/strong><\/p>\n<p>Le concessionnaire vend cette voiture avec la documentation appropri\u00e9e et est situ\u00e9 en Belgique. Le <a href=\"https:\/\/pistonaddict.com\/wp-content\/uploads\/2024\/03\/CarVertical-Porsche.pdf\">rapport CarVertical<\/a> est propre, il n&#8217;y a pas de probl\u00e8mes de propri\u00e9t\u00e9 ou de probl\u00e8mes juridiques. Il existe des registres d&#8217;entretien r\u00e9gulier et des re\u00e7us.<\/p>\n","protected":false},"excerpt":{"rendered":"<p>\u00c9quilibre parfait entre les sensations d&#8217;une 911 classique, ses dimensions compactes, son ch\u00e2ssis communicatif et ses technologies et fonctionnalit\u00e9s modernes, la g\u00e9n\u00e9ration 997 est de plus en plus populaire aupr\u00e8s des passionn\u00e9s de 911. Cela signifie qu&#8217;il s&#8217;agit de la prochaine grande nouveaut\u00e9 dans le monde de la 911, avec des prix en hausse. Supposons que vous souhaitiez vous lancer dans l&#8217;aventure de la 997. Dans ce cas, rien n&#8217;est mieux qu&#8217;une voiture tr\u00e8s recherch\u00e9e dans un style de carrosserie rare avec une transmission manuelle recherch\u00e9e, pr\u00eate \u00e0 \u00eatre appr\u00e9ci\u00e9e \u00e0 sa juste valeur.<\/p>\n","protected":false},"featured_media":97673,"comment_status":"open","ping_status":"closed","template":"","meta":{"inline_featured_image":false},"product_cat":[754],"product_tag":[3927,3928,2320,3926,950],"acf":[],"yoast_head":"<!-- This site is optimized with the Yoast SEO plugin v22.5 - https:\/\/yoast.com\/wordpress\/plugins\/seo\/ -->\n<title>Porsche 997 Targa 4S - Piston Addict<\/title>\n<meta name=\"robots\" content=\"index, follow, max-snippet:-1, max-image-preview:large, max-video-preview:-1\" \/>\n<link rel=\"canonical\" href=\"https:\/\/pistonaddict.com\/fr\/product\/porsche-997-targa\/\" \/>\n<meta property=\"og:locale\" content=\"fr_FR\" \/>\n<meta property=\"og:type\" content=\"article\" \/>\n<meta property=\"og:title\" content=\"Porsche 997 Targa 4S - Piston Addict\" \/>\n<meta property=\"og:description\" content=\"\u00c9quilibre parfait entre les sensations d&#039;une 911 classique, ses dimensions compactes, son ch\u00e2ssis communicatif et ses technologies et fonctionnalit\u00e9s modernes, la g\u00e9n\u00e9ration 997 est de plus en plus populaire aupr\u00e8s des passionn\u00e9s de 911. Cela signifie qu&#039;il s&#039;agit de la prochaine grande nouveaut\u00e9 dans le monde de la 911, avec des prix en hausse. Supposons que vous souhaitiez vous lancer dans l&#039;aventure de la 997. Dans ce cas, rien n&#039;est mieux qu&#039;une voiture tr\u00e8s recherch\u00e9e dans un style de carrosserie rare avec une transmission manuelle recherch\u00e9e, pr\u00eate \u00e0 \u00eatre appr\u00e9ci\u00e9e \u00e0 sa juste valeur.\" \/>\n<meta property=\"og:url\" content=\"https:\/\/pistonaddict.com\/fr\/product\/porsche-997-targa\/\" \/>\n<meta property=\"og:site_name\" content=\"Piston Addict\" \/>\n<meta property=\"article:modified_time\" content=\"2024-03-20T14:24:10+00:00\" \/>\n<meta property=\"og:image\" content=\"https:\/\/pistonaddict.com\/wp-content\/uploads\/2024\/03\/1-1-1024x611.png\" \/>\n\t<meta property=\"og:image:width\" content=\"1024\" \/>\n\t<meta property=\"og:image:height\" content=\"611\" \/>\n\t<meta property=\"og:image:type\" content=\"image\/png\" \/>\n<meta name=\"twitter:card\" content=\"summary_large_image\" \/>\n<meta name=\"twitter:label1\" content=\"Dur\u00e9e de lecture estim\u00e9e\" \/>\n\t<meta name=\"twitter:data1\" content=\"3 minutes\" \/>\n<script type=\"application\/ld+json\" class=\"yoast-schema-graph\">{\"@context\":\"https:\/\/schema.org\",\"@graph\":[{\"@type\":\"WebPage\",\"@id\":\"https:\/\/pistonaddict.com\/fr\/product\/porsche-997-targa\/\",\"url\":\"https:\/\/pistonaddict.com\/fr\/product\/porsche-997-targa\/\",\"name\":\"Porsche 997 Targa 4S - Piston Addict\",\"isPartOf\":{\"@id\":\"https:\/\/pistonaddict.com\/fr\/#website\"},\"primaryImageOfPage\":{\"@id\":\"https:\/\/pistonaddict.com\/fr\/product\/porsche-997-targa\/#primaryimage\"},\"image\":{\"@id\":\"https:\/\/pistonaddict.com\/fr\/product\/porsche-997-targa\/#primaryimage\"},\"thumbnailUrl\":\"https:\/\/pistonaddict.com\/wp-content\/uploads\/2024\/03\/1-1.png\",\"datePublished\":\"2024-03-20T14:15:43+00:00\",\"dateModified\":\"2024-03-20T14:24:10+00:00\",\"breadcrumb\":{\"@id\":\"https:\/\/pistonaddict.com\/fr\/product\/porsche-997-targa\/#breadcrumb\"},\"inLanguage\":\"fr-FR\",\"potentialAction\":[{\"@type\":\"ReadAction\",\"target\":[\"https:\/\/pistonaddict.com\/fr\/product\/porsche-997-targa\/\"]}]},{\"@type\":\"ImageObject\",\"inLanguage\":\"fr-FR\",\"@id\":\"https:\/\/pistonaddict.com\/fr\/product\/porsche-997-targa\/#primaryimage\",\"url\":\"https:\/\/pistonaddict.com\/wp-content\/uploads\/2024\/03\/1-1.png\",\"contentUrl\":\"https:\/\/pistonaddict.com\/wp-content\/uploads\/2024\/03\/1-1.png\",\"width\":2778,\"height\":1657},{\"@type\":\"BreadcrumbList\",\"@id\":\"https:\/\/pistonaddict.com\/fr\/product\/porsche-997-targa\/#breadcrumb\",\"itemListElement\":[{\"@type\":\"ListItem\",\"position\":1,\"name\":\"Homepage\",\"item\":\"https:\/\/pistonaddict.com\/fr\/page-daccueil\/\"},{\"@type\":\"ListItem\",\"position\":2,\"name\":\"Auctions\",\"item\":\"https:\/\/pistonaddict.com\/auctions-listing\/\"},{\"@type\":\"ListItem\",\"position\":3,\"name\":\"Porsche 997 Targa 4S\"}]},{\"@type\":\"WebSite\",\"@id\":\"https:\/\/pistonaddict.com\/fr\/#website\",\"url\":\"https:\/\/pistonaddict.com\/fr\/\",\"name\":\"Piston Addict\",\"description\":\"Only interesting vehicles\",\"publisher\":{\"@id\":\"https:\/\/pistonaddict.com\/fr\/#organization\"},\"potentialAction\":[{\"@type\":\"SearchAction\",\"target\":{\"@type\":\"EntryPoint\",\"urlTemplate\":\"https:\/\/pistonaddict.com\/fr\/?s={search_term_string}\"},\"query-input\":\"required name=search_term_string\"}],\"inLanguage\":\"fr-FR\"},{\"@type\":\"Organization\",\"@id\":\"https:\/\/pistonaddict.com\/fr\/#organization\",\"name\":\"Piston Addict\",\"url\":\"https:\/\/pistonaddict.com\/fr\/\",\"logo\":{\"@type\":\"ImageObject\",\"inLanguage\":\"fr-FR\",\"@id\":\"https:\/\/pistonaddict.com\/fr\/#\/schema\/logo\/image\/\",\"url\":\"https:\/\/pistonaddict.com\/wp-content\/uploads\/2022\/07\/logo-6.png\",\"contentUrl\":\"https:\/\/pistonaddict.com\/wp-content\/uploads\/2022\/07\/logo-6.png\",\"width\":970,\"height\":200,\"caption\":\"Piston Addict\"},\"image\":{\"@id\":\"https:\/\/pistonaddict.com\/fr\/#\/schema\/logo\/image\/\"}}]}<\/script>\n<!-- \/ Yoast SEO plugin. -->","yoast_head_json":{"title":"Porsche 997 Targa 4S - Piston Addict","robots":{"index":"index","follow":"follow","max-snippet":"max-snippet:-1","max-image-preview":"max-image-preview:large","max-video-preview":"max-video-preview:-1"},"canonical":"https:\/\/pistonaddict.com\/fr\/product\/porsche-997-targa\/","og_locale":"fr_FR","og_type":"article","og_title":"Porsche 997 Targa 4S - Piston Addict","og_description":"\u00c9quilibre parfait entre les sensations d'une 911 classique, ses dimensions compactes, son ch\u00e2ssis communicatif et ses technologies et fonctionnalit\u00e9s modernes, la g\u00e9n\u00e9ration 997 est de plus en plus populaire aupr\u00e8s des passionn\u00e9s de 911. Cela signifie qu'il s'agit de la prochaine grande nouveaut\u00e9 dans le monde de la 911, avec des prix en hausse. Supposons que vous souhaitiez vous lancer dans l'aventure de la 997. Dans ce cas, rien n'est mieux qu'une voiture tr\u00e8s recherch\u00e9e dans un style de carrosserie rare avec une transmission manuelle recherch\u00e9e, pr\u00eate \u00e0 \u00eatre appr\u00e9ci\u00e9e \u00e0 sa juste valeur.","og_url":"https:\/\/pistonaddict.com\/fr\/product\/porsche-997-targa\/","og_site_name":"Piston Addict","article_modified_time":"2024-03-20T14:24:10+00:00","og_image":[{"width":1024,"height":611,"url":"https:\/\/pistonaddict.com\/wp-content\/uploads\/2024\/03\/1-1-1024x611.png","type":"image\/png"}],"twitter_card":"summary_large_image","twitter_misc":{"Dur\u00e9e de lecture estim\u00e9e":"3 minutes"},"schema":{"@context":"https:\/\/schema.org","@graph":[{"@type":"WebPage","@id":"https:\/\/pistonaddict.com\/fr\/product\/porsche-997-targa\/","url":"https:\/\/pistonaddict.com\/fr\/product\/porsche-997-targa\/","name":"Porsche 997 Targa 4S - Piston Addict","isPartOf":{"@id":"https:\/\/pistonaddict.com\/fr\/#website"},"primaryImageOfPage":{"@id":"https:\/\/pistonaddict.com\/fr\/product\/porsche-997-targa\/#primaryimage"},"image":{"@id":"https:\/\/pistonaddict.com\/fr\/product\/porsche-997-targa\/#primaryimage"},"thumbnailUrl":"https:\/\/pistonaddict.com\/wp-content\/uploads\/2024\/03\/1-1.png","datePublished":"2024-03-20T14:15:43+00:00","dateModified":"2024-03-20T14:24:10+00:00","breadcrumb":{"@id":"https:\/\/pistonaddict.com\/fr\/product\/porsche-997-targa\/#breadcrumb"},"inLanguage":"fr-FR","potentialAction":[{"@type":"ReadAction","target":["https:\/\/pistonaddict.com\/fr\/product\/porsche-997-targa\/"]}]},{"@type":"ImageObject","inLanguage":"fr-FR","@id":"https:\/\/pistonaddict.com\/fr\/product\/porsche-997-targa\/#primaryimage","url":"https:\/\/pistonaddict.com\/wp-content\/uploads\/2024\/03\/1-1.png","contentUrl":"https:\/\/pistonaddict.com\/wp-content\/uploads\/2024\/03\/1-1.png","width":2778,"height":1657},{"@type":"BreadcrumbList","@id":"https:\/\/pistonaddict.com\/fr\/product\/porsche-997-targa\/#breadcrumb","itemListElement":[{"@type":"ListItem","position":1,"name":"Homepage","item":"https:\/\/pistonaddict.com\/fr\/page-daccueil\/"},{"@type":"ListItem","position":2,"name":"Auctions","item":"https:\/\/pistonaddict.com\/auctions-listing\/"},{"@type":"ListItem","position":3,"name":"Porsche 997 Targa 4S"}]},{"@type":"WebSite","@id":"https:\/\/pistonaddict.com\/fr\/#website","url":"https:\/\/pistonaddict.com\/fr\/","name":"Piston Addict","description":"Only interesting vehicles","publisher":{"@id":"https:\/\/pistonaddict.com\/fr\/#organization"},"potentialAction":[{"@type":"SearchAction","target":{"@type":"EntryPoint","urlTemplate":"https:\/\/pistonaddict.com\/fr\/?s={search_term_string}"},"query-input":"required name=search_term_string"}],"inLanguage":"fr-FR"},{"@type":"Organization","@id":"https:\/\/pistonaddict.com\/fr\/#organization","name":"Piston Addict","url":"https:\/\/pistonaddict.com\/fr\/","logo":{"@type":"ImageObject","inLanguage":"fr-FR","@id":"https:\/\/pistonaddict.com\/fr\/#\/schema\/logo\/image\/","url":"https:\/\/pistonaddict.com\/wp-content\/uploads\/2022\/07\/logo-6.png","contentUrl":"https:\/\/pistonaddict.com\/wp-content\/uploads\/2022\/07\/logo-6.png","width":970,"height":200,"caption":"Piston Addict"},"image":{"@id":"https:\/\/pistonaddict.com\/fr\/#\/schema\/logo\/image\/"}}]}},"_links":{"self":[{"href":"https:\/\/pistonaddict.com\/fr\/wp-json\/wp\/v2\/product\/98265"}],"collection":[{"href":"https:\/\/pistonaddict.com\/fr\/wp-json\/wp\/v2\/product"}],"about":[{"href":"https:\/\/pistonaddict.com\/fr\/wp-json\/wp\/v2\/types\/product"}],"replies":[{"embeddable":true,"href":"https:\/\/pistonaddict.com\/fr\/wp-json\/wp\/v2\/comments?post=98265"}],"wp:featuredmedia":[{"embeddable":true,"href":"https:\/\/pistonaddict.com\/fr\/wp-json\/wp\/v2\/media\/97673"}],"wp:attachment":[{"href":"https:\/\/pistonaddict.com\/fr\/wp-json\/wp\/v2\/media?parent=98265"}],"wp:term":[{"taxonomy":"product_cat","embeddable":true,"href":"https:\/\/pistonaddict.com\/fr\/wp-json\/wp\/v2\/product_cat?post=98265"},{"taxonomy":"product_tag","embeddable":true,"href":"https:\/\/pistonaddict.com\/fr\/wp-json\/wp\/v2\/product_tag?post=98265"}],"curies":[{"name":"wp","href":"https:\/\/api.w.org\/{rel}","templated":true}]}}