{"id":97456,"date":"2024-03-15T18:51:57","date_gmt":"2024-03-15T17:51:57","guid":{"rendered":"https:\/\/pistonaddict.com\/product\/bmw-m4-competition\/"},"modified":"2024-03-20T14:16:49","modified_gmt":"2024-03-20T13:16:49","slug":"bmw-m4-competition","status":"publish","type":"product","link":"https:\/\/pistonaddict.com\/fr\/product\/bmw-m4-competition\/","title":{"rendered":"BMW M4 Comp\u00e9tition"},"content":{"rendered":"<h2>Ext\u00e9rieur<\/h2>\n<p>Commen\u00e7ons par la couleur de la voiture &#8211; la qualifier de marron serait injuste, c&#8217;est le moins que l&#8217;on puisse dire. BMW l&#8217;a baptis\u00e9 Sepang Bronze, et pour l&#8217;appr\u00e9cier pleinement, il faut voir la voiture sous le soleil. Mais la caract\u00e9ristique la plus frappante de la M4 est son toit pliant en fibre de carbone, qui la rend \u00e0 la fois l\u00e9g\u00e8re et robuste. Gr\u00e2ce \u00e0 lui, cette BMW peut passer d&#8217;une voiture de sport de type coup\u00e9 \u00e0 une \u00e9l\u00e9gante citadine en appuyant sur un bouton.<\/p>\n<p>Parmi les autres d\u00e9tails notables, citons les phares au x\u00e9non \u00e0 l&#8217;avant, les jantes de 19 pouces avec pneus Michelin Pilot Sport sur les c\u00f4t\u00e9s et les doubles sorties d&#8217;\u00e9chappement \u00e0 l&#8217;arri\u00e8re. Et comme toute autre M4, cette voiture a des pare-chocs agressifs, des bouches d&#8217;a\u00e9ration dans les ailes et un capot avec un renflement au milieu.<\/p>\n<h2>Int\u00e9rieur<\/h2>\n<p>\u00c0 l&#8217;int\u00e9rieur, la premi\u00e8re chose qui attire l&#8217;attention, ce sont les si\u00e8ges, rev\u00eatus d&#8217;un cuir brun souple avec des surpiq\u00fbres blanches. Mais en plus d&#8217;\u00eatre sportives et d&#8217;offrir un bon soutien, comme leur apparence peut le sugg\u00e9rer, elles sont \u00e9galement tr\u00e8s confortables. Une fois assis, vous vous retrouvez derri\u00e8re le volant \u00e0 trois branches caract\u00e9ristique de la BMW et un tableau de bord \u00e0 l&#8217;instrumentation simple. Il comprend un compteur de vitesse qui s&#8217;arr\u00eate \u00e0 330 km\/h, un compte-tours qui va jusqu&#8217;\u00e0 8 000 tr\/min et des jauges pour le niveau de carburant et la temp\u00e9rature du moteur. Et si vous ne voulez pas baisser les yeux dans les virages serr\u00e9s, un affichage t\u00eate haute permet de visualiser toutes les informations essentielles sur le pare-brise.<\/p>\n<h2>M\u00e9canique<\/h2>\n<p>Au-del\u00e0 de l&#8217;esth\u00e9tique, chaque BMW se doit d&#8217;\u00eatre une machine \u00e0 conduire ultime. Et cette M4 a plusieurs atouts dans sa manche pour r\u00e9pondre \u00e0 ces attentes. Pour commencer, un spectaculaire moteur \u00e0 six cylindres en ligne biturbo se trouve sous le capot, d\u00e9veloppant une puissance rassurante de 450 chevaux. La puissance est transmise aux roues arri\u00e8re par l&#8217;interm\u00e9diaire d&#8217;une transmission \u00e0 double embrayage \u00e0 7 rapports et d&#8217;un diff\u00e9rentiel \u00e0 glissement limit\u00e9 contr\u00f4l\u00e9 \u00e9lectroniquement.<\/p>\n<p>Avec toute cette puissance et cette technologie, la M4 atteindra facilement 100 km\/h en 4 secondes environ et pourra acc\u00e9l\u00e9rer jusqu&#8217;\u00e0 250 km\/h. Et il irait probablement beaucoup plus vite s&#8217;il n&#8217;y avait pas le limiteur \u00e9lectronique. Enfin, pour mieux ma\u00eetriser la vitesse, la voiture est \u00e9quip\u00e9e de suspensions renforc\u00e9es et d&#8217;\u00e9normes freins.<\/p>\n<h2>Historique du v\u00e9hicule<\/h2>\n<p>Terminons par quelques mots sur l&#8217;\u00e9tat actuel de la BMW M4, que le vendeur qualifie d&#8217;impeccable. Et \u00e0 en juger par les photos et la vid\u00e9o fournies, c&#8217;est bien le cas, sans qu&#8217;aucun dommage visible ne soit \u00e0 signaler. La voiture a \u00e9t\u00e9 r\u00e9guli\u00e8rement entretenue et inspect\u00e9e par un concessionnaire BMW agr\u00e9\u00e9, le dernier entretien ayant \u00e9t\u00e9 effectu\u00e9 en juin 2022.<\/p>\n<p>Le vendeur pr\u00e9cise que la voiture, qui se trouve actuellement en Belgique, n&#8217;a pas \u00e9t\u00e9 utilis\u00e9e sur circuit et n&#8217;a pas \u00e9t\u00e9 impliqu\u00e9e dans des accidents, ce que confirme le <a href=\"https:\/\/pistonaddict.com\/wp-content\/uploads\/2024\/03\/CarVerticalBMWM4.pdf\">rapport d&#8217;historique du v\u00e9hicule de CarVertical<\/a>.<\/p>\n<p><strong>D\u00e9couvrez la vid\u00e9o du d\u00e9marrage \u00e0 froid de cette superbe<\/strong> <strong>BMW M4 Competition<\/strong>:<\/p>\n<p><iframe title=\"Cold Start Video of the BMW M4 Competition\" width=\"1200\" height=\"675\" src=\"https:\/\/www.youtube.com\/embed\/-weepN3iz9c?feature=oembed\" frameborder=\"0\" allow=\"accelerometer; autoplay; clipboard-write; encrypted-media; gyroscope; picture-in-picture; web-share\" allowfullscreen><\/iframe><\/p>\n","protected":false},"excerpt":{"rendered":"<p>Si vous recherchez un v\u00e9hicule capable de battre des records de vitesse sur circuit, vous avez besoin d&#8217;une voiture de sport. En revanche, si vous pr\u00e9f\u00e9rez rouler confortablement sur l&#8217;avenue par une journ\u00e9e ensoleill\u00e9e, une d\u00e9capotable \u00e9l\u00e9gante sera la meilleure option. Mais si vous voulez quelque chose qui fasse les deux, alors vous aimerez certainement cette BMW M4 Competition que nous avons en vente aux ench\u00e8res. Elle est en parfait \u00e9tat, n&#8217;a eu qu&#8217;un seul propri\u00e9taire et affiche 74 000 km au compteur.<\/p>\n","protected":false},"featured_media":96742,"comment_status":"open","ping_status":"closed","template":"","meta":{"inline_featured_image":false},"product_cat":[754],"product_tag":[3142,3130,3129,921],"acf":[],"yoast_head":"<!-- This site is optimized with the Yoast SEO plugin v22.5 - https:\/\/yoast.com\/wordpress\/plugins\/seo\/ -->\n<title>BMW M4 Comp\u00e9tition - Piston Addict<\/title>\n<meta name=\"robots\" content=\"index, follow, max-snippet:-1, max-image-preview:large, max-video-preview:-1\" \/>\n<link rel=\"canonical\" href=\"https:\/\/pistonaddict.com\/fr\/product\/bmw-m4-competition\/\" \/>\n<meta property=\"og:locale\" content=\"fr_FR\" \/>\n<meta property=\"og:type\" content=\"article\" \/>\n<meta property=\"og:title\" content=\"BMW M4 Comp\u00e9tition - Piston Addict\" \/>\n<meta property=\"og:description\" content=\"Si vous recherchez un v\u00e9hicule capable de battre des records de vitesse sur circuit, vous avez besoin d&#039;une voiture de sport. En revanche, si vous pr\u00e9f\u00e9rez rouler confortablement sur l&#039;avenue par une journ\u00e9e ensoleill\u00e9e, une d\u00e9capotable \u00e9l\u00e9gante sera la meilleure option. Mais si vous voulez quelque chose qui fasse les deux, alors vous aimerez certainement cette BMW M4 Competition que nous avons en vente aux ench\u00e8res. Elle est en parfait \u00e9tat, n&#039;a eu qu&#039;un seul propri\u00e9taire et affiche 74 000 km au compteur.\" \/>\n<meta property=\"og:url\" content=\"https:\/\/pistonaddict.com\/fr\/product\/bmw-m4-competition\/\" \/>\n<meta property=\"og:site_name\" content=\"Piston Addict\" \/>\n<meta property=\"article:modified_time\" content=\"2024-03-20T13:16:49+00:00\" \/>\n<meta property=\"og:image\" content=\"https:\/\/pistonaddict.com\/wp-content\/uploads\/2024\/03\/1-1024x612.png\" \/>\n\t<meta property=\"og:image:width\" content=\"1024\" \/>\n\t<meta property=\"og:image:height\" content=\"612\" \/>\n\t<meta property=\"og:image:type\" content=\"image\/png\" \/>\n<meta name=\"twitter:card\" content=\"summary_large_image\" \/>\n<meta name=\"twitter:label1\" content=\"Dur\u00e9e de lecture estim\u00e9e\" \/>\n\t<meta name=\"twitter:data1\" content=\"3 minutes\" \/>\n<script type=\"application\/ld+json\" class=\"yoast-schema-graph\">{\"@context\":\"https:\/\/schema.org\",\"@graph\":[{\"@type\":\"WebPage\",\"@id\":\"https:\/\/pistonaddict.com\/fr\/product\/bmw-m4-competition\/\",\"url\":\"https:\/\/pistonaddict.com\/fr\/product\/bmw-m4-competition\/\",\"name\":\"BMW M4 Comp\u00e9tition - Piston Addict\",\"isPartOf\":{\"@id\":\"https:\/\/pistonaddict.com\/fr\/#website\"},\"primaryImageOfPage\":{\"@id\":\"https:\/\/pistonaddict.com\/fr\/product\/bmw-m4-competition\/#primaryimage\"},\"image\":{\"@id\":\"https:\/\/pistonaddict.com\/fr\/product\/bmw-m4-competition\/#primaryimage\"},\"thumbnailUrl\":\"https:\/\/pistonaddict.com\/wp-content\/uploads\/2024\/03\/1.png\",\"datePublished\":\"2024-03-15T17:51:57+00:00\",\"dateModified\":\"2024-03-20T13:16:49+00:00\",\"breadcrumb\":{\"@id\":\"https:\/\/pistonaddict.com\/fr\/product\/bmw-m4-competition\/#breadcrumb\"},\"inLanguage\":\"fr-FR\",\"potentialAction\":[{\"@type\":\"ReadAction\",\"target\":[\"https:\/\/pistonaddict.com\/fr\/product\/bmw-m4-competition\/\"]}]},{\"@type\":\"ImageObject\",\"inLanguage\":\"fr-FR\",\"@id\":\"https:\/\/pistonaddict.com\/fr\/product\/bmw-m4-competition\/#primaryimage\",\"url\":\"https:\/\/pistonaddict.com\/wp-content\/uploads\/2024\/03\/1.png\",\"contentUrl\":\"https:\/\/pistonaddict.com\/wp-content\/uploads\/2024\/03\/1.png\",\"width\":2778,\"height\":1660},{\"@type\":\"BreadcrumbList\",\"@id\":\"https:\/\/pistonaddict.com\/fr\/product\/bmw-m4-competition\/#breadcrumb\",\"itemListElement\":[{\"@type\":\"ListItem\",\"position\":1,\"name\":\"Homepage\",\"item\":\"https:\/\/pistonaddict.com\/fr\/page-daccueil\/\"},{\"@type\":\"ListItem\",\"position\":2,\"name\":\"Auctions\",\"item\":\"https:\/\/pistonaddict.com\/auctions-listing\/\"},{\"@type\":\"ListItem\",\"position\":3,\"name\":\"BMW M4 Comp\u00e9tition\"}]},{\"@type\":\"WebSite\",\"@id\":\"https:\/\/pistonaddict.com\/fr\/#website\",\"url\":\"https:\/\/pistonaddict.com\/fr\/\",\"name\":\"Piston Addict\",\"description\":\"Only interesting vehicles\",\"publisher\":{\"@id\":\"https:\/\/pistonaddict.com\/fr\/#organization\"},\"potentialAction\":[{\"@type\":\"SearchAction\",\"target\":{\"@type\":\"EntryPoint\",\"urlTemplate\":\"https:\/\/pistonaddict.com\/fr\/?s={search_term_string}\"},\"query-input\":\"required name=search_term_string\"}],\"inLanguage\":\"fr-FR\"},{\"@type\":\"Organization\",\"@id\":\"https:\/\/pistonaddict.com\/fr\/#organization\",\"name\":\"Piston Addict\",\"url\":\"https:\/\/pistonaddict.com\/fr\/\",\"logo\":{\"@type\":\"ImageObject\",\"inLanguage\":\"fr-FR\",\"@id\":\"https:\/\/pistonaddict.com\/fr\/#\/schema\/logo\/image\/\",\"url\":\"https:\/\/pistonaddict.com\/wp-content\/uploads\/2022\/07\/logo-6.png\",\"contentUrl\":\"https:\/\/pistonaddict.com\/wp-content\/uploads\/2022\/07\/logo-6.png\",\"width\":970,\"height\":200,\"caption\":\"Piston Addict\"},\"image\":{\"@id\":\"https:\/\/pistonaddict.com\/fr\/#\/schema\/logo\/image\/\"}}]}<\/script>\n<!-- \/ Yoast SEO plugin. -->","yoast_head_json":{"title":"BMW M4 Comp\u00e9tition - Piston Addict","robots":{"index":"index","follow":"follow","max-snippet":"max-snippet:-1","max-image-preview":"max-image-preview:large","max-video-preview":"max-video-preview:-1"},"canonical":"https:\/\/pistonaddict.com\/fr\/product\/bmw-m4-competition\/","og_locale":"fr_FR","og_type":"article","og_title":"BMW M4 Comp\u00e9tition - Piston Addict","og_description":"Si vous recherchez un v\u00e9hicule capable de battre des records de vitesse sur circuit, vous avez besoin d'une voiture de sport. En revanche, si vous pr\u00e9f\u00e9rez rouler confortablement sur l'avenue par une journ\u00e9e ensoleill\u00e9e, une d\u00e9capotable \u00e9l\u00e9gante sera la meilleure option. Mais si vous voulez quelque chose qui fasse les deux, alors vous aimerez certainement cette BMW M4 Competition que nous avons en vente aux ench\u00e8res. Elle est en parfait \u00e9tat, n'a eu qu'un seul propri\u00e9taire et affiche 74 000 km au compteur.","og_url":"https:\/\/pistonaddict.com\/fr\/product\/bmw-m4-competition\/","og_site_name":"Piston Addict","article_modified_time":"2024-03-20T13:16:49+00:00","og_image":[{"width":1024,"height":612,"url":"https:\/\/pistonaddict.com\/wp-content\/uploads\/2024\/03\/1-1024x612.png","type":"image\/png"}],"twitter_card":"summary_large_image","twitter_misc":{"Dur\u00e9e de lecture estim\u00e9e":"3 minutes"},"schema":{"@context":"https:\/\/schema.org","@graph":[{"@type":"WebPage","@id":"https:\/\/pistonaddict.com\/fr\/product\/bmw-m4-competition\/","url":"https:\/\/pistonaddict.com\/fr\/product\/bmw-m4-competition\/","name":"BMW M4 Comp\u00e9tition - Piston Addict","isPartOf":{"@id":"https:\/\/pistonaddict.com\/fr\/#website"},"primaryImageOfPage":{"@id":"https:\/\/pistonaddict.com\/fr\/product\/bmw-m4-competition\/#primaryimage"},"image":{"@id":"https:\/\/pistonaddict.com\/fr\/product\/bmw-m4-competition\/#primaryimage"},"thumbnailUrl":"https:\/\/pistonaddict.com\/wp-content\/uploads\/2024\/03\/1.png","datePublished":"2024-03-15T17:51:57+00:00","dateModified":"2024-03-20T13:16:49+00:00","breadcrumb":{"@id":"https:\/\/pistonaddict.com\/fr\/product\/bmw-m4-competition\/#breadcrumb"},"inLanguage":"fr-FR","potentialAction":[{"@type":"ReadAction","target":["https:\/\/pistonaddict.com\/fr\/product\/bmw-m4-competition\/"]}]},{"@type":"ImageObject","inLanguage":"fr-FR","@id":"https:\/\/pistonaddict.com\/fr\/product\/bmw-m4-competition\/#primaryimage","url":"https:\/\/pistonaddict.com\/wp-content\/uploads\/2024\/03\/1.png","contentUrl":"https:\/\/pistonaddict.com\/wp-content\/uploads\/2024\/03\/1.png","width":2778,"height":1660},{"@type":"BreadcrumbList","@id":"https:\/\/pistonaddict.com\/fr\/product\/bmw-m4-competition\/#breadcrumb","itemListElement":[{"@type":"ListItem","position":1,"name":"Homepage","item":"https:\/\/pistonaddict.com\/fr\/page-daccueil\/"},{"@type":"ListItem","position":2,"name":"Auctions","item":"https:\/\/pistonaddict.com\/auctions-listing\/"},{"@type":"ListItem","position":3,"name":"BMW M4 Comp\u00e9tition"}]},{"@type":"WebSite","@id":"https:\/\/pistonaddict.com\/fr\/#website","url":"https:\/\/pistonaddict.com\/fr\/","name":"Piston Addict","description":"Only interesting vehicles","publisher":{"@id":"https:\/\/pistonaddict.com\/fr\/#organization"},"potentialAction":[{"@type":"SearchAction","target":{"@type":"EntryPoint","urlTemplate":"https:\/\/pistonaddict.com\/fr\/?s={search_term_string}"},"query-input":"required name=search_term_string"}],"inLanguage":"fr-FR"},{"@type":"Organization","@id":"https:\/\/pistonaddict.com\/fr\/#organization","name":"Piston Addict","url":"https:\/\/pistonaddict.com\/fr\/","logo":{"@type":"ImageObject","inLanguage":"fr-FR","@id":"https:\/\/pistonaddict.com\/fr\/#\/schema\/logo\/image\/","url":"https:\/\/pistonaddict.com\/wp-content\/uploads\/2022\/07\/logo-6.png","contentUrl":"https:\/\/pistonaddict.com\/wp-content\/uploads\/2022\/07\/logo-6.png","width":970,"height":200,"caption":"Piston Addict"},"image":{"@id":"https:\/\/pistonaddict.com\/fr\/#\/schema\/logo\/image\/"}}]}},"_links":{"self":[{"href":"https:\/\/pistonaddict.com\/fr\/wp-json\/wp\/v2\/product\/97456"}],"collection":[{"href":"https:\/\/pistonaddict.com\/fr\/wp-json\/wp\/v2\/product"}],"about":[{"href":"https:\/\/pistonaddict.com\/fr\/wp-json\/wp\/v2\/types\/product"}],"replies":[{"embeddable":true,"href":"https:\/\/pistonaddict.com\/fr\/wp-json\/wp\/v2\/comments?post=97456"}],"wp:featuredmedia":[{"embeddable":true,"href":"https:\/\/pistonaddict.com\/fr\/wp-json\/wp\/v2\/media\/96742"}],"wp:attachment":[{"href":"https:\/\/pistonaddict.com\/fr\/wp-json\/wp\/v2\/media?parent=97456"}],"wp:term":[{"taxonomy":"product_cat","embeddable":true,"href":"https:\/\/pistonaddict.com\/fr\/wp-json\/wp\/v2\/product_cat?post=97456"},{"taxonomy":"product_tag","embeddable":true,"href":"https:\/\/pistonaddict.com\/fr\/wp-json\/wp\/v2\/product_tag?post=97456"}],"curies":[{"name":"wp","href":"https:\/\/api.w.org\/{rel}","templated":true}]}}