{"id":96714,"date":"2024-03-15T17:17:18","date_gmt":"2024-03-15T16:17:18","guid":{"rendered":"https:\/\/pistonaddict.com\/product\/amg-sls-roadster\/"},"modified":"2024-03-27T14:06:48","modified_gmt":"2024-03-27T13:06:48","slug":"amg-sls-roadster","status":"publish","type":"product","link":"https:\/\/pistonaddict.com\/fr\/product\/amg-sls-roadster\/","title":{"rendered":"AMG SLS Roadster"},"content":{"rendered":"<p><strong>Histoire de l&#8217;automobile<\/strong><\/p>\n<p>Le monde de l&#8217;automobile a \u00e9t\u00e9 stup\u00e9fait lorsque Mercedes a pr\u00e9sent\u00e9 l&#8217;embl\u00e9matique SLS AMG en 2010. Classique dans son approche mais totalement moderne dans son ex\u00e9cution, cette voiture de sport pur-sang s&#8217;inspire clairement du pass\u00e9 glorieux de la marque et de la l\u00e9gendaire 300 SL Gullwing. Bien que Mercedes se soit tourn\u00e9e vers le pass\u00e9 lors de sa conception, l&#8217;entreprise s&#8217;est tourn\u00e9e vers l&#8217;avenir avec une construction de ch\u00e2ssis, des caract\u00e9ristiques int\u00e9rieures, un confort et un groupe motopropulseur modernes. Sous ce long capot se trouvait un V8 de 6,2 litres (nom de code M156), qui d\u00e9veloppait 571 chevaux atmosph\u00e9riques transmis aux roues arri\u00e8re par une comp\u00e9tente bo\u00eete de vitesses \u00e0 double embrayage \u00e0 7 rapports. Le r\u00e9sultat est une voiture \u00e0 l&#8217;allure \u00e9tonnante et qui reste rapide comme une supercar. Avec un temps de 0 \u00e0 100 km\/h de seulement 3,8 secondes et une vitesse de pointe de plus de 310 km\/h, vous comprenez pourquoi la Mercedes SLS AMG fait partie des voitures les plus rapides de son \u00e9poque.<\/p>\n<p>Il est int\u00e9ressant de noter que la production de cette incroyable machine a \u00e9t\u00e9 relativement courte, le mod\u00e8le ayant \u00e9t\u00e9 arr\u00eat\u00e9 en 2014. Certains disent que Mercedes a fait cela d\u00e9lib\u00e9r\u00e9ment pour garantir l&#8217;exclusivit\u00e9 et la raret\u00e9 de sa plus belle voiture de sport moderne. Ces rumeurs pourraient \u00eatre fond\u00e9es, car l&#8217;entreprise n&#8217;a jamais officiellement r\u00e9v\u00e9l\u00e9 de chiffres de production pr\u00e9cis. Selon une estimation prudente, environ 8 000 coup\u00e9s et 4 000 roadsters ont \u00e9t\u00e9 livr\u00e9s. Cette voiture est l&#8217;un de ces 4 000 exemplaires, ce qui la rend encore plus exclusive et mythique.<\/p>\n<p><strong>Int\u00e9rieur<\/strong><\/p>\n<p>Fini en cuir noir avec un tableau de bord en cuir, l&#8217;int\u00e9rieur de ce SLS AMG Roadster est en parfait \u00e9tat et ne pr\u00e9sente aucune trace d&#8217;utilisation. Les si\u00e8ges et les cartes de porte ne sont pas marqu\u00e9s ; toutes les caract\u00e9ristiques fonctionnent, de m\u00eame que le syst\u00e8me de navigation, le syst\u00e8me audio haut de gamme et les si\u00e8ges sport chauffants et \u00e0 commande \u00e9lectrique. Le toit d\u00e9capotable est dans un \u00e9tat neuf et s&#8217;ouvre et se ferme parfaitement.<\/p>\n<p><strong>Condition<\/strong><\/p>\n<p>Nous sommes toujours ravis de proposer des v\u00e9hicules dans un \u00e9tat neuf, et cette Mercedes SLS AMG Roadster 2012 en fait partie. Avec seulement 19 000 kilom\u00e8tres depuis l&#8217;achat, ce v\u00e9hicule a \u00e9t\u00e9 tr\u00e8s peu utilis\u00e9 par son premier et unique propri\u00e9taire et a parcouru en moyenne moins de 2000 km par an. Cela signifie qu&#8217;il est en parfait \u00e9tat m\u00e9canique et esth\u00e9tique, et qu&#8217;il est enti\u00e8rement d&#8217;origine. Le dernier grand entretien a \u00e9t\u00e9 effectu\u00e9 en 2018, et les freins ont \u00e9t\u00e9 r\u00e9vis\u00e9s tout r\u00e9cemment, en mars 2024. La voiture a \u00e9t\u00e9 m\u00e9ticuleusement entretenue par un concessionnaire Mercedes.<\/p>\n<p><strong>Ext\u00e9rieur et roues<\/strong><\/p>\n<p>Avec si peu de kilom\u00e8tres parcourus et un entretien obsessionnel, il n&#8217;est pas surprenant que la carrosserie soit comme neuve, sans rayures ni bosses. Finie dans une teinte argent\u00e9e classique de Mercedes (rappelant les voitures de course Silver Arrow), elle est superbe avec un int\u00e9rieur noir contrast\u00e9. Les jantes d&#8217;origine de 19 pouces sont pr\u00e9sentes, envelopp\u00e9es de gommes Continental ContiSport Contact performance (DOT 2017) utilis\u00e9es \u00e0 environ 50 %.<\/p>\n<p><strong>Documentation<\/strong><\/p>\n<p>Le concessionnaire vend ce v\u00e9hicule au nom du propri\u00e9taire d&#8217;origine, avec la documentation appropri\u00e9e, situ\u00e9 en Belgique. Le <a href=\"https:\/\/pistonaddict.com\/wp-content\/uploads\/2024\/03\/CarVerticalAMG.pdf\">rapport CarVertical<\/a> est propre, sans preuve d&#8217;accident, de r\u00e9paration d&#8217;accident, de propri\u00e9t\u00e9 ou de probl\u00e8mes juridiques. Il existe des registres d&#8217;entretien r\u00e9gulier et des re\u00e7us.<\/p>\n<p><strong>D\u00e9couvrez la vid\u00e9o du d\u00e9marrage \u00e0 froid de cet incroyable AMG SLS Roadster :<\/strong><\/p>\n<p><iframe title=\"Cold Start Video of the AMG SLS Roadster\" width=\"1200\" height=\"675\" src=\"https:\/\/www.youtube.com\/embed\/vjLjXYVelXI?feature=oembed\" frameborder=\"0\" allow=\"accelerometer; autoplay; clipboard-write; encrypted-media; gyroscope; picture-in-picture; web-share\" allowfullscreen><\/iframe><\/p>\n","protected":false},"excerpt":{"rendered":"<p>Parmi les classiques modernes de Stuttgart, rien n&#8217;\u00e9gale la Mercedes SLS AMG. Avec son design r\u00e9tro-futuriste, son puissant V8 de 6,2 litres \u00e0 l&#8217;avant et ses performances sublimes, la SLS est la voiture de sport Mercedes la plus recherch\u00e9e depuis l&#8217;original des ann\u00e9es 1950 qui a donn\u00e9 naissance \u00e0 la lign\u00e9e. Exquise \u00e0 tous points de vue, la SLS est une voiture rarement mise en vente, ce qui rend cet exemplaire \u00e0 faible kilom\u00e9trage, d&#8217;un seul propri\u00e9taire et pratiquement neuf, encore plus rare et unique.<\/p>\n","protected":false},"featured_media":95993,"comment_status":"open","ping_status":"closed","template":"","meta":{"inline_featured_image":false},"product_cat":[754],"product_tag":[3060,2774,3053,921],"acf":[],"yoast_head":"<!-- This site is optimized with the Yoast SEO plugin v22.5 - https:\/\/yoast.com\/wordpress\/plugins\/seo\/ -->\n<title>AMG SLS Roadster - Piston Addict<\/title>\n<meta name=\"robots\" content=\"index, follow, max-snippet:-1, max-image-preview:large, max-video-preview:-1\" \/>\n<link rel=\"canonical\" href=\"https:\/\/pistonaddict.com\/fr\/product\/amg-sls-roadster\/\" \/>\n<meta property=\"og:locale\" content=\"fr_FR\" \/>\n<meta property=\"og:type\" content=\"article\" \/>\n<meta property=\"og:title\" content=\"AMG SLS Roadster - Piston Addict\" \/>\n<meta property=\"og:description\" content=\"Parmi les classiques modernes de Stuttgart, rien n&#039;\u00e9gale la Mercedes SLS AMG. Avec son design r\u00e9tro-futuriste, son puissant V8 de 6,2 litres \u00e0 l&#039;avant et ses performances sublimes, la SLS est la voiture de sport Mercedes la plus recherch\u00e9e depuis l&#039;original des ann\u00e9es 1950 qui a donn\u00e9 naissance \u00e0 la lign\u00e9e. Exquise \u00e0 tous points de vue, la SLS est une voiture rarement mise en vente, ce qui rend cet exemplaire \u00e0 faible kilom\u00e9trage, d&#039;un seul propri\u00e9taire et pratiquement neuf, encore plus rare et unique.\" \/>\n<meta property=\"og:url\" content=\"https:\/\/pistonaddict.com\/fr\/product\/amg-sls-roadster\/\" \/>\n<meta property=\"og:site_name\" content=\"Piston Addict\" \/>\n<meta property=\"article:modified_time\" content=\"2024-03-27T13:06:48+00:00\" \/>\n<meta property=\"og:image\" content=\"https:\/\/pistonaddict.com\/wp-content\/uploads\/2024\/03\/1-scaled.jpg\" \/>\n\t<meta property=\"og:image:width\" content=\"2560\" \/>\n\t<meta property=\"og:image:height\" content=\"1527\" \/>\n\t<meta property=\"og:image:type\" content=\"image\/jpeg\" \/>\n<meta name=\"twitter:card\" content=\"summary_large_image\" \/>\n<meta name=\"twitter:label1\" content=\"Dur\u00e9e de lecture estim\u00e9e\" \/>\n\t<meta name=\"twitter:data1\" content=\"3 minutes\" \/>\n<script type=\"application\/ld+json\" class=\"yoast-schema-graph\">{\"@context\":\"https:\/\/schema.org\",\"@graph\":[{\"@type\":\"WebPage\",\"@id\":\"https:\/\/pistonaddict.com\/fr\/product\/amg-sls-roadster\/\",\"url\":\"https:\/\/pistonaddict.com\/fr\/product\/amg-sls-roadster\/\",\"name\":\"AMG SLS Roadster - Piston Addict\",\"isPartOf\":{\"@id\":\"https:\/\/pistonaddict.com\/fr\/#website\"},\"primaryImageOfPage\":{\"@id\":\"https:\/\/pistonaddict.com\/fr\/product\/amg-sls-roadster\/#primaryimage\"},\"image\":{\"@id\":\"https:\/\/pistonaddict.com\/fr\/product\/amg-sls-roadster\/#primaryimage\"},\"thumbnailUrl\":\"https:\/\/pistonaddict.com\/wp-content\/uploads\/2024\/03\/1-scaled.jpg\",\"datePublished\":\"2024-03-15T16:17:18+00:00\",\"dateModified\":\"2024-03-27T13:06:48+00:00\",\"breadcrumb\":{\"@id\":\"https:\/\/pistonaddict.com\/fr\/product\/amg-sls-roadster\/#breadcrumb\"},\"inLanguage\":\"fr-FR\",\"potentialAction\":[{\"@type\":\"ReadAction\",\"target\":[\"https:\/\/pistonaddict.com\/fr\/product\/amg-sls-roadster\/\"]}]},{\"@type\":\"ImageObject\",\"inLanguage\":\"fr-FR\",\"@id\":\"https:\/\/pistonaddict.com\/fr\/product\/amg-sls-roadster\/#primaryimage\",\"url\":\"https:\/\/pistonaddict.com\/wp-content\/uploads\/2024\/03\/1-scaled.jpg\",\"contentUrl\":\"https:\/\/pistonaddict.com\/wp-content\/uploads\/2024\/03\/1-scaled.jpg\",\"width\":2560,\"height\":1527},{\"@type\":\"BreadcrumbList\",\"@id\":\"https:\/\/pistonaddict.com\/fr\/product\/amg-sls-roadster\/#breadcrumb\",\"itemListElement\":[{\"@type\":\"ListItem\",\"position\":1,\"name\":\"Homepage\",\"item\":\"https:\/\/pistonaddict.com\/fr\/page-daccueil\/\"},{\"@type\":\"ListItem\",\"position\":2,\"name\":\"Auctions\",\"item\":\"https:\/\/pistonaddict.com\/auctions-listing\/\"},{\"@type\":\"ListItem\",\"position\":3,\"name\":\"AMG SLS Roadster\"}]},{\"@type\":\"WebSite\",\"@id\":\"https:\/\/pistonaddict.com\/fr\/#website\",\"url\":\"https:\/\/pistonaddict.com\/fr\/\",\"name\":\"Piston Addict\",\"description\":\"Only interesting vehicles\",\"publisher\":{\"@id\":\"https:\/\/pistonaddict.com\/fr\/#organization\"},\"potentialAction\":[{\"@type\":\"SearchAction\",\"target\":{\"@type\":\"EntryPoint\",\"urlTemplate\":\"https:\/\/pistonaddict.com\/fr\/?s={search_term_string}\"},\"query-input\":\"required name=search_term_string\"}],\"inLanguage\":\"fr-FR\"},{\"@type\":\"Organization\",\"@id\":\"https:\/\/pistonaddict.com\/fr\/#organization\",\"name\":\"Piston Addict\",\"url\":\"https:\/\/pistonaddict.com\/fr\/\",\"logo\":{\"@type\":\"ImageObject\",\"inLanguage\":\"fr-FR\",\"@id\":\"https:\/\/pistonaddict.com\/fr\/#\/schema\/logo\/image\/\",\"url\":\"https:\/\/pistonaddict.com\/wp-content\/uploads\/2022\/07\/logo-6.png\",\"contentUrl\":\"https:\/\/pistonaddict.com\/wp-content\/uploads\/2022\/07\/logo-6.png\",\"width\":970,\"height\":200,\"caption\":\"Piston Addict\"},\"image\":{\"@id\":\"https:\/\/pistonaddict.com\/fr\/#\/schema\/logo\/image\/\"}}]}<\/script>\n<!-- \/ Yoast SEO plugin. -->","yoast_head_json":{"title":"AMG SLS Roadster - Piston Addict","robots":{"index":"index","follow":"follow","max-snippet":"max-snippet:-1","max-image-preview":"max-image-preview:large","max-video-preview":"max-video-preview:-1"},"canonical":"https:\/\/pistonaddict.com\/fr\/product\/amg-sls-roadster\/","og_locale":"fr_FR","og_type":"article","og_title":"AMG SLS Roadster - Piston Addict","og_description":"Parmi les classiques modernes de Stuttgart, rien n'\u00e9gale la Mercedes SLS AMG. Avec son design r\u00e9tro-futuriste, son puissant V8 de 6,2 litres \u00e0 l'avant et ses performances sublimes, la SLS est la voiture de sport Mercedes la plus recherch\u00e9e depuis l'original des ann\u00e9es 1950 qui a donn\u00e9 naissance \u00e0 la lign\u00e9e. Exquise \u00e0 tous points de vue, la SLS est une voiture rarement mise en vente, ce qui rend cet exemplaire \u00e0 faible kilom\u00e9trage, d'un seul propri\u00e9taire et pratiquement neuf, encore plus rare et unique.","og_url":"https:\/\/pistonaddict.com\/fr\/product\/amg-sls-roadster\/","og_site_name":"Piston Addict","article_modified_time":"2024-03-27T13:06:48+00:00","og_image":[{"width":2560,"height":1527,"url":"https:\/\/pistonaddict.com\/wp-content\/uploads\/2024\/03\/1-scaled.jpg","type":"image\/jpeg"}],"twitter_card":"summary_large_image","twitter_misc":{"Dur\u00e9e de lecture estim\u00e9e":"3 minutes"},"schema":{"@context":"https:\/\/schema.org","@graph":[{"@type":"WebPage","@id":"https:\/\/pistonaddict.com\/fr\/product\/amg-sls-roadster\/","url":"https:\/\/pistonaddict.com\/fr\/product\/amg-sls-roadster\/","name":"AMG SLS Roadster - Piston Addict","isPartOf":{"@id":"https:\/\/pistonaddict.com\/fr\/#website"},"primaryImageOfPage":{"@id":"https:\/\/pistonaddict.com\/fr\/product\/amg-sls-roadster\/#primaryimage"},"image":{"@id":"https:\/\/pistonaddict.com\/fr\/product\/amg-sls-roadster\/#primaryimage"},"thumbnailUrl":"https:\/\/pistonaddict.com\/wp-content\/uploads\/2024\/03\/1-scaled.jpg","datePublished":"2024-03-15T16:17:18+00:00","dateModified":"2024-03-27T13:06:48+00:00","breadcrumb":{"@id":"https:\/\/pistonaddict.com\/fr\/product\/amg-sls-roadster\/#breadcrumb"},"inLanguage":"fr-FR","potentialAction":[{"@type":"ReadAction","target":["https:\/\/pistonaddict.com\/fr\/product\/amg-sls-roadster\/"]}]},{"@type":"ImageObject","inLanguage":"fr-FR","@id":"https:\/\/pistonaddict.com\/fr\/product\/amg-sls-roadster\/#primaryimage","url":"https:\/\/pistonaddict.com\/wp-content\/uploads\/2024\/03\/1-scaled.jpg","contentUrl":"https:\/\/pistonaddict.com\/wp-content\/uploads\/2024\/03\/1-scaled.jpg","width":2560,"height":1527},{"@type":"BreadcrumbList","@id":"https:\/\/pistonaddict.com\/fr\/product\/amg-sls-roadster\/#breadcrumb","itemListElement":[{"@type":"ListItem","position":1,"name":"Homepage","item":"https:\/\/pistonaddict.com\/fr\/page-daccueil\/"},{"@type":"ListItem","position":2,"name":"Auctions","item":"https:\/\/pistonaddict.com\/auctions-listing\/"},{"@type":"ListItem","position":3,"name":"AMG SLS Roadster"}]},{"@type":"WebSite","@id":"https:\/\/pistonaddict.com\/fr\/#website","url":"https:\/\/pistonaddict.com\/fr\/","name":"Piston Addict","description":"Only interesting vehicles","publisher":{"@id":"https:\/\/pistonaddict.com\/fr\/#organization"},"potentialAction":[{"@type":"SearchAction","target":{"@type":"EntryPoint","urlTemplate":"https:\/\/pistonaddict.com\/fr\/?s={search_term_string}"},"query-input":"required name=search_term_string"}],"inLanguage":"fr-FR"},{"@type":"Organization","@id":"https:\/\/pistonaddict.com\/fr\/#organization","name":"Piston Addict","url":"https:\/\/pistonaddict.com\/fr\/","logo":{"@type":"ImageObject","inLanguage":"fr-FR","@id":"https:\/\/pistonaddict.com\/fr\/#\/schema\/logo\/image\/","url":"https:\/\/pistonaddict.com\/wp-content\/uploads\/2022\/07\/logo-6.png","contentUrl":"https:\/\/pistonaddict.com\/wp-content\/uploads\/2022\/07\/logo-6.png","width":970,"height":200,"caption":"Piston Addict"},"image":{"@id":"https:\/\/pistonaddict.com\/fr\/#\/schema\/logo\/image\/"}}]}},"_links":{"self":[{"href":"https:\/\/pistonaddict.com\/fr\/wp-json\/wp\/v2\/product\/96714"}],"collection":[{"href":"https:\/\/pistonaddict.com\/fr\/wp-json\/wp\/v2\/product"}],"about":[{"href":"https:\/\/pistonaddict.com\/fr\/wp-json\/wp\/v2\/types\/product"}],"replies":[{"embeddable":true,"href":"https:\/\/pistonaddict.com\/fr\/wp-json\/wp\/v2\/comments?post=96714"}],"wp:featuredmedia":[{"embeddable":true,"href":"https:\/\/pistonaddict.com\/fr\/wp-json\/wp\/v2\/media\/95993"}],"wp:attachment":[{"href":"https:\/\/pistonaddict.com\/fr\/wp-json\/wp\/v2\/media?parent=96714"}],"wp:term":[{"taxonomy":"product_cat","embeddable":true,"href":"https:\/\/pistonaddict.com\/fr\/wp-json\/wp\/v2\/product_cat?post=96714"},{"taxonomy":"product_tag","embeddable":true,"href":"https:\/\/pistonaddict.com\/fr\/wp-json\/wp\/v2\/product_tag?post=96714"}],"curies":[{"name":"wp","href":"https:\/\/api.w.org\/{rel}","templated":true}]}}