{"id":94111,"date":"2024-02-28T13:52:28","date_gmt":"2024-02-28T12:52:28","guid":{"rendered":"https:\/\/pistonaddict.com\/product\/fisker-karma\/"},"modified":"2024-03-19T16:38:57","modified_gmt":"2024-03-19T15:38:57","slug":"fisker-karma","status":"publish","type":"product","link":"https:\/\/pistonaddict.com\/fr\/product\/fisker-karma\/","title":{"rendered":"Fisker Karma"},"content":{"rendered":"<h2>Ext\u00e9rieur<\/h2>\n<p>\u00c0 l&#8217;ext\u00e9rieur, en commen\u00e7ant par l&#8217;avant, la Karma pr\u00e9sente un nez bas avec de larges grilles et des phares au x\u00e9non allong\u00e9s, ce qui lui conf\u00e8re une allure agressive. Ce th\u00e8me se poursuit sur les c\u00f4t\u00e9s, o\u00f9 une silhouette muscl\u00e9e est domin\u00e9e par des ailes massives entourant des jantes de 22 pouces. \u00c0 l&#8217;arri\u00e8re de la supercar italienne, des d\u00e9tails tels que des feux arri\u00e8re \u00e9l\u00e9gants et des haut-parleurs \u00e0 l&#8217;endroit o\u00f9 l&#8217;on s&#8217;attendrait \u00e0 voir des embouts d&#8217;\u00e9chappement avec des capuchons chrom\u00e9s conf\u00e8rent \u00e0 la Karma une apparence routi\u00e8re unique.<\/p>\n<p>La voiture est peinte en bleu oc\u00e9an profond, qui est spectaculaire par temps clair, lorsque les rayons du soleil font ressortir son \u00e9clat. En ce qui concerne le soleil, la Karma est \u00e9quip\u00e9e de panneaux solaires int\u00e9gr\u00e9s au toit, ce qui signifie qu&#8217;elle peut se recharger simplement en \u00e9tant gar\u00e9e \u00e0 l&#8217;ext\u00e9rieur.<\/p>\n<h2>Int\u00e9rieur<\/h2>\n<p>Une fois \u00e0 l&#8217;int\u00e9rieur de la voiture, vous vous retrouverez derri\u00e8re un volant en cuir \u00e0 quatre branches encadrant un tableau de bord \u00e9pur\u00e9 et futuriste. Sur la gauche se trouve un compteur de vitesse allant jusqu&#8217;\u00e0 220 km\/h. Mais \u00e0 droite, au lieu d&#8217;un compte-tours, il y a un affichage de la capacit\u00e9 de la batterie et si elle est en cours de charge ou si l&#8217;\u00e9lectricit\u00e9 est utilis\u00e9e pour l&#8217;acc\u00e9l\u00e9ration. Le tableau de bord est \u00e9quip\u00e9 d&#8217;un \u00e9cran tactile qui sert de centre de commande pour la st\u00e9r\u00e9o, la navigation et la climatisation.<\/p>\n<p>L&#8217;ensemble de l&#8217;int\u00e9rieur est habill\u00e9 d&#8217;une combinaison de bois, de cuir et d&#8217;Alcantara souple, ce qui lui conf\u00e8re une sensation et un aspect exquis. L&#8217;une des choses qui attire l&#8217;attention est le tunnel central massif, qui est n\u00e9cessaire car c&#8217;est l\u00e0 que sont log\u00e9es les batteries.<\/p>\n<h2>M\u00e9canique<\/h2>\n<p>Aussi \u00e9tonnante que soit l&#8217;apparence int\u00e9rieure et ext\u00e9rieure de la Fisker, c&#8217;est sa m\u00e9canique qui est la plus impressionnante. Si vous ouvrez le capot, vous trouverez un moteur sous le capot, comme dans n&#8217;importe quelle autre voiture. Cependant, ce 4 cylindres turbocompress\u00e9 n&#8217;est pas utilis\u00e9 pour propulser les roues. Au lieu de cela, il agit comme un g\u00e9n\u00e9rateur qui charge les batteries lorsqu&#8217;elles ont besoin d&#8217;\u00eatre recharg\u00e9es.<\/p>\n<p>La voiture est propuls\u00e9e par deux moteurs \u00e9lectriques, qui fonctionnent par paires pour transmettre la puissance aux roues arri\u00e8re par l&#8217;interm\u00e9diaire d&#8217;un diff\u00e9rentiel \u00e0 glissement limit\u00e9. Cette combinaison permet d&#8217;obtenir une puissance de 409 chevaux et un couple de 1300 Nm, ce qui conf\u00e8re \u00e0 la Karma des performances \u00e0 la hauteur de son allure.<\/p>\n<p>Comme Fisker ne voulait pas que la voiture soit trop lourde, ce qui compromettrait la maniabilit\u00e9, les batteries et l&#8217;autonomie qui en r\u00e9sulte en mode tout \u00e9lectrique ne sont pas trop importantes. Lorsqu&#8217;elle est compl\u00e8tement charg\u00e9e, la Karma peut parcourir environ 80 kilom\u00e8tres en utilisant uniquement l&#8217;\u00e9lectricit\u00e9. Mais honn\u00eatement, cela est probablement plus que suffisant pour la plupart des trajets quotidiens, et il y a toujours un moteur \u00e0 essence comme g\u00e9n\u00e9rateur de secours.<\/p>\n<h2>Historique du v\u00e9hicule<\/h2>\n<p>Pour finir, quelques mots sur l&#8217;\u00e9tat de la Fisker, que le vendeur qualifie d&#8217;excellent. Et, pour \u00eatre honn\u00eate, les photos et la courte vid\u00e9o racontent la m\u00eame histoire. La voiture a \u00e9t\u00e9 r\u00e9vis\u00e9e pour la derni\u00e8re fois en novembre 2023 et ne pr\u00e9sente aucun d\u00e9faut, \u00e0 l&#8217;exception de l&#8217;avertissement de pression des pneus sur le tableau de bord. Apparemment, cela est d\u00fb au fait que le v\u00e9hicule est actuellement \u00e9quip\u00e9 de jantes Schmid de 21 pouces, alors que le syst\u00e8me TPMS est programm\u00e9 pour fonctionner avec les jantes d&#8217;\u00e9t\u00e9 de 22 pouces de l&#8217;\u00e9quipementier. Le propri\u00e9taire dit que la voiture peut \u00eatre recalibr\u00e9e pour qu&#8217;elle reconnaisse d&#8217;autres dimensions de pneus, mais il ne s&#8217;est pas donn\u00e9 la peine de le faire, car il conduit rarement sa voiture en hiver. En outre, tous les airbags ont \u00e9t\u00e9 remplac\u00e9s en 2022 dans le cadre d&#8217;un vaste rappel d&#8217;airbags Takata.<\/p>\n<p>Le fait qu&#8217;il s&#8217;agisse d&#8217;une voiture hybride \u00e9lectrique peut susciter des inqui\u00e9tudes quant \u00e0 l&#8217;\u00e9tat des batteries, dont le remplacement est tr\u00e8s co\u00fbteux. Mais, selon le vendeur, il n&#8217;y a pas lieu de s&#8217;inqui\u00e9ter, car la batterie a \u00e9t\u00e9 v\u00e9rifi\u00e9e par un technicien certifi\u00e9 Fisker Karma en ao\u00fbt 2023, qui a confirm\u00e9 qu&#8217;elle \u00e9tait toujours au maximum de ses performances. La voiture est livr\u00e9e avec son chargeur mobile d&#8217;origine, qui se connecte \u00e0 la prise 220 V, et un lecteur de code OBD2 manuel. L&#8217;inspection technique autrichienne a \u00e9t\u00e9 pass\u00e9e avec succ\u00e8s et est valable jusqu&#8217;en ao\u00fbt 2024.<\/p>\n<p>Une remarque concernant l&#8217;entretien futur : bien que le seul revendeur europ\u00e9en agr\u00e9\u00e9 se trouve aux Pays-Bas, il est possible de faire venir un sp\u00e9cialiste qualifi\u00e9 sur place, qui s&#8217;occupera de tout ce qui doit \u00eatre fait (\u00e0 condition que la r\u00e9paration puisse \u00eatre effectu\u00e9e sur place).<\/p>\n<p>Enfin, le vendeur, qui l&#8217;a achet\u00e9e en 2019, affirme que la voiture n&#8217;a jamais eu d&#8217;accident ni \u00e9t\u00e9 utilis\u00e9e sur circuit, ce qui peut \u00eatre confirm\u00e9 par le <a href=\"https:\/\/pistonaddict.com\/wp-content\/uploads\/2024\/02\/FiskerKarma.pdf\">rapport d&#8217;historique du v\u00e9hicule<\/a> correspondant. A noter \u00e9galement que le vendeur fournira le <a href=\"https:\/\/pistonaddict.com\/wp-content\/uploads\/2024\/02\/CoC1-rotated.jpg\">certificat de conformit\u00e9<\/a> si l&#8217;acheteur souhaite d\u00e9placer le v\u00e9hicule en dehors de l&#8217;Autriche, o\u00f9 cette Fisker est immatricul\u00e9e depuis le premier jour.<\/p>\n<p><strong><br \/>\nD\u00e9couvrez la vid\u00e9o du d\u00e9marrage \u00e0 froid de cette superbe Fisker Karma :<\/strong><\/p>\n<p><iframe title=\"Cold Start Video of the Fisker Karma\" width=\"1200\" height=\"675\" src=\"https:\/\/www.youtube.com\/embed\/Ct2_uFf2FEw?feature=oembed\" frameborder=\"0\" allow=\"accelerometer; autoplay; clipboard-write; encrypted-media; gyroscope; picture-in-picture; web-share\" allowfullscreen><\/iframe><\/p>\n","protected":false},"excerpt":{"rendered":"<p>Si vous recherchez une voiture de sport pouvant transporter quatre personnes et leurs bagages, vous avez l&#8217;embarras du choix. Mais si vous voulez quelque chose qui vous d\u00e9marque des mod\u00e8les classiques, alors vous pourriez aimer la Fisker Karma. Elle offre tous les avantages d&#8217;une voiture \u00e9lectrique sans les probl\u00e8mes d&#8217;autonomie et le poids suppl\u00e9mentaire qui leur sont g\u00e9n\u00e9ralement associ\u00e9s. De plus, toute cette technologie est envelopp\u00e9e dans une carrosserie \u00e0 l&#8217;allure spectaculaire. En vente ici, nous avons un mod\u00e8le 2012, vendu par le propri\u00e9taire et qui a parcouru 67 000 kilom\u00e8tres jusqu&#8217;\u00e0 pr\u00e9sent. Regardons de plus pr\u00e8s ce qu&#8217;il a \u00e0 offrir.<\/p>\n","protected":false},"featured_media":93019,"comment_status":"open","ping_status":"closed","template":"","meta":{"inline_featured_image":false},"product_cat":[754],"product_tag":[2774,3046,1795,1793,2984,921],"acf":[],"yoast_head":"<!-- This site is optimized with the Yoast SEO plugin v22.5 - https:\/\/yoast.com\/wordpress\/plugins\/seo\/ -->\n<title>Fisker Karma - Piston Addict<\/title>\n<meta name=\"robots\" content=\"index, follow, max-snippet:-1, max-image-preview:large, max-video-preview:-1\" \/>\n<link rel=\"canonical\" href=\"https:\/\/pistonaddict.com\/fr\/product\/fisker-karma\/\" \/>\n<meta property=\"og:locale\" content=\"fr_FR\" \/>\n<meta property=\"og:type\" content=\"article\" \/>\n<meta property=\"og:title\" content=\"Fisker Karma - Piston Addict\" \/>\n<meta property=\"og:description\" content=\"Si vous recherchez une voiture de sport pouvant transporter quatre personnes et leurs bagages, vous avez l&#039;embarras du choix. Mais si vous voulez quelque chose qui vous d\u00e9marque des mod\u00e8les classiques, alors vous pourriez aimer la Fisker Karma. Elle offre tous les avantages d&#039;une voiture \u00e9lectrique sans les probl\u00e8mes d&#039;autonomie et le poids suppl\u00e9mentaire qui leur sont g\u00e9n\u00e9ralement associ\u00e9s. De plus, toute cette technologie est envelopp\u00e9e dans une carrosserie \u00e0 l&#039;allure spectaculaire. En vente ici, nous avons un mod\u00e8le 2012, vendu par le propri\u00e9taire et qui a parcouru 67 000 kilom\u00e8tres jusqu&#039;\u00e0 pr\u00e9sent. Regardons de plus pr\u00e8s ce qu&#039;il a \u00e0 offrir.\" \/>\n<meta property=\"og:url\" content=\"https:\/\/pistonaddict.com\/fr\/product\/fisker-karma\/\" \/>\n<meta property=\"og:site_name\" content=\"Piston Addict\" \/>\n<meta property=\"article:modified_time\" content=\"2024-03-19T15:38:57+00:00\" \/>\n<meta property=\"og:image\" content=\"https:\/\/pistonaddict.com\/wp-content\/uploads\/2024\/02\/1.jpg\" \/>\n\t<meta property=\"og:image:width\" content=\"1280\" \/>\n\t<meta property=\"og:image:height\" content=\"960\" \/>\n\t<meta property=\"og:image:type\" content=\"image\/jpeg\" \/>\n<meta name=\"twitter:card\" content=\"summary_large_image\" \/>\n<meta name=\"twitter:label1\" content=\"Dur\u00e9e de lecture estim\u00e9e\" \/>\n\t<meta name=\"twitter:data1\" content=\"5 minutes\" \/>\n<script type=\"application\/ld+json\" class=\"yoast-schema-graph\">{\"@context\":\"https:\/\/schema.org\",\"@graph\":[{\"@type\":\"WebPage\",\"@id\":\"https:\/\/pistonaddict.com\/fr\/product\/fisker-karma\/\",\"url\":\"https:\/\/pistonaddict.com\/fr\/product\/fisker-karma\/\",\"name\":\"Fisker Karma - Piston Addict\",\"isPartOf\":{\"@id\":\"https:\/\/pistonaddict.com\/fr\/#website\"},\"primaryImageOfPage\":{\"@id\":\"https:\/\/pistonaddict.com\/fr\/product\/fisker-karma\/#primaryimage\"},\"image\":{\"@id\":\"https:\/\/pistonaddict.com\/fr\/product\/fisker-karma\/#primaryimage\"},\"thumbnailUrl\":\"https:\/\/pistonaddict.com\/wp-content\/uploads\/2024\/02\/1.jpg\",\"datePublished\":\"2024-02-28T12:52:28+00:00\",\"dateModified\":\"2024-03-19T15:38:57+00:00\",\"breadcrumb\":{\"@id\":\"https:\/\/pistonaddict.com\/fr\/product\/fisker-karma\/#breadcrumb\"},\"inLanguage\":\"fr-FR\",\"potentialAction\":[{\"@type\":\"ReadAction\",\"target\":[\"https:\/\/pistonaddict.com\/fr\/product\/fisker-karma\/\"]}]},{\"@type\":\"ImageObject\",\"inLanguage\":\"fr-FR\",\"@id\":\"https:\/\/pistonaddict.com\/fr\/product\/fisker-karma\/#primaryimage\",\"url\":\"https:\/\/pistonaddict.com\/wp-content\/uploads\/2024\/02\/1.jpg\",\"contentUrl\":\"https:\/\/pistonaddict.com\/wp-content\/uploads\/2024\/02\/1.jpg\",\"width\":1280,\"height\":960},{\"@type\":\"BreadcrumbList\",\"@id\":\"https:\/\/pistonaddict.com\/fr\/product\/fisker-karma\/#breadcrumb\",\"itemListElement\":[{\"@type\":\"ListItem\",\"position\":1,\"name\":\"Homepage\",\"item\":\"https:\/\/pistonaddict.com\/fr\/page-daccueil\/\"},{\"@type\":\"ListItem\",\"position\":2,\"name\":\"Auctions\",\"item\":\"https:\/\/pistonaddict.com\/auctions-listing\/\"},{\"@type\":\"ListItem\",\"position\":3,\"name\":\"Fisker Karma\"}]},{\"@type\":\"WebSite\",\"@id\":\"https:\/\/pistonaddict.com\/fr\/#website\",\"url\":\"https:\/\/pistonaddict.com\/fr\/\",\"name\":\"Piston Addict\",\"description\":\"Only interesting vehicles\",\"publisher\":{\"@id\":\"https:\/\/pistonaddict.com\/fr\/#organization\"},\"potentialAction\":[{\"@type\":\"SearchAction\",\"target\":{\"@type\":\"EntryPoint\",\"urlTemplate\":\"https:\/\/pistonaddict.com\/fr\/?s={search_term_string}\"},\"query-input\":\"required name=search_term_string\"}],\"inLanguage\":\"fr-FR\"},{\"@type\":\"Organization\",\"@id\":\"https:\/\/pistonaddict.com\/fr\/#organization\",\"name\":\"Piston Addict\",\"url\":\"https:\/\/pistonaddict.com\/fr\/\",\"logo\":{\"@type\":\"ImageObject\",\"inLanguage\":\"fr-FR\",\"@id\":\"https:\/\/pistonaddict.com\/fr\/#\/schema\/logo\/image\/\",\"url\":\"https:\/\/pistonaddict.com\/wp-content\/uploads\/2022\/07\/logo-6.png\",\"contentUrl\":\"https:\/\/pistonaddict.com\/wp-content\/uploads\/2022\/07\/logo-6.png\",\"width\":970,\"height\":200,\"caption\":\"Piston Addict\"},\"image\":{\"@id\":\"https:\/\/pistonaddict.com\/fr\/#\/schema\/logo\/image\/\"}}]}<\/script>\n<!-- \/ Yoast SEO plugin. -->","yoast_head_json":{"title":"Fisker Karma - Piston Addict","robots":{"index":"index","follow":"follow","max-snippet":"max-snippet:-1","max-image-preview":"max-image-preview:large","max-video-preview":"max-video-preview:-1"},"canonical":"https:\/\/pistonaddict.com\/fr\/product\/fisker-karma\/","og_locale":"fr_FR","og_type":"article","og_title":"Fisker Karma - Piston Addict","og_description":"Si vous recherchez une voiture de sport pouvant transporter quatre personnes et leurs bagages, vous avez l'embarras du choix. Mais si vous voulez quelque chose qui vous d\u00e9marque des mod\u00e8les classiques, alors vous pourriez aimer la Fisker Karma. Elle offre tous les avantages d'une voiture \u00e9lectrique sans les probl\u00e8mes d'autonomie et le poids suppl\u00e9mentaire qui leur sont g\u00e9n\u00e9ralement associ\u00e9s. De plus, toute cette technologie est envelopp\u00e9e dans une carrosserie \u00e0 l'allure spectaculaire. En vente ici, nous avons un mod\u00e8le 2012, vendu par le propri\u00e9taire et qui a parcouru 67 000 kilom\u00e8tres jusqu'\u00e0 pr\u00e9sent. Regardons de plus pr\u00e8s ce qu'il a \u00e0 offrir.","og_url":"https:\/\/pistonaddict.com\/fr\/product\/fisker-karma\/","og_site_name":"Piston Addict","article_modified_time":"2024-03-19T15:38:57+00:00","og_image":[{"width":1280,"height":960,"url":"https:\/\/pistonaddict.com\/wp-content\/uploads\/2024\/02\/1.jpg","type":"image\/jpeg"}],"twitter_card":"summary_large_image","twitter_misc":{"Dur\u00e9e de lecture estim\u00e9e":"5 minutes"},"schema":{"@context":"https:\/\/schema.org","@graph":[{"@type":"WebPage","@id":"https:\/\/pistonaddict.com\/fr\/product\/fisker-karma\/","url":"https:\/\/pistonaddict.com\/fr\/product\/fisker-karma\/","name":"Fisker Karma - Piston Addict","isPartOf":{"@id":"https:\/\/pistonaddict.com\/fr\/#website"},"primaryImageOfPage":{"@id":"https:\/\/pistonaddict.com\/fr\/product\/fisker-karma\/#primaryimage"},"image":{"@id":"https:\/\/pistonaddict.com\/fr\/product\/fisker-karma\/#primaryimage"},"thumbnailUrl":"https:\/\/pistonaddict.com\/wp-content\/uploads\/2024\/02\/1.jpg","datePublished":"2024-02-28T12:52:28+00:00","dateModified":"2024-03-19T15:38:57+00:00","breadcrumb":{"@id":"https:\/\/pistonaddict.com\/fr\/product\/fisker-karma\/#breadcrumb"},"inLanguage":"fr-FR","potentialAction":[{"@type":"ReadAction","target":["https:\/\/pistonaddict.com\/fr\/product\/fisker-karma\/"]}]},{"@type":"ImageObject","inLanguage":"fr-FR","@id":"https:\/\/pistonaddict.com\/fr\/product\/fisker-karma\/#primaryimage","url":"https:\/\/pistonaddict.com\/wp-content\/uploads\/2024\/02\/1.jpg","contentUrl":"https:\/\/pistonaddict.com\/wp-content\/uploads\/2024\/02\/1.jpg","width":1280,"height":960},{"@type":"BreadcrumbList","@id":"https:\/\/pistonaddict.com\/fr\/product\/fisker-karma\/#breadcrumb","itemListElement":[{"@type":"ListItem","position":1,"name":"Homepage","item":"https:\/\/pistonaddict.com\/fr\/page-daccueil\/"},{"@type":"ListItem","position":2,"name":"Auctions","item":"https:\/\/pistonaddict.com\/auctions-listing\/"},{"@type":"ListItem","position":3,"name":"Fisker Karma"}]},{"@type":"WebSite","@id":"https:\/\/pistonaddict.com\/fr\/#website","url":"https:\/\/pistonaddict.com\/fr\/","name":"Piston Addict","description":"Only interesting vehicles","publisher":{"@id":"https:\/\/pistonaddict.com\/fr\/#organization"},"potentialAction":[{"@type":"SearchAction","target":{"@type":"EntryPoint","urlTemplate":"https:\/\/pistonaddict.com\/fr\/?s={search_term_string}"},"query-input":"required name=search_term_string"}],"inLanguage":"fr-FR"},{"@type":"Organization","@id":"https:\/\/pistonaddict.com\/fr\/#organization","name":"Piston Addict","url":"https:\/\/pistonaddict.com\/fr\/","logo":{"@type":"ImageObject","inLanguage":"fr-FR","@id":"https:\/\/pistonaddict.com\/fr\/#\/schema\/logo\/image\/","url":"https:\/\/pistonaddict.com\/wp-content\/uploads\/2022\/07\/logo-6.png","contentUrl":"https:\/\/pistonaddict.com\/wp-content\/uploads\/2022\/07\/logo-6.png","width":970,"height":200,"caption":"Piston Addict"},"image":{"@id":"https:\/\/pistonaddict.com\/fr\/#\/schema\/logo\/image\/"}}]}},"_links":{"self":[{"href":"https:\/\/pistonaddict.com\/fr\/wp-json\/wp\/v2\/product\/94111"}],"collection":[{"href":"https:\/\/pistonaddict.com\/fr\/wp-json\/wp\/v2\/product"}],"about":[{"href":"https:\/\/pistonaddict.com\/fr\/wp-json\/wp\/v2\/types\/product"}],"replies":[{"embeddable":true,"href":"https:\/\/pistonaddict.com\/fr\/wp-json\/wp\/v2\/comments?post=94111"}],"wp:featuredmedia":[{"embeddable":true,"href":"https:\/\/pistonaddict.com\/fr\/wp-json\/wp\/v2\/media\/93019"}],"wp:attachment":[{"href":"https:\/\/pistonaddict.com\/fr\/wp-json\/wp\/v2\/media?parent=94111"}],"wp:term":[{"taxonomy":"product_cat","embeddable":true,"href":"https:\/\/pistonaddict.com\/fr\/wp-json\/wp\/v2\/product_cat?post=94111"},{"taxonomy":"product_tag","embeddable":true,"href":"https:\/\/pistonaddict.com\/fr\/wp-json\/wp\/v2\/product_tag?post=94111"}],"curies":[{"name":"wp","href":"https:\/\/api.w.org\/{rel}","templated":true}]}}