{"id":92874,"date":"2024-02-23T14:19:05","date_gmt":"2024-02-23T13:19:05","guid":{"rendered":"https:\/\/pistonaddict.com\/product\/volkswagen-1303-coccinelle-decapotable-triple-blanc\/"},"modified":"2024-03-20T09:46:56","modified_gmt":"2024-03-20T08:46:56","slug":"volkswagen-1303-cabriolet-triple-blanc-coccinelle","status":"publish","type":"product","link":"https:\/\/pistonaddict.com\/fr\/product\/volkswagen-1303-cabriolet-triple-blanc-coccinelle\/","title":{"rendered":"Volkswagen 1303 Coccinelle d\u00e9capotable triple blanc"},"content":{"rendered":"<p>Si la Volkswagen Beetle standard \u00e9tait un mod\u00e8le \u00e9conomique qui mettait le monde sur roues, sa version d\u00e9capotable a toujours \u00e9t\u00e9 la plus haut de gamme et la plus prestigieuse. Tout d&#8217;abord, il a \u00e9t\u00e9 produit par le c\u00e9l\u00e8bre carrossier Karmann et comportait de nombreuses modifications par rapport au mod\u00e8le standard. Il ne s&#8217;agissait pas seulement d&#8217;une Coccinelle d\u00e9capotable, mais d&#8217;une voiture compl\u00e8tement diff\u00e9rente, avec des am\u00e9liorations au niveau du ch\u00e2ssis, des portes, des pare-brise et des panneaux sp\u00e9cifiques. Vers la fin d&#8217;une longue p\u00e9riode de production, la Volkswagen Coccinelle Cabriolet a re\u00e7u un moteur am\u00e9lior\u00e9, des freins \u00e0 disque avant et d&#8217;autres \u00e9quipements, ce qui en fait un v\u00e9hicule de croisi\u00e8re \u00e0 toit ouvert plus performant et plus comp\u00e9tent. Aujourd&#8217;hui, nous sommes fiers de vous pr\u00e9senter une telle voiture. Une Volkswagen 1303 d\u00e9capotable de 1979, dans une combinaison unique de trois couleurs blanches, avec un moteur \u00e0 injection de 1,6 litre et en parfait \u00e9tat d&#8217;origine. Vendues \u00e0 l&#8217;origine aux \u00c9tats-Unis, ces Coccinelles d\u00e9capotables du dernier mod\u00e8le ont \u00e9t\u00e9 commercialis\u00e9es sous le nom de Super Beetle et comptent parmi les exemplaires les plus recherch\u00e9s en raison de leur meilleur \u00e9quipement et de leur moteur de 48 ch, avec une vitesse de pointe de 130 km\/h (82 mph). Cette voiture a \u00e9t\u00e9 produite en d\u00e9cembre 1979, ce qui en fait l&#8217;une des toutes derni\u00e8res Coccinelles d\u00e9capotables, dont la production s&#8217;est achev\u00e9e au d\u00e9but de l&#8217;ann\u00e9e 1980. Volkswagen n&#8217;a vendu que 4 572 cabriolets 1303 en 1980, dont tr\u00e8s peu en Tripple-White, et celui-ci est l&#8217;un d&#8217;entre eux. Ces mod\u00e8les r\u00e9cents pr\u00e9sentent plusieurs caract\u00e9ristiques de conception uniques qui les rendent encore plus pratiques et agr\u00e9ables. Par exemple, un coffre \u00e0 bagages avant plus grand et un pare-brise l\u00e9g\u00e8rement incurv\u00e9 r\u00e9duisent le bruit du vent, principalement lorsque le v\u00e9hicule est conduit avec le toit abaiss\u00e9.<\/p>\n<p><strong>Int\u00e9rieur<\/strong><\/p>\n<p>Les si\u00e8ges en vinyle blanc sont en excellent \u00e9tat et l&#8217;int\u00e9rieur de cette Coccinelle accrocheuse est enti\u00e8rement d&#8217;origine. Avec un tableau de bord garni de bois, un volant unique et une ergonomie am\u00e9lior\u00e9e, il s&#8217;agit de l&#8217;environnement de conduite le plus haut de gamme de toutes les Coccinelles classiques. Le tableau de bord n&#8217;est pas fissur\u00e9 ; le syst\u00e8me audio a le charme des cassettes Blaupunkt des ann\u00e9es 80.<\/p>\n<p><strong>\u00c9tat de la voiture<\/strong><\/p>\n<p>Avec seulement 94 000 kilom\u00e8tres et deux propri\u00e9taires attentifs, ce cabriolet 1303 a b\u00e9n\u00e9fici\u00e9 d&#8217;une restauration et a conserv\u00e9 le moteur et la transmission d&#8217;origine. L&#8217;\u00e9tat g\u00e9n\u00e9ral est proche de la perfection, tout fonctionne et il n&#8217;y a pas de taches de rouille ni de d\u00e9coloration. Le dernier entretien a \u00e9t\u00e9 effectu\u00e9 en octobre 2023 et la voiture a pass\u00e9 sans probl\u00e8me le contr\u00f4le technique annuel de 2024. Sur les voitures de ce type, le toit en vinyle est souvent probl\u00e9matique, mais nous sommes heureux de constater qu&#8217;il est en parfait \u00e9tat, sans d\u00e9chirures ni fuites. Le ch\u00e2ssis est aussi propre que la carrosserie, sans aucun probl\u00e8me de rouille. La voiture a \u00e9t\u00e9 restaur\u00e9e professionnellement aux normes les plus \u00e9lev\u00e9es avec des pi\u00e8ces d&#8217;origine et entretenue par un sp\u00e9cialiste VW. Depuis la restauration, le v\u00e9hicule a \u00e9t\u00e9 conserv\u00e9 dans un garage climatis\u00e9.<\/p>\n<p><strong>Ext\u00e9rieur et roues<\/strong><\/p>\n<p>La couleur blanche caract\u00e9ristique est en parfait \u00e9tat, et le sch\u00e9ma de couleurs triple blanc est original et rare. Les roues sont des mod\u00e8les d&#8217;origine de 15 pouces avec des enjoliveurs chrom\u00e9s envelopp\u00e9s dans des gommes neuves (DOT 2023) et de taille appropri\u00e9e (175\/70\/R15).<\/p>\n<p><strong>Documentation<\/strong><\/p>\n<p>Le vendeur priv\u00e9 vend ce v\u00e9hicule avec la documentation appropri\u00e9e aux Pays-Bas. Le <strong>contr\u00f4le technique n\u00e9erlandais (APK) est valable jusqu&#8217;en ao\u00fbt 2024<\/strong>. Il existe des registres d&#8217;entretien r\u00e9gulier, des factures de vente et des re\u00e7us. La documentation comprend le titre de propri\u00e9t\u00e9 d&#8217;origine, les brochures, l&#8217;<a href=\"https:\/\/pistonaddict.com\/wp-content\/uploads\/2024\/02\/Zertificat.pdf\" target=\"blank\" rel=\"noopener\">expertise VW classic<\/a> et les papiers d&#8217;immatriculation. Il n&#8217;y a pas de garantie d&#8217;usine pour ce mod\u00e8le.<\/p>\n<p><strong><br \/>\nD\u00e9couvrez la vid\u00e9o du d\u00e9marrage \u00e0 froid de ce magnifique cabriolet Beetle Triple White :<\/strong><\/p>\n<p>&nbsp;<\/p>\n<p><iframe title=\"Cold Start Video of the Volkswagen Coccinelle\/Beetle Cabriolet 1.6 Triple White\" width=\"1200\" height=\"675\" src=\"https:\/\/www.youtube.com\/embed\/G0rjRvyjhRo?feature=oembed\" frameborder=\"0\" allow=\"accelerometer; autoplay; clipboard-write; encrypted-media; gyroscope; picture-in-picture; web-share\" allowfullscreen><\/iframe><\/p>\n<p><strong> <\/strong><\/p>\n","protected":false},"excerpt":{"rendered":"<p>La Coccinelle \u00e9ponyme de Volkswagen a \u00e9t\u00e9 l&#8217;une des voitures embl\u00e9matiques du 20e si\u00e8cle et reste l&#8217;un des meilleurs classiques de d\u00e9marrage. Mais sa version d\u00e9capotable est beaucoup plus rare, plus cool et parfaite pour les balades c\u00f4ti\u00e8res en plein air, avec une bande-son de quatre cylindres \u00e0 plat incomparable. Si les lignes classiques de la Coccinelle vous s\u00e9duisent, mais que vous recherchez une voiture plus maniable et plus puissante, c&#8217;est la voiture qu&#8217;il vous faut. Un cabriolet 1303 plus d\u00e9sirable, plus r\u00e9cent, avec un moteur plus puissant et \u00e0 injection, pr\u00eat pour la saison estivale.<\/p>\n","protected":false},"featured_media":92682,"comment_status":"open","ping_status":"closed","template":"","meta":{"inline_featured_image":false},"product_cat":[754],"product_tag":[2954,950,2953],"acf":[],"yoast_head":"<!-- This site is optimized with the Yoast SEO plugin v22.5 - https:\/\/yoast.com\/wordpress\/plugins\/seo\/ -->\n<title>Volkswagen 1303 Coccinelle d\u00e9capotable triple blanc - Piston Addict<\/title>\n<meta name=\"robots\" content=\"index, follow, max-snippet:-1, max-image-preview:large, max-video-preview:-1\" \/>\n<link rel=\"canonical\" href=\"https:\/\/pistonaddict.com\/fr\/product\/volkswagen-1303-cabriolet-triple-blanc-coccinelle\/\" \/>\n<meta property=\"og:locale\" content=\"fr_FR\" \/>\n<meta property=\"og:type\" content=\"article\" \/>\n<meta property=\"og:title\" content=\"Volkswagen 1303 Coccinelle d\u00e9capotable triple blanc - Piston Addict\" \/>\n<meta property=\"og:description\" content=\"La Coccinelle \u00e9ponyme de Volkswagen a \u00e9t\u00e9 l&#039;une des voitures embl\u00e9matiques du 20e si\u00e8cle et reste l&#039;un des meilleurs classiques de d\u00e9marrage. Mais sa version d\u00e9capotable est beaucoup plus rare, plus cool et parfaite pour les balades c\u00f4ti\u00e8res en plein air, avec une bande-son de quatre cylindres \u00e0 plat incomparable. Si les lignes classiques de la Coccinelle vous s\u00e9duisent, mais que vous recherchez une voiture plus maniable et plus puissante, c&#039;est la voiture qu&#039;il vous faut. Un cabriolet 1303 plus d\u00e9sirable, plus r\u00e9cent, avec un moteur plus puissant et \u00e0 injection, pr\u00eat pour la saison estivale.\" \/>\n<meta property=\"og:url\" content=\"https:\/\/pistonaddict.com\/fr\/product\/volkswagen-1303-cabriolet-triple-blanc-coccinelle\/\" \/>\n<meta property=\"og:site_name\" content=\"Piston Addict\" \/>\n<meta property=\"article:modified_time\" content=\"2024-03-20T08:46:56+00:00\" \/>\n<meta property=\"og:image\" content=\"https:\/\/pistonaddict.com\/wp-content\/uploads\/2024\/02\/b2c02738-a5a6-4266-893c-b51da700edcd-1.jpg\" \/>\n\t<meta property=\"og:image:width\" content=\"1600\" \/>\n\t<meta property=\"og:image:height\" content=\"1200\" \/>\n\t<meta property=\"og:image:type\" content=\"image\/jpeg\" \/>\n<meta name=\"twitter:card\" content=\"summary_large_image\" \/>\n<meta name=\"twitter:label1\" content=\"Dur\u00e9e de lecture estim\u00e9e\" \/>\n\t<meta name=\"twitter:data1\" content=\"4 minutes\" \/>\n<script type=\"application\/ld+json\" class=\"yoast-schema-graph\">{\"@context\":\"https:\/\/schema.org\",\"@graph\":[{\"@type\":\"WebPage\",\"@id\":\"https:\/\/pistonaddict.com\/fr\/product\/volkswagen-1303-cabriolet-triple-blanc-coccinelle\/\",\"url\":\"https:\/\/pistonaddict.com\/fr\/product\/volkswagen-1303-cabriolet-triple-blanc-coccinelle\/\",\"name\":\"Volkswagen 1303 Coccinelle d\u00e9capotable triple blanc - Piston Addict\",\"isPartOf\":{\"@id\":\"https:\/\/pistonaddict.com\/fr\/#website\"},\"primaryImageOfPage\":{\"@id\":\"https:\/\/pistonaddict.com\/fr\/product\/volkswagen-1303-cabriolet-triple-blanc-coccinelle\/#primaryimage\"},\"image\":{\"@id\":\"https:\/\/pistonaddict.com\/fr\/product\/volkswagen-1303-cabriolet-triple-blanc-coccinelle\/#primaryimage\"},\"thumbnailUrl\":\"https:\/\/pistonaddict.com\/wp-content\/uploads\/2024\/02\/b2c02738-a5a6-4266-893c-b51da700edcd-1.jpg\",\"datePublished\":\"2024-02-23T13:19:05+00:00\",\"dateModified\":\"2024-03-20T08:46:56+00:00\",\"breadcrumb\":{\"@id\":\"https:\/\/pistonaddict.com\/fr\/product\/volkswagen-1303-cabriolet-triple-blanc-coccinelle\/#breadcrumb\"},\"inLanguage\":\"fr-FR\",\"potentialAction\":[{\"@type\":\"ReadAction\",\"target\":[\"https:\/\/pistonaddict.com\/fr\/product\/volkswagen-1303-cabriolet-triple-blanc-coccinelle\/\"]}]},{\"@type\":\"ImageObject\",\"inLanguage\":\"fr-FR\",\"@id\":\"https:\/\/pistonaddict.com\/fr\/product\/volkswagen-1303-cabriolet-triple-blanc-coccinelle\/#primaryimage\",\"url\":\"https:\/\/pistonaddict.com\/wp-content\/uploads\/2024\/02\/b2c02738-a5a6-4266-893c-b51da700edcd-1.jpg\",\"contentUrl\":\"https:\/\/pistonaddict.com\/wp-content\/uploads\/2024\/02\/b2c02738-a5a6-4266-893c-b51da700edcd-1.jpg\",\"width\":1600,\"height\":1200},{\"@type\":\"BreadcrumbList\",\"@id\":\"https:\/\/pistonaddict.com\/fr\/product\/volkswagen-1303-cabriolet-triple-blanc-coccinelle\/#breadcrumb\",\"itemListElement\":[{\"@type\":\"ListItem\",\"position\":1,\"name\":\"Homepage\",\"item\":\"https:\/\/pistonaddict.com\/fr\/page-daccueil\/\"},{\"@type\":\"ListItem\",\"position\":2,\"name\":\"Auctions\",\"item\":\"https:\/\/pistonaddict.com\/auctions-listing\/\"},{\"@type\":\"ListItem\",\"position\":3,\"name\":\"Volkswagen 1303 Coccinelle d\u00e9capotable triple blanc\"}]},{\"@type\":\"WebSite\",\"@id\":\"https:\/\/pistonaddict.com\/fr\/#website\",\"url\":\"https:\/\/pistonaddict.com\/fr\/\",\"name\":\"Piston Addict\",\"description\":\"Only interesting vehicles\",\"publisher\":{\"@id\":\"https:\/\/pistonaddict.com\/fr\/#organization\"},\"potentialAction\":[{\"@type\":\"SearchAction\",\"target\":{\"@type\":\"EntryPoint\",\"urlTemplate\":\"https:\/\/pistonaddict.com\/fr\/?s={search_term_string}\"},\"query-input\":\"required name=search_term_string\"}],\"inLanguage\":\"fr-FR\"},{\"@type\":\"Organization\",\"@id\":\"https:\/\/pistonaddict.com\/fr\/#organization\",\"name\":\"Piston Addict\",\"url\":\"https:\/\/pistonaddict.com\/fr\/\",\"logo\":{\"@type\":\"ImageObject\",\"inLanguage\":\"fr-FR\",\"@id\":\"https:\/\/pistonaddict.com\/fr\/#\/schema\/logo\/image\/\",\"url\":\"https:\/\/pistonaddict.com\/wp-content\/uploads\/2022\/07\/logo-6.png\",\"contentUrl\":\"https:\/\/pistonaddict.com\/wp-content\/uploads\/2022\/07\/logo-6.png\",\"width\":970,\"height\":200,\"caption\":\"Piston Addict\"},\"image\":{\"@id\":\"https:\/\/pistonaddict.com\/fr\/#\/schema\/logo\/image\/\"}}]}<\/script>\n<!-- \/ Yoast SEO plugin. -->","yoast_head_json":{"title":"Volkswagen 1303 Coccinelle d\u00e9capotable triple blanc - Piston Addict","robots":{"index":"index","follow":"follow","max-snippet":"max-snippet:-1","max-image-preview":"max-image-preview:large","max-video-preview":"max-video-preview:-1"},"canonical":"https:\/\/pistonaddict.com\/fr\/product\/volkswagen-1303-cabriolet-triple-blanc-coccinelle\/","og_locale":"fr_FR","og_type":"article","og_title":"Volkswagen 1303 Coccinelle d\u00e9capotable triple blanc - Piston Addict","og_description":"La Coccinelle \u00e9ponyme de Volkswagen a \u00e9t\u00e9 l'une des voitures embl\u00e9matiques du 20e si\u00e8cle et reste l'un des meilleurs classiques de d\u00e9marrage. Mais sa version d\u00e9capotable est beaucoup plus rare, plus cool et parfaite pour les balades c\u00f4ti\u00e8res en plein air, avec une bande-son de quatre cylindres \u00e0 plat incomparable. Si les lignes classiques de la Coccinelle vous s\u00e9duisent, mais que vous recherchez une voiture plus maniable et plus puissante, c'est la voiture qu'il vous faut. Un cabriolet 1303 plus d\u00e9sirable, plus r\u00e9cent, avec un moteur plus puissant et \u00e0 injection, pr\u00eat pour la saison estivale.","og_url":"https:\/\/pistonaddict.com\/fr\/product\/volkswagen-1303-cabriolet-triple-blanc-coccinelle\/","og_site_name":"Piston Addict","article_modified_time":"2024-03-20T08:46:56+00:00","og_image":[{"width":1600,"height":1200,"url":"https:\/\/pistonaddict.com\/wp-content\/uploads\/2024\/02\/b2c02738-a5a6-4266-893c-b51da700edcd-1.jpg","type":"image\/jpeg"}],"twitter_card":"summary_large_image","twitter_misc":{"Dur\u00e9e de lecture estim\u00e9e":"4 minutes"},"schema":{"@context":"https:\/\/schema.org","@graph":[{"@type":"WebPage","@id":"https:\/\/pistonaddict.com\/fr\/product\/volkswagen-1303-cabriolet-triple-blanc-coccinelle\/","url":"https:\/\/pistonaddict.com\/fr\/product\/volkswagen-1303-cabriolet-triple-blanc-coccinelle\/","name":"Volkswagen 1303 Coccinelle d\u00e9capotable triple blanc - Piston Addict","isPartOf":{"@id":"https:\/\/pistonaddict.com\/fr\/#website"},"primaryImageOfPage":{"@id":"https:\/\/pistonaddict.com\/fr\/product\/volkswagen-1303-cabriolet-triple-blanc-coccinelle\/#primaryimage"},"image":{"@id":"https:\/\/pistonaddict.com\/fr\/product\/volkswagen-1303-cabriolet-triple-blanc-coccinelle\/#primaryimage"},"thumbnailUrl":"https:\/\/pistonaddict.com\/wp-content\/uploads\/2024\/02\/b2c02738-a5a6-4266-893c-b51da700edcd-1.jpg","datePublished":"2024-02-23T13:19:05+00:00","dateModified":"2024-03-20T08:46:56+00:00","breadcrumb":{"@id":"https:\/\/pistonaddict.com\/fr\/product\/volkswagen-1303-cabriolet-triple-blanc-coccinelle\/#breadcrumb"},"inLanguage":"fr-FR","potentialAction":[{"@type":"ReadAction","target":["https:\/\/pistonaddict.com\/fr\/product\/volkswagen-1303-cabriolet-triple-blanc-coccinelle\/"]}]},{"@type":"ImageObject","inLanguage":"fr-FR","@id":"https:\/\/pistonaddict.com\/fr\/product\/volkswagen-1303-cabriolet-triple-blanc-coccinelle\/#primaryimage","url":"https:\/\/pistonaddict.com\/wp-content\/uploads\/2024\/02\/b2c02738-a5a6-4266-893c-b51da700edcd-1.jpg","contentUrl":"https:\/\/pistonaddict.com\/wp-content\/uploads\/2024\/02\/b2c02738-a5a6-4266-893c-b51da700edcd-1.jpg","width":1600,"height":1200},{"@type":"BreadcrumbList","@id":"https:\/\/pistonaddict.com\/fr\/product\/volkswagen-1303-cabriolet-triple-blanc-coccinelle\/#breadcrumb","itemListElement":[{"@type":"ListItem","position":1,"name":"Homepage","item":"https:\/\/pistonaddict.com\/fr\/page-daccueil\/"},{"@type":"ListItem","position":2,"name":"Auctions","item":"https:\/\/pistonaddict.com\/auctions-listing\/"},{"@type":"ListItem","position":3,"name":"Volkswagen 1303 Coccinelle d\u00e9capotable triple blanc"}]},{"@type":"WebSite","@id":"https:\/\/pistonaddict.com\/fr\/#website","url":"https:\/\/pistonaddict.com\/fr\/","name":"Piston Addict","description":"Only interesting vehicles","publisher":{"@id":"https:\/\/pistonaddict.com\/fr\/#organization"},"potentialAction":[{"@type":"SearchAction","target":{"@type":"EntryPoint","urlTemplate":"https:\/\/pistonaddict.com\/fr\/?s={search_term_string}"},"query-input":"required name=search_term_string"}],"inLanguage":"fr-FR"},{"@type":"Organization","@id":"https:\/\/pistonaddict.com\/fr\/#organization","name":"Piston Addict","url":"https:\/\/pistonaddict.com\/fr\/","logo":{"@type":"ImageObject","inLanguage":"fr-FR","@id":"https:\/\/pistonaddict.com\/fr\/#\/schema\/logo\/image\/","url":"https:\/\/pistonaddict.com\/wp-content\/uploads\/2022\/07\/logo-6.png","contentUrl":"https:\/\/pistonaddict.com\/wp-content\/uploads\/2022\/07\/logo-6.png","width":970,"height":200,"caption":"Piston Addict"},"image":{"@id":"https:\/\/pistonaddict.com\/fr\/#\/schema\/logo\/image\/"}}]}},"_links":{"self":[{"href":"https:\/\/pistonaddict.com\/fr\/wp-json\/wp\/v2\/product\/92874"}],"collection":[{"href":"https:\/\/pistonaddict.com\/fr\/wp-json\/wp\/v2\/product"}],"about":[{"href":"https:\/\/pistonaddict.com\/fr\/wp-json\/wp\/v2\/types\/product"}],"replies":[{"embeddable":true,"href":"https:\/\/pistonaddict.com\/fr\/wp-json\/wp\/v2\/comments?post=92874"}],"wp:featuredmedia":[{"embeddable":true,"href":"https:\/\/pistonaddict.com\/fr\/wp-json\/wp\/v2\/media\/92682"}],"wp:attachment":[{"href":"https:\/\/pistonaddict.com\/fr\/wp-json\/wp\/v2\/media?parent=92874"}],"wp:term":[{"taxonomy":"product_cat","embeddable":true,"href":"https:\/\/pistonaddict.com\/fr\/wp-json\/wp\/v2\/product_cat?post=92874"},{"taxonomy":"product_tag","embeddable":true,"href":"https:\/\/pistonaddict.com\/fr\/wp-json\/wp\/v2\/product_tag?post=92874"}],"curies":[{"name":"wp","href":"https:\/\/api.w.org\/{rel}","templated":true}]}}