{"id":89345,"date":"2024-01-31T11:03:43","date_gmt":"2024-01-31T10:03:43","guid":{"rendered":"https:\/\/pistonaddict.com\/product\/abarth-695-tributo-ferrari-no424\/"},"modified":"2024-03-20T09:46:45","modified_gmt":"2024-03-20T08:46:45","slug":"abarth-695-tributo-ferrari-no424","status":"publish","type":"product","link":"https:\/\/pistonaddict.com\/fr\/product\/abarth-695-tributo-ferrari-no424\/","title":{"rendered":"Abarth 695 Tributo Ferrari n\u00ba424"},"content":{"rendered":"<h2>Ext\u00e9rieur<\/h2>\n<p>Bas\u00e9e sur la c\u00e9l\u00e8bre et tr\u00e8s populaire Fiat 500, la 695 n&#8217;a probablement pas besoin d&#8217;\u00eatre pr\u00e9sent\u00e9e. Abarth a ajout\u00e9 des pare-chocs massifs \u00e0 l&#8217;avant et \u00e0 l&#8217;arri\u00e8re, accompagn\u00e9s de bas de caisse assortis, d&#8217;un aileron arri\u00e8re et d&#8217;une double sortie d&#8217;\u00e9chappement. Et pour lui donner encore plus de piquant, ils ont ajout\u00e9 des d\u00e9tails tels que des coques de r\u00e9troviseurs en fibre de carbone et l&#8217;insigne <em>Tributo Ferrari<\/em> sur les panneaux de custode arri\u00e8re.<br \/>\nCette Abart 695 particuli\u00e8re est peinte dans une couleur rouge ardente avec des bandes de course grises qui commencent sur le capot, s&#8217;\u00e9tendent sur le toit et se terminent sur le hayon. Les roues de 17 pouces, qui sont toujours chauss\u00e9es de pneus Michelin Pilot mont\u00e9s en usine, montrent \u00e0 quel point la voiture a \u00e9t\u00e9 conduite &#8211; ou n&#8217;a pas \u00e9t\u00e9 conduite, pour \u00eatre plus pr\u00e9cis.<\/p>\n<h2>Int\u00e9rieur<\/h2>\n<p>Tout comme l&#8217;ext\u00e9rieur, l&#8217;int\u00e9rieur de la voiture r\u00e9v\u00e8le rapidement sa vraie nature. Tout d&#8217;abord, les si\u00e8ges baquets avant, fabriqu\u00e9s par Sabelt, sont dot\u00e9s d&#8217;une structure en fibre de carbone et offrent un tr\u00e8s bon maintien. Une fois assis \u00e0 l&#8217;int\u00e9rieur, le conducteur se retrouve derri\u00e8re un volant en cuir \u00e0 trois branches avec des accents et des surpiq\u00fbres rouges. Comme il s&#8217;agit d&#8217;un mod\u00e8le \u00e0 bo\u00eete de vitesses automatis\u00e9e, cet Abart n&#8217;a pas de levier de vitesses sur la console centrale &#8211; \u00e0 la place, il n&#8217;y a que plusieurs boutons pour s\u00e9lectionner la marche arri\u00e8re, la marche avant ou le point mort. Mais il y a aussi des palettes au volant, pour les cas o\u00f9 le conducteur veut passer les vitesses manuellement.<\/p>\n<p>Tout l&#8217;int\u00e9rieur est couvert de d\u00e9tails exquis, tels que des garnitures en fibre de carbone, l&#8217;air conditionn\u00e9 et la st\u00e9r\u00e9o avec connectivit\u00e9 USB, ainsi que des badges <em>Tributo Ferrari<\/em> tout autour.<\/p>\n<h2>M\u00e9canique<\/h2>\n<p>Cette sportive italienne \u00e0 l&#8217;allure agressive est \u00e9quip\u00e9e d&#8217;un moteur turbocompress\u00e9 de 1,4 litre, dont les ing\u00e9nieurs d&#8217;Abarth ont r\u00e9ussi \u00e0 extraire une puissance \u00e9tonnante de 180 chevaux. La puissance est transmise aux roues avant par une transmission MTA semi-automatique, qui fonctionne aussi bien en mode automatique que manuel. Il est certain qu&#8217;en mettant autant de puissance dans une voiture aussi l\u00e9g\u00e8re, on obtient des performances spectaculaires, comme une vitesse de pointe de plus de 220 kilom\u00e8tres \u00e0 l&#8217;heure. Enfin, pour garder le contr\u00f4le, cette Abarth 695 est \u00e9quip\u00e9e d&#8217;une suspension plus rigide et de freins plus grands.<\/p>\n<h2>Historique du v\u00e9hicule<\/h2>\n<p>Le vendeur professionnel, qui l&#8217;a acquise r\u00e9cemment, d\u00e9crit l&#8217;\u00e9tat de l&#8217;Abarth comme presque parfait. Outre son faible kilom\u00e9trage, la voiture a \u00e9t\u00e9 entretenue pour la derni\u00e8re fois en janvier 2023, \u00e0 l&#8217;occasion de la vidange de l&#8217;huile moteur. A l&#8217;int\u00e9rieur comme \u00e0 l&#8217;ext\u00e9rieur, il n&#8217;y a aucun signe d&#8217;usure, de dommage ou de rouille, les seuls d\u00e9fauts visuels \u00e9tant deux rayures mineures sur le c\u00f4t\u00e9 droit. Ceux-ci seront toutefois r\u00e9par\u00e9s par des professionnels sans frais pour le futur propri\u00e9taire une fois la voiture vendue.<\/p>\n<p>Enfin, selon le vendeur, la voiture, qui se trouve actuellement en Espagne, n&#8217;a jamais \u00e9t\u00e9 impliqu\u00e9e dans un accident, avec un rapport <a href=\"https:\/\/pistonaddict.com\/wp-content\/uploads\/2024\/01\/carfaxAbarth695.pdf\">CARFAX<\/a> sur l&#8217;historique du v\u00e9hicule \u00e0 l&#8217;appui. MOT espagnol (ITV) pass\u00e9 et valide jusqu&#8217;en d\u00e9cembre 2024.<\/p>\n<p><strong>D\u00e9couvrez la vid\u00e9o du d\u00e9marrage \u00e0 froid de cette magnifique Abarth 695 Tributo Ferrari :<\/strong><\/p>\n<p><iframe title=\"Cold Start Video of the Abarth 500 Tributo Ferrari\" width=\"1200\" height=\"675\" src=\"https:\/\/www.youtube.com\/embed\/lzDg2i_JYA4?feature=oembed\" frameborder=\"0\" allow=\"accelerometer; autoplay; clipboard-write; encrypted-media; gyroscope; picture-in-picture; web-share\" allowfullscreen><\/iframe><\/p>\n<p>&nbsp;<\/p>\n","protected":false},"excerpt":{"rendered":"<p>Une petite citadine ne doit pas n\u00e9cessairement \u00eatre un moyen pratique de se d\u00e9placer dans des environnements \u00e9troits. Au contraire, avec le bon \u00e9quipement sous le capot, il peut \u00eatre une v\u00e9ritable fus\u00e9e de poche qui, si elle est habill\u00e9e en cons\u00e9quence, est \u00e9galement tr\u00e8s belle. L&#8217;une de ces voitures est l&#8217;Abarth 500, bas\u00e9e sur la r\u00e9incarnation extr\u00eamement r\u00e9ussie par Fiat de son mod\u00e8le l\u00e9gendaire des ann\u00e9es 60. Mais le mod\u00e8le particulier mis aux ench\u00e8res ici est une variante Abarth 695 encore plus \u00e9pic\u00e9e, qui a \u00e9t\u00e9 construite en 2010 et n&#8217;a parcouru que 6 800 kilom\u00e8tres jusqu&#8217;\u00e0 pr\u00e9sent. Et pour ajouter \u00e0 l&#8217;exclusivit\u00e9, il s&#8217;agit d&#8217;un rare mod\u00e8le Tributo Ferrari, dont la production a \u00e9t\u00e9 limit\u00e9e \u00e0 1 695 unit\u00e9s. Voyons donc ce que cette voiture exclusive et agressive peut offrir&#8230;<\/p>\n","protected":false},"featured_media":89374,"comment_status":"open","ping_status":"closed","template":"","meta":{"inline_featured_image":false},"product_cat":[754],"product_tag":[2898,2900,921],"acf":[],"yoast_head":"<!-- This site is optimized with the Yoast SEO plugin v22.5 - https:\/\/yoast.com\/wordpress\/plugins\/seo\/ -->\n<title>Abarth 695 Tributo Ferrari n\u00ba424 - Piston Addict<\/title>\n<meta name=\"robots\" content=\"index, follow, max-snippet:-1, max-image-preview:large, max-video-preview:-1\" \/>\n<link rel=\"canonical\" href=\"https:\/\/pistonaddict.com\/fr\/product\/abarth-695-tributo-ferrari-no424\/\" \/>\n<meta property=\"og:locale\" content=\"fr_FR\" \/>\n<meta property=\"og:type\" content=\"article\" \/>\n<meta property=\"og:title\" content=\"Abarth 695 Tributo Ferrari n\u00ba424 - Piston Addict\" \/>\n<meta property=\"og:description\" content=\"Une petite citadine ne doit pas n\u00e9cessairement \u00eatre un moyen pratique de se d\u00e9placer dans des environnements \u00e9troits. Au contraire, avec le bon \u00e9quipement sous le capot, il peut \u00eatre une v\u00e9ritable fus\u00e9e de poche qui, si elle est habill\u00e9e en cons\u00e9quence, est \u00e9galement tr\u00e8s belle. L&#039;une de ces voitures est l&#039;Abarth 500, bas\u00e9e sur la r\u00e9incarnation extr\u00eamement r\u00e9ussie par Fiat de son mod\u00e8le l\u00e9gendaire des ann\u00e9es 60. Mais le mod\u00e8le particulier mis aux ench\u00e8res ici est une variante Abarth 695 encore plus \u00e9pic\u00e9e, qui a \u00e9t\u00e9 construite en 2010 et n&#039;a parcouru que 6 800 kilom\u00e8tres jusqu&#039;\u00e0 pr\u00e9sent. Et pour ajouter \u00e0 l&#039;exclusivit\u00e9, il s&#039;agit d&#039;un rare mod\u00e8le Tributo Ferrari, dont la production a \u00e9t\u00e9 limit\u00e9e \u00e0 1 695 unit\u00e9s. Voyons donc ce que cette voiture exclusive et agressive peut offrir...\" \/>\n<meta property=\"og:url\" content=\"https:\/\/pistonaddict.com\/fr\/product\/abarth-695-tributo-ferrari-no424\/\" \/>\n<meta property=\"og:site_name\" content=\"Piston Addict\" \/>\n<meta property=\"article:modified_time\" content=\"2024-03-20T08:46:45+00:00\" \/>\n<meta property=\"og:image\" content=\"https:\/\/pistonaddict.com\/wp-content\/uploads\/2024\/01\/IMG-20240110-WA0149-1.jpg\" \/>\n\t<meta property=\"og:image:width\" content=\"1600\" \/>\n\t<meta property=\"og:image:height\" content=\"1200\" \/>\n\t<meta property=\"og:image:type\" content=\"image\/jpeg\" \/>\n<meta name=\"twitter:card\" content=\"summary_large_image\" \/>\n<meta name=\"twitter:label1\" content=\"Dur\u00e9e de lecture estim\u00e9e\" \/>\n\t<meta name=\"twitter:data1\" content=\"3 minutes\" \/>\n<script type=\"application\/ld+json\" class=\"yoast-schema-graph\">{\"@context\":\"https:\/\/schema.org\",\"@graph\":[{\"@type\":\"WebPage\",\"@id\":\"https:\/\/pistonaddict.com\/fr\/product\/abarth-695-tributo-ferrari-no424\/\",\"url\":\"https:\/\/pistonaddict.com\/fr\/product\/abarth-695-tributo-ferrari-no424\/\",\"name\":\"Abarth 695 Tributo Ferrari n\u00ba424 - Piston Addict\",\"isPartOf\":{\"@id\":\"https:\/\/pistonaddict.com\/fr\/#website\"},\"primaryImageOfPage\":{\"@id\":\"https:\/\/pistonaddict.com\/fr\/product\/abarth-695-tributo-ferrari-no424\/#primaryimage\"},\"image\":{\"@id\":\"https:\/\/pistonaddict.com\/fr\/product\/abarth-695-tributo-ferrari-no424\/#primaryimage\"},\"thumbnailUrl\":\"https:\/\/pistonaddict.com\/wp-content\/uploads\/2024\/01\/IMG-20240110-WA0149-1.jpg\",\"datePublished\":\"2024-01-31T10:03:43+00:00\",\"dateModified\":\"2024-03-20T08:46:45+00:00\",\"breadcrumb\":{\"@id\":\"https:\/\/pistonaddict.com\/fr\/product\/abarth-695-tributo-ferrari-no424\/#breadcrumb\"},\"inLanguage\":\"fr-FR\",\"potentialAction\":[{\"@type\":\"ReadAction\",\"target\":[\"https:\/\/pistonaddict.com\/fr\/product\/abarth-695-tributo-ferrari-no424\/\"]}]},{\"@type\":\"ImageObject\",\"inLanguage\":\"fr-FR\",\"@id\":\"https:\/\/pistonaddict.com\/fr\/product\/abarth-695-tributo-ferrari-no424\/#primaryimage\",\"url\":\"https:\/\/pistonaddict.com\/wp-content\/uploads\/2024\/01\/IMG-20240110-WA0149-1.jpg\",\"contentUrl\":\"https:\/\/pistonaddict.com\/wp-content\/uploads\/2024\/01\/IMG-20240110-WA0149-1.jpg\",\"width\":1600,\"height\":1200},{\"@type\":\"BreadcrumbList\",\"@id\":\"https:\/\/pistonaddict.com\/fr\/product\/abarth-695-tributo-ferrari-no424\/#breadcrumb\",\"itemListElement\":[{\"@type\":\"ListItem\",\"position\":1,\"name\":\"Homepage\",\"item\":\"https:\/\/pistonaddict.com\/fr\/page-daccueil\/\"},{\"@type\":\"ListItem\",\"position\":2,\"name\":\"Auctions\",\"item\":\"https:\/\/pistonaddict.com\/auctions-listing\/\"},{\"@type\":\"ListItem\",\"position\":3,\"name\":\"Abarth 695 Tributo Ferrari n\u00ba424\"}]},{\"@type\":\"WebSite\",\"@id\":\"https:\/\/pistonaddict.com\/fr\/#website\",\"url\":\"https:\/\/pistonaddict.com\/fr\/\",\"name\":\"Piston Addict\",\"description\":\"Only interesting vehicles\",\"publisher\":{\"@id\":\"https:\/\/pistonaddict.com\/fr\/#organization\"},\"potentialAction\":[{\"@type\":\"SearchAction\",\"target\":{\"@type\":\"EntryPoint\",\"urlTemplate\":\"https:\/\/pistonaddict.com\/fr\/?s={search_term_string}\"},\"query-input\":\"required name=search_term_string\"}],\"inLanguage\":\"fr-FR\"},{\"@type\":\"Organization\",\"@id\":\"https:\/\/pistonaddict.com\/fr\/#organization\",\"name\":\"Piston Addict\",\"url\":\"https:\/\/pistonaddict.com\/fr\/\",\"logo\":{\"@type\":\"ImageObject\",\"inLanguage\":\"fr-FR\",\"@id\":\"https:\/\/pistonaddict.com\/fr\/#\/schema\/logo\/image\/\",\"url\":\"https:\/\/pistonaddict.com\/wp-content\/uploads\/2022\/07\/logo-6.png\",\"contentUrl\":\"https:\/\/pistonaddict.com\/wp-content\/uploads\/2022\/07\/logo-6.png\",\"width\":970,\"height\":200,\"caption\":\"Piston Addict\"},\"image\":{\"@id\":\"https:\/\/pistonaddict.com\/fr\/#\/schema\/logo\/image\/\"}}]}<\/script>\n<!-- \/ Yoast SEO plugin. -->","yoast_head_json":{"title":"Abarth 695 Tributo Ferrari n\u00ba424 - Piston Addict","robots":{"index":"index","follow":"follow","max-snippet":"max-snippet:-1","max-image-preview":"max-image-preview:large","max-video-preview":"max-video-preview:-1"},"canonical":"https:\/\/pistonaddict.com\/fr\/product\/abarth-695-tributo-ferrari-no424\/","og_locale":"fr_FR","og_type":"article","og_title":"Abarth 695 Tributo Ferrari n\u00ba424 - Piston Addict","og_description":"Une petite citadine ne doit pas n\u00e9cessairement \u00eatre un moyen pratique de se d\u00e9placer dans des environnements \u00e9troits. Au contraire, avec le bon \u00e9quipement sous le capot, il peut \u00eatre une v\u00e9ritable fus\u00e9e de poche qui, si elle est habill\u00e9e en cons\u00e9quence, est \u00e9galement tr\u00e8s belle. L'une de ces voitures est l'Abarth 500, bas\u00e9e sur la r\u00e9incarnation extr\u00eamement r\u00e9ussie par Fiat de son mod\u00e8le l\u00e9gendaire des ann\u00e9es 60. Mais le mod\u00e8le particulier mis aux ench\u00e8res ici est une variante Abarth 695 encore plus \u00e9pic\u00e9e, qui a \u00e9t\u00e9 construite en 2010 et n'a parcouru que 6 800 kilom\u00e8tres jusqu'\u00e0 pr\u00e9sent. Et pour ajouter \u00e0 l'exclusivit\u00e9, il s'agit d'un rare mod\u00e8le Tributo Ferrari, dont la production a \u00e9t\u00e9 limit\u00e9e \u00e0 1 695 unit\u00e9s. Voyons donc ce que cette voiture exclusive et agressive peut offrir...","og_url":"https:\/\/pistonaddict.com\/fr\/product\/abarth-695-tributo-ferrari-no424\/","og_site_name":"Piston Addict","article_modified_time":"2024-03-20T08:46:45+00:00","og_image":[{"width":1600,"height":1200,"url":"https:\/\/pistonaddict.com\/wp-content\/uploads\/2024\/01\/IMG-20240110-WA0149-1.jpg","type":"image\/jpeg"}],"twitter_card":"summary_large_image","twitter_misc":{"Dur\u00e9e de lecture estim\u00e9e":"3 minutes"},"schema":{"@context":"https:\/\/schema.org","@graph":[{"@type":"WebPage","@id":"https:\/\/pistonaddict.com\/fr\/product\/abarth-695-tributo-ferrari-no424\/","url":"https:\/\/pistonaddict.com\/fr\/product\/abarth-695-tributo-ferrari-no424\/","name":"Abarth 695 Tributo Ferrari n\u00ba424 - Piston Addict","isPartOf":{"@id":"https:\/\/pistonaddict.com\/fr\/#website"},"primaryImageOfPage":{"@id":"https:\/\/pistonaddict.com\/fr\/product\/abarth-695-tributo-ferrari-no424\/#primaryimage"},"image":{"@id":"https:\/\/pistonaddict.com\/fr\/product\/abarth-695-tributo-ferrari-no424\/#primaryimage"},"thumbnailUrl":"https:\/\/pistonaddict.com\/wp-content\/uploads\/2024\/01\/IMG-20240110-WA0149-1.jpg","datePublished":"2024-01-31T10:03:43+00:00","dateModified":"2024-03-20T08:46:45+00:00","breadcrumb":{"@id":"https:\/\/pistonaddict.com\/fr\/product\/abarth-695-tributo-ferrari-no424\/#breadcrumb"},"inLanguage":"fr-FR","potentialAction":[{"@type":"ReadAction","target":["https:\/\/pistonaddict.com\/fr\/product\/abarth-695-tributo-ferrari-no424\/"]}]},{"@type":"ImageObject","inLanguage":"fr-FR","@id":"https:\/\/pistonaddict.com\/fr\/product\/abarth-695-tributo-ferrari-no424\/#primaryimage","url":"https:\/\/pistonaddict.com\/wp-content\/uploads\/2024\/01\/IMG-20240110-WA0149-1.jpg","contentUrl":"https:\/\/pistonaddict.com\/wp-content\/uploads\/2024\/01\/IMG-20240110-WA0149-1.jpg","width":1600,"height":1200},{"@type":"BreadcrumbList","@id":"https:\/\/pistonaddict.com\/fr\/product\/abarth-695-tributo-ferrari-no424\/#breadcrumb","itemListElement":[{"@type":"ListItem","position":1,"name":"Homepage","item":"https:\/\/pistonaddict.com\/fr\/page-daccueil\/"},{"@type":"ListItem","position":2,"name":"Auctions","item":"https:\/\/pistonaddict.com\/auctions-listing\/"},{"@type":"ListItem","position":3,"name":"Abarth 695 Tributo Ferrari n\u00ba424"}]},{"@type":"WebSite","@id":"https:\/\/pistonaddict.com\/fr\/#website","url":"https:\/\/pistonaddict.com\/fr\/","name":"Piston Addict","description":"Only interesting vehicles","publisher":{"@id":"https:\/\/pistonaddict.com\/fr\/#organization"},"potentialAction":[{"@type":"SearchAction","target":{"@type":"EntryPoint","urlTemplate":"https:\/\/pistonaddict.com\/fr\/?s={search_term_string}"},"query-input":"required name=search_term_string"}],"inLanguage":"fr-FR"},{"@type":"Organization","@id":"https:\/\/pistonaddict.com\/fr\/#organization","name":"Piston Addict","url":"https:\/\/pistonaddict.com\/fr\/","logo":{"@type":"ImageObject","inLanguage":"fr-FR","@id":"https:\/\/pistonaddict.com\/fr\/#\/schema\/logo\/image\/","url":"https:\/\/pistonaddict.com\/wp-content\/uploads\/2022\/07\/logo-6.png","contentUrl":"https:\/\/pistonaddict.com\/wp-content\/uploads\/2022\/07\/logo-6.png","width":970,"height":200,"caption":"Piston Addict"},"image":{"@id":"https:\/\/pistonaddict.com\/fr\/#\/schema\/logo\/image\/"}}]}},"_links":{"self":[{"href":"https:\/\/pistonaddict.com\/fr\/wp-json\/wp\/v2\/product\/89345"}],"collection":[{"href":"https:\/\/pistonaddict.com\/fr\/wp-json\/wp\/v2\/product"}],"about":[{"href":"https:\/\/pistonaddict.com\/fr\/wp-json\/wp\/v2\/types\/product"}],"replies":[{"embeddable":true,"href":"https:\/\/pistonaddict.com\/fr\/wp-json\/wp\/v2\/comments?post=89345"}],"wp:featuredmedia":[{"embeddable":true,"href":"https:\/\/pistonaddict.com\/fr\/wp-json\/wp\/v2\/media\/89374"}],"wp:attachment":[{"href":"https:\/\/pistonaddict.com\/fr\/wp-json\/wp\/v2\/media?parent=89345"}],"wp:term":[{"taxonomy":"product_cat","embeddable":true,"href":"https:\/\/pistonaddict.com\/fr\/wp-json\/wp\/v2\/product_cat?post=89345"},{"taxonomy":"product_tag","embeddable":true,"href":"https:\/\/pistonaddict.com\/fr\/wp-json\/wp\/v2\/product_tag?post=89345"}],"curies":[{"name":"wp","href":"https:\/\/api.w.org\/{rel}","templated":true}]}}