{"id":82554,"date":"2024-01-17T09:08:31","date_gmt":"2024-01-17T08:08:31","guid":{"rendered":"https:\/\/pistonaddict.com\/product\/mg-a-coupe\/"},"modified":"2024-05-29T10:48:03","modified_gmt":"2024-05-29T08:48:03","slug":"mg-a-coupe","status":"publish","type":"product","link":"https:\/\/pistonaddict.com\/fr\/product\/mg-a-coupe\/","title":{"rendered":"MG A coup\u00e9"},"content":{"rendered":"<p><strong>Histoire de l&#8217;automobile<\/strong><\/p>\n<p>M\u00eame si la MG est aujourd&#8217;hui d\u00e9tenue par des Chinois et vend une gamme de SUV ennuyeux, cette marque restera \u00e0 jamais synonyme de coup\u00e9s et de roadsters qui \u00e9taient les Mazda Miatas de l&#8217;\u00e9poque. Petites, agiles, rapides et amusantes, les MG de cette \u00e9poque trouvent toujours un \u00e9cho favorable aupr\u00e8s des passionn\u00e9s du monde entier. Avec ses moteurs \u00e0 haut r\u00e9gime, ses roues arri\u00e8re motrices, sa direction pr\u00e9cise et ses performances dynamiques, la MG a v\u00e9ritablement lanc\u00e9 la sc\u00e8ne des voitures de sport abordables avant m\u00eame la Seconde Guerre mondiale. Cependant, lorsque la MG A arrive en 1955, c&#8217;est un mod\u00e8le \u00e0 la pointe de la technologie, non seulement en termes d&#8217;esth\u00e9tique, mais aussi de technologie. Il s&#8217;est assez bien vendu en Am\u00e9rique, ce qui a donn\u00e9 un coup de pouce \u00e0 l&#8217;entreprise pour de nombreux mod\u00e8les ult\u00e9rieurs. La combinaison d&#8217;un look magnifique et d&#8217;un succ\u00e8s en sport automobile \u00e9tait une formule gagnante pour la MG A. C&#8217;est ce qui la rend si sp\u00e9ciale et si d\u00e9sirable. Cet exemple particulier a \u00e9t\u00e9 produit en 1959, et il s&#8217;agit du mod\u00e8le de deuxi\u00e8me s\u00e9rie dot\u00e9 d&#8217;un moteur plus puissant de 1 600 cm3 d\u00e9veloppant 80 ch. C&#8217;\u00e9tait un chiffre important pour les normes de l&#8217;\u00e9poque, et avec une bo\u00eete de vitesses manuelle \u00e0 4 rapports, elle est plus que capable de procurer la m\u00eame excitation aujourd&#8217;hui qu&#8217;elle l&#8217;a fait il y a toutes ces ann\u00e9es. La MG A 1600 \u00e9tait connue pour ses freins \u00e0 disque avant, une technologie tr\u00e8s avanc\u00e9e pour 1959. Cet exemplaire est l&#8217;un des 31 000 exemplaires produits entre 1959 et 1962, date \u00e0 laquelle la production de la MG A s&#8217;est arr\u00eat\u00e9e.<\/p>\n<p><strong>Int\u00e9rieur<\/strong><\/p>\n<p>Fini en cuir rouge, l&#8217;int\u00e9rieur de cette MG A Coupe 1600 de 1959 est en parfait \u00e9tat. Avec tout en \u00e9tat de marche et juste ce qu&#8217;il faut de patine pour la rendre si charmante, ses si\u00e8ges sont un endroit id\u00e9al pour profiter de cette voiture. Bien que l&#8217;on ne puisse pas parler d&#8217;\u00e9quipements modernes dans un v\u00e9hicule vieux de 65 ans, on y trouve de charmants cadrans analogiques et un chauffage, qui auraient \u00e9t\u00e9 consid\u00e9r\u00e9s comme des \u00e9quipements de pointe \u00e0 l&#8217;\u00e9poque. Les ceintures de s\u00e9curit\u00e9 ont \u00e9t\u00e9 remplac\u00e9es par des ceintures \u00e0 trois points plus modernes, dans un souci de s\u00e9curit\u00e9 et de facilit\u00e9 d&#8217;utilisation.<\/p>\n<p><strong>Condition<\/strong><\/p>\n<p>Avec seulement 51.824 kilom\u00e8tres d&#8217;origine, cette MG A a fait l&#8217;objet d&#8217;une restauration l\u00e9g\u00e8re et soign\u00e9e dans le pass\u00e9 (la pompe \u00e0 eau, les freins arri\u00e8re et la carburation ont \u00e9t\u00e9 chang\u00e9s en 2022). Heureusement, chaque d\u00e9tail a \u00e9t\u00e9 soigneusement restaur\u00e9 et la voiture est dans un \u00e9tat tr\u00e8s correct pour l&#8217;\u00e9poque, sans rouille, enti\u00e8rement op\u00e9rationnelle et sans aucun probl\u00e8me m\u00e9canique. Le vendeur a acquis le v\u00e9hicule r\u00e9cemment et a effectu\u00e9 un entretien r\u00e9gulier fin 2023, les freins ayant \u00e9t\u00e9 r\u00e9vis\u00e9s il y a quelques jours seulement, en janvier 2024.<\/p>\n<p><strong>Ext\u00e9rieur et roues<\/strong><\/p>\n<p>La peinture noire classique est en bon \u00e9tat, pas de bosses ni de rayures importantes. Tous les chromes (ce qui est tr\u00e8s important pour les voitures classiques comme celle-ci) sont en parfait \u00e9tat, y compris la calandre, les pare-chocs et les garnitures. La combinaison ext\u00e9rieur noir\/ int\u00e9rieur rouge est frappante et met en valeur les lignes de la voiture. Les jantes d&#8217;origine de 15 pouces sont recouvertes de caoutchouc neuf, ce qui rend cette voiture enti\u00e8rement pr\u00eate pour le prochain propri\u00e9taire et les balades du week-end cet \u00e9t\u00e9.<\/p>\n<p><strong>Documentation<\/strong><\/p>\n<p>Le concessionnaire vend ce v\u00e9hicule avec la documentation appropri\u00e9e (toutes les factures, la copie certifi\u00e9e par le British Motor Industry Heritage Trust et le manuel d&#8217;utilisation) situ\u00e9e en Espagne. Comme cette voiture date de 1959, il n&#8217;y a pas de rapport CarFax, mais aucune preuve d&#8217;accident, de r\u00e9paration d&#8217;accident, de propri\u00e9t\u00e9 ou de probl\u00e8mes juridiques. Il existe des registres d&#8217;entretien r\u00e9gulier et des re\u00e7us.<br \/>\n<strong>Le contr\u00f4le technique espagnol (ITV) a \u00e9t\u00e9 pass\u00e9 et est valable jusqu&#8217;en ao\u00fbt 2028.<\/strong><\/p>\n<p><strong>D\u00e9couvrez la vid\u00e9o du d\u00e9marrage \u00e0 froid de cette magnifique MG A Coup\u00e9 :<\/strong><\/p>\n<p><iframe title=\"Cold Start Video of MGA coupe\" width=\"1200\" height=\"675\" src=\"https:\/\/www.youtube.com\/embed\/IaLRg9Rs9iY?feature=oembed\" frameborder=\"0\" allow=\"accelerometer; autoplay; clipboard-write; encrypted-media; gyroscope; picture-in-picture; web-share\" allowfullscreen><\/iframe><\/p>\n","protected":false},"excerpt":{"rendered":"<p>Si l&#8217;on veut explorer la gen\u00e8se des voitures de sport modernes, il faut commencer par la l\u00e9gendaire MG A. Avec une carrosserie a\u00e9rodynamique, des moteurs qui tournent \u00e0 plein r\u00e9gime, d&#8217;excellentes performances (pour l&#8217;\u00e9poque) et un prix abordable, cette voiture de sport a r\u00e9volutionn\u00e9 le segment. Elle est rest\u00e9e l&#8217;une des quintessences des coup\u00e9s britanniques de tous les temps.<\/p>\n","protected":false},"featured_media":81143,"comment_status":"open","ping_status":"closed","template":"","meta":{"inline_featured_image":false},"product_cat":[754],"product_tag":[2869,2868,950],"acf":[],"yoast_head":"<!-- This site is optimized with the Yoast SEO plugin v22.5 - https:\/\/yoast.com\/wordpress\/plugins\/seo\/ -->\n<title>MG A coup\u00e9 - Piston Addict<\/title>\n<meta name=\"robots\" content=\"index, follow, max-snippet:-1, max-image-preview:large, max-video-preview:-1\" \/>\n<link rel=\"canonical\" href=\"https:\/\/pistonaddict.com\/fr\/product\/mg-a-coupe\/\" \/>\n<meta property=\"og:locale\" content=\"fr_FR\" \/>\n<meta property=\"og:type\" content=\"article\" \/>\n<meta property=\"og:title\" content=\"MG A coup\u00e9 - Piston Addict\" \/>\n<meta property=\"og:description\" content=\"Si l&#039;on veut explorer la gen\u00e8se des voitures de sport modernes, il faut commencer par la l\u00e9gendaire MG A. Avec une carrosserie a\u00e9rodynamique, des moteurs qui tournent \u00e0 plein r\u00e9gime, d&#039;excellentes performances (pour l&#039;\u00e9poque) et un prix abordable, cette voiture de sport a r\u00e9volutionn\u00e9 le segment. Elle est rest\u00e9e l&#039;une des quintessences des coup\u00e9s britanniques de tous les temps.\" \/>\n<meta property=\"og:url\" content=\"https:\/\/pistonaddict.com\/fr\/product\/mg-a-coupe\/\" \/>\n<meta property=\"og:site_name\" content=\"Piston Addict\" \/>\n<meta property=\"article:modified_time\" content=\"2024-05-29T08:48:03+00:00\" \/>\n<meta property=\"og:image\" content=\"https:\/\/pistonaddict.com\/wp-content\/uploads\/2024\/01\/IMG-20231031-WA0006.jpg\" \/>\n\t<meta property=\"og:image:width\" content=\"1600\" \/>\n\t<meta property=\"og:image:height\" content=\"1200\" \/>\n\t<meta property=\"og:image:type\" content=\"image\/jpeg\" \/>\n<meta name=\"twitter:card\" content=\"summary_large_image\" \/>\n<meta name=\"twitter:label1\" content=\"Dur\u00e9e de lecture estim\u00e9e\" \/>\n\t<meta name=\"twitter:data1\" content=\"4 minutes\" \/>\n<script type=\"application\/ld+json\" class=\"yoast-schema-graph\">{\"@context\":\"https:\/\/schema.org\",\"@graph\":[{\"@type\":\"WebPage\",\"@id\":\"https:\/\/pistonaddict.com\/fr\/product\/mg-a-coupe\/\",\"url\":\"https:\/\/pistonaddict.com\/fr\/product\/mg-a-coupe\/\",\"name\":\"MG A coup\u00e9 - Piston Addict\",\"isPartOf\":{\"@id\":\"https:\/\/pistonaddict.com\/fr\/#website\"},\"primaryImageOfPage\":{\"@id\":\"https:\/\/pistonaddict.com\/fr\/product\/mg-a-coupe\/#primaryimage\"},\"image\":{\"@id\":\"https:\/\/pistonaddict.com\/fr\/product\/mg-a-coupe\/#primaryimage\"},\"thumbnailUrl\":\"https:\/\/pistonaddict.com\/wp-content\/uploads\/2024\/01\/IMG-20231031-WA0006.jpg\",\"datePublished\":\"2024-01-17T08:08:31+00:00\",\"dateModified\":\"2024-05-29T08:48:03+00:00\",\"breadcrumb\":{\"@id\":\"https:\/\/pistonaddict.com\/fr\/product\/mg-a-coupe\/#breadcrumb\"},\"inLanguage\":\"fr-FR\",\"potentialAction\":[{\"@type\":\"ReadAction\",\"target\":[\"https:\/\/pistonaddict.com\/fr\/product\/mg-a-coupe\/\"]}]},{\"@type\":\"ImageObject\",\"inLanguage\":\"fr-FR\",\"@id\":\"https:\/\/pistonaddict.com\/fr\/product\/mg-a-coupe\/#primaryimage\",\"url\":\"https:\/\/pistonaddict.com\/wp-content\/uploads\/2024\/01\/IMG-20231031-WA0006.jpg\",\"contentUrl\":\"https:\/\/pistonaddict.com\/wp-content\/uploads\/2024\/01\/IMG-20231031-WA0006.jpg\",\"width\":1600,\"height\":1200},{\"@type\":\"BreadcrumbList\",\"@id\":\"https:\/\/pistonaddict.com\/fr\/product\/mg-a-coupe\/#breadcrumb\",\"itemListElement\":[{\"@type\":\"ListItem\",\"position\":1,\"name\":\"Homepage\",\"item\":\"https:\/\/pistonaddict.com\/fr\/page-daccueil\/\"},{\"@type\":\"ListItem\",\"position\":2,\"name\":\"Auctions\",\"item\":\"https:\/\/pistonaddict.com\/auctions-listing\/\"},{\"@type\":\"ListItem\",\"position\":3,\"name\":\"MG A coup\u00e9\"}]},{\"@type\":\"WebSite\",\"@id\":\"https:\/\/pistonaddict.com\/fr\/#website\",\"url\":\"https:\/\/pistonaddict.com\/fr\/\",\"name\":\"Piston Addict\",\"description\":\"Only interesting vehicles\",\"publisher\":{\"@id\":\"https:\/\/pistonaddict.com\/fr\/#organization\"},\"potentialAction\":[{\"@type\":\"SearchAction\",\"target\":{\"@type\":\"EntryPoint\",\"urlTemplate\":\"https:\/\/pistonaddict.com\/fr\/?s={search_term_string}\"},\"query-input\":\"required name=search_term_string\"}],\"inLanguage\":\"fr-FR\"},{\"@type\":\"Organization\",\"@id\":\"https:\/\/pistonaddict.com\/fr\/#organization\",\"name\":\"Piston Addict\",\"url\":\"https:\/\/pistonaddict.com\/fr\/\",\"logo\":{\"@type\":\"ImageObject\",\"inLanguage\":\"fr-FR\",\"@id\":\"https:\/\/pistonaddict.com\/fr\/#\/schema\/logo\/image\/\",\"url\":\"https:\/\/pistonaddict.com\/wp-content\/uploads\/2022\/07\/logo-6.png\",\"contentUrl\":\"https:\/\/pistonaddict.com\/wp-content\/uploads\/2022\/07\/logo-6.png\",\"width\":970,\"height\":200,\"caption\":\"Piston Addict\"},\"image\":{\"@id\":\"https:\/\/pistonaddict.com\/fr\/#\/schema\/logo\/image\/\"}}]}<\/script>\n<!-- \/ Yoast SEO plugin. -->","yoast_head_json":{"title":"MG A coup\u00e9 - Piston Addict","robots":{"index":"index","follow":"follow","max-snippet":"max-snippet:-1","max-image-preview":"max-image-preview:large","max-video-preview":"max-video-preview:-1"},"canonical":"https:\/\/pistonaddict.com\/fr\/product\/mg-a-coupe\/","og_locale":"fr_FR","og_type":"article","og_title":"MG A coup\u00e9 - Piston Addict","og_description":"Si l'on veut explorer la gen\u00e8se des voitures de sport modernes, il faut commencer par la l\u00e9gendaire MG A. Avec une carrosserie a\u00e9rodynamique, des moteurs qui tournent \u00e0 plein r\u00e9gime, d'excellentes performances (pour l'\u00e9poque) et un prix abordable, cette voiture de sport a r\u00e9volutionn\u00e9 le segment. Elle est rest\u00e9e l'une des quintessences des coup\u00e9s britanniques de tous les temps.","og_url":"https:\/\/pistonaddict.com\/fr\/product\/mg-a-coupe\/","og_site_name":"Piston Addict","article_modified_time":"2024-05-29T08:48:03+00:00","og_image":[{"width":1600,"height":1200,"url":"https:\/\/pistonaddict.com\/wp-content\/uploads\/2024\/01\/IMG-20231031-WA0006.jpg","type":"image\/jpeg"}],"twitter_card":"summary_large_image","twitter_misc":{"Dur\u00e9e de lecture estim\u00e9e":"4 minutes"},"schema":{"@context":"https:\/\/schema.org","@graph":[{"@type":"WebPage","@id":"https:\/\/pistonaddict.com\/fr\/product\/mg-a-coupe\/","url":"https:\/\/pistonaddict.com\/fr\/product\/mg-a-coupe\/","name":"MG A coup\u00e9 - Piston Addict","isPartOf":{"@id":"https:\/\/pistonaddict.com\/fr\/#website"},"primaryImageOfPage":{"@id":"https:\/\/pistonaddict.com\/fr\/product\/mg-a-coupe\/#primaryimage"},"image":{"@id":"https:\/\/pistonaddict.com\/fr\/product\/mg-a-coupe\/#primaryimage"},"thumbnailUrl":"https:\/\/pistonaddict.com\/wp-content\/uploads\/2024\/01\/IMG-20231031-WA0006.jpg","datePublished":"2024-01-17T08:08:31+00:00","dateModified":"2024-05-29T08:48:03+00:00","breadcrumb":{"@id":"https:\/\/pistonaddict.com\/fr\/product\/mg-a-coupe\/#breadcrumb"},"inLanguage":"fr-FR","potentialAction":[{"@type":"ReadAction","target":["https:\/\/pistonaddict.com\/fr\/product\/mg-a-coupe\/"]}]},{"@type":"ImageObject","inLanguage":"fr-FR","@id":"https:\/\/pistonaddict.com\/fr\/product\/mg-a-coupe\/#primaryimage","url":"https:\/\/pistonaddict.com\/wp-content\/uploads\/2024\/01\/IMG-20231031-WA0006.jpg","contentUrl":"https:\/\/pistonaddict.com\/wp-content\/uploads\/2024\/01\/IMG-20231031-WA0006.jpg","width":1600,"height":1200},{"@type":"BreadcrumbList","@id":"https:\/\/pistonaddict.com\/fr\/product\/mg-a-coupe\/#breadcrumb","itemListElement":[{"@type":"ListItem","position":1,"name":"Homepage","item":"https:\/\/pistonaddict.com\/fr\/page-daccueil\/"},{"@type":"ListItem","position":2,"name":"Auctions","item":"https:\/\/pistonaddict.com\/auctions-listing\/"},{"@type":"ListItem","position":3,"name":"MG A coup\u00e9"}]},{"@type":"WebSite","@id":"https:\/\/pistonaddict.com\/fr\/#website","url":"https:\/\/pistonaddict.com\/fr\/","name":"Piston Addict","description":"Only interesting vehicles","publisher":{"@id":"https:\/\/pistonaddict.com\/fr\/#organization"},"potentialAction":[{"@type":"SearchAction","target":{"@type":"EntryPoint","urlTemplate":"https:\/\/pistonaddict.com\/fr\/?s={search_term_string}"},"query-input":"required name=search_term_string"}],"inLanguage":"fr-FR"},{"@type":"Organization","@id":"https:\/\/pistonaddict.com\/fr\/#organization","name":"Piston Addict","url":"https:\/\/pistonaddict.com\/fr\/","logo":{"@type":"ImageObject","inLanguage":"fr-FR","@id":"https:\/\/pistonaddict.com\/fr\/#\/schema\/logo\/image\/","url":"https:\/\/pistonaddict.com\/wp-content\/uploads\/2022\/07\/logo-6.png","contentUrl":"https:\/\/pistonaddict.com\/wp-content\/uploads\/2022\/07\/logo-6.png","width":970,"height":200,"caption":"Piston Addict"},"image":{"@id":"https:\/\/pistonaddict.com\/fr\/#\/schema\/logo\/image\/"}}]}},"_links":{"self":[{"href":"https:\/\/pistonaddict.com\/fr\/wp-json\/wp\/v2\/product\/82554"}],"collection":[{"href":"https:\/\/pistonaddict.com\/fr\/wp-json\/wp\/v2\/product"}],"about":[{"href":"https:\/\/pistonaddict.com\/fr\/wp-json\/wp\/v2\/types\/product"}],"replies":[{"embeddable":true,"href":"https:\/\/pistonaddict.com\/fr\/wp-json\/wp\/v2\/comments?post=82554"}],"wp:featuredmedia":[{"embeddable":true,"href":"https:\/\/pistonaddict.com\/fr\/wp-json\/wp\/v2\/media\/81143"}],"wp:attachment":[{"href":"https:\/\/pistonaddict.com\/fr\/wp-json\/wp\/v2\/media?parent=82554"}],"wp:term":[{"taxonomy":"product_cat","embeddable":true,"href":"https:\/\/pistonaddict.com\/fr\/wp-json\/wp\/v2\/product_cat?post=82554"},{"taxonomy":"product_tag","embeddable":true,"href":"https:\/\/pistonaddict.com\/fr\/wp-json\/wp\/v2\/product_tag?post=82554"}],"curies":[{"name":"wp","href":"https:\/\/api.w.org\/{rel}","templated":true}]}}