{"id":79069,"date":"2023-12-13T14:41:14","date_gmt":"2023-12-13T13:41:14","guid":{"rendered":"https:\/\/pistonaddict.com\/product\/alpine-a110\/"},"modified":"2024-03-20T09:42:32","modified_gmt":"2024-03-20T08:42:32","slug":"alpine-a110","status":"publish","type":"product","link":"https:\/\/pistonaddict.com\/fr\/product\/alpine-a110\/","title":{"rendered":"Alpine A110"},"content":{"rendered":"<p><strong>Histoire de l&#8217;automobile<\/strong><\/p>\n<p>Pour les g\u00e9n\u00e9rations d&#8217;amateurs de voitures de sport qui ont grandi dans les ann\u00e9es 60 et 70, le nom Alpine est synonyme de championnats de rallye, de performances \u00e9lev\u00e9es et d&#8217;une pr\u00e9sence in\u00e9gal\u00e9e dans la rue. Bien qu&#8217;Alpine ait utilis\u00e9 les composants standard de Renault, les voitures avaient presque l&#8217;attrait d&#8217;une supercar et \u00e9taient tr\u00e8s appr\u00e9ci\u00e9es des amateurs pour leur apparence et leur dynamique de conduite. Mais au d\u00e9but des ann\u00e9es 90, la marque a disparu, presque oubli\u00e9e de tous, sauf des fans les plus endurcis. Heureusement, Renault a compris l&#8217;importance du potentiel de ce nom l\u00e9gendaire et a investi massivement dans un tout nouveau mod\u00e8le dot\u00e9 d&#8217;une carrosserie enti\u00e8rement en aluminium, d&#8217;un moteur positionn\u00e9 au centre et d&#8217;une bo\u00eete de vitesses \u00e0 double embrayage tr\u00e8s performante. La combinaison du look iconique et r\u00e9tro-futuriste avec le moteur de la Clio RS et les r\u00e9glages personnalis\u00e9s de la carrosserie et des suspensions a donn\u00e9 naissance \u00e0 un classique instantan\u00e9 et peut-\u00eatre \u00e0 la meilleure voiture de sport de la d\u00e9cennie. Le moteur turbocompress\u00e9 de 1,8 litre, qui transmet la puissance aux roues arri\u00e8re, permet \u00e0 cette superbe voiture \u00e0 deux places d&#8217;atteindre le 0 \u00e0 100 km\/h en 4,5 secondes, ce qui est tout \u00e0 fait convaincant. Cependant, les chiffres ne rendent pas justice \u00e0 cette voiture. Avec un poids \u00e0 vide d&#8217;un peu plus d&#8217;une tonne, l&#8217;Alpine A110 survole les courbes et se comporte comme un r\u00eave. La dynamique de conduite in\u00e9gal\u00e9e est pr\u00e9cis\u00e9ment la raison pour laquelle il est le chouchou de nombreux magazines.<\/p>\n<p><strong>Int\u00e9rieur<\/strong><\/p>\n<p>Ce mod\u00e8le \u00e9tant relativement r\u00e9cent et peu kilom\u00e9tr\u00e9, l&#8217;int\u00e9rieur en cuir est dans un \u00e9tat neuf et ne pr\u00e9sente aucune trace d&#8217;usure. Les acheteurs exp\u00e9riment\u00e9s remarqueront que les si\u00e8ges &#8220;GT&#8221; en option sont pr\u00e9sents, ce qui est un ajout bienvenu, ainsi que quelques pi\u00e8ces en carbone pour le look sport automobile. Cependant, l&#8217;important est le syst\u00e8me audio premium Focal, qui est une option rare.<\/p>\n<p><strong>Condition<\/strong><\/p>\n<p>Cet exemple particulier a \u00e9t\u00e9 livr\u00e9 neuf en 2021, et depuis, il a parcouru un peu plus de 30 000 km. Il s&#8217;agit d&#8217;une voiture bien entretenue qui a \u00e9t\u00e9 utilis\u00e9e pour le plaisir de conduire, tout comme elle a \u00e9t\u00e9 invent\u00e9e par ses constructeurs. Il n&#8217;a jamais \u00e9t\u00e9 suivi ni endommag\u00e9 par deux propri\u00e9taires attentifs depuis sa cr\u00e9ation. En fait, le premier propri\u00e9taire \u00e9tait le directeur commercial d&#8217;Alpine Espagne. Le dernier entretien a \u00e9t\u00e9 effectu\u00e9 en novembre 2023, et les freins ont \u00e9t\u00e9 r\u00e9vis\u00e9s tout r\u00e9cemment, en d\u00e9cembre 2023. La derni\u00e8re vidange a \u00e9t\u00e9 effectu\u00e9e en septembre. <strong>Cette Alpine A110 est encore sous garantie d&#8217;usine jusqu&#8217;en novembre 2024, donc tout l&#8217;entretien a \u00e9t\u00e9 effectu\u00e9 par le service officiel en Espagne<\/strong>.<\/p>\n<p><strong> <\/strong><strong>Ext\u00e9rieur et roues<\/strong><\/p>\n<p>Peinte en blanc avec un ensemble graphique tr\u00e8s int\u00e9ressant, cette Alpine A110 a une apparence unique avec des jantes de 18 pouces sp\u00e9ciales Alpine. La carrosserie est in\u00e9gal\u00e9e, sans dommages, bosses ou rayures, et les pneus sont en bon \u00e9tat, avec 50 % d&#8217;usure, selon le vendeur. Les pneus sont des Michelin Pilot Sport, et ils ont \u00e9t\u00e9 fabriqu\u00e9s fin 2021.<\/p>\n<p><strong>Documentation<\/strong><\/p>\n<p>Le concessionnaire qui vend ce v\u00e9hicule avec la documentation appropri\u00e9e est situ\u00e9 en Espagne. Le <a href=\"https:\/\/pistonaddict.com\/wp-content\/uploads\/2023\/12\/AlpineA110.pdf\">rapport CarFax<\/a> est vierge ; il n&#8217;existe aucune preuve d&#8217;accident, de r\u00e9paration d&#8217;accident, de propri\u00e9t\u00e9 ou de probl\u00e8mes juridiques. Il existe des registres d&#8217;entretien r\u00e9gulier, des factures de vente et des re\u00e7us. Cette Alpine A110 est encore couverte par une garantie d&#8217;usine, qui est transf\u00e9rable au prochain propri\u00e9taire.<\/p>\n<p><strong>D\u00e9couvrez la vid\u00e9o du d\u00e9marrage \u00e0 froid de cette magnifique Alpine A110 :<\/strong><\/p>\n<p><iframe title=\"Cold Start Video of this great Alpine A110 for auction sale\" width=\"1200\" height=\"675\" src=\"https:\/\/www.youtube.com\/embed\/FlqeDNY4UtI?feature=oembed\" frameborder=\"0\" allow=\"accelerometer; autoplay; clipboard-write; encrypted-media; gyroscope; picture-in-picture; web-share\" allowfullscreen><\/iframe><\/p>\n","protected":false},"excerpt":{"rendered":"<p>La voiture de sport la plus populaire de ces derni\u00e8res ann\u00e9es n&#8217;est pas une Ferrari, une Lamborghini ou une McLaren. Il s&#8217;agit de l&#8217;Alpine A110, dot\u00e9e d&#8217;une carrosserie sur mesure tr\u00e8s l\u00e9g\u00e8re, d&#8217;un quatre cylindres turbocompress\u00e9 fougueux et d&#8217;une performance vive. Cette voiture \u00e0 deux places a rappel\u00e9 aux amateurs de voitures de sport ce qu&#8217;est la conduite et a ramen\u00e9 triomphalement la marque l\u00e9gendaire sur le march\u00e9. Aujourd&#8217;hui, nous sommes fiers de pr\u00e9senter l&#8217;un des meilleurs exemples de cette voiture de sport tr\u00e8s influente.<\/p>\n","protected":false},"featured_media":78354,"comment_status":"open","ping_status":"closed","template":"","meta":{"inline_featured_image":false},"product_cat":[754],"product_tag":[2844,2841,921],"acf":[],"yoast_head":"<!-- This site is optimized with the Yoast SEO plugin v22.5 - https:\/\/yoast.com\/wordpress\/plugins\/seo\/ -->\n<title>Alpine A110 auction - Piston Addict.<\/title>\n<meta name=\"robots\" content=\"index, follow, max-snippet:-1, max-image-preview:large, max-video-preview:-1\" \/>\n<link rel=\"canonical\" href=\"https:\/\/pistonaddict.com\/fr\/product\/alpine-a110\/\" \/>\n<meta property=\"og:locale\" content=\"fr_FR\" \/>\n<meta property=\"og:type\" content=\"article\" \/>\n<meta property=\"og:title\" content=\"Alpine A110 auction - Piston Addict.\" \/>\n<meta property=\"og:description\" content=\"La voiture de sport la plus populaire de ces derni\u00e8res ann\u00e9es n&#039;est pas une Ferrari, une Lamborghini ou une McLaren. Il s&#039;agit de l&#039;Alpine A110, dot\u00e9e d&#039;une carrosserie sur mesure tr\u00e8s l\u00e9g\u00e8re, d&#039;un quatre cylindres turbocompress\u00e9 fougueux et d&#039;une performance vive. Cette voiture \u00e0 deux places a rappel\u00e9 aux amateurs de voitures de sport ce qu&#039;est la conduite et a ramen\u00e9 triomphalement la marque l\u00e9gendaire sur le march\u00e9. Aujourd&#039;hui, nous sommes fiers de pr\u00e9senter l&#039;un des meilleurs exemples de cette voiture de sport tr\u00e8s influente.\" \/>\n<meta property=\"og:url\" content=\"https:\/\/pistonaddict.com\/fr\/product\/alpine-a110\/\" \/>\n<meta property=\"og:site_name\" content=\"Piston Addict\" \/>\n<meta property=\"article:modified_time\" content=\"2024-03-20T08:42:32+00:00\" \/>\n<meta property=\"og:image\" content=\"https:\/\/pistonaddict.com\/wp-content\/uploads\/2023\/12\/4517LTW_01.jpg\" \/>\n\t<meta property=\"og:image:width\" content=\"1440\" \/>\n\t<meta property=\"og:image:height\" content=\"1080\" \/>\n\t<meta property=\"og:image:type\" content=\"image\/jpeg\" \/>\n<meta name=\"twitter:card\" content=\"summary_large_image\" \/>\n<meta name=\"twitter:label1\" content=\"Dur\u00e9e de lecture estim\u00e9e\" \/>\n\t<meta name=\"twitter:data1\" content=\"3 minutes\" \/>\n<script type=\"application\/ld+json\" class=\"yoast-schema-graph\">{\"@context\":\"https:\/\/schema.org\",\"@graph\":[{\"@type\":\"WebPage\",\"@id\":\"https:\/\/pistonaddict.com\/fr\/product\/alpine-a110\/\",\"url\":\"https:\/\/pistonaddict.com\/fr\/product\/alpine-a110\/\",\"name\":\"Alpine A110 auction - Piston Addict.\",\"isPartOf\":{\"@id\":\"https:\/\/pistonaddict.com\/fr\/#website\"},\"primaryImageOfPage\":{\"@id\":\"https:\/\/pistonaddict.com\/fr\/product\/alpine-a110\/#primaryimage\"},\"image\":{\"@id\":\"https:\/\/pistonaddict.com\/fr\/product\/alpine-a110\/#primaryimage\"},\"thumbnailUrl\":\"https:\/\/pistonaddict.com\/wp-content\/uploads\/2023\/12\/4517LTW_01.jpg\",\"datePublished\":\"2023-12-13T13:41:14+00:00\",\"dateModified\":\"2024-03-20T08:42:32+00:00\",\"breadcrumb\":{\"@id\":\"https:\/\/pistonaddict.com\/fr\/product\/alpine-a110\/#breadcrumb\"},\"inLanguage\":\"fr-FR\",\"potentialAction\":[{\"@type\":\"ReadAction\",\"target\":[\"https:\/\/pistonaddict.com\/fr\/product\/alpine-a110\/\"]}]},{\"@type\":\"ImageObject\",\"inLanguage\":\"fr-FR\",\"@id\":\"https:\/\/pistonaddict.com\/fr\/product\/alpine-a110\/#primaryimage\",\"url\":\"https:\/\/pistonaddict.com\/wp-content\/uploads\/2023\/12\/4517LTW_01.jpg\",\"contentUrl\":\"https:\/\/pistonaddict.com\/wp-content\/uploads\/2023\/12\/4517LTW_01.jpg\",\"width\":1440,\"height\":1080},{\"@type\":\"BreadcrumbList\",\"@id\":\"https:\/\/pistonaddict.com\/fr\/product\/alpine-a110\/#breadcrumb\",\"itemListElement\":[{\"@type\":\"ListItem\",\"position\":1,\"name\":\"Homepage\",\"item\":\"https:\/\/pistonaddict.com\/fr\/page-daccueil\/\"},{\"@type\":\"ListItem\",\"position\":2,\"name\":\"Auctions\",\"item\":\"https:\/\/pistonaddict.com\/auctions-listing\/\"},{\"@type\":\"ListItem\",\"position\":3,\"name\":\"Alpine A110\"}]},{\"@type\":\"WebSite\",\"@id\":\"https:\/\/pistonaddict.com\/fr\/#website\",\"url\":\"https:\/\/pistonaddict.com\/fr\/\",\"name\":\"Piston Addict\",\"description\":\"Only interesting vehicles\",\"publisher\":{\"@id\":\"https:\/\/pistonaddict.com\/fr\/#organization\"},\"potentialAction\":[{\"@type\":\"SearchAction\",\"target\":{\"@type\":\"EntryPoint\",\"urlTemplate\":\"https:\/\/pistonaddict.com\/fr\/?s={search_term_string}\"},\"query-input\":\"required name=search_term_string\"}],\"inLanguage\":\"fr-FR\"},{\"@type\":\"Organization\",\"@id\":\"https:\/\/pistonaddict.com\/fr\/#organization\",\"name\":\"Piston Addict\",\"url\":\"https:\/\/pistonaddict.com\/fr\/\",\"logo\":{\"@type\":\"ImageObject\",\"inLanguage\":\"fr-FR\",\"@id\":\"https:\/\/pistonaddict.com\/fr\/#\/schema\/logo\/image\/\",\"url\":\"https:\/\/pistonaddict.com\/wp-content\/uploads\/2022\/07\/logo-6.png\",\"contentUrl\":\"https:\/\/pistonaddict.com\/wp-content\/uploads\/2022\/07\/logo-6.png\",\"width\":970,\"height\":200,\"caption\":\"Piston Addict\"},\"image\":{\"@id\":\"https:\/\/pistonaddict.com\/fr\/#\/schema\/logo\/image\/\"}}]}<\/script>\n<!-- \/ Yoast SEO plugin. -->","yoast_head_json":{"title":"Alpine A110 auction - Piston Addict.","robots":{"index":"index","follow":"follow","max-snippet":"max-snippet:-1","max-image-preview":"max-image-preview:large","max-video-preview":"max-video-preview:-1"},"canonical":"https:\/\/pistonaddict.com\/fr\/product\/alpine-a110\/","og_locale":"fr_FR","og_type":"article","og_title":"Alpine A110 auction - Piston Addict.","og_description":"La voiture de sport la plus populaire de ces derni\u00e8res ann\u00e9es n'est pas une Ferrari, une Lamborghini ou une McLaren. Il s'agit de l'Alpine A110, dot\u00e9e d'une carrosserie sur mesure tr\u00e8s l\u00e9g\u00e8re, d'un quatre cylindres turbocompress\u00e9 fougueux et d'une performance vive. Cette voiture \u00e0 deux places a rappel\u00e9 aux amateurs de voitures de sport ce qu'est la conduite et a ramen\u00e9 triomphalement la marque l\u00e9gendaire sur le march\u00e9. Aujourd'hui, nous sommes fiers de pr\u00e9senter l'un des meilleurs exemples de cette voiture de sport tr\u00e8s influente.","og_url":"https:\/\/pistonaddict.com\/fr\/product\/alpine-a110\/","og_site_name":"Piston Addict","article_modified_time":"2024-03-20T08:42:32+00:00","og_image":[{"width":1440,"height":1080,"url":"https:\/\/pistonaddict.com\/wp-content\/uploads\/2023\/12\/4517LTW_01.jpg","type":"image\/jpeg"}],"twitter_card":"summary_large_image","twitter_misc":{"Dur\u00e9e de lecture estim\u00e9e":"3 minutes"},"schema":{"@context":"https:\/\/schema.org","@graph":[{"@type":"WebPage","@id":"https:\/\/pistonaddict.com\/fr\/product\/alpine-a110\/","url":"https:\/\/pistonaddict.com\/fr\/product\/alpine-a110\/","name":"Alpine A110 auction - Piston Addict.","isPartOf":{"@id":"https:\/\/pistonaddict.com\/fr\/#website"},"primaryImageOfPage":{"@id":"https:\/\/pistonaddict.com\/fr\/product\/alpine-a110\/#primaryimage"},"image":{"@id":"https:\/\/pistonaddict.com\/fr\/product\/alpine-a110\/#primaryimage"},"thumbnailUrl":"https:\/\/pistonaddict.com\/wp-content\/uploads\/2023\/12\/4517LTW_01.jpg","datePublished":"2023-12-13T13:41:14+00:00","dateModified":"2024-03-20T08:42:32+00:00","breadcrumb":{"@id":"https:\/\/pistonaddict.com\/fr\/product\/alpine-a110\/#breadcrumb"},"inLanguage":"fr-FR","potentialAction":[{"@type":"ReadAction","target":["https:\/\/pistonaddict.com\/fr\/product\/alpine-a110\/"]}]},{"@type":"ImageObject","inLanguage":"fr-FR","@id":"https:\/\/pistonaddict.com\/fr\/product\/alpine-a110\/#primaryimage","url":"https:\/\/pistonaddict.com\/wp-content\/uploads\/2023\/12\/4517LTW_01.jpg","contentUrl":"https:\/\/pistonaddict.com\/wp-content\/uploads\/2023\/12\/4517LTW_01.jpg","width":1440,"height":1080},{"@type":"BreadcrumbList","@id":"https:\/\/pistonaddict.com\/fr\/product\/alpine-a110\/#breadcrumb","itemListElement":[{"@type":"ListItem","position":1,"name":"Homepage","item":"https:\/\/pistonaddict.com\/fr\/page-daccueil\/"},{"@type":"ListItem","position":2,"name":"Auctions","item":"https:\/\/pistonaddict.com\/auctions-listing\/"},{"@type":"ListItem","position":3,"name":"Alpine A110"}]},{"@type":"WebSite","@id":"https:\/\/pistonaddict.com\/fr\/#website","url":"https:\/\/pistonaddict.com\/fr\/","name":"Piston Addict","description":"Only interesting vehicles","publisher":{"@id":"https:\/\/pistonaddict.com\/fr\/#organization"},"potentialAction":[{"@type":"SearchAction","target":{"@type":"EntryPoint","urlTemplate":"https:\/\/pistonaddict.com\/fr\/?s={search_term_string}"},"query-input":"required name=search_term_string"}],"inLanguage":"fr-FR"},{"@type":"Organization","@id":"https:\/\/pistonaddict.com\/fr\/#organization","name":"Piston Addict","url":"https:\/\/pistonaddict.com\/fr\/","logo":{"@type":"ImageObject","inLanguage":"fr-FR","@id":"https:\/\/pistonaddict.com\/fr\/#\/schema\/logo\/image\/","url":"https:\/\/pistonaddict.com\/wp-content\/uploads\/2022\/07\/logo-6.png","contentUrl":"https:\/\/pistonaddict.com\/wp-content\/uploads\/2022\/07\/logo-6.png","width":970,"height":200,"caption":"Piston Addict"},"image":{"@id":"https:\/\/pistonaddict.com\/fr\/#\/schema\/logo\/image\/"}}]}},"_links":{"self":[{"href":"https:\/\/pistonaddict.com\/fr\/wp-json\/wp\/v2\/product\/79069"}],"collection":[{"href":"https:\/\/pistonaddict.com\/fr\/wp-json\/wp\/v2\/product"}],"about":[{"href":"https:\/\/pistonaddict.com\/fr\/wp-json\/wp\/v2\/types\/product"}],"replies":[{"embeddable":true,"href":"https:\/\/pistonaddict.com\/fr\/wp-json\/wp\/v2\/comments?post=79069"}],"wp:featuredmedia":[{"embeddable":true,"href":"https:\/\/pistonaddict.com\/fr\/wp-json\/wp\/v2\/media\/78354"}],"wp:attachment":[{"href":"https:\/\/pistonaddict.com\/fr\/wp-json\/wp\/v2\/media?parent=79069"}],"wp:term":[{"taxonomy":"product_cat","embeddable":true,"href":"https:\/\/pistonaddict.com\/fr\/wp-json\/wp\/v2\/product_cat?post=79069"},{"taxonomy":"product_tag","embeddable":true,"href":"https:\/\/pistonaddict.com\/fr\/wp-json\/wp\/v2\/product_tag?post=79069"}],"curies":[{"name":"wp","href":"https:\/\/api.w.org\/{rel}","templated":true}]}}