{"id":78321,"date":"2023-12-13T10:17:52","date_gmt":"2023-12-13T09:17:52","guid":{"rendered":"https:\/\/pistonaddict.com\/product\/fisker-karma-signature-edition\/"},"modified":"2024-03-20T09:42:50","modified_gmt":"2024-03-20T08:42:50","slug":"fisker-karma-signature-edition","status":"publish","type":"product","link":"https:\/\/pistonaddict.com\/fr\/product\/fisker-karma-signature-edition\/","title":{"rendered":"Fisker Karma Signature Edition"},"content":{"rendered":"<p><strong>Histoire de l&#8217;automobile<\/strong><\/p>\n<p>Avant que la Karma n&#8217;explose sur le march\u00e9 en 2011, les hybrides \u00e9taient des v\u00e9hicules plut\u00f4t ternes et peu excitants. Mais ensuite, Fisker a pr\u00e9sent\u00e9 la Karma avec un design accrocheur, une silhouette basse, une posture muscl\u00e9e et des formes uniques. C&#8217;\u00e9tait et c&#8217;est toujours quelque chose d&#8217;extraordinaire. Sous la s\u00e9duisante carrosserie se cache une foule de technologies innovantes. Le moteur principal est un 2,0 litres turbocompress\u00e9 de GM d\u00e9veloppant 260 ch et deux moteurs \u00e9lectriques sur l&#8217;essieu arri\u00e8re. Une batterie de 20,1 kWh alimente les moteurs \u00e9lectriques de 120 kW chacun (403 ch).<\/p>\n<p>Il est int\u00e9ressant de noter que les batteries sont plac\u00e9es au centre de la voiture, ce qui conf\u00e8re \u00e0 la Karma un centre de gravit\u00e9 bas et une excellente tenue de route. Le principe de fonctionnement est \u00e9galement unique. Le v\u00e9hicule, \u00e0 transmission automatique, avait une autonomie d&#8217;environ 80 km en utilisant uniquement l&#8217;\u00e9nergie \u00e9lectrique. Toutefois, lorsque les batteries sont d\u00e9charg\u00e9es, le conducteur active le moteur \u00e0 essence, qui alimente le g\u00e9n\u00e9rateur des moteurs \u00e9lectriques. La Karma est donc une voiture hybride essence-\u00e9lectricit\u00e9, avec un accent particulier sur la partie \u00e9lectrique. Ce mod\u00e8le a \u00e9t\u00e9 livr\u00e9 \u00e0 un membre de la famille Fisker et \u00e0 l&#8217;un des premiers investisseurs, ce qui en fait un \u00e9l\u00e9ment extraordinaire de l&#8217;histoire de l&#8217;entreprise.<\/p>\n<p><strong>Int\u00e9rieur<\/strong><\/p>\n<p>L&#8217;int\u00e9rieur de cet exemplaire particulier pr\u00e9sente une combinaison de cuir noir et de cuir fauve, ce qui en fait un endroit charmant. Il n&#8217;y a pas de rayures sur les si\u00e8ges et tout est fonctionnel. Il est \u00e9quip\u00e9 en option d&#8217;un syst\u00e8me d&#8217;infodivertissement avec \u00e9cran sur le tableau de bord.<\/p>\n<p><strong>Condition<\/strong><\/p>\n<p>Avec 80 000 km, un historique complet, un seul propri\u00e9taire, cette Karma est dans un \u00e9tat id\u00e9al. Il n&#8217;y a pas d&#8217;accidents ou de dommages, et l&#8217;int\u00e9rieur est en \u00e9tat neuf. Il est int\u00e9ressant de noter que la Karma est \u00e9quip\u00e9e d&#8217;un toit \u00e0 panneaux solaires, qui transforme l&#8217;\u00e9nergie solaire en \u00e9lectricit\u00e9 et \u00e9teint la batterie en cas de besoin. Dans cet exemple, le toit solaire est pr\u00e9sent et en parfait \u00e9tat de fonctionnement. <strong>Cet exemple particulier est le num\u00e9ro 61 sur 100 fabriqu\u00e9s avec le pack Signature Edition<\/strong>, ce qui est essentiel puisque son histoire peut \u00eatre suivie au sein de la communaut\u00e9 Fisker. Comme cet exemplaire a une importance historique, il a \u00e9t\u00e9 entretenu par l&#8217;un des meilleurs sp\u00e9cialistes Fisker au monde, et les rapports d&#8217;entretien r\u00e9guliers sont disponibles. Le dernier entretien et la derni\u00e8re vidange ont \u00e9t\u00e9 effectu\u00e9s en octobre 2023, et les freins ont \u00e9t\u00e9 r\u00e9vis\u00e9s il y a quelques jours seulement, en d\u00e9cembre 2023.<\/p>\n<p><strong>Ext\u00e9rieur et roues<\/strong><\/p>\n<p>La peinture argent\u00e9e unique est parfaitement assortie \u00e0 l&#8217;int\u00e9rieur bicolore, sans rayures ni bosses. La voiture sera livr\u00e9e avec des pneus d&#8217;hiver de 21 pouces en parfait \u00e9tat. Les jantes de 22 pouces avec pneus d&#8217;\u00e9t\u00e9 sont en suppl\u00e9ment. Les pneus datent de 2023.<\/p>\n<p><strong>Documentation<\/strong><\/p>\n<p>Le vendeur priv\u00e9 vend ce v\u00e9hicule avec la documentation appropri\u00e9e situ\u00e9 en Allemagne. Le rapport <a href=\"https:\/\/pistonaddict.com\/wp-content\/uploads\/2023\/12\/FiskerKarma.pdf\">CarVertical<\/a> est vierge ; il n&#8217;existe aucune preuve d&#8217;accident, de r\u00e9paration d&#8217;accident, de propri\u00e9t\u00e9 ou de probl\u00e8mes juridiques. Il existe des registres d&#8217;entretien r\u00e9gulier, des factures de vente et des re\u00e7us. Il n&#8217;y a pas de garantie d&#8217;usine pour ce mod\u00e8le.<\/p>\n<p><strong><br \/>\nD\u00e9couvrez la vid\u00e9o du d\u00e9marrage \u00e0 froid de cette magnifique Fisker Karma silver Signature :<\/strong><\/p>\n<p><iframe title=\"Cold Start Video of the Fisker Karma Signature for auction sale\" width=\"1200\" height=\"675\" src=\"https:\/\/www.youtube.com\/embed\/sOmYYpDT2U8?feature=oembed\" frameborder=\"0\" allow=\"accelerometer; autoplay; clipboard-write; encrypted-media; gyroscope; picture-in-picture; web-share\" allowfullscreen><\/iframe><\/p>\n","protected":false},"excerpt":{"rendered":"<p>La Fisker Karma n&#8217;est pas seulement un hybride r\u00e9volutionnaire, c&#8217;est aussi l&#8217;une des voitures les plus belles du 21e si\u00e8cle. Avec \u00e0 peine plus de 3 000 exemplaires fabriqu\u00e9s, il est rare, mais celui-ci l&#8217;est encore plus. La Karma 2012 argent\u00e9e que nous proposons aujourd&#8217;hui est un mod\u00e8le 1 sur 100 de l&#8217;\u00e9dition Signature et a m\u00eame \u00e9t\u00e9 personnellement sign\u00e9e par Henrik Fisker, le propri\u00e9taire de l&#8217;entreprise. Si vous \u00eates \u00e0 la recherche d&#8217;un r\u00eave de collectionneur, c&#8217;est celui-ci.<\/p>\n","protected":false},"featured_media":77662,"comment_status":"open","ping_status":"closed","template":"","meta":{"inline_featured_image":false},"product_cat":[754],"product_tag":[2774,2775,1795,1793,921],"acf":[],"yoast_head":"<!-- This site is optimized with the Yoast SEO plugin v22.5 - https:\/\/yoast.com\/wordpress\/plugins\/seo\/ -->\n<title>Fisker Karma Signature Edition auction - Piston Addict.<\/title>\n<meta name=\"robots\" content=\"index, follow, max-snippet:-1, max-image-preview:large, max-video-preview:-1\" \/>\n<link rel=\"canonical\" href=\"https:\/\/pistonaddict.com\/fr\/product\/fisker-karma-signature-edition\/\" \/>\n<meta property=\"og:locale\" content=\"fr_FR\" \/>\n<meta property=\"og:type\" content=\"article\" \/>\n<meta property=\"og:title\" content=\"Fisker Karma Signature Edition auction - Piston Addict.\" \/>\n<meta property=\"og:description\" content=\"La Fisker Karma n&#039;est pas seulement un hybride r\u00e9volutionnaire, c&#039;est aussi l&#039;une des voitures les plus belles du 21e si\u00e8cle. Avec \u00e0 peine plus de 3 000 exemplaires fabriqu\u00e9s, il est rare, mais celui-ci l&#039;est encore plus. La Karma 2012 argent\u00e9e que nous proposons aujourd&#039;hui est un mod\u00e8le 1 sur 100 de l&#039;\u00e9dition Signature et a m\u00eame \u00e9t\u00e9 personnellement sign\u00e9e par Henrik Fisker, le propri\u00e9taire de l&#039;entreprise. Si vous \u00eates \u00e0 la recherche d&#039;un r\u00eave de collectionneur, c&#039;est celui-ci.\" \/>\n<meta property=\"og:url\" content=\"https:\/\/pistonaddict.com\/fr\/product\/fisker-karma-signature-edition\/\" \/>\n<meta property=\"og:site_name\" content=\"Piston Addict\" \/>\n<meta property=\"article:modified_time\" content=\"2024-03-20T08:42:50+00:00\" \/>\n<meta property=\"og:image\" content=\"https:\/\/pistonaddict.com\/wp-content\/uploads\/2023\/12\/20210129_085341.jpg\" \/>\n\t<meta property=\"og:image:width\" content=\"1762\" \/>\n\t<meta property=\"og:image:height\" content=\"752\" \/>\n\t<meta property=\"og:image:type\" content=\"image\/jpeg\" \/>\n<meta name=\"twitter:card\" content=\"summary_large_image\" \/>\n<meta name=\"twitter:label1\" content=\"Dur\u00e9e de lecture estim\u00e9e\" \/>\n\t<meta name=\"twitter:data1\" content=\"3 minutes\" \/>\n<script type=\"application\/ld+json\" class=\"yoast-schema-graph\">{\"@context\":\"https:\/\/schema.org\",\"@graph\":[{\"@type\":\"WebPage\",\"@id\":\"https:\/\/pistonaddict.com\/fr\/product\/fisker-karma-signature-edition\/\",\"url\":\"https:\/\/pistonaddict.com\/fr\/product\/fisker-karma-signature-edition\/\",\"name\":\"Fisker Karma Signature Edition auction - Piston Addict.\",\"isPartOf\":{\"@id\":\"https:\/\/pistonaddict.com\/fr\/#website\"},\"primaryImageOfPage\":{\"@id\":\"https:\/\/pistonaddict.com\/fr\/product\/fisker-karma-signature-edition\/#primaryimage\"},\"image\":{\"@id\":\"https:\/\/pistonaddict.com\/fr\/product\/fisker-karma-signature-edition\/#primaryimage\"},\"thumbnailUrl\":\"https:\/\/pistonaddict.com\/wp-content\/uploads\/2023\/12\/20210129_085341.jpg\",\"datePublished\":\"2023-12-13T09:17:52+00:00\",\"dateModified\":\"2024-03-20T08:42:50+00:00\",\"breadcrumb\":{\"@id\":\"https:\/\/pistonaddict.com\/fr\/product\/fisker-karma-signature-edition\/#breadcrumb\"},\"inLanguage\":\"fr-FR\",\"potentialAction\":[{\"@type\":\"ReadAction\",\"target\":[\"https:\/\/pistonaddict.com\/fr\/product\/fisker-karma-signature-edition\/\"]}]},{\"@type\":\"ImageObject\",\"inLanguage\":\"fr-FR\",\"@id\":\"https:\/\/pistonaddict.com\/fr\/product\/fisker-karma-signature-edition\/#primaryimage\",\"url\":\"https:\/\/pistonaddict.com\/wp-content\/uploads\/2023\/12\/20210129_085341.jpg\",\"contentUrl\":\"https:\/\/pistonaddict.com\/wp-content\/uploads\/2023\/12\/20210129_085341.jpg\",\"width\":1762,\"height\":752},{\"@type\":\"BreadcrumbList\",\"@id\":\"https:\/\/pistonaddict.com\/fr\/product\/fisker-karma-signature-edition\/#breadcrumb\",\"itemListElement\":[{\"@type\":\"ListItem\",\"position\":1,\"name\":\"Homepage\",\"item\":\"https:\/\/pistonaddict.com\/fr\/page-daccueil\/\"},{\"@type\":\"ListItem\",\"position\":2,\"name\":\"Auctions\",\"item\":\"https:\/\/pistonaddict.com\/auctions-listing\/\"},{\"@type\":\"ListItem\",\"position\":3,\"name\":\"Fisker Karma Signature Edition\"}]},{\"@type\":\"WebSite\",\"@id\":\"https:\/\/pistonaddict.com\/fr\/#website\",\"url\":\"https:\/\/pistonaddict.com\/fr\/\",\"name\":\"Piston Addict\",\"description\":\"Only interesting vehicles\",\"publisher\":{\"@id\":\"https:\/\/pistonaddict.com\/fr\/#organization\"},\"potentialAction\":[{\"@type\":\"SearchAction\",\"target\":{\"@type\":\"EntryPoint\",\"urlTemplate\":\"https:\/\/pistonaddict.com\/fr\/?s={search_term_string}\"},\"query-input\":\"required name=search_term_string\"}],\"inLanguage\":\"fr-FR\"},{\"@type\":\"Organization\",\"@id\":\"https:\/\/pistonaddict.com\/fr\/#organization\",\"name\":\"Piston Addict\",\"url\":\"https:\/\/pistonaddict.com\/fr\/\",\"logo\":{\"@type\":\"ImageObject\",\"inLanguage\":\"fr-FR\",\"@id\":\"https:\/\/pistonaddict.com\/fr\/#\/schema\/logo\/image\/\",\"url\":\"https:\/\/pistonaddict.com\/wp-content\/uploads\/2022\/07\/logo-6.png\",\"contentUrl\":\"https:\/\/pistonaddict.com\/wp-content\/uploads\/2022\/07\/logo-6.png\",\"width\":970,\"height\":200,\"caption\":\"Piston Addict\"},\"image\":{\"@id\":\"https:\/\/pistonaddict.com\/fr\/#\/schema\/logo\/image\/\"}}]}<\/script>\n<!-- \/ Yoast SEO plugin. -->","yoast_head_json":{"title":"Fisker Karma Signature Edition auction - Piston Addict.","robots":{"index":"index","follow":"follow","max-snippet":"max-snippet:-1","max-image-preview":"max-image-preview:large","max-video-preview":"max-video-preview:-1"},"canonical":"https:\/\/pistonaddict.com\/fr\/product\/fisker-karma-signature-edition\/","og_locale":"fr_FR","og_type":"article","og_title":"Fisker Karma Signature Edition auction - Piston Addict.","og_description":"La Fisker Karma n'est pas seulement un hybride r\u00e9volutionnaire, c'est aussi l'une des voitures les plus belles du 21e si\u00e8cle. Avec \u00e0 peine plus de 3 000 exemplaires fabriqu\u00e9s, il est rare, mais celui-ci l'est encore plus. La Karma 2012 argent\u00e9e que nous proposons aujourd'hui est un mod\u00e8le 1 sur 100 de l'\u00e9dition Signature et a m\u00eame \u00e9t\u00e9 personnellement sign\u00e9e par Henrik Fisker, le propri\u00e9taire de l'entreprise. Si vous \u00eates \u00e0 la recherche d'un r\u00eave de collectionneur, c'est celui-ci.","og_url":"https:\/\/pistonaddict.com\/fr\/product\/fisker-karma-signature-edition\/","og_site_name":"Piston Addict","article_modified_time":"2024-03-20T08:42:50+00:00","og_image":[{"width":1762,"height":752,"url":"https:\/\/pistonaddict.com\/wp-content\/uploads\/2023\/12\/20210129_085341.jpg","type":"image\/jpeg"}],"twitter_card":"summary_large_image","twitter_misc":{"Dur\u00e9e de lecture estim\u00e9e":"3 minutes"},"schema":{"@context":"https:\/\/schema.org","@graph":[{"@type":"WebPage","@id":"https:\/\/pistonaddict.com\/fr\/product\/fisker-karma-signature-edition\/","url":"https:\/\/pistonaddict.com\/fr\/product\/fisker-karma-signature-edition\/","name":"Fisker Karma Signature Edition auction - Piston Addict.","isPartOf":{"@id":"https:\/\/pistonaddict.com\/fr\/#website"},"primaryImageOfPage":{"@id":"https:\/\/pistonaddict.com\/fr\/product\/fisker-karma-signature-edition\/#primaryimage"},"image":{"@id":"https:\/\/pistonaddict.com\/fr\/product\/fisker-karma-signature-edition\/#primaryimage"},"thumbnailUrl":"https:\/\/pistonaddict.com\/wp-content\/uploads\/2023\/12\/20210129_085341.jpg","datePublished":"2023-12-13T09:17:52+00:00","dateModified":"2024-03-20T08:42:50+00:00","breadcrumb":{"@id":"https:\/\/pistonaddict.com\/fr\/product\/fisker-karma-signature-edition\/#breadcrumb"},"inLanguage":"fr-FR","potentialAction":[{"@type":"ReadAction","target":["https:\/\/pistonaddict.com\/fr\/product\/fisker-karma-signature-edition\/"]}]},{"@type":"ImageObject","inLanguage":"fr-FR","@id":"https:\/\/pistonaddict.com\/fr\/product\/fisker-karma-signature-edition\/#primaryimage","url":"https:\/\/pistonaddict.com\/wp-content\/uploads\/2023\/12\/20210129_085341.jpg","contentUrl":"https:\/\/pistonaddict.com\/wp-content\/uploads\/2023\/12\/20210129_085341.jpg","width":1762,"height":752},{"@type":"BreadcrumbList","@id":"https:\/\/pistonaddict.com\/fr\/product\/fisker-karma-signature-edition\/#breadcrumb","itemListElement":[{"@type":"ListItem","position":1,"name":"Homepage","item":"https:\/\/pistonaddict.com\/fr\/page-daccueil\/"},{"@type":"ListItem","position":2,"name":"Auctions","item":"https:\/\/pistonaddict.com\/auctions-listing\/"},{"@type":"ListItem","position":3,"name":"Fisker Karma Signature Edition"}]},{"@type":"WebSite","@id":"https:\/\/pistonaddict.com\/fr\/#website","url":"https:\/\/pistonaddict.com\/fr\/","name":"Piston Addict","description":"Only interesting vehicles","publisher":{"@id":"https:\/\/pistonaddict.com\/fr\/#organization"},"potentialAction":[{"@type":"SearchAction","target":{"@type":"EntryPoint","urlTemplate":"https:\/\/pistonaddict.com\/fr\/?s={search_term_string}"},"query-input":"required name=search_term_string"}],"inLanguage":"fr-FR"},{"@type":"Organization","@id":"https:\/\/pistonaddict.com\/fr\/#organization","name":"Piston Addict","url":"https:\/\/pistonaddict.com\/fr\/","logo":{"@type":"ImageObject","inLanguage":"fr-FR","@id":"https:\/\/pistonaddict.com\/fr\/#\/schema\/logo\/image\/","url":"https:\/\/pistonaddict.com\/wp-content\/uploads\/2022\/07\/logo-6.png","contentUrl":"https:\/\/pistonaddict.com\/wp-content\/uploads\/2022\/07\/logo-6.png","width":970,"height":200,"caption":"Piston Addict"},"image":{"@id":"https:\/\/pistonaddict.com\/fr\/#\/schema\/logo\/image\/"}}]}},"_links":{"self":[{"href":"https:\/\/pistonaddict.com\/fr\/wp-json\/wp\/v2\/product\/78321"}],"collection":[{"href":"https:\/\/pistonaddict.com\/fr\/wp-json\/wp\/v2\/product"}],"about":[{"href":"https:\/\/pistonaddict.com\/fr\/wp-json\/wp\/v2\/types\/product"}],"replies":[{"embeddable":true,"href":"https:\/\/pistonaddict.com\/fr\/wp-json\/wp\/v2\/comments?post=78321"}],"wp:featuredmedia":[{"embeddable":true,"href":"https:\/\/pistonaddict.com\/fr\/wp-json\/wp\/v2\/media\/77662"}],"wp:attachment":[{"href":"https:\/\/pistonaddict.com\/fr\/wp-json\/wp\/v2\/media?parent=78321"}],"wp:term":[{"taxonomy":"product_cat","embeddable":true,"href":"https:\/\/pistonaddict.com\/fr\/wp-json\/wp\/v2\/product_cat?post=78321"},{"taxonomy":"product_tag","embeddable":true,"href":"https:\/\/pistonaddict.com\/fr\/wp-json\/wp\/v2\/product_tag?post=78321"}],"curies":[{"name":"wp","href":"https:\/\/api.w.org\/{rel}","templated":true}]}}