{"id":77360,"date":"2023-12-11T15:55:41","date_gmt":"2023-12-11T14:55:41","guid":{"rendered":"https:\/\/pistonaddict.com\/product\/abarth-124-spider\/"},"modified":"2024-03-20T09:41:36","modified_gmt":"2024-03-20T08:41:36","slug":"abarth-124-spider","status":"publish","type":"product","link":"https:\/\/pistonaddict.com\/fr\/product\/abarth-124-spider\/","title":{"rendered":"Abarth 124 Spider"},"content":{"rendered":"<h2>Ext\u00e9rieur<\/h2>\n<p>A l&#8217;ext\u00e9rieur, il est \u00e9vident d\u00e8s le premier coup d&#8217;\u0153il qu&#8217;il ne s&#8217;agit pas d&#8217;une 124 Spider ordinaire. Ce roadster peint en noir est dot\u00e9 de pare-chocs plus agressifs, de phares au x\u00e9non et d&#8217;un \u00e9chappement double \u00e0 l&#8217;arri\u00e8re, avec deux embouts chrom\u00e9s de chaque c\u00f4t\u00e9. Tous ces d\u00e9tails conf\u00e8rent \u00e0 la voiture une formidable pr\u00e9sence sur la route qui la distingue nettement de sa cousine aux mani\u00e8res douces. Et comme si cela ne suffisait pas, le badge lat\u00e9ral c\u00e9l\u00e9brant le 70e anniversaire d&#8217;Abarth ne manquera pas de souligner l&#8217;exclusivit\u00e9 de ce mod\u00e8le particulier.<\/p>\n<p>Cette Abarth 124 Spider repose sur des jantes de 17 pouces \u00e9quip\u00e9es de pneus Bridgestone, qui ont peut-\u00eatre fait leur temps. Les jantes permettent \u00e9galement de voir clairement les \u00e9normes \u00e9triers de frein Brembo rouges qui promettent une excellente puissance de freinage.<\/p>\n<h2>Int\u00e9rieur<\/h2>\n<p>Tout comme l&#8217;aspect ext\u00e9rieur, l&#8217;int\u00e9rieur pr\u00e9sente plusieurs d\u00e9tails qui attirent l&#8217;attention et qui t\u00e9moignent clairement de l&#8217;origine de la voiture. Tout d&#8217;abord, une paire de si\u00e8ges confortables recouverts de cuir su\u00e9d\u00e9, avec un \u00e9norme lettrage rouge Abart cousu dans le dossier. Les d\u00e9tails de couleur rouge accentuent \u00e9galement le volant et le tableau de bord situ\u00e9 derri\u00e8re lui, domin\u00e9 par un compte-tours allant jusqu&#8217;\u00e0 8000 tr\/min. Enfin, le tableau de bord minimaliste ne contient que l&#8217;essentiel, comme les commandes de climatisation et l&#8217;\u00e9cran central, ce qui montre bien que cette voiture est faite avant tout pour la conduite.<\/p>\n<h2>M\u00e9canique<\/h2>\n<p>\u00c0 premi\u00e8re vue, le moteur 1,4 litre sous le capot n&#8217;est pas aussi convaincant qu&#8217;on pourrait le croire. Cependant, gr\u00e2ce \u00e0 un turbocompresseur et \u00e0 une gestion du carburant optimis\u00e9e, qui portent sa puissance \u00e0 170 chevaux, ce 4 cylindres souple est assez puissant. La bo\u00eete de vitesses &#8211; une manuelle classique \u00e0 six rapports &#8211; est un autre d\u00e9tail qui r\u00e9v\u00e8le la vraie nature du Spider. Cette configuration du groupe motopropulseur, associ\u00e9e \u00e0 de superbes suspensions et \u00e0 des freins performants, en fait une v\u00e9ritable voiture de conducteur, con\u00e7ue pour affronter n&#8217;importe quelle route sinueuse.<\/p>\n<h2>Historique du v\u00e9hicule<\/h2>\n<p>Pour finir, un mot ou deux sur l&#8217;\u00e9tat actuel de cette Abarth Spider. Le dernier entretien r\u00e9gulier, qui comprenait une vidange, a \u00e9t\u00e9 effectu\u00e9 en janvier 2023. Plus r\u00e9cemment, en d\u00e9cembre, les freins ont \u00e9t\u00e9 r\u00e9vis\u00e9s. D&#8217;apr\u00e8s les photos fournies et la vid\u00e9o correspondante, la voiture semble en parfait \u00e9tat, sans dommages ni marques d&#8217;usure visibles.<\/p>\n<p>De plus, le vendeur affirme que la voiture, qui se trouve actuellement en Italie, n&#8217;a pas \u00e9t\u00e9 utilis\u00e9e sur circuit ni impliqu\u00e9e dans un quelconque accident, ce que confirme le rapport <a href=\"https:\/\/pistonaddict.com\/wp-content\/uploads\/2023\/12\/abarthspider.pdf\">CARFAX<\/a> sur l&#8217;historique du v\u00e9hicule.<\/p>\n<p><strong><br \/>\nD\u00e9couvrez la vid\u00e9o du d\u00e9marrage \u00e0 froid de ce magnifique Abarth 124 Spider :<\/strong><\/p>\n<p><iframe title=\"Cold Start Video of the Abarth 124 Spider for auction sale\" width=\"1200\" height=\"675\" src=\"https:\/\/www.youtube.com\/embed\/wZs51_ew1WU?feature=oembed\" frameborder=\"0\" allow=\"accelerometer; autoplay; clipboard-write; encrypted-media; gyroscope; picture-in-picture; web-share\" allowfullscreen><\/iframe><\/p>\n","protected":false},"excerpt":{"rendered":"<p>Si vous voulez une voiture esth\u00e9tique, amusante \u00e0 conduire et facile \u00e0 vivre, vous devriez envisager d&#8217;acheter un roadster. Plusieurs mod\u00e8les relativement nouveaux sont propos\u00e9s, dont la 124 Spider, qui partage sa m\u00e9canique avec le roadster le plus c\u00e9l\u00e8bre du moment, la Mazda MX5. En tant que tel, il repr\u00e9sente un m\u00e9lange unique de style italien et de technologie japonaise pr\u00e9cise.<\/p>\n<p>Et lorsque le pr\u00e9parateur maison de Fiat pimente le tout, vous obtenez une <strong>Abarth 124 Spider<\/strong> enflamm\u00e9e, dont l&#8217;un des exemplaires est mis aux ench\u00e8res ici m\u00eame sur notre site. Ce mod\u00e8le 2019 immacul\u00e9 a parcouru un peu plus de 23 000 kilom\u00e8tres et cherche actuellement un nouveau propri\u00e9taire. Outre son allure \u00e9l\u00e9gante et ses performances agr\u00e9ables, il cache un autre atout dans sa manche.<\/p>\n","protected":false},"featured_media":77140,"comment_status":"open","ping_status":"closed","template":"","meta":{"inline_featured_image":false},"product_cat":[754],"product_tag":[2716,2717,2713,950],"acf":[],"yoast_head":"<!-- This site is optimized with the Yoast SEO plugin v22.5 - https:\/\/yoast.com\/wordpress\/plugins\/seo\/ -->\n<title>Abarth 124 Spider auction - Piston Addict.<\/title>\n<meta name=\"robots\" content=\"index, follow, max-snippet:-1, max-image-preview:large, max-video-preview:-1\" \/>\n<link rel=\"canonical\" href=\"https:\/\/pistonaddict.com\/fr\/product\/abarth-124-spider\/\" \/>\n<meta property=\"og:locale\" content=\"fr_FR\" \/>\n<meta property=\"og:type\" content=\"article\" \/>\n<meta property=\"og:title\" content=\"Abarth 124 Spider auction - Piston Addict.\" \/>\n<meta property=\"og:description\" content=\"Si vous voulez une voiture esth\u00e9tique, amusante \u00e0 conduire et facile \u00e0 vivre, vous devriez envisager d&#039;acheter un roadster. Plusieurs mod\u00e8les relativement nouveaux sont propos\u00e9s, dont la 124 Spider, qui partage sa m\u00e9canique avec le roadster le plus c\u00e9l\u00e8bre du moment, la Mazda MX5. En tant que tel, il repr\u00e9sente un m\u00e9lange unique de style italien et de technologie japonaise pr\u00e9cise. Et lorsque le pr\u00e9parateur maison de Fiat pimente le tout, vous obtenez une Abarth 124 Spider enflamm\u00e9e, dont l&#039;un des exemplaires est mis aux ench\u00e8res ici m\u00eame sur notre site. Ce mod\u00e8le 2019 immacul\u00e9 a parcouru un peu plus de 23 000 kilom\u00e8tres et cherche actuellement un nouveau propri\u00e9taire. Outre son allure \u00e9l\u00e9gante et ses performances agr\u00e9ables, il cache un autre atout dans sa manche.\" \/>\n<meta property=\"og:url\" content=\"https:\/\/pistonaddict.com\/fr\/product\/abarth-124-spider\/\" \/>\n<meta property=\"og:site_name\" content=\"Piston Addict\" \/>\n<meta property=\"article:modified_time\" content=\"2024-03-20T08:41:36+00:00\" \/>\n<meta property=\"og:image\" content=\"https:\/\/pistonaddict.com\/wp-content\/uploads\/2023\/12\/image00020-scaled.jpeg\" \/>\n\t<meta property=\"og:image:width\" content=\"2560\" \/>\n\t<meta property=\"og:image:height\" content=\"1920\" \/>\n\t<meta property=\"og:image:type\" content=\"image\/jpeg\" \/>\n<meta name=\"twitter:card\" content=\"summary_large_image\" \/>\n<meta name=\"twitter:label1\" content=\"Dur\u00e9e de lecture estim\u00e9e\" \/>\n\t<meta name=\"twitter:data1\" content=\"2 minutes\" \/>\n<script type=\"application\/ld+json\" class=\"yoast-schema-graph\">{\"@context\":\"https:\/\/schema.org\",\"@graph\":[{\"@type\":\"WebPage\",\"@id\":\"https:\/\/pistonaddict.com\/fr\/product\/abarth-124-spider\/\",\"url\":\"https:\/\/pistonaddict.com\/fr\/product\/abarth-124-spider\/\",\"name\":\"Abarth 124 Spider auction - Piston Addict.\",\"isPartOf\":{\"@id\":\"https:\/\/pistonaddict.com\/fr\/#website\"},\"primaryImageOfPage\":{\"@id\":\"https:\/\/pistonaddict.com\/fr\/product\/abarth-124-spider\/#primaryimage\"},\"image\":{\"@id\":\"https:\/\/pistonaddict.com\/fr\/product\/abarth-124-spider\/#primaryimage\"},\"thumbnailUrl\":\"https:\/\/pistonaddict.com\/wp-content\/uploads\/2023\/12\/image00020-scaled.jpeg\",\"datePublished\":\"2023-12-11T14:55:41+00:00\",\"dateModified\":\"2024-03-20T08:41:36+00:00\",\"breadcrumb\":{\"@id\":\"https:\/\/pistonaddict.com\/fr\/product\/abarth-124-spider\/#breadcrumb\"},\"inLanguage\":\"fr-FR\",\"potentialAction\":[{\"@type\":\"ReadAction\",\"target\":[\"https:\/\/pistonaddict.com\/fr\/product\/abarth-124-spider\/\"]}]},{\"@type\":\"ImageObject\",\"inLanguage\":\"fr-FR\",\"@id\":\"https:\/\/pistonaddict.com\/fr\/product\/abarth-124-spider\/#primaryimage\",\"url\":\"https:\/\/pistonaddict.com\/wp-content\/uploads\/2023\/12\/image00020-scaled.jpeg\",\"contentUrl\":\"https:\/\/pistonaddict.com\/wp-content\/uploads\/2023\/12\/image00020-scaled.jpeg\",\"width\":2560,\"height\":1920},{\"@type\":\"BreadcrumbList\",\"@id\":\"https:\/\/pistonaddict.com\/fr\/product\/abarth-124-spider\/#breadcrumb\",\"itemListElement\":[{\"@type\":\"ListItem\",\"position\":1,\"name\":\"Homepage\",\"item\":\"https:\/\/pistonaddict.com\/fr\/page-daccueil\/\"},{\"@type\":\"ListItem\",\"position\":2,\"name\":\"Auctions\",\"item\":\"https:\/\/pistonaddict.com\/auctions-listing\/\"},{\"@type\":\"ListItem\",\"position\":3,\"name\":\"Abarth 124 Spider\"}]},{\"@type\":\"WebSite\",\"@id\":\"https:\/\/pistonaddict.com\/fr\/#website\",\"url\":\"https:\/\/pistonaddict.com\/fr\/\",\"name\":\"Piston Addict\",\"description\":\"Only interesting vehicles\",\"publisher\":{\"@id\":\"https:\/\/pistonaddict.com\/fr\/#organization\"},\"potentialAction\":[{\"@type\":\"SearchAction\",\"target\":{\"@type\":\"EntryPoint\",\"urlTemplate\":\"https:\/\/pistonaddict.com\/fr\/?s={search_term_string}\"},\"query-input\":\"required name=search_term_string\"}],\"inLanguage\":\"fr-FR\"},{\"@type\":\"Organization\",\"@id\":\"https:\/\/pistonaddict.com\/fr\/#organization\",\"name\":\"Piston Addict\",\"url\":\"https:\/\/pistonaddict.com\/fr\/\",\"logo\":{\"@type\":\"ImageObject\",\"inLanguage\":\"fr-FR\",\"@id\":\"https:\/\/pistonaddict.com\/fr\/#\/schema\/logo\/image\/\",\"url\":\"https:\/\/pistonaddict.com\/wp-content\/uploads\/2022\/07\/logo-6.png\",\"contentUrl\":\"https:\/\/pistonaddict.com\/wp-content\/uploads\/2022\/07\/logo-6.png\",\"width\":970,\"height\":200,\"caption\":\"Piston Addict\"},\"image\":{\"@id\":\"https:\/\/pistonaddict.com\/fr\/#\/schema\/logo\/image\/\"}}]}<\/script>\n<!-- \/ Yoast SEO plugin. -->","yoast_head_json":{"title":"Abarth 124 Spider auction - Piston Addict.","robots":{"index":"index","follow":"follow","max-snippet":"max-snippet:-1","max-image-preview":"max-image-preview:large","max-video-preview":"max-video-preview:-1"},"canonical":"https:\/\/pistonaddict.com\/fr\/product\/abarth-124-spider\/","og_locale":"fr_FR","og_type":"article","og_title":"Abarth 124 Spider auction - Piston Addict.","og_description":"Si vous voulez une voiture esth\u00e9tique, amusante \u00e0 conduire et facile \u00e0 vivre, vous devriez envisager d'acheter un roadster. Plusieurs mod\u00e8les relativement nouveaux sont propos\u00e9s, dont la 124 Spider, qui partage sa m\u00e9canique avec le roadster le plus c\u00e9l\u00e8bre du moment, la Mazda MX5. En tant que tel, il repr\u00e9sente un m\u00e9lange unique de style italien et de technologie japonaise pr\u00e9cise. Et lorsque le pr\u00e9parateur maison de Fiat pimente le tout, vous obtenez une Abarth 124 Spider enflamm\u00e9e, dont l'un des exemplaires est mis aux ench\u00e8res ici m\u00eame sur notre site. Ce mod\u00e8le 2019 immacul\u00e9 a parcouru un peu plus de 23 000 kilom\u00e8tres et cherche actuellement un nouveau propri\u00e9taire. Outre son allure \u00e9l\u00e9gante et ses performances agr\u00e9ables, il cache un autre atout dans sa manche.","og_url":"https:\/\/pistonaddict.com\/fr\/product\/abarth-124-spider\/","og_site_name":"Piston Addict","article_modified_time":"2024-03-20T08:41:36+00:00","og_image":[{"width":2560,"height":1920,"url":"https:\/\/pistonaddict.com\/wp-content\/uploads\/2023\/12\/image00020-scaled.jpeg","type":"image\/jpeg"}],"twitter_card":"summary_large_image","twitter_misc":{"Dur\u00e9e de lecture estim\u00e9e":"2 minutes"},"schema":{"@context":"https:\/\/schema.org","@graph":[{"@type":"WebPage","@id":"https:\/\/pistonaddict.com\/fr\/product\/abarth-124-spider\/","url":"https:\/\/pistonaddict.com\/fr\/product\/abarth-124-spider\/","name":"Abarth 124 Spider auction - Piston Addict.","isPartOf":{"@id":"https:\/\/pistonaddict.com\/fr\/#website"},"primaryImageOfPage":{"@id":"https:\/\/pistonaddict.com\/fr\/product\/abarth-124-spider\/#primaryimage"},"image":{"@id":"https:\/\/pistonaddict.com\/fr\/product\/abarth-124-spider\/#primaryimage"},"thumbnailUrl":"https:\/\/pistonaddict.com\/wp-content\/uploads\/2023\/12\/image00020-scaled.jpeg","datePublished":"2023-12-11T14:55:41+00:00","dateModified":"2024-03-20T08:41:36+00:00","breadcrumb":{"@id":"https:\/\/pistonaddict.com\/fr\/product\/abarth-124-spider\/#breadcrumb"},"inLanguage":"fr-FR","potentialAction":[{"@type":"ReadAction","target":["https:\/\/pistonaddict.com\/fr\/product\/abarth-124-spider\/"]}]},{"@type":"ImageObject","inLanguage":"fr-FR","@id":"https:\/\/pistonaddict.com\/fr\/product\/abarth-124-spider\/#primaryimage","url":"https:\/\/pistonaddict.com\/wp-content\/uploads\/2023\/12\/image00020-scaled.jpeg","contentUrl":"https:\/\/pistonaddict.com\/wp-content\/uploads\/2023\/12\/image00020-scaled.jpeg","width":2560,"height":1920},{"@type":"BreadcrumbList","@id":"https:\/\/pistonaddict.com\/fr\/product\/abarth-124-spider\/#breadcrumb","itemListElement":[{"@type":"ListItem","position":1,"name":"Homepage","item":"https:\/\/pistonaddict.com\/fr\/page-daccueil\/"},{"@type":"ListItem","position":2,"name":"Auctions","item":"https:\/\/pistonaddict.com\/auctions-listing\/"},{"@type":"ListItem","position":3,"name":"Abarth 124 Spider"}]},{"@type":"WebSite","@id":"https:\/\/pistonaddict.com\/fr\/#website","url":"https:\/\/pistonaddict.com\/fr\/","name":"Piston Addict","description":"Only interesting vehicles","publisher":{"@id":"https:\/\/pistonaddict.com\/fr\/#organization"},"potentialAction":[{"@type":"SearchAction","target":{"@type":"EntryPoint","urlTemplate":"https:\/\/pistonaddict.com\/fr\/?s={search_term_string}"},"query-input":"required name=search_term_string"}],"inLanguage":"fr-FR"},{"@type":"Organization","@id":"https:\/\/pistonaddict.com\/fr\/#organization","name":"Piston Addict","url":"https:\/\/pistonaddict.com\/fr\/","logo":{"@type":"ImageObject","inLanguage":"fr-FR","@id":"https:\/\/pistonaddict.com\/fr\/#\/schema\/logo\/image\/","url":"https:\/\/pistonaddict.com\/wp-content\/uploads\/2022\/07\/logo-6.png","contentUrl":"https:\/\/pistonaddict.com\/wp-content\/uploads\/2022\/07\/logo-6.png","width":970,"height":200,"caption":"Piston Addict"},"image":{"@id":"https:\/\/pistonaddict.com\/fr\/#\/schema\/logo\/image\/"}}]}},"_links":{"self":[{"href":"https:\/\/pistonaddict.com\/fr\/wp-json\/wp\/v2\/product\/77360"}],"collection":[{"href":"https:\/\/pistonaddict.com\/fr\/wp-json\/wp\/v2\/product"}],"about":[{"href":"https:\/\/pistonaddict.com\/fr\/wp-json\/wp\/v2\/types\/product"}],"replies":[{"embeddable":true,"href":"https:\/\/pistonaddict.com\/fr\/wp-json\/wp\/v2\/comments?post=77360"}],"wp:featuredmedia":[{"embeddable":true,"href":"https:\/\/pistonaddict.com\/fr\/wp-json\/wp\/v2\/media\/77140"}],"wp:attachment":[{"href":"https:\/\/pistonaddict.com\/fr\/wp-json\/wp\/v2\/media?parent=77360"}],"wp:term":[{"taxonomy":"product_cat","embeddable":true,"href":"https:\/\/pistonaddict.com\/fr\/wp-json\/wp\/v2\/product_cat?post=77360"},{"taxonomy":"product_tag","embeddable":true,"href":"https:\/\/pistonaddict.com\/fr\/wp-json\/wp\/v2\/product_tag?post=77360"}],"curies":[{"name":"wp","href":"https:\/\/api.w.org\/{rel}","templated":true}]}}