{"id":76300,"date":"2023-12-01T10:53:23","date_gmt":"2023-12-01T09:53:23","guid":{"rendered":"https:\/\/pistonaddict.com\/product\/ferrari-488-gtb\/"},"modified":"2023-12-20T11:45:39","modified_gmt":"2023-12-20T10:45:39","slug":"ferrari-488-gtb","status":"publish","type":"product","link":"https:\/\/pistonaddict.com\/fr\/product\/ferrari-488-gtb\/","title":{"rendered":"Ferrari 488 GTB"},"content":{"rendered":"<p><strong>Histoire de l&#8217;automobile<\/strong><\/p>\n<p>Rempla\u00e7ant la 458 Italia en 2015, Ferrari a pr\u00e9sent\u00e9 la 488 GTB, qui \u00e9tait la premi\u00e8re Ferrari \u00e0 moteur central V8 turbocompress\u00e9 depuis la l\u00e9gendaire F40. Bien que la 488 GTB ait une cylindr\u00e9e inf\u00e9rieure, avec seulement un V8 de 3,9 litres, elle d\u00e9veloppe 100 ch de plus que la 458 Italia, avec une puissance \u00e9tonnante de 670 ch. Mais ce qui est encore plus excitant, c&#8217;est le couple, impressionnant avec 760 Nm, qui garantit une acc\u00e9l\u00e9ration fulgurante, une r\u00e9ponse instantan\u00e9e de l&#8217;acc\u00e9l\u00e9rateur et une dynamique de conduite incroyable. La vitesse de 100 km\/h est atteinte en seulement 3 secondes, et la vitesse de pointe de 330 km\/h semble incroyable. Avec un faible kilom\u00e9trage, des options int\u00e9ressantes et des freins en carbone, la 488 GTB que nous proposons est un v\u00e9ritable mod\u00e8le de conduite pr\u00eat \u00e0 vous \u00e9tonner avec la puissance, le raffinement et la dynamique de conduite d&#8217;un avion de chasse.<\/p>\n<p><strong>Int\u00e9rieur<\/strong><\/p>\n<p>Cette Ferrari ayant \u00e9t\u00e9 m\u00e9ticuleusement entretenue, l&#8217;int\u00e9rieur en cuir noir et Alcantara est en tr\u00e8s bon \u00e9tat et ne pr\u00e9sente aucune trace d&#8217;utilisation. Le propri\u00e9taire initial de cette voiture a opt\u00e9 pour des options de performance telles que des si\u00e8ges \u00e0 dossier en carbone avec une combinaison de cuir et d&#8217;Alcantara, un affichage num\u00e9rique sur le volant et des inserts int\u00e9rieurs en carbone. Tous ces \u00e9l\u00e9ments sont en parfait \u00e9tat, sans aucune \u00e9gratignure, et ajoutent \u00e0 l&#8217;impression de performance de cette voiture. Il n&#8217;y a aucune modification et tout fonctionne comme pr\u00e9vu.<\/p>\n<p><strong>Condition<\/strong><\/p>\n<p>Initialement, cette Ferrari 488 GTB a \u00e9t\u00e9 livr\u00e9e en avril 2016 \u00e0 son premier propri\u00e9taire en France et acquise par le vendeur en 2022. Cette supercar est dans un \u00e9tat impeccable, avec seulement 20 500 kilom\u00e8tres au compteur. La voiture n&#8217;a jamais fait l&#8217;objet d&#8217;une course ou d&#8217;un circuit et n&#8217;a jamais \u00e9t\u00e9 impliqu\u00e9e dans un accident. Toujours soigneusement entretenu, les freins ont \u00e9t\u00e9 r\u00e9vis\u00e9s fin novembre 2023 et le dernier entretien complet a \u00e9t\u00e9 effectu\u00e9 en mai de la m\u00eame ann\u00e9e. Les futurs propri\u00e9taires seront heureux d&#8217;apprendre que cet exemplaire est couvert par une garantie Ferrari \u00e9tendue (la Ferrari Power), qui est transf\u00e9rable. L&#8217;entretien a toujours \u00e9t\u00e9 effectu\u00e9 par un concessionnaire agr\u00e9\u00e9, et il est document\u00e9. Cependant, l&#8217;un des arguments de vente de cette voiture particuli\u00e8re est sa longue liste d&#8217;options. <strong>Cette 488 GTB est \u00e9quip\u00e9e d&#8217;un syst\u00e8me ATF, de freins en c\u00e9ramique avec \u00e9triers de freins peints, de panneaux de portes et de si\u00e8ges en fibre de carbone, d&#8217;un PDC avant et arri\u00e8re, d&#8217;un lift de suspension et d&#8217;inserts en carbone<\/strong>. Tout cela en fait une voiture unique aux caract\u00e9ristiques id\u00e9ales pour le conducteur.<\/p>\n<p><strong>Ext\u00e9rieur et roues<\/strong><\/p>\n<p>Cette 488 GTB est habill\u00e9e d&#8217;une superbe teinte Grigio Silverstone et d&#8217;un int\u00e9rieur noir assorti, ce qui en fait un v\u00e9ritable objet de curiosit\u00e9. Bien qu&#8217;il ne soit pas rouge, il est encore plus beau et discret en gris fonc\u00e9. Bien entendu, la carrosserie est exempte de rayures et de bosses. Avec des jantes d&#8217;usine de 20 pouces chauss\u00e9es de pneus Pirelli neufs et corrects, cette fantastique 488 GTB est pr\u00eate \u00e0 transformer ses 670 ch en une exp\u00e9rience de conduite unique.<\/p>\n<p><strong> <\/strong><strong>Documentation<\/strong><\/p>\n<p>Le professionnel vend ce v\u00e9hicule avec la documentation appropri\u00e9e, situ\u00e9 en France. Le <a href=\"https:\/\/pistonaddict.com\/wp-content\/uploads\/2023\/12\/Ferrari488GTB.pdf\" target=\"_blank\" rel=\"noopener\">rapport CarVertical<\/a> est vierge ; il n&#8217;existe aucune preuve d&#8217;accident, de r\u00e9paration d&#8217;accident, de propri\u00e9t\u00e9 ou de probl\u00e8mes juridiques. Il existe des registres d&#8217;entretien r\u00e9gulier, des actes de vente et des re\u00e7us. <strong>Une garantie d&#8217;usine \u00e9tendue \u00e0 ce mod\u00e8le pendant 12 mois<\/strong> et un certificat de conformit\u00e9 (d&#8217;une valeur de 2000 euros) sont des preuves suppl\u00e9mentaires qu&#8217;il s&#8217;agit d&#8217;un v\u00e9hicule de collection de premier ordre.<\/p>\n<p><strong><br \/>\nD\u00e9couvrez la vid\u00e9o du d\u00e9marrage \u00e0 froid de cette magnifique Ferrari 488 GTB :<\/strong><\/p>\n<p><iframe title=\"Cold Start Video of the Ferrari 488 GTB for auction sale\" width=\"1200\" height=\"675\" src=\"https:\/\/www.youtube.com\/embed\/_SyEnhUZHXQ?feature=oembed\" frameborder=\"0\" allow=\"accelerometer; autoplay; clipboard-write; encrypted-media; gyroscope; picture-in-picture; web-share\" allowfullscreen><\/iframe><\/p>\n","protected":false},"excerpt":{"rendered":"<p>Si la Ferrari 458 Italia \u00e9tait la perfection atmosph\u00e9rique, son successeur, la 488 Italia, est un chef-d&#8217;\u0153uvre turbocompress\u00e9. La 458 Italia a \u00e9tabli des normes extr\u00eamement \u00e9lev\u00e9es pour la cat\u00e9gorie des voitures de sport \u00e0 moteur central, mais Ferrari a r\u00e9ussi \u00e0 d\u00e9passer les attentes avec la 488 GTB. Incroyablement puissante, agressive et rapide, la 488 GTB est une v\u00e9ritable voiture de sport de connaisseur, aussi \u00e0 l&#8217;aise sur l&#8217;Autobahn que sur le circuit. L&#8217;exemple que nous avons en vente est l&#8217;un des meilleurs disponibles.<\/p>\n","protected":false},"featured_media":75673,"comment_status":"open","ping_status":"closed","template":"","meta":{"inline_featured_image":false},"product_cat":[754],"product_tag":[2685,2250,2684,921],"acf":[],"yoast_head":"<!-- This site is optimized with the Yoast SEO plugin v22.5 - https:\/\/yoast.com\/wordpress\/plugins\/seo\/ -->\n<title>Ferrari 488 GTB auction - Piston Addict.<\/title>\n<meta name=\"robots\" content=\"index, follow, max-snippet:-1, max-image-preview:large, max-video-preview:-1\" \/>\n<link rel=\"canonical\" href=\"https:\/\/pistonaddict.com\/fr\/product\/ferrari-488-gtb\/\" \/>\n<meta property=\"og:locale\" content=\"fr_FR\" \/>\n<meta property=\"og:type\" content=\"article\" \/>\n<meta property=\"og:title\" content=\"Ferrari 488 GTB auction - Piston Addict.\" \/>\n<meta property=\"og:description\" content=\"Si la Ferrari 458 Italia \u00e9tait la perfection atmosph\u00e9rique, son successeur, la 488 Italia, est un chef-d&#039;\u0153uvre turbocompress\u00e9. La 458 Italia a \u00e9tabli des normes extr\u00eamement \u00e9lev\u00e9es pour la cat\u00e9gorie des voitures de sport \u00e0 moteur central, mais Ferrari a r\u00e9ussi \u00e0 d\u00e9passer les attentes avec la 488 GTB. Incroyablement puissante, agressive et rapide, la 488 GTB est une v\u00e9ritable voiture de sport de connaisseur, aussi \u00e0 l&#039;aise sur l&#039;Autobahn que sur le circuit. L&#039;exemple que nous avons en vente est l&#039;un des meilleurs disponibles.\" \/>\n<meta property=\"og:url\" content=\"https:\/\/pistonaddict.com\/fr\/product\/ferrari-488-gtb\/\" \/>\n<meta property=\"og:site_name\" content=\"Piston Addict\" \/>\n<meta property=\"article:modified_time\" content=\"2023-12-20T10:45:39+00:00\" \/>\n<meta property=\"og:image\" content=\"https:\/\/pistonaddict.com\/wp-content\/uploads\/2023\/12\/IMG_0075-1024x765.png\" \/>\n\t<meta property=\"og:image:width\" content=\"1024\" \/>\n\t<meta property=\"og:image:height\" content=\"765\" \/>\n\t<meta property=\"og:image:type\" content=\"image\/png\" \/>\n<meta name=\"twitter:card\" content=\"summary_large_image\" \/>\n<meta name=\"twitter:label1\" content=\"Dur\u00e9e de lecture estim\u00e9e\" \/>\n\t<meta name=\"twitter:data1\" content=\"3 minutes\" \/>\n<script type=\"application\/ld+json\" class=\"yoast-schema-graph\">{\"@context\":\"https:\/\/schema.org\",\"@graph\":[{\"@type\":\"WebPage\",\"@id\":\"https:\/\/pistonaddict.com\/fr\/product\/ferrari-488-gtb\/\",\"url\":\"https:\/\/pistonaddict.com\/fr\/product\/ferrari-488-gtb\/\",\"name\":\"Ferrari 488 GTB auction - Piston Addict.\",\"isPartOf\":{\"@id\":\"https:\/\/pistonaddict.com\/fr\/#website\"},\"primaryImageOfPage\":{\"@id\":\"https:\/\/pistonaddict.com\/fr\/product\/ferrari-488-gtb\/#primaryimage\"},\"image\":{\"@id\":\"https:\/\/pistonaddict.com\/fr\/product\/ferrari-488-gtb\/#primaryimage\"},\"thumbnailUrl\":\"https:\/\/pistonaddict.com\/wp-content\/uploads\/2023\/12\/IMG_0075.png\",\"datePublished\":\"2023-12-01T09:53:23+00:00\",\"dateModified\":\"2023-12-20T10:45:39+00:00\",\"breadcrumb\":{\"@id\":\"https:\/\/pistonaddict.com\/fr\/product\/ferrari-488-gtb\/#breadcrumb\"},\"inLanguage\":\"fr-FR\",\"potentialAction\":[{\"@type\":\"ReadAction\",\"target\":[\"https:\/\/pistonaddict.com\/fr\/product\/ferrari-488-gtb\/\"]}]},{\"@type\":\"ImageObject\",\"inLanguage\":\"fr-FR\",\"@id\":\"https:\/\/pistonaddict.com\/fr\/product\/ferrari-488-gtb\/#primaryimage\",\"url\":\"https:\/\/pistonaddict.com\/wp-content\/uploads\/2023\/12\/IMG_0075.png\",\"contentUrl\":\"https:\/\/pistonaddict.com\/wp-content\/uploads\/2023\/12\/IMG_0075.png\",\"width\":2160,\"height\":1614},{\"@type\":\"BreadcrumbList\",\"@id\":\"https:\/\/pistonaddict.com\/fr\/product\/ferrari-488-gtb\/#breadcrumb\",\"itemListElement\":[{\"@type\":\"ListItem\",\"position\":1,\"name\":\"Homepage\",\"item\":\"https:\/\/pistonaddict.com\/fr\/page-daccueil\/\"},{\"@type\":\"ListItem\",\"position\":2,\"name\":\"Auctions\",\"item\":\"https:\/\/pistonaddict.com\/auctions-listing\/\"},{\"@type\":\"ListItem\",\"position\":3,\"name\":\"Ferrari 488 GTB\"}]},{\"@type\":\"WebSite\",\"@id\":\"https:\/\/pistonaddict.com\/fr\/#website\",\"url\":\"https:\/\/pistonaddict.com\/fr\/\",\"name\":\"Piston Addict\",\"description\":\"Only interesting vehicles\",\"publisher\":{\"@id\":\"https:\/\/pistonaddict.com\/fr\/#organization\"},\"potentialAction\":[{\"@type\":\"SearchAction\",\"target\":{\"@type\":\"EntryPoint\",\"urlTemplate\":\"https:\/\/pistonaddict.com\/fr\/?s={search_term_string}\"},\"query-input\":\"required name=search_term_string\"}],\"inLanguage\":\"fr-FR\"},{\"@type\":\"Organization\",\"@id\":\"https:\/\/pistonaddict.com\/fr\/#organization\",\"name\":\"Piston Addict\",\"url\":\"https:\/\/pistonaddict.com\/fr\/\",\"logo\":{\"@type\":\"ImageObject\",\"inLanguage\":\"fr-FR\",\"@id\":\"https:\/\/pistonaddict.com\/fr\/#\/schema\/logo\/image\/\",\"url\":\"https:\/\/pistonaddict.com\/wp-content\/uploads\/2022\/07\/logo-6.png\",\"contentUrl\":\"https:\/\/pistonaddict.com\/wp-content\/uploads\/2022\/07\/logo-6.png\",\"width\":970,\"height\":200,\"caption\":\"Piston Addict\"},\"image\":{\"@id\":\"https:\/\/pistonaddict.com\/fr\/#\/schema\/logo\/image\/\"}}]}<\/script>\n<!-- \/ Yoast SEO plugin. -->","yoast_head_json":{"title":"Ferrari 488 GTB auction - Piston Addict.","robots":{"index":"index","follow":"follow","max-snippet":"max-snippet:-1","max-image-preview":"max-image-preview:large","max-video-preview":"max-video-preview:-1"},"canonical":"https:\/\/pistonaddict.com\/fr\/product\/ferrari-488-gtb\/","og_locale":"fr_FR","og_type":"article","og_title":"Ferrari 488 GTB auction - Piston Addict.","og_description":"Si la Ferrari 458 Italia \u00e9tait la perfection atmosph\u00e9rique, son successeur, la 488 Italia, est un chef-d'\u0153uvre turbocompress\u00e9. La 458 Italia a \u00e9tabli des normes extr\u00eamement \u00e9lev\u00e9es pour la cat\u00e9gorie des voitures de sport \u00e0 moteur central, mais Ferrari a r\u00e9ussi \u00e0 d\u00e9passer les attentes avec la 488 GTB. Incroyablement puissante, agressive et rapide, la 488 GTB est une v\u00e9ritable voiture de sport de connaisseur, aussi \u00e0 l'aise sur l'Autobahn que sur le circuit. L'exemple que nous avons en vente est l'un des meilleurs disponibles.","og_url":"https:\/\/pistonaddict.com\/fr\/product\/ferrari-488-gtb\/","og_site_name":"Piston Addict","article_modified_time":"2023-12-20T10:45:39+00:00","og_image":[{"width":1024,"height":765,"url":"https:\/\/pistonaddict.com\/wp-content\/uploads\/2023\/12\/IMG_0075-1024x765.png","type":"image\/png"}],"twitter_card":"summary_large_image","twitter_misc":{"Dur\u00e9e de lecture estim\u00e9e":"3 minutes"},"schema":{"@context":"https:\/\/schema.org","@graph":[{"@type":"WebPage","@id":"https:\/\/pistonaddict.com\/fr\/product\/ferrari-488-gtb\/","url":"https:\/\/pistonaddict.com\/fr\/product\/ferrari-488-gtb\/","name":"Ferrari 488 GTB auction - Piston Addict.","isPartOf":{"@id":"https:\/\/pistonaddict.com\/fr\/#website"},"primaryImageOfPage":{"@id":"https:\/\/pistonaddict.com\/fr\/product\/ferrari-488-gtb\/#primaryimage"},"image":{"@id":"https:\/\/pistonaddict.com\/fr\/product\/ferrari-488-gtb\/#primaryimage"},"thumbnailUrl":"https:\/\/pistonaddict.com\/wp-content\/uploads\/2023\/12\/IMG_0075.png","datePublished":"2023-12-01T09:53:23+00:00","dateModified":"2023-12-20T10:45:39+00:00","breadcrumb":{"@id":"https:\/\/pistonaddict.com\/fr\/product\/ferrari-488-gtb\/#breadcrumb"},"inLanguage":"fr-FR","potentialAction":[{"@type":"ReadAction","target":["https:\/\/pistonaddict.com\/fr\/product\/ferrari-488-gtb\/"]}]},{"@type":"ImageObject","inLanguage":"fr-FR","@id":"https:\/\/pistonaddict.com\/fr\/product\/ferrari-488-gtb\/#primaryimage","url":"https:\/\/pistonaddict.com\/wp-content\/uploads\/2023\/12\/IMG_0075.png","contentUrl":"https:\/\/pistonaddict.com\/wp-content\/uploads\/2023\/12\/IMG_0075.png","width":2160,"height":1614},{"@type":"BreadcrumbList","@id":"https:\/\/pistonaddict.com\/fr\/product\/ferrari-488-gtb\/#breadcrumb","itemListElement":[{"@type":"ListItem","position":1,"name":"Homepage","item":"https:\/\/pistonaddict.com\/fr\/page-daccueil\/"},{"@type":"ListItem","position":2,"name":"Auctions","item":"https:\/\/pistonaddict.com\/auctions-listing\/"},{"@type":"ListItem","position":3,"name":"Ferrari 488 GTB"}]},{"@type":"WebSite","@id":"https:\/\/pistonaddict.com\/fr\/#website","url":"https:\/\/pistonaddict.com\/fr\/","name":"Piston Addict","description":"Only interesting vehicles","publisher":{"@id":"https:\/\/pistonaddict.com\/fr\/#organization"},"potentialAction":[{"@type":"SearchAction","target":{"@type":"EntryPoint","urlTemplate":"https:\/\/pistonaddict.com\/fr\/?s={search_term_string}"},"query-input":"required name=search_term_string"}],"inLanguage":"fr-FR"},{"@type":"Organization","@id":"https:\/\/pistonaddict.com\/fr\/#organization","name":"Piston Addict","url":"https:\/\/pistonaddict.com\/fr\/","logo":{"@type":"ImageObject","inLanguage":"fr-FR","@id":"https:\/\/pistonaddict.com\/fr\/#\/schema\/logo\/image\/","url":"https:\/\/pistonaddict.com\/wp-content\/uploads\/2022\/07\/logo-6.png","contentUrl":"https:\/\/pistonaddict.com\/wp-content\/uploads\/2022\/07\/logo-6.png","width":970,"height":200,"caption":"Piston Addict"},"image":{"@id":"https:\/\/pistonaddict.com\/fr\/#\/schema\/logo\/image\/"}}]}},"_links":{"self":[{"href":"https:\/\/pistonaddict.com\/fr\/wp-json\/wp\/v2\/product\/76300"}],"collection":[{"href":"https:\/\/pistonaddict.com\/fr\/wp-json\/wp\/v2\/product"}],"about":[{"href":"https:\/\/pistonaddict.com\/fr\/wp-json\/wp\/v2\/types\/product"}],"replies":[{"embeddable":true,"href":"https:\/\/pistonaddict.com\/fr\/wp-json\/wp\/v2\/comments?post=76300"}],"wp:featuredmedia":[{"embeddable":true,"href":"https:\/\/pistonaddict.com\/fr\/wp-json\/wp\/v2\/media\/75673"}],"wp:attachment":[{"href":"https:\/\/pistonaddict.com\/fr\/wp-json\/wp\/v2\/media?parent=76300"}],"wp:term":[{"taxonomy":"product_cat","embeddable":true,"href":"https:\/\/pistonaddict.com\/fr\/wp-json\/wp\/v2\/product_cat?post=76300"},{"taxonomy":"product_tag","embeddable":true,"href":"https:\/\/pistonaddict.com\/fr\/wp-json\/wp\/v2\/product_tag?post=76300"}],"curies":[{"name":"wp","href":"https:\/\/api.w.org\/{rel}","templated":true}]}}