{"id":75648,"date":"2023-12-01T10:02:11","date_gmt":"2023-12-01T09:02:11","guid":{"rendered":"https:\/\/pistonaddict.com\/product\/ferrari-458-italia\/"},"modified":"2023-12-20T09:59:20","modified_gmt":"2023-12-20T08:59:20","slug":"ferrari-458-italia","status":"publish","type":"product","link":"https:\/\/pistonaddict.com\/fr\/product\/ferrari-458-italia\/","title":{"rendered":"Ferrari 458 Italia"},"content":{"rendered":"<p><strong>Histoire de l&#8217;automobile<\/strong><\/p>\n<p>La 458 Italia a \u00e9t\u00e9 pr\u00e9sent\u00e9e en 2009 et a marqu\u00e9 une nouvelle \u00e8re pour cette marque l\u00e9gendaire, en introduisant un nouveau langage de conception, un moteur V8 de 4,5 litres, un diff\u00e9rentiel \u00e9lectronique et une bo\u00eete de vitesses automatique \u00e0 double embrayage \u00e0 7 rapports comme seule option de moteur. Avec 570 ch envoy\u00e9s aux roues arri\u00e8re et une ligne rouge \u00e0 9 000 tr\/min, la 458 Italia offre une dynamique de conduite proche de celle de la Formule 1, avec la m\u00eame bande-son et la m\u00eame excitation. D\u00e8s le d\u00e9part, les testeurs des magazines ont d\u00e9clar\u00e9 que la 458 \u00e9tait l&#8217;une des meilleures Ferrari de route disponibles, un titre prestigieux qui n&#8217;est pas sans raison. C&#8217;est un \u00e9talon italien d&#8217;une rapidit\u00e9 foudroyante, avec un 0 \u00e0 100 km\/h en moins de 4 secondes et une vitesse de pointe de plus de 320 km\/h. Cette Ferrari 458 particuli\u00e8re a \u00e9t\u00e9 produite en 2011, et le vendeur actuel l&#8217;a acquise en 2022. Avec un ensemble d&#8217;options tr\u00e8s int\u00e9ressant, une peinture rouge-noire classique, un faible kilom\u00e9trage et un entretien r\u00e9cent, elle est pr\u00eate \u00e0 \u00eatre appr\u00e9ci\u00e9e par son nouveau propri\u00e9taire. Le propri\u00e9taire d&#8217;origine de cette voiture s&#8217;est concentr\u00e9 sur les options de confort telles que le syst\u00e8me d&#8217;\u00e9clairage avant adaptatif, les si\u00e8ges chauffants, le PDC pour faciliter les man\u0153uvres et le stationnement, la colonne de direction \u00e0 r\u00e9glage \u00e9lectrique, et bien plus encore. Tout cela fait de cette 458 Italia un exemple tr\u00e8s bien \u00e9quip\u00e9 et facile \u00e0 utiliser.<\/p>\n<p><strong>Int\u00e9rieur<\/strong><\/p>\n<p>Cette Ferrari ayant \u00e9t\u00e9 m\u00e9ticuleusement entretenue, l&#8217;int\u00e9rieur en cuir noir est en tr\u00e8s bon \u00e9tat avec des traces d&#8217;utilisation minimes. Les si\u00e8ges avec les surpiq\u00fbres rouges sont en parfait \u00e9tat, et le propri\u00e9taire d&#8217;origine a opt\u00e9 pour un look \u00e9l\u00e9gant qui ne se d\u00e9modera jamais. Il n&#8217;y a aucune modification et l&#8217;int\u00e9rieur semble neuf.<\/p>\n<p><strong>Condition<\/strong><\/p>\n<p>Avec seulement 25 500 kilom\u00e8tres, cette Ferrari 458 Italia est immacul\u00e9e et soigneusement entretenue par tous ses utilisateurs. Toutes les proc\u00e9dures d&#8217;entretien ont \u00e9t\u00e9 effectu\u00e9es dans les d\u00e9lais, la derni\u00e8re vidange et le dernier service ayant \u00e9t\u00e9 effectu\u00e9s en mai 2023 et les freins ayant \u00e9t\u00e9 r\u00e9vis\u00e9s il y a quelques jours seulement, \u00e0 la fin du mois de novembre 2023. Cependant, ce qui est encore plus important dans cet exemple pr\u00e9cis, c&#8217;est que tous les rappels effectu\u00e9s en usine pour le mod\u00e8le 458 Italia ont \u00e9t\u00e9 r\u00e9alis\u00e9s par des concessionnaires officiels, documents \u00e0 l&#8217;appui. La voiture a \u00e9t\u00e9 livr\u00e9e \u00e0 l&#8217;origine aux Pays-Bas et le concessionnaire Ferrari agr\u00e9\u00e9 a effectu\u00e9 le service de rappel. En 2019, l&#8217;airbag c\u00f4t\u00e9 passager a \u00e9t\u00e9 remplac\u00e9, et en 2022, le bouchon du r\u00e9servoir de liquide de frein a \u00e9t\u00e9 chang\u00e9. Toutes ces interventions de rappel ont \u00e9t\u00e9 approuv\u00e9es par l&#8217;usine et document\u00e9es. Cela montre que tous les propri\u00e9taires sont des passionn\u00e9s. <strong>Cette voiture b\u00e9n\u00e9ficie d&#8217;une extension de la garantie Ferrari New Power pour les 12 prochains mois<\/strong>.<\/p>\n<p><strong> <\/strong><strong>Ext\u00e9rieur et roues<\/strong><\/p>\n<p>Le Rosso Corsa est la couleur la plus courante chez Ferrari, mais cette teinte l\u00e9gendaire s&#8217;accorde parfaitement avec les lignes s\u00e9duisantes de la 458 Italia. La peinture d&#8217;origine est intacte, il n&#8217;y a aucune trace de coups ou de rayures et la voiture est parfaitement pr\u00e9sentable. Avec des jantes d&#8217;origine de 20 pouces et des pneus Michelin neufs, cette voiture est pr\u00eate \u00e0 donner toute sa mesure. L&#8217;une des options remarquables de cette voiture est le syst\u00e8me de freinage en c\u00e9ramique, qui lui conf\u00e8re une incroyable puissance de freinage.<\/p>\n<p><strong>Documentation<\/strong><\/p>\n<p>Ce v\u00e9hicule est vendu par un professionnel avec la documentation appropri\u00e9e, et il est situ\u00e9 en France. Le rapport <a href=\"https:\/\/pistonaddict.com\/wp-content\/uploads\/2023\/12\/CarVertical458.pdf\" target=\"_blank\" rel=\"noopener\">CarVertical<\/a> est vierge ; il n&#8217;existe aucune preuve d&#8217;accident, de r\u00e9paration d&#8217;accident, de propri\u00e9t\u00e9 ou de probl\u00e8mes juridiques. Il existe des registres d&#8217;entretien r\u00e9gulier ainsi que des brochures d&#8217;usine originales, des factures et des re\u00e7us. Une garantie d&#8217;usine \u00e9tendue (Ferrari Power) de 12 mois sur ce mod\u00e8le et un certificat de conformit\u00e9 (d&#8217;une valeur de 2000 euros) sont des preuves suppl\u00e9mentaires qu&#8217;il s&#8217;agit d&#8217;un v\u00e9hicule de collection de premier ordre.<\/p>\n<p><strong>D\u00e9couvrez la vid\u00e9o du d\u00e9marrage \u00e0 froid de cette magnifique Ferrari 458 Italia :<\/strong><\/p>\n<p><iframe title=\"Cold Start Video of the Ferrari 458 Italia for auction sale\" width=\"1200\" height=\"675\" src=\"https:\/\/www.youtube.com\/embed\/BEdW3ySb03E?feature=oembed\" frameborder=\"0\" allow=\"accelerometer; autoplay; clipboard-write; encrypted-media; gyroscope; picture-in-picture; web-share\" allowfullscreen><\/iframe><\/p>\n","protected":false},"excerpt":{"rendered":"<p>Toujours \u00e0 la pointe de la technologie et de la performance automobile, Ferrari a adopt\u00e9 la suralimentation de s\u00e9rie sur tous ses mod\u00e8les, ainsi que la motorisation hybride. Cependant, pendant un bref moment, Ferrari a produit une voiture de sport tout \u00e0 fait moderne, \u00e9quip\u00e9e d&#8217;un moteur atmosph\u00e9rique hurlant qui combinait parfaitement la technologie contemporaine, les hauts r\u00e9gimes et un moteur immens\u00e9ment puissant pour cette charmante sensation de l&#8217;ancienne \u00e9cole. Oui, nous parlons bien de la 458 Italia, et nous sommes fiers de vous proposer l&#8217;un des meilleurs exemples sur le march\u00e9.<\/p>\n","protected":false},"featured_media":75540,"comment_status":"open","ping_status":"closed","template":"","meta":{"inline_featured_image":false},"product_cat":[754],"product_tag":[2603,2602,2601,921],"acf":[],"yoast_head":"<!-- This site is optimized with the Yoast SEO plugin v22.5 - https:\/\/yoast.com\/wordpress\/plugins\/seo\/ -->\n<title>Ferrari 458 Italia auction - Piston Addict.<\/title>\n<meta name=\"robots\" content=\"index, follow, max-snippet:-1, max-image-preview:large, max-video-preview:-1\" \/>\n<link rel=\"canonical\" href=\"https:\/\/pistonaddict.com\/fr\/product\/ferrari-458-italia\/\" \/>\n<meta property=\"og:locale\" content=\"fr_FR\" \/>\n<meta property=\"og:type\" content=\"article\" \/>\n<meta property=\"og:title\" content=\"Ferrari 458 Italia auction - Piston Addict.\" \/>\n<meta property=\"og:description\" content=\"Toujours \u00e0 la pointe de la technologie et de la performance automobile, Ferrari a adopt\u00e9 la suralimentation de s\u00e9rie sur tous ses mod\u00e8les, ainsi que la motorisation hybride. Cependant, pendant un bref moment, Ferrari a produit une voiture de sport tout \u00e0 fait moderne, \u00e9quip\u00e9e d&#039;un moteur atmosph\u00e9rique hurlant qui combinait parfaitement la technologie contemporaine, les hauts r\u00e9gimes et un moteur immens\u00e9ment puissant pour cette charmante sensation de l&#039;ancienne \u00e9cole. Oui, nous parlons bien de la 458 Italia, et nous sommes fiers de vous proposer l&#039;un des meilleurs exemples sur le march\u00e9.\" \/>\n<meta property=\"og:url\" content=\"https:\/\/pistonaddict.com\/fr\/product\/ferrari-458-italia\/\" \/>\n<meta property=\"og:site_name\" content=\"Piston Addict\" \/>\n<meta property=\"article:modified_time\" content=\"2023-12-20T08:59:20+00:00\" \/>\n<meta property=\"og:image\" content=\"https:\/\/pistonaddict.com\/wp-content\/uploads\/2023\/12\/IMG_0124.jpeg\" \/>\n\t<meta property=\"og:image:width\" content=\"1885\" \/>\n\t<meta property=\"og:image:height\" content=\"1207\" \/>\n\t<meta property=\"og:image:type\" content=\"image\/jpeg\" \/>\n<meta name=\"twitter:card\" content=\"summary_large_image\" \/>\n<meta name=\"twitter:label1\" content=\"Dur\u00e9e de lecture estim\u00e9e\" \/>\n\t<meta name=\"twitter:data1\" content=\"4 minutes\" \/>\n<script type=\"application\/ld+json\" class=\"yoast-schema-graph\">{\"@context\":\"https:\/\/schema.org\",\"@graph\":[{\"@type\":\"WebPage\",\"@id\":\"https:\/\/pistonaddict.com\/fr\/product\/ferrari-458-italia\/\",\"url\":\"https:\/\/pistonaddict.com\/fr\/product\/ferrari-458-italia\/\",\"name\":\"Ferrari 458 Italia auction - Piston Addict.\",\"isPartOf\":{\"@id\":\"https:\/\/pistonaddict.com\/fr\/#website\"},\"primaryImageOfPage\":{\"@id\":\"https:\/\/pistonaddict.com\/fr\/product\/ferrari-458-italia\/#primaryimage\"},\"image\":{\"@id\":\"https:\/\/pistonaddict.com\/fr\/product\/ferrari-458-italia\/#primaryimage\"},\"thumbnailUrl\":\"https:\/\/pistonaddict.com\/wp-content\/uploads\/2023\/12\/IMG_0124.jpeg\",\"datePublished\":\"2023-12-01T09:02:11+00:00\",\"dateModified\":\"2023-12-20T08:59:20+00:00\",\"breadcrumb\":{\"@id\":\"https:\/\/pistonaddict.com\/fr\/product\/ferrari-458-italia\/#breadcrumb\"},\"inLanguage\":\"fr-FR\",\"potentialAction\":[{\"@type\":\"ReadAction\",\"target\":[\"https:\/\/pistonaddict.com\/fr\/product\/ferrari-458-italia\/\"]}]},{\"@type\":\"ImageObject\",\"inLanguage\":\"fr-FR\",\"@id\":\"https:\/\/pistonaddict.com\/fr\/product\/ferrari-458-italia\/#primaryimage\",\"url\":\"https:\/\/pistonaddict.com\/wp-content\/uploads\/2023\/12\/IMG_0124.jpeg\",\"contentUrl\":\"https:\/\/pistonaddict.com\/wp-content\/uploads\/2023\/12\/IMG_0124.jpeg\",\"width\":1885,\"height\":1207},{\"@type\":\"BreadcrumbList\",\"@id\":\"https:\/\/pistonaddict.com\/fr\/product\/ferrari-458-italia\/#breadcrumb\",\"itemListElement\":[{\"@type\":\"ListItem\",\"position\":1,\"name\":\"Homepage\",\"item\":\"https:\/\/pistonaddict.com\/fr\/page-daccueil\/\"},{\"@type\":\"ListItem\",\"position\":2,\"name\":\"Auctions\",\"item\":\"https:\/\/pistonaddict.com\/auctions-listing\/\"},{\"@type\":\"ListItem\",\"position\":3,\"name\":\"Ferrari 458 Italia\"}]},{\"@type\":\"WebSite\",\"@id\":\"https:\/\/pistonaddict.com\/fr\/#website\",\"url\":\"https:\/\/pistonaddict.com\/fr\/\",\"name\":\"Piston Addict\",\"description\":\"Only interesting vehicles\",\"publisher\":{\"@id\":\"https:\/\/pistonaddict.com\/fr\/#organization\"},\"potentialAction\":[{\"@type\":\"SearchAction\",\"target\":{\"@type\":\"EntryPoint\",\"urlTemplate\":\"https:\/\/pistonaddict.com\/fr\/?s={search_term_string}\"},\"query-input\":\"required name=search_term_string\"}],\"inLanguage\":\"fr-FR\"},{\"@type\":\"Organization\",\"@id\":\"https:\/\/pistonaddict.com\/fr\/#organization\",\"name\":\"Piston Addict\",\"url\":\"https:\/\/pistonaddict.com\/fr\/\",\"logo\":{\"@type\":\"ImageObject\",\"inLanguage\":\"fr-FR\",\"@id\":\"https:\/\/pistonaddict.com\/fr\/#\/schema\/logo\/image\/\",\"url\":\"https:\/\/pistonaddict.com\/wp-content\/uploads\/2022\/07\/logo-6.png\",\"contentUrl\":\"https:\/\/pistonaddict.com\/wp-content\/uploads\/2022\/07\/logo-6.png\",\"width\":970,\"height\":200,\"caption\":\"Piston Addict\"},\"image\":{\"@id\":\"https:\/\/pistonaddict.com\/fr\/#\/schema\/logo\/image\/\"}}]}<\/script>\n<!-- \/ Yoast SEO plugin. -->","yoast_head_json":{"title":"Ferrari 458 Italia auction - Piston Addict.","robots":{"index":"index","follow":"follow","max-snippet":"max-snippet:-1","max-image-preview":"max-image-preview:large","max-video-preview":"max-video-preview:-1"},"canonical":"https:\/\/pistonaddict.com\/fr\/product\/ferrari-458-italia\/","og_locale":"fr_FR","og_type":"article","og_title":"Ferrari 458 Italia auction - Piston Addict.","og_description":"Toujours \u00e0 la pointe de la technologie et de la performance automobile, Ferrari a adopt\u00e9 la suralimentation de s\u00e9rie sur tous ses mod\u00e8les, ainsi que la motorisation hybride. Cependant, pendant un bref moment, Ferrari a produit une voiture de sport tout \u00e0 fait moderne, \u00e9quip\u00e9e d'un moteur atmosph\u00e9rique hurlant qui combinait parfaitement la technologie contemporaine, les hauts r\u00e9gimes et un moteur immens\u00e9ment puissant pour cette charmante sensation de l'ancienne \u00e9cole. Oui, nous parlons bien de la 458 Italia, et nous sommes fiers de vous proposer l'un des meilleurs exemples sur le march\u00e9.","og_url":"https:\/\/pistonaddict.com\/fr\/product\/ferrari-458-italia\/","og_site_name":"Piston Addict","article_modified_time":"2023-12-20T08:59:20+00:00","og_image":[{"width":1885,"height":1207,"url":"https:\/\/pistonaddict.com\/wp-content\/uploads\/2023\/12\/IMG_0124.jpeg","type":"image\/jpeg"}],"twitter_card":"summary_large_image","twitter_misc":{"Dur\u00e9e de lecture estim\u00e9e":"4 minutes"},"schema":{"@context":"https:\/\/schema.org","@graph":[{"@type":"WebPage","@id":"https:\/\/pistonaddict.com\/fr\/product\/ferrari-458-italia\/","url":"https:\/\/pistonaddict.com\/fr\/product\/ferrari-458-italia\/","name":"Ferrari 458 Italia auction - Piston Addict.","isPartOf":{"@id":"https:\/\/pistonaddict.com\/fr\/#website"},"primaryImageOfPage":{"@id":"https:\/\/pistonaddict.com\/fr\/product\/ferrari-458-italia\/#primaryimage"},"image":{"@id":"https:\/\/pistonaddict.com\/fr\/product\/ferrari-458-italia\/#primaryimage"},"thumbnailUrl":"https:\/\/pistonaddict.com\/wp-content\/uploads\/2023\/12\/IMG_0124.jpeg","datePublished":"2023-12-01T09:02:11+00:00","dateModified":"2023-12-20T08:59:20+00:00","breadcrumb":{"@id":"https:\/\/pistonaddict.com\/fr\/product\/ferrari-458-italia\/#breadcrumb"},"inLanguage":"fr-FR","potentialAction":[{"@type":"ReadAction","target":["https:\/\/pistonaddict.com\/fr\/product\/ferrari-458-italia\/"]}]},{"@type":"ImageObject","inLanguage":"fr-FR","@id":"https:\/\/pistonaddict.com\/fr\/product\/ferrari-458-italia\/#primaryimage","url":"https:\/\/pistonaddict.com\/wp-content\/uploads\/2023\/12\/IMG_0124.jpeg","contentUrl":"https:\/\/pistonaddict.com\/wp-content\/uploads\/2023\/12\/IMG_0124.jpeg","width":1885,"height":1207},{"@type":"BreadcrumbList","@id":"https:\/\/pistonaddict.com\/fr\/product\/ferrari-458-italia\/#breadcrumb","itemListElement":[{"@type":"ListItem","position":1,"name":"Homepage","item":"https:\/\/pistonaddict.com\/fr\/page-daccueil\/"},{"@type":"ListItem","position":2,"name":"Auctions","item":"https:\/\/pistonaddict.com\/auctions-listing\/"},{"@type":"ListItem","position":3,"name":"Ferrari 458 Italia"}]},{"@type":"WebSite","@id":"https:\/\/pistonaddict.com\/fr\/#website","url":"https:\/\/pistonaddict.com\/fr\/","name":"Piston Addict","description":"Only interesting vehicles","publisher":{"@id":"https:\/\/pistonaddict.com\/fr\/#organization"},"potentialAction":[{"@type":"SearchAction","target":{"@type":"EntryPoint","urlTemplate":"https:\/\/pistonaddict.com\/fr\/?s={search_term_string}"},"query-input":"required name=search_term_string"}],"inLanguage":"fr-FR"},{"@type":"Organization","@id":"https:\/\/pistonaddict.com\/fr\/#organization","name":"Piston Addict","url":"https:\/\/pistonaddict.com\/fr\/","logo":{"@type":"ImageObject","inLanguage":"fr-FR","@id":"https:\/\/pistonaddict.com\/fr\/#\/schema\/logo\/image\/","url":"https:\/\/pistonaddict.com\/wp-content\/uploads\/2022\/07\/logo-6.png","contentUrl":"https:\/\/pistonaddict.com\/wp-content\/uploads\/2022\/07\/logo-6.png","width":970,"height":200,"caption":"Piston Addict"},"image":{"@id":"https:\/\/pistonaddict.com\/fr\/#\/schema\/logo\/image\/"}}]}},"_links":{"self":[{"href":"https:\/\/pistonaddict.com\/fr\/wp-json\/wp\/v2\/product\/75648"}],"collection":[{"href":"https:\/\/pistonaddict.com\/fr\/wp-json\/wp\/v2\/product"}],"about":[{"href":"https:\/\/pistonaddict.com\/fr\/wp-json\/wp\/v2\/types\/product"}],"replies":[{"embeddable":true,"href":"https:\/\/pistonaddict.com\/fr\/wp-json\/wp\/v2\/comments?post=75648"}],"wp:featuredmedia":[{"embeddable":true,"href":"https:\/\/pistonaddict.com\/fr\/wp-json\/wp\/v2\/media\/75540"}],"wp:attachment":[{"href":"https:\/\/pistonaddict.com\/fr\/wp-json\/wp\/v2\/media?parent=75648"}],"wp:term":[{"taxonomy":"product_cat","embeddable":true,"href":"https:\/\/pistonaddict.com\/fr\/wp-json\/wp\/v2\/product_cat?post=75648"},{"taxonomy":"product_tag","embeddable":true,"href":"https:\/\/pistonaddict.com\/fr\/wp-json\/wp\/v2\/product_tag?post=75648"}],"curies":[{"name":"wp","href":"https:\/\/api.w.org\/{rel}","templated":true}]}}