{"id":72238,"date":"2023-11-17T17:40:02","date_gmt":"2023-11-17T16:40:02","guid":{"rendered":"https:\/\/pistonaddict.com\/product\/land-rover-defender-p90e-electrique\/"},"modified":"2024-03-19T16:59:41","modified_gmt":"2024-03-19T15:59:41","slug":"land-rover-defender-p90e-electrique","status":"publish","type":"product","link":"https:\/\/pistonaddict.com\/fr\/product\/land-rover-defender-p90e-electrique\/","title":{"rendered":"Land Rover Defender P90E \u00e9lectrique"},"content":{"rendered":"<p><strong>Histoire de l&#8217;automobile<\/strong><\/p>\n<p>Dans le monde des v\u00e9hicules tout-terrain, le Land Rover Defender est une ic\u00f4ne incontestable. Un v\u00e9ritable h\u00e9ros de l&#8217;automobile et un mod\u00e8le qui symbolise encore aujourd&#8217;hui la robustesse, la fiabilit\u00e9 et l&#8217;attitude de fonceur. En tant que telle, elle reste une voiture de r\u00eave pour des millions d&#8217;amateurs de tout-terrain dans le monde entier. Cependant, les mod\u00e8les classiques, aussi cool et charmants qu&#8217;ils soient, sont obsol\u00e8tes dans le monde d&#8217;aujourd&#8217;hui, caract\u00e9ris\u00e9 par la circulation et le souci de l&#8217;environnement. La soci\u00e9t\u00e9 suisse Revive a trouv\u00e9 une solution \u00e0 ce probl\u00e8me et a converti cet exemplaire \u00e0 l&#8217;\u00e9nergie \u00e9lectrique moderne, ce qui a compl\u00e8tement transform\u00e9 la sensation de ce v\u00e9hicule classique et am\u00e9lior\u00e9 ses capacit\u00e9s. Cet exemple particulier a \u00e9t\u00e9 produit en 1999 dans la version souhaitable \u00e0 trois portes et a \u00e9t\u00e9 livr\u00e9 neuf en Suisse. Acquis par le vendeur en 2021, il a fait l&#8217;objet d&#8217;un processus de r\u00e9trofit approfondi par Revive en 2022, qui a abouti \u00e0 la premi\u00e8re conversion du Defender EV en Suisse. Le moteur diesel d&#8217;origine a \u00e9t\u00e9 remplac\u00e9 par un moteur \u00e9lectrique Netgain Hyper 9 de 66 kW (100 ch) accompagn\u00e9 d&#8217;une batterie de 44 kWh. Il est int\u00e9ressant de noter que le moteur \u00e9lectrique a \u00e9t\u00e9 fix\u00e9 \u00e0 la transmission manuelle et au groupe motopropulseur 4&#215;4 d&#8217;origine. Ce Defender pr\u00e9sente une combinaison unique d&#8217;\u00e9nergie \u00e9lectrique et de bo\u00eete de vitesses \u00e0 levier, des performances am\u00e9lior\u00e9es, plus de couple et une autonomie d&#8217;environ 120 \u00e0 130 km (jusqu&#8217;\u00e0 80 miles).<\/p>\n<p><strong>Int\u00e9rieur<\/strong><\/p>\n<p>Hormis l&#8217;\u00e9cran central, l&#8217;int\u00e9rieur de ce Land Rover Defender unique est d&#8217;\u00e9poque et en excellent \u00e9tat. Les si\u00e8ges sont recouverts de tissu, et l&#8217;arri\u00e8re est \u00e9quip\u00e9 d&#8217;une banquette \u00e0 l&#8217;allure sympathique. Le tableau de bord est identique \u00e0 l&#8217;original. Il est \u00e9quip\u00e9 de quelques interrupteurs suppl\u00e9mentaires, d&#8217;un syst\u00e8me audio am\u00e9lior\u00e9 et d&#8217;une jauge de carburant qui a \u00e9t\u00e9 convertie pour indiquer la quantit\u00e9 d&#8217;\u00e9lectricit\u00e9 dans les batteries, ce qui est un excellent d\u00e9tail personnalis\u00e9. M\u00eame si le Defender est d\u00e9sormais \u00e9quip\u00e9 d&#8217;une batterie, il n&#8217;a rien perdu de sa praticit\u00e9 ni de son espace int\u00e9rieur.<\/p>\n<p><strong> <\/strong><strong>Condition<\/strong><\/p>\n<p>Ce tout-terrain l\u00e9gendaire a parcouru 187 654 km depuis sa mise en circulation jusqu&#8217;\u00e0 sa transformation par Revive. Cet exemple particulier a \u00e9t\u00e9 choisi pour son \u00e9tat, l&#8217;absence de dommages ou de rouille, qui sont des probl\u00e8mes courants chez les Defender classiques. Depuis la conversion, le Defender a parcouru pr\u00e8s de 10 000 kilom\u00e8tres et est pr\u00eat \u00e0 en parcourir beaucoup plus puisque son moteur est neuf. Actuellement, le compteur kilom\u00e9trique affiche un peu plus de 197 500 km. La voiture est accompagn\u00e9e d&#8217;un dossier de documentation complet, ainsi que de la documentation et de la garantie de la soci\u00e9t\u00e9 Revive. Le v\u00e9hicule a fait l&#8217;objet d&#8217;un entretien complet juste avant le processus de conversion 2022, les freins ayant \u00e9t\u00e9 r\u00e9vis\u00e9s il y a quelques jours seulement, en novembre 2023. Il est essentiel de pr\u00e9ciser que ce Defender a pass\u00e9 le contr\u00f4le technique suisse, qu&#8217;il a \u00e9t\u00e9 immatricul\u00e9 et qu&#8217;il b\u00e9n\u00e9ficie d&#8217;une garantie de trois ans de la part de Revive, ce qui montre que l&#8217;\u00e9tat g\u00e9n\u00e9ral est fantastique et que le v\u00e9hicule est tout \u00e0 fait apte \u00e0 une utilisation sur route et hors route.<\/p>\n<p><strong> <\/strong><strong>Ext\u00e9rieur et roues<\/strong><\/p>\n<p>De l&#8217;ext\u00e9rieur, ce Defender EV ressemble \u00e0 n&#8217;importe quel autre Land Rover du m\u00eame mill\u00e9sime, et les seules choses qui le distinguent sont les autocollants et le port de charge \u00e0 la place du bouchon de r\u00e9servoir. Avec ses roues d&#8217;origine de 16 pouces chauss\u00e9es de pneus Nokian tout-terrain (datant de 2021), il est capable d&#8217;affronter tous les terrains. Il n&#8217;y a aucune trace de coups, de rayures ou de rouille, et la peinture grise est d&#8217;origine.<\/p>\n<p><strong> <\/strong><strong>Documentation<\/strong><\/p>\n<p>Le propri\u00e9taire vend ce v\u00e9hicule avec la documentation appropri\u00e9e et se trouve en Suisse. Le rapport <a href=\"https:\/\/pistonaddict.com\/wp-content\/uploads\/2023\/11\/CarVertical.pdf\">Car Vertical<\/a> est vierge ; il n&#8217;existe aucune preuve d&#8217;accident, de r\u00e9paration d&#8217;accident, de propri\u00e9t\u00e9 ou de probl\u00e8mes juridiques. Il existe des registres d&#8217;entretien r\u00e9gulier, des brochures d&#8217;usine originales, des actes de vente et des re\u00e7us.  <strong>La voiture est accompagn\u00e9e de la documentation appropri\u00e9e de Revive, d&#8217;une garantie \u00e9crite de trois ans sur le moteur \u00e9lectrique et la batterie, et d&#8217;un contr\u00f4le technique effectu\u00e9 par les autorit\u00e9s suisses. Un manuel d&#8217;utilisation complet et des documents d&#8217;assurance sont \u00e9galement fournis avec la voiture.<\/strong>. Tout cela signifie que ce Defender EV est enti\u00e8rement homologu\u00e9 pour la route, pr\u00eat \u00e0 l&#8217;exportation et utilisable partout.<\/p>\n<p><strong>D\u00e9couvrez la vid\u00e9o du d\u00e9marrage \u00e0 froid de ce Land Rover Defender enti\u00e8rement \u00e9lectrique :<\/strong><\/p>\n<p><iframe title=\"Cold Start Video of the Land Rover Defender full Electric for auction sale\" width=\"1200\" height=\"900\" src=\"https:\/\/www.youtube.com\/embed\/8ZfpIXIwhOI?feature=oembed\" frameborder=\"0\" allow=\"accelerometer; autoplay; clipboard-write; encrypted-media; gyroscope; picture-in-picture; web-share\" allowfullscreen><\/iframe><\/p>\n<p><strong> <\/strong><\/p>\n","protected":false},"excerpt":{"rendered":"<p>L&#8217;un des aspects les plus passionnants de la r\u00e9volution des v\u00e9hicules \u00e9lectriques est la possibilit\u00e9 de r\u00e9inventer les voitures classiques et de leur donner une nouvelle vie. L&#8217;installation d&#8217;un groupe motopropulseur \u00e9lectrique ultramoderne sur un v\u00e9hicule classique va au-del\u00e0 de la restauration et constitue un moyen unique d&#8217;associer cette forme reconnaissable \u00e0 la technologie du XXIe si\u00e8cle. Aujourd&#8217;hui, nous sommes fiers de vous pr\u00e9senter une telle voiture : le Land Rover Defender EV, le premier Defender classique converti en v\u00e9hicule \u00e9lectrique par la soci\u00e9t\u00e9 suisse Revive.<\/p>\n","protected":false},"featured_media":71386,"comment_status":"open","ping_status":"closed","template":"","meta":{"inline_featured_image":false},"product_cat":[754],"product_tag":[2579,2481,2485,2479],"acf":[],"yoast_head":"<!-- This site is optimized with the Yoast SEO plugin v22.5 - https:\/\/yoast.com\/wordpress\/plugins\/seo\/ -->\n<title>Land Rover Defender P90E \u00e9lectrique auction - Piston Addict.<\/title>\n<meta name=\"robots\" content=\"index, follow, max-snippet:-1, max-image-preview:large, max-video-preview:-1\" \/>\n<link rel=\"canonical\" href=\"https:\/\/pistonaddict.com\/fr\/product\/land-rover-defender-p90e-electrique\/\" \/>\n<meta property=\"og:locale\" content=\"fr_FR\" \/>\n<meta property=\"og:type\" content=\"article\" \/>\n<meta property=\"og:title\" content=\"Land Rover Defender P90E \u00e9lectrique auction - Piston Addict.\" \/>\n<meta property=\"og:description\" content=\"L&#039;un des aspects les plus passionnants de la r\u00e9volution des v\u00e9hicules \u00e9lectriques est la possibilit\u00e9 de r\u00e9inventer les voitures classiques et de leur donner une nouvelle vie. L&#039;installation d&#039;un groupe motopropulseur \u00e9lectrique ultramoderne sur un v\u00e9hicule classique va au-del\u00e0 de la restauration et constitue un moyen unique d&#039;associer cette forme reconnaissable \u00e0 la technologie du XXIe si\u00e8cle. Aujourd&#039;hui, nous sommes fiers de vous pr\u00e9senter une telle voiture : le Land Rover Defender EV, le premier Defender classique converti en v\u00e9hicule \u00e9lectrique par la soci\u00e9t\u00e9 suisse Revive.\" \/>\n<meta property=\"og:url\" content=\"https:\/\/pistonaddict.com\/fr\/product\/land-rover-defender-p90e-electrique\/\" \/>\n<meta property=\"og:site_name\" content=\"Piston Addict\" \/>\n<meta property=\"article:modified_time\" content=\"2024-03-19T15:59:41+00:00\" \/>\n<meta property=\"og:image\" content=\"https:\/\/pistonaddict.com\/wp-content\/uploads\/2023\/11\/def-05.jpg\" \/>\n\t<meta property=\"og:image:width\" content=\"2560\" \/>\n\t<meta property=\"og:image:height\" content=\"1440\" \/>\n\t<meta property=\"og:image:type\" content=\"image\/jpeg\" \/>\n<meta name=\"twitter:card\" content=\"summary_large_image\" \/>\n<meta name=\"twitter:label1\" content=\"Dur\u00e9e de lecture estim\u00e9e\" \/>\n\t<meta name=\"twitter:data1\" content=\"4 minutes\" \/>\n<script type=\"application\/ld+json\" class=\"yoast-schema-graph\">{\"@context\":\"https:\/\/schema.org\",\"@graph\":[{\"@type\":\"WebPage\",\"@id\":\"https:\/\/pistonaddict.com\/fr\/product\/land-rover-defender-p90e-electrique\/\",\"url\":\"https:\/\/pistonaddict.com\/fr\/product\/land-rover-defender-p90e-electrique\/\",\"name\":\"Land Rover Defender P90E \u00e9lectrique auction - Piston Addict.\",\"isPartOf\":{\"@id\":\"https:\/\/pistonaddict.com\/fr\/#website\"},\"primaryImageOfPage\":{\"@id\":\"https:\/\/pistonaddict.com\/fr\/product\/land-rover-defender-p90e-electrique\/#primaryimage\"},\"image\":{\"@id\":\"https:\/\/pistonaddict.com\/fr\/product\/land-rover-defender-p90e-electrique\/#primaryimage\"},\"thumbnailUrl\":\"https:\/\/pistonaddict.com\/wp-content\/uploads\/2023\/11\/def-05.jpg\",\"datePublished\":\"2023-11-17T16:40:02+00:00\",\"dateModified\":\"2024-03-19T15:59:41+00:00\",\"breadcrumb\":{\"@id\":\"https:\/\/pistonaddict.com\/fr\/product\/land-rover-defender-p90e-electrique\/#breadcrumb\"},\"inLanguage\":\"fr-FR\",\"potentialAction\":[{\"@type\":\"ReadAction\",\"target\":[\"https:\/\/pistonaddict.com\/fr\/product\/land-rover-defender-p90e-electrique\/\"]}]},{\"@type\":\"ImageObject\",\"inLanguage\":\"fr-FR\",\"@id\":\"https:\/\/pistonaddict.com\/fr\/product\/land-rover-defender-p90e-electrique\/#primaryimage\",\"url\":\"https:\/\/pistonaddict.com\/wp-content\/uploads\/2023\/11\/def-05.jpg\",\"contentUrl\":\"https:\/\/pistonaddict.com\/wp-content\/uploads\/2023\/11\/def-05.jpg\",\"width\":2560,\"height\":1440},{\"@type\":\"BreadcrumbList\",\"@id\":\"https:\/\/pistonaddict.com\/fr\/product\/land-rover-defender-p90e-electrique\/#breadcrumb\",\"itemListElement\":[{\"@type\":\"ListItem\",\"position\":1,\"name\":\"Homepage\",\"item\":\"https:\/\/pistonaddict.com\/fr\/page-daccueil\/\"},{\"@type\":\"ListItem\",\"position\":2,\"name\":\"Auctions\",\"item\":\"https:\/\/pistonaddict.com\/auctions-listing\/\"},{\"@type\":\"ListItem\",\"position\":3,\"name\":\"Land Rover Defender P90E \u00e9lectrique\"}]},{\"@type\":\"WebSite\",\"@id\":\"https:\/\/pistonaddict.com\/fr\/#website\",\"url\":\"https:\/\/pistonaddict.com\/fr\/\",\"name\":\"Piston Addict\",\"description\":\"Only interesting vehicles\",\"publisher\":{\"@id\":\"https:\/\/pistonaddict.com\/fr\/#organization\"},\"potentialAction\":[{\"@type\":\"SearchAction\",\"target\":{\"@type\":\"EntryPoint\",\"urlTemplate\":\"https:\/\/pistonaddict.com\/fr\/?s={search_term_string}\"},\"query-input\":\"required name=search_term_string\"}],\"inLanguage\":\"fr-FR\"},{\"@type\":\"Organization\",\"@id\":\"https:\/\/pistonaddict.com\/fr\/#organization\",\"name\":\"Piston Addict\",\"url\":\"https:\/\/pistonaddict.com\/fr\/\",\"logo\":{\"@type\":\"ImageObject\",\"inLanguage\":\"fr-FR\",\"@id\":\"https:\/\/pistonaddict.com\/fr\/#\/schema\/logo\/image\/\",\"url\":\"https:\/\/pistonaddict.com\/wp-content\/uploads\/2022\/07\/logo-6.png\",\"contentUrl\":\"https:\/\/pistonaddict.com\/wp-content\/uploads\/2022\/07\/logo-6.png\",\"width\":970,\"height\":200,\"caption\":\"Piston Addict\"},\"image\":{\"@id\":\"https:\/\/pistonaddict.com\/fr\/#\/schema\/logo\/image\/\"}}]}<\/script>\n<!-- \/ Yoast SEO plugin. -->","yoast_head_json":{"title":"Land Rover Defender P90E \u00e9lectrique auction - Piston Addict.","robots":{"index":"index","follow":"follow","max-snippet":"max-snippet:-1","max-image-preview":"max-image-preview:large","max-video-preview":"max-video-preview:-1"},"canonical":"https:\/\/pistonaddict.com\/fr\/product\/land-rover-defender-p90e-electrique\/","og_locale":"fr_FR","og_type":"article","og_title":"Land Rover Defender P90E \u00e9lectrique auction - Piston Addict.","og_description":"L'un des aspects les plus passionnants de la r\u00e9volution des v\u00e9hicules \u00e9lectriques est la possibilit\u00e9 de r\u00e9inventer les voitures classiques et de leur donner une nouvelle vie. L'installation d'un groupe motopropulseur \u00e9lectrique ultramoderne sur un v\u00e9hicule classique va au-del\u00e0 de la restauration et constitue un moyen unique d'associer cette forme reconnaissable \u00e0 la technologie du XXIe si\u00e8cle. Aujourd'hui, nous sommes fiers de vous pr\u00e9senter une telle voiture : le Land Rover Defender EV, le premier Defender classique converti en v\u00e9hicule \u00e9lectrique par la soci\u00e9t\u00e9 suisse Revive.","og_url":"https:\/\/pistonaddict.com\/fr\/product\/land-rover-defender-p90e-electrique\/","og_site_name":"Piston Addict","article_modified_time":"2024-03-19T15:59:41+00:00","og_image":[{"width":2560,"height":1440,"url":"https:\/\/pistonaddict.com\/wp-content\/uploads\/2023\/11\/def-05.jpg","type":"image\/jpeg"}],"twitter_card":"summary_large_image","twitter_misc":{"Dur\u00e9e de lecture estim\u00e9e":"4 minutes"},"schema":{"@context":"https:\/\/schema.org","@graph":[{"@type":"WebPage","@id":"https:\/\/pistonaddict.com\/fr\/product\/land-rover-defender-p90e-electrique\/","url":"https:\/\/pistonaddict.com\/fr\/product\/land-rover-defender-p90e-electrique\/","name":"Land Rover Defender P90E \u00e9lectrique auction - Piston Addict.","isPartOf":{"@id":"https:\/\/pistonaddict.com\/fr\/#website"},"primaryImageOfPage":{"@id":"https:\/\/pistonaddict.com\/fr\/product\/land-rover-defender-p90e-electrique\/#primaryimage"},"image":{"@id":"https:\/\/pistonaddict.com\/fr\/product\/land-rover-defender-p90e-electrique\/#primaryimage"},"thumbnailUrl":"https:\/\/pistonaddict.com\/wp-content\/uploads\/2023\/11\/def-05.jpg","datePublished":"2023-11-17T16:40:02+00:00","dateModified":"2024-03-19T15:59:41+00:00","breadcrumb":{"@id":"https:\/\/pistonaddict.com\/fr\/product\/land-rover-defender-p90e-electrique\/#breadcrumb"},"inLanguage":"fr-FR","potentialAction":[{"@type":"ReadAction","target":["https:\/\/pistonaddict.com\/fr\/product\/land-rover-defender-p90e-electrique\/"]}]},{"@type":"ImageObject","inLanguage":"fr-FR","@id":"https:\/\/pistonaddict.com\/fr\/product\/land-rover-defender-p90e-electrique\/#primaryimage","url":"https:\/\/pistonaddict.com\/wp-content\/uploads\/2023\/11\/def-05.jpg","contentUrl":"https:\/\/pistonaddict.com\/wp-content\/uploads\/2023\/11\/def-05.jpg","width":2560,"height":1440},{"@type":"BreadcrumbList","@id":"https:\/\/pistonaddict.com\/fr\/product\/land-rover-defender-p90e-electrique\/#breadcrumb","itemListElement":[{"@type":"ListItem","position":1,"name":"Homepage","item":"https:\/\/pistonaddict.com\/fr\/page-daccueil\/"},{"@type":"ListItem","position":2,"name":"Auctions","item":"https:\/\/pistonaddict.com\/auctions-listing\/"},{"@type":"ListItem","position":3,"name":"Land Rover Defender P90E \u00e9lectrique"}]},{"@type":"WebSite","@id":"https:\/\/pistonaddict.com\/fr\/#website","url":"https:\/\/pistonaddict.com\/fr\/","name":"Piston Addict","description":"Only interesting vehicles","publisher":{"@id":"https:\/\/pistonaddict.com\/fr\/#organization"},"potentialAction":[{"@type":"SearchAction","target":{"@type":"EntryPoint","urlTemplate":"https:\/\/pistonaddict.com\/fr\/?s={search_term_string}"},"query-input":"required name=search_term_string"}],"inLanguage":"fr-FR"},{"@type":"Organization","@id":"https:\/\/pistonaddict.com\/fr\/#organization","name":"Piston Addict","url":"https:\/\/pistonaddict.com\/fr\/","logo":{"@type":"ImageObject","inLanguage":"fr-FR","@id":"https:\/\/pistonaddict.com\/fr\/#\/schema\/logo\/image\/","url":"https:\/\/pistonaddict.com\/wp-content\/uploads\/2022\/07\/logo-6.png","contentUrl":"https:\/\/pistonaddict.com\/wp-content\/uploads\/2022\/07\/logo-6.png","width":970,"height":200,"caption":"Piston Addict"},"image":{"@id":"https:\/\/pistonaddict.com\/fr\/#\/schema\/logo\/image\/"}}]}},"_links":{"self":[{"href":"https:\/\/pistonaddict.com\/fr\/wp-json\/wp\/v2\/product\/72238"}],"collection":[{"href":"https:\/\/pistonaddict.com\/fr\/wp-json\/wp\/v2\/product"}],"about":[{"href":"https:\/\/pistonaddict.com\/fr\/wp-json\/wp\/v2\/types\/product"}],"replies":[{"embeddable":true,"href":"https:\/\/pistonaddict.com\/fr\/wp-json\/wp\/v2\/comments?post=72238"}],"wp:featuredmedia":[{"embeddable":true,"href":"https:\/\/pistonaddict.com\/fr\/wp-json\/wp\/v2\/media\/71386"}],"wp:attachment":[{"href":"https:\/\/pistonaddict.com\/fr\/wp-json\/wp\/v2\/media?parent=72238"}],"wp:term":[{"taxonomy":"product_cat","embeddable":true,"href":"https:\/\/pistonaddict.com\/fr\/wp-json\/wp\/v2\/product_cat?post=72238"},{"taxonomy":"product_tag","embeddable":true,"href":"https:\/\/pistonaddict.com\/fr\/wp-json\/wp\/v2\/product_tag?post=72238"}],"curies":[{"name":"wp","href":"https:\/\/api.w.org\/{rel}","templated":true}]}}