{"id":69407,"date":"2023-11-09T17:05:55","date_gmt":"2023-11-09T16:05:55","guid":{"rendered":"https:\/\/pistonaddict.com\/product\/mini-rover-1-3-mpi-silverstone\/"},"modified":"2023-12-20T09:54:07","modified_gmt":"2023-12-20T08:54:07","slug":"mini-rover-1-3-mpi-silverstone","status":"publish","type":"product","link":"https:\/\/pistonaddict.com\/fr\/product\/mini-rover-1-3-mpi-silverstone\/","title":{"rendered":"Mini Rover 1.3 Silverstone"},"content":{"rendered":"<h2>Ext\u00e9rieur<\/h2>\n<p>\u00c0 l&#8217;ext\u00e9rieur, la forme famili\u00e8re de cette voiture noire \u00e0 deux portes est rehauss\u00e9e de d\u00e9tails tels qu&#8217;une calandre chrom\u00e9e, des bandes de course sur le capot et un toit peint en blanc. En outre, \u00e0 l&#8217;avant, une paire de phares antibrouillard contribue \u00e0 am\u00e9liorer la visibilit\u00e9 et l&#8217;apparence. Elle est accompagn\u00e9e de clignotants blancs tout autour, une option bien meilleure que les anciens clignotants jaunes. \u00c0 l&#8217;arri\u00e8re, on trouve un pot d&#8217;\u00e9chappement central avec un embout chrom\u00e9.<\/p>\n<p>Enfin, il convient de mentionner les passages de roues \u00e9vas\u00e9s, qui accentuent encore l&#8217;aspect agressif de la voiture. Mais cette modification n&#8217;est pas uniquement destin\u00e9e \u00e0 l&#8217;exposition, car elle \u00e9tait n\u00e9cessaire pour laisser suffisamment d&#8217;espace pour des roues larges et sportives. En ce qui concerne les pneus, il convient de pr\u00e9ciser que les jantes de 13 pouces de cette voiture ne sont pas les jantes de s\u00e9rie. Mais le vendeur pr\u00e9cise que ces \u00e9l\u00e9ments seront \u00e9galement fournis.<\/p>\n<h2>Int\u00e9rieur<\/h2>\n<p>Une fois \u00e0 l&#8217;int\u00e9rieur de la voiture, vous vous retrouvez derri\u00e8re un volant en cuir \u00e0 trois branches, typiquement Mini-angulaire. Derri\u00e8re se trouve le combin\u00e9 d&#8217;instruments avec un compteur de vitesse se terminant \u00e0 180 km\/h et un compte-tours allant jusqu&#8217;\u00e0 8 000 tr\/min. Comme pr\u00e9vu, le tableau de bord &#8211; qui est en bois v\u00e9ritable &#8211; est peu \u00e9quip\u00e9 et n&#8217;offre que l&#8217;essentiel. Il s&#8217;agit des interrupteurs d&#8217;\u00e9clairage, des commandes d&#8217;a\u00e9ration et de l&#8217;autoradio, qui, dans ce cas, est un appareil Sony de seconde monte.<\/p>\n<p>Le reste de l&#8217;habitacle \u00e9voque fortement le caract\u00e8re sportif de la voiture, les si\u00e8ges avant \u00e9tant les plus convaincants. Habill\u00e9s d&#8217;une combinaison de cuir noir et de tissu gris, ils offriront un soutien suffisant dans les virages serr\u00e9s, l\u00e0 o\u00f9 la Mini est la plus performante. Les si\u00e8ges arri\u00e8re et le panneau lat\u00e9ral sont recouverts du m\u00eame style, et un tapis de sol rouge vient compl\u00e9ter l&#8217;aspect accrocheur. Enfin, le vendeur remplacera le ciel de toit avant la livraison de la voiture, car celui d&#8217;origine est endommag\u00e9 juste au-dessus des pare-soleil (voir sur la photo).<\/p>\n<h2>M\u00e9canique<\/h2>\n<p>Cette Mini Cooper est \u00e9quip\u00e9e d&#8217;un moteur 4 cylindres 1.3, qui entra\u00eene les roues avant par l&#8217;interm\u00e9diaire d&#8217;une bo\u00eete de vitesses manuelle \u00e0 4 rapports. Si la configuration de base du moteur remonte aux ann\u00e9es 60, ce mod\u00e8le particulier est \u00e9quip\u00e9 de l&#8217;injection \u00e9lectronique de Rover, ce qui rend la voiture plus fiable et plus agr\u00e9able \u00e0 conduire.<\/p>\n<p>En termes de puissance, la Mini Cooper ne dispose que de 63 chevaux, ce qui peut sembler peu. Mais il ne doit faire face qu&#8217;\u00e0 685 kilogrammes, ce qui est le poids de cette voiture. En r\u00e9sum\u00e9, si la Mini n&#8217;est probablement pas tr\u00e8s rapide en ligne droite, elle est incroyablement amusante dans les virages. Et c&#8217;est l&#8217;une des choses qui l&#8217;a rendu si sp\u00e9cial et si c\u00e9l\u00e8bre au d\u00e9part.<\/p>\n<h2>Historique du v\u00e9hicule<\/h2>\n<p>Enfin, quelques mots sur l&#8217;\u00e9tat actuel de la Mini, que le vendeur qualifie de tr\u00e8s bon. La voiture a \u00e9t\u00e9 r\u00e9vis\u00e9e pour la derni\u00e8re fois en juin 2023, \u00e0 l&#8217;occasion d&#8217;un entretien r\u00e9gulier et de la pose de nouveaux freins. En outre, l&#8217;ensemble du syst\u00e8me d&#8217;\u00e9chappement, y compris le convertisseur catalytique, est neuf. Et \u00e0 en juger par les photos, la voiture est impeccable, tant \u00e0 l&#8217;ext\u00e9rieur qu&#8217;\u00e0 l&#8217;int\u00e9rieur. De plus, le vendeur professionnel, qui est le 5\u00e8me propri\u00e9taire, affirme que la voiture n&#8217;a jamais eu d&#8217;accident, ce qui peut \u00eatre confirm\u00e9 par un rapport <a href=\"https:\/\/pistonaddict.com\/wp-content\/uploads\/2023\/11\/CARFAX-Vehicle-History-Report-ROVER-MINI.pdf\">CARFAX<\/a> sur l&#8217;historique du v\u00e9hicule. Le dernier contr\u00f4le technique a \u00e9t\u00e9 pass\u00e9 et approuv\u00e9 le 6 octobre 2023.<\/p>\n<p><strong><br \/>\nD\u00e9couvrez la vid\u00e9o du d\u00e9marrage \u00e0 froid de cette jolie Mini Rover Silverstone :<\/strong><\/p>\n<p><iframe title=\"Cold Start Video of the Austin Mini Silverstone for auction sale\" width=\"1200\" height=\"675\" src=\"https:\/\/www.youtube.com\/embed\/NW_53HH3Wg4?feature=oembed\" frameborder=\"0\" allow=\"accelerometer; autoplay; clipboard-write; encrypted-media; gyroscope; picture-in-picture; web-share\" allowfullscreen><\/iframe><\/p>\n","protected":false},"excerpt":{"rendered":"<p>Si vous recherchez une voiture classique petite, pratique et agile, la Mini originale doit figurer en t\u00eate de votre liste. Tout au long de sa longue p\u00e9riode de production, cette ic\u00f4ne de l&#8217;automobile a \u00e9t\u00e9 disponible en plusieurs variantes, la Cooper sportive \u00e9tant probablement la plus recherch\u00e9e. Il s&#8217;agit d&#8217;une voiture qui combine le caract\u00e8re original de Mini avec une vari\u00e9t\u00e9 de d\u00e9tails visuels exquis et une exp\u00e9rience de conduite passionnante. En vente ici, nous avons une Mini Cooper de 1993, en excellent \u00e9tat et qui a parcouru 74 000 kilom\u00e8tres jusqu&#8217;\u00e0 pr\u00e9sent. De plus, le fait d&#8217;\u00eatre l&#8217;un des 400 exemplaires fabriqu\u00e9s \u00e0 Silverstone lui conf\u00e8re un caract\u00e8re exclusif. Regardons de plus pr\u00e8s ce qu&#8217;il a \u00e0 offrir.<\/p>\n","protected":false},"featured_media":67409,"comment_status":"open","ping_status":"closed","template":"","meta":{"inline_featured_image":false},"product_cat":[754],"product_tag":[2430,2435,950],"acf":[],"yoast_head":"<!-- This site is optimized with the Yoast SEO plugin v22.5 - https:\/\/yoast.com\/wordpress\/plugins\/seo\/ -->\n<title>Mini Rover 1.3 Silverstone auction - Piston Addict.<\/title>\n<meta name=\"robots\" content=\"index, follow, max-snippet:-1, max-image-preview:large, max-video-preview:-1\" \/>\n<link rel=\"canonical\" href=\"https:\/\/pistonaddict.com\/fr\/product\/mini-rover-1-3-mpi-silverstone\/\" \/>\n<meta property=\"og:locale\" content=\"fr_FR\" \/>\n<meta property=\"og:type\" content=\"article\" \/>\n<meta property=\"og:title\" content=\"Mini Rover 1.3 Silverstone auction - Piston Addict.\" \/>\n<meta property=\"og:description\" content=\"Si vous recherchez une voiture classique petite, pratique et agile, la Mini originale doit figurer en t\u00eate de votre liste. Tout au long de sa longue p\u00e9riode de production, cette ic\u00f4ne de l&#039;automobile a \u00e9t\u00e9 disponible en plusieurs variantes, la Cooper sportive \u00e9tant probablement la plus recherch\u00e9e. Il s&#039;agit d&#039;une voiture qui combine le caract\u00e8re original de Mini avec une vari\u00e9t\u00e9 de d\u00e9tails visuels exquis et une exp\u00e9rience de conduite passionnante. En vente ici, nous avons une Mini Cooper de 1993, en excellent \u00e9tat et qui a parcouru 74 000 kilom\u00e8tres jusqu&#039;\u00e0 pr\u00e9sent. De plus, le fait d&#039;\u00eatre l&#039;un des 400 exemplaires fabriqu\u00e9s \u00e0 Silverstone lui conf\u00e8re un caract\u00e8re exclusif. Regardons de plus pr\u00e8s ce qu&#039;il a \u00e0 offrir.\" \/>\n<meta property=\"og:url\" content=\"https:\/\/pistonaddict.com\/fr\/product\/mini-rover-1-3-mpi-silverstone\/\" \/>\n<meta property=\"og:site_name\" content=\"Piston Addict\" \/>\n<meta property=\"article:modified_time\" content=\"2023-12-20T08:54:07+00:00\" \/>\n<meta property=\"og:image\" content=\"https:\/\/pistonaddict.com\/wp-content\/uploads\/2023\/11\/IMG_5534-scaled.jpeg\" \/>\n\t<meta property=\"og:image:width\" content=\"2560\" \/>\n\t<meta property=\"og:image:height\" content=\"1920\" \/>\n\t<meta property=\"og:image:type\" content=\"image\/jpeg\" \/>\n<meta name=\"twitter:card\" content=\"summary_large_image\" \/>\n<meta name=\"twitter:label1\" content=\"Dur\u00e9e de lecture estim\u00e9e\" \/>\n\t<meta name=\"twitter:data1\" content=\"3 minutes\" \/>\n<script type=\"application\/ld+json\" class=\"yoast-schema-graph\">{\"@context\":\"https:\/\/schema.org\",\"@graph\":[{\"@type\":\"WebPage\",\"@id\":\"https:\/\/pistonaddict.com\/fr\/product\/mini-rover-1-3-mpi-silverstone\/\",\"url\":\"https:\/\/pistonaddict.com\/fr\/product\/mini-rover-1-3-mpi-silverstone\/\",\"name\":\"Mini Rover 1.3 Silverstone auction - Piston Addict.\",\"isPartOf\":{\"@id\":\"https:\/\/pistonaddict.com\/fr\/#website\"},\"primaryImageOfPage\":{\"@id\":\"https:\/\/pistonaddict.com\/fr\/product\/mini-rover-1-3-mpi-silverstone\/#primaryimage\"},\"image\":{\"@id\":\"https:\/\/pistonaddict.com\/fr\/product\/mini-rover-1-3-mpi-silverstone\/#primaryimage\"},\"thumbnailUrl\":\"https:\/\/pistonaddict.com\/wp-content\/uploads\/2023\/11\/IMG_5534-scaled.jpeg\",\"datePublished\":\"2023-11-09T16:05:55+00:00\",\"dateModified\":\"2023-12-20T08:54:07+00:00\",\"breadcrumb\":{\"@id\":\"https:\/\/pistonaddict.com\/fr\/product\/mini-rover-1-3-mpi-silverstone\/#breadcrumb\"},\"inLanguage\":\"fr-FR\",\"potentialAction\":[{\"@type\":\"ReadAction\",\"target\":[\"https:\/\/pistonaddict.com\/fr\/product\/mini-rover-1-3-mpi-silverstone\/\"]}]},{\"@type\":\"ImageObject\",\"inLanguage\":\"fr-FR\",\"@id\":\"https:\/\/pistonaddict.com\/fr\/product\/mini-rover-1-3-mpi-silverstone\/#primaryimage\",\"url\":\"https:\/\/pistonaddict.com\/wp-content\/uploads\/2023\/11\/IMG_5534-scaled.jpeg\",\"contentUrl\":\"https:\/\/pistonaddict.com\/wp-content\/uploads\/2023\/11\/IMG_5534-scaled.jpeg\",\"width\":2560,\"height\":1920},{\"@type\":\"BreadcrumbList\",\"@id\":\"https:\/\/pistonaddict.com\/fr\/product\/mini-rover-1-3-mpi-silverstone\/#breadcrumb\",\"itemListElement\":[{\"@type\":\"ListItem\",\"position\":1,\"name\":\"Homepage\",\"item\":\"https:\/\/pistonaddict.com\/fr\/page-daccueil\/\"},{\"@type\":\"ListItem\",\"position\":2,\"name\":\"Auctions\",\"item\":\"https:\/\/pistonaddict.com\/auctions-listing\/\"},{\"@type\":\"ListItem\",\"position\":3,\"name\":\"Mini Rover 1.3 Silverstone\"}]},{\"@type\":\"WebSite\",\"@id\":\"https:\/\/pistonaddict.com\/fr\/#website\",\"url\":\"https:\/\/pistonaddict.com\/fr\/\",\"name\":\"Piston Addict\",\"description\":\"Only interesting vehicles\",\"publisher\":{\"@id\":\"https:\/\/pistonaddict.com\/fr\/#organization\"},\"potentialAction\":[{\"@type\":\"SearchAction\",\"target\":{\"@type\":\"EntryPoint\",\"urlTemplate\":\"https:\/\/pistonaddict.com\/fr\/?s={search_term_string}\"},\"query-input\":\"required name=search_term_string\"}],\"inLanguage\":\"fr-FR\"},{\"@type\":\"Organization\",\"@id\":\"https:\/\/pistonaddict.com\/fr\/#organization\",\"name\":\"Piston Addict\",\"url\":\"https:\/\/pistonaddict.com\/fr\/\",\"logo\":{\"@type\":\"ImageObject\",\"inLanguage\":\"fr-FR\",\"@id\":\"https:\/\/pistonaddict.com\/fr\/#\/schema\/logo\/image\/\",\"url\":\"https:\/\/pistonaddict.com\/wp-content\/uploads\/2022\/07\/logo-6.png\",\"contentUrl\":\"https:\/\/pistonaddict.com\/wp-content\/uploads\/2022\/07\/logo-6.png\",\"width\":970,\"height\":200,\"caption\":\"Piston Addict\"},\"image\":{\"@id\":\"https:\/\/pistonaddict.com\/fr\/#\/schema\/logo\/image\/\"}}]}<\/script>\n<!-- \/ Yoast SEO plugin. -->","yoast_head_json":{"title":"Mini Rover 1.3 Silverstone auction - Piston Addict.","robots":{"index":"index","follow":"follow","max-snippet":"max-snippet:-1","max-image-preview":"max-image-preview:large","max-video-preview":"max-video-preview:-1"},"canonical":"https:\/\/pistonaddict.com\/fr\/product\/mini-rover-1-3-mpi-silverstone\/","og_locale":"fr_FR","og_type":"article","og_title":"Mini Rover 1.3 Silverstone auction - Piston Addict.","og_description":"Si vous recherchez une voiture classique petite, pratique et agile, la Mini originale doit figurer en t\u00eate de votre liste. Tout au long de sa longue p\u00e9riode de production, cette ic\u00f4ne de l'automobile a \u00e9t\u00e9 disponible en plusieurs variantes, la Cooper sportive \u00e9tant probablement la plus recherch\u00e9e. Il s'agit d'une voiture qui combine le caract\u00e8re original de Mini avec une vari\u00e9t\u00e9 de d\u00e9tails visuels exquis et une exp\u00e9rience de conduite passionnante. En vente ici, nous avons une Mini Cooper de 1993, en excellent \u00e9tat et qui a parcouru 74 000 kilom\u00e8tres jusqu'\u00e0 pr\u00e9sent. De plus, le fait d'\u00eatre l'un des 400 exemplaires fabriqu\u00e9s \u00e0 Silverstone lui conf\u00e8re un caract\u00e8re exclusif. Regardons de plus pr\u00e8s ce qu'il a \u00e0 offrir.","og_url":"https:\/\/pistonaddict.com\/fr\/product\/mini-rover-1-3-mpi-silverstone\/","og_site_name":"Piston Addict","article_modified_time":"2023-12-20T08:54:07+00:00","og_image":[{"width":2560,"height":1920,"url":"https:\/\/pistonaddict.com\/wp-content\/uploads\/2023\/11\/IMG_5534-scaled.jpeg","type":"image\/jpeg"}],"twitter_card":"summary_large_image","twitter_misc":{"Dur\u00e9e de lecture estim\u00e9e":"3 minutes"},"schema":{"@context":"https:\/\/schema.org","@graph":[{"@type":"WebPage","@id":"https:\/\/pistonaddict.com\/fr\/product\/mini-rover-1-3-mpi-silverstone\/","url":"https:\/\/pistonaddict.com\/fr\/product\/mini-rover-1-3-mpi-silverstone\/","name":"Mini Rover 1.3 Silverstone auction - Piston Addict.","isPartOf":{"@id":"https:\/\/pistonaddict.com\/fr\/#website"},"primaryImageOfPage":{"@id":"https:\/\/pistonaddict.com\/fr\/product\/mini-rover-1-3-mpi-silverstone\/#primaryimage"},"image":{"@id":"https:\/\/pistonaddict.com\/fr\/product\/mini-rover-1-3-mpi-silverstone\/#primaryimage"},"thumbnailUrl":"https:\/\/pistonaddict.com\/wp-content\/uploads\/2023\/11\/IMG_5534-scaled.jpeg","datePublished":"2023-11-09T16:05:55+00:00","dateModified":"2023-12-20T08:54:07+00:00","breadcrumb":{"@id":"https:\/\/pistonaddict.com\/fr\/product\/mini-rover-1-3-mpi-silverstone\/#breadcrumb"},"inLanguage":"fr-FR","potentialAction":[{"@type":"ReadAction","target":["https:\/\/pistonaddict.com\/fr\/product\/mini-rover-1-3-mpi-silverstone\/"]}]},{"@type":"ImageObject","inLanguage":"fr-FR","@id":"https:\/\/pistonaddict.com\/fr\/product\/mini-rover-1-3-mpi-silverstone\/#primaryimage","url":"https:\/\/pistonaddict.com\/wp-content\/uploads\/2023\/11\/IMG_5534-scaled.jpeg","contentUrl":"https:\/\/pistonaddict.com\/wp-content\/uploads\/2023\/11\/IMG_5534-scaled.jpeg","width":2560,"height":1920},{"@type":"BreadcrumbList","@id":"https:\/\/pistonaddict.com\/fr\/product\/mini-rover-1-3-mpi-silverstone\/#breadcrumb","itemListElement":[{"@type":"ListItem","position":1,"name":"Homepage","item":"https:\/\/pistonaddict.com\/fr\/page-daccueil\/"},{"@type":"ListItem","position":2,"name":"Auctions","item":"https:\/\/pistonaddict.com\/auctions-listing\/"},{"@type":"ListItem","position":3,"name":"Mini Rover 1.3 Silverstone"}]},{"@type":"WebSite","@id":"https:\/\/pistonaddict.com\/fr\/#website","url":"https:\/\/pistonaddict.com\/fr\/","name":"Piston Addict","description":"Only interesting vehicles","publisher":{"@id":"https:\/\/pistonaddict.com\/fr\/#organization"},"potentialAction":[{"@type":"SearchAction","target":{"@type":"EntryPoint","urlTemplate":"https:\/\/pistonaddict.com\/fr\/?s={search_term_string}"},"query-input":"required name=search_term_string"}],"inLanguage":"fr-FR"},{"@type":"Organization","@id":"https:\/\/pistonaddict.com\/fr\/#organization","name":"Piston Addict","url":"https:\/\/pistonaddict.com\/fr\/","logo":{"@type":"ImageObject","inLanguage":"fr-FR","@id":"https:\/\/pistonaddict.com\/fr\/#\/schema\/logo\/image\/","url":"https:\/\/pistonaddict.com\/wp-content\/uploads\/2022\/07\/logo-6.png","contentUrl":"https:\/\/pistonaddict.com\/wp-content\/uploads\/2022\/07\/logo-6.png","width":970,"height":200,"caption":"Piston Addict"},"image":{"@id":"https:\/\/pistonaddict.com\/fr\/#\/schema\/logo\/image\/"}}]}},"_links":{"self":[{"href":"https:\/\/pistonaddict.com\/fr\/wp-json\/wp\/v2\/product\/69407"}],"collection":[{"href":"https:\/\/pistonaddict.com\/fr\/wp-json\/wp\/v2\/product"}],"about":[{"href":"https:\/\/pistonaddict.com\/fr\/wp-json\/wp\/v2\/types\/product"}],"replies":[{"embeddable":true,"href":"https:\/\/pistonaddict.com\/fr\/wp-json\/wp\/v2\/comments?post=69407"}],"wp:featuredmedia":[{"embeddable":true,"href":"https:\/\/pistonaddict.com\/fr\/wp-json\/wp\/v2\/media\/67409"}],"wp:attachment":[{"href":"https:\/\/pistonaddict.com\/fr\/wp-json\/wp\/v2\/media?parent=69407"}],"wp:term":[{"taxonomy":"product_cat","embeddable":true,"href":"https:\/\/pistonaddict.com\/fr\/wp-json\/wp\/v2\/product_cat?post=69407"},{"taxonomy":"product_tag","embeddable":true,"href":"https:\/\/pistonaddict.com\/fr\/wp-json\/wp\/v2\/product_tag?post=69407"}],"curies":[{"name":"wp","href":"https:\/\/api.w.org\/{rel}","templated":true}]}}