{"id":67043,"date":"2023-11-07T14:48:12","date_gmt":"2023-11-07T13:48:12","guid":{"rendered":"https:\/\/pistonaddict.com\/product\/ferrari-348-tb\/"},"modified":"2024-03-20T09:39:43","modified_gmt":"2024-03-20T08:39:43","slug":"ferrari-348-tb","status":"publish","type":"product","link":"https:\/\/pistonaddict.com\/fr\/product\/ferrari-348-tb\/","title":{"rendered":"Ferrari 348 TB"},"content":{"rendered":"<p><strong>Histoire de l&#8217;automobile<\/strong><\/p>\n<p>La 348 TB a \u00e9t\u00e9 pr\u00e9sent\u00e9e en 1989 et a constitu\u00e9 un grand pas en avant en termes de performances et d&#8217;ing\u00e9nierie par rapport \u00e0 ses pr\u00e9d\u00e9cesseurs. Il s&#8217;agit \u00e9galement de l&#8217;un des derniers mod\u00e8les de l&#8217;\u00e8re &#8220;Enzo&#8221;, dont la production a \u00e9t\u00e9 approuv\u00e9e juste avant la mort du l\u00e9gendaire patron de Ferrari. Anim\u00e9 par un moteur V8 de 3,4 litres, il d\u00e9veloppait une puissance de 300 ch, ce qui lui conf\u00e9rait des performances exaltantes. Cette voiture particuli\u00e8re a \u00e9t\u00e9 livr\u00e9e neuve en Suisse en 1991 et acquise par le propri\u00e9taire actuel en 2023. <strong>Mais ce qui rend cette Ferrari 348 TB si int\u00e9ressante, c&#8217;est qu&#8217;elle a \u00e9t\u00e9 \u00e9quip\u00e9e d&#8217;un kit Challenge<\/strong>. Au d\u00e9but des ann\u00e9es 90, Ferrari a lanc\u00e9 sa c\u00e9l\u00e8bre s\u00e9rie de courses 348 Challenge pour les propri\u00e9taires qui souhaitaient faire courir leur voiture. Pour y participer, il fallait soit acheter une 348 Challenge \u00e0 l&#8217;usine (environ 50 exemplaires fabriqu\u00e9s), soit commander un kit Challenge aupr\u00e8s de son concessionnaire Ferrari. Les <strong>sp\u00e9cifications du Challenge comprenaient un moteur am\u00e9lior\u00e9 de 320 ch, de meilleurs freins, des si\u00e8ges, une batterie plus petite, un arceau de s\u00e9curit\u00e9 et des pneus slicks<\/strong>. Un concessionnaire Ferrari a transform\u00e9 cet exemplaire \u00e0 la fin de 1995, mais il n&#8217;a jamais couru car la s\u00e9rie Ferrari Challenge est pass\u00e9e au mod\u00e8le Ferrari 355 pour la saison 1996. Le processus a \u00e9t\u00e9 enti\u00e8rement document\u00e9 avec des factures et des re\u00e7us, ce<strong> qui fait de cette 348 jaune l&#8217;une des 150 voitures environ converties par les concessionnaires dans le monde entier et probablement la seule qui n&#8217;a pas d&#8217;historique de course !<\/strong><\/p>\n<p><strong>Int\u00e9rieur<\/strong><\/p>\n<p>Cette Ferrari ayant \u00e9t\u00e9 m\u00e9ticuleusement entretenue, l&#8217;int\u00e9rieur en cuir noir est en tr\u00e8s bon \u00e9tat avec des traces d&#8217;utilisation minimes. L&#8217;ancien propri\u00e9taire a enlev\u00e9 la cage de protection et remis les si\u00e8ges d&#8217;origine, ce qui facilite grandement l&#8217;acc\u00e8s et la sortie du v\u00e9hicule. Le tableau de bord ne pr\u00e9sente aucune fissure et tous les instruments et boutons fonctionnent. Aucune modification n&#8217;a \u00e9t\u00e9 apport\u00e9e, \u00e0 l&#8217;exception du lecteur CD, qui s&#8217;inscrit parfaitement dans l&#8217;esprit des ann\u00e9es 90 de cette voiture.<\/p>\n<p><strong>Condition<\/strong><\/p>\n<p>Avec seulement 55 721 kilom\u00e8tres d&#8217;origine, cette Ferrari 348 TB Challenge est dans un \u00e9tat impeccable et a \u00e9t\u00e9 soigneusement entretenue par tous ses utilisateurs. Le v\u00e9hicule a manifestement \u00e9t\u00e9 peu utilis\u00e9 et bien entretenu, comme le montrent les registres. Le dossier d&#8217;entretien fourni avec cette voiture est incroyable, avec l&#8217;acte de vente original et les propri\u00e9taires des ann\u00e9es 90. Le dernier entretien a \u00e9t\u00e9 effectu\u00e9 en ao\u00fbt 2023, et les freins ont \u00e9t\u00e9 r\u00e9vis\u00e9s il y a quelques jours seulement, en novembre 2023. Selon le vendeur, le prochain entretien devrait concerner la courroie de distribution qui peut \u00eatre effectu\u00e9e par ses m\u00e9caniciens pour un co\u00fbt suppl\u00e9mentaire de 3000 euros. Il n&#8217;y a pas de fuites ; le dessous de la voiture est aussi propre que l&#8217;int\u00e9rieur. La voiture est pr\u00eate \u00e0 \u00eatre conduite n&#8217;importe o\u00f9 et est probablement l&#8217;un des plus beaux exemples de Ferrari 348 TB Challenge en qualit\u00e9 de conducteur que vous rencontrerez.<\/p>\n<p><strong>Ext\u00e9rieur et roues<\/strong><\/p>\n<p>La peinture jaune giallo est en parfait \u00e9tat, sans rayures ni bosses. L&#8217;outil d&#8217;analyse de l&#8217;\u00e9paisseur de la peinture montre que la couleur est homog\u00e8ne, ce qui signifie qu&#8217;il n&#8217;y a pas eu de r\u00e9parations et de masticage de la carrosserie. Le seul dommage visible sur la carrosserie est le joint d&#8217;\u00e9tanch\u00e9it\u00e9 des portes du conducteur, qui pr\u00e9sente des signes d&#8217;usure, ce qui est normal compte tenu de l&#8217;\u00e2ge de la voiture. Les jantes en alliage OZ de 17 pouces, correctes pour l&#8217;\u00e9poque, sont des \u00e9l\u00e9ments sp\u00e9cifiques du Challenge et ont fi\u00e8re allure. Le Michelin Pilot Sport est plus ancien mais pas us\u00e9.<\/p>\n<p><strong> <\/strong><strong>Documentation<\/strong><\/p>\n<p>Ce v\u00e9hicule est vendu par le concessionnaire avec la documentation appropri\u00e9e, et il est situ\u00e9 en Espagne. Le <a href=\"https:\/\/pistonaddict.com\/wp-content\/uploads\/2023\/11\/CARFAX-Vehicle-History-Report-FERRARI-348-tb.pdf\">rapport CarFax<\/a> est vierge ; il n&#8217;existe aucune preuve d&#8217;accident, de r\u00e9paration d&#8217;accident, de propri\u00e9t\u00e9 ou de probl\u00e8mes juridiques. Il existe des registres d&#8217;entretien r\u00e9gulier ainsi que des brochures d&#8217;usine originales, des actes de vente, des re\u00e7us et l&#8217;agr\u00e9ment de contr\u00f4le technique est valable jusqu&#8217;en ao\u00fbt 2024. La quantit\u00e9 de documentation est tout simplement \u00e9tonnante, et il est rare de voir une voiture avec autant de documents prouvant qu&#8217;elle a \u00e9t\u00e9 bien entretenue.<\/p>\n<p><strong><br \/>\nD\u00e9couvrez la vid\u00e9o du d\u00e9marrage \u00e0 froid de cette magnifique Ferrari 348 TB :<\/strong><\/p>\n<p><iframe title=\"Cold Start Video of the Ferrari F348 TB for auction sale\" width=\"1200\" height=\"675\" src=\"https:\/\/www.youtube.com\/embed\/VcqnL6NA2Yk?feature=oembed\" frameborder=\"0\" allow=\"accelerometer; autoplay; clipboard-write; encrypted-media; gyroscope; picture-in-picture; web-share\" allowfullscreen><\/iframe><\/p>\n","protected":false},"excerpt":{"rendered":"<p>Conduire une Ferrari est toujours une proposition int\u00e9ressante. Les voitures des ann\u00e9es 60 sont d\u00e9sormais trop pr\u00e9cieuses pour \u00eatre utilis\u00e9es sur la route, et la gamme actuelle est presque trop rapide pour la circulation moderne. Cependant, il existe encore des mod\u00e8les qui peuvent vous procurer toute l&#8217;excitation de poss\u00e9der une voiture de sport italienne pur-sang, le rugissement d&#8217;un moteur V8 \u00e0 aspiration naturelle et une dynamique de conduite in\u00e9gal\u00e9e. Nous sommes fiers de pr\u00e9senter un v\u00e9hicule particulier en parfait \u00e9tat, avec un lien passionnant avec le sport automobile et une documentation d\u00e9mentielle.<\/p>\n","protected":false},"featured_media":64584,"comment_status":"open","ping_status":"closed","template":"","meta":{"inline_featured_image":false},"product_cat":[754],"product_tag":[2371,2369,950],"acf":[],"yoast_head":"<!-- This site is optimized with the Yoast SEO plugin v22.5 - https:\/\/yoast.com\/wordpress\/plugins\/seo\/ -->\n<title>Ferrari 348 TB auction - Piston Addict.<\/title>\n<meta name=\"robots\" content=\"index, follow, max-snippet:-1, max-image-preview:large, max-video-preview:-1\" \/>\n<link rel=\"canonical\" href=\"https:\/\/pistonaddict.com\/fr\/product\/ferrari-348-tb\/\" \/>\n<meta property=\"og:locale\" content=\"fr_FR\" \/>\n<meta property=\"og:type\" content=\"article\" \/>\n<meta property=\"og:title\" content=\"Ferrari 348 TB auction - Piston Addict.\" \/>\n<meta property=\"og:description\" content=\"Conduire une Ferrari est toujours une proposition int\u00e9ressante. Les voitures des ann\u00e9es 60 sont d\u00e9sormais trop pr\u00e9cieuses pour \u00eatre utilis\u00e9es sur la route, et la gamme actuelle est presque trop rapide pour la circulation moderne. Cependant, il existe encore des mod\u00e8les qui peuvent vous procurer toute l&#039;excitation de poss\u00e9der une voiture de sport italienne pur-sang, le rugissement d&#039;un moteur V8 \u00e0 aspiration naturelle et une dynamique de conduite in\u00e9gal\u00e9e. Nous sommes fiers de pr\u00e9senter un v\u00e9hicule particulier en parfait \u00e9tat, avec un lien passionnant avec le sport automobile et une documentation d\u00e9mentielle.\" \/>\n<meta property=\"og:url\" content=\"https:\/\/pistonaddict.com\/fr\/product\/ferrari-348-tb\/\" \/>\n<meta property=\"og:site_name\" content=\"Piston Addict\" \/>\n<meta property=\"article:modified_time\" content=\"2024-03-20T08:39:43+00:00\" \/>\n<meta property=\"og:image\" content=\"https:\/\/pistonaddict.com\/wp-content\/uploads\/2023\/11\/IMG7107-scaled.jpg\" \/>\n\t<meta property=\"og:image:width\" content=\"2560\" \/>\n\t<meta property=\"og:image:height\" content=\"1709\" \/>\n\t<meta property=\"og:image:type\" content=\"image\/jpeg\" \/>\n<meta name=\"twitter:card\" content=\"summary_large_image\" \/>\n<meta name=\"twitter:label1\" content=\"Dur\u00e9e de lecture estim\u00e9e\" \/>\n\t<meta name=\"twitter:data1\" content=\"4 minutes\" \/>\n<script type=\"application\/ld+json\" class=\"yoast-schema-graph\">{\"@context\":\"https:\/\/schema.org\",\"@graph\":[{\"@type\":\"WebPage\",\"@id\":\"https:\/\/pistonaddict.com\/fr\/product\/ferrari-348-tb\/\",\"url\":\"https:\/\/pistonaddict.com\/fr\/product\/ferrari-348-tb\/\",\"name\":\"Ferrari 348 TB auction - Piston Addict.\",\"isPartOf\":{\"@id\":\"https:\/\/pistonaddict.com\/fr\/#website\"},\"primaryImageOfPage\":{\"@id\":\"https:\/\/pistonaddict.com\/fr\/product\/ferrari-348-tb\/#primaryimage\"},\"image\":{\"@id\":\"https:\/\/pistonaddict.com\/fr\/product\/ferrari-348-tb\/#primaryimage\"},\"thumbnailUrl\":\"https:\/\/pistonaddict.com\/wp-content\/uploads\/2023\/11\/IMG7107-scaled.jpg\",\"datePublished\":\"2023-11-07T13:48:12+00:00\",\"dateModified\":\"2024-03-20T08:39:43+00:00\",\"breadcrumb\":{\"@id\":\"https:\/\/pistonaddict.com\/fr\/product\/ferrari-348-tb\/#breadcrumb\"},\"inLanguage\":\"fr-FR\",\"potentialAction\":[{\"@type\":\"ReadAction\",\"target\":[\"https:\/\/pistonaddict.com\/fr\/product\/ferrari-348-tb\/\"]}]},{\"@type\":\"ImageObject\",\"inLanguage\":\"fr-FR\",\"@id\":\"https:\/\/pistonaddict.com\/fr\/product\/ferrari-348-tb\/#primaryimage\",\"url\":\"https:\/\/pistonaddict.com\/wp-content\/uploads\/2023\/11\/IMG7107-scaled.jpg\",\"contentUrl\":\"https:\/\/pistonaddict.com\/wp-content\/uploads\/2023\/11\/IMG7107-scaled.jpg\",\"width\":2560,\"height\":1709},{\"@type\":\"BreadcrumbList\",\"@id\":\"https:\/\/pistonaddict.com\/fr\/product\/ferrari-348-tb\/#breadcrumb\",\"itemListElement\":[{\"@type\":\"ListItem\",\"position\":1,\"name\":\"Homepage\",\"item\":\"https:\/\/pistonaddict.com\/fr\/page-daccueil\/\"},{\"@type\":\"ListItem\",\"position\":2,\"name\":\"Auctions\",\"item\":\"https:\/\/pistonaddict.com\/auctions-listing\/\"},{\"@type\":\"ListItem\",\"position\":3,\"name\":\"Ferrari 348 TB\"}]},{\"@type\":\"WebSite\",\"@id\":\"https:\/\/pistonaddict.com\/fr\/#website\",\"url\":\"https:\/\/pistonaddict.com\/fr\/\",\"name\":\"Piston Addict\",\"description\":\"Only interesting vehicles\",\"publisher\":{\"@id\":\"https:\/\/pistonaddict.com\/fr\/#organization\"},\"potentialAction\":[{\"@type\":\"SearchAction\",\"target\":{\"@type\":\"EntryPoint\",\"urlTemplate\":\"https:\/\/pistonaddict.com\/fr\/?s={search_term_string}\"},\"query-input\":\"required name=search_term_string\"}],\"inLanguage\":\"fr-FR\"},{\"@type\":\"Organization\",\"@id\":\"https:\/\/pistonaddict.com\/fr\/#organization\",\"name\":\"Piston Addict\",\"url\":\"https:\/\/pistonaddict.com\/fr\/\",\"logo\":{\"@type\":\"ImageObject\",\"inLanguage\":\"fr-FR\",\"@id\":\"https:\/\/pistonaddict.com\/fr\/#\/schema\/logo\/image\/\",\"url\":\"https:\/\/pistonaddict.com\/wp-content\/uploads\/2022\/07\/logo-6.png\",\"contentUrl\":\"https:\/\/pistonaddict.com\/wp-content\/uploads\/2022\/07\/logo-6.png\",\"width\":970,\"height\":200,\"caption\":\"Piston Addict\"},\"image\":{\"@id\":\"https:\/\/pistonaddict.com\/fr\/#\/schema\/logo\/image\/\"}}]}<\/script>\n<!-- \/ Yoast SEO plugin. -->","yoast_head_json":{"title":"Ferrari 348 TB auction - Piston Addict.","robots":{"index":"index","follow":"follow","max-snippet":"max-snippet:-1","max-image-preview":"max-image-preview:large","max-video-preview":"max-video-preview:-1"},"canonical":"https:\/\/pistonaddict.com\/fr\/product\/ferrari-348-tb\/","og_locale":"fr_FR","og_type":"article","og_title":"Ferrari 348 TB auction - Piston Addict.","og_description":"Conduire une Ferrari est toujours une proposition int\u00e9ressante. Les voitures des ann\u00e9es 60 sont d\u00e9sormais trop pr\u00e9cieuses pour \u00eatre utilis\u00e9es sur la route, et la gamme actuelle est presque trop rapide pour la circulation moderne. Cependant, il existe encore des mod\u00e8les qui peuvent vous procurer toute l'excitation de poss\u00e9der une voiture de sport italienne pur-sang, le rugissement d'un moteur V8 \u00e0 aspiration naturelle et une dynamique de conduite in\u00e9gal\u00e9e. Nous sommes fiers de pr\u00e9senter un v\u00e9hicule particulier en parfait \u00e9tat, avec un lien passionnant avec le sport automobile et une documentation d\u00e9mentielle.","og_url":"https:\/\/pistonaddict.com\/fr\/product\/ferrari-348-tb\/","og_site_name":"Piston Addict","article_modified_time":"2024-03-20T08:39:43+00:00","og_image":[{"width":2560,"height":1709,"url":"https:\/\/pistonaddict.com\/wp-content\/uploads\/2023\/11\/IMG7107-scaled.jpg","type":"image\/jpeg"}],"twitter_card":"summary_large_image","twitter_misc":{"Dur\u00e9e de lecture estim\u00e9e":"4 minutes"},"schema":{"@context":"https:\/\/schema.org","@graph":[{"@type":"WebPage","@id":"https:\/\/pistonaddict.com\/fr\/product\/ferrari-348-tb\/","url":"https:\/\/pistonaddict.com\/fr\/product\/ferrari-348-tb\/","name":"Ferrari 348 TB auction - Piston Addict.","isPartOf":{"@id":"https:\/\/pistonaddict.com\/fr\/#website"},"primaryImageOfPage":{"@id":"https:\/\/pistonaddict.com\/fr\/product\/ferrari-348-tb\/#primaryimage"},"image":{"@id":"https:\/\/pistonaddict.com\/fr\/product\/ferrari-348-tb\/#primaryimage"},"thumbnailUrl":"https:\/\/pistonaddict.com\/wp-content\/uploads\/2023\/11\/IMG7107-scaled.jpg","datePublished":"2023-11-07T13:48:12+00:00","dateModified":"2024-03-20T08:39:43+00:00","breadcrumb":{"@id":"https:\/\/pistonaddict.com\/fr\/product\/ferrari-348-tb\/#breadcrumb"},"inLanguage":"fr-FR","potentialAction":[{"@type":"ReadAction","target":["https:\/\/pistonaddict.com\/fr\/product\/ferrari-348-tb\/"]}]},{"@type":"ImageObject","inLanguage":"fr-FR","@id":"https:\/\/pistonaddict.com\/fr\/product\/ferrari-348-tb\/#primaryimage","url":"https:\/\/pistonaddict.com\/wp-content\/uploads\/2023\/11\/IMG7107-scaled.jpg","contentUrl":"https:\/\/pistonaddict.com\/wp-content\/uploads\/2023\/11\/IMG7107-scaled.jpg","width":2560,"height":1709},{"@type":"BreadcrumbList","@id":"https:\/\/pistonaddict.com\/fr\/product\/ferrari-348-tb\/#breadcrumb","itemListElement":[{"@type":"ListItem","position":1,"name":"Homepage","item":"https:\/\/pistonaddict.com\/fr\/page-daccueil\/"},{"@type":"ListItem","position":2,"name":"Auctions","item":"https:\/\/pistonaddict.com\/auctions-listing\/"},{"@type":"ListItem","position":3,"name":"Ferrari 348 TB"}]},{"@type":"WebSite","@id":"https:\/\/pistonaddict.com\/fr\/#website","url":"https:\/\/pistonaddict.com\/fr\/","name":"Piston Addict","description":"Only interesting vehicles","publisher":{"@id":"https:\/\/pistonaddict.com\/fr\/#organization"},"potentialAction":[{"@type":"SearchAction","target":{"@type":"EntryPoint","urlTemplate":"https:\/\/pistonaddict.com\/fr\/?s={search_term_string}"},"query-input":"required name=search_term_string"}],"inLanguage":"fr-FR"},{"@type":"Organization","@id":"https:\/\/pistonaddict.com\/fr\/#organization","name":"Piston Addict","url":"https:\/\/pistonaddict.com\/fr\/","logo":{"@type":"ImageObject","inLanguage":"fr-FR","@id":"https:\/\/pistonaddict.com\/fr\/#\/schema\/logo\/image\/","url":"https:\/\/pistonaddict.com\/wp-content\/uploads\/2022\/07\/logo-6.png","contentUrl":"https:\/\/pistonaddict.com\/wp-content\/uploads\/2022\/07\/logo-6.png","width":970,"height":200,"caption":"Piston Addict"},"image":{"@id":"https:\/\/pistonaddict.com\/fr\/#\/schema\/logo\/image\/"}}]}},"_links":{"self":[{"href":"https:\/\/pistonaddict.com\/fr\/wp-json\/wp\/v2\/product\/67043"}],"collection":[{"href":"https:\/\/pistonaddict.com\/fr\/wp-json\/wp\/v2\/product"}],"about":[{"href":"https:\/\/pistonaddict.com\/fr\/wp-json\/wp\/v2\/types\/product"}],"replies":[{"embeddable":true,"href":"https:\/\/pistonaddict.com\/fr\/wp-json\/wp\/v2\/comments?post=67043"}],"wp:featuredmedia":[{"embeddable":true,"href":"https:\/\/pistonaddict.com\/fr\/wp-json\/wp\/v2\/media\/64584"}],"wp:attachment":[{"href":"https:\/\/pistonaddict.com\/fr\/wp-json\/wp\/v2\/media?parent=67043"}],"wp:term":[{"taxonomy":"product_cat","embeddable":true,"href":"https:\/\/pistonaddict.com\/fr\/wp-json\/wp\/v2\/product_cat?post=67043"},{"taxonomy":"product_tag","embeddable":true,"href":"https:\/\/pistonaddict.com\/fr\/wp-json\/wp\/v2\/product_tag?post=67043"}],"curies":[{"name":"wp","href":"https:\/\/api.w.org\/{rel}","templated":true}]}}