{"id":62908,"date":"2023-10-25T19:30:40","date_gmt":"2023-10-25T17:30:40","guid":{"rendered":"https:\/\/pistonaddict.com\/product\/porsche-911-996-targa\/"},"modified":"2024-03-20T09:39:51","modified_gmt":"2024-03-20T08:39:51","slug":"porsche-911-996-targa","status":"publish","type":"product","link":"https:\/\/pistonaddict.com\/fr\/product\/porsche-911-996-targa\/","title":{"rendered":"Porsche 911 (996) Targa"},"content":{"rendered":"<p><strong>Histoire de l&#8217;automobile<\/strong><\/p>\n<p>Cet exemple particulier est la 911 Targa, qui a \u00e9t\u00e9 produite en 2004. Ce qui la rend unique, c&#8217;est que la Targa \u00e9tait de loin la plus rare de toutes les carrosseries de la 996 ; seules 5 125 voitures ont \u00e9t\u00e9 livr\u00e9es avec des toits en verre ouvrants sp\u00e9ciaux et des montants C diff\u00e9rents. Finie dans une s\u00e9duisante nuance de bleu fonc\u00e9 avec un int\u00e9rieur clair, cette 911 Targa a \u00e9t\u00e9 livr\u00e9e neuve en Espagne et acquise par l&#8217;actuel propri\u00e9taire en 2023. Elle est propuls\u00e9e par un moteur flat-six atmosph\u00e9rique de 3,6 litres, refroidi par eau (l&#8217;une des controverses des g\u00e9n\u00e9rations 996). Cependant, elle est \u00e9quip\u00e9e d&#8217;une bo\u00eete de vitesses manuelle \u00e0 6 rapports, ce qui la rend encore plus rare et indispensable pour tout collectionneur de mod\u00e8les sp\u00e9cifiques de 911. Avec 320 ch et une carrosserie l\u00e9g\u00e8re, cette 911 Targa est pr\u00eate \u00e0 franchir le cap des 100 km\/h en seulement 5,2 secondes et \u00e0 atteindre 285 km\/h. Il est int\u00e9ressant de noter que la version manuelle de ce mod\u00e8le est nettement plus rapide que la version automatique, ce qui rend cette voiture encore plus d\u00e9sirable. Le fait qu&#8217;elle offre tous les avantages d&#8217;un cabriolet, une excellente visibilit\u00e9 et une sensation de plein air avec les aspects pratiques et le confort d&#8217;un coup\u00e9 transforme cette 911 Targa bleue en une machine de conduite tr\u00e8s polyvalente avec un moteur \u00e0 six cylindres \u00e0 plat et une transmission manuelle.<\/p>\n<p><strong>Int\u00e9rieur<\/strong><\/p>\n<p>Comme il s&#8217;agit d&#8217;un exemplaire \u00e0 faible kilom\u00e9trage, l&#8217;int\u00e9rieur est en parfait \u00e9tat, totalement d&#8217;origine et dot\u00e9 d&#8217;options int\u00e9ressantes. Finie en gris Savannah, elle est \u00e9quip\u00e9e d&#8217;un syst\u00e8me d&#8217;infodivertissement, d&#8217;un syst\u00e8me audio premium avec chargeurs 6 CD (period correct), de cuir et de si\u00e8ges \u00e0 r\u00e9glage \u00e9lectronique. La qualit\u00e9 de l&#8217;int\u00e9rieur des v\u00e9hicules Porsche est r\u00e9put\u00e9e dans toute l&#8217;industrie, et cette 911 Targa 2004 ne fait pas exception \u00e0 la r\u00e8gle. Le cuir est en parfait \u00e9tat ; il n&#8217;y a pas de rayures sur le tableau de bord, les cartes de porte ou la console centrale. Les si\u00e8ges arri\u00e8re sont \u00e9galement utilisables, ce qui est id\u00e9al pour les enfants.<\/p>\n<p><strong>Condition<\/strong><\/p>\n<p>Avec seulement 39 037 kilom\u00e8tres au compteur, cette 911 Targa est dans un \u00e9tat impeccable et a \u00e9t\u00e9 soigneusement entretenue par tous ses utilisateurs. Le v\u00e9hicule a manifestement \u00e9t\u00e9 peu utilis\u00e9 et bien entretenu, comme le montrent les registres. Le propri\u00e9taire actuel est un concessionnaire en Espagne, et le dernier entretien a \u00e9t\u00e9 effectu\u00e9 en avril 2023, les freins ayant \u00e9t\u00e9 r\u00e9vis\u00e9s il y a quelques jours seulement, en octobre 2023. Le dessous des Porsche est en aluminium et ne peut donc pas rouiller. Cependant, comme vous pouvez le voir sur les derni\u00e8res photos du dessous, il y a quelques salet\u00e9s s\u00e8ches que le vendeur nettoiera pour l&#8217;acheteur \u00e0 la fin de l&#8217;ench\u00e8re. La voiture est pr\u00eate \u00e0 \u00eatre conduite n&#8217;importe o\u00f9 et est probablement l&#8217;un des plus beaux exemples de 911 996 Targa \u00e9quip\u00e9e d&#8217;une bo\u00eete manuelle que vous aurez jamais la chance de trouver.<\/p>\n<p><strong>Ext\u00e9rieur et roues<\/strong><\/p>\n<p>Avec une carrosserie non marqu\u00e9e en bleu nuit et un int\u00e9rieur gris, cette 911 Targa est une machine de toute beaut\u00e9 qui ne pr\u00e9sente aucune rayure, aucun dommage ni aucune bavure. Le mat\u00e9riel roulant se compose de roues de 18 pouces fournies par l&#8217;usine et envelopp\u00e9es de caoutchouc Bridgestone Potenza performance. Les pneus datent de 2020 et ont parcouru tr\u00e8s peu de kilom\u00e8tres. Il n&#8217;y a pas de modifications, et cette 996 Targa est dans l&#8217;\u00e9tat o\u00f9 elle a \u00e9t\u00e9 livr\u00e9e.<\/p>\n<p><strong>Documentation<\/strong><\/p>\n<p>Ce v\u00e9hicule est vendu par le concessionnaire avec la documentation appropri\u00e9e, et il est situ\u00e9 en Espagne. Le rapport CarFax est vierge ; il n&#8217;existe aucune preuve d&#8217;accident, de r\u00e9paration d&#8217;accident, de propri\u00e9t\u00e9 ou de probl\u00e8mes juridiques. Il existe des registres d&#8217;entretien r\u00e9gulier, ainsi que des brochures et des re\u00e7us d&#8217;usine originaux.<\/p>\n<p><strong>D\u00e9couvrez la vid\u00e9o du d\u00e9marrage \u00e0 froid de cette magnifique Porsche 911 Targa :<\/strong><\/p>\n<p><iframe title=\"Cold Start Video of the Porsche 911 996 Targa for auction sale\" width=\"1200\" height=\"675\" src=\"https:\/\/www.youtube.com\/embed\/pOCqegVAqt8?feature=oembed\" frameborder=\"0\" allow=\"accelerometer; autoplay; clipboard-write; encrypted-media; gyroscope; picture-in-picture; web-share\" allowfullscreen><\/iframe><\/p>\n","protected":false},"excerpt":{"rendered":"<p>La g\u00e9n\u00e9ration 996 de la v\u00e9n\u00e9rable Porsche 911 a \u00e9t\u00e9 tr\u00e8s controvers\u00e9e lors de sa sortie \u00e0 la fin des ann\u00e9es 90. Cependant, depuis lors, elle est reconnue comme faisant partie int\u00e9grante de la l\u00e9gende de la 911, comme un mod\u00e8le extr\u00eamement important pour l&#8217;entreprise et comme la premi\u00e8re 911 de l&#8217;\u00e8re moderne. Avec son design caract\u00e9ristique, une large gamme de mod\u00e8les et de sp\u00e9cifications, les collectionneurs ont commenc\u00e9 \u00e0 d\u00e9couvrir les v\u00e9ritables joyaux de la 911 996. Aujourd&#8217;hui, nous sommes fiers de pr\u00e9senter un tel mod\u00e8le, une version rare aux sp\u00e9cifications id\u00e9ales qui attirera l&#8217;attention de tout amateur de 911.<\/p>\n","protected":false},"featured_media":59802,"comment_status":"open","ping_status":"closed","template":"","meta":{"inline_featured_image":false},"product_cat":[754],"product_tag":[2358,2321,2320,950],"acf":[],"yoast_head":"<!-- This site is optimized with the Yoast SEO plugin v22.5 - https:\/\/yoast.com\/wordpress\/plugins\/seo\/ -->\n<title>Porsche 911 (996) Targa auction - Piston Addict.<\/title>\n<meta name=\"robots\" content=\"index, follow, max-snippet:-1, max-image-preview:large, max-video-preview:-1\" \/>\n<link rel=\"canonical\" href=\"https:\/\/pistonaddict.com\/fr\/product\/porsche-911-996-targa\/\" \/>\n<meta property=\"og:locale\" content=\"fr_FR\" \/>\n<meta property=\"og:type\" content=\"article\" \/>\n<meta property=\"og:title\" content=\"Porsche 911 (996) Targa auction - Piston Addict.\" \/>\n<meta property=\"og:description\" content=\"La g\u00e9n\u00e9ration 996 de la v\u00e9n\u00e9rable Porsche 911 a \u00e9t\u00e9 tr\u00e8s controvers\u00e9e lors de sa sortie \u00e0 la fin des ann\u00e9es 90. Cependant, depuis lors, elle est reconnue comme faisant partie int\u00e9grante de la l\u00e9gende de la 911, comme un mod\u00e8le extr\u00eamement important pour l&#039;entreprise et comme la premi\u00e8re 911 de l&#039;\u00e8re moderne. Avec son design caract\u00e9ristique, une large gamme de mod\u00e8les et de sp\u00e9cifications, les collectionneurs ont commenc\u00e9 \u00e0 d\u00e9couvrir les v\u00e9ritables joyaux de la 911 996. Aujourd&#039;hui, nous sommes fiers de pr\u00e9senter un tel mod\u00e8le, une version rare aux sp\u00e9cifications id\u00e9ales qui attirera l&#039;attention de tout amateur de 911.\" \/>\n<meta property=\"og:url\" content=\"https:\/\/pistonaddict.com\/fr\/product\/porsche-911-996-targa\/\" \/>\n<meta property=\"og:site_name\" content=\"Piston Addict\" \/>\n<meta property=\"article:modified_time\" content=\"2024-03-20T08:39:51+00:00\" \/>\n<meta property=\"og:image\" content=\"https:\/\/pistonaddict.com\/wp-content\/uploads\/2023\/10\/image00032-1-scaled.jpeg\" \/>\n\t<meta property=\"og:image:width\" content=\"2560\" \/>\n\t<meta property=\"og:image:height\" content=\"1920\" \/>\n\t<meta property=\"og:image:type\" content=\"image\/jpeg\" \/>\n<meta name=\"twitter:card\" content=\"summary_large_image\" \/>\n<meta name=\"twitter:label1\" content=\"Dur\u00e9e de lecture estim\u00e9e\" \/>\n\t<meta name=\"twitter:data1\" content=\"3 minutes\" \/>\n<script type=\"application\/ld+json\" class=\"yoast-schema-graph\">{\"@context\":\"https:\/\/schema.org\",\"@graph\":[{\"@type\":\"WebPage\",\"@id\":\"https:\/\/pistonaddict.com\/fr\/product\/porsche-911-996-targa\/\",\"url\":\"https:\/\/pistonaddict.com\/fr\/product\/porsche-911-996-targa\/\",\"name\":\"Porsche 911 (996) Targa auction - Piston Addict.\",\"isPartOf\":{\"@id\":\"https:\/\/pistonaddict.com\/fr\/#website\"},\"primaryImageOfPage\":{\"@id\":\"https:\/\/pistonaddict.com\/fr\/product\/porsche-911-996-targa\/#primaryimage\"},\"image\":{\"@id\":\"https:\/\/pistonaddict.com\/fr\/product\/porsche-911-996-targa\/#primaryimage\"},\"thumbnailUrl\":\"https:\/\/pistonaddict.com\/wp-content\/uploads\/2023\/10\/image00032-1-scaled.jpeg\",\"datePublished\":\"2023-10-25T17:30:40+00:00\",\"dateModified\":\"2024-03-20T08:39:51+00:00\",\"breadcrumb\":{\"@id\":\"https:\/\/pistonaddict.com\/fr\/product\/porsche-911-996-targa\/#breadcrumb\"},\"inLanguage\":\"fr-FR\",\"potentialAction\":[{\"@type\":\"ReadAction\",\"target\":[\"https:\/\/pistonaddict.com\/fr\/product\/porsche-911-996-targa\/\"]}]},{\"@type\":\"ImageObject\",\"inLanguage\":\"fr-FR\",\"@id\":\"https:\/\/pistonaddict.com\/fr\/product\/porsche-911-996-targa\/#primaryimage\",\"url\":\"https:\/\/pistonaddict.com\/wp-content\/uploads\/2023\/10\/image00032-1-scaled.jpeg\",\"contentUrl\":\"https:\/\/pistonaddict.com\/wp-content\/uploads\/2023\/10\/image00032-1-scaled.jpeg\",\"width\":2560,\"height\":1920},{\"@type\":\"BreadcrumbList\",\"@id\":\"https:\/\/pistonaddict.com\/fr\/product\/porsche-911-996-targa\/#breadcrumb\",\"itemListElement\":[{\"@type\":\"ListItem\",\"position\":1,\"name\":\"Homepage\",\"item\":\"https:\/\/pistonaddict.com\/fr\/page-daccueil\/\"},{\"@type\":\"ListItem\",\"position\":2,\"name\":\"Auctions\",\"item\":\"https:\/\/pistonaddict.com\/auctions-listing\/\"},{\"@type\":\"ListItem\",\"position\":3,\"name\":\"Porsche 911 (996) Targa\"}]},{\"@type\":\"WebSite\",\"@id\":\"https:\/\/pistonaddict.com\/fr\/#website\",\"url\":\"https:\/\/pistonaddict.com\/fr\/\",\"name\":\"Piston Addict\",\"description\":\"Only interesting vehicles\",\"publisher\":{\"@id\":\"https:\/\/pistonaddict.com\/fr\/#organization\"},\"potentialAction\":[{\"@type\":\"SearchAction\",\"target\":{\"@type\":\"EntryPoint\",\"urlTemplate\":\"https:\/\/pistonaddict.com\/fr\/?s={search_term_string}\"},\"query-input\":\"required name=search_term_string\"}],\"inLanguage\":\"fr-FR\"},{\"@type\":\"Organization\",\"@id\":\"https:\/\/pistonaddict.com\/fr\/#organization\",\"name\":\"Piston Addict\",\"url\":\"https:\/\/pistonaddict.com\/fr\/\",\"logo\":{\"@type\":\"ImageObject\",\"inLanguage\":\"fr-FR\",\"@id\":\"https:\/\/pistonaddict.com\/fr\/#\/schema\/logo\/image\/\",\"url\":\"https:\/\/pistonaddict.com\/wp-content\/uploads\/2022\/07\/logo-6.png\",\"contentUrl\":\"https:\/\/pistonaddict.com\/wp-content\/uploads\/2022\/07\/logo-6.png\",\"width\":970,\"height\":200,\"caption\":\"Piston Addict\"},\"image\":{\"@id\":\"https:\/\/pistonaddict.com\/fr\/#\/schema\/logo\/image\/\"}}]}<\/script>\n<!-- \/ Yoast SEO plugin. -->","yoast_head_json":{"title":"Porsche 911 (996) Targa auction - Piston Addict.","robots":{"index":"index","follow":"follow","max-snippet":"max-snippet:-1","max-image-preview":"max-image-preview:large","max-video-preview":"max-video-preview:-1"},"canonical":"https:\/\/pistonaddict.com\/fr\/product\/porsche-911-996-targa\/","og_locale":"fr_FR","og_type":"article","og_title":"Porsche 911 (996) Targa auction - Piston Addict.","og_description":"La g\u00e9n\u00e9ration 996 de la v\u00e9n\u00e9rable Porsche 911 a \u00e9t\u00e9 tr\u00e8s controvers\u00e9e lors de sa sortie \u00e0 la fin des ann\u00e9es 90. Cependant, depuis lors, elle est reconnue comme faisant partie int\u00e9grante de la l\u00e9gende de la 911, comme un mod\u00e8le extr\u00eamement important pour l'entreprise et comme la premi\u00e8re 911 de l'\u00e8re moderne. Avec son design caract\u00e9ristique, une large gamme de mod\u00e8les et de sp\u00e9cifications, les collectionneurs ont commenc\u00e9 \u00e0 d\u00e9couvrir les v\u00e9ritables joyaux de la 911 996. Aujourd'hui, nous sommes fiers de pr\u00e9senter un tel mod\u00e8le, une version rare aux sp\u00e9cifications id\u00e9ales qui attirera l'attention de tout amateur de 911.","og_url":"https:\/\/pistonaddict.com\/fr\/product\/porsche-911-996-targa\/","og_site_name":"Piston Addict","article_modified_time":"2024-03-20T08:39:51+00:00","og_image":[{"width":2560,"height":1920,"url":"https:\/\/pistonaddict.com\/wp-content\/uploads\/2023\/10\/image00032-1-scaled.jpeg","type":"image\/jpeg"}],"twitter_card":"summary_large_image","twitter_misc":{"Dur\u00e9e de lecture estim\u00e9e":"3 minutes"},"schema":{"@context":"https:\/\/schema.org","@graph":[{"@type":"WebPage","@id":"https:\/\/pistonaddict.com\/fr\/product\/porsche-911-996-targa\/","url":"https:\/\/pistonaddict.com\/fr\/product\/porsche-911-996-targa\/","name":"Porsche 911 (996) Targa auction - Piston Addict.","isPartOf":{"@id":"https:\/\/pistonaddict.com\/fr\/#website"},"primaryImageOfPage":{"@id":"https:\/\/pistonaddict.com\/fr\/product\/porsche-911-996-targa\/#primaryimage"},"image":{"@id":"https:\/\/pistonaddict.com\/fr\/product\/porsche-911-996-targa\/#primaryimage"},"thumbnailUrl":"https:\/\/pistonaddict.com\/wp-content\/uploads\/2023\/10\/image00032-1-scaled.jpeg","datePublished":"2023-10-25T17:30:40+00:00","dateModified":"2024-03-20T08:39:51+00:00","breadcrumb":{"@id":"https:\/\/pistonaddict.com\/fr\/product\/porsche-911-996-targa\/#breadcrumb"},"inLanguage":"fr-FR","potentialAction":[{"@type":"ReadAction","target":["https:\/\/pistonaddict.com\/fr\/product\/porsche-911-996-targa\/"]}]},{"@type":"ImageObject","inLanguage":"fr-FR","@id":"https:\/\/pistonaddict.com\/fr\/product\/porsche-911-996-targa\/#primaryimage","url":"https:\/\/pistonaddict.com\/wp-content\/uploads\/2023\/10\/image00032-1-scaled.jpeg","contentUrl":"https:\/\/pistonaddict.com\/wp-content\/uploads\/2023\/10\/image00032-1-scaled.jpeg","width":2560,"height":1920},{"@type":"BreadcrumbList","@id":"https:\/\/pistonaddict.com\/fr\/product\/porsche-911-996-targa\/#breadcrumb","itemListElement":[{"@type":"ListItem","position":1,"name":"Homepage","item":"https:\/\/pistonaddict.com\/fr\/page-daccueil\/"},{"@type":"ListItem","position":2,"name":"Auctions","item":"https:\/\/pistonaddict.com\/auctions-listing\/"},{"@type":"ListItem","position":3,"name":"Porsche 911 (996) Targa"}]},{"@type":"WebSite","@id":"https:\/\/pistonaddict.com\/fr\/#website","url":"https:\/\/pistonaddict.com\/fr\/","name":"Piston Addict","description":"Only interesting vehicles","publisher":{"@id":"https:\/\/pistonaddict.com\/fr\/#organization"},"potentialAction":[{"@type":"SearchAction","target":{"@type":"EntryPoint","urlTemplate":"https:\/\/pistonaddict.com\/fr\/?s={search_term_string}"},"query-input":"required name=search_term_string"}],"inLanguage":"fr-FR"},{"@type":"Organization","@id":"https:\/\/pistonaddict.com\/fr\/#organization","name":"Piston Addict","url":"https:\/\/pistonaddict.com\/fr\/","logo":{"@type":"ImageObject","inLanguage":"fr-FR","@id":"https:\/\/pistonaddict.com\/fr\/#\/schema\/logo\/image\/","url":"https:\/\/pistonaddict.com\/wp-content\/uploads\/2022\/07\/logo-6.png","contentUrl":"https:\/\/pistonaddict.com\/wp-content\/uploads\/2022\/07\/logo-6.png","width":970,"height":200,"caption":"Piston Addict"},"image":{"@id":"https:\/\/pistonaddict.com\/fr\/#\/schema\/logo\/image\/"}}]}},"_links":{"self":[{"href":"https:\/\/pistonaddict.com\/fr\/wp-json\/wp\/v2\/product\/62908"}],"collection":[{"href":"https:\/\/pistonaddict.com\/fr\/wp-json\/wp\/v2\/product"}],"about":[{"href":"https:\/\/pistonaddict.com\/fr\/wp-json\/wp\/v2\/types\/product"}],"replies":[{"embeddable":true,"href":"https:\/\/pistonaddict.com\/fr\/wp-json\/wp\/v2\/comments?post=62908"}],"wp:featuredmedia":[{"embeddable":true,"href":"https:\/\/pistonaddict.com\/fr\/wp-json\/wp\/v2\/media\/59802"}],"wp:attachment":[{"href":"https:\/\/pistonaddict.com\/fr\/wp-json\/wp\/v2\/media?parent=62908"}],"wp:term":[{"taxonomy":"product_cat","embeddable":true,"href":"https:\/\/pistonaddict.com\/fr\/wp-json\/wp\/v2\/product_cat?post=62908"},{"taxonomy":"product_tag","embeddable":true,"href":"https:\/\/pistonaddict.com\/fr\/wp-json\/wp\/v2\/product_tag?post=62908"}],"curies":[{"name":"wp","href":"https:\/\/api.w.org\/{rel}","templated":true}]}}