{"id":55258,"date":"2023-10-13T09:36:04","date_gmt":"2023-10-13T07:36:04","guid":{"rendered":"https:\/\/pistonaddict.com\/product\/porsche-cayman-s-3-4-325-cv\/"},"modified":"2023-12-19T19:43:05","modified_gmt":"2023-12-19T18:43:05","slug":"porsche-cayman-s-3-4-325-cv","status":"publish","type":"product","link":"https:\/\/pistonaddict.com\/fr\/product\/porsche-cayman-s-3-4-325-cv\/","title":{"rendered":"Porsche Cayman S 3.4 325 CV"},"content":{"rendered":"<p><strong>Histoire de l&#8217;automobile<\/strong><\/p>\n<p>Ce Cayman S blanc de 2016 a d&#8217;abord \u00e9t\u00e9 vendu en Allemagne, puis transf\u00e9r\u00e9 en Italie, o\u00f9 il a \u00e9t\u00e9 import\u00e9 par le propri\u00e9taire actuel, un concessionnaire de voitures de sport. L&#8217;ann\u00e9e 2016 est la derni\u00e8re ann\u00e9e pour le Cayman de la g\u00e9n\u00e9ration 981, ce qui est important pour plusieurs raisons. Principalement parce que le Cayman S est \u00e9quip\u00e9 du nouveau moteur 3,4 litres \u00e0 six cylindres \u00e0 plat de la Porsche 911 Carrera, ce qui r\u00e9pond \u00e0 l&#8217;une des controverses les plus importantes au sein de la communaut\u00e9 Porsche moderne. Pendant des ann\u00e9es, des rumeurs ont circul\u00e9 selon lesquelles Porsche \u00e9tait trop effray\u00e9 \u00e0 l&#8217;id\u00e9e de mettre le moteur de la 911 dans le Cayman, craignant qu&#8217;il n&#8217;offre une exp\u00e9rience de conduite encore meilleure. Il s&#8217;agit du premier Cayman dot\u00e9 d&#8217;un moteur de 911. Avec une puissance de 325 ch, une transmission PDK \u00e0 7 vitesses ultra-rapide et une suspension sp\u00e9cialement r\u00e9gl\u00e9e en usine, le Cayman S 2016 est capable d&#8217;atteindre 100 km\/h (60 mph) en seulement 4,8 secondes avant d&#8217;atteindre sa vitesse de pointe de 283 km\/h (176 mph). Cependant, il ne s&#8217;agit pas de chiffres, m\u00eame s&#8217;ils sont fantastiques. Le Cayman S est dot\u00e9 d&#8217;un moteur central, d&#8217;une carrosserie l\u00e9g\u00e8re, d&#8217;une direction pr\u00e9cise et d&#8217;excellents freins. C&#8217;est pourquoi il rend si nerveux les propri\u00e9taires de 911. La combinaison d&#8217;un moteur \u00e0 haut r\u00e9gime et \u00e0 aspiration naturelle, d&#8217;un ch\u00e2ssis agile et d&#8217;une dynamique de conduite parfaite r\u00e9sonne encore parmi les amateurs de voitures de sport comme l&#8217;une des voitures de conduite les plus id\u00e9ales jamais construites.<\/p>\n<p><strong>Int\u00e9rieur<\/strong><\/p>\n<p>Comme cette Porsche Cayman S 2016 est un exemplaire \u00e0 faible kilom\u00e9trage, l&#8217;int\u00e9rieur est sans marque et en excellent \u00e9tat, comme pr\u00e9vu. Le propri\u00e9taire d&#8217;origine l&#8217;a inspect\u00e9 avec soin et l&#8217;a dot\u00e9 de quelques options souhaitables que le prochain propri\u00e9taire appr\u00e9ciera. Les si\u00e8ges sport \u00e0 r\u00e9glage \u00e9lectronique, le syst\u00e8me d&#8217;infodivertissement avec affichage num\u00e9rique int\u00e9gr\u00e9 et le volant multifonctionnel \u00e9l\u00e8vent l&#8217;exp\u00e9rience de conduite \u00e0 un niveau sup\u00e9rieur. La qualit\u00e9 de l&#8217;habitacle, caract\u00e9ristique de Porsche, est visible, de m\u00eame que la remarquable qualit\u00e9 de la finition.<\/p>\n<p><strong>Condition<\/strong><\/p>\n<p>Cette Porsche Cayman S immacul\u00e9e a parcouru un peu plus de 33 000 kilom\u00e8tres au cours des sept derni\u00e8res ann\u00e9es. Un kilom\u00e9trage aussi bas, un couple de propri\u00e9taires soigneux et des rapports d&#8217;entretien appropri\u00e9s garantissent que la voiture est en parfait \u00e9tat. Le vendeur est un concessionnaire de voitures de sport tr\u00e8s r\u00e9put\u00e9 en Italie, et il est tellement confiant dans l&#8217;\u00e9tat g\u00e9n\u00e9ral de ce Cayman S que la <strong>voiture est accompagn\u00e9e d&#8217;une garantie de 12 mois<\/strong>, ce qui est tr\u00e8s important et distingue ce v\u00e9hicule des autres que vous pourriez trouver \u00e0 la vente. Il existe des registres d&#8217;entretien et des services importants effectu\u00e9s en 2021.<\/p>\n<p><strong>Ext\u00e9rieur et roues<\/strong><\/p>\n<p>L&#8217;\u00e9l\u00e9gante carrosserie blanche ne pr\u00e9sente aucune \u00e9raflure, et les bas de caisse sont orn\u00e9s de d\u00e9tails graphiques int\u00e9ressants, d&#8217;origine, qui montrent que ce Cayman n&#8217;est pas un mod\u00e8le de base. Le look de voiture de sport est compl\u00e9t\u00e9 par des jantes de 20 pouces, les m\u00eames que celles utilis\u00e9es sur la 911 d&#8217;\u00e9poque, envelopp\u00e9es de pneus Michelin Pilot Sport 4S presque neufs, connus pour \u00eatre le choix des conducteurs enthousiastes. Il n&#8217;y a aucune modification, et ce Cayman est dans un \u00e9tat d&#8217;origine id\u00e9al.<\/p>\n<p><strong>Documentation<\/strong><\/p>\n<p>Ce v\u00e9hicule est vendu par le concessionnaire avec la documentation appropri\u00e9e, et il est situ\u00e9 en Italie. Le rapport <a href=\"https:\/\/pistonaddict.com\/wp-content\/uploads\/2023\/10\/CARFAX-Vehicle-History-Report-PORSCHE-WP0ZZZ98ZGK181513.pdf\" target=\"_blank\" rel=\"noopener\">CarFax<\/a> est vierge ; il n&#8217;existe aucune preuve d&#8217;accident, de r\u00e9paration d&#8217;accident, de propri\u00e9t\u00e9 ou de probl\u00e8mes juridiques. Le vendeur nous a cependant inform\u00e9 qu&#8217;un accident s&#8217;est produit en 2017 avec une moto, l&#8217;\u00e9l\u00e9ment touch\u00e9, le capot avant, a bien s\u00fbr \u00e9t\u00e9 r\u00e9par\u00e9. Il existe des registres d&#8217;entretien r\u00e9gulier, ainsi que des brochures et des re\u00e7us d&#8217;usine originaux. La garantie de 12 mois du concessionnaire est incluse dans la vente. <strong>De plus, si vous habitez en Europe, le vendeur peut se charger du transport et amener le v\u00e9hicule \u00e0 votre domicile.<\/strong><\/p>\n<p>&nbsp;<\/p>\n<p>D\u00e9couvrez la vid\u00e9o de d\u00e9couverte de cette magnifique Porsche Cayman S :<\/p>\n<p><iframe title=\"Video of the Porsche Cayman S for auction sale\" width=\"1200\" height=\"675\" src=\"https:\/\/www.youtube.com\/embed\/-29PE_JnFJM?feature=oembed\" frameborder=\"0\" allow=\"accelerometer; autoplay; clipboard-write; encrypted-media; gyroscope; picture-in-picture; web-share\" allowfullscreen><\/iframe><\/p>\n","protected":false},"excerpt":{"rendered":"<p>En tant qu&#8217;entreprise ayant toujours cherch\u00e9 \u00e0 atteindre la perfection en mati\u00e8re de voitures de sport, Porsche a r\u00e9pondu aux critiques de la meilleure fa\u00e7on possible &#8211; en pr\u00e9sentant le mod\u00e8le d\u00e9di\u00e9 au conducteur qui est universellement aim\u00e9 et lou\u00e9. Lorsque le Cayman de premi\u00e8re g\u00e9n\u00e9ration a fait ses d\u00e9buts, il r\u00e9pondait \u00e0 toutes les attentes des passionn\u00e9s, avec 90 % des sensations de la Porsche 911 pour 60 % du prix. Le Cayman \u00e9tait une voiture plus l\u00e9g\u00e8re, plus pr\u00e9cise et plus engageante, tandis que sa version S \u00e9tait une voiture de sport parfaitement \u00e9quilibr\u00e9e. Voici un exemple particuli\u00e8rement int\u00e9ressant et en parfait \u00e9tat. <strong>Vous devez <a href=\"https:\/\/pistonaddict.com\/fr\/mon-compte\/\">cr\u00e9er votre compte<\/a> pour acc\u00e9der \u00e0 cette vente.<\/strong><\/p>\n","protected":false},"featured_media":55121,"comment_status":"open","ping_status":"closed","template":"","meta":{"inline_featured_image":false},"product_cat":[754],"product_tag":[2250,2249,2248,921],"acf":[],"yoast_head":"<!-- This site is optimized with the Yoast SEO plugin v22.5 - https:\/\/yoast.com\/wordpress\/plugins\/seo\/ -->\n<title>Porsche Cayman S 3.4 325 CV aux ench\u00e8res - Piston Addict.<\/title>\n<meta name=\"robots\" content=\"index, follow, max-snippet:-1, max-image-preview:large, max-video-preview:-1\" \/>\n<link rel=\"canonical\" href=\"https:\/\/pistonaddict.com\/fr\/product\/porsche-cayman-s-3-4-325-cv\/\" \/>\n<meta property=\"og:locale\" content=\"fr_FR\" \/>\n<meta property=\"og:type\" content=\"article\" \/>\n<meta property=\"og:title\" content=\"Porsche Cayman S 3.4 325 CV aux ench\u00e8res - Piston Addict.\" \/>\n<meta property=\"og:description\" content=\"En tant qu&#039;entreprise ayant toujours cherch\u00e9 \u00e0 atteindre la perfection en mati\u00e8re de voitures de sport, Porsche a r\u00e9pondu aux critiques de la meilleure fa\u00e7on possible - en pr\u00e9sentant le mod\u00e8le d\u00e9di\u00e9 au conducteur qui est universellement aim\u00e9 et lou\u00e9. Lorsque le Cayman de premi\u00e8re g\u00e9n\u00e9ration a fait ses d\u00e9buts, il r\u00e9pondait \u00e0 toutes les attentes des passionn\u00e9s, avec 90 % des sensations de la Porsche 911 pour 60 % du prix. Le Cayman \u00e9tait une voiture plus l\u00e9g\u00e8re, plus pr\u00e9cise et plus engageante, tandis que sa version S \u00e9tait une voiture de sport parfaitement \u00e9quilibr\u00e9e. Voici un exemple particuli\u00e8rement int\u00e9ressant et en parfait \u00e9tat. Vous devez cr\u00e9er votre compte pour acc\u00e9der \u00e0 cette vente.\" \/>\n<meta property=\"og:url\" content=\"https:\/\/pistonaddict.com\/fr\/product\/porsche-cayman-s-3-4-325-cv\/\" \/>\n<meta property=\"og:site_name\" content=\"Piston Addict\" \/>\n<meta property=\"article:modified_time\" content=\"2023-12-19T18:43:05+00:00\" \/>\n<meta property=\"og:image\" content=\"https:\/\/pistonaddict.com\/wp-content\/uploads\/2023\/10\/CAYMAN-1.png\" \/>\n\t<meta property=\"og:image:width\" content=\"1887\" \/>\n\t<meta property=\"og:image:height\" content=\"781\" \/>\n\t<meta property=\"og:image:type\" content=\"image\/png\" \/>\n<meta name=\"twitter:card\" content=\"summary_large_image\" \/>\n<meta name=\"twitter:label1\" content=\"Dur\u00e9e de lecture estim\u00e9e\" \/>\n\t<meta name=\"twitter:data1\" content=\"3 minutes\" \/>\n<script type=\"application\/ld+json\" class=\"yoast-schema-graph\">{\"@context\":\"https:\/\/schema.org\",\"@graph\":[{\"@type\":\"WebPage\",\"@id\":\"https:\/\/pistonaddict.com\/fr\/product\/porsche-cayman-s-3-4-325-cv\/\",\"url\":\"https:\/\/pistonaddict.com\/fr\/product\/porsche-cayman-s-3-4-325-cv\/\",\"name\":\"Porsche Cayman S 3.4 325 CV aux ench\u00e8res - Piston Addict.\",\"isPartOf\":{\"@id\":\"https:\/\/pistonaddict.com\/fr\/#website\"},\"primaryImageOfPage\":{\"@id\":\"https:\/\/pistonaddict.com\/fr\/product\/porsche-cayman-s-3-4-325-cv\/#primaryimage\"},\"image\":{\"@id\":\"https:\/\/pistonaddict.com\/fr\/product\/porsche-cayman-s-3-4-325-cv\/#primaryimage\"},\"thumbnailUrl\":\"https:\/\/pistonaddict.com\/wp-content\/uploads\/2023\/10\/CAYMAN-1.png\",\"datePublished\":\"2023-10-13T07:36:04+00:00\",\"dateModified\":\"2023-12-19T18:43:05+00:00\",\"breadcrumb\":{\"@id\":\"https:\/\/pistonaddict.com\/fr\/product\/porsche-cayman-s-3-4-325-cv\/#breadcrumb\"},\"inLanguage\":\"fr-FR\",\"potentialAction\":[{\"@type\":\"ReadAction\",\"target\":[\"https:\/\/pistonaddict.com\/fr\/product\/porsche-cayman-s-3-4-325-cv\/\"]}]},{\"@type\":\"ImageObject\",\"inLanguage\":\"fr-FR\",\"@id\":\"https:\/\/pistonaddict.com\/fr\/product\/porsche-cayman-s-3-4-325-cv\/#primaryimage\",\"url\":\"https:\/\/pistonaddict.com\/wp-content\/uploads\/2023\/10\/CAYMAN-1.png\",\"contentUrl\":\"https:\/\/pistonaddict.com\/wp-content\/uploads\/2023\/10\/CAYMAN-1.png\",\"width\":1887,\"height\":781},{\"@type\":\"BreadcrumbList\",\"@id\":\"https:\/\/pistonaddict.com\/fr\/product\/porsche-cayman-s-3-4-325-cv\/#breadcrumb\",\"itemListElement\":[{\"@type\":\"ListItem\",\"position\":1,\"name\":\"Homepage\",\"item\":\"https:\/\/pistonaddict.com\/fr\/page-daccueil\/\"},{\"@type\":\"ListItem\",\"position\":2,\"name\":\"Auctions\",\"item\":\"https:\/\/pistonaddict.com\/auctions-listing\/\"},{\"@type\":\"ListItem\",\"position\":3,\"name\":\"Porsche Cayman S 3.4 325 CV\"}]},{\"@type\":\"WebSite\",\"@id\":\"https:\/\/pistonaddict.com\/fr\/#website\",\"url\":\"https:\/\/pistonaddict.com\/fr\/\",\"name\":\"Piston Addict\",\"description\":\"Only interesting vehicles\",\"publisher\":{\"@id\":\"https:\/\/pistonaddict.com\/fr\/#organization\"},\"potentialAction\":[{\"@type\":\"SearchAction\",\"target\":{\"@type\":\"EntryPoint\",\"urlTemplate\":\"https:\/\/pistonaddict.com\/fr\/?s={search_term_string}\"},\"query-input\":\"required name=search_term_string\"}],\"inLanguage\":\"fr-FR\"},{\"@type\":\"Organization\",\"@id\":\"https:\/\/pistonaddict.com\/fr\/#organization\",\"name\":\"Piston Addict\",\"url\":\"https:\/\/pistonaddict.com\/fr\/\",\"logo\":{\"@type\":\"ImageObject\",\"inLanguage\":\"fr-FR\",\"@id\":\"https:\/\/pistonaddict.com\/fr\/#\/schema\/logo\/image\/\",\"url\":\"https:\/\/pistonaddict.com\/wp-content\/uploads\/2022\/07\/logo-6.png\",\"contentUrl\":\"https:\/\/pistonaddict.com\/wp-content\/uploads\/2022\/07\/logo-6.png\",\"width\":970,\"height\":200,\"caption\":\"Piston Addict\"},\"image\":{\"@id\":\"https:\/\/pistonaddict.com\/fr\/#\/schema\/logo\/image\/\"}}]}<\/script>\n<!-- \/ Yoast SEO plugin. -->","yoast_head_json":{"title":"Porsche Cayman S 3.4 325 CV aux ench\u00e8res - Piston Addict.","robots":{"index":"index","follow":"follow","max-snippet":"max-snippet:-1","max-image-preview":"max-image-preview:large","max-video-preview":"max-video-preview:-1"},"canonical":"https:\/\/pistonaddict.com\/fr\/product\/porsche-cayman-s-3-4-325-cv\/","og_locale":"fr_FR","og_type":"article","og_title":"Porsche Cayman S 3.4 325 CV aux ench\u00e8res - Piston Addict.","og_description":"En tant qu'entreprise ayant toujours cherch\u00e9 \u00e0 atteindre la perfection en mati\u00e8re de voitures de sport, Porsche a r\u00e9pondu aux critiques de la meilleure fa\u00e7on possible - en pr\u00e9sentant le mod\u00e8le d\u00e9di\u00e9 au conducteur qui est universellement aim\u00e9 et lou\u00e9. Lorsque le Cayman de premi\u00e8re g\u00e9n\u00e9ration a fait ses d\u00e9buts, il r\u00e9pondait \u00e0 toutes les attentes des passionn\u00e9s, avec 90 % des sensations de la Porsche 911 pour 60 % du prix. Le Cayman \u00e9tait une voiture plus l\u00e9g\u00e8re, plus pr\u00e9cise et plus engageante, tandis que sa version S \u00e9tait une voiture de sport parfaitement \u00e9quilibr\u00e9e. Voici un exemple particuli\u00e8rement int\u00e9ressant et en parfait \u00e9tat. Vous devez cr\u00e9er votre compte pour acc\u00e9der \u00e0 cette vente.","og_url":"https:\/\/pistonaddict.com\/fr\/product\/porsche-cayman-s-3-4-325-cv\/","og_site_name":"Piston Addict","article_modified_time":"2023-12-19T18:43:05+00:00","og_image":[{"width":1887,"height":781,"url":"https:\/\/pistonaddict.com\/wp-content\/uploads\/2023\/10\/CAYMAN-1.png","type":"image\/png"}],"twitter_card":"summary_large_image","twitter_misc":{"Dur\u00e9e de lecture estim\u00e9e":"3 minutes"},"schema":{"@context":"https:\/\/schema.org","@graph":[{"@type":"WebPage","@id":"https:\/\/pistonaddict.com\/fr\/product\/porsche-cayman-s-3-4-325-cv\/","url":"https:\/\/pistonaddict.com\/fr\/product\/porsche-cayman-s-3-4-325-cv\/","name":"Porsche Cayman S 3.4 325 CV aux ench\u00e8res - Piston Addict.","isPartOf":{"@id":"https:\/\/pistonaddict.com\/fr\/#website"},"primaryImageOfPage":{"@id":"https:\/\/pistonaddict.com\/fr\/product\/porsche-cayman-s-3-4-325-cv\/#primaryimage"},"image":{"@id":"https:\/\/pistonaddict.com\/fr\/product\/porsche-cayman-s-3-4-325-cv\/#primaryimage"},"thumbnailUrl":"https:\/\/pistonaddict.com\/wp-content\/uploads\/2023\/10\/CAYMAN-1.png","datePublished":"2023-10-13T07:36:04+00:00","dateModified":"2023-12-19T18:43:05+00:00","breadcrumb":{"@id":"https:\/\/pistonaddict.com\/fr\/product\/porsche-cayman-s-3-4-325-cv\/#breadcrumb"},"inLanguage":"fr-FR","potentialAction":[{"@type":"ReadAction","target":["https:\/\/pistonaddict.com\/fr\/product\/porsche-cayman-s-3-4-325-cv\/"]}]},{"@type":"ImageObject","inLanguage":"fr-FR","@id":"https:\/\/pistonaddict.com\/fr\/product\/porsche-cayman-s-3-4-325-cv\/#primaryimage","url":"https:\/\/pistonaddict.com\/wp-content\/uploads\/2023\/10\/CAYMAN-1.png","contentUrl":"https:\/\/pistonaddict.com\/wp-content\/uploads\/2023\/10\/CAYMAN-1.png","width":1887,"height":781},{"@type":"BreadcrumbList","@id":"https:\/\/pistonaddict.com\/fr\/product\/porsche-cayman-s-3-4-325-cv\/#breadcrumb","itemListElement":[{"@type":"ListItem","position":1,"name":"Homepage","item":"https:\/\/pistonaddict.com\/fr\/page-daccueil\/"},{"@type":"ListItem","position":2,"name":"Auctions","item":"https:\/\/pistonaddict.com\/auctions-listing\/"},{"@type":"ListItem","position":3,"name":"Porsche Cayman S 3.4 325 CV"}]},{"@type":"WebSite","@id":"https:\/\/pistonaddict.com\/fr\/#website","url":"https:\/\/pistonaddict.com\/fr\/","name":"Piston Addict","description":"Only interesting vehicles","publisher":{"@id":"https:\/\/pistonaddict.com\/fr\/#organization"},"potentialAction":[{"@type":"SearchAction","target":{"@type":"EntryPoint","urlTemplate":"https:\/\/pistonaddict.com\/fr\/?s={search_term_string}"},"query-input":"required name=search_term_string"}],"inLanguage":"fr-FR"},{"@type":"Organization","@id":"https:\/\/pistonaddict.com\/fr\/#organization","name":"Piston Addict","url":"https:\/\/pistonaddict.com\/fr\/","logo":{"@type":"ImageObject","inLanguage":"fr-FR","@id":"https:\/\/pistonaddict.com\/fr\/#\/schema\/logo\/image\/","url":"https:\/\/pistonaddict.com\/wp-content\/uploads\/2022\/07\/logo-6.png","contentUrl":"https:\/\/pistonaddict.com\/wp-content\/uploads\/2022\/07\/logo-6.png","width":970,"height":200,"caption":"Piston Addict"},"image":{"@id":"https:\/\/pistonaddict.com\/fr\/#\/schema\/logo\/image\/"}}]}},"_links":{"self":[{"href":"https:\/\/pistonaddict.com\/fr\/wp-json\/wp\/v2\/product\/55258"}],"collection":[{"href":"https:\/\/pistonaddict.com\/fr\/wp-json\/wp\/v2\/product"}],"about":[{"href":"https:\/\/pistonaddict.com\/fr\/wp-json\/wp\/v2\/types\/product"}],"replies":[{"embeddable":true,"href":"https:\/\/pistonaddict.com\/fr\/wp-json\/wp\/v2\/comments?post=55258"}],"wp:featuredmedia":[{"embeddable":true,"href":"https:\/\/pistonaddict.com\/fr\/wp-json\/wp\/v2\/media\/55121"}],"wp:attachment":[{"href":"https:\/\/pistonaddict.com\/fr\/wp-json\/wp\/v2\/media?parent=55258"}],"wp:term":[{"taxonomy":"product_cat","embeddable":true,"href":"https:\/\/pistonaddict.com\/fr\/wp-json\/wp\/v2\/product_cat?post=55258"},{"taxonomy":"product_tag","embeddable":true,"href":"https:\/\/pistonaddict.com\/fr\/wp-json\/wp\/v2\/product_tag?post=55258"}],"curies":[{"name":"wp","href":"https:\/\/api.w.org\/{rel}","templated":true}]}}